{"id":11648,"date":"2017-12-19T10:57:01","date_gmt":"2017-12-19T10:57:01","guid":{"rendered":"https:\/\/www.endoca.com\/product\/lhuile-de-cannabis-1500-mg-cbd-cannabidiol-15\/"},"modified":"2022-04-21T21:21:41","modified_gmt":"2022-04-21T21:21:41","slug":"lhuile-de-cannabis-1500-mg","status":"publish","type":"product","link":"https:\/\/www.endoca.com\/fr\/product\/lhuile-de-cannabis-1500-mg","title":{"rendered":"L\u2019huile de CBD 1500 mg CBD (cannabidiol) (15%)"},"content":{"rendered":"<div id=\"pl-11648\"  class=\"panel-layout\" ><div id=\"pg-11648-0\"  class=\"panel-grid panel-no-style\" ><div id=\"pgc-11648-0-0\"  class=\"panel-grid-cell\" ><div id=\"panel-11648-0-0-0\" class=\"so-panel widget widget_mtt-product-text panel-first-child panel-last-child\" data-index=\"0\" ><div\n\t\t\t\n\t\t\tclass=\"so-widget-mtt-product-text so-widget-mtt-product-text-base\"\n\t\t\t\n\t\t><div class=\"product-text\">\n\t<div class=\"product-text-inner\">\n\t\t<div class=\"product-text-wrapper\">\n\t\t\t\t\t\t\t<h3>Composition<\/h3>\n\t\t\t\t\t\t<p><strong>1 bouteille contient 10 g d\u2019huile de cannabis de 15% (1500 mg) CBD<\/strong><\/p>\n<p>1 goutte contient 5 mg CBD (cannabidiol). Les extraits produits par Endoca sont ex\u00e9cut\u00e9s des chanvres cultiv\u00e9s en Union Europ\u00e9enne sans pesticides ni herbicides, pour recevoir les produits s\u00fbrs de haute qualit\u00e9.<\/p>\n<h2>Les gouttes de l\u2019huile de cannabis contiennent:<\/h2>\n<p>Phytocannabino\u00efds: essentiellement (CBD\/CBDa), elles contiennent aussi les composants \u00e0 basse concentration (CBC, CBG, CBN).<\/p>\n<p>Terp\u00e8nes dans l\u2019huile Endoca: Myrc\u00e8ne, Limon\u00e8ne, Alpha &amp; Beta-pin\u00e8ne, Linalool, B-caryophyll\u00e8ne, Oxyde de caryophyll\u00e8ne, Terpinol\u00e8ne et Humul\u00e8ne.<br \/>\nAutres mol\u00e9cules naturelles: Alcanes, Compos\u00e9s d\u2019azote, Aminoacides, Sucres, Alcools, C\u00e9tones, Flavono\u00efdes, Glycosides, Vitamines, Pigments, Eau, Huile de graines de cannabis, acides Om\u00e9ga 3&amp;6, Vitamine E.*CBD est un composant naturel de chanvre<\/p>\n<h3><strong>Utilisation:<\/strong><\/h3>\n<p>Produit alimentaire *Prot\u00e9ger du soleil, de la haute temp\u00e9rature et de l\u2019humidit\u00e9, apr\u00e8s fermeture garder dans le r\u00e9frig\u00e9rateur).* Secouer avant l\u2019usage.<\/p>\n\t\t<\/div>\n\t<\/div>\n<\/div><\/div><\/div><\/div><\/div><\/div>","protected":false},"excerpt":{"rendered":"<p>Composition 1 bouteille contient 10 g d\u2019huile de cannabis de 15% (1500 mg) CBD 1 goutte contient 5 mg CBD&#8230;<\/p>\n","protected":false},"featured_media":147330,"template":"","meta":{"_acf_changed":false},"product_brand":[],"product_cat":[126],"product_tag":[],"class_list":{"0":"post-11648","1":"product","2":"type-product","3":"status-publish","4":"has-post-thumbnail","6":"product_cat-cbd-oil","7":"","9":"first","10":"instock","11":"taxable","12":"shipping-taxable","13":"purchasable","14":"product-type-variable"},"acf":[],"yoast_head":"<title>L\u2019huile de chanvre CBD 1500 mg CBD (cannabidiol) (15%)<\/title>\n<meta name=\"description\" content=\"15% de CBD (1500 mg) est une huile de chanvre liquide tr\u00e8s concentr\u00e9e, cr\u00e9\u00e9e \u00e0 partir de C02, la m\u00e9thode la plus douce d&#039;extraction du chanvre brut.\" \/>\n<meta name=\"robots\" content=\"index, follow, max-snippet:-1, max-image-preview:large, max-video-preview:-1\" \/>\n<link rel=\"canonical\" href=\"https:\/\/www.endoca.com\/fr\/wp-json\/wp\/v2\/product\/11648\" \/>\n<meta property=\"og:locale\" content=\"fr_FR\" \/>\n<meta property=\"og:type\" content=\"article\" \/>\n<meta property=\"og:title\" content=\"L\u2019huile de chanvre CBD 1500 mg CBD (cannabidiol) (15%)\" \/>\n<meta property=\"og:description\" content=\"15% de CBD (1500 mg) est une huile de chanvre liquide tr\u00e8s concentr\u00e9e, cr\u00e9\u00e9e \u00e0 partir de C02, la m\u00e9thode la plus douce d&#039;extraction du chanvre brut.\" \/>\n<meta property=\"og:url\" content=\"https:\/\/www.endoca.com\/fr\/product\/lhuile-de-cannabis-1500-mg\" \/>\n<meta property=\"og:site_name\" content=\"Endoca\u00a9 CBD\" \/>\n<meta property=\"article:publisher\" content=\"https:\/\/www.facebook.com\/endoca\" \/>\n<meta property=\"article:modified_time\" content=\"2022-04-21T21:21:41+00:00\" \/>\n<meta property=\"og:image\" content=\"https:\/\/www.endoca.com\/wp-content\/uploads\/2017\/12\/15-drops1.jpg\" \/>\n\t<meta property=\"og:image:width\" content=\"1200\" \/>\n\t<meta property=\"og:image:height\" content=\"1200\" \/>\n\t<meta property=\"og:image:type\" content=\"image\/jpeg\" \/>\n<meta name=\"twitter:card\" content=\"summary_large_image\" \/>\n<meta name=\"twitter:site\" content=\"@Endocacbdoil\" \/>\n<meta name=\"twitter:label1\" content=\"Dur\u00e9e de lecture estim\u00e9e\" \/>\n\t<meta name=\"twitter:data1\" content=\"1 minute\" \/>","yoast_head_json":{"title":"L\u2019huile de chanvre CBD 1500 mg CBD (cannabidiol) (15%)","description":"15% de CBD (1500 mg) est une huile de chanvre liquide tr\u00e8s concentr\u00e9e, cr\u00e9\u00e9e \u00e0 partir de C02, la m\u00e9thode la plus douce d'extraction du chanvre brut.","robots":{"index":"index","follow":"follow","max-snippet":"max-snippet:-1","max-image-preview":"max-image-preview:large","max-video-preview":"max-video-preview:-1"},"canonical":"https:\/\/www.endoca.com\/fr\/wp-json\/wp\/v2\/product\/11648","og_locale":"fr_FR","og_type":"article","og_title":"L\u2019huile de chanvre CBD 1500 mg CBD (cannabidiol) (15%)","og_description":"15% de CBD (1500 mg) est une huile de chanvre liquide tr\u00e8s concentr\u00e9e, cr\u00e9\u00e9e \u00e0 partir de C02, la m\u00e9thode la plus douce d'extraction du chanvre brut.","og_url":"https:\/\/www.endoca.com\/fr\/product\/lhuile-de-cannabis-1500-mg","og_site_name":"Endoca\u00a9 CBD","article_publisher":"https:\/\/www.facebook.com\/endoca","article_modified_time":"2022-04-21T21:21:41+00:00","og_image":[{"width":1200,"height":1200,"url":"https:\/\/www.endoca.com\/wp-content\/uploads\/2017\/12\/15-drops1.jpg","type":"image\/jpeg"}],"twitter_card":"summary_large_image","twitter_site":"@Endocacbdoil","twitter_misc":{"Dur\u00e9e de lecture estim\u00e9e":"1 minute"},"schema":{"@context":"https:\/\/schema.org","@graph":[{"@type":"WebPage","@id":"https:\/\/www.endoca.com\/fr\/product\/lhuile-de-cannabis-1500-mg","url":"https:\/\/www.endoca.com\/fr\/product\/lhuile-de-cannabis-1500-mg","name":"L\u2019huile de chanvre CBD 1500 mg CBD (cannabidiol) (15%)","isPartOf":{"@id":"https:\/\/www.endoca.com\/#website"},"primaryImageOfPage":{"@id":"https:\/\/www.endoca.com\/fr\/product\/lhuile-de-cannabis-1500-mg#primaryimage"},"image":{"@id":"https:\/\/www.endoca.com\/fr\/product\/lhuile-de-cannabis-1500-mg#primaryimage"},"thumbnailUrl":"https:\/\/www.endoca.com\/wp-content\/uploads\/2017\/12\/15-drops1.jpg","datePublished":"2017-12-19T10:57:01+00:00","dateModified":"2022-04-21T21:21:41+00:00","description":"15% de CBD (1500 mg) est une huile de chanvre liquide tr\u00e8s concentr\u00e9e, cr\u00e9\u00e9e \u00e0 partir de C02, la m\u00e9thode la plus douce d'extraction du chanvre brut.","breadcrumb":{"@id":"https:\/\/www.endoca.com\/fr\/product\/lhuile-de-cannabis-1500-mg#breadcrumb"},"inLanguage":"fr-FR","potentialAction":[{"@type":"ReadAction","target":["https:\/\/www.endoca.com\/fr\/product\/lhuile-de-cannabis-1500-mg"]}]},{"@type":"ImageObject","inLanguage":"fr-FR","@id":"https:\/\/www.endoca.com\/fr\/product\/lhuile-de-cannabis-1500-mg#primaryimage","url":"https:\/\/www.endoca.com\/wp-content\/uploads\/2017\/12\/15-drops1.jpg","contentUrl":"https:\/\/www.endoca.com\/wp-content\/uploads\/2017\/12\/15-drops1.jpg","width":1200,"height":1200,"caption":"hemp cbd oil"},{"@type":"BreadcrumbList","@id":"https:\/\/www.endoca.com\/fr\/product\/lhuile-de-cannabis-1500-mg#breadcrumb","itemListElement":[{"@type":"ListItem","position":1,"name":"Home","item":"https:\/\/www.endoca.com\/fr"},{"@type":"ListItem","position":2,"name":"D\u00e9couvrez Endoca Produits CBD Premium","item":"https:\/\/www.endoca.com\/fr\/boutique"},{"@type":"ListItem","position":3,"name":"L\u2019huile de CBD 1500 mg CBD (cannabidiol) (15%)"}]},{"@type":"WebSite","@id":"https:\/\/www.endoca.com\/#website","url":"https:\/\/www.endoca.com\/","name":"Endoca\u00a9 CBD","description":"Best CBD Oil 100% organic","publisher":{"@id":"https:\/\/www.endoca.com\/#organization"},"potentialAction":[{"@type":"SearchAction","target":{"@type":"EntryPoint","urlTemplate":"https:\/\/www.endoca.com\/?s={search_term_string}"},"query-input":{"@type":"PropertyValueSpecification","valueRequired":true,"valueName":"search_term_string"}}],"inLanguage":"fr-FR"},{"@type":"Organization","@id":"https:\/\/www.endoca.com\/#organization","name":"Endoca","url":"https:\/\/www.endoca.com\/","logo":{"@type":"ImageObject","inLanguage":"fr-FR","@id":"https:\/\/www.endoca.com\/#\/schema\/logo\/image\/","url":"https:\/\/www.endoca.com\/wp-content\/uploads\/2018\/08\/endoca-logo.png","contentUrl":"https:\/\/www.endoca.com\/wp-content\/uploads\/2018\/08\/endoca-logo.png","width":150,"height":50,"caption":"Endoca"},"image":{"@id":"https:\/\/www.endoca.com\/#\/schema\/logo\/image\/"},"sameAs":["https:\/\/www.facebook.com\/endoca","https:\/\/x.com\/Endocacbdoil","https:\/\/www.instagram.com\/endoca\/","https:\/\/www.youtube.com\/channel\/UCNXwDCTBaa0WPEf1cOUHe9g"]}]}},"_links":{"self":[{"href":"https:\/\/www.endoca.com\/fr\/wp-json\/wp\/v2\/product\/11648","targetHints":{"allow":["GET"]}}],"collection":[{"href":"https:\/\/www.endoca.com\/fr\/wp-json\/wp\/v2\/product"}],"about":[{"href":"https:\/\/www.endoca.com\/fr\/wp-json\/wp\/v2\/types\/product"}],"wp:featuredmedia":[{"embeddable":true,"href":"https:\/\/www.endoca.com\/fr\/wp-json\/wp\/v2\/media\/147330"}],"wp:attachment":[{"href":"https:\/\/www.endoca.com\/fr\/wp-json\/wp\/v2\/media?parent=11648"}],"wp:term":[{"taxonomy":"product_brand","embeddable":true,"href":"https:\/\/www.endoca.com\/fr\/wp-json\/wp\/v2\/product_brand?post=11648"},{"taxonomy":"product_cat","embeddable":true,"href":"https:\/\/www.endoca.com\/fr\/wp-json\/wp\/v2\/product_cat?post=11648"},{"taxonomy":"product_tag","embeddable":true,"href":"https:\/\/www.endoca.com\/fr\/wp-json\/wp\/v2\/product_tag?post=11648"}],"curies":[{"name":"wp","href":"https:\/\/api.w.org\/{rel}","templated":true}]}}