{"id":11642,"date":"2017-12-19T10:57:02","date_gmt":"2017-12-19T10:57:02","guid":{"rendered":"https:\/\/www.endoca.com\/product\/capsules-dhuile-de-cannabis-total-300-mg-de-cbd\/"},"modified":"2021-10-19T07:47:52","modified_gmt":"2021-10-19T07:47:52","slug":"capsules-dhuile-de-cannabis-total-300-mg-de-cbd","status":"publish","type":"product","link":"https:\/\/www.endoca.com\/fr\/product\/capsules-dhuile-de-cannabis-total-300-mg-de-cbd","title":{"rendered":"Capsules d\u2019huile de CBD 300mg"},"content":{"rendered":"<div id=\"pl-11642\"  class=\"panel-layout\" ><div id=\"pg-11642-0\"  class=\"panel-grid panel-no-style\" ><div id=\"pgc-11642-0-0\"  class=\"panel-grid-cell\" ><div id=\"panel-11642-0-0-0\" class=\"so-panel widget widget_mtt-product-text panel-first-child panel-last-child\" data-index=\"0\" ><div\n\t\t\t\n\t\t\tclass=\"so-widget-mtt-product-text so-widget-mtt-product-text-base\"\n\t\t\t\n\t\t><div class=\"product-text\">\n\t<div class=\"product-text-inner\">\n\t\t<div class=\"product-text-wrapper\">\n\t\t\t\t\t\t\t<h3>Composition<\/h3>\n\t\t\t\t\t\t<h2>Chaque flacon contient 30 capsules pour un total de 300 mg de CBD.<\/h2>\n<p>Nos <strong>capsules de CBD<\/strong> sont des capsules en gel v\u00e9g\u00e9talien sans gluten et totalement kascher. De plus, elles tr\u00e8s facile \u00e0 avaler car elles sont \u00a0lisses et glissantes et car elles sont aussi inodores et sans go\u00fbt. Chaque capsule contient 10 mg de CBD.<\/p>\n<p>Les extraits produits par Endoca sont produits \u00e0 partir de plantes de cannabis cultiv\u00e9es dans l\u2019UE sans utiliser de pesticides et d\u2019herbicides. Notre culture biologique, et notre proc\u00e9d\u00e9 d\u2019extraction \u00e0 tr\u00e8s basse temp\u00e9rature et sous pression nous permettent de produire des super-aliments de la plus haute qualit\u00e9. Cette version contient du CBD.<\/p>\n<h2>Les gouttes d\u2019huiles de CBD Endoca contiennent:<\/h2>\n<div>Phytocannabino\u00efdes : CBD. Elles contiennent aussi des faibles concentrations de CBC, CBG, CBN.<\/div>\n<div>Terp\u00e8nes : myrc\u00e8ne, limon\u00e8ne, \u03b1-pin\u00e8ne et \u03b2-pin\u00e8ne, linalool, \u03b2-caryophyll\u00e8ne, oxyde de caryophyll\u00e8ne, terpin\u00e8ne et humul\u00e8ne.<\/div>\n<div>Autres mol\u00e9cules naturelles : alcanes, compos\u00e9s azot\u00e9s, acides amin\u00e9s, sucres, alcools, c\u00e9tones, flavono\u00efdes, glucosides, vitamines, pigments, eau et huile de graines de cannabis.<\/div>\n<div>*Le CBD est un composant naturel de la plante de cannabis.<\/div>\n<p><strong>Application:<\/strong><br \/>\nAliment<br \/>\n*Conserver loin de la lumi\u00e8re solaire, de la chaleur et de l\u2019humidit\u00e9 et r\u00e9frig\u00e9rer.<\/p>\n<p><strong>Utilisation recommand\u00e9e:<\/strong><br \/>\nUtilisez 3 fois par jour. Cette d\u00e9claration n\u2019a pas \u00e9t\u00e9 \u00e9valu\u00e9e par la FDA. Les femmes enceintes et allaitantes ne doivent pas utiliser ce produit. Les enfants de moins de 5 ans ne doivent pas consommer ce produit. Toujours consulter un m\u00e9decin avant de changer votre r\u00e9gime ou d\u2019utiliser un nouveau produit. Ce produit n\u2019est pas pr\u00e9vu pour diagnostiquer, traiter, gu\u00e9rir ou emp\u00eacher une maladie quelconque<\/p>\n\t\t<\/div>\n\t<\/div>\n<\/div><\/div><\/div><\/div><\/div><\/div>","protected":false},"excerpt":{"rendered":"<p>Composition Chaque flacon contient 30 capsules pour un total de 300 mg de CBD. Nos capsules de CBD sont des&#8230;<\/p>\n","protected":false},"featured_media":147556,"template":"","meta":{"_acf_changed":false},"product_brand":[],"product_cat":[127],"product_tag":[],"class_list":{"0":"post-11642","1":"product","2":"type-product","3":"status-publish","4":"has-post-thumbnail","6":"product_cat-cbd-capsules","7":"","9":"first","10":"instock","11":"taxable","12":"shipping-taxable","13":"purchasable","14":"product-type-variable"},"acf":[],"yoast_head":"<title>D\u00e9couvrez nos capsules d\u2019huile de chanvre CBD avec 300mg<\/title>\n<meta name=\"description\" content=\"Nos capsules CBD se pr\u00e9sentent sous la forme de g\u00e9lules v\u00e9gans. Elles sont sans gluten et casher. Les capsules sont \u00e0 100% d&#039;origine v\u00e9g\u00e9tale.\" \/>\n<meta name=\"robots\" content=\"index, follow, max-snippet:-1, max-image-preview:large, max-video-preview:-1\" \/>\n<link rel=\"canonical\" href=\"https:\/\/www.endoca.com\/fr\/wp-json\/wp\/v2\/product\/11642\" \/>\n<meta property=\"og:locale\" content=\"fr_FR\" \/>\n<meta property=\"og:type\" content=\"article\" \/>\n<meta property=\"og:title\" content=\"D\u00e9couvrez nos capsules d\u2019huile de chanvre CBD avec 300mg\" \/>\n<meta property=\"og:description\" content=\"Nos capsules CBD se pr\u00e9sentent sous la forme de g\u00e9lules v\u00e9gans. Elles sont sans gluten et casher. Les capsules sont \u00e0 100% d&#039;origine v\u00e9g\u00e9tale.\" \/>\n<meta property=\"og:url\" content=\"https:\/\/www.endoca.com\/fr\/product\/capsules-dhuile-de-cannabis-total-300-mg-de-cbd\" \/>\n<meta property=\"og:site_name\" content=\"Endoca\u00a9 CBD\" \/>\n<meta property=\"article:publisher\" content=\"https:\/\/www.facebook.com\/endoca\" \/>\n<meta property=\"article:modified_time\" content=\"2021-10-19T07:47:52+00:00\" \/>\n<meta property=\"og:image\" content=\"https:\/\/www.endoca.com\/wp-content\/uploads\/2017\/12\/300-capsules-1.jpg\" \/>\n\t<meta property=\"og:image:width\" content=\"1200\" \/>\n\t<meta property=\"og:image:height\" content=\"1200\" \/>\n\t<meta property=\"og:image:type\" content=\"image\/jpeg\" \/>\n<meta name=\"twitter:card\" content=\"summary_large_image\" \/>\n<meta name=\"twitter:site\" content=\"@Endocacbdoil\" \/>\n<meta name=\"twitter:label1\" content=\"Dur\u00e9e de lecture estim\u00e9e\" \/>\n\t<meta name=\"twitter:data1\" content=\"1 minute\" \/>","yoast_head_json":{"title":"D\u00e9couvrez nos capsules d\u2019huile de chanvre CBD avec 300mg","description":"Nos capsules CBD se pr\u00e9sentent sous la forme de g\u00e9lules v\u00e9gans. Elles sont sans gluten et casher. Les capsules sont \u00e0 100% d'origine v\u00e9g\u00e9tale.","robots":{"index":"index","follow":"follow","max-snippet":"max-snippet:-1","max-image-preview":"max-image-preview:large","max-video-preview":"max-video-preview:-1"},"canonical":"https:\/\/www.endoca.com\/fr\/wp-json\/wp\/v2\/product\/11642","og_locale":"fr_FR","og_type":"article","og_title":"D\u00e9couvrez nos capsules d\u2019huile de chanvre CBD avec 300mg","og_description":"Nos capsules CBD se pr\u00e9sentent sous la forme de g\u00e9lules v\u00e9gans. Elles sont sans gluten et casher. Les capsules sont \u00e0 100% d'origine v\u00e9g\u00e9tale.","og_url":"https:\/\/www.endoca.com\/fr\/product\/capsules-dhuile-de-cannabis-total-300-mg-de-cbd","og_site_name":"Endoca\u00a9 CBD","article_publisher":"https:\/\/www.facebook.com\/endoca","article_modified_time":"2021-10-19T07:47:52+00:00","og_image":[{"width":1200,"height":1200,"url":"https:\/\/www.endoca.com\/wp-content\/uploads\/2017\/12\/300-capsules-1.jpg","type":"image\/jpeg"}],"twitter_card":"summary_large_image","twitter_site":"@Endocacbdoil","twitter_misc":{"Dur\u00e9e de lecture estim\u00e9e":"1 minute"},"schema":{"@context":"https:\/\/schema.org","@graph":[{"@type":"WebPage","@id":"https:\/\/www.endoca.com\/fr\/product\/capsules-dhuile-de-cannabis-total-300-mg-de-cbd","url":"https:\/\/www.endoca.com\/fr\/product\/capsules-dhuile-de-cannabis-total-300-mg-de-cbd","name":"D\u00e9couvrez nos capsules d\u2019huile de chanvre CBD avec 300mg","isPartOf":{"@id":"https:\/\/www.endoca.com\/#website"},"primaryImageOfPage":{"@id":"https:\/\/www.endoca.com\/fr\/product\/capsules-dhuile-de-cannabis-total-300-mg-de-cbd#primaryimage"},"image":{"@id":"https:\/\/www.endoca.com\/fr\/product\/capsules-dhuile-de-cannabis-total-300-mg-de-cbd#primaryimage"},"thumbnailUrl":"https:\/\/www.endoca.com\/wp-content\/uploads\/2017\/12\/300-capsules-1.jpg","datePublished":"2017-12-19T10:57:02+00:00","dateModified":"2021-10-19T07:47:52+00:00","description":"Nos capsules CBD se pr\u00e9sentent sous la forme de g\u00e9lules v\u00e9gans. Elles sont sans gluten et casher. Les capsules sont \u00e0 100% d'origine v\u00e9g\u00e9tale.","breadcrumb":{"@id":"https:\/\/www.endoca.com\/fr\/product\/capsules-dhuile-de-cannabis-total-300-mg-de-cbd#breadcrumb"},"inLanguage":"fr-FR","potentialAction":[{"@type":"ReadAction","target":["https:\/\/www.endoca.com\/fr\/product\/capsules-dhuile-de-cannabis-total-300-mg-de-cbd"]}]},{"@type":"ImageObject","inLanguage":"fr-FR","@id":"https:\/\/www.endoca.com\/fr\/product\/capsules-dhuile-de-cannabis-total-300-mg-de-cbd#primaryimage","url":"https:\/\/www.endoca.com\/wp-content\/uploads\/2017\/12\/300-capsules-1.jpg","contentUrl":"https:\/\/www.endoca.com\/wp-content\/uploads\/2017\/12\/300-capsules-1.jpg","width":1200,"height":1200,"caption":"hemp extract capsules"},{"@type":"BreadcrumbList","@id":"https:\/\/www.endoca.com\/fr\/product\/capsules-dhuile-de-cannabis-total-300-mg-de-cbd#breadcrumb","itemListElement":[{"@type":"ListItem","position":1,"name":"Home","item":"https:\/\/www.endoca.com\/fr"},{"@type":"ListItem","position":2,"name":"D\u00e9couvrez Endoca Produits CBD Premium","item":"https:\/\/www.endoca.com\/fr\/boutique"},{"@type":"ListItem","position":3,"name":"Capsules d\u2019huile de CBD 300mg"}]},{"@type":"WebSite","@id":"https:\/\/www.endoca.com\/#website","url":"https:\/\/www.endoca.com\/","name":"Endoca\u00a9 CBD","description":"Best CBD Oil 100% organic","publisher":{"@id":"https:\/\/www.endoca.com\/#organization"},"potentialAction":[{"@type":"SearchAction","target":{"@type":"EntryPoint","urlTemplate":"https:\/\/www.endoca.com\/?s={search_term_string}"},"query-input":{"@type":"PropertyValueSpecification","valueRequired":true,"valueName":"search_term_string"}}],"inLanguage":"fr-FR"},{"@type":"Organization","@id":"https:\/\/www.endoca.com\/#organization","name":"Endoca","url":"https:\/\/www.endoca.com\/","logo":{"@type":"ImageObject","inLanguage":"fr-FR","@id":"https:\/\/www.endoca.com\/#\/schema\/logo\/image\/","url":"https:\/\/www.endoca.com\/wp-content\/uploads\/2018\/08\/endoca-logo.png","contentUrl":"https:\/\/www.endoca.com\/wp-content\/uploads\/2018\/08\/endoca-logo.png","width":150,"height":50,"caption":"Endoca"},"image":{"@id":"https:\/\/www.endoca.com\/#\/schema\/logo\/image\/"},"sameAs":["https:\/\/www.facebook.com\/endoca","https:\/\/x.com\/Endocacbdoil","https:\/\/www.instagram.com\/endoca\/","https:\/\/www.youtube.com\/channel\/UCNXwDCTBaa0WPEf1cOUHe9g"]}]}},"_links":{"self":[{"href":"https:\/\/www.endoca.com\/fr\/wp-json\/wp\/v2\/product\/11642","targetHints":{"allow":["GET"]}}],"collection":[{"href":"https:\/\/www.endoca.com\/fr\/wp-json\/wp\/v2\/product"}],"about":[{"href":"https:\/\/www.endoca.com\/fr\/wp-json\/wp\/v2\/types\/product"}],"wp:featuredmedia":[{"embeddable":true,"href":"https:\/\/www.endoca.com\/fr\/wp-json\/wp\/v2\/media\/147556"}],"wp:attachment":[{"href":"https:\/\/www.endoca.com\/fr\/wp-json\/wp\/v2\/media?parent=11642"}],"wp:term":[{"taxonomy":"product_brand","embeddable":true,"href":"https:\/\/www.endoca.com\/fr\/wp-json\/wp\/v2\/product_brand?post=11642"},{"taxonomy":"product_cat","embeddable":true,"href":"https:\/\/www.endoca.com\/fr\/wp-json\/wp\/v2\/product_cat?post=11642"},{"taxonomy":"product_tag","embeddable":true,"href":"https:\/\/www.endoca.com\/fr\/wp-json\/wp\/v2\/product_tag?post=11642"}],"curies":[{"name":"wp","href":"https:\/\/api.w.org\/{rel}","templated":true}]}}