{"id":11640,"date":"2017-12-19T10:57:02","date_gmt":"2017-12-19T10:57:02","guid":{"rendered":"https:\/\/www.endoca.com\/product\/capsules-de-cannabis-crue-1500-mg-cbdcbda\/"},"modified":"2021-12-07T17:05:05","modified_gmt":"2021-12-07T17:05:05","slug":"capsules-de-cannabis-crue-1500-mg","status":"publish","type":"product","link":"https:\/\/www.endoca.com\/fr\/product\/capsules-de-cannabis-crue-1500-mg","title":{"rendered":"Capsules d\u2019huile de cannabis: 1500 mg CBD"},"content":{"rendered":"<div id=\"pl-11640\"  class=\"panel-layout\" ><div id=\"pg-11640-0\"  class=\"panel-grid panel-no-style\" ><div id=\"pgc-11640-0-0\"  class=\"panel-grid-cell\" ><div id=\"panel-11640-0-0-0\" class=\"so-panel widget widget_mtt-product-text panel-first-child panel-last-child\" data-index=\"0\" ><div\n\t\t\t\n\t\t\tclass=\"so-widget-mtt-product-text so-widget-mtt-product-text-base\"\n\t\t\t\n\t\t><div class=\"product-text\">\n\t<div class=\"product-text-inner\">\n\t\t<div class=\"product-text-wrapper\">\n\t\t\t\t\t\t\t<h3>Composition<\/h3>\n\t\t\t\t\t\t<p><strong>1 bouteille contient 30 pi\u00e8ces de capsules d\u2019huile de cannabis crue au total 1500 mg CBD.<\/strong><\/p>\n<p>1 capsule contient 50 mg CBD. Les capsules de gel v\u00e9g\u00e9taliennes, sans glut\u00e8ne, caschers. Tr\u00e8s faciles \u00e0 utiliser vu le fait que la capsule est lisse, sans odeur, sans go\u00fbt et facile \u00e0 avaler.<\/p>\n<p>Les extraits produits par Endoca sont ex\u00e9cut\u00e9s des chanvres cultiv\u00e9s en Union Europ\u00e9enne sans pesticides ni herbicides, pour recevoir les produits s\u00fbrs de haute qualit\u00e9. L\u2019huile organique crue de cannabis est produite dans une temp\u00e9rature tr\u00e8s basse et sous une haute pression. En fait ces \u00ab jus \u00bb de plantes de chanvre constituent un suppl\u00e9ment concentr\u00e9 d\u2019une nourriture saine. L\u2019huile poss\u00e8de des propri\u00e9t\u00e9s uniques parce qu\u2019elle contient CBD (cannabidiol) en forme d\u2019un acide carboxilique, connue aussi comme CBDa, nomm\u00e9 aussi l\u2019Acide de cannabidiol.<\/p>\n<p><strong>Les capsules Endoca CBD contiennent:<\/strong><\/p>\n<p>Les capsules Endoca CBD contiennent:<br \/>\nPhytocannabino\u00efds: 10-14% &amp; CBD (Cannabiol): 1-5%<br \/>\nIl existe des \u00e9carts dans les pourcentages parce que nous ne r\u00e9chauffons pas d\u2019huile dans le but de recevoir un pourcentage stable de CBD. Au lieu de cela nous laissons l\u2019huile apr\u00e8s l\u2019extraction en sa forme naturelle. Elle contient aussi les composants en faible concentration (CBC, CBG, CBN).<br \/>\nTerp\u00e8nes dans l\u2019huile Endoca: Myrc\u00e8ne, Limon\u00e8ne, Alpha &amp; Beta-pin\u00e8ne, Linalool, B-caryophyll\u00e8ne, Oxyde de caryophyll\u00e8ne, Terpinol\u00e8ne et Humul\u00e8ne.<br \/>\nAutres mol\u00e9cules naturelles: Chlorophylle, Alcanes, Compos\u00e9s d\u2019azote, Aminoacides, Sucres, Alcools, C\u00e9tones, Flavono\u00efdes, Glycosides, Vitamines, Pigments, Eau, Huile de graines de cannabis.*CBD est un composant naturel de chanvre<\/p>\n<p><strong>Utilisation:<\/strong><\/p>\n<p>Produit alimentaire *Prot\u00e9ger du soleil, de la haute temp\u00e9rature et de l\u2019humidit\u00e9, apr\u00e8s fermeture garder dans le r\u00e9frig\u00e9rateur.<\/p>\n<p><strong>Utilisation recommand\u00e9e:<\/strong><br \/>\nAppliquez deux fois par jour 1 capsule. Cette d\u00e9claration n\u2019a pas \u00e9t\u00e9 \u00e9valu\u00e9e par l\u2019Agence am\u00e9ricaine des produits alimentaires et m\u00e9dicamenteux (FDA).<br \/>\nNe pas utiliser pendant la grossesse et la lactation. Avant de modifier votre r\u00e9gime ou avant de commencer l\u2019utilisation d\u2019un nouveau produit, consultez toujours votre m\u00e9decin.<br \/>\nLe produit n\u2019est pas destin\u00e9 \u00e0 diagnostiquer, soigner ni traiter ou pr\u00e9venir les maladies.<\/p>\n\t\t<\/div>\n\t<\/div>\n<\/div><\/div><\/div><\/div><\/div><div id=\"pg-11640-1\"  class=\"panel-grid panel-no-style\" ><div id=\"pgc-11640-1-0\"  class=\"panel-grid-cell\" ><div id=\"panel-11640-1-0-0\" class=\"so-panel widget widget_mtt-product-image-text panel-first-child panel-last-child\" data-index=\"1\" ><div\n\t\t\t\n\t\t\tclass=\"so-widget-mtt-product-image-text so-widget-mtt-product-image-text-base\"\n\t\t\t\n\t\t><div class=\"product-image-text\">\n\t<div class=\"product-image-text-inner object-fit\">\n\t\t<img loading=\"lazy\" decoding=\"async\" width=\"1900\" height=\"1221\" src=\"https:\/\/www.endoca.com\/wp-content\/uploads\/2017\/12\/endoca-cbd-benefit-1.jpg\" class=\"attachment-full size-full\" alt=\"girl in the air\" srcset=\"https:\/\/www.endoca.com\/wp-content\/uploads\/2017\/12\/endoca-cbd-benefit-1.jpg 1900w, https:\/\/www.endoca.com\/wp-content\/uploads\/2017\/12\/endoca-cbd-benefit-1-1200x771.jpg 1200w, https:\/\/www.endoca.com\/wp-content\/uploads\/2017\/12\/endoca-cbd-benefit-1-1800x1157.jpg 1800w\" sizes=\"auto, (max-width: 1900px) 100vw, 1900px\" \/>\n\t\t<div class=\"image-textbox-wrapper reverse\">\n\t\t\t<div class=\"image-textbox-content\" style=\"color: #FFF\">\n\t\t\t\t<h2 style=\"color: #FFF\">PERCER LES SECRETS DE LA NATURE<\/h2>\t\t\t\t<p>Nos capsules d'huile de chanvre sont v\u00e9g\u00e9taliennes, ce qui signifie qu'elles sont fabriqu\u00e9es \u00e0 partir d'ingr\u00e9dients v\u00e9g\u00e9taux purs, sans sous-produits animaux, et sont \u00e9galement compl\u00e8tement casher. En outre, elles sont exemptes de conservateurs, de couleurs artificielles, d'amidon, de sucre, de ma\u00efs, de bl\u00e9 ou de produits laitiers.<\/p>\n<p>Regardez \u00e0 l'int\u00e9rieur de chaque capsule et vous trouverez de l'huile de CBD pure. De plus, nous n'utilisons pas de chaleur, mais seulement le CO2 de l'air que vous respirez pour produire un extrait de plante enti\u00e8re, pur et plein de bienfaits du chanvre.<\/p>\n<p>1 Capsule contient 50mg CBD. Capsules de gel v\u00e9g\u00e9taliennes, sans gluten, casher. Facilit\u00e9 d'utilisation gr\u00e2ce au fait qu'elle est lisse, glissante, inodore, sans go\u00fbt, facile \u00e0 avaler.<\/p>\n<p>Les extraits produits par Endoca sont fabriqu\u00e9s \u00e0 partir de plantes de chanvre qui poussent dans l'UE sans utiliser de pesticides ni d'herbicides, afin d'obtenir des produits s\u00fbrs et de haute qualit\u00e9.<\/p>\n\t\t\t<\/div>\n\t\t<\/div>\n\n\t<\/div>\n<\/div><\/div><\/div><\/div><\/div><div id=\"pg-11640-2\"  class=\"panel-grid panel-no-style\" ><div id=\"pgc-11640-2-0\"  class=\"panel-grid-cell\" ><div id=\"panel-11640-2-0-0\" class=\"so-panel widget widget_media_image panel-first-child panel-last-child\" data-index=\"2\" ><div class=\"panel-widget-style panel-widget-style-for-11640-2-0-0\" ><img loading=\"lazy\" decoding=\"async\" width=\"1899\" height=\"1066\" src=\"https:\/\/www.endoca.com\/wp-content\/uploads\/2018\/01\/191008-look-inside-raw-hemp-capsules-infographic.png\" class=\"image wp-image-164307  attachment-full size-full\" alt=\"hemp oil capsules formation\" style=\"max-width: 100%; height: auto;\" srcset=\"https:\/\/www.endoca.com\/wp-content\/uploads\/2018\/01\/191008-look-inside-raw-hemp-capsules-infographic.png 1899w, https:\/\/www.endoca.com\/wp-content\/uploads\/2018\/01\/191008-look-inside-raw-hemp-capsules-infographic-1200x674.png 1200w, https:\/\/www.endoca.com\/wp-content\/uploads\/2018\/01\/191008-look-inside-raw-hemp-capsules-infographic-300x168.png 300w, https:\/\/www.endoca.com\/wp-content\/uploads\/2018\/01\/191008-look-inside-raw-hemp-capsules-infographic-1024x575.png 1024w\" sizes=\"auto, (max-width: 1899px) 100vw, 1899px\" \/><\/div><\/div><\/div><\/div><div id=\"pg-11640-3\"  class=\"panel-grid panel-no-style\" ><div id=\"pgc-11640-3-0\"  class=\"panel-grid-cell\" ><div id=\"panel-11640-3-0-0\" class=\"so-panel widget widget_mtt-product-image-text panel-first-child panel-last-child\" data-index=\"3\" ><div\n\t\t\t\n\t\t\tclass=\"so-widget-mtt-product-image-text so-widget-mtt-product-image-text-base\"\n\t\t\t\n\t\t><div class=\"product-image-text\">\n\t<div class=\"product-image-text-inner object-fit\">\n\t\t<img loading=\"lazy\" decoding=\"async\" width=\"1900\" height=\"1216\" src=\"https:\/\/www.endoca.com\/wp-content\/uploads\/2017\/12\/endoca-cbd-benefit-4-1.jpg\" class=\"attachment-full size-full\" alt=\"endoca cbd benefits laboratory\" srcset=\"https:\/\/www.endoca.com\/wp-content\/uploads\/2017\/12\/endoca-cbd-benefit-4-1.jpg 1900w, https:\/\/www.endoca.com\/wp-content\/uploads\/2017\/12\/endoca-cbd-benefit-4-1-1200x768.jpg 1200w, https:\/\/www.endoca.com\/wp-content\/uploads\/2017\/12\/endoca-cbd-benefit-4-1-300x192.jpg 300w, https:\/\/www.endoca.com\/wp-content\/uploads\/2017\/12\/endoca-cbd-benefit-4-1-1024x655.jpg 1024w\" sizes=\"auto, (max-width: 1900px) 100vw, 1900px\" \/>\n\t\t<div class=\"image-textbox-wrapper\">\n\t\t\t<div class=\"image-textbox-content\" style=\"color: #FFF\">\n\t\t\t\t<h2 style=\"color: #FFF\">LE CONTR\u00d4LE PHARMACEUTIQUE PERMET D'OBTENIR DES EXTRAITS STANDARDIS\u00c9S<\/h2>\t\t\t\t<p>Endoca s'efforce constamment de garantir \u00e0 ses clients qu'ils obtiennent exactement ce qu'ils voient sur l'\u00e9tiquette. Pour ce faire, nous utilisons des tests rigoureux en laboratoire et un contr\u00f4le strict des normes pharmaceutiques qui garantit une puissance et une puret\u00e9 constantes.<\/p>\n<p>Notre \u00e9quipe de scientifiques, d'herboristes et de nutritionnistes exp\u00e9riment\u00e9s travaille dur pour produire nos extraits biologiques selon les normes les plus \u00e9lev\u00e9es de bonnes pratiques de fabrication.<\/p>\n\t\t\t<\/div>\n\t\t<\/div>\n\n\t<\/div>\n<\/div><\/div><\/div><\/div><\/div><\/div>","protected":false},"excerpt":{"rendered":"<p>Composition 1 bouteille contient 30 pi\u00e8ces de capsules d\u2019huile de cannabis crue au total 1500 mg CBD. 1 capsule contient&#8230;<\/p>\n","protected":false},"featured_media":147885,"template":"","meta":{"_acf_changed":false},"product_brand":[],"product_cat":[140],"product_tag":[],"class_list":{"0":"post-11640","1":"product","2":"type-product","3":"status-publish","4":"has-post-thumbnail","6":"product_cat-capsules-cbd","7":"","9":"first","10":"instock","11":"taxable","12":"shipping-taxable","13":"purchasable","14":"product-type-simple"},"acf":[],"yoast_head":"<title>D\u00e9couvrez nos Capsules d\u2019huile de cannabis: 1500mg CBD<\/title>\n<meta name=\"description\" content=\"Nos capsules d\u2019huile de chanvre CBD sont v\u00e9gans, fabriqu\u00e9es \u00e0 partir d\u2019ingr\u00e9dients v\u00e9g\u00e9taux purs, sans aucun sous-produit animal, et sont donc cashers.\" \/>\n<meta name=\"robots\" content=\"index, follow, max-snippet:-1, max-image-preview:large, max-video-preview:-1\" \/>\n<link rel=\"canonical\" href=\"https:\/\/www.endoca.com\/fr\/wp-json\/wp\/v2\/product\/11640\" \/>\n<meta property=\"og:locale\" content=\"fr_FR\" \/>\n<meta property=\"og:type\" content=\"article\" \/>\n<meta property=\"og:title\" content=\"D\u00e9couvrez nos Capsules d\u2019huile de cannabis: 1500mg CBD\" \/>\n<meta property=\"og:description\" content=\"Nos capsules d\u2019huile de chanvre CBD sont v\u00e9gans, fabriqu\u00e9es \u00e0 partir d\u2019ingr\u00e9dients v\u00e9g\u00e9taux purs, sans aucun sous-produit animal, et sont donc cashers.\" \/>\n<meta property=\"og:url\" content=\"https:\/\/www.endoca.com\/fr\/product\/capsules-de-cannabis-crue-1500-mg\" \/>\n<meta property=\"og:site_name\" content=\"Endoca\u00a9 CBD\" \/>\n<meta property=\"article:publisher\" content=\"https:\/\/www.facebook.com\/endoca\" \/>\n<meta property=\"article:modified_time\" content=\"2021-12-07T17:05:05+00:00\" \/>\n<meta property=\"og:image\" content=\"https:\/\/www.endoca.com\/wp-content\/uploads\/2017\/12\/150-capsules1.jpg\" \/>\n\t<meta property=\"og:image:width\" content=\"1200\" \/>\n\t<meta property=\"og:image:height\" content=\"1200\" \/>\n\t<meta property=\"og:image:type\" content=\"image\/jpeg\" \/>\n<meta name=\"twitter:card\" content=\"summary_large_image\" \/>\n<meta name=\"twitter:site\" content=\"@Endocacbdoil\" \/>\n<meta name=\"twitter:label1\" content=\"Dur\u00e9e de lecture estim\u00e9e\" \/>\n\t<meta name=\"twitter:data1\" content=\"1 minute\" \/>","yoast_head_json":{"title":"D\u00e9couvrez nos Capsules d\u2019huile de cannabis: 1500mg CBD","description":"Nos capsules d\u2019huile de chanvre CBD sont v\u00e9gans, fabriqu\u00e9es \u00e0 partir d\u2019ingr\u00e9dients v\u00e9g\u00e9taux purs, sans aucun sous-produit animal, et sont donc cashers.","robots":{"index":"index","follow":"follow","max-snippet":"max-snippet:-1","max-image-preview":"max-image-preview:large","max-video-preview":"max-video-preview:-1"},"canonical":"https:\/\/www.endoca.com\/fr\/wp-json\/wp\/v2\/product\/11640","og_locale":"fr_FR","og_type":"article","og_title":"D\u00e9couvrez nos Capsules d\u2019huile de cannabis: 1500mg CBD","og_description":"Nos capsules d\u2019huile de chanvre CBD sont v\u00e9gans, fabriqu\u00e9es \u00e0 partir d\u2019ingr\u00e9dients v\u00e9g\u00e9taux purs, sans aucun sous-produit animal, et sont donc cashers.","og_url":"https:\/\/www.endoca.com\/fr\/product\/capsules-de-cannabis-crue-1500-mg","og_site_name":"Endoca\u00a9 CBD","article_publisher":"https:\/\/www.facebook.com\/endoca","article_modified_time":"2021-12-07T17:05:05+00:00","og_image":[{"width":1200,"height":1200,"url":"https:\/\/www.endoca.com\/wp-content\/uploads\/2017\/12\/150-capsules1.jpg","type":"image\/jpeg"}],"twitter_card":"summary_large_image","twitter_site":"@Endocacbdoil","twitter_misc":{"Dur\u00e9e de lecture estim\u00e9e":"1 minute"},"schema":{"@context":"https:\/\/schema.org","@graph":[{"@type":"WebPage","@id":"https:\/\/www.endoca.com\/fr\/product\/capsules-de-cannabis-crue-1500-mg","url":"https:\/\/www.endoca.com\/fr\/product\/capsules-de-cannabis-crue-1500-mg","name":"D\u00e9couvrez nos Capsules d\u2019huile de cannabis: 1500mg CBD","isPartOf":{"@id":"https:\/\/www.endoca.com\/#website"},"primaryImageOfPage":{"@id":"https:\/\/www.endoca.com\/fr\/product\/capsules-de-cannabis-crue-1500-mg#primaryimage"},"image":{"@id":"https:\/\/www.endoca.com\/fr\/product\/capsules-de-cannabis-crue-1500-mg#primaryimage"},"thumbnailUrl":"https:\/\/www.endoca.com\/wp-content\/uploads\/2017\/12\/150-capsules1.jpg","datePublished":"2017-12-19T10:57:02+00:00","dateModified":"2021-12-07T17:05:05+00:00","description":"Nos capsules d\u2019huile de chanvre CBD sont v\u00e9gans, fabriqu\u00e9es \u00e0 partir d\u2019ingr\u00e9dients v\u00e9g\u00e9taux purs, sans aucun sous-produit animal, et sont donc cashers.","breadcrumb":{"@id":"https:\/\/www.endoca.com\/fr\/product\/capsules-de-cannabis-crue-1500-mg#breadcrumb"},"inLanguage":"fr-FR","potentialAction":[{"@type":"ReadAction","target":["https:\/\/www.endoca.com\/fr\/product\/capsules-de-cannabis-crue-1500-mg"]}]},{"@type":"ImageObject","inLanguage":"fr-FR","@id":"https:\/\/www.endoca.com\/fr\/product\/capsules-de-cannabis-crue-1500-mg#primaryimage","url":"https:\/\/www.endoca.com\/wp-content\/uploads\/2017\/12\/150-capsules1.jpg","contentUrl":"https:\/\/www.endoca.com\/wp-content\/uploads\/2017\/12\/150-capsules1.jpg","width":1200,"height":1200,"caption":"hemp oil capsules"},{"@type":"BreadcrumbList","@id":"https:\/\/www.endoca.com\/fr\/product\/capsules-de-cannabis-crue-1500-mg#breadcrumb","itemListElement":[{"@type":"ListItem","position":1,"name":"Home","item":"https:\/\/www.endoca.com\/fr"},{"@type":"ListItem","position":2,"name":"D\u00e9couvrez Endoca Produits CBD Premium","item":"https:\/\/www.endoca.com\/fr\/boutique"},{"@type":"ListItem","position":3,"name":"Capsules d\u2019huile de cannabis: 1500 mg CBD"}]},{"@type":"WebSite","@id":"https:\/\/www.endoca.com\/#website","url":"https:\/\/www.endoca.com\/","name":"Endoca\u00a9 CBD","description":"Best CBD Oil 100% organic","publisher":{"@id":"https:\/\/www.endoca.com\/#organization"},"potentialAction":[{"@type":"SearchAction","target":{"@type":"EntryPoint","urlTemplate":"https:\/\/www.endoca.com\/?s={search_term_string}"},"query-input":{"@type":"PropertyValueSpecification","valueRequired":true,"valueName":"search_term_string"}}],"inLanguage":"fr-FR"},{"@type":"Organization","@id":"https:\/\/www.endoca.com\/#organization","name":"Endoca","url":"https:\/\/www.endoca.com\/","logo":{"@type":"ImageObject","inLanguage":"fr-FR","@id":"https:\/\/www.endoca.com\/#\/schema\/logo\/image\/","url":"https:\/\/www.endoca.com\/wp-content\/uploads\/2018\/08\/endoca-logo.png","contentUrl":"https:\/\/www.endoca.com\/wp-content\/uploads\/2018\/08\/endoca-logo.png","width":150,"height":50,"caption":"Endoca"},"image":{"@id":"https:\/\/www.endoca.com\/#\/schema\/logo\/image\/"},"sameAs":["https:\/\/www.facebook.com\/endoca","https:\/\/x.com\/Endocacbdoil","https:\/\/www.instagram.com\/endoca\/","https:\/\/www.youtube.com\/channel\/UCNXwDCTBaa0WPEf1cOUHe9g"]}]}},"_links":{"self":[{"href":"https:\/\/www.endoca.com\/fr\/wp-json\/wp\/v2\/product\/11640","targetHints":{"allow":["GET"]}}],"collection":[{"href":"https:\/\/www.endoca.com\/fr\/wp-json\/wp\/v2\/product"}],"about":[{"href":"https:\/\/www.endoca.com\/fr\/wp-json\/wp\/v2\/types\/product"}],"wp:featuredmedia":[{"embeddable":true,"href":"https:\/\/www.endoca.com\/fr\/wp-json\/wp\/v2\/media\/147885"}],"wp:attachment":[{"href":"https:\/\/www.endoca.com\/fr\/wp-json\/wp\/v2\/media?parent=11640"}],"wp:term":[{"taxonomy":"product_brand","embeddable":true,"href":"https:\/\/www.endoca.com\/fr\/wp-json\/wp\/v2\/product_brand?post=11640"},{"taxonomy":"product_cat","embeddable":true,"href":"https:\/\/www.endoca.com\/fr\/wp-json\/wp\/v2\/product_cat?post=11640"},{"taxonomy":"product_tag","embeddable":true,"href":"https:\/\/www.endoca.com\/fr\/wp-json\/wp\/v2\/product_tag?post=11640"}],"curies":[{"name":"wp","href":"https:\/\/api.w.org\/{rel}","templated":true}]}}