{"id":11639,"date":"2017-12-19T10:57:03","date_gmt":"2017-12-19T10:57:03","guid":{"rendered":"https:\/\/www.endoca.com\/product\/capsules-de-lhuile-de-cannabis-crue-300-mg-cbdcbda\/"},"modified":"2021-10-19T07:21:25","modified_gmt":"2021-10-19T07:21:25","slug":"capsules-de-huile-de-cbd-crue-300-mg-sans-sous-produit-animal","status":"publish","type":"product","link":"https:\/\/www.endoca.com\/fr\/product\/capsules-de-huile-de-cbd-crue-300-mg-sans-sous-produit-animal","title":{"rendered":"Capsules de huile de CBD crue 300 mg CBD+CBDa"},"content":{"rendered":"<div id=\"pl-11639\"  class=\"panel-layout\" ><div id=\"pg-11639-0\"  class=\"panel-grid panel-no-style\" ><div id=\"pgc-11639-0-0\"  class=\"panel-grid-cell\" ><div id=\"panel-11639-0-0-0\" class=\"so-panel widget widget_mtt-product-text panel-first-child panel-last-child\" data-index=\"0\" ><div\n\t\t\t\n\t\t\tclass=\"so-widget-mtt-product-text so-widget-mtt-product-text-base\"\n\t\t\t\n\t\t><div class=\"product-text\">\n\t<div class=\"product-text-inner\">\n\t\t<div class=\"product-text-wrapper\">\n\t\t\t\t\t\t\t<h3>Composition<\/h3>\n\t\t\t\t\t\t<h2>1 bouteille contient 30 pi\u00e8ces de capsules d\u2019huile de cannabis crue au total 300 mg CBD+CBDa<\/h2>\n<p>1 capsule contient 10 mg CBD+CBDa. Les capsules de gel v\u00e9g\u00e9taliennes, sans glut\u00e8ne, caschers. Tr\u00e8s faciles \u00e0 utiliser vu le fait que la capsule est lisse, sans odeur, sans go\u00fbt et facile \u00e0 avaler.<\/p>\n<p>Les extraits produits par Endoca sont ex\u00e9cut\u00e9s des chanvres cultiv\u00e9s en Union Europ\u00e9enne sans pesticides ni herbicides, pour recevoir les produits s\u00fbrs de haute qualit\u00e9. L\u2019huile organique crue de cannabis est produite dans une temp\u00e9rature tr\u00e8s basse et sous une haute pression. En fait ces \u00ab jus \u00bb de plantes de chanvre constituent un suppl\u00e9ment concentr\u00e9 d\u2019une nourriture saine. L\u2019huile poss\u00e8de des propri\u00e9t\u00e9s uniques parce qu\u2019elle contient CBD (cannabidiol) en forme d\u2019un acide carboxilique, connue aussi comme CBDa, nomm\u00e9 aussi l\u2019acide de CBD.<\/p>\n<h2>Les capsules de l\u2019huile Endoca CBD contiennent:<\/h2>\n<ul>\n<li>Phytocannabino\u00efds: CBDa (Acide de cannabidiol): 1-2% &amp; CBD (Cannabiol): +-1%<\/li>\n<li>Il existe des \u00e9carts dans les pourcentages parce que nous ne r\u00e9chauffons pas d\u2019huile dans le but de recevoir un pourcentage stable de CBD. Au lieu de cela nous laissons l\u2019huile apr\u00e8s l\u2019extraction en sa forme naturelle. Elle contient aussi les composants en faible concentration (CBC, CBG, CBN).<\/li>\n<li>Terp\u00e8nes dans l\u2019huile Endoca: Myrc\u00e8ne, Limon\u00e8ne, Alpha &amp; Beta-pin\u00e8ne, Linalool, B-caryophyll\u00e8ne, Oxyde de caryophyll\u00e8ne, Terpinol\u00e8ne et Humul\u00e8ne.<\/li>\n<li>Autres mol\u00e9cules naturelles: Chlorophylle, Alcanes, Compos\u00e9s d\u2019azote, Aminoacides, Sucres, Alcools, C\u00e9tones, Flavono\u00efdes, Glycosides, Vitamines, Pigments, Eau, Huile de graines de cannabis.*CBD est un composant naturel de chanvre<\/li>\n<\/ul>\n<h3>Utilisation:<\/h3>\n<p>Produit alimentaire *Prot\u00e9ger du soleil, de la haute temp\u00e9rature et de l\u2019humidit\u00e9, apr\u00e8s fermeture garder dans le r\u00e9frig\u00e9rateur).<\/p>\n<h3>Utilisation recommand\u00e9e:<\/h3>\n<p>Beaucoup de personnes utilisent ce produit 3 fois par jour. Cette d\u00e9claration n\u2019a pas \u00e9t\u00e9 \u00e9valu\u00e9e par l\u2019Agence am\u00e9ricaine des produits alimentaires et m\u00e9dicamenteux (FDA).<br \/>\nNe pas utiliser pendant la grossesse et la lactation. Avant de modifier votre r\u00e9gime ou avant de commencer l\u2019utilisation d\u2019un nouveau produit, consultez toujours votre m\u00e9decin.<br \/>\nLe produit n\u2019est pas destin\u00e9 \u00e0 diagnostiquer, soigner ni traiter ou pr\u00e9venir les maladies.<\/p>\n\t\t<\/div>\n\t<\/div>\n<\/div><\/div><\/div><\/div><\/div><\/div>","protected":false},"excerpt":{"rendered":"<p>Composition 1 bouteille contient 30 pi\u00e8ces de capsules d\u2019huile de cannabis crue au total 300 mg CBD+CBDa 1 capsule contient&#8230;<\/p>\n","protected":false},"featured_media":257838,"template":"","meta":{"_acf_changed":false},"product_brand":[],"product_cat":[127],"product_tag":[],"class_list":{"0":"post-11639","1":"product","2":"type-product","3":"status-publish","4":"has-post-thumbnail","6":"product_cat-cbd-capsules","7":"","9":"first","10":"instock","11":"taxable","12":"shipping-taxable","13":"purchasable","14":"product-type-variable"},"acf":[],"yoast_head":"<title>Capsules de huile de CBD crue 300 mg CBD+CBDa - Endoca\u00a9 CBD<\/title>\n<meta name=\"description\" content=\"Les capsules ne contiennent aucun sous-produit animal, agent de conservation, colorant artificiel, amidon, sucre, ma\u00efs, bl\u00e9 ou produit laitier.\" \/>\n<meta name=\"robots\" content=\"index, follow, max-snippet:-1, max-image-preview:large, max-video-preview:-1\" \/>\n<link rel=\"canonical\" href=\"https:\/\/www.endoca.com\/fr\/wp-json\/wp\/v2\/product\/11639\" \/>\n<meta property=\"og:locale\" content=\"fr_FR\" \/>\n<meta property=\"og:type\" content=\"article\" \/>\n<meta property=\"og:title\" content=\"Capsules de huile de CBD crue 300 mg CBD+CBDa - Endoca\u00a9 CBD\" \/>\n<meta property=\"og:description\" content=\"Les capsules ne contiennent aucun sous-produit animal, agent de conservation, colorant artificiel, amidon, sucre, ma\u00efs, bl\u00e9 ou produit laitier.\" \/>\n<meta property=\"og:url\" content=\"https:\/\/www.endoca.com\/fr\/product\/capsules-de-huile-de-cbd-crue-300-mg-sans-sous-produit-animal\" \/>\n<meta property=\"og:site_name\" content=\"Endoca\u00a9 CBD\" \/>\n<meta property=\"article:publisher\" content=\"https:\/\/www.facebook.com\/endoca\" \/>\n<meta property=\"article:modified_time\" content=\"2021-10-19T07:21:25+00:00\" \/>\n<meta property=\"og:image\" content=\"https:\/\/www.endoca.com\/wp-content\/uploads\/2017\/12\/20-capsules-raw-1.jpeg\" \/>\n\t<meta property=\"og:image:width\" content=\"1200\" \/>\n\t<meta property=\"og:image:height\" content=\"1200\" \/>\n\t<meta property=\"og:image:type\" content=\"image\/jpeg\" \/>\n<meta name=\"twitter:card\" content=\"summary_large_image\" \/>\n<meta name=\"twitter:site\" content=\"@Endocacbdoil\" \/>\n<meta name=\"twitter:label1\" content=\"Dur\u00e9e de lecture estim\u00e9e\" \/>\n\t<meta name=\"twitter:data1\" content=\"1 minute\" \/>","yoast_head_json":{"title":"Capsules de huile de CBD crue 300 mg CBD+CBDa - Endoca\u00a9 CBD","description":"Les capsules ne contiennent aucun sous-produit animal, agent de conservation, colorant artificiel, amidon, sucre, ma\u00efs, bl\u00e9 ou produit laitier.","robots":{"index":"index","follow":"follow","max-snippet":"max-snippet:-1","max-image-preview":"max-image-preview:large","max-video-preview":"max-video-preview:-1"},"canonical":"https:\/\/www.endoca.com\/fr\/wp-json\/wp\/v2\/product\/11639","og_locale":"fr_FR","og_type":"article","og_title":"Capsules de huile de CBD crue 300 mg CBD+CBDa - Endoca\u00a9 CBD","og_description":"Les capsules ne contiennent aucun sous-produit animal, agent de conservation, colorant artificiel, amidon, sucre, ma\u00efs, bl\u00e9 ou produit laitier.","og_url":"https:\/\/www.endoca.com\/fr\/product\/capsules-de-huile-de-cbd-crue-300-mg-sans-sous-produit-animal","og_site_name":"Endoca\u00a9 CBD","article_publisher":"https:\/\/www.facebook.com\/endoca","article_modified_time":"2021-10-19T07:21:25+00:00","og_image":[{"width":1200,"height":1200,"url":"https:\/\/www.endoca.com\/wp-content\/uploads\/2017\/12\/20-capsules-raw-1.jpeg","type":"image\/jpeg"}],"twitter_card":"summary_large_image","twitter_site":"@Endocacbdoil","twitter_misc":{"Dur\u00e9e de lecture estim\u00e9e":"1 minute"},"schema":{"@context":"https:\/\/schema.org","@graph":[{"@type":"WebPage","@id":"https:\/\/www.endoca.com\/fr\/product\/capsules-de-huile-de-cbd-crue-300-mg-sans-sous-produit-animal","url":"https:\/\/www.endoca.com\/fr\/product\/capsules-de-huile-de-cbd-crue-300-mg-sans-sous-produit-animal","name":"Capsules de huile de CBD crue 300 mg CBD+CBDa - Endoca\u00a9 CBD","isPartOf":{"@id":"https:\/\/www.endoca.com\/#website"},"primaryImageOfPage":{"@id":"https:\/\/www.endoca.com\/fr\/product\/capsules-de-huile-de-cbd-crue-300-mg-sans-sous-produit-animal#primaryimage"},"image":{"@id":"https:\/\/www.endoca.com\/fr\/product\/capsules-de-huile-de-cbd-crue-300-mg-sans-sous-produit-animal#primaryimage"},"thumbnailUrl":"https:\/\/www.endoca.com\/wp-content\/uploads\/2017\/12\/20-capsules-raw-1.jpeg","datePublished":"2017-12-19T10:57:03+00:00","dateModified":"2021-10-19T07:21:25+00:00","description":"Les capsules ne contiennent aucun sous-produit animal, agent de conservation, colorant artificiel, amidon, sucre, ma\u00efs, bl\u00e9 ou produit laitier.","breadcrumb":{"@id":"https:\/\/www.endoca.com\/fr\/product\/capsules-de-huile-de-cbd-crue-300-mg-sans-sous-produit-animal#breadcrumb"},"inLanguage":"fr-FR","potentialAction":[{"@type":"ReadAction","target":["https:\/\/www.endoca.com\/fr\/product\/capsules-de-huile-de-cbd-crue-300-mg-sans-sous-produit-animal"]}]},{"@type":"ImageObject","inLanguage":"fr-FR","@id":"https:\/\/www.endoca.com\/fr\/product\/capsules-de-huile-de-cbd-crue-300-mg-sans-sous-produit-animal#primaryimage","url":"https:\/\/www.endoca.com\/wp-content\/uploads\/2017\/12\/20-capsules-raw-1.jpeg","contentUrl":"https:\/\/www.endoca.com\/wp-content\/uploads\/2017\/12\/20-capsules-raw-1.jpeg","width":1200,"height":1200,"caption":"hemp oil capsules"},{"@type":"BreadcrumbList","@id":"https:\/\/www.endoca.com\/fr\/product\/capsules-de-huile-de-cbd-crue-300-mg-sans-sous-produit-animal#breadcrumb","itemListElement":[{"@type":"ListItem","position":1,"name":"Home","item":"https:\/\/www.endoca.com\/fr"},{"@type":"ListItem","position":2,"name":"D\u00e9couvrez Endoca Produits CBD Premium","item":"https:\/\/www.endoca.com\/fr\/boutique"},{"@type":"ListItem","position":3,"name":"Capsules de huile de CBD crue 300 mg CBD+CBDa"}]},{"@type":"WebSite","@id":"https:\/\/www.endoca.com\/#website","url":"https:\/\/www.endoca.com\/","name":"Endoca\u00a9 CBD","description":"Best CBD Oil 100% organic","publisher":{"@id":"https:\/\/www.endoca.com\/#organization"},"potentialAction":[{"@type":"SearchAction","target":{"@type":"EntryPoint","urlTemplate":"https:\/\/www.endoca.com\/?s={search_term_string}"},"query-input":{"@type":"PropertyValueSpecification","valueRequired":true,"valueName":"search_term_string"}}],"inLanguage":"fr-FR"},{"@type":"Organization","@id":"https:\/\/www.endoca.com\/#organization","name":"Endoca","url":"https:\/\/www.endoca.com\/","logo":{"@type":"ImageObject","inLanguage":"fr-FR","@id":"https:\/\/www.endoca.com\/#\/schema\/logo\/image\/","url":"https:\/\/www.endoca.com\/wp-content\/uploads\/2018\/08\/endoca-logo.png","contentUrl":"https:\/\/www.endoca.com\/wp-content\/uploads\/2018\/08\/endoca-logo.png","width":150,"height":50,"caption":"Endoca"},"image":{"@id":"https:\/\/www.endoca.com\/#\/schema\/logo\/image\/"},"sameAs":["https:\/\/www.facebook.com\/endoca","https:\/\/x.com\/Endocacbdoil","https:\/\/www.instagram.com\/endoca\/","https:\/\/www.youtube.com\/channel\/UCNXwDCTBaa0WPEf1cOUHe9g"]}]}},"_links":{"self":[{"href":"https:\/\/www.endoca.com\/fr\/wp-json\/wp\/v2\/product\/11639","targetHints":{"allow":["GET"]}}],"collection":[{"href":"https:\/\/www.endoca.com\/fr\/wp-json\/wp\/v2\/product"}],"about":[{"href":"https:\/\/www.endoca.com\/fr\/wp-json\/wp\/v2\/types\/product"}],"wp:featuredmedia":[{"embeddable":true,"href":"https:\/\/www.endoca.com\/fr\/wp-json\/wp\/v2\/media\/257838"}],"wp:attachment":[{"href":"https:\/\/www.endoca.com\/fr\/wp-json\/wp\/v2\/media?parent=11639"}],"wp:term":[{"taxonomy":"product_brand","embeddable":true,"href":"https:\/\/www.endoca.com\/fr\/wp-json\/wp\/v2\/product_brand?post=11639"},{"taxonomy":"product_cat","embeddable":true,"href":"https:\/\/www.endoca.com\/fr\/wp-json\/wp\/v2\/product_cat?post=11639"},{"taxonomy":"product_tag","embeddable":true,"href":"https:\/\/www.endoca.com\/fr\/wp-json\/wp\/v2\/product_tag?post=11639"}],"curies":[{"name":"wp","href":"https:\/\/api.w.org\/{rel}","templated":true}]}}