{"id":11638,"date":"2017-12-19T10:57:04","date_gmt":"2017-12-19T10:57:04","guid":{"rendered":"https:\/\/www.endoca.com\/product\/lhuile-de-cannabis-2000-mg-cbd-cannabidiol-20\/"},"modified":"2021-10-19T07:50:03","modified_gmt":"2021-10-19T07:50:03","slug":"lhuile-de-cannabis-2000-mg-cbd","status":"publish","type":"product","link":"https:\/\/www.endoca.com\/fr\/product\/lhuile-de-cannabis-2000-mg-cbd","title":{"rendered":"L\u2019huile de cannabis 2000 mg CBD (cannabidiol) (20%)"},"content":{"rendered":"<div id=\"pl-11638\"  class=\"panel-layout\" ><div id=\"pg-11638-0\"  class=\"panel-grid panel-no-style\" ><div id=\"pgc-11638-0-0\"  class=\"panel-grid-cell\" ><div id=\"panel-11638-0-0-0\" class=\"so-panel widget widget_mtt-product-text panel-first-child panel-last-child\" data-index=\"0\" ><div\n\t\t\t\n\t\t\tclass=\"so-widget-mtt-product-text so-widget-mtt-product-text-base\"\n\t\t\t\n\t\t><div class=\"product-text\">\n\t<div class=\"product-text-inner\">\n\t\t<div class=\"product-text-wrapper\">\n\t\t\t\t\t\t\t<h3>Composition<\/h3>\n\t\t\t\t\t\t<p><strong>1 tube contient 10 g d\u2019huile de cannabis de 20% (2000mg) CBD (cannabidiol)<\/strong><\/p>\n<p>1 gramme contient 200 mg CBD. Les extraits produits par Endoca sont ex\u00e9cut\u00e9s des chanvres cultiv\u00e9s en Union Europ\u00e9enne sans pesticides ni herbicides, pour recevoir les produits s\u00fbrs de haute qualit\u00e9.<\/p>\n<p><iframe loading=\"lazy\" src=\"https:\/\/www.youtube.com\/embed\/csEq6iaDWg0?rel=0&amp;modestbranding=1&amp;autohide=1&amp;showinfo=0&amp;controls=1\" width=\"100%\" height=\"315\" frameborder=\"0\" allowfullscreen=\"allowfullscreen\" data-mce-fragment=\"1\"><\/iframe><\/p>\n<p><strong>L\u2019huile de cannabis Endoca contient:<\/strong><\/p>\n<p>Beaucoup de Phytocannabino\u00efds: les plus connus sont CBD, CBC, CBG, CBN<br \/>\nLes terp\u00e8nes les plus courants dans l\u2019huile Endoca: Myrc\u00e8ne, Limon\u00e8ne, Alpha &amp; Beta-pin\u00e8ne, Linalool, B-caryophyll\u00e8ne, Oxyde de caryophyll\u00e8ne, Humul\u00e8ne, N\u00e9rolidol et Phytol.<br \/>\nAutres mol\u00e9cules naturelles: Alcanes, Compos\u00e9s d\u2019Azote, Aminoacides, Sucres, Alcools, C\u00e9tones, Flavono\u00efdes, Glycosides, Vitamines, Pigments, Eau, Huile de cannabis.<\/p>\n<p>*CBD\u00a0est un composant naturel de chanvre<\/p>\n<p><strong>Utilisation<\/strong>:<\/p>\n<p>Produit alimentaire* Prot\u00e9ger du soleil, de la haute temp\u00e9rature et de l\u2019humidit\u00e9, apr\u00e8s fermeture garder dans le r\u00e9frig\u00e9rateur.<\/p>\n<p>Avant de consommer, laissez l\u2019huile jusqu\u2019\u00e0 ce qu\u2019elle atteigne la temp\u00e9rature ambiante. Mettez l\u2019applicateur dans l\u2019eau chaude \u00ab comme une bouteille de lait pour un b\u00e9b\u00e9 \u00bb si vous avez des difficult\u00e9s \u00e0 l\u2019utiliser.<\/p>\n<p><strong>Utilisation recommand\u00e9e:<\/strong><\/p>\n<p>Comme suppl\u00e9ment alimentaire utilisez 2 fois par jour jusqu\u2019\u00e0 1 ml sous la langue, laissez pour 60 secondes, et ensuite avalez.<br \/>\nCette d\u00e9claration n\u2019a pas \u00e9t\u00e9 \u00e9valu\u00e9e par l\u2019Agence am\u00e9ricaine des produits alimentaires et m\u00e9dicamenteux (FDA).<br \/>\nNe pas utiliser pendant la grossesse et la lactation. Avant de modifier votre r\u00e9gime ou avant de commencer l\u2019utilisation d\u2019un nouveau produit, consultez toujours votre m\u00e9decin.<\/p>\n<p>Le produit n\u2019est pas destin\u00e9 \u00e0 diagnostiquer, soigner ni traiter ou pr\u00e9venir les maladies.<\/p>\n\t\t<\/div>\n\t<\/div>\n<\/div><\/div><\/div><\/div><\/div><\/div>","protected":false},"excerpt":{"rendered":"<p>Composition 1 tube contient 10 g d\u2019huile de cannabis de 20% (2000mg) CBD (cannabidiol) 1 gramme contient 200 mg CBD&#8230;.<\/p>\n","protected":false},"featured_media":29646,"template":"","meta":{"_acf_changed":false},"product_brand":[],"product_cat":[155],"product_tag":[],"class_list":{"0":"post-11638","1":"product","2":"type-product","3":"status-publish","4":"has-post-thumbnail","6":"product_cat-extrait-cbd","7":"","9":"first","10":"instock","11":"taxable","12":"shipping-taxable","13":"purchasable","14":"product-type-simple"},"acf":[],"yoast_head":"<title>L\u2019huile de cannabis compos\u00e9e de 2000 mg de CBD - (20%)<\/title>\n<meta name=\"description\" content=\"Il s&#039;agit d&#039;huile de chanvre CBD dans sa forme la plus pure, non filtr\u00e9e, de texture \u00e9paisse et contenant toutes les cires naturelles.\" \/>\n<meta name=\"robots\" content=\"index, follow, max-snippet:-1, max-image-preview:large, max-video-preview:-1\" \/>\n<link rel=\"canonical\" href=\"https:\/\/www.endoca.com\/fr\/wp-json\/wp\/v2\/product\/11638\" \/>\n<meta property=\"og:locale\" content=\"fr_FR\" \/>\n<meta property=\"og:type\" content=\"article\" \/>\n<meta property=\"og:title\" content=\"L\u2019huile de cannabis compos\u00e9e de 2000 mg de CBD - (20%)\" \/>\n<meta property=\"og:description\" content=\"Il s&#039;agit d&#039;huile de chanvre CBD dans sa forme la plus pure, non filtr\u00e9e, de texture \u00e9paisse et contenant toutes les cires naturelles.\" \/>\n<meta property=\"og:url\" content=\"https:\/\/www.endoca.com\/fr\/product\/lhuile-de-cannabis-2000-mg-cbd\" \/>\n<meta property=\"og:site_name\" content=\"Endoca\u00a9 CBD\" \/>\n<meta property=\"article:publisher\" content=\"https:\/\/www.facebook.com\/endoca\" \/>\n<meta property=\"article:modified_time\" content=\"2021-10-19T07:50:03+00:00\" \/>\n<meta property=\"og:image\" content=\"https:\/\/www.endoca.com\/wp-content\/uploads\/2018\/02\/Extract-2000-MG-Heated-Open-FrontView.jpg\" \/>\n\t<meta property=\"og:image:width\" content=\"1588\" \/>\n\t<meta property=\"og:image:height\" content=\"1589\" \/>\n\t<meta property=\"og:image:type\" content=\"image\/jpeg\" \/>\n<meta name=\"twitter:card\" content=\"summary_large_image\" \/>\n<meta name=\"twitter:site\" content=\"@Endocacbdoil\" \/>\n<meta name=\"twitter:label1\" content=\"Dur\u00e9e de lecture estim\u00e9e\" \/>\n\t<meta name=\"twitter:data1\" content=\"1 minute\" \/>","yoast_head_json":{"title":"L\u2019huile de cannabis compos\u00e9e de 2000 mg de CBD - (20%)","description":"Il s'agit d'huile de chanvre CBD dans sa forme la plus pure, non filtr\u00e9e, de texture \u00e9paisse et contenant toutes les cires naturelles.","robots":{"index":"index","follow":"follow","max-snippet":"max-snippet:-1","max-image-preview":"max-image-preview:large","max-video-preview":"max-video-preview:-1"},"canonical":"https:\/\/www.endoca.com\/fr\/wp-json\/wp\/v2\/product\/11638","og_locale":"fr_FR","og_type":"article","og_title":"L\u2019huile de cannabis compos\u00e9e de 2000 mg de CBD - (20%)","og_description":"Il s'agit d'huile de chanvre CBD dans sa forme la plus pure, non filtr\u00e9e, de texture \u00e9paisse et contenant toutes les cires naturelles.","og_url":"https:\/\/www.endoca.com\/fr\/product\/lhuile-de-cannabis-2000-mg-cbd","og_site_name":"Endoca\u00a9 CBD","article_publisher":"https:\/\/www.facebook.com\/endoca","article_modified_time":"2021-10-19T07:50:03+00:00","og_image":[{"width":1588,"height":1589,"url":"https:\/\/www.endoca.com\/wp-content\/uploads\/2018\/02\/Extract-2000-MG-Heated-Open-FrontView.jpg","type":"image\/jpeg"}],"twitter_card":"summary_large_image","twitter_site":"@Endocacbdoil","twitter_misc":{"Dur\u00e9e de lecture estim\u00e9e":"1 minute"},"schema":{"@context":"https:\/\/schema.org","@graph":[{"@type":"WebPage","@id":"https:\/\/www.endoca.com\/fr\/product\/lhuile-de-cannabis-2000-mg-cbd","url":"https:\/\/www.endoca.com\/fr\/product\/lhuile-de-cannabis-2000-mg-cbd","name":"L\u2019huile de cannabis compos\u00e9e de 2000 mg de CBD - (20%)","isPartOf":{"@id":"https:\/\/www.endoca.com\/#website"},"primaryImageOfPage":{"@id":"https:\/\/www.endoca.com\/fr\/product\/lhuile-de-cannabis-2000-mg-cbd#primaryimage"},"image":{"@id":"https:\/\/www.endoca.com\/fr\/product\/lhuile-de-cannabis-2000-mg-cbd#primaryimage"},"thumbnailUrl":"https:\/\/www.endoca.com\/wp-content\/uploads\/2018\/02\/Extract-2000-MG-Heated-Open-FrontView.jpg","datePublished":"2017-12-19T10:57:04+00:00","dateModified":"2021-10-19T07:50:03+00:00","description":"Il s'agit d'huile de chanvre CBD dans sa forme la plus pure, non filtr\u00e9e, de texture \u00e9paisse et contenant toutes les cires naturelles.","breadcrumb":{"@id":"https:\/\/www.endoca.com\/fr\/product\/lhuile-de-cannabis-2000-mg-cbd#breadcrumb"},"inLanguage":"fr-FR","potentialAction":[{"@type":"ReadAction","target":["https:\/\/www.endoca.com\/fr\/product\/lhuile-de-cannabis-2000-mg-cbd"]}]},{"@type":"ImageObject","inLanguage":"fr-FR","@id":"https:\/\/www.endoca.com\/fr\/product\/lhuile-de-cannabis-2000-mg-cbd#primaryimage","url":"https:\/\/www.endoca.com\/wp-content\/uploads\/2018\/02\/Extract-2000-MG-Heated-Open-FrontView.jpg","contentUrl":"https:\/\/www.endoca.com\/wp-content\/uploads\/2018\/02\/Extract-2000-MG-Heated-Open-FrontView.jpg","width":1588,"height":1589,"caption":"cbd pil extracts for sale - 2000 mg heated"},{"@type":"BreadcrumbList","@id":"https:\/\/www.endoca.com\/fr\/product\/lhuile-de-cannabis-2000-mg-cbd#breadcrumb","itemListElement":[{"@type":"ListItem","position":1,"name":"Home","item":"https:\/\/www.endoca.com\/fr"},{"@type":"ListItem","position":2,"name":"D\u00e9couvrez Endoca Produits CBD Premium","item":"https:\/\/www.endoca.com\/fr\/boutique"},{"@type":"ListItem","position":3,"name":"L\u2019huile de cannabis 2000 mg CBD (cannabidiol) (20%)"}]},{"@type":"WebSite","@id":"https:\/\/www.endoca.com\/#website","url":"https:\/\/www.endoca.com\/","name":"Endoca\u00a9 CBD","description":"Best CBD Oil 100% organic","publisher":{"@id":"https:\/\/www.endoca.com\/#organization"},"potentialAction":[{"@type":"SearchAction","target":{"@type":"EntryPoint","urlTemplate":"https:\/\/www.endoca.com\/?s={search_term_string}"},"query-input":{"@type":"PropertyValueSpecification","valueRequired":true,"valueName":"search_term_string"}}],"inLanguage":"fr-FR"},{"@type":"Organization","@id":"https:\/\/www.endoca.com\/#organization","name":"Endoca","url":"https:\/\/www.endoca.com\/","logo":{"@type":"ImageObject","inLanguage":"fr-FR","@id":"https:\/\/www.endoca.com\/#\/schema\/logo\/image\/","url":"https:\/\/www.endoca.com\/wp-content\/uploads\/2018\/08\/endoca-logo.png","contentUrl":"https:\/\/www.endoca.com\/wp-content\/uploads\/2018\/08\/endoca-logo.png","width":150,"height":50,"caption":"Endoca"},"image":{"@id":"https:\/\/www.endoca.com\/#\/schema\/logo\/image\/"},"sameAs":["https:\/\/www.facebook.com\/endoca","https:\/\/x.com\/Endocacbdoil","https:\/\/www.instagram.com\/endoca\/","https:\/\/www.youtube.com\/channel\/UCNXwDCTBaa0WPEf1cOUHe9g"]}]}},"_links":{"self":[{"href":"https:\/\/www.endoca.com\/fr\/wp-json\/wp\/v2\/product\/11638","targetHints":{"allow":["GET"]}}],"collection":[{"href":"https:\/\/www.endoca.com\/fr\/wp-json\/wp\/v2\/product"}],"about":[{"href":"https:\/\/www.endoca.com\/fr\/wp-json\/wp\/v2\/types\/product"}],"wp:featuredmedia":[{"embeddable":true,"href":"https:\/\/www.endoca.com\/fr\/wp-json\/wp\/v2\/media\/29646"}],"wp:attachment":[{"href":"https:\/\/www.endoca.com\/fr\/wp-json\/wp\/v2\/media?parent=11638"}],"wp:term":[{"taxonomy":"product_brand","embeddable":true,"href":"https:\/\/www.endoca.com\/fr\/wp-json\/wp\/v2\/product_brand?post=11638"},{"taxonomy":"product_cat","embeddable":true,"href":"https:\/\/www.endoca.com\/fr\/wp-json\/wp\/v2\/product_cat?post=11638"},{"taxonomy":"product_tag","embeddable":true,"href":"https:\/\/www.endoca.com\/fr\/wp-json\/wp\/v2\/product_tag?post=11638"}],"curies":[{"name":"wp","href":"https:\/\/api.w.org\/{rel}","templated":true}]}}