{"id":11636,"date":"2017-12-19T10:57:06","date_gmt":"2017-12-19T10:57:06","guid":{"rendered":"https:\/\/www.endoca.com\/product\/lhuile-de-cannabis-3000-mg-cbdcbda-30\/"},"modified":"2021-10-19T07:35:26","modified_gmt":"2021-10-19T07:35:26","slug":"lhuile-de-cannabis-3000-mg","status":"publish","type":"product","link":"https:\/\/www.endoca.com\/fr\/product\/lhuile-de-cannabis-3000-mg","title":{"rendered":"L\u2019huile de cannabis 3000 mg CBD+CBDa (30%)"},"content":{"rendered":"<div id=\"pl-11636\"  class=\"panel-layout\" ><div id=\"pg-11636-0\"  class=\"panel-grid panel-no-style\" ><div id=\"pgc-11636-0-0\"  class=\"panel-grid-cell\" ><div id=\"panel-11636-0-0-0\" class=\"so-panel widget widget_mtt-product-text panel-first-child panel-last-child\" data-index=\"0\" ><div\n\t\t\t\n\t\t\tclass=\"so-widget-mtt-product-text so-widget-mtt-product-text-base\"\n\t\t\t\n\t\t><div class=\"product-text\">\n\t<div class=\"product-text-inner\">\n\t\t<div class=\"product-text-wrapper\">\n\t\t\t\t\t\t<p><strong>1 tube contient 10 g d\u2019huile de cannabis crue Golden de 30% (3000mg) CBD &amp; CBDa<\/strong><\/p>\n<p>1 gramme contient 300 mg CBD+CBDa. C\u2019est une version filtr\u00e9e de l\u2019huile dor\u00e9-fonc\u00e9 (couleur dor\u00e9e).<br \/>\nL\u2019huile de cannabis organique crue est produite dans une temp\u00e9rature tr\u00e8s basse et sous une haute pression. En fait ces \u00ab jus \u00bb de plantes de chanvre constituent un suppl\u00e9ment concentr\u00e9 d\u2019une nourriture saine.<br \/>\nL\u2019huile poss\u00e8de des propri\u00e9t\u00e9s uniques parce qu\u2019elle contient CBD (cannabidiol) en forme d\u2019un acide carboxilique, connu aussi comme CBDa, nomm\u00e9 aussi l\u2019acide de CBD.<\/p>\n<p><iframe loading=\"lazy\" src=\"https:\/\/www.youtube.com\/embed\/IP6m-pfYGpg?rel=0&amp;modestbranding=1&amp;autohide=1&amp;showinfo=0&amp;controls=1\" width=\"100%\" height=\"315\" frameborder=\"0\" data-mce-fragment=\"1\"><\/iframe><\/p>\n<p><strong>Contenu:<\/strong><br \/>\nPhytocannabino\u00efds: CBDa (Acide de cannabidiol): 20-26% &amp; CBD (Cannabidiol): 4-8%<br \/>\nIl existe des \u00e9carts dans les pourcentages parce que nous ne r\u00e9chauffons pas d\u2019huile dans le but de recevoir un pourcentage stable de CBD. Au lieu de cela nous laissons l\u2019huile apr\u00e8s l\u2019extraction en sa forme naturelle. Elle contient aussi les composants en faible concentration (CBC, CBG, CBN).<br \/>\nTerp\u00e8nes dans l\u2019huile Endoca: Myrc\u00e8ne, Limon\u00e8ne, Alpha &amp; Beta-pin\u00e8ne, Linalool, B-caryophyll\u00e8ne, Oxyde de caryophyll\u00e8ne, Terpinol\u00e8ne, Humul\u00e8ne.<br \/>\nAutres mol\u00e9cules naturelles: Chlorophylle, Alcanes, Compos\u00e9s d\u2019azote, Aminoacides, Sucres, Alcools, C\u00e9tones, Flavono\u00efdes, Glycosides, Vitamines, Pigments, Eau, Huile de graines de cannabis.<br \/>\n*CBD est un composant naturel de chanvre<\/p>\n<p><strong>Utilisation:<\/strong><\/p>\n<p>Produit alimentaire* Prot\u00e9ger du soleil, de la haute temp\u00e9rature et de l\u2019humidit\u00e9, apr\u00e8s fermeture garder dans le r\u00e9frig\u00e9rateur.<\/p>\n<p>Avant de consommer, laissez l\u2019huile jusqu\u2019\u00e0 ce qu\u2019elle atteigne la temp\u00e9rature ambiante. Mettez l\u2019applicateur dans l\u2019eau chaude \u00ab comme une bouteille de lait pour un b\u00e9b\u00e9 \u00bb si vous avez des difficult\u00e9s \u00e0 l\u2019utiliser.<\/p>\n<p><strong>Utilisation recommand\u00e9e:<\/strong><\/p>\n<p>Comme suppl\u00e9ment alimentaire utilisez 2 fois par jour jusqu\u2019\u00e0 1 ml sous la langue, laissez pour 60 secondes, et ensuite avalez.<br \/>\nCette d\u00e9claration n\u2019a pas \u00e9t\u00e9 \u00e9valu\u00e9e par l\u2019Agence am\u00e9ricaine des produits alimentaires et m\u00e9dicamenteux (FDA).<br \/>\nNe pas utiliser pendant la grossesse et la lactation. Avant de modifier votre r\u00e9gime ou avant de commencer l\u2019utilisation d\u2019un nouveau produit, consultez toujours votre m\u00e9decin.<br \/>\nLe produit n\u2019est pas destin\u00e9 \u00e0 diagnostiquer, soigner ni traiter ou pr\u00e9venir les maladies.<\/p>\n\t\t<\/div>\n\t<\/div>\n<\/div><\/div><\/div><\/div><\/div><\/div>","protected":false},"excerpt":{"rendered":"<p>1 tube contient 10 g d\u2019huile de cannabis crue Golden de 30% (3000mg) CBD &amp; CBDa 1 gramme contient 300&#8230;<\/p>\n","protected":false},"featured_media":29757,"template":"","meta":{"_acf_changed":false},"product_brand":[],"product_cat":[155],"product_tag":[],"class_list":{"0":"post-11636","1":"product","2":"type-product","3":"status-publish","4":"has-post-thumbnail","6":"product_cat-extrait-cbd","7":"","9":"first","10":"instock","11":"taxable","12":"shipping-taxable","13":"purchasable","14":"product-type-simple"},"acf":[],"yoast_head":"<title>L\u2019huile de cannabis de couleur dor\u00e9e - 3000 mg CBD+CBDa (30%)<\/title>\n<meta name=\"description\" content=\"Cette huile de chanvre brute (huile de CBD) est de couleur dor\u00e9e et contient du CBDa + CBD, ainsi que des cires v\u00e9g\u00e9tales. Entre maintenant\" \/>\n<meta name=\"robots\" content=\"index, follow, max-snippet:-1, max-image-preview:large, max-video-preview:-1\" \/>\n<link rel=\"canonical\" href=\"https:\/\/www.endoca.com\/fr\/wp-json\/wp\/v2\/product\/11636\" \/>\n<meta property=\"og:locale\" content=\"fr_FR\" \/>\n<meta property=\"og:type\" content=\"article\" \/>\n<meta property=\"og:title\" content=\"L\u2019huile de cannabis de couleur dor\u00e9e - 3000 mg CBD+CBDa (30%)\" \/>\n<meta property=\"og:description\" content=\"Cette huile de chanvre brute (huile de CBD) est de couleur dor\u00e9e et contient du CBDa + CBD, ainsi que des cires v\u00e9g\u00e9tales. Entre maintenant\" \/>\n<meta property=\"og:url\" content=\"https:\/\/www.endoca.com\/fr\/product\/lhuile-de-cannabis-3000-mg\" \/>\n<meta property=\"og:site_name\" content=\"Endoca\u00a9 CBD\" \/>\n<meta property=\"article:publisher\" content=\"https:\/\/www.facebook.com\/endoca\" \/>\n<meta property=\"article:modified_time\" content=\"2021-10-19T07:35:26+00:00\" \/>\n<meta property=\"og:image\" content=\"https:\/\/www.endoca.com\/wp-content\/uploads\/2018\/02\/Extract-3000-MG-RAW-FrontView.jpg\" \/>\n\t<meta property=\"og:image:width\" content=\"1534\" \/>\n\t<meta property=\"og:image:height\" content=\"1535\" \/>\n\t<meta property=\"og:image:type\" content=\"image\/jpeg\" \/>\n<meta name=\"twitter:card\" content=\"summary_large_image\" \/>\n<meta name=\"twitter:site\" content=\"@Endocacbdoil\" \/>\n<meta name=\"twitter:label1\" content=\"Dur\u00e9e de lecture estim\u00e9e\" \/>\n\t<meta name=\"twitter:data1\" content=\"1 minute\" \/>","yoast_head_json":{"title":"L\u2019huile de cannabis de couleur dor\u00e9e - 3000 mg CBD+CBDa (30%)","description":"Cette huile de chanvre brute (huile de CBD) est de couleur dor\u00e9e et contient du CBDa + CBD, ainsi que des cires v\u00e9g\u00e9tales. Entre maintenant","robots":{"index":"index","follow":"follow","max-snippet":"max-snippet:-1","max-image-preview":"max-image-preview:large","max-video-preview":"max-video-preview:-1"},"canonical":"https:\/\/www.endoca.com\/fr\/wp-json\/wp\/v2\/product\/11636","og_locale":"fr_FR","og_type":"article","og_title":"L\u2019huile de cannabis de couleur dor\u00e9e - 3000 mg CBD+CBDa (30%)","og_description":"Cette huile de chanvre brute (huile de CBD) est de couleur dor\u00e9e et contient du CBDa + CBD, ainsi que des cires v\u00e9g\u00e9tales. Entre maintenant","og_url":"https:\/\/www.endoca.com\/fr\/product\/lhuile-de-cannabis-3000-mg","og_site_name":"Endoca\u00a9 CBD","article_publisher":"https:\/\/www.facebook.com\/endoca","article_modified_time":"2021-10-19T07:35:26+00:00","og_image":[{"width":1534,"height":1535,"url":"https:\/\/www.endoca.com\/wp-content\/uploads\/2018\/02\/Extract-3000-MG-RAW-FrontView.jpg","type":"image\/jpeg"}],"twitter_card":"summary_large_image","twitter_site":"@Endocacbdoil","twitter_misc":{"Dur\u00e9e de lecture estim\u00e9e":"1 minute"},"schema":{"@context":"https:\/\/schema.org","@graph":[{"@type":"WebPage","@id":"https:\/\/www.endoca.com\/fr\/product\/lhuile-de-cannabis-3000-mg","url":"https:\/\/www.endoca.com\/fr\/product\/lhuile-de-cannabis-3000-mg","name":"L\u2019huile de cannabis de couleur dor\u00e9e - 3000 mg CBD+CBDa (30%)","isPartOf":{"@id":"https:\/\/www.endoca.com\/#website"},"primaryImageOfPage":{"@id":"https:\/\/www.endoca.com\/fr\/product\/lhuile-de-cannabis-3000-mg#primaryimage"},"image":{"@id":"https:\/\/www.endoca.com\/fr\/product\/lhuile-de-cannabis-3000-mg#primaryimage"},"thumbnailUrl":"https:\/\/www.endoca.com\/wp-content\/uploads\/2018\/02\/Extract-3000-MG-RAW-FrontView.jpg","datePublished":"2017-12-19T10:57:06+00:00","dateModified":"2021-10-19T07:35:26+00:00","description":"Cette huile de chanvre brute (huile de CBD) est de couleur dor\u00e9e et contient du CBDa + CBD, ainsi que des cires v\u00e9g\u00e9tales. Entre maintenant","breadcrumb":{"@id":"https:\/\/www.endoca.com\/fr\/product\/lhuile-de-cannabis-3000-mg#breadcrumb"},"inLanguage":"fr-FR","potentialAction":[{"@type":"ReadAction","target":["https:\/\/www.endoca.com\/fr\/product\/lhuile-de-cannabis-3000-mg"]}]},{"@type":"ImageObject","inLanguage":"fr-FR","@id":"https:\/\/www.endoca.com\/fr\/product\/lhuile-de-cannabis-3000-mg#primaryimage","url":"https:\/\/www.endoca.com\/wp-content\/uploads\/2018\/02\/Extract-3000-MG-RAW-FrontView.jpg","contentUrl":"https:\/\/www.endoca.com\/wp-content\/uploads\/2018\/02\/Extract-3000-MG-RAW-FrontView.jpg","width":1534,"height":1535,"caption":"endoca cbd oil Extract-3000-MG-RAW-FrontView"},{"@type":"BreadcrumbList","@id":"https:\/\/www.endoca.com\/fr\/product\/lhuile-de-cannabis-3000-mg#breadcrumb","itemListElement":[{"@type":"ListItem","position":1,"name":"Home","item":"https:\/\/www.endoca.com\/fr"},{"@type":"ListItem","position":2,"name":"D\u00e9couvrez Endoca Produits CBD Premium","item":"https:\/\/www.endoca.com\/fr\/boutique"},{"@type":"ListItem","position":3,"name":"L\u2019huile de cannabis 3000 mg CBD+CBDa (30%)"}]},{"@type":"WebSite","@id":"https:\/\/www.endoca.com\/#website","url":"https:\/\/www.endoca.com\/","name":"Endoca\u00a9 CBD","description":"Best CBD Oil 100% organic","publisher":{"@id":"https:\/\/www.endoca.com\/#organization"},"potentialAction":[{"@type":"SearchAction","target":{"@type":"EntryPoint","urlTemplate":"https:\/\/www.endoca.com\/?s={search_term_string}"},"query-input":{"@type":"PropertyValueSpecification","valueRequired":true,"valueName":"search_term_string"}}],"inLanguage":"fr-FR"},{"@type":"Organization","@id":"https:\/\/www.endoca.com\/#organization","name":"Endoca","url":"https:\/\/www.endoca.com\/","logo":{"@type":"ImageObject","inLanguage":"fr-FR","@id":"https:\/\/www.endoca.com\/#\/schema\/logo\/image\/","url":"https:\/\/www.endoca.com\/wp-content\/uploads\/2018\/08\/endoca-logo.png","contentUrl":"https:\/\/www.endoca.com\/wp-content\/uploads\/2018\/08\/endoca-logo.png","width":150,"height":50,"caption":"Endoca"},"image":{"@id":"https:\/\/www.endoca.com\/#\/schema\/logo\/image\/"},"sameAs":["https:\/\/www.facebook.com\/endoca","https:\/\/x.com\/Endocacbdoil","https:\/\/www.instagram.com\/endoca\/","https:\/\/www.youtube.com\/channel\/UCNXwDCTBaa0WPEf1cOUHe9g"]}]}},"_links":{"self":[{"href":"https:\/\/www.endoca.com\/fr\/wp-json\/wp\/v2\/product\/11636","targetHints":{"allow":["GET"]}}],"collection":[{"href":"https:\/\/www.endoca.com\/fr\/wp-json\/wp\/v2\/product"}],"about":[{"href":"https:\/\/www.endoca.com\/fr\/wp-json\/wp\/v2\/types\/product"}],"wp:featuredmedia":[{"embeddable":true,"href":"https:\/\/www.endoca.com\/fr\/wp-json\/wp\/v2\/media\/29757"}],"wp:attachment":[{"href":"https:\/\/www.endoca.com\/fr\/wp-json\/wp\/v2\/media?parent=11636"}],"wp:term":[{"taxonomy":"product_brand","embeddable":true,"href":"https:\/\/www.endoca.com\/fr\/wp-json\/wp\/v2\/product_brand?post=11636"},{"taxonomy":"product_cat","embeddable":true,"href":"https:\/\/www.endoca.com\/fr\/wp-json\/wp\/v2\/product_cat?post=11636"},{"taxonomy":"product_tag","embeddable":true,"href":"https:\/\/www.endoca.com\/fr\/wp-json\/wp\/v2\/product_tag?post=11636"}],"curies":[{"name":"wp","href":"https:\/\/api.w.org\/{rel}","templated":true}]}}