{"id":11633,"date":"2017-12-19T10:57:08","date_gmt":"2017-12-19T10:57:08","guid":{"rendered":"https:\/\/www.endoca.com\/product\/suppositoires-cbd-500-mg-cbd\/"},"modified":"2021-10-19T07:26:01","modified_gmt":"2021-10-19T07:26:01","slug":"suppositoires-cbd-500-mg","status":"publish","type":"product","link":"https:\/\/www.endoca.com\/fr\/product\/suppositoires-cbd-500-mg","title":{"rendered":"Suppositoires CBD: 500 mg CBD"},"content":{"rendered":"<div id=\"pl-11633\"  class=\"panel-layout\" ><div id=\"pg-11633-0\"  class=\"panel-grid panel-no-style\" ><div id=\"pgc-11633-0-0\"  class=\"panel-grid-cell\" ><div id=\"panel-11633-0-0-0\" class=\"so-panel widget widget_mtt-product-text panel-first-child panel-last-child\" data-index=\"0\" ><div\n\t\t\t\n\t\t\tclass=\"so-widget-mtt-product-text so-widget-mtt-product-text-base\"\n\t\t\t\n\t\t><div class=\"product-text\">\n\t<div class=\"product-text-inner\">\n\t\t<div class=\"product-text-wrapper\">\n\t\t\t\t\t\t\t<h3>Composition<\/h3>\n\t\t\t\t\t\t<h2>Suppositoires CBD\/Suppositoires vaginaux<\/h2>\n<p>10 suppositoires de 50 mg CBD dans chaque suppositoire<\/p>\n<p><strong>Ingr\u00e9dients:<\/strong>\u00a0Extrait de chanvre organique cru Cannabis Sativa, huile de coco<\/p>\n<p><strong>Indications:\u00a0<\/strong>appliquer par la voie anale ou vaginale. Avant l\u2019utilisation refroidir dans un r\u00e9frig\u00e9rateur. Garder les r\u00e8gles d\u2019hygi\u00e8ne, laver les mains avant et apr\u00e8s l\u2019application. Pour enlever le suppositoire de l\u2019emballage, d\u00e9chirez la couverture en plastique le long du c\u00f4t\u00e9 plus long, en commen\u00e7ant par une entaille sur un des c\u00f4t\u00e9s de la couverture. Appliquez une petite quantit\u00e9 d\u2019eau comme un moyen hydratant avant l\u2019application d\u2019un suppositoire. APPLICATION PAR LA VOIE ANALE: introduisez le suppositoire le long du muscle conscricteur. Attendez 15 \u00e0 20 minutes jusqu\u2019au mouvement suivant des intestins. Les suppositoires cass\u00e9s peuvent \u00eatre r\u00e9chauff\u00e9s dans les couvertures dans un sac \u00e9tanche fermeture multiple dans l\u2019eau chaude jusqu\u2019\u00e0 ce que le suppositoire mollisse et ensuite on peut le former dans la couverture et le refroidir dans le r\u00e9frig\u00e9rateur. Les bulles d\u2019air apparaissant sporadiquement dans le suppositoire sont un ph\u00e9nom\u00e8ne normal et ne prouvent pas de la perte de ses propri\u00e9t\u00e9s. APPLICATION PAR LA VOIE VAGINALE: Les suppositoires sont \u00e0 introduire profond\u00e9ment dans le vagin. Appliquer de pr\u00e9f\u00e9rence couch\u00e9e sur le dos.<\/p>\n<p><strong>Les suppositoires devraient \u00eatre gard\u00e9s dans le r\u00e9frig\u00e9rateur (de 2\u00b0C \u00e0 8\u00b0C).<\/strong><\/p>\n<div>\n<p>Les extraits normalis\u00e9s ont un contenu d\u00e9sign\u00e9 garanti Cannabino\u00efds et sont test\u00e9s dans un laboratoire dans le but d\u2019assurer une efficacit\u00e9 stable de l\u2019action ; ils sont produits conform\u00e9ment aux standards de Bonnes Pratiques de la Production (angl. GMP) : Libres des composants synth\u00e9tiques, organiques \u00e0 100 %.<\/p>\n<p>Garantie Inconditionnelle<\/p>\n<\/div>\n\t\t<\/div>\n\t<\/div>\n<\/div><\/div><\/div><\/div><\/div><\/div>","protected":false},"excerpt":{"rendered":"<p>Composition Suppositoires CBD\/Suppositoires vaginaux 10 suppositoires de 50 mg CBD dans chaque suppositoire Ingr\u00e9dients:\u00a0Extrait de chanvre organique cru Cannabis Sativa,&#8230;<\/p>\n","protected":false},"featured_media":235130,"template":"","meta":{"_acf_changed":false},"product_brand":[],"product_cat":[172],"product_tag":[],"class_list":{"0":"post-11633","1":"product","2":"type-product","3":"status-publish","4":"has-post-thumbnail","6":"product_cat-suppositoires-cbd","7":"","9":"first","10":"instock","11":"taxable","12":"shipping-taxable","13":"purchasable","14":"product-type-simple"},"acf":[],"yoast_head":"<title>Les suppositoires CBD, rapides et efficaces, avec 500 mg de CBD<\/title>\n<meta name=\"description\" content=\"Si vous n\u2019aimez pas le go\u00fbt du chanvre et que vous voulez un moyen rapide et efficace de prendre du CBD, nos suppositoires de CBD sont le choix parfait.\" \/>\n<meta name=\"robots\" content=\"index, follow, max-snippet:-1, max-image-preview:large, max-video-preview:-1\" \/>\n<link rel=\"canonical\" href=\"https:\/\/www.endoca.com\/fr\/wp-json\/wp\/v2\/product\/11633\" \/>\n<meta property=\"og:locale\" content=\"fr_FR\" \/>\n<meta property=\"og:type\" content=\"article\" \/>\n<meta property=\"og:title\" content=\"Les suppositoires CBD, rapides et efficaces, avec 500 mg de CBD\" \/>\n<meta property=\"og:description\" content=\"Si vous n\u2019aimez pas le go\u00fbt du chanvre et que vous voulez un moyen rapide et efficace de prendre du CBD, nos suppositoires de CBD sont le choix parfait.\" \/>\n<meta property=\"og:url\" content=\"https:\/\/www.endoca.com\/fr\/product\/suppositoires-cbd-500-mg\" \/>\n<meta property=\"og:site_name\" content=\"Endoca\u00a9 CBD\" \/>\n<meta property=\"article:publisher\" content=\"https:\/\/www.facebook.com\/endoca\" \/>\n<meta property=\"article:modified_time\" content=\"2021-10-19T07:26:01+00:00\" \/>\n<meta property=\"og:image\" content=\"https:\/\/www.endoca.com\/wp-content\/uploads\/2017\/12\/cbd-suppositories.jpg\" \/>\n\t<meta property=\"og:image:width\" content=\"1200\" \/>\n\t<meta property=\"og:image:height\" content=\"1200\" \/>\n\t<meta property=\"og:image:type\" content=\"image\/jpeg\" \/>\n<meta name=\"twitter:card\" content=\"summary_large_image\" \/>\n<meta name=\"twitter:site\" content=\"@Endocacbdoil\" \/>\n<meta name=\"twitter:label1\" content=\"Dur\u00e9e de lecture estim\u00e9e\" \/>\n\t<meta name=\"twitter:data1\" content=\"1 minute\" \/>","yoast_head_json":{"title":"Les suppositoires CBD, rapides et efficaces, avec 500 mg de CBD","description":"Si vous n\u2019aimez pas le go\u00fbt du chanvre et que vous voulez un moyen rapide et efficace de prendre du CBD, nos suppositoires de CBD sont le choix parfait.","robots":{"index":"index","follow":"follow","max-snippet":"max-snippet:-1","max-image-preview":"max-image-preview:large","max-video-preview":"max-video-preview:-1"},"canonical":"https:\/\/www.endoca.com\/fr\/wp-json\/wp\/v2\/product\/11633","og_locale":"fr_FR","og_type":"article","og_title":"Les suppositoires CBD, rapides et efficaces, avec 500 mg de CBD","og_description":"Si vous n\u2019aimez pas le go\u00fbt du chanvre et que vous voulez un moyen rapide et efficace de prendre du CBD, nos suppositoires de CBD sont le choix parfait.","og_url":"https:\/\/www.endoca.com\/fr\/product\/suppositoires-cbd-500-mg","og_site_name":"Endoca\u00a9 CBD","article_publisher":"https:\/\/www.facebook.com\/endoca","article_modified_time":"2021-10-19T07:26:01+00:00","og_image":[{"width":1200,"height":1200,"url":"https:\/\/www.endoca.com\/wp-content\/uploads\/2017\/12\/cbd-suppositories.jpg","type":"image\/jpeg"}],"twitter_card":"summary_large_image","twitter_site":"@Endocacbdoil","twitter_misc":{"Dur\u00e9e de lecture estim\u00e9e":"1 minute"},"schema":{"@context":"https:\/\/schema.org","@graph":[{"@type":"WebPage","@id":"https:\/\/www.endoca.com\/fr\/product\/suppositoires-cbd-500-mg","url":"https:\/\/www.endoca.com\/fr\/product\/suppositoires-cbd-500-mg","name":"Les suppositoires CBD, rapides et efficaces, avec 500 mg de CBD","isPartOf":{"@id":"https:\/\/www.endoca.com\/#website"},"primaryImageOfPage":{"@id":"https:\/\/www.endoca.com\/fr\/product\/suppositoires-cbd-500-mg#primaryimage"},"image":{"@id":"https:\/\/www.endoca.com\/fr\/product\/suppositoires-cbd-500-mg#primaryimage"},"thumbnailUrl":"https:\/\/www.endoca.com\/wp-content\/uploads\/2017\/12\/cbd-suppositories.jpg","datePublished":"2017-12-19T10:57:08+00:00","dateModified":"2021-10-19T07:26:01+00:00","description":"Si vous n\u2019aimez pas le go\u00fbt du chanvre et que vous voulez un moyen rapide et efficace de prendre du CBD, nos suppositoires de CBD sont le choix parfait.","breadcrumb":{"@id":"https:\/\/www.endoca.com\/fr\/product\/suppositoires-cbd-500-mg#breadcrumb"},"inLanguage":"fr-FR","potentialAction":[{"@type":"ReadAction","target":["https:\/\/www.endoca.com\/fr\/product\/suppositoires-cbd-500-mg"]}]},{"@type":"ImageObject","inLanguage":"fr-FR","@id":"https:\/\/www.endoca.com\/fr\/product\/suppositoires-cbd-500-mg#primaryimage","url":"https:\/\/www.endoca.com\/wp-content\/uploads\/2017\/12\/cbd-suppositories.jpg","contentUrl":"https:\/\/www.endoca.com\/wp-content\/uploads\/2017\/12\/cbd-suppositories.jpg","width":1200,"height":1200,"caption":"cbd suppositories"},{"@type":"BreadcrumbList","@id":"https:\/\/www.endoca.com\/fr\/product\/suppositoires-cbd-500-mg#breadcrumb","itemListElement":[{"@type":"ListItem","position":1,"name":"Home","item":"https:\/\/www.endoca.com\/fr"},{"@type":"ListItem","position":2,"name":"D\u00e9couvrez Endoca Produits CBD Premium","item":"https:\/\/www.endoca.com\/fr\/boutique"},{"@type":"ListItem","position":3,"name":"Suppositoires CBD: 500 mg CBD"}]},{"@type":"WebSite","@id":"https:\/\/www.endoca.com\/#website","url":"https:\/\/www.endoca.com\/","name":"Endoca\u00a9 CBD","description":"Best CBD Oil 100% organic","publisher":{"@id":"https:\/\/www.endoca.com\/#organization"},"potentialAction":[{"@type":"SearchAction","target":{"@type":"EntryPoint","urlTemplate":"https:\/\/www.endoca.com\/?s={search_term_string}"},"query-input":{"@type":"PropertyValueSpecification","valueRequired":true,"valueName":"search_term_string"}}],"inLanguage":"fr-FR"},{"@type":"Organization","@id":"https:\/\/www.endoca.com\/#organization","name":"Endoca","url":"https:\/\/www.endoca.com\/","logo":{"@type":"ImageObject","inLanguage":"fr-FR","@id":"https:\/\/www.endoca.com\/#\/schema\/logo\/image\/","url":"https:\/\/www.endoca.com\/wp-content\/uploads\/2018\/08\/endoca-logo.png","contentUrl":"https:\/\/www.endoca.com\/wp-content\/uploads\/2018\/08\/endoca-logo.png","width":150,"height":50,"caption":"Endoca"},"image":{"@id":"https:\/\/www.endoca.com\/#\/schema\/logo\/image\/"},"sameAs":["https:\/\/www.facebook.com\/endoca","https:\/\/x.com\/Endocacbdoil","https:\/\/www.instagram.com\/endoca\/","https:\/\/www.youtube.com\/channel\/UCNXwDCTBaa0WPEf1cOUHe9g"]}]}},"_links":{"self":[{"href":"https:\/\/www.endoca.com\/fr\/wp-json\/wp\/v2\/product\/11633","targetHints":{"allow":["GET"]}}],"collection":[{"href":"https:\/\/www.endoca.com\/fr\/wp-json\/wp\/v2\/product"}],"about":[{"href":"https:\/\/www.endoca.com\/fr\/wp-json\/wp\/v2\/types\/product"}],"wp:featuredmedia":[{"embeddable":true,"href":"https:\/\/www.endoca.com\/fr\/wp-json\/wp\/v2\/media\/235130"}],"wp:attachment":[{"href":"https:\/\/www.endoca.com\/fr\/wp-json\/wp\/v2\/media?parent=11633"}],"wp:term":[{"taxonomy":"product_brand","embeddable":true,"href":"https:\/\/www.endoca.com\/fr\/wp-json\/wp\/v2\/product_brand?post=11633"},{"taxonomy":"product_cat","embeddable":true,"href":"https:\/\/www.endoca.com\/fr\/wp-json\/wp\/v2\/product_cat?post=11633"},{"taxonomy":"product_tag","embeddable":true,"href":"https:\/\/www.endoca.com\/fr\/wp-json\/wp\/v2\/product_tag?post=11633"}],"curies":[{"name":"wp","href":"https:\/\/api.w.org\/{rel}","templated":true}]}}