{"id":11631,"date":"2017-12-19T10:57:08","date_gmt":"2017-12-19T10:57:08","guid":{"rendered":"https:\/\/www.endoca.com\/product\/cristaux-de-cannabis-99-cbd-pure-cbd\/"},"modified":"2021-10-19T07:42:32","modified_gmt":"2021-10-19T07:42:32","slug":"cristaux-de-cannabis-99-cbd","status":"publish","type":"product","link":"https:\/\/www.endoca.com\/fr\/product\/cristaux-de-cannabis-99-cbd","title":{"rendered":"Cristaux de cannabis 99% CBD (Pure CBD)"},"content":{"rendered":"<div id=\"pl-11631\"  class=\"panel-layout\" ><div id=\"pg-11631-0\"  class=\"panel-grid panel-no-style\" ><div id=\"pgc-11631-0-0\"  class=\"panel-grid-cell\" ><div id=\"panel-11631-0-0-0\" class=\"so-panel widget widget_mtt-product-text panel-first-child panel-last-child\" data-index=\"0\" ><div\n\t\t\t\n\t\t\tclass=\"so-widget-mtt-product-text so-widget-mtt-product-text-base\"\n\t\t\t\n\t\t><div class=\"product-text\">\n\t<div class=\"product-text-inner\">\n\t\t<div class=\"product-text-wrapper\">\n\t\t\t\t\t\t\t<h3>Composition<\/h3>\n\t\t\t\t\t\t<h2>CBD (Cannabidiol) pur<\/h2>\n<p>Chaque boite contient 1g (1000 mg) de CBD (99 %) de qualit\u00e9 BPF Produit \u00e0 partir des meilleures souches de Cannabis sativa riches en CBD. Extrait de cannabis de haute qualit\u00e9, certifi\u00e9 biologique, cultiv\u00e9 en UE. Le plus pur extrait de CBD jamais produit. Extrait selon les BPF en utilisant du CO2 supercritique. Sans solvant et analys\u00e9 en laboratoire.<\/p>\n<h3>Les cristaux de cannabis contiennent:<\/h3>\n<p>Phytocannabino\u00efdes : Cannabidiol (CBD) pur 99 %, 0 % de THC.<br \/>\nTerp\u00e8nes : myrc\u00e8ne, limon\u00e8ne, \u03b1-pin\u00e8ne et \u03b2-pin\u00e8ne, linalool, \u03b2-caryophyll\u00e8ne, oxyde de caryophyll\u00e8ne, terpin\u00e8ne et humul\u00e8ne.<\/p>\n\t\t<\/div>\n\t<\/div>\n<\/div><\/div><\/div><\/div><\/div><\/div>","protected":false},"excerpt":{"rendered":"<p>Composition CBD (Cannabidiol) pur Chaque boite contient 1g (1000 mg) de CBD (99 %) de qualit\u00e9 BPF Produit \u00e0 partir&#8230;<\/p>\n","protected":false},"featured_media":216358,"template":"","meta":{"_acf_changed":false},"product_brand":[],"product_cat":[182],"product_tag":[],"class_list":{"0":"post-11631","1":"product","2":"type-product","3":"status-publish","4":"has-post-thumbnail","6":"product_cat-cristaux-de-cannabis","7":"","9":"first","10":"instock","11":"taxable","12":"shipping-taxable","13":"purchasable","14":"product-type-simple"},"acf":[],"yoast_head":"<title>Cristaux de cannabis avec 99% CBD (Puret\u00e9 maximale CBD)<\/title>\n<meta name=\"description\" content=\"Les cristaux de CBD offrent une puret\u00e9 maximale. Le CBD pur peut \u00eatre utilis\u00e9 comme ingr\u00e9dient dans les produits alimentaires ou pour la vaporisation.\" \/>\n<meta name=\"robots\" content=\"index, follow, max-snippet:-1, max-image-preview:large, max-video-preview:-1\" \/>\n<link rel=\"canonical\" href=\"https:\/\/www.endoca.com\/fr\/wp-json\/wp\/v2\/product\/11631\" \/>\n<meta property=\"og:locale\" content=\"fr_FR\" \/>\n<meta property=\"og:type\" content=\"article\" \/>\n<meta property=\"og:title\" content=\"Cristaux de cannabis avec 99% CBD (Puret\u00e9 maximale CBD)\" \/>\n<meta property=\"og:description\" content=\"Les cristaux de CBD offrent une puret\u00e9 maximale. Le CBD pur peut \u00eatre utilis\u00e9 comme ingr\u00e9dient dans les produits alimentaires ou pour la vaporisation.\" \/>\n<meta property=\"og:url\" content=\"https:\/\/www.endoca.com\/fr\/product\/cristaux-de-cannabis-99-cbd\" \/>\n<meta property=\"og:site_name\" content=\"Endoca\u00a9 CBD\" \/>\n<meta property=\"article:publisher\" content=\"https:\/\/www.facebook.com\/endoca\" \/>\n<meta property=\"article:modified_time\" content=\"2021-10-19T07:42:32+00:00\" \/>\n<meta property=\"og:image\" content=\"https:\/\/www.endoca.com\/wp-content\/uploads\/2017\/12\/CRYSTALS-8.jpg\" \/>\n\t<meta property=\"og:image:width\" content=\"1200\" \/>\n\t<meta property=\"og:image:height\" content=\"1200\" \/>\n\t<meta property=\"og:image:type\" content=\"image\/jpeg\" \/>\n<meta name=\"twitter:card\" content=\"summary_large_image\" \/>\n<meta name=\"twitter:site\" content=\"@Endocacbdoil\" \/>\n<meta name=\"twitter:label1\" content=\"Dur\u00e9e de lecture estim\u00e9e\" \/>\n\t<meta name=\"twitter:data1\" content=\"1 minute\" \/>","yoast_head_json":{"title":"Cristaux de cannabis avec 99% CBD (Puret\u00e9 maximale CBD)","description":"Les cristaux de CBD offrent une puret\u00e9 maximale. Le CBD pur peut \u00eatre utilis\u00e9 comme ingr\u00e9dient dans les produits alimentaires ou pour la vaporisation.","robots":{"index":"index","follow":"follow","max-snippet":"max-snippet:-1","max-image-preview":"max-image-preview:large","max-video-preview":"max-video-preview:-1"},"canonical":"https:\/\/www.endoca.com\/fr\/wp-json\/wp\/v2\/product\/11631","og_locale":"fr_FR","og_type":"article","og_title":"Cristaux de cannabis avec 99% CBD (Puret\u00e9 maximale CBD)","og_description":"Les cristaux de CBD offrent une puret\u00e9 maximale. Le CBD pur peut \u00eatre utilis\u00e9 comme ingr\u00e9dient dans les produits alimentaires ou pour la vaporisation.","og_url":"https:\/\/www.endoca.com\/fr\/product\/cristaux-de-cannabis-99-cbd","og_site_name":"Endoca\u00a9 CBD","article_publisher":"https:\/\/www.facebook.com\/endoca","article_modified_time":"2021-10-19T07:42:32+00:00","og_image":[{"width":1200,"height":1200,"url":"https:\/\/www.endoca.com\/wp-content\/uploads\/2017\/12\/CRYSTALS-8.jpg","type":"image\/jpeg"}],"twitter_card":"summary_large_image","twitter_site":"@Endocacbdoil","twitter_misc":{"Dur\u00e9e de lecture estim\u00e9e":"1 minute"},"schema":{"@context":"https:\/\/schema.org","@graph":[{"@type":"WebPage","@id":"https:\/\/www.endoca.com\/fr\/product\/cristaux-de-cannabis-99-cbd","url":"https:\/\/www.endoca.com\/fr\/product\/cristaux-de-cannabis-99-cbd","name":"Cristaux de cannabis avec 99% CBD (Puret\u00e9 maximale CBD)","isPartOf":{"@id":"https:\/\/www.endoca.com\/#website"},"primaryImageOfPage":{"@id":"https:\/\/www.endoca.com\/fr\/product\/cristaux-de-cannabis-99-cbd#primaryimage"},"image":{"@id":"https:\/\/www.endoca.com\/fr\/product\/cristaux-de-cannabis-99-cbd#primaryimage"},"thumbnailUrl":"https:\/\/www.endoca.com\/wp-content\/uploads\/2017\/12\/CRYSTALS-8.jpg","datePublished":"2017-12-19T10:57:08+00:00","dateModified":"2021-10-19T07:42:32+00:00","description":"Les cristaux de CBD offrent une puret\u00e9 maximale. Le CBD pur peut \u00eatre utilis\u00e9 comme ingr\u00e9dient dans les produits alimentaires ou pour la vaporisation.","breadcrumb":{"@id":"https:\/\/www.endoca.com\/fr\/product\/cristaux-de-cannabis-99-cbd#breadcrumb"},"inLanguage":"fr-FR","potentialAction":[{"@type":"ReadAction","target":["https:\/\/www.endoca.com\/fr\/product\/cristaux-de-cannabis-99-cbd"]}]},{"@type":"ImageObject","inLanguage":"fr-FR","@id":"https:\/\/www.endoca.com\/fr\/product\/cristaux-de-cannabis-99-cbd#primaryimage","url":"https:\/\/www.endoca.com\/wp-content\/uploads\/2017\/12\/CRYSTALS-8.jpg","contentUrl":"https:\/\/www.endoca.com\/wp-content\/uploads\/2017\/12\/CRYSTALS-8.jpg","width":1200,"height":1200,"caption":"CBD Crystals"},{"@type":"BreadcrumbList","@id":"https:\/\/www.endoca.com\/fr\/product\/cristaux-de-cannabis-99-cbd#breadcrumb","itemListElement":[{"@type":"ListItem","position":1,"name":"Home","item":"https:\/\/www.endoca.com\/fr"},{"@type":"ListItem","position":2,"name":"D\u00e9couvrez Endoca Produits CBD Premium","item":"https:\/\/www.endoca.com\/fr\/boutique"},{"@type":"ListItem","position":3,"name":"Cristaux de cannabis 99% CBD (Pure CBD)"}]},{"@type":"WebSite","@id":"https:\/\/www.endoca.com\/#website","url":"https:\/\/www.endoca.com\/","name":"Endoca\u00a9 CBD","description":"Best CBD Oil 100% organic","publisher":{"@id":"https:\/\/www.endoca.com\/#organization"},"potentialAction":[{"@type":"SearchAction","target":{"@type":"EntryPoint","urlTemplate":"https:\/\/www.endoca.com\/?s={search_term_string}"},"query-input":{"@type":"PropertyValueSpecification","valueRequired":true,"valueName":"search_term_string"}}],"inLanguage":"fr-FR"},{"@type":"Organization","@id":"https:\/\/www.endoca.com\/#organization","name":"Endoca","url":"https:\/\/www.endoca.com\/","logo":{"@type":"ImageObject","inLanguage":"fr-FR","@id":"https:\/\/www.endoca.com\/#\/schema\/logo\/image\/","url":"https:\/\/www.endoca.com\/wp-content\/uploads\/2018\/08\/endoca-logo.png","contentUrl":"https:\/\/www.endoca.com\/wp-content\/uploads\/2018\/08\/endoca-logo.png","width":150,"height":50,"caption":"Endoca"},"image":{"@id":"https:\/\/www.endoca.com\/#\/schema\/logo\/image\/"},"sameAs":["https:\/\/www.facebook.com\/endoca","https:\/\/x.com\/Endocacbdoil","https:\/\/www.instagram.com\/endoca\/","https:\/\/www.youtube.com\/channel\/UCNXwDCTBaa0WPEf1cOUHe9g"]}]}},"_links":{"self":[{"href":"https:\/\/www.endoca.com\/fr\/wp-json\/wp\/v2\/product\/11631","targetHints":{"allow":["GET"]}}],"collection":[{"href":"https:\/\/www.endoca.com\/fr\/wp-json\/wp\/v2\/product"}],"about":[{"href":"https:\/\/www.endoca.com\/fr\/wp-json\/wp\/v2\/types\/product"}],"wp:featuredmedia":[{"embeddable":true,"href":"https:\/\/www.endoca.com\/fr\/wp-json\/wp\/v2\/media\/216358"}],"wp:attachment":[{"href":"https:\/\/www.endoca.com\/fr\/wp-json\/wp\/v2\/media?parent=11631"}],"wp:term":[{"taxonomy":"product_brand","embeddable":true,"href":"https:\/\/www.endoca.com\/fr\/wp-json\/wp\/v2\/product_brand?post=11631"},{"taxonomy":"product_cat","embeddable":true,"href":"https:\/\/www.endoca.com\/fr\/wp-json\/wp\/v2\/product_cat?post=11631"},{"taxonomy":"product_tag","embeddable":true,"href":"https:\/\/www.endoca.com\/fr\/wp-json\/wp\/v2\/product_tag?post=11631"}],"curies":[{"name":"wp","href":"https:\/\/api.w.org\/{rel}","templated":true}]}}