{"id":11628,"date":"2017-12-19T10:57:09","date_gmt":"2017-12-19T10:57:09","guid":{"rendered":"https:\/\/www.endoca.com\/product\/hemp-salve-750mg-cbd\/"},"modified":"2021-10-15T11:12:04","modified_gmt":"2021-10-15T11:12:04","slug":"hemp-salve-750mg-cbd","status":"publish","type":"product","link":"https:\/\/www.endoca.com\/fr\/product\/hemp-salve-750mg-cbd","title":{"rendered":"Salve de CBD (750mg CBD)"},"content":{"rendered":"","protected":false},"excerpt":{"rendered":"","protected":false},"featured_media":291732,"template":"","meta":{"_acf_changed":false},"product_brand":[],"product_cat":[193],"product_tag":[],"class_list":{"0":"post-11628","1":"product","2":"type-product","3":"status-publish","4":"has-post-thumbnail","6":"product_cat-soins-de-la-peau-cbd","7":"","9":"first","10":"instock","11":"taxable","12":"shipping-taxable","13":"purchasable","14":"product-type-variable"},"acf":[],"yoast_head":"<title>Salve de CBD | Plants 100% organiques - bons pour la peau<\/title>\n<meta name=\"description\" content=\"Fabriqu\u00e9 \u00e0 100% d&#039;ingr\u00e9dients naturels et biode qualit\u00e9 alimentaire. Le CBD administr\u00e9 par voie topique est absorb\u00e9 directement par la peau.\" \/>\n<meta name=\"robots\" content=\"index, follow, max-snippet:-1, max-image-preview:large, max-video-preview:-1\" \/>\n<link rel=\"canonical\" href=\"https:\/\/www.endoca.com\/fr\/wp-json\/wp\/v2\/product\/11628\" \/>\n<meta property=\"og:locale\" content=\"fr_FR\" \/>\n<meta property=\"og:type\" content=\"article\" \/>\n<meta property=\"og:title\" content=\"Salve de CBD | Plants 100% organiques - bons pour la peau\" \/>\n<meta property=\"og:description\" content=\"Fabriqu\u00e9 \u00e0 100% d&#039;ingr\u00e9dients naturels et biode qualit\u00e9 alimentaire. Le CBD administr\u00e9 par voie topique est absorb\u00e9 directement par la peau.\" \/>\n<meta property=\"og:url\" content=\"https:\/\/www.endoca.com\/fr\/product\/hemp-salve-750mg-cbd\" \/>\n<meta property=\"og:site_name\" content=\"Endoca\u00a9 CBD\" \/>\n<meta property=\"article:publisher\" content=\"https:\/\/www.facebook.com\/endoca\" \/>\n<meta property=\"article:modified_time\" content=\"2021-10-15T11:12:04+00:00\" \/>\n<meta property=\"og:image\" content=\"https:\/\/www.endoca.com\/wp-content\/uploads\/2017\/12\/salve-7.jpg\" \/>\n\t<meta property=\"og:image:width\" content=\"3000\" \/>\n\t<meta property=\"og:image:height\" content=\"3000\" \/>\n\t<meta property=\"og:image:type\" content=\"image\/jpeg\" \/>\n<meta name=\"twitter:card\" content=\"summary_large_image\" \/>\n<meta name=\"twitter:site\" content=\"@Endocacbdoil\" \/>","yoast_head_json":{"title":"Salve de CBD | Plants 100% organiques - bons pour la peau","description":"Fabriqu\u00e9 \u00e0 100% d'ingr\u00e9dients naturels et biode qualit\u00e9 alimentaire. Le CBD administr\u00e9 par voie topique est absorb\u00e9 directement par la peau.","robots":{"index":"index","follow":"follow","max-snippet":"max-snippet:-1","max-image-preview":"max-image-preview:large","max-video-preview":"max-video-preview:-1"},"canonical":"https:\/\/www.endoca.com\/fr\/wp-json\/wp\/v2\/product\/11628","og_locale":"fr_FR","og_type":"article","og_title":"Salve de CBD | Plants 100% organiques - bons pour la peau","og_description":"Fabriqu\u00e9 \u00e0 100% d'ingr\u00e9dients naturels et biode qualit\u00e9 alimentaire. Le CBD administr\u00e9 par voie topique est absorb\u00e9 directement par la peau.","og_url":"https:\/\/www.endoca.com\/fr\/product\/hemp-salve-750mg-cbd","og_site_name":"Endoca\u00a9 CBD","article_publisher":"https:\/\/www.facebook.com\/endoca","article_modified_time":"2021-10-15T11:12:04+00:00","og_image":[{"width":3000,"height":3000,"url":"https:\/\/www.endoca.com\/wp-content\/uploads\/2017\/12\/salve-7.jpg","type":"image\/jpeg"}],"twitter_card":"summary_large_image","twitter_site":"@Endocacbdoil","schema":{"@context":"https:\/\/schema.org","@graph":[{"@type":"WebPage","@id":"https:\/\/www.endoca.com\/fr\/product\/hemp-salve-750mg-cbd","url":"https:\/\/www.endoca.com\/fr\/product\/hemp-salve-750mg-cbd","name":"Salve de CBD | Plants 100% organiques - bons pour la peau","isPartOf":{"@id":"https:\/\/www.endoca.com\/#website"},"primaryImageOfPage":{"@id":"https:\/\/www.endoca.com\/fr\/product\/hemp-salve-750mg-cbd#primaryimage"},"image":{"@id":"https:\/\/www.endoca.com\/fr\/product\/hemp-salve-750mg-cbd#primaryimage"},"thumbnailUrl":"https:\/\/www.endoca.com\/wp-content\/uploads\/2017\/12\/salve-750mg-2022-4.jpg","datePublished":"2017-12-19T10:57:09+00:00","dateModified":"2021-10-15T11:12:04+00:00","description":"Fabriqu\u00e9 \u00e0 100% d'ingr\u00e9dients naturels et biode qualit\u00e9 alimentaire. Le CBD administr\u00e9 par voie topique est absorb\u00e9 directement par la peau.","breadcrumb":{"@id":"https:\/\/www.endoca.com\/fr\/product\/hemp-salve-750mg-cbd#breadcrumb"},"inLanguage":"fr-FR","potentialAction":[{"@type":"ReadAction","target":["https:\/\/www.endoca.com\/fr\/product\/hemp-salve-750mg-cbd"]}]},{"@type":"ImageObject","inLanguage":"fr-FR","@id":"https:\/\/www.endoca.com\/fr\/product\/hemp-salve-750mg-cbd#primaryimage","url":"https:\/\/www.endoca.com\/wp-content\/uploads\/2017\/12\/salve-750mg-2022-4.jpg","contentUrl":"https:\/\/www.endoca.com\/wp-content\/uploads\/2017\/12\/salve-750mg-2022-4.jpg","width":1200,"height":1200,"caption":"hemp salve"},{"@type":"BreadcrumbList","@id":"https:\/\/www.endoca.com\/fr\/product\/hemp-salve-750mg-cbd#breadcrumb","itemListElement":[{"@type":"ListItem","position":1,"name":"Home","item":"https:\/\/www.endoca.com\/fr"},{"@type":"ListItem","position":2,"name":"D\u00e9couvrez Endoca Produits CBD Premium","item":"https:\/\/www.endoca.com\/fr\/boutique"},{"@type":"ListItem","position":3,"name":"Salve de CBD (750mg CBD)"}]},{"@type":"WebSite","@id":"https:\/\/www.endoca.com\/#website","url":"https:\/\/www.endoca.com\/","name":"Endoca\u00a9 CBD","description":"Best CBD Oil 100% organic","publisher":{"@id":"https:\/\/www.endoca.com\/#organization"},"potentialAction":[{"@type":"SearchAction","target":{"@type":"EntryPoint","urlTemplate":"https:\/\/www.endoca.com\/?s={search_term_string}"},"query-input":{"@type":"PropertyValueSpecification","valueRequired":true,"valueName":"search_term_string"}}],"inLanguage":"fr-FR"},{"@type":"Organization","@id":"https:\/\/www.endoca.com\/#organization","name":"Endoca","url":"https:\/\/www.endoca.com\/","logo":{"@type":"ImageObject","inLanguage":"fr-FR","@id":"https:\/\/www.endoca.com\/#\/schema\/logo\/image\/","url":"https:\/\/www.endoca.com\/wp-content\/uploads\/2018\/08\/endoca-logo.png","contentUrl":"https:\/\/www.endoca.com\/wp-content\/uploads\/2018\/08\/endoca-logo.png","width":150,"height":50,"caption":"Endoca"},"image":{"@id":"https:\/\/www.endoca.com\/#\/schema\/logo\/image\/"},"sameAs":["https:\/\/www.facebook.com\/endoca","https:\/\/x.com\/Endocacbdoil","https:\/\/www.instagram.com\/endoca\/","https:\/\/www.youtube.com\/channel\/UCNXwDCTBaa0WPEf1cOUHe9g"]}]}},"_links":{"self":[{"href":"https:\/\/www.endoca.com\/fr\/wp-json\/wp\/v2\/product\/11628","targetHints":{"allow":["GET"]}}],"collection":[{"href":"https:\/\/www.endoca.com\/fr\/wp-json\/wp\/v2\/product"}],"about":[{"href":"https:\/\/www.endoca.com\/fr\/wp-json\/wp\/v2\/types\/product"}],"wp:featuredmedia":[{"embeddable":true,"href":"https:\/\/www.endoca.com\/fr\/wp-json\/wp\/v2\/media\/291732"}],"wp:attachment":[{"href":"https:\/\/www.endoca.com\/fr\/wp-json\/wp\/v2\/media?parent=11628"}],"wp:term":[{"taxonomy":"product_brand","embeddable":true,"href":"https:\/\/www.endoca.com\/fr\/wp-json\/wp\/v2\/product_brand?post=11628"},{"taxonomy":"product_cat","embeddable":true,"href":"https:\/\/www.endoca.com\/fr\/wp-json\/wp\/v2\/product_cat?post=11628"},{"taxonomy":"product_tag","embeddable":true,"href":"https:\/\/www.endoca.com\/fr\/wp-json\/wp\/v2\/product_tag?post=11628"}],"curies":[{"name":"wp","href":"https:\/\/api.w.org\/{rel}","templated":true}]}}