{"id":11625,"date":"2017-12-19T10:57:11","date_gmt":"2017-12-19T10:57:11","guid":{"rendered":"https:\/\/www.endoca.com\/product\/chewing-gum-biologique-cdb-150-mg-cbd\/"},"modified":"2021-10-19T07:51:39","modified_gmt":"2021-10-19T07:51:39","slug":"chewing-gum-biologique-cdb-100-mg","status":"publish","type":"product","link":"https:\/\/www.endoca.com\/fr\/product\/chewing-gum-biologique-cdb-100-mg","title":{"rendered":"Chewing-gum biologique CDB, 100 mg CBD"},"content":{"rendered":"<div id=\"pl-11625\"  class=\"panel-layout\" ><div id=\"pg-11625-0\"  class=\"panel-grid panel-no-style\" ><div id=\"pgc-11625-0-0\"  class=\"panel-grid-cell\" ><div id=\"panel-11625-0-0-0\" class=\"so-panel widget widget_mtt-product-text panel-first-child\" data-index=\"0\" ><div\n\t\t\t\n\t\t\tclass=\"so-widget-mtt-product-text so-widget-mtt-product-text-base\"\n\t\t\t\n\t\t><div class=\"product-text\">\n\t<div class=\"product-text-inner\">\n\t\t<div class=\"product-text-wrapper\">\n\t\t\t\t\t\t\t<h3>Composition<\/h3>\n\t\t\t\t\t\t<p>le chewing-gum m\u00e2ch\u00e9 ne se biod\u00e9grade pas. Mais le chewing-gum CBD est diff\u00e9rent.<\/p>\n<p>\u00b7 Sans sucre<\/p>\n<p>\u00b7 Sans plastique<\/p>\n<p>\u00b7 Sans agent de conservation<\/p>\n<p>\u00b7 Sans produit chimique<\/p>\n<p>\u00b7 Enti\u00e8rement biod\u00e9gradable<\/p>\n<div><strong>UTILISATION RECOMMAND\u00c9E:<\/strong><\/div>\n<p>M\u00e2cher la gomme (environ 20 minutes).<br \/>\nNe pas manger ou boire pendant 15 minutes avant le chewing-gum CBD, ou en le m\u00e2chant<br \/>\nDur\u00e9e de conservation<br \/>\n1 an.<\/p>\n<p>'&gt;<\/p>\n<div><strong>Chewing-gum biologique CDB, 100 mg CBD<\/strong><\/div>\n<div><\/div>\n<div><strong>10 mg de CBD par gomme, 10 pc - Menthe-<\/strong><\/div>\n<div><\/div>\n<div><strong>Le chewing-gum CBD contient:<\/strong><\/div>\n<p>Gomme de chicle provenant de la for\u00eat tropicale, Xylitol de bouleau, menthe poivr\u00e9e sauvage et menthe, l\u00e9cithine de tournesol issue de<br \/>\ngraines de tournesol et huile de chanvre.<br \/>\n* Le cannabidiol (CBD) est un constituant naturel de la plante de chanvre<\/p>\n<div><strong>Chewing-gum CBD Endoca: Pur\u00a0et naturel<\/strong><\/div>\n<p>Bien que les chewing-gums soient un bon moyen d\u2019utiliser le CBD et qu\u2019ils permettent une absorption rapide dans la circulation sanguine, la plupart des<br \/>\nchewing-gums contiennent tout un tas d'ingr\u00e9dients artificiels. Ils sont aussi mauvais pour l'environnement, puisque<br \/>\nle chewing-gum m\u00e2ch\u00e9 ne se biod\u00e9grade pas. Mais le chewing-gum CBD est diff\u00e9rent.<\/p>\n<p>\u00b7 Sans sucre<\/p>\n<p>\u00b7 Sans plastique<\/p>\n<p>\u00b7 Sans agent de conservation<\/p>\n<p>\u00b7 Sans produit chimique<\/p>\n<p>\u00b7 Enti\u00e8rement biod\u00e9gradable<\/p>\n<div><strong>UTILISATION RECOMMAND\u00c9E:<\/strong><\/div>\n<p>M\u00e2cher la gomme (environ 20 minutes).<br \/>\nNe pas manger ou boire pendant 15 minutes avant le chewing-gum CBD, ou en le m\u00e2chant<br \/>\nDur\u00e9e de conservation<br \/>\n1 an.<\/p>\n\t\t<\/div>\n\t<\/div>\n<\/div><\/div><\/div><div id=\"panel-11625-0-0-1\" class=\"so-panel widget widget_mtt-video-section panel-last-child\" data-index=\"1\" ><div\n\t\t\t\n\t\t\tclass=\"so-widget-mtt-video-section so-widget-mtt-video-section-base\"\n\t\t\t\n\t\t>\n<div class=\"video-section-wrapper--youtube\">\n\t<div class=\"youtube\" data-embed=\"q62rfJaJzJI\">\n\t\t<div class=\"play-button\">\n\t\t\t<span><img decoding=\"async\"  src=\"https:\/\/www.endoca.com\/wp-content\/themes\/mtt-wordpress-theme\/assets\/img\/icons\/play-arrow.svg\" alt=\"video play arrow\"><\/span>\n\t\t\t<span><\/span>\n\t\t\t<span><\/span>\n\t\t<\/div>\n\t<\/div>\n<\/div>\n\n<script>\n\t(function () {\n\t\tvar youtube = document.querySelectorAll('.youtube');\n\n\t\tfor (var i = 0; i < youtube.length; i++) {\n\t\t\tvar source = 'https:\/\/img.youtube.com\/vi\/' + youtube[i].dataset.embed + '\/sddefault.jpg';\n\n\t\t\tvar image = new Image();\n\t\t\timage.src = source;\n\t\t\timage.addEventListener(\"load\", function () {\n\t\t\t\tyoutube[i].appendChild(image).className = 'youtube-background';\n\t\t\t}(i));\n\n\t\t\tyoutube[i].addEventListener(\"click\", function () {\n\t\t\t\tvar iframe = document.createElement('iframe');\n\n\t\t\t\tiframe.setAttribute(\"frameborder\", \"0\");\n\t\t\t\tiframe.setAttribute(\"allowfullscreen\", \"\");\n\t\t\t\tiframe.setAttribute(\"src\", \"https:\/\/www.youtube.com\/embed\/\" + this.dataset.embed + \"?rel=0&showinfo=0&autoplay=1\");\n\n\t\t\t\tthis.innerHTML = \"\";\n\t\t\t\tthis.appendChild(iframe);\n\t\t\t});\n\t\t}\n\t\t;\n\t})();\n<\/script><\/div><\/div><\/div><\/div><\/div>","protected":false},"excerpt":{"rendered":"<p>Composition le chewing-gum m\u00e2ch\u00e9 ne se biod\u00e9grade pas. Mais le chewing-gum CBD est diff\u00e9rent. \u00b7 Sans sucre \u00b7 Sans plastique&#8230;<\/p>\n","protected":false},"featured_media":229843,"template":"","meta":{"_acf_changed":false},"product_brand":[],"product_cat":[589],"product_tag":[],"class_list":{"0":"post-11625","1":"product","2":"type-product","3":"status-publish","4":"has-post-thumbnail","6":"product_cat-cbd-gum-fr","7":"","9":"first","10":"instock","11":"taxable","12":"shipping-taxable","13":"purchasable","14":"product-type-simple"},"acf":[],"yoast_head":"<title>Nos chewing-gums 100% biologiques CDB, avec 100 mg CBD<\/title>\n<meta name=\"description\" content=\"Vous achetez une bo\u00eete de 10 pi\u00e8ces contenant chacune 10 mg de CBD. Le produit est livr\u00e9 dans le monde entier - achetez-le en ligne sur Endoca.com!\" \/>\n<meta name=\"robots\" content=\"index, follow, max-snippet:-1, max-image-preview:large, max-video-preview:-1\" \/>\n<link rel=\"canonical\" href=\"https:\/\/www.endoca.com\/fr\/wp-json\/wp\/v2\/product\/11625\" \/>\n<meta property=\"og:locale\" content=\"fr_FR\" \/>\n<meta property=\"og:type\" content=\"article\" \/>\n<meta property=\"og:title\" content=\"Nos chewing-gums 100% biologiques CDB, avec 100 mg CBD\" \/>\n<meta property=\"og:description\" content=\"Vous achetez une bo\u00eete de 10 pi\u00e8ces contenant chacune 10 mg de CBD. Le produit est livr\u00e9 dans le monde entier - achetez-le en ligne sur Endoca.com!\" \/>\n<meta property=\"og:url\" content=\"https:\/\/www.endoca.com\/fr\/product\/chewing-gum-biologique-cdb-100-mg\" \/>\n<meta property=\"og:site_name\" content=\"Endoca\u00a9 CBD\" \/>\n<meta property=\"article:publisher\" content=\"https:\/\/www.facebook.com\/endoca\" \/>\n<meta property=\"article:modified_time\" content=\"2021-10-19T07:51:39+00:00\" \/>\n<meta property=\"og:image\" content=\"https:\/\/www.endoca.com\/wp-content\/uploads\/2017\/12\/gum-front.jpg\" \/>\n\t<meta property=\"og:image:width\" content=\"1200\" \/>\n\t<meta property=\"og:image:height\" content=\"1200\" \/>\n\t<meta property=\"og:image:type\" content=\"image\/jpeg\" \/>\n<meta name=\"twitter:card\" content=\"summary_large_image\" \/>\n<meta name=\"twitter:site\" content=\"@Endocacbdoil\" \/>\n<meta name=\"twitter:label1\" content=\"Dur\u00e9e de lecture estim\u00e9e\" \/>\n\t<meta name=\"twitter:data1\" content=\"1 minute\" \/>","yoast_head_json":{"title":"Nos chewing-gums 100% biologiques CDB, avec 100 mg CBD","description":"Vous achetez une bo\u00eete de 10 pi\u00e8ces contenant chacune 10 mg de CBD. Le produit est livr\u00e9 dans le monde entier - achetez-le en ligne sur Endoca.com!","robots":{"index":"index","follow":"follow","max-snippet":"max-snippet:-1","max-image-preview":"max-image-preview:large","max-video-preview":"max-video-preview:-1"},"canonical":"https:\/\/www.endoca.com\/fr\/wp-json\/wp\/v2\/product\/11625","og_locale":"fr_FR","og_type":"article","og_title":"Nos chewing-gums 100% biologiques CDB, avec 100 mg CBD","og_description":"Vous achetez une bo\u00eete de 10 pi\u00e8ces contenant chacune 10 mg de CBD. Le produit est livr\u00e9 dans le monde entier - achetez-le en ligne sur Endoca.com!","og_url":"https:\/\/www.endoca.com\/fr\/product\/chewing-gum-biologique-cdb-100-mg","og_site_name":"Endoca\u00a9 CBD","article_publisher":"https:\/\/www.facebook.com\/endoca","article_modified_time":"2021-10-19T07:51:39+00:00","og_image":[{"width":1200,"height":1200,"url":"https:\/\/www.endoca.com\/wp-content\/uploads\/2017\/12\/gum-front.jpg","type":"image\/jpeg"}],"twitter_card":"summary_large_image","twitter_site":"@Endocacbdoil","twitter_misc":{"Dur\u00e9e de lecture estim\u00e9e":"1 minute"},"schema":{"@context":"https:\/\/schema.org","@graph":[{"@type":"WebPage","@id":"https:\/\/www.endoca.com\/fr\/product\/chewing-gum-biologique-cdb-100-mg","url":"https:\/\/www.endoca.com\/fr\/product\/chewing-gum-biologique-cdb-100-mg","name":"Nos chewing-gums 100% biologiques CDB, avec 100 mg CBD","isPartOf":{"@id":"https:\/\/www.endoca.com\/#website"},"primaryImageOfPage":{"@id":"https:\/\/www.endoca.com\/fr\/product\/chewing-gum-biologique-cdb-100-mg#primaryimage"},"image":{"@id":"https:\/\/www.endoca.com\/fr\/product\/chewing-gum-biologique-cdb-100-mg#primaryimage"},"thumbnailUrl":"https:\/\/www.endoca.com\/wp-content\/uploads\/2017\/12\/gum-front.jpg","datePublished":"2017-12-19T10:57:11+00:00","dateModified":"2021-10-19T07:51:39+00:00","description":"Vous achetez une bo\u00eete de 10 pi\u00e8ces contenant chacune 10 mg de CBD. Le produit est livr\u00e9 dans le monde entier - achetez-le en ligne sur Endoca.com!","breadcrumb":{"@id":"https:\/\/www.endoca.com\/fr\/product\/chewing-gum-biologique-cdb-100-mg#breadcrumb"},"inLanguage":"fr-FR","potentialAction":[{"@type":"ReadAction","target":["https:\/\/www.endoca.com\/fr\/product\/chewing-gum-biologique-cdb-100-mg"]}]},{"@type":"ImageObject","inLanguage":"fr-FR","@id":"https:\/\/www.endoca.com\/fr\/product\/chewing-gum-biologique-cdb-100-mg#primaryimage","url":"https:\/\/www.endoca.com\/wp-content\/uploads\/2017\/12\/gum-front.jpg","contentUrl":"https:\/\/www.endoca.com\/wp-content\/uploads\/2017\/12\/gum-front.jpg","width":1200,"height":1200,"caption":"CBD Gum - Front"},{"@type":"BreadcrumbList","@id":"https:\/\/www.endoca.com\/fr\/product\/chewing-gum-biologique-cdb-100-mg#breadcrumb","itemListElement":[{"@type":"ListItem","position":1,"name":"Home","item":"https:\/\/www.endoca.com\/fr"},{"@type":"ListItem","position":2,"name":"D\u00e9couvrez Endoca Produits CBD Premium","item":"https:\/\/www.endoca.com\/fr\/boutique"},{"@type":"ListItem","position":3,"name":"Chewing-gum biologique CDB, 100 mg CBD"}]},{"@type":"WebSite","@id":"https:\/\/www.endoca.com\/#website","url":"https:\/\/www.endoca.com\/","name":"Endoca\u00a9 CBD","description":"Best CBD Oil 100% organic","publisher":{"@id":"https:\/\/www.endoca.com\/#organization"},"potentialAction":[{"@type":"SearchAction","target":{"@type":"EntryPoint","urlTemplate":"https:\/\/www.endoca.com\/?s={search_term_string}"},"query-input":{"@type":"PropertyValueSpecification","valueRequired":true,"valueName":"search_term_string"}}],"inLanguage":"fr-FR"},{"@type":"Organization","@id":"https:\/\/www.endoca.com\/#organization","name":"Endoca","url":"https:\/\/www.endoca.com\/","logo":{"@type":"ImageObject","inLanguage":"fr-FR","@id":"https:\/\/www.endoca.com\/#\/schema\/logo\/image\/","url":"https:\/\/www.endoca.com\/wp-content\/uploads\/2018\/08\/endoca-logo.png","contentUrl":"https:\/\/www.endoca.com\/wp-content\/uploads\/2018\/08\/endoca-logo.png","width":150,"height":50,"caption":"Endoca"},"image":{"@id":"https:\/\/www.endoca.com\/#\/schema\/logo\/image\/"},"sameAs":["https:\/\/www.facebook.com\/endoca","https:\/\/x.com\/Endocacbdoil","https:\/\/www.instagram.com\/endoca\/","https:\/\/www.youtube.com\/channel\/UCNXwDCTBaa0WPEf1cOUHe9g"]}]}},"_links":{"self":[{"href":"https:\/\/www.endoca.com\/fr\/wp-json\/wp\/v2\/product\/11625","targetHints":{"allow":["GET"]}}],"collection":[{"href":"https:\/\/www.endoca.com\/fr\/wp-json\/wp\/v2\/product"}],"about":[{"href":"https:\/\/www.endoca.com\/fr\/wp-json\/wp\/v2\/types\/product"}],"wp:featuredmedia":[{"embeddable":true,"href":"https:\/\/www.endoca.com\/fr\/wp-json\/wp\/v2\/media\/229843"}],"wp:attachment":[{"href":"https:\/\/www.endoca.com\/fr\/wp-json\/wp\/v2\/media?parent=11625"}],"wp:term":[{"taxonomy":"product_brand","embeddable":true,"href":"https:\/\/www.endoca.com\/fr\/wp-json\/wp\/v2\/product_brand?post=11625"},{"taxonomy":"product_cat","embeddable":true,"href":"https:\/\/www.endoca.com\/fr\/wp-json\/wp\/v2\/product_cat?post=11625"},{"taxonomy":"product_tag","embeddable":true,"href":"https:\/\/www.endoca.com\/fr\/wp-json\/wp\/v2\/product_tag?post=11625"}],"curies":[{"name":"wp","href":"https:\/\/api.w.org\/{rel}","templated":true}]}}