{"id":77975,"date":"2018-10-23T14:59:35","date_gmt":"2018-10-23T14:59:35","guid":{"rendered":"https:\/\/www.endoca.com?page_id=77975"},"modified":"2024-08-25T21:06:57","modified_gmt":"2024-08-25T21:06:57","slug":"faq","status":"publish","type":"page","link":"https:\/\/www.endoca.com\/fr\/faq","title":{"rendered":"FAQ"},"content":{"rendered":"","protected":false},"excerpt":{"rendered":"","protected":false},"author":1,"featured_media":0,"parent":0,"menu_order":0,"comment_status":"closed","ping_status":"closed","template":"\/templates\/page-templates\/faq.php","meta":{"_acf_changed":false,"footnotes":""},"class_list":["post-77975","page","type-page","status-publish","hentry"],"acf":[],"yoast_head":"<title>FAQ CBD - Les questions les plus fr\u00e9quentes de nos clients<\/title>\n<meta name=\"description\" content=\"Trouvez ici la r\u00e9ponse aux questions les plus fr\u00e9quemment pos\u00e9es sur Endoca et la CDB.\" \/>\n<meta name=\"robots\" content=\"index, follow, max-snippet:-1, max-image-preview:large, max-video-preview:-1\" \/>\n<link rel=\"canonical\" href=\"https:\/\/www.endoca.com\/fr\/wp-json\/wp\/v2\/pages\/77975\" \/>\n<meta property=\"og:locale\" content=\"fr_FR\" \/>\n<meta property=\"og:type\" content=\"article\" \/>\n<meta property=\"og:title\" content=\"FAQ CBD - Les questions les plus fr\u00e9quentes de nos clients\" \/>\n<meta property=\"og:description\" content=\"Trouvez ici la r\u00e9ponse aux questions les plus fr\u00e9quemment pos\u00e9es sur Endoca et la CDB.\" \/>\n<meta property=\"og:url\" content=\"https:\/\/www.endoca.com\/fr\/faq\" \/>\n<meta property=\"og:site_name\" content=\"Endoca\u00a9 CBD\" \/>\n<meta property=\"article:publisher\" content=\"https:\/\/www.facebook.com\/endoca\" \/>\n<meta property=\"article:modified_time\" content=\"2024-08-25T21:06:57+00:00\" \/>\n<meta property=\"og:image\" content=\"https:\/\/www.endoca.com\/wp-content\/uploads\/2021\/06\/endoca-products.jpg\" \/>\n\t<meta property=\"og:image:width\" content=\"500\" \/>\n\t<meta property=\"og:image:height\" content=\"300\" \/>\n\t<meta property=\"og:image:type\" content=\"image\/jpeg\" \/>\n<meta name=\"twitter:card\" content=\"summary_large_image\" \/>\n<meta name=\"twitter:site\" content=\"@Endocacbdoil\" \/>","yoast_head_json":{"title":"FAQ CBD - Les questions les plus fr\u00e9quentes de nos clients","description":"Trouvez ici la r\u00e9ponse aux questions les plus fr\u00e9quemment pos\u00e9es sur Endoca et la CDB.","robots":{"index":"index","follow":"follow","max-snippet":"max-snippet:-1","max-image-preview":"max-image-preview:large","max-video-preview":"max-video-preview:-1"},"canonical":"https:\/\/www.endoca.com\/fr\/wp-json\/wp\/v2\/pages\/77975","og_locale":"fr_FR","og_type":"article","og_title":"FAQ CBD - Les questions les plus fr\u00e9quentes de nos clients","og_description":"Trouvez ici la r\u00e9ponse aux questions les plus fr\u00e9quemment pos\u00e9es sur Endoca et la CDB.","og_url":"https:\/\/www.endoca.com\/fr\/faq","og_site_name":"Endoca\u00a9 CBD","article_publisher":"https:\/\/www.facebook.com\/endoca","article_modified_time":"2024-08-25T21:06:57+00:00","og_image":[{"width":500,"height":300,"url":"https:\/\/www.endoca.com\/wp-content\/uploads\/2021\/06\/endoca-products.jpg","type":"image\/jpeg"}],"twitter_card":"summary_large_image","twitter_site":"@Endocacbdoil","schema":{"@context":"https:\/\/schema.org","@graph":[{"@type":"WebPage","@id":"https:\/\/www.endoca.com\/fr\/faq","url":"https:\/\/www.endoca.com\/fr\/faq","name":"FAQ CBD - Les questions les plus fr\u00e9quentes de nos clients","isPartOf":{"@id":"https:\/\/www.endoca.com\/#website"},"datePublished":"2018-10-23T14:59:35+00:00","dateModified":"2024-08-25T21:06:57+00:00","description":"Trouvez ici la r\u00e9ponse aux questions les plus fr\u00e9quemment pos\u00e9es sur Endoca et la CDB.","breadcrumb":{"@id":"https:\/\/www.endoca.com\/fr\/faq#breadcrumb"},"inLanguage":"fr-FR","potentialAction":[{"@type":"ReadAction","target":["https:\/\/www.endoca.com\/fr\/faq"]}]},{"@type":"BreadcrumbList","@id":"https:\/\/www.endoca.com\/fr\/faq#breadcrumb","itemListElement":[{"@type":"ListItem","position":1,"name":"Home","item":"https:\/\/www.endoca.com\/fr"},{"@type":"ListItem","position":2,"name":"FAQ"}]},{"@type":"WebSite","@id":"https:\/\/www.endoca.com\/#website","url":"https:\/\/www.endoca.com\/","name":"Endoca\u00a9 CBD","description":"Best CBD Oil 100% organic","publisher":{"@id":"https:\/\/www.endoca.com\/#organization"},"potentialAction":[{"@type":"SearchAction","target":{"@type":"EntryPoint","urlTemplate":"https:\/\/www.endoca.com\/?s={search_term_string}"},"query-input":{"@type":"PropertyValueSpecification","valueRequired":true,"valueName":"search_term_string"}}],"inLanguage":"fr-FR"},{"@type":"Organization","@id":"https:\/\/www.endoca.com\/#organization","name":"Endoca","url":"https:\/\/www.endoca.com\/","logo":{"@type":"ImageObject","inLanguage":"fr-FR","@id":"https:\/\/www.endoca.com\/#\/schema\/logo\/image\/","url":"https:\/\/www.endoca.com\/wp-content\/uploads\/2018\/08\/endoca-logo.png","contentUrl":"https:\/\/www.endoca.com\/wp-content\/uploads\/2018\/08\/endoca-logo.png","width":150,"height":50,"caption":"Endoca"},"image":{"@id":"https:\/\/www.endoca.com\/#\/schema\/logo\/image\/"},"sameAs":["https:\/\/www.facebook.com\/endoca","https:\/\/x.com\/Endocacbdoil","https:\/\/www.instagram.com\/endoca\/","https:\/\/www.youtube.com\/channel\/UCNXwDCTBaa0WPEf1cOUHe9g"]}]}},"_links":{"self":[{"href":"https:\/\/www.endoca.com\/fr\/wp-json\/wp\/v2\/pages\/77975","targetHints":{"allow":["GET"]}}],"collection":[{"href":"https:\/\/www.endoca.com\/fr\/wp-json\/wp\/v2\/pages"}],"about":[{"href":"https:\/\/www.endoca.com\/fr\/wp-json\/wp\/v2\/types\/page"}],"author":[{"embeddable":true,"href":"https:\/\/www.endoca.com\/fr\/wp-json\/wp\/v2\/users\/1"}],"replies":[{"embeddable":true,"href":"https:\/\/www.endoca.com\/fr\/wp-json\/wp\/v2\/comments?post=77975"}],"version-history":[{"count":1,"href":"https:\/\/www.endoca.com\/fr\/wp-json\/wp\/v2\/pages\/77975\/revisions"}],"predecessor-version":[{"id":327293,"href":"https:\/\/www.endoca.com\/fr\/wp-json\/wp\/v2\/pages\/77975\/revisions\/327293"}],"wp:attachment":[{"href":"https:\/\/www.endoca.com\/fr\/wp-json\/wp\/v2\/media?parent=77975"}],"curies":[{"name":"wp","href":"https:\/\/api.w.org\/{rel}","templated":true}]}}