{"id":2814,"date":"2017-11-08T10:14:59","date_gmt":"2017-11-08T10:14:59","guid":{"rendered":"https:\/\/www.endoca.com\/cbd-wholesale\/"},"modified":"2021-10-15T11:06:22","modified_gmt":"2021-10-15T11:06:22","slug":"la-vente-en-gros-de-cbd","status":"publish","type":"page","link":"https:\/\/www.endoca.com\/fr\/la-vente-en-gros-de-cbd","title":{"rendered":"La vente en gros de CBD"},"content":{"rendered":"<div id=\"pl-2814\"  class=\"panel-layout\" ><div id=\"pg-2814-0\"  class=\"panel-grid panel-no-style\" ><div id=\"pgc-2814-0-0\"  class=\"panel-grid-cell\" ><div id=\"panel-2814-0-0-0\" class=\"so-panel widget widget_mtt-cover-section panel-first-child panel-last-child\" data-index=\"0\" ><div\n\t\t\t\n\t\t\tclass=\"so-widget-mtt-cover-section so-widget-mtt-cover-section-base\"\n\t\t\t\n\t\t><div class=\"cover-wrapper compact\">\n\t<script type=\"application\/ld+json\">\n\t{\n\t\"@context\": \"http:\/\/schema.org\",\n\t\"@type\": \"BreadcrumbList\",\n\t\"itemListElement\": [\n\t\t\t\t{\n\t\t\"@type\": \"ListItem\",\n\t\t\"position\": 1,\n\t\t\"item\": {\n\t\t\t\"@id\": \"https:\/\/www.endoca.com\/fr\",\n\t\t\t\"name\": \"Accueil\"\n\t\t}\n\t\t}\n\t\t\t\t,\n\t\t\t\t\t\t{\n\t\t\"@type\": \"ListItem\",\n\t\t\"position\": 2,\n\t\t\"item\": {\n\t\t\t\"@id\": \"https:\/\/www.endoca.com\/fr\/la-vente-en-gros-de-cbd\",\n\t\t\t\"name\": \"La vente en gros de CBD\"\n\t\t}\n\t\t}\n\t\t\t\t\t\t]\n\t}\n<\/script>\n\n<div class=\"new-breadcrumb\">\n\t<ol class=\"breadcrumbs\">\n\t\t\t\t\t<li>\n\t\t\t\t\t\t\t\t\t<a href=\"https:\/\/www.endoca.com\/fr\">Accueil<\/a>\n\t\t\t\t\t\t\t<\/li>\n\t\t\t\t\t<li>\n\t\t\t\t\t\t\t\t\tLa vente en gros de CBD\t\t\t\t\t\t\t<\/li>\n\t\t\t<\/ol>\n<\/div>\n\n\t<!-- Cover content -->\n\t<div class=\"cover-container\">\n\t\t<div class=\"cover-text-wrapper white\">\n\t\t\t<h1>La vente en gros de CBD<\/h1>\n\t\t\t\t\t<\/div>\n\t\t\t<\/div>\n<\/div>\n\n<!-- Structured data -->\n<\/div><\/div><\/div><\/div><div id=\"pg-2814-1\"  class=\"panel-grid panel-no-style\" ><div id=\"pgc-2814-1-0\"  class=\"panel-grid-cell\" ><div id=\"panel-2814-1-0-0\" class=\"so-panel widget widget_mtt-text-island panel-first-child panel-last-child\" data-index=\"1\" ><div\n\t\t\t\n\t\t\tclass=\"so-widget-mtt-text-island so-widget-mtt-text-island-base\"\n\t\t\t\n\t\t><div class=\"text-island-wrapper\">\n\t<div class=\"text-island-container\">\n\t\t<div class=\"text-island\">\n\t\t\t<h2>Endoca en gros<\/h2>\n\t\t\t<p>Les extraits de chanvre que nous cr\u00e9ons peuvent \u00eatre divis\u00e9s en diff\u00e9rentes cat\u00e9gories selon le processus. Selon le produit que vous souhaitez formuler, il y a diff\u00e9rents types d'extraits avec diff\u00e9rents avantages pour chacuns.<\/p>\n\t\t<\/div>\n\t<\/div>\n<\/div><\/div><\/div><\/div><\/div><div id=\"pg-2814-2\"  class=\"panel-grid panel-no-style\" ><div id=\"pgc-2814-2-0\"  class=\"panel-grid-cell\" ><div id=\"panel-2814-2-0-0\" class=\"so-panel widget widget_mtt-text-image-products panel-first-child panel-last-child\" data-index=\"2\" ><div\n\t\t\t\n\t\t\tclass=\"so-widget-mtt-text-image-products so-widget-mtt-text-image-products-base\"\n\t\t\t\n\t\t>\n<div class=\"text-image-wrapper\">\n\t<div class=\"text-image-container\">\n\t\t\t\t\t\n\t\t\t<div class=\"text-image-section spacing-bottom\">\n\t\t\t\t<div class=\"text-image-content-wrap\">\n\t\t\t\t\t<div class=\"text-image-content\">\n\t\t\t\t\t\t<h2>L&#039;extraction du CO2 (premier extrait)<\/h2>\t\t\t\t\t\t<p><span lang=\"fr\">Nous extrayons du chanvre en utilisant du CO2, ce qui donne un extrait solide identique \u00e0 une p\u00e2te. L'extrait de la premi\u00e8re extraction est une p\u00e2te \u00e9paisse de couleur dor\u00e9e. L'extraction peut varier en % de CBD et CBDa de 3% (CBD) \u00e0 30% (CBD). En g\u00e9n\u00e9ral, nous vous fournissons 7% (CBD) ou 7% Raw (CBD + CBDa). La raison pour laquelle nous faisons 7% en base standard est que la teneur en THC est alors inf\u00e9rieure \u00e0 0,2% et il est tr\u00e8s facile de fabriquer un produit standard en grande quantit\u00e9. Si vous avez des besoins sp\u00e9ciaux pour ce type de produit, n'h\u00e9sitez pas \u00e0 nous en informer car il est possible d'augmenter le pourcentage de CBD ou de CBDa.<\/span><\/p>\n\t\t\t\t\t\t\t\t\t\t\t\t\t\t\t\t\t\t\t\t\t\t\t\t\t\t\t<a class=\"button secondary\"\n\t\t\t\t\t\t\t   href=\"https:\/\/docs.google.com\/forms\/d\/e\/1FAIpQLSdcqaJU1r0oR-rlgnxvsS0UzpLs1WENiXKR5mW8-X2V8lFkqw\/viewform\" target=\"_blank\" rel=\"noopener noreferrer\">\n\t\t\t\t\t\t\t\tNous contacter\t\t\t\t\t\t\t<\/a>\n\t\t\t\t\t\t\t\t\t\t\t<\/div>\n\t\t\t\t<\/div>\n\t\t\t\t<div class=\"text-image-img products\">\n\t\t\t\t\t<div class=\"img-wrapper\">\n\t\t\t\t\t\t\t\t\t\t\t\t\t\t\t\t\t\t\t\t\t\t\t\t\t\t\t\t\t\t\t\t\t\t\t\t\t\t\t\t<div class=\"product-image full\">\n\t\t\t\t\t\t\t\t\t\t\t\t\t\t\t\t\t\t\t\t\t\t\t\t\t\t\t\t\t\t\t\t\t\t\t<div class=\"play-button\" data-youtubemodal=\"Vg8oed3KNNU\">\n\t\t\t\t\t\t\t\t\t\t<span><img decoding=\"async\"  src=\"https:\/\/www.endoca.com\/wp-content\/themes\/mtt-wordpress-theme\/assets\/img\/icons\/play-arrow.svg\" alt=\"video play arrow\"><\/span>\n\t\t\t\t\t\t\t\t\t\t<span><\/span>\n\t\t\t\t\t\t\t\t\t\t<span><\/span>\n\t\t\t\t\t\t\t\t\t<\/div>\n\t\t\t\t\t\t\t\t\t\t\t\t\t\t\t\t<img decoding=\"async\" src=\"https:\/\/www.endoca.com\/wp-content\/uploads\/2017\/11\/co2-extraction-first-extract.png\" alt=\"co2 extraction first extract\">\n\t\t\t\t\t\t\t<\/div>\n\t\t\t\t\t\t\t\t\t\t\t<\/div>\n\t\t\t\t<\/div>\n\t\t\t<\/div>\n\t\t\t\t\t\n\t\t\t<div class=\"text-image-section reverse spacing-bottom\">\n\t\t\t\t<div class=\"text-image-content-wrap\">\n\t\t\t\t\t<div class=\"text-image-content\">\n\t\t\t\t\t\t<h2>Extrait filtr\u00e9 \u00e0 froid<\/h2>\t\t\t\t\t\t<p>L'extrait contient de nombreuses cires qui rendent le produit un aspect de p\u00e2te. Pour enlever les cires, nous avons deux approches diff\u00e9rentes que nous appelons la filtration:<\/p>\n<p>1. Filtration \u00e0 froid et 2. Filtration \u00e0 chaud<\/p>\n<p>Pour la filtration froide, nous travaillons \u00e0 basse temp\u00e9rature et nous retirons un type de cire du premier extrait. Le r\u00e9sultat est alors un extrait plus souple avec une viscosit\u00e9 inf\u00e9rieure que nous appelons extrait de CBD filtr\u00e9 \u00e0 froid. Parce que la viscosit\u00e9 est plus faible, le produit est plus liquide et permet de le m\u00e9langer facilement avec d'autres produits et de garder le produit final plus liquide.<\/p>\n<p>L'extrait de CBD filtr\u00e9 \u00e0 froid peut varier en% de CBD et CBDa de 10% \u00e0 50%. En standard, nous vous fournissons 20% (CBD) ou 20% Raw (CBD + CBDa). Si vous avez des besoins sp\u00e9ciaux pour ce type de produit, n'h\u00e9sitez pas \u00e0 nous en informer car il y a des possibilit\u00e9s d'augmenter le % de CBD ou CBDa<\/p>\n\t\t\t\t\t\t\t\t\t\t\t\t\t\t\t\t\t\t\t\t\t\t\t\t\t\t\t<a class=\"button secondary\"\n\t\t\t\t\t\t\t   href=\"https:\/\/docs.google.com\/forms\/d\/e\/1FAIpQLSdcqaJU1r0oR-rlgnxvsS0UzpLs1WENiXKR5mW8-X2V8lFkqw\/viewform\" target=\"_blank\" rel=\"noopener noreferrer\">\n\t\t\t\t\t\t\t\tNous contacter\t\t\t\t\t\t\t<\/a>\n\t\t\t\t\t\t\t\t\t\t\t<\/div>\n\t\t\t\t<\/div>\n\t\t\t\t<div class=\"text-image-img products\">\n\t\t\t\t\t<div class=\"img-wrapper\">\n\t\t\t\t\t\t\t\t\t\t\t\t\t\t\t\t\t\t\t\t\t\t\t\t\t\t\t\t\t\t\t\t\t\t\t\t\t\t\t\t<div class=\"product-image\">\n\t\t\t\t\t\t\t\t\t\t\t\t\t\t\t\t\t\t\t\t\t\t\t\t\t\t\t\t\t\t\t\t\t\t\t<div class=\"play-button\" data-youtubemodal=\"QrQE4Dl3-0I\">\n\t\t\t\t\t\t\t\t\t\t<span><img decoding=\"async\"  src=\"https:\/\/www.endoca.com\/wp-content\/themes\/mtt-wordpress-theme\/assets\/img\/icons\/play-arrow.svg\" alt=\"video play arrow\"><\/span>\n\t\t\t\t\t\t\t\t\t\t<span><\/span>\n\t\t\t\t\t\t\t\t\t\t<span><\/span>\n\t\t\t\t\t\t\t\t\t<\/div>\n\t\t\t\t\t\t\t\t\t\t\t\t\t\t\t\t<img decoding=\"async\" src=\"https:\/\/www.endoca.com\/wp-content\/uploads\/2017\/11\/cold-filtered-extract-liquid.png\" alt=\"cold filtered extract liquid\">\n\t\t\t\t\t\t\t<\/div>\n\t\t\t\t\t\t\t\t\t\t\t\t\t\t\t\t\t\t\t\t\t\t\t\t\t\t\t\t\t\t\t\t\t\t<div class=\"product-image\">\n\t\t\t\t\t\t\t\t\t\t\t\t\t\t\t\t\t\t\t\t\t\t\t\t\t\t\t\t\t\t\t\t\t\t\t<div class=\"play-button\" data-youtubemodal=\"qqy_AgcGuSs\">\n\t\t\t\t\t\t\t\t\t\t<span><img decoding=\"async\"  src=\"https:\/\/www.endoca.com\/wp-content\/themes\/mtt-wordpress-theme\/assets\/img\/icons\/play-arrow.svg\" alt=\"video play arrow\"><\/span>\n\t\t\t\t\t\t\t\t\t\t<span><\/span>\n\t\t\t\t\t\t\t\t\t\t<span><\/span>\n\t\t\t\t\t\t\t\t\t<\/div>\n\t\t\t\t\t\t\t\t\t\t\t\t\t\t\t\t<img decoding=\"async\" src=\"https:\/\/www.endoca.com\/wp-content\/uploads\/2017\/11\/cold-filtered-extract-extraliquid.png\" alt=\"cold filtered extract liquid\">\n\t\t\t\t\t\t\t<\/div>\n\t\t\t\t\t\t\t\t\t\t\t<\/div>\n\t\t\t\t<\/div>\n\t\t\t<\/div>\n\t\t\t\t\t\n\t\t\t<div class=\"text-image-section spacing-bottom\">\n\t\t\t\t<div class=\"text-image-content-wrap\">\n\t\t\t\t\t<div class=\"text-image-content\">\n\t\t\t\t\t\t<h2>Extraits filtr\u00e9s \u00e0 chaud &quot;Golden CBD oil, L&#039;huile de CBD dor\u00e9e&quot;<\/h2>\t\t\t\t\t\t<p>Nous travaillons avec des temp\u00e9ratures plus \u00e9lev\u00e9es et enlevons un autre type de cire de l'extrait de CBD filtr\u00e9 \u00e0 froid, le r\u00e9sultat est un extrait plus souple avec une viscosit\u00e9 plus faible que nous appelons extrait de CBD chaud filtr\u00e9 ou \"l'huile dor\u00e9e\". La viscosit\u00e9 est inf\u00e9rieure \u00e0 la premi\u00e8re extraction de CBD mais plus \u00e9lev\u00e9e que dans l'extrait de CBD filtr\u00e9 \u00e0 froid. La texture ressemble plus \u00e0 l'huile de noix de coco car elle devient liquide lorsque la temp\u00e9rature est \u00e9lev\u00e9e et solide, lorsque la temp\u00e9rature est inf\u00e9rieure \u00e0 20 \u00b0 C. L'extrait de CBD filtr\u00e9 \u00e0 chaud peut varier en % de CBD et CBDa de 10% \u00e0 50%, en base standard. Nous vous fournissons 20% (CBD) ou 20% Raw (CBD + CBDa). Si vous avez des besoins sp\u00e9ciaux pour ce type de produit, n'h\u00e9sitez pas \u00e0 nous en informer car il y a des possibilit\u00e9s d'augmenter le% de CBD ou CBDa.<\/p>\n\t\t\t\t\t\t\t\t\t\t\t\t\t\t\t\t\t\t\t\t\t\t\t\t\t\t\t<a class=\"button secondary\"\n\t\t\t\t\t\t\t   href=\"https:\/\/docs.google.com\/forms\/d\/e\/1FAIpQLSdcqaJU1r0oR-rlgnxvsS0UzpLs1WENiXKR5mW8-X2V8lFkqw\/viewform\" target=\"_blank\" rel=\"noopener noreferrer\">\n\t\t\t\t\t\t\t\tNous contacter\t\t\t\t\t\t\t<\/a>\n\t\t\t\t\t\t\t\t\t\t\t<\/div>\n\t\t\t\t<\/div>\n\t\t\t\t<div class=\"text-image-img products\">\n\t\t\t\t\t<div class=\"img-wrapper\">\n\t\t\t\t\t\t\t\t\t\t\t\t\t\t\t\t\t\t\t\t\t\t\t\t\t\t\t\t\t\t\t\t\t\t\t\t\t\t\t\t<div class=\"product-image\">\n\t\t\t\t\t\t\t\t\t\t\t\t\t\t\t\t\t\t\t\t\t\t\t\t\t\t\t\t\t\t\t\t\t\t\t<div class=\"play-button\" data-youtubemodal=\"rpuMnk2_xD4\">\n\t\t\t\t\t\t\t\t\t\t<span><img decoding=\"async\"  src=\"https:\/\/www.endoca.com\/wp-content\/themes\/mtt-wordpress-theme\/assets\/img\/icons\/play-arrow.svg\" alt=\"video play arrow\"><\/span>\n\t\t\t\t\t\t\t\t\t\t<span><\/span>\n\t\t\t\t\t\t\t\t\t\t<span><\/span>\n\t\t\t\t\t\t\t\t\t<\/div>\n\t\t\t\t\t\t\t\t\t\t\t\t\t\t\t\t<img decoding=\"async\" src=\"https:\/\/www.endoca.com\/wp-content\/uploads\/2017\/11\/hot-filtered-extract-solid.png\" alt=\"hot filtered extract solid\">\n\t\t\t\t\t\t\t<\/div>\n\t\t\t\t\t\t\t\t\t\t\t\t\t\t\t\t\t\t\t\t\t\t\t\t\t\t\t\t\t\t\t\t\t\t<div class=\"product-image\">\n\t\t\t\t\t\t\t\t\t\t\t\t\t\t\t\t\t\t\t\t\t\t\t\t\t\t\t\t\t\t\t\t\t\t\t<div class=\"play-button\" data-youtubemodal=\"FBN-GUkTo8w\">\n\t\t\t\t\t\t\t\t\t\t<span><img decoding=\"async\"  src=\"https:\/\/www.endoca.com\/wp-content\/themes\/mtt-wordpress-theme\/assets\/img\/icons\/play-arrow.svg\" alt=\"video play arrow\"><\/span>\n\t\t\t\t\t\t\t\t\t\t<span><\/span>\n\t\t\t\t\t\t\t\t\t\t<span><\/span>\n\t\t\t\t\t\t\t\t\t<\/div>\n\t\t\t\t\t\t\t\t\t\t\t\t\t\t\t\t<img decoding=\"async\" src=\"https:\/\/www.endoca.com\/wp-content\/uploads\/2017\/11\/hot-filtered-extract-liquid.png\" alt=\"hot filtered extract liquid\">\n\t\t\t\t\t\t\t<\/div>\n\t\t\t\t\t\t\t\t\t\t\t\t\t\t\t\t\t\t\t\t\t\t\t\t\t\t\t\t\t\t\t\t\t\t<div class=\"product-image\">\n\t\t\t\t\t\t\t\t\t\t\t\t\t\t\t\t\t\t\t\t\t\t\t\t\t\t\t\t\t\t\t\t\t\t\t<div class=\"play-button\" data-youtubemodal=\"6eaxAAFHn70\">\n\t\t\t\t\t\t\t\t\t\t<span><img decoding=\"async\"  src=\"https:\/\/www.endoca.com\/wp-content\/themes\/mtt-wordpress-theme\/assets\/img\/icons\/play-arrow.svg\" alt=\"video play arrow\"><\/span>\n\t\t\t\t\t\t\t\t\t\t<span><\/span>\n\t\t\t\t\t\t\t\t\t\t<span><\/span>\n\t\t\t\t\t\t\t\t\t<\/div>\n\t\t\t\t\t\t\t\t\t\t\t\t\t\t\t\t<img decoding=\"async\" src=\"https:\/\/www.endoca.com\/wp-content\/uploads\/2017\/11\/hot-filtered-extract-extraliquid.png\" alt=\"hot filtered extract\">\n\t\t\t\t\t\t\t<\/div>\n\t\t\t\t\t\t\t\t\t\t\t<\/div>\n\t\t\t\t<\/div>\n\t\t\t<\/div>\n\t\t\t\t\t\n\t\t\t<div class=\"text-image-section reverse spacing-bottom\">\n\t\t\t\t<div class=\"text-image-content-wrap\">\n\t\t\t\t\t<div class=\"text-image-content\">\n\t\t\t\t\t\t<h2>99% CBD (Pure CBD)<\/h2>\t\t\t\t\t\t<p>En continuant le processus de filtration de nos extraits, nous produisons notre CBD pur \u00e0 99% et cela peut \u00eatre utilis\u00e9 dans diverses applications de production. \u00c0 titre d'exemple, nous m\u00e9langeons normalement nos extraits avec de l'huile de graines de chanvre biologique pour assouplir la texture. Pour les produits vape, nous recommandons d'utiliser 99% CBD<\/p>\n\t\t\t\t\t\t\t\t\t\t\t\t\t\t\t\t\t\t\t\t\t\t\t\t\t\t\t<a class=\"button secondary\"\n\t\t\t\t\t\t\t   href=\"https:\/\/docs.google.com\/forms\/d\/e\/1FAIpQLSdcqaJU1r0oR-rlgnxvsS0UzpLs1WENiXKR5mW8-X2V8lFkqw\/viewform\" target=\"_blank\" rel=\"noopener noreferrer\">\n\t\t\t\t\t\t\t\tNous contacter\t\t\t\t\t\t\t<\/a>\n\t\t\t\t\t\t\t\t\t\t\t<\/div>\n\t\t\t\t<\/div>\n\t\t\t\t<div class=\"text-image-img products\">\n\t\t\t\t\t<div class=\"img-wrapper\">\n\t\t\t\t\t\t\t\t\t\t\t\t\t\t\t\t\t\t\t\t\t\t\t\t\t\t\t\t\t\t\t\t\t\t\t\t\t\t\t\t<div class=\"product-image full\">\n\t\t\t\t\t\t\t\t\t\t\t\t\t\t\t\t<img decoding=\"async\" src=\"https:\/\/www.endoca.com\/wp-content\/uploads\/2017\/11\/pure-cbd-crystals.png\" alt=\"99% pure cbd crystals\">\n\t\t\t\t\t\t\t<\/div>\n\t\t\t\t\t\t\t\t\t\t\t<\/div>\n\t\t\t\t<\/div>\n\t\t\t<\/div>\n\t\t\t<\/div>\n<\/div><\/div><\/div><\/div><\/div><\/div>","protected":false},"excerpt":{"rendered":"<p>Accueil La vente en gros de CBD La vente en gros de CBD Endoca en gros Les extraits de chanvre&#8230;<\/p>\n","protected":false},"author":1,"featured_media":0,"parent":0,"menu_order":0,"comment_status":"closed","ping_status":"closed","template":"","meta":{"_acf_changed":false,"footnotes":""},"class_list":["post-2814","page","type-page","status-publish","hentry"],"acf":[],"yoast_head":"<title>La vente en gros de CBD - Liste des diff\u00e9rents extraits<\/title>\n<meta name=\"description\" content=\"Les extraits de chanvre que nous cr\u00e9ons peuvent \u00eatre r\u00e9partis en diff\u00e9rentes cat\u00e9gories. Selon le produit, il existe diff\u00e9rents types d&#039;extraits.\" \/>\n<meta name=\"robots\" content=\"index, follow, max-snippet:-1, max-image-preview:large, max-video-preview:-1\" \/>\n<link rel=\"canonical\" href=\"https:\/\/www.endoca.com\/fr\/wp-json\/wp\/v2\/pages\/2814\" \/>\n<meta property=\"og:locale\" content=\"fr_FR\" \/>\n<meta property=\"og:type\" content=\"article\" \/>\n<meta property=\"og:title\" content=\"La vente en gros de CBD - Liste des diff\u00e9rents extraits\" \/>\n<meta property=\"og:description\" content=\"Les extraits de chanvre que nous cr\u00e9ons peuvent \u00eatre r\u00e9partis en diff\u00e9rentes cat\u00e9gories. Selon le produit, il existe diff\u00e9rents types d&#039;extraits.\" \/>\n<meta property=\"og:url\" content=\"https:\/\/www.endoca.com\/fr\/la-vente-en-gros-de-cbd\" \/>\n<meta property=\"og:site_name\" content=\"Endoca\u00a9 CBD\" \/>\n<meta property=\"article:publisher\" content=\"https:\/\/www.facebook.com\/endoca\" \/>\n<meta property=\"article:modified_time\" content=\"2021-10-15T11:06:22+00:00\" \/>\n<meta property=\"og:image\" content=\"https:\/\/www.endoca.com\/wp-content\/uploads\/2017\/11\/hemp-product-display.jpg\" \/>\n\t<meta property=\"og:image:width\" content=\"1530\" \/>\n\t<meta property=\"og:image:height\" content=\"723\" \/>\n\t<meta property=\"og:image:type\" content=\"image\/jpeg\" \/>\n<meta name=\"twitter:card\" content=\"summary_large_image\" \/>\n<meta name=\"twitter:image\" content=\"https:\/\/www.endoca.com\/wp-content\/uploads\/2017\/11\/hemp-product-display.jpg\" \/>\n<meta name=\"twitter:site\" content=\"@Endocacbdoil\" \/>\n<meta name=\"twitter:label1\" content=\"Dur\u00e9e de lecture estim\u00e9e\" \/>\n\t<meta name=\"twitter:data1\" content=\"1 minute\" \/>","yoast_head_json":{"title":"La vente en gros de CBD - Liste des diff\u00e9rents extraits","description":"Les extraits de chanvre que nous cr\u00e9ons peuvent \u00eatre r\u00e9partis en diff\u00e9rentes cat\u00e9gories. Selon le produit, il existe diff\u00e9rents types d'extraits.","robots":{"index":"index","follow":"follow","max-snippet":"max-snippet:-1","max-image-preview":"max-image-preview:large","max-video-preview":"max-video-preview:-1"},"canonical":"https:\/\/www.endoca.com\/fr\/wp-json\/wp\/v2\/pages\/2814","og_locale":"fr_FR","og_type":"article","og_title":"La vente en gros de CBD - Liste des diff\u00e9rents extraits","og_description":"Les extraits de chanvre que nous cr\u00e9ons peuvent \u00eatre r\u00e9partis en diff\u00e9rentes cat\u00e9gories. Selon le produit, il existe diff\u00e9rents types d'extraits.","og_url":"https:\/\/www.endoca.com\/fr\/la-vente-en-gros-de-cbd","og_site_name":"Endoca\u00a9 CBD","article_publisher":"https:\/\/www.facebook.com\/endoca","article_modified_time":"2021-10-15T11:06:22+00:00","og_image":[{"width":1530,"height":723,"url":"https:\/\/www.endoca.com\/wp-content\/uploads\/2017\/11\/hemp-product-display.jpg","type":"image\/jpeg"}],"twitter_card":"summary_large_image","twitter_image":"https:\/\/www.endoca.com\/wp-content\/uploads\/2017\/11\/hemp-product-display.jpg","twitter_site":"@Endocacbdoil","twitter_misc":{"Dur\u00e9e de lecture estim\u00e9e":"1 minute"},"schema":{"@context":"https:\/\/schema.org","@graph":[{"@type":"WebPage","@id":"https:\/\/www.endoca.com\/fr\/la-vente-en-gros-de-cbd","url":"https:\/\/www.endoca.com\/fr\/la-vente-en-gros-de-cbd","name":"La vente en gros de CBD - Liste des diff\u00e9rents extraits","isPartOf":{"@id":"https:\/\/www.endoca.com\/#website"},"datePublished":"2017-11-08T10:14:59+00:00","dateModified":"2021-10-15T11:06:22+00:00","description":"Les extraits de chanvre que nous cr\u00e9ons peuvent \u00eatre r\u00e9partis en diff\u00e9rentes cat\u00e9gories. Selon le produit, il existe diff\u00e9rents types d'extraits.","breadcrumb":{"@id":"https:\/\/www.endoca.com\/fr\/la-vente-en-gros-de-cbd#breadcrumb"},"inLanguage":"fr-FR","potentialAction":[{"@type":"ReadAction","target":["https:\/\/www.endoca.com\/fr\/la-vente-en-gros-de-cbd"]}]},{"@type":"BreadcrumbList","@id":"https:\/\/www.endoca.com\/fr\/la-vente-en-gros-de-cbd#breadcrumb","itemListElement":[{"@type":"ListItem","position":1,"name":"Home","item":"https:\/\/www.endoca.com\/fr"},{"@type":"ListItem","position":2,"name":"La vente en gros de CBD"}]},{"@type":"WebSite","@id":"https:\/\/www.endoca.com\/#website","url":"https:\/\/www.endoca.com\/","name":"Endoca\u00a9 CBD","description":"Best CBD Oil 100% organic","publisher":{"@id":"https:\/\/www.endoca.com\/#organization"},"potentialAction":[{"@type":"SearchAction","target":{"@type":"EntryPoint","urlTemplate":"https:\/\/www.endoca.com\/?s={search_term_string}"},"query-input":{"@type":"PropertyValueSpecification","valueRequired":true,"valueName":"search_term_string"}}],"inLanguage":"fr-FR"},{"@type":"Organization","@id":"https:\/\/www.endoca.com\/#organization","name":"Endoca","url":"https:\/\/www.endoca.com\/","logo":{"@type":"ImageObject","inLanguage":"fr-FR","@id":"https:\/\/www.endoca.com\/#\/schema\/logo\/image\/","url":"https:\/\/www.endoca.com\/wp-content\/uploads\/2018\/08\/endoca-logo.png","contentUrl":"https:\/\/www.endoca.com\/wp-content\/uploads\/2018\/08\/endoca-logo.png","width":150,"height":50,"caption":"Endoca"},"image":{"@id":"https:\/\/www.endoca.com\/#\/schema\/logo\/image\/"},"sameAs":["https:\/\/www.facebook.com\/endoca","https:\/\/x.com\/Endocacbdoil","https:\/\/www.instagram.com\/endoca\/","https:\/\/www.youtube.com\/channel\/UCNXwDCTBaa0WPEf1cOUHe9g"]}]}},"_links":{"self":[{"href":"https:\/\/www.endoca.com\/fr\/wp-json\/wp\/v2\/pages\/2814","targetHints":{"allow":["GET"]}}],"collection":[{"href":"https:\/\/www.endoca.com\/fr\/wp-json\/wp\/v2\/pages"}],"about":[{"href":"https:\/\/www.endoca.com\/fr\/wp-json\/wp\/v2\/types\/page"}],"author":[{"embeddable":true,"href":"https:\/\/www.endoca.com\/fr\/wp-json\/wp\/v2\/users\/1"}],"replies":[{"embeddable":true,"href":"https:\/\/www.endoca.com\/fr\/wp-json\/wp\/v2\/comments?post=2814"}],"version-history":[{"count":0,"href":"https:\/\/www.endoca.com\/fr\/wp-json\/wp\/v2\/pages\/2814\/revisions"}],"wp:attachment":[{"href":"https:\/\/www.endoca.com\/fr\/wp-json\/wp\/v2\/media?parent=2814"}],"curies":[{"name":"wp","href":"https:\/\/api.w.org\/{rel}","templated":true}]}}