{"id":2142,"date":"2017-11-17T13:52:12","date_gmt":"2017-11-17T13:52:12","guid":{"rendered":"https:\/\/www.endoca.com\/quality-reports\/"},"modified":"2025-03-20T00:48:18","modified_gmt":"2025-03-20T00:48:18","slug":"le-rapport-qualite","status":"publish","type":"page","link":"https:\/\/www.endoca.com\/fr\/a-propos-de-nous\/le-rapport-qualite","title":{"rendered":"Le rapport qualit\u00e9"},"content":{"rendered":"<div id=\"pl-2142\"  class=\"panel-layout\" ><div id=\"pg-2142-0\"  class=\"panel-grid panel-no-style\" ><div id=\"pgc-2142-0-0\"  class=\"panel-grid-cell\" ><div id=\"panel-2142-0-0-0\" class=\"so-panel widget widget_mtt-cover-section panel-first-child panel-last-child\" data-index=\"0\" ><div\n\t\t\t\n\t\t\tclass=\"so-widget-mtt-cover-section so-widget-mtt-cover-section-base\"\n\t\t\t\n\t\t><div class=\"cover-wrapper compact\">\n\t<script type=\"application\/ld+json\">\n\t{\n\t\"@context\": \"http:\/\/schema.org\",\n\t\"@type\": \"BreadcrumbList\",\n\t\"itemListElement\": [\n\t\t\t\t{\n\t\t\"@type\": \"ListItem\",\n\t\t\"position\": 1,\n\t\t\"item\": {\n\t\t\t\"@id\": \"https:\/\/www.endoca.com\/fr\",\n\t\t\t\"name\": \"Accueil\"\n\t\t}\n\t\t}\n\t\t\t\t,\n\t\t\t\t\t\t{\n\t\t\"@type\": \"ListItem\",\n\t\t\"position\": 2,\n\t\t\"item\": {\n\t\t\t\"@id\": \"https:\/\/www.endoca.com\/fr\/a-propos-de-nous\",\n\t\t\t\"name\": \"A propos de nous\"\n\t\t}\n\t\t}\n\t\t\t\t,\n\t\t\t\t\t\t{\n\t\t\"@type\": \"ListItem\",\n\t\t\"position\": 3,\n\t\t\"item\": {\n\t\t\t\"@id\": \"https:\/\/www.endoca.com\/fr\/a-propos-de-nous\/le-rapport-qualite\",\n\t\t\t\"name\": \"Le rapport qualit\u00e9\"\n\t\t}\n\t\t}\n\t\t\t\t\t\t]\n\t}\n<\/script>\n\n<div class=\"new-breadcrumb\">\n\t<ol class=\"breadcrumbs\">\n\t\t\t\t\t<li>\n\t\t\t\t\t\t\t\t\t<a href=\"https:\/\/www.endoca.com\/fr\">Accueil<\/a>\n\t\t\t\t\t\t\t<\/li>\n\t\t\t\t\t<li>\n\t\t\t\t\t\t\t\t\t<a href=\"https:\/\/www.endoca.com\/fr\/a-propos-de-nous\">A propos de nous<\/a>\n\t\t\t\t\t\t\t<\/li>\n\t\t\t\t\t<li>\n\t\t\t\t\t\t\t\t\tLe rapport qualit\u00e9\t\t\t\t\t\t\t<\/li>\n\t\t\t<\/ol>\n<\/div>\n\n\t<!-- Cover content -->\n\t<div class=\"cover-container\">\n\t\t<div class=\"cover-text-wrapper white\">\n\t\t\t<h1>Le rapport qualit\u00e9<\/h1>\n\t\t\t\t\t<\/div>\n\t\t\t<\/div>\n<\/div>\n\n<!-- Structured data -->\n<\/div><\/div><\/div><\/div><div id=\"pg-2142-1\"  class=\"panel-grid panel-no-style\" ><div id=\"pgc-2142-1-0\"  class=\"panel-grid-cell\" ><div id=\"panel-2142-1-0-0\" class=\"so-panel widget widget_mtt-text-paper panel-first-child panel-last-child\" data-index=\"1\" ><div\n\t\t\t\n\t\t\tclass=\"so-widget-mtt-text-paper so-widget-mtt-text-paper-base\"\n\t\t\t\n\t\t><div class=\"text-paper-wrapper\">\n\t<div class=\"text-paper-container\">\n\t\t<div class=\"text-paper\">\n\t\t\t\t\t\t\t\t\t\t<div class=\"text-section intro\">\n\t\t\t\t\t<p>We have moved the quality reports to a separate\u00a0<a href=\"https:\/\/lab.endoca.com\/\" target=\"_blank\" rel=\"noopener\">website<\/a>.<\/p>\n<h2>L'analyse de cannabino\u00efdes<\/h2>\n<p><span lang=\"fr\">0,01 g (\u00b1 0,0001) de cristaux ont \u00e9t\u00e9 dissous dans 1 ml de m\u00e9thanol (qualit\u00e9 HPLC). La solution a \u00e9t\u00e9 soniqu\u00e9e pendant 2 minutes et vortex\u00e9e pendant 10 secondes. Les \u00e9chantillons avant l'analyse par HPLC ont \u00e9t\u00e9 davantage dilu\u00e9s avec du methanol jusqu'\u00e0 la concentration finale de 0,01 mg.<\/span><\/p>\n<h2>l'Analyse chromatographique<\/h2>\n<p><span lang=\"fr\">L'analyse de la teneur en cannabino\u00efdes a \u00e9t\u00e9 r\u00e9alis\u00e9e \u00e0 l'aide du module de s\u00e9paration Waters 2695 (Milford, MA, USA) \u00e9quip\u00e9 d'un auto-injecteur, d'un refroidisseur d'\u00e9chantillons, d'un d\u00e9gazeur sous vide et d'unit\u00e9s de chauffage \u00e0 colonne. La s\u00e9paration de tous les cannabino\u00efdes a \u00e9t\u00e9 r\u00e9alis\u00e9e sur une colonne YMC PRO C18 (150 x 4 mm ID., S-3 pm) RP coupl\u00e9e \u00e0 une pr\u00e9colonne C18 maintenue \u00e0 30 \u00b0 C par un four \u00e0 colonne CTO-20AC. L'\u00e9lution isocratique consistait en ac\u00e9tonitrile: de l'eau (FA 0,1%) (4: 1) a \u00e9t\u00e9 r\u00e9alis\u00e9e en 30 minutes. Le d\u00e9bit a \u00e9t\u00e9 maintenu \u00e0 0,8 ml \/ min. Le CBD cannabino\u00efde et le CBD-A ont \u00e9t\u00e9 surveill\u00e9s \u00e0 une longueur d'onde de 225 et 306 nm respectivement en utilisant un d\u00e9tecteur \u00e0 double absorbance Waters 2487 (Milford, MA, USA). Le volume d'injection de 20 pi a \u00e9t\u00e9 inject\u00e9 en utilisant un \u00e9chantillonneur automatique \u00e0 10 \u00b0 C. L'\u00e9valuation des donn\u00e9es \u00e9tait effectu\u00e9 en utilisant le logiciel Empower 2. La quantification du CBD et du CBD-A a \u00e9t\u00e9 obtenue \u00e0 partir de l'\u00e9quation de r\u00e9gression lin\u00e9aire de la courbe d'\u00e9talonnage des \u00e9talons de r\u00e9f\u00e9rence individuels en tra\u00e7ant la concentration par rapport au rapport de surface. La plage d'\u00e9talonnage pour le CBD et le CBD-A \u00e9tait lin\u00e9aire de 5 \u00e0 500 \u03bcg \/ ml. Les \u00e9chantillons contenant une concentration de CBD ou de CBD-A sup\u00e9rieure \u00e0 40% \u00e9taient affaiblis en diluant 10 fois avant l'injection. Le temps de r\u00e9tention de CBD-A \u00e9tait de 7,1 min et celui de CBD de 8,1 min.<\/span><\/p>\n<h2>L'analyse des terp\u00e8nes<\/h2>\n<p><span lang=\"fr\">10 mg d'\u00e9chantillon homog\u00e8ne ont \u00e9t\u00e9 mesur\u00e9 et dilu\u00e9s avec 1 ml de pentane contenant 0,04% de d\u00e9cane comme \u00e9talon interne. Le tube contenant la solution d'\u00e9chantillon a \u00e9t\u00e9 plac\u00e9 dans un bain \u00e0 ultrasons pendant 5 minutes puis m\u00e9lang\u00e9. 200 \u03bcL de solution pr\u00e9par\u00e9e ont \u00e9t\u00e9 dilu\u00e9s avec 800 \u03bcL de pentane pur m\u00e9lang\u00e9s et analys\u00e9s individuellement par GC-FID. Un chromatographe en phase gazeuse Agilent HP 6890 \u00e9quip\u00e9 de FID a \u00e9t\u00e9 utilis\u00e9 pour l'analyse des terp\u00e9no\u00efdes. La s\u00e9paration a \u00e9t\u00e9 effectu\u00e9e sur une colonne capillaire Rtx-5 w \/ Integra-Guard (longueur de 30 m, 0,25 mm de diam\u00e8tre interne et 0,25 um de df). Les injections ont \u00e9t\u00e9 effectu\u00e9es en mode divis\u00e9 en utilisant une doublure sans s\u00e9paration \/ splitless \u00e0 usage g\u00e9n\u00e9ral garnie de laine de verre. Le programme a commenc\u00e9 \u00e0 50 \u00b0 C, a augment\u00e9 \u00e0 280 \u00b0 C (\u00e0 15 \u00b0 C \/ min) et a \u00e9t\u00e9 maintenu pendant 15 minutes pour un total de 31 minutes. 2 ul de chaque \u00e9chantillon ont \u00e9t\u00e9 inject\u00e9s avec de l'h\u00e9lium comme gaz porteur (mode \u00e0 d\u00e9bit constant, 1 ml \/ min) en utilisant un rapport de division 1:10. Les temp\u00e9ratures ont \u00e9t\u00e9 appliqu\u00e9es \u00e0 280 \u00b0 C pour l'injecteur, \u00e0 260 \u00b0 C pour la ligne de transfert. Les donn\u00e9es ont \u00e9t\u00e9 analys\u00e9es en utilisant Chemstation v.D.02.00.275 (Agilent Technologies).<\/span><\/p>\n<p>La liste des Terp\u00e8nes cibl\u00e9es :<\/p>\n<ul>\n<li>Compound RT<\/li>\n<li>Decane (IS) 5,165<\/li>\n<li>\u03b1-pinene 4,635<\/li>\n<li>Myrcene 5,095<\/li>\n<li>Limonene 5,538<\/li>\n<li>Linalool 6,176<\/li>\n<li>E-Caryophyllene 9,328<\/li>\n<\/ul>\n<ol>\n<li>La concentration de d\u00e9cane dans le pentane 0,04% = 1 ml de pentane contient 0,292 mg de d\u00e9cane.<\/li>\n<li>0,01 g d'\u00e9chantillon dissous avec 1000 ul de pentane contenant 0,04% de d\u00e9cane.<\/li>\n<li>Extraire avec une concentration de 10 mg \/ ml dissous 5 fois. Concentration finale de l'extrait en solution \u00e0 2,5 mg \/ ml (0,0025 g \/ ml).<\/li>\n<li>Concentration finale de d\u00e9cane en solution 0,073 mg \/ ml.<\/li>\n<li>0,073 mg de d\u00e9cane \/ 0,0025 g d'extrait = 29,2 mg \/ g d'extrait<\/li>\n<li>Calculs<\/li>\n<\/ol>\n<p><span lang=\"fr\">Pic de la surface de d\u00e9cane - 29,2 mg \/ g extrait Pic de la surface du compos\u00e9 cible - x mg \/ g extrait x = 29,2 \u00d7 <\/span><\/p>\n<p><span lang=\"fr\">Superficie du pic du compos\u00e9 cible \/ Superficie du pic de d\u00e9cane = quantit\u00e9 de compos\u00e9 cible mg \/ g d'extrait.<\/span><\/p>\n\t\t\t\t<\/div>\n\t\t\t\t\t\t\t\t<\/div>\n\t<\/div>\n<\/div><\/div><\/div><\/div><\/div><\/div>","protected":false},"excerpt":{"rendered":"<p>Accueil A propos de nous Le rapport qualit\u00e9 Le rapport qualit\u00e9 We have moved the quality reports to a separate\u00a0website&#8230;.<\/p>\n","protected":false},"author":1,"featured_media":0,"parent":1219,"menu_order":0,"comment_status":"closed","ping_status":"closed","template":"","meta":{"_acf_changed":false,"footnotes":""},"class_list":["post-2142","page","type-page","status-publish","hentry"],"acf":[],"yoast_head":"<title>Le rapport de tests de contr\u00f4le qualit\u00e9 CBD en d\u00e9tails<\/title>\n<meta name=\"description\" content=\"Chez Endoca, nous croyons en des tests de contr\u00f4le de qualit\u00e9 CBD approfondis et pas seulement en pourcentages de CBD.\" \/>\n<meta name=\"robots\" content=\"index, follow, max-snippet:-1, max-image-preview:large, max-video-preview:-1\" \/>\n<link rel=\"canonical\" href=\"https:\/\/www.endoca.com\/fr\/wp-json\/wp\/v2\/pages\/2142\" \/>\n<meta property=\"og:locale\" content=\"fr_FR\" \/>\n<meta property=\"og:type\" content=\"article\" \/>\n<meta property=\"og:title\" content=\"Le rapport de tests de contr\u00f4le qualit\u00e9 CBD en d\u00e9tails\" \/>\n<meta property=\"og:description\" content=\"Chez Endoca, nous croyons en des tests de contr\u00f4le de qualit\u00e9 CBD approfondis et pas seulement en pourcentages de CBD.\" \/>\n<meta property=\"og:url\" content=\"https:\/\/www.endoca.com\/fr\/a-propos-de-nous\/le-rapport-qualite\" \/>\n<meta property=\"og:site_name\" content=\"Endoca\u00a9 CBD\" \/>\n<meta property=\"article:publisher\" content=\"https:\/\/www.facebook.com\/endoca\" \/>\n<meta property=\"article:modified_time\" content=\"2025-03-20T00:48:18+00:00\" \/>\n<meta property=\"og:image\" content=\"https:\/\/www.endoca.com\/wp-content\/uploads\/2021\/06\/endoca-products.jpg\" \/>\n\t<meta property=\"og:image:width\" content=\"500\" \/>\n\t<meta property=\"og:image:height\" content=\"300\" \/>\n\t<meta property=\"og:image:type\" content=\"image\/jpeg\" \/>\n<meta name=\"twitter:card\" content=\"summary_large_image\" \/>\n<meta name=\"twitter:site\" content=\"@Endocacbdoil\" \/>\n<meta name=\"twitter:label1\" content=\"Dur\u00e9e de lecture estim\u00e9e\" \/>\n\t<meta name=\"twitter:data1\" content=\"1 minute\" \/>","yoast_head_json":{"title":"Le rapport de tests de contr\u00f4le qualit\u00e9 CBD en d\u00e9tails","description":"Chez Endoca, nous croyons en des tests de contr\u00f4le de qualit\u00e9 CBD approfondis et pas seulement en pourcentages de CBD.","robots":{"index":"index","follow":"follow","max-snippet":"max-snippet:-1","max-image-preview":"max-image-preview:large","max-video-preview":"max-video-preview:-1"},"canonical":"https:\/\/www.endoca.com\/fr\/wp-json\/wp\/v2\/pages\/2142","og_locale":"fr_FR","og_type":"article","og_title":"Le rapport de tests de contr\u00f4le qualit\u00e9 CBD en d\u00e9tails","og_description":"Chez Endoca, nous croyons en des tests de contr\u00f4le de qualit\u00e9 CBD approfondis et pas seulement en pourcentages de CBD.","og_url":"https:\/\/www.endoca.com\/fr\/a-propos-de-nous\/le-rapport-qualite","og_site_name":"Endoca\u00a9 CBD","article_publisher":"https:\/\/www.facebook.com\/endoca","article_modified_time":"2025-03-20T00:48:18+00:00","og_image":[{"width":500,"height":300,"url":"https:\/\/www.endoca.com\/wp-content\/uploads\/2021\/06\/endoca-products.jpg","type":"image\/jpeg"}],"twitter_card":"summary_large_image","twitter_site":"@Endocacbdoil","twitter_misc":{"Dur\u00e9e de lecture estim\u00e9e":"1 minute"},"schema":{"@context":"https:\/\/schema.org","@graph":[{"@type":"WebPage","@id":"https:\/\/www.endoca.com\/fr\/a-propos-de-nous\/le-rapport-qualite","url":"https:\/\/www.endoca.com\/fr\/a-propos-de-nous\/le-rapport-qualite","name":"Le rapport de tests de contr\u00f4le qualit\u00e9 CBD en d\u00e9tails","isPartOf":{"@id":"https:\/\/www.endoca.com\/#website"},"datePublished":"2017-11-17T13:52:12+00:00","dateModified":"2025-03-20T00:48:18+00:00","description":"Chez Endoca, nous croyons en des tests de contr\u00f4le de qualit\u00e9 CBD approfondis et pas seulement en pourcentages de CBD.","breadcrumb":{"@id":"https:\/\/www.endoca.com\/fr\/a-propos-de-nous\/le-rapport-qualite#breadcrumb"},"inLanguage":"fr-FR","potentialAction":[{"@type":"ReadAction","target":["https:\/\/www.endoca.com\/fr\/a-propos-de-nous\/le-rapport-qualite"]}]},{"@type":"BreadcrumbList","@id":"https:\/\/www.endoca.com\/fr\/a-propos-de-nous\/le-rapport-qualite#breadcrumb","itemListElement":[{"@type":"ListItem","position":1,"name":"Home","item":"https:\/\/www.endoca.com\/fr"},{"@type":"ListItem","position":2,"name":"A propos de nous","item":"https:\/\/www.endoca.com\/fr\/a-propos-de-nous"},{"@type":"ListItem","position":3,"name":"Le rapport qualit\u00e9"}]},{"@type":"WebSite","@id":"https:\/\/www.endoca.com\/#website","url":"https:\/\/www.endoca.com\/","name":"Endoca\u00a9 CBD","description":"Best CBD Oil 100% organic","publisher":{"@id":"https:\/\/www.endoca.com\/#organization"},"potentialAction":[{"@type":"SearchAction","target":{"@type":"EntryPoint","urlTemplate":"https:\/\/www.endoca.com\/?s={search_term_string}"},"query-input":{"@type":"PropertyValueSpecification","valueRequired":true,"valueName":"search_term_string"}}],"inLanguage":"fr-FR"},{"@type":"Organization","@id":"https:\/\/www.endoca.com\/#organization","name":"Endoca","url":"https:\/\/www.endoca.com\/","logo":{"@type":"ImageObject","inLanguage":"fr-FR","@id":"https:\/\/www.endoca.com\/#\/schema\/logo\/image\/","url":"https:\/\/www.endoca.com\/wp-content\/uploads\/2018\/08\/endoca-logo.png","contentUrl":"https:\/\/www.endoca.com\/wp-content\/uploads\/2018\/08\/endoca-logo.png","width":150,"height":50,"caption":"Endoca"},"image":{"@id":"https:\/\/www.endoca.com\/#\/schema\/logo\/image\/"},"sameAs":["https:\/\/www.facebook.com\/endoca","https:\/\/x.com\/Endocacbdoil","https:\/\/www.instagram.com\/endoca\/","https:\/\/www.youtube.com\/channel\/UCNXwDCTBaa0WPEf1cOUHe9g"]}]}},"_links":{"self":[{"href":"https:\/\/www.endoca.com\/fr\/wp-json\/wp\/v2\/pages\/2142","targetHints":{"allow":["GET"]}}],"collection":[{"href":"https:\/\/www.endoca.com\/fr\/wp-json\/wp\/v2\/pages"}],"about":[{"href":"https:\/\/www.endoca.com\/fr\/wp-json\/wp\/v2\/types\/page"}],"author":[{"embeddable":true,"href":"https:\/\/www.endoca.com\/fr\/wp-json\/wp\/v2\/users\/1"}],"replies":[{"embeddable":true,"href":"https:\/\/www.endoca.com\/fr\/wp-json\/wp\/v2\/comments?post=2142"}],"version-history":[{"count":1,"href":"https:\/\/www.endoca.com\/fr\/wp-json\/wp\/v2\/pages\/2142\/revisions"}],"predecessor-version":[{"id":326425,"href":"https:\/\/www.endoca.com\/fr\/wp-json\/wp\/v2\/pages\/2142\/revisions\/326425"}],"up":[{"embeddable":true,"href":"https:\/\/www.endoca.com\/fr\/wp-json\/wp\/v2\/pages\/1219"}],"wp:attachment":[{"href":"https:\/\/www.endoca.com\/fr\/wp-json\/wp\/v2\/media?parent=2142"}],"curies":[{"name":"wp","href":"https:\/\/api.w.org\/{rel}","templated":true}]}}