{"id":1653,"date":"2017-11-09T15:59:00","date_gmt":"2017-11-09T15:59:00","guid":{"rendered":"https:\/\/www.endoca.com\/quality-control\/"},"modified":"2021-10-15T11:14:30","modified_gmt":"2021-10-15T11:14:30","slug":"qualite-garantie","status":"publish","type":"page","link":"https:\/\/www.endoca.com\/fr\/a-propos-de-nous\/qualite-garantie","title":{"rendered":"Qualit\u00e9 garantie"},"content":{"rendered":"<div id=\"pl-1653\"  class=\"panel-layout\" ><div id=\"pg-1653-0\"  class=\"panel-grid panel-no-style\" ><div id=\"pgc-1653-0-0\"  class=\"panel-grid-cell\" ><div id=\"panel-1653-0-0-0\" class=\"so-panel widget widget_mtt-cover-section panel-first-child panel-last-child\" data-index=\"0\" ><div\n\t\t\t\n\t\t\tclass=\"so-widget-mtt-cover-section so-widget-mtt-cover-section-base\"\n\t\t\t\n\t\t><div class=\"cover-wrapper compact\">\n\t<script type=\"application\/ld+json\">\n\t{\n\t\"@context\": \"http:\/\/schema.org\",\n\t\"@type\": \"BreadcrumbList\",\n\t\"itemListElement\": [\n\t\t\t\t{\n\t\t\"@type\": \"ListItem\",\n\t\t\"position\": 1,\n\t\t\"item\": {\n\t\t\t\"@id\": \"https:\/\/www.endoca.com\/fr\",\n\t\t\t\"name\": \"Accueil\"\n\t\t}\n\t\t}\n\t\t\t\t,\n\t\t\t\t\t\t{\n\t\t\"@type\": \"ListItem\",\n\t\t\"position\": 2,\n\t\t\"item\": {\n\t\t\t\"@id\": \"https:\/\/www.endoca.com\/fr\/a-propos-de-nous\",\n\t\t\t\"name\": \"A propos de nous\"\n\t\t}\n\t\t}\n\t\t\t\t,\n\t\t\t\t\t\t{\n\t\t\"@type\": \"ListItem\",\n\t\t\"position\": 3,\n\t\t\"item\": {\n\t\t\t\"@id\": \"https:\/\/www.endoca.com\/fr\/a-propos-de-nous\/qualite-garantie\",\n\t\t\t\"name\": \"Qualit\u00e9 garantie\"\n\t\t}\n\t\t}\n\t\t\t\t\t\t]\n\t}\n<\/script>\n\n<div class=\"new-breadcrumb\">\n\t<ol class=\"breadcrumbs\">\n\t\t\t\t\t<li>\n\t\t\t\t\t\t\t\t\t<a href=\"https:\/\/www.endoca.com\/fr\">Accueil<\/a>\n\t\t\t\t\t\t\t<\/li>\n\t\t\t\t\t<li>\n\t\t\t\t\t\t\t\t\t<a href=\"https:\/\/www.endoca.com\/fr\/a-propos-de-nous\">A propos de nous<\/a>\n\t\t\t\t\t\t\t<\/li>\n\t\t\t\t\t<li>\n\t\t\t\t\t\t\t\t\tQualit\u00e9 garantie\t\t\t\t\t\t\t<\/li>\n\t\t\t<\/ol>\n<\/div>\n\n\t<!-- Cover content -->\n\t<div class=\"cover-container\">\n\t\t<div class=\"cover-text-wrapper white\">\n\t\t\t<h1>Qualit\u00e9 garantie<\/h1>\n\t\t\t\t\t<\/div>\n\t\t\t<\/div>\n<\/div>\n\n<!-- Structured data -->\n<\/div><\/div><\/div><\/div><div id=\"pg-1653-1\"  class=\"panel-grid panel-no-style\" ><div id=\"pgc-1653-1-0\"  class=\"panel-grid-cell\" ><div id=\"panel-1653-1-0-0\" class=\"so-panel widget widget_mtt-text-image panel-first-child panel-last-child\" data-index=\"1\" ><div\n\t\t\t\n\t\t\tclass=\"so-widget-mtt-text-image so-widget-mtt-text-image-base\"\n\t\t\t\n\t\t>\n<div class=\"text-image-wrapper\">\n\t<div class=\"text-image-container\">\n\t\t\n\t\t\t\t<div class=\"text-image-section spacing-bottom--big \">\n\t\t\t\t\t<div class=\"text-image-content-wrap\">\n\t\t\t\t\t\t<div class=\"text-image-content\">\n\t\t\t\t\t\t\t<h2>Chez Endoca, nous testons la qualit\u00e9 de tous nos produits CBD <\/h2>\t\t\t\t\t\t\t<p>Dans l'industrie du chanvre, il y a un manque g\u00e9n\u00e9ral de normes pour les producteurs. La plupart des laboratoires publics ont des difficult\u00e9s \u00e0 recueillir des r\u00e9sultats d'analyse fiables \u00e0 cause d'un certain nombre de raisons.<\/p>\n<p>Nous consid\u00e9rons les tests de fa\u00e7on tr\u00e8s s\u00e9rieuse ici chez Endoca et nous investissons beaucoup d'argent et de ressources pour le contr\u00f4le de la qualit\u00e9. Nous nous effor\u00e7ons d'am\u00e9liorer constamment nos produits et nous nous assurons\u00a0 \u00e0 ce que la qualit\u00e9 de nos produits soit constamment au-dessus de la moyenne. Nous esp\u00e9rons donner\u00a0 l'exemple d'une qualit\u00e9 irr\u00e9prochable pour les produits de l'industrie du chanvre. Nous voulons encourager les producteurs de chanvre \u00e0 am\u00e9liorer les normes de leurs produits gr\u00e2ce \u00e0 l'analyse et \u00e0 l'assurance qualit\u00e9 et ainsi am\u00e9liorer la qualit\u00e9 de l'ensemble de l'industrie. Nous souhaitons collaborer avec d'autres producteurs pour discuter des techniques et de l'expertise dans la culture du chanvre et dans cette optique augmenter le niveau de qualit\u00e9 en assurant la s\u00e9curit\u00e9 du consommateur. De nombreux produits sur le march\u00e9 contiennent des pesticides, des herbicides, des moisissures, des champignons et des mycotoxines dangereuses. Nous testons et analysons avec une technologie de pointe et des \u00e9quipements de classe mondiale pour garantir la s\u00e9curit\u00e9 et la sant\u00e9 de nos produits. Nous testons plus de 200 pesticides diff\u00e9rents, m\u00e9taux lourds et mycotoxines. Notre qualit\u00e9 est v\u00e9rifi\u00e9e par notre certification BPF et des tests de laboratoire tiers.<\/p>\t\t\t\t\t\t<\/div>\n\t\t\t\t\t<\/div>\n\t\t\t\t\t<div class=\"text-image-img \">\n\t\t\t\t\t\t\n\t\t<picture>\n\t\t\t\n\t\t\t\t\t\t\t\t<source srcset=\"https:\/\/www.endoca.com\/wp-content\/uploads\/2017\/11\/laboratory-hemp@mobile.jpg,\n\t\t\t\t\t\t\thttps:\/\/www.endoca.com\/wp-content\/uploads\/2017\/11\/laboratory-hemp@mobile.jpg 2x\"\n\t\t\t\t\t\tmedia=\"(max-width: 580px)\"\n\t\t\t\t\t\t\t\t\t\t\t>\n\t\t\t\n\t\t\t\t\t\t\n\t\t\t\t\t\t\t<source\n\t\t\t\t\tsrcset=\"https:\/\/www.endoca.com\/wp-content\/uploads\/2017\/11\/laboratory-hemp.jpg,\n                        https:\/\/www.endoca.com\/wp-content\/uploads\/2017\/11\/laboratory-hemp.jpg 2x\"\n\t\t\t\t\tmedia=\"(max-width: 1920px)\"\n\t\t\t\t\t\t\t\t\t>\n\t\t\t\n\t\t\t\t\t\t\t\t<img decoding=\"async\" src=\"https:\/\/www.endoca.com\/wp-content\/uploads\/2017\/11\/laboratory-hemp.jpg\"\n\t\t\t\t\t\t\t\t\t\t\t\t\twidth=\"560\"\n\t\t\t\t\t\t\theight=\"500\"\n\t\t\t\t\t\t alt='produits de laboratoire'\t\t\t\t\t>\n\t\t\t\t\t\t<\/picture>\n\n\t\t\t\t\t\t\t<\/div>\n\t\t\t\t<\/div>\n\t\t\t\n\t\t\t\t<div class=\"text-image-section reverse spacing-bottom--big \">\n\t\t\t\t\t<div class=\"text-image-content-wrap\">\n\t\t\t\t\t\t<div class=\"text-image-content\">\n\t\t\t\t\t\t\t<h2>Des outils de haute technologie et la passion pour les traditions<\/h2>\t\t\t\t\t\t\t<p><span lang=\"fr\">Endoca utilise seulement la meilleure technologie de pointe pour cr\u00e9er des produits de chanvre riches en CBD. Le contr\u00f4le qualit\u00e9 est au c\u0153ur de notre qu\u00eate pour vous apporter les meilleurs produits CBD que la nature et la science puissent offrir. Notre processus de production suit strictement les normes BPF. Nos cultures de chanvre biologiques non-OGM sont sp\u00e9cialement s\u00e9lectionn\u00e9es par les personnes qui travaillent chez Endoca et sont r\u00e9colt\u00e9es avec nos outils de pointe. Nous testons minutieusement chaque lot de produits en utilisant une technologie de laboratoire de pointe pour garantir l'absence de toxine et de contamination. Nous utilisons des techniques et des technologies scientifiques telles que la HPLC et la RMN pour tester la composition de nos produits et nous assurer que nos clients obtiennent les meilleurs produits disponibles actuellement sur le march\u00e9.<\/span><\/p>\t\t\t\t\t\t<\/div>\n\t\t\t\t\t<\/div>\n\t\t\t\t\t<div class=\"text-image-img \">\n\t\t\t\t\t\t\n\t\t<picture>\n\t\t\t\n\t\t\t\t\t\t\t\t<source srcset=\"https:\/\/www.endoca.com\/wp-content\/uploads\/2017\/11\/cannabis-field@mobile.jpg,\n\t\t\t\t\t\t\thttps:\/\/www.endoca.com\/wp-content\/uploads\/2017\/11\/cannabis-field@mobile.jpg 2x\"\n\t\t\t\t\t\tmedia=\"(max-width: 580px)\"\n\t\t\t\t\t\t\t\t\t\t\t>\n\t\t\t\n\t\t\t\t\t\t\n\t\t\t\t\t\t\t<source\n\t\t\t\t\tsrcset=\"https:\/\/www.endoca.com\/wp-content\/uploads\/2017\/11\/cannabis-field.jpg,\n                        https:\/\/www.endoca.com\/wp-content\/uploads\/2017\/11\/cannabis-field.jpg 2x\"\n\t\t\t\t\tmedia=\"(max-width: 1920px)\"\n\t\t\t\t\t\t\t\t\t>\n\t\t\t\n\t\t\t\t\t\t\t\t<img decoding=\"async\" src=\"https:\/\/www.endoca.com\/wp-content\/uploads\/2017\/11\/cannabis-field.jpg\"\n\t\t\t\t\t\t\t\t\t\t\t\t\twidth=\"700\"\n\t\t\t\t\t\t\theight=\"500\"\n\t\t\t\t\t\t alt='champ de cannabis'\t\t\t\t\t>\n\t\t\t\t\t\t<\/picture>\n\n\t\t\t\t\t\t\t<\/div>\n\t\t\t\t<\/div>\n\t\t\t\t<\/div>\n<\/div><\/div><\/div><\/div><\/div><div id=\"pg-1653-2\"  class=\"panel-grid panel-no-style\" ><div id=\"pgc-1653-2-0\"  class=\"panel-grid-cell\" ><div id=\"panel-1653-2-0-0\" class=\"so-panel widget widget_mtt-image-textbox panel-first-child panel-last-child\" data-index=\"2\" ><div\n\t\t\t\n\t\t\tclass=\"so-widget-mtt-image-textbox so-widget-mtt-image-textbox-base\"\n\t\t\t\n\t\t><div class=\"image-textbox-wrapper\">\n\t<div class=\"image-textbox-background object-fit\">\n\t\t<img loading=\"lazy\" decoding=\"async\" width=\"1550\" height=\"737\" src=\"https:\/\/www.endoca.com\/wp-content\/uploads\/2017\/10\/cbd-good-health-bg.jpg\" class=\"attachment-full size-full\" alt=\"endoca bd oil raw hemp oil capsules\" srcset=\"https:\/\/www.endoca.com\/wp-content\/uploads\/2017\/10\/cbd-good-health-bg.jpg 1550w, https:\/\/www.endoca.com\/wp-content\/uploads\/2017\/10\/cbd-good-health-bg-1200x571.jpg 1200w, https:\/\/www.endoca.com\/wp-content\/uploads\/2017\/10\/cbd-good-health-bg-300x143.jpg 300w, https:\/\/www.endoca.com\/wp-content\/uploads\/2017\/10\/cbd-good-health-bg-1024x487.jpg 1024w\" sizes=\"auto, (max-width: 1550px) 100vw, 1550px\" \/>\t<\/div>\n\t<div class=\"image-textbox-container\">\n\t\t<div class=\"image-textbox-content\">\n\t\t\t<h2>Le contr\u00f4le Qualit\u00e9 des huiles CBD<\/h2>\t\t\t<p><span lang=\"fr\">Nos produits sont standardis\u00e9s pour contenir des quantit\u00e9s sp\u00e9cifiques de cannabino\u00efdes. Nous testons en laboratoire tous nos produits pour assurer leur qualit\u00e9 et nous produisons selon les normes <span style=\"font-weight: 400;\">BPF (Bonnes pratiques de fabrication)<\/span>. Nous garantissons que nos produits sont 100% bio et sans ingr\u00e9dients synth\u00e9tiques.<\/span><\/p>\t\t<\/div>\n\t<\/div>\n<\/div><\/div><\/div><\/div><\/div><div id=\"pg-1653-3\"  class=\"panel-grid panel-no-style\" ><div id=\"pgc-1653-3-0\"  class=\"panel-grid-cell\" ><div id=\"panel-1653-3-0-0\" class=\"so-panel widget widget_mtt-text-image panel-first-child panel-last-child\" data-index=\"3\" ><div\n\t\t\t\n\t\t\tclass=\"so-widget-mtt-text-image so-widget-mtt-text-image-base\"\n\t\t\t\n\t\t>\n<div class=\"text-image-wrapper\">\n\t<div class=\"text-image-container\">\n\t\t\n\t\t\t\t<div class=\"text-image-section spacing-bottom--big \">\n\t\t\t\t\t<div class=\"text-image-content-wrap\">\n\t\t\t\t\t\t<div class=\"text-image-content\">\n\t\t\t\t\t\t\t<h2>Produits certifi\u00e9s BPF<\/h2>\t\t\t\t\t\t\t<p>T<span lang=\"fr\">ous nos produits sont certifi\u00e9s BPF et sont bien au-dessus de la moyenne dans le domaine. Nous utilisons un \u00e9quipement et des technologies de pointe ainsi qu' un contr\u00f4le qualit\u00e9 rigoureux pour garantir que nos produits soient exempts de polluants et soientt de la plus haute qualit\u00e9 possible. Nous commen\u00e7ons par s\u00e9lectionner les mati\u00e8res premi\u00e8res de la plus de haute qualit\u00e9. Nous choisissons d'utiliser le meilleur chanvre cultiv\u00e9 organiquement dans des conditions naturelles en Scandinavie. Cela nous permet d'obtenir des produits CBD de la plus haute qualit\u00e9.<\/span><\/p>\t\t\t\t\t\t<\/div>\n\t\t\t\t\t<\/div>\n\t\t\t\t\t<div class=\"text-image-img \">\n\t\t\t\t\t\t\n\t\t<picture>\n\t\t\t\n\t\t\t\t\t\t\t\t<source srcset=\"https:\/\/www.endoca.com\/wp-content\/uploads\/2017\/11\/hemp-field-heart@mobile.jpg,\n\t\t\t\t\t\t\thttps:\/\/www.endoca.com\/wp-content\/uploads\/2017\/11\/hemp-field-heart@mobile.jpg 2x\"\n\t\t\t\t\t\tmedia=\"(max-width: 580px)\"\n\t\t\t\t\t\t\t\t\t\t\t>\n\t\t\t\n\t\t\t\t\t\t\t\t<source srcset=\"https:\/\/www.endoca.com\/wp-content\/uploads\/2017\/11\/hemp-field-heart@tablet.jpg,\n\t\t\t\t\t\t\thttps:\/\/www.endoca.com\/wp-content\/uploads\/2017\/11\/hemp-field-heart@tablet.jpg 2x\"\n\t\t\t\t\t\tmedia=\"(max-width: 949px)\"\n\t\t\t\t\t\t\t\t\t\t\t>\n\t\t\t\t\t\t\t\n\t\t\t\t\t\t\t<source\n\t\t\t\t\tsrcset=\"https:\/\/www.endoca.com\/wp-content\/uploads\/2017\/11\/hemp-field-heart.jpg,\n                        https:\/\/www.endoca.com\/wp-content\/uploads\/2017\/11\/hemp-field-heart.jpg 2x\"\n\t\t\t\t\tmedia=\"(max-width: 1920px)\"\n\t\t\t\t\t\t\t\t\t>\n\t\t\t\n\t\t\t\t\t\t\t\t<img decoding=\"async\" src=\"https:\/\/www.endoca.com\/wp-content\/uploads\/2017\/11\/hemp-field-heart.jpg\"\n\t\t\t\t\t\t\t\t\t\t\t\t\twidth=\"560\"\n\t\t\t\t\t\t\theight=\"500\"\n\t\t\t\t\t\t alt='champ de chanvre en forme de coeur'\t\t\t\t\t>\n\t\t\t\t\t\t<\/picture>\n\n\t\t\t\t\t\t\t<\/div>\n\t\t\t\t<\/div>\n\t\t\t\n\t\t\t\t<div class=\"text-image-section reverse spacing-bottom--big \">\n\t\t\t\t\t<div class=\"text-image-content-wrap\">\n\t\t\t\t\t\t<div class=\"text-image-content\">\n\t\t\t\t\t\t\t<h2>En savoir plus sur nos produits de chanvre biologiques<\/h2>\t\t\t\t\t\t\t<p>\u00a0<\/p>\n<p><span lang=\"fr\">Nous testons la qualit\u00e9 de toutes nos mati\u00e8res premi\u00e8res\u00a0 en laboratoire et nous n'utilisons que des mat\u00e9riaux r\u00e9pondant aux normes les plus strictes. Nous utilisons un \u00e9quipement de pointe pour tester et extraire l'huile de chanvre CBD dans nos laboratoires. Nous collaborons avec des biochimistes et des neuroscientifiques de haut niveau \u00e0 l'\u00e9chelle internationale pour aider \u00e0 am\u00e9liorer et affiner notre produit gr\u00e2ce \u00e0 des recherches et des tests ardus. <strong>Les tests par des tiers sont effectu\u00e9s par des laboratoires pharmaceutiques et analytiques<\/strong>. De la science mol\u00e9culaire \u00e0 la m\u00e9thodologie, nous croyons fermement \u00e0 la transparence chez Endoca et nous croyons en l'importance de fournir \u00e0 nos clients uniquement des produits haut de gamme riches en CBD.<\/span><\/p>\t\t\t\t\t\t<\/div>\n\t\t\t\t\t<\/div>\n\t\t\t\t\t<div class=\"text-image-img \">\n\t\t\t\t\t\t\n\t\t<picture>\n\t\t\t\n\t\t\t\t\t\t\t\t<source srcset=\"https:\/\/www.endoca.com\/wp-content\/uploads\/2017\/11\/cbd-oil-extract@mobile.jpg,\n\t\t\t\t\t\t\thttps:\/\/www.endoca.com\/wp-content\/uploads\/2017\/11\/cbd-oil-extract@mobile.jpg 2x\"\n\t\t\t\t\t\tmedia=\"(max-width: 580px)\"\n\t\t\t\t\t\t\t\t\t\t\t>\n\t\t\t\n\t\t\t\t\t\t\t\t<source srcset=\"https:\/\/www.endoca.com\/wp-content\/uploads\/2017\/11\/cbd-oil-extract@tablet.jpg,\n\t\t\t\t\t\t\thttps:\/\/www.endoca.com\/wp-content\/uploads\/2017\/11\/cbd-oil-extract@tablet.jpg 2x\"\n\t\t\t\t\t\tmedia=\"(max-width: 949px)\"\n\t\t\t\t\t\t\t\t\t\t\t>\n\t\t\t\t\t\t\t\n\t\t\t\t\t\t\t<source\n\t\t\t\t\tsrcset=\"https:\/\/www.endoca.com\/wp-content\/uploads\/2017\/11\/cbd-oil-extract.jpg,\n                        https:\/\/www.endoca.com\/wp-content\/uploads\/2017\/11\/cbd-oil-extract.jpg 2x\"\n\t\t\t\t\tmedia=\"(max-width: 1920px)\"\n\t\t\t\t\t\t\t\t\t>\n\t\t\t\n\t\t\t\t\t\t\t\t<img decoding=\"async\" src=\"https:\/\/www.endoca.com\/wp-content\/uploads\/2017\/11\/cbd-oil-extract.jpg\"\n\t\t\t\t\t\t\t\t\t\t\t\t\twidth=\"540\"\n\t\t\t\t\t\t\theight=\"677\"\n\t\t\t\t\t\t alt='extrait d&#039;huile de cbd'\t\t\t\t\t>\n\t\t\t\t\t\t<\/picture>\n\n\t\t\t\t\t\t\t<\/div>\n\t\t\t\t<\/div>\n\t\t\t\t<\/div>\n<\/div><\/div><\/div><\/div><\/div><\/div>","protected":false},"excerpt":{"rendered":"<p>Accueil A propos de nous Qualit\u00e9 garantie Qualit\u00e9 garantie Chez Endoca, nous testons la qualit\u00e9 de tous nos produits CBD&#8230;<\/p>\n","protected":false},"author":1,"featured_media":0,"parent":1219,"menu_order":0,"comment_status":"closed","ping_status":"closed","template":"","meta":{"_acf_changed":false,"footnotes":""},"class_list":["post-1653","page","type-page","status-publish","hentry"],"acf":[],"yoast_head":"<title>Qualit\u00e9 garantie gr\u00e2ce \u00e0 nos contr\u00f4les s\u00e9rieux et exigeants<\/title>\n<meta name=\"description\" content=\"Nous consid\u00e9rons les tests de fa\u00e7on tr\u00e8s s\u00e9rieuse ici chez Endoca et nous investissons beaucoup d&#039;argent et de ressources pour le contr\u00f4le de la qualit\u00e9.\" \/>\n<meta name=\"robots\" content=\"index, follow, max-snippet:-1, max-image-preview:large, max-video-preview:-1\" \/>\n<link rel=\"canonical\" href=\"https:\/\/www.endoca.com\/fr\/wp-json\/wp\/v2\/pages\/1653\" \/>\n<meta property=\"og:locale\" content=\"fr_FR\" \/>\n<meta property=\"og:type\" content=\"article\" \/>\n<meta property=\"og:title\" content=\"Qualit\u00e9 garantie gr\u00e2ce \u00e0 nos contr\u00f4les s\u00e9rieux et exigeants\" \/>\n<meta property=\"og:description\" content=\"Nous consid\u00e9rons les tests de fa\u00e7on tr\u00e8s s\u00e9rieuse ici chez Endoca et nous investissons beaucoup d&#039;argent et de ressources pour le contr\u00f4le de la qualit\u00e9.\" \/>\n<meta property=\"og:url\" content=\"https:\/\/www.endoca.com\/fr\/a-propos-de-nous\/qualite-garantie\" \/>\n<meta property=\"og:site_name\" content=\"Endoca\u00a9 CBD\" \/>\n<meta property=\"article:publisher\" content=\"https:\/\/www.facebook.com\/endoca\" \/>\n<meta property=\"article:modified_time\" content=\"2021-10-15T11:14:30+00:00\" \/>\n<meta property=\"og:image\" content=\"https:\/\/www.endoca.com\/wp-content\/uploads\/2021\/06\/endoca-products.jpg\" \/>\n\t<meta property=\"og:image:width\" content=\"500\" \/>\n\t<meta property=\"og:image:height\" content=\"300\" \/>\n\t<meta property=\"og:image:type\" content=\"image\/jpeg\" \/>\n<meta name=\"twitter:card\" content=\"summary_large_image\" \/>\n<meta name=\"twitter:site\" content=\"@Endocacbdoil\" \/>\n<meta name=\"twitter:label1\" content=\"Dur\u00e9e de lecture estim\u00e9e\" \/>\n\t<meta name=\"twitter:data1\" content=\"1 minute\" \/>","yoast_head_json":{"title":"Qualit\u00e9 garantie gr\u00e2ce \u00e0 nos contr\u00f4les s\u00e9rieux et exigeants","description":"Nous consid\u00e9rons les tests de fa\u00e7on tr\u00e8s s\u00e9rieuse ici chez Endoca et nous investissons beaucoup d'argent et de ressources pour le contr\u00f4le de la qualit\u00e9.","robots":{"index":"index","follow":"follow","max-snippet":"max-snippet:-1","max-image-preview":"max-image-preview:large","max-video-preview":"max-video-preview:-1"},"canonical":"https:\/\/www.endoca.com\/fr\/wp-json\/wp\/v2\/pages\/1653","og_locale":"fr_FR","og_type":"article","og_title":"Qualit\u00e9 garantie gr\u00e2ce \u00e0 nos contr\u00f4les s\u00e9rieux et exigeants","og_description":"Nous consid\u00e9rons les tests de fa\u00e7on tr\u00e8s s\u00e9rieuse ici chez Endoca et nous investissons beaucoup d'argent et de ressources pour le contr\u00f4le de la qualit\u00e9.","og_url":"https:\/\/www.endoca.com\/fr\/a-propos-de-nous\/qualite-garantie","og_site_name":"Endoca\u00a9 CBD","article_publisher":"https:\/\/www.facebook.com\/endoca","article_modified_time":"2021-10-15T11:14:30+00:00","og_image":[{"width":500,"height":300,"url":"https:\/\/www.endoca.com\/wp-content\/uploads\/2021\/06\/endoca-products.jpg","type":"image\/jpeg"}],"twitter_card":"summary_large_image","twitter_site":"@Endocacbdoil","twitter_misc":{"Dur\u00e9e de lecture estim\u00e9e":"1 minute"},"schema":{"@context":"https:\/\/schema.org","@graph":[{"@type":"WebPage","@id":"https:\/\/www.endoca.com\/fr\/a-propos-de-nous\/qualite-garantie","url":"https:\/\/www.endoca.com\/fr\/a-propos-de-nous\/qualite-garantie","name":"Qualit\u00e9 garantie gr\u00e2ce \u00e0 nos contr\u00f4les s\u00e9rieux et exigeants","isPartOf":{"@id":"https:\/\/www.endoca.com\/#website"},"datePublished":"2017-11-09T15:59:00+00:00","dateModified":"2021-10-15T11:14:30+00:00","description":"Nous consid\u00e9rons les tests de fa\u00e7on tr\u00e8s s\u00e9rieuse ici chez Endoca et nous investissons beaucoup d'argent et de ressources pour le contr\u00f4le de la qualit\u00e9.","breadcrumb":{"@id":"https:\/\/www.endoca.com\/fr\/a-propos-de-nous\/qualite-garantie#breadcrumb"},"inLanguage":"fr-FR","potentialAction":[{"@type":"ReadAction","target":["https:\/\/www.endoca.com\/fr\/a-propos-de-nous\/qualite-garantie"]}]},{"@type":"BreadcrumbList","@id":"https:\/\/www.endoca.com\/fr\/a-propos-de-nous\/qualite-garantie#breadcrumb","itemListElement":[{"@type":"ListItem","position":1,"name":"Home","item":"https:\/\/www.endoca.com\/fr"},{"@type":"ListItem","position":2,"name":"A propos de nous","item":"https:\/\/www.endoca.com\/fr\/a-propos-de-nous"},{"@type":"ListItem","position":3,"name":"Qualit\u00e9 garantie"}]},{"@type":"WebSite","@id":"https:\/\/www.endoca.com\/#website","url":"https:\/\/www.endoca.com\/","name":"Endoca\u00a9 CBD","description":"Best CBD Oil 100% organic","publisher":{"@id":"https:\/\/www.endoca.com\/#organization"},"potentialAction":[{"@type":"SearchAction","target":{"@type":"EntryPoint","urlTemplate":"https:\/\/www.endoca.com\/?s={search_term_string}"},"query-input":{"@type":"PropertyValueSpecification","valueRequired":true,"valueName":"search_term_string"}}],"inLanguage":"fr-FR"},{"@type":"Organization","@id":"https:\/\/www.endoca.com\/#organization","name":"Endoca","url":"https:\/\/www.endoca.com\/","logo":{"@type":"ImageObject","inLanguage":"fr-FR","@id":"https:\/\/www.endoca.com\/#\/schema\/logo\/image\/","url":"https:\/\/www.endoca.com\/wp-content\/uploads\/2018\/08\/endoca-logo.png","contentUrl":"https:\/\/www.endoca.com\/wp-content\/uploads\/2018\/08\/endoca-logo.png","width":150,"height":50,"caption":"Endoca"},"image":{"@id":"https:\/\/www.endoca.com\/#\/schema\/logo\/image\/"},"sameAs":["https:\/\/www.facebook.com\/endoca","https:\/\/x.com\/Endocacbdoil","https:\/\/www.instagram.com\/endoca\/","https:\/\/www.youtube.com\/channel\/UCNXwDCTBaa0WPEf1cOUHe9g"]}]}},"_links":{"self":[{"href":"https:\/\/www.endoca.com\/fr\/wp-json\/wp\/v2\/pages\/1653","targetHints":{"allow":["GET"]}}],"collection":[{"href":"https:\/\/www.endoca.com\/fr\/wp-json\/wp\/v2\/pages"}],"about":[{"href":"https:\/\/www.endoca.com\/fr\/wp-json\/wp\/v2\/types\/page"}],"author":[{"embeddable":true,"href":"https:\/\/www.endoca.com\/fr\/wp-json\/wp\/v2\/users\/1"}],"replies":[{"embeddable":true,"href":"https:\/\/www.endoca.com\/fr\/wp-json\/wp\/v2\/comments?post=1653"}],"version-history":[{"count":0,"href":"https:\/\/www.endoca.com\/fr\/wp-json\/wp\/v2\/pages\/1653\/revisions"}],"up":[{"embeddable":true,"href":"https:\/\/www.endoca.com\/fr\/wp-json\/wp\/v2\/pages\/1219"}],"wp:attachment":[{"href":"https:\/\/www.endoca.com\/fr\/wp-json\/wp\/v2\/media?parent=1653"}],"curies":[{"name":"wp","href":"https:\/\/api.w.org\/{rel}","templated":true}]}}