{"id":1642,"date":"2017-11-08T10:34:53","date_gmt":"2017-11-08T10:34:53","guid":{"rendered":"https:\/\/www.endoca.com\/about-us\/endoca-lifestyle\/"},"modified":"2021-10-15T10:55:47","modified_gmt":"2021-10-15T10:55:47","slug":"le-mode-de-vie-endoca","status":"publish","type":"page","link":"https:\/\/www.endoca.com\/fr\/a-propos-de-nous\/le-mode-de-vie-endoca","title":{"rendered":"Le mode de vie chez Endoca"},"content":{"rendered":"<div id=\"pl-1642\"  class=\"panel-layout\" ><div id=\"pg-1642-0\"  class=\"panel-grid panel-no-style\" ><div id=\"pgc-1642-0-0\"  class=\"panel-grid-cell\" ><div id=\"panel-1642-0-0-0\" class=\"so-panel widget widget_mtt-cover-section panel-first-child panel-last-child\" data-index=\"0\" ><div\n\t\t\t\n\t\t\tclass=\"so-widget-mtt-cover-section so-widget-mtt-cover-section-base\"\n\t\t\t\n\t\t><div class=\"cover-wrapper compact\">\n\t<script type=\"application\/ld+json\">\n\t{\n\t\"@context\": \"http:\/\/schema.org\",\n\t\"@type\": \"BreadcrumbList\",\n\t\"itemListElement\": [\n\t\t\t\t{\n\t\t\"@type\": \"ListItem\",\n\t\t\"position\": 1,\n\t\t\"item\": {\n\t\t\t\"@id\": \"https:\/\/www.endoca.com\/fr\",\n\t\t\t\"name\": \"Accueil\"\n\t\t}\n\t\t}\n\t\t\t\t,\n\t\t\t\t\t\t{\n\t\t\"@type\": \"ListItem\",\n\t\t\"position\": 2,\n\t\t\"item\": {\n\t\t\t\"@id\": \"https:\/\/www.endoca.com\/fr\/a-propos-de-nous\",\n\t\t\t\"name\": \"A propos de nous\"\n\t\t}\n\t\t}\n\t\t\t\t,\n\t\t\t\t\t\t{\n\t\t\"@type\": \"ListItem\",\n\t\t\"position\": 3,\n\t\t\"item\": {\n\t\t\t\"@id\": \"https:\/\/www.endoca.com\/fr\/a-propos-de-nous\/le-mode-de-vie-endoca\",\n\t\t\t\"name\": \"Le mode de vie chez Endoca\"\n\t\t}\n\t\t}\n\t\t\t\t\t\t]\n\t}\n<\/script>\n\n<div class=\"new-breadcrumb\">\n\t<ol class=\"breadcrumbs\">\n\t\t\t\t\t<li>\n\t\t\t\t\t\t\t\t\t<a href=\"https:\/\/www.endoca.com\/fr\">Accueil<\/a>\n\t\t\t\t\t\t\t<\/li>\n\t\t\t\t\t<li>\n\t\t\t\t\t\t\t\t\t<a href=\"https:\/\/www.endoca.com\/fr\/a-propos-de-nous\">A propos de nous<\/a>\n\t\t\t\t\t\t\t<\/li>\n\t\t\t\t\t<li>\n\t\t\t\t\t\t\t\t\tLe mode de vie chez Endoca\t\t\t\t\t\t\t<\/li>\n\t\t\t<\/ol>\n<\/div>\n\n\t<!-- Cover content -->\n\t<div class=\"cover-container\">\n\t\t<div class=\"cover-text-wrapper white\">\n\t\t\t<h1>Le style de vie CBD chez Endoca<\/h1>\n\t\t\t\t\t<\/div>\n\t\t\t<\/div>\n<\/div>\n\n<!-- Structured data -->\n<\/div><\/div><\/div><\/div><div id=\"pg-1642-1\"  class=\"panel-grid panel-no-style\" ><div id=\"pgc-1642-1-0\"  class=\"panel-grid-cell\" ><div id=\"panel-1642-1-0-0\" class=\"so-panel widget widget_mtt-text-image panel-first-child panel-last-child\" data-index=\"1\" ><div\n\t\t\t\n\t\t\tclass=\"so-widget-mtt-text-image so-widget-mtt-text-image-base\"\n\t\t\t\n\t\t>\n<div class=\"text-image-wrapper\">\n\t<div class=\"text-image-container\">\n\t\t\n\t\t\t\t<div class=\"text-image-section spacing-bottom--big wide-text\">\n\t\t\t\t\t<div class=\"text-image-content-wrap\">\n\t\t\t\t\t\t<div class=\"text-image-content\">\n\t\t\t\t\t\t\t<h2>L&#039;huile de chanvre CBD nous enseigne comment \u00eatre libre et avoir une vie saine<\/h2>\t\t\t\t\t\t\t<p><span style=\"font-weight: 400;\">La r\u00e9volution industrielle a tout chang\u00e9 dans la fa\u00e7on de vivre, de nos m\u00e9dicaments \u00e0 notre agriculture. Mais la r\u00e9volution industrielle n'\u00e9tait que le d\u00e9but. Oui, nous avons compris comment transformer une montagne de charbon en \u00e9lectricit\u00e9. Mais ce que nous n'avions pas encore compris, c'\u00e9tait comment emp\u00eacher la fum\u00e9e de charbon d'\u00e9touffer les villes et les mines de tuer ses mineurs. Maintenant, nous avons un nouveau d\u00e9fi et une nouvelle r\u00e9volution. Le d\u00e9fi est de savoir comment g\u00e9rer les cons\u00e9quences de nos actions? Pour cela, nous regardons vers un avenir durable, \u00e0 la fois dans la production et la consommation. Et tout comme la r\u00e9volution industrielle a transform\u00e9 le monde, la r\u00e9volution verte va transform\u00e9 nos vies aussi.<\/span><span style=\"font-weight: 400;\"><br \/><\/span><span style=\"font-weight: 400;\"><br \/><\/span><span style=\"font-weight: 400;\">Chez Endoca, nous faisons partie de cette r\u00e9volution durable depuis le premier jour. Nous ne sommes pas int\u00e9ress\u00e9s par les processus non durables du pass\u00e9. Au contraire, nous voulons avancer vers un avenir 100% durable.<\/span><span style=\"font-weight: 400;\"><br \/><\/span><span style=\"font-weight: 400;\"><br \/><\/span><span style=\"font-weight: 400;\">\u00c0 l'heure actuelle, nos plants de chanvre sont d\u00e9j\u00e0 100% biologiques, \u00e9vitant tout produit g\u00e9n\u00e9tiquement modifi\u00e9 ou produit chimique non naturel. Nous avons \u00e9galement commenc\u00e9 \u00e0 progresser vers notre objectif de durabilit\u00e9: nous avons d\u00e9j\u00e0 mis en \u0153uvre le processus de capture des particules de CO2 de l'air ambiant et nous les recyclons dans un lavage enti\u00e8rement naturel. Le nettoyage de CO2 est une technologie relativement nouvelle, mais nous l'avons adopt\u00e9 tant pour son efficacit\u00e9 que pour son manque total de polluants. Nos plants interagissent uniquement avec l'organique et la durabilit\u00e9 pour produire huile de chanvre CBD de la plus haute qualit\u00e9.<\/span><span style=\"font-weight: 400;\"><br \/><\/span><span style=\"font-weight: 400;\"><br \/><\/span><span style=\"font-weight: 400;\">Et cela vaut pour tout le processus, pas seulement pour la croissance. Des graines plant\u00e9es dans la terre jusqu'au produit final emball\u00e9. Nous sommes d\u00e9di\u00e9s \u00e0 la production d'un produit enti\u00e8rement biologique. Et, par exemple, si vous prenez de l'extrait de cannabidiol (CBD) \u00e0 des fins m\u00e9dicales, la derni\u00e8re chose que vous voulez faire est de mettre des produits chimiques inutiles dans votre corps.<\/span><\/p>\t\t\t\t\t\t<\/div>\n\t\t\t\t\t<\/div>\n\t\t\t\t\t<div class=\"text-image-img \">\n\t\t\t\t\t\t\n\t\t<picture>\n\t\t\t\n\t\t\t\t\t\t\t\t<source srcset=\"https:\/\/www.endoca.com\/wp-content\/uploads\/2017\/11\/henry-nature@mobile.jpg,\n\t\t\t\t\t\t\thttps:\/\/www.endoca.com\/wp-content\/uploads\/2017\/11\/henry-nature@mobile.jpg 2x\"\n\t\t\t\t\t\tmedia=\"(max-width: 580px)\"\n\t\t\t\t\t\t\t\t\t\t\t>\n\t\t\t\n\t\t\t\t\t\t\t\t<source srcset=\"https:\/\/www.endoca.com\/wp-content\/uploads\/2017\/11\/henry-nature@tablet.jpg,\n\t\t\t\t\t\t\thttps:\/\/www.endoca.com\/wp-content\/uploads\/2017\/11\/henry-nature@tablet.jpg 2x\"\n\t\t\t\t\t\tmedia=\"(max-width: 949px)\"\n\t\t\t\t\t\t\t\t\t\t\t>\n\t\t\t\t\t\t\t\n\t\t\t\t\t\t\t<source\n\t\t\t\t\tsrcset=\"https:\/\/www.endoca.com\/wp-content\/uploads\/2017\/11\/henry-nature.jpg,\n                        https:\/\/www.endoca.com\/wp-content\/uploads\/2017\/11\/henry-nature.jpg 2x\"\n\t\t\t\t\tmedia=\"(max-width: 1920px)\"\n\t\t\t\t\t\t\t\t\t>\n\t\t\t\n\t\t\t\t\t\t\t\t<img decoding=\"async\" src=\"https:\/\/www.endoca.com\/wp-content\/uploads\/2017\/11\/henry-nature.jpg\"\n\t\t\t\t\t\t\t\t\t\t\t\t\twidth=\"600\"\n\t\t\t\t\t\t\theight=\"900\"\n\t\t\t\t\t\t alt='Henry avec des plantes de chanvre'\t\t\t\t\t>\n\t\t\t\t\t\t<\/picture>\n\n\t\t\t\t\t\t\t<\/div>\n\t\t\t\t<\/div>\n\t\t\t\n\t\t\t\t<div class=\"text-image-section reverse spacing-bottom--big wide-text\">\n\t\t\t\t\t<div class=\"text-image-content-wrap\">\n\t\t\t\t\t\t<div class=\"text-image-content\">\n\t\t\t\t\t\t\t<h2>Nous voulons rendre le CBD accessible \u00e0 tous<\/h2>\t\t\t\t\t\t\t<p><span style=\"font-weight: 400;\">Cependant, Endoca s'efforce d'\u00eatre plus qu'un simple producteur. Notre v\u00e9ritable objectif est de donner aux gens l'acc\u00e8s \u00e0 une vari\u00e9t\u00e9 de produits \u00e0 base de cannabino\u00efdes qui vous aideront \u00e0 gagner ou \u00e0 retrouver un sentiment d'\u00e9quilibre dans votre vie et dans votre corps.<\/span><span style=\"font-weight: 400;\"><br \/><\/span><span style=\"font-weight: 400;\">Et nos objectifs \u00e0 long terme sont tout aussi importants pour nous, m\u00eame s'ils nous obligent \u00e0 anticiper et \u00e0 planifier pour plusieurs ann\u00e9es \u00e0 venir.<\/span><span style=\"font-weight: 400;\"><br \/><\/span><span style=\"font-weight: 400;\"><br \/><\/span><span style=\"font-weight: 400;\">Votre style de vie est Peut-\u00eatre plus important que tout traitement m\u00e9dical : la fa\u00e7on dont vous vivez, mangez et faites de l'exercice et m\u00eame la mani\u00e8re dont vous vous brossez les dents. La meilleure fa\u00e7on d'effectuer des changements de style de vie positifs est l'\u00e9ducation. C'est pourquoi, chez Endoca, nous sommes d\u00e9termin\u00e9s \u00e0 cr\u00e9er un centre d'\u00e9ducation qui nous permettra de partager tout ce que nous avons appris sur le CBD, le cannabis et ses d\u00e9riv\u00e9s.<\/span><span style=\"font-weight: 400;\"><br \/><\/span><span style=\"font-weight: 400;\"><br \/><\/span><span style=\"font-weight: 400;\">Plus que notre connaissance des produits du cannabis, nous cherchons \u00e9galement \u00e0 \u00e9duquer nos clients, les consommateurs et notre communaut\u00e9 de la meilleure fa\u00e7on possible pour promouvoir un mode de vie sain. Beaucoup de choses, petites ou grandes peuvent avoir des effets importants sur notre sant\u00e9 et notre bien-\u00eatre g\u00e9n\u00e9ral<\/span><\/p>\t\t\t\t\t\t<\/div>\n\t\t\t\t\t<\/div>\n\t\t\t\t\t<div class=\"text-image-img \">\n\t\t\t\t\t\t\n\t\t<picture>\n\t\t\t\n\t\t\t\t\t\t\t\t<source srcset=\"https:\/\/www.endoca.com\/wp-content\/uploads\/2017\/11\/hemp-extract-lady@mobile.jpg,\n\t\t\t\t\t\t\thttps:\/\/www.endoca.com\/wp-content\/uploads\/2017\/11\/hemp-extract-lady@mobile.jpg 2x\"\n\t\t\t\t\t\tmedia=\"(max-width: 580px)\"\n\t\t\t\t\t\t\t\t\t\t\t>\n\t\t\t\n\t\t\t\t\t\t\t\t<source srcset=\"https:\/\/www.endoca.com\/wp-content\/uploads\/2017\/11\/hemp-extract-lady@tablet.jpg,\n\t\t\t\t\t\t\thttps:\/\/www.endoca.com\/wp-content\/uploads\/2017\/11\/hemp-extract-lady@tablet.jpg 2x\"\n\t\t\t\t\t\tmedia=\"(max-width: 949px)\"\n\t\t\t\t\t\t\t\t\t\t\t>\n\t\t\t\t\t\t\t\n\t\t\t\t\t\t\t<source\n\t\t\t\t\tsrcset=\"https:\/\/www.endoca.com\/wp-content\/uploads\/2017\/11\/hemp-extract-lady.jpg,\n                        https:\/\/www.endoca.com\/wp-content\/uploads\/2017\/11\/hemp-extract-lady.jpg 2x\"\n\t\t\t\t\tmedia=\"(max-width: 1920px)\"\n\t\t\t\t\t\t\t\t\t>\n\t\t\t\n\t\t\t\t\t\t\t\t<img decoding=\"async\" src=\"https:\/\/www.endoca.com\/wp-content\/uploads\/2017\/11\/hemp-extract-lady.jpg\"\n\t\t\t\t\t\t\t\t\t\t\t\t\twidth=\"560\"\n\t\t\t\t\t\t\theight=\"650\"\n\t\t\t\t\t\t alt='dame d&#039;extrait de chanvre'\t\t\t\t\t>\n\t\t\t\t\t\t<\/picture>\n\n\t\t\t\t\t\t\t<\/div>\n\t\t\t\t<\/div>\n\t\t\t\n\t\t\t\t<div class=\"text-image-section spacing-bottom--big wide-text\">\n\t\t\t\t\t<div class=\"text-image-content-wrap\">\n\t\t\t\t\t\t<div class=\"text-image-content\">\n\t\t\t\t\t\t\t<h2>Le CBD pour am\u00e9liorer votre sant\u00e9<\/h2>\t\t\t\t\t\t\t<p>Adopter un mode de vie plus sain exige des efforts et un engagement \u00e0 long terme. Apr\u00e8s tout, changer votre style de vie signifie changer votre vie, d'une mani\u00e8re ou d'une autre. Les cannabino\u00efdes et plus pr\u00e9cis\u00e9ment le CBD sont un outil fantastique pour am\u00e9liorer votre sant\u00e9 et votre bien-\u00eatre. De plus, il y a certaines choses que vous pouvez changer pour contribuer \u00e0 votre bien-\u00eatre : Privil\u00e9giez les aliments biologiques.<\/p>\n<p>Des petits gestes simples peuvent aussi am\u00e9liorer votre sant\u00e9, passez \u00e0 un dentifrice sans fluor. Eviter d'utiliser du parfum ou du vaporisateur pour le corps. Utilisez des nettoyants naturels pour vos v\u00eatements. Tremper vos v\u00eatements dans des nettoyants chimiques et les porter contre votre peau toute la journ\u00e9e peut avoir un effet n\u00e9gatif sur votre sant\u00e9. Eviter de frire votre nourriture. Peu importe vos ingr\u00e9dients : la fa\u00e7on dont vous les pr\u00e9parez a de l'importance.\u00a0<\/p>\t\t\t\t\t\t<\/div>\n\t\t\t\t\t<\/div>\n\t\t\t\t\t<div class=\"text-image-img \">\n\t\t\t\t\t\t\n\t\t<picture>\n\t\t\t\n\t\t\t\t\t\t\t\t<source srcset=\"https:\/\/www.endoca.com\/wp-content\/uploads\/2017\/11\/hemp-oil-food@mobile.jpg,\n\t\t\t\t\t\t\thttps:\/\/www.endoca.com\/wp-content\/uploads\/2017\/11\/hemp-oil-food@mobile.jpg 2x\"\n\t\t\t\t\t\tmedia=\"(max-width: 580px)\"\n\t\t\t\t\t\t\t\t\t\t\t>\n\t\t\t\n\t\t\t\t\t\t\t\t<source srcset=\"https:\/\/www.endoca.com\/wp-content\/uploads\/2017\/11\/hemp-oil-food@tablet.jpg,\n\t\t\t\t\t\t\thttps:\/\/www.endoca.com\/wp-content\/uploads\/2017\/11\/hemp-oil-food@tablet.jpg 2x\"\n\t\t\t\t\t\tmedia=\"(max-width: 949px)\"\n\t\t\t\t\t\t\t\t\t\t\t>\n\t\t\t\t\t\t\t\n\t\t\t\t\t\t\t<source\n\t\t\t\t\tsrcset=\"https:\/\/www.endoca.com\/wp-content\/uploads\/2017\/11\/hemp-oil-food.jpg,\n                        https:\/\/www.endoca.com\/wp-content\/uploads\/2017\/11\/hemp-oil-food.jpg 2x\"\n\t\t\t\t\tmedia=\"(max-width: 1920px)\"\n\t\t\t\t\t\t\t\t\t>\n\t\t\t\n\t\t\t\t\t\t\t\t<img decoding=\"async\" src=\"https:\/\/www.endoca.com\/wp-content\/uploads\/2017\/11\/hemp-oil-food.jpg\"\n\t\t\t\t\t\t\t\t\t\t\t\t\twidth=\"560\"\n\t\t\t\t\t\t\theight=\"800\"\n\t\t\t\t\t\t alt='huile de chanvre et de la nourriture'\t\t\t\t\t>\n\t\t\t\t\t\t<\/picture>\n\n\t\t\t\t\t\t\t<\/div>\n\t\t\t\t<\/div>\n\t\t\t\t<\/div>\n<\/div><\/div><\/div><\/div><\/div><\/div>","protected":false},"excerpt":{"rendered":"<p>Accueil A propos de nous Le mode de vie chez Endoca Le style de vie CBD chez Endoca L&#039;huile de&#8230;<\/p>\n","protected":false},"author":1,"featured_media":0,"parent":1219,"menu_order":0,"comment_status":"closed","ping_status":"closed","template":"","meta":{"_acf_changed":false,"footnotes":""},"class_list":["post-1642","page","type-page","status-publish","hentry"],"acf":[],"yoast_head":"<title>D\u00e9couvrez un mode de vie typique avec nos produits de CBD<\/title>\n<meta name=\"description\" content=\"Nos plantes n&#039;interagissent qu&#039;avec des produits biologiques et durables pour produire la meilleure huile de chanvre CBD.\" \/>\n<meta name=\"robots\" content=\"index, follow, max-snippet:-1, max-image-preview:large, max-video-preview:-1\" \/>\n<link rel=\"canonical\" href=\"https:\/\/www.endoca.com\/fr\/wp-json\/wp\/v2\/pages\/1642\" \/>\n<meta property=\"og:locale\" content=\"fr_FR\" \/>\n<meta property=\"og:type\" content=\"article\" \/>\n<meta property=\"og:title\" content=\"D\u00e9couvrez un mode de vie typique avec nos produits de CBD\" \/>\n<meta property=\"og:description\" content=\"Nos plantes n&#039;interagissent qu&#039;avec des produits biologiques et durables pour produire la meilleure huile de chanvre CBD.\" \/>\n<meta property=\"og:url\" content=\"https:\/\/www.endoca.com\/fr\/a-propos-de-nous\/le-mode-de-vie-endoca\" \/>\n<meta property=\"og:site_name\" content=\"Endoca\u00a9 CBD\" \/>\n<meta property=\"article:publisher\" content=\"https:\/\/www.facebook.com\/endoca\" \/>\n<meta property=\"article:modified_time\" content=\"2021-10-15T10:55:47+00:00\" \/>\n<meta property=\"og:image\" content=\"https:\/\/www.endoca.com\/wp-content\/uploads\/2017\/11\/hemp-oil-food@tablet.jpg\" \/>\n\t<meta property=\"og:image:width\" content=\"700\" \/>\n\t<meta property=\"og:image:height\" content=\"400\" \/>\n\t<meta property=\"og:image:type\" content=\"image\/jpeg\" \/>\n<meta name=\"twitter:card\" content=\"summary_large_image\" \/>\n<meta name=\"twitter:image\" content=\"https:\/\/www.endoca.com\/wp-content\/uploads\/2017\/11\/hemp-oil-food@tablet.jpg\" \/>\n<meta name=\"twitter:site\" content=\"@Endocacbdoil\" \/>\n<meta name=\"twitter:label1\" content=\"Dur\u00e9e de lecture estim\u00e9e\" \/>\n\t<meta name=\"twitter:data1\" content=\"1 minute\" \/>","yoast_head_json":{"title":"D\u00e9couvrez un mode de vie typique avec nos produits de CBD","description":"Nos plantes n'interagissent qu'avec des produits biologiques et durables pour produire la meilleure huile de chanvre CBD.","robots":{"index":"index","follow":"follow","max-snippet":"max-snippet:-1","max-image-preview":"max-image-preview:large","max-video-preview":"max-video-preview:-1"},"canonical":"https:\/\/www.endoca.com\/fr\/wp-json\/wp\/v2\/pages\/1642","og_locale":"fr_FR","og_type":"article","og_title":"D\u00e9couvrez un mode de vie typique avec nos produits de CBD","og_description":"Nos plantes n'interagissent qu'avec des produits biologiques et durables pour produire la meilleure huile de chanvre CBD.","og_url":"https:\/\/www.endoca.com\/fr\/a-propos-de-nous\/le-mode-de-vie-endoca","og_site_name":"Endoca\u00a9 CBD","article_publisher":"https:\/\/www.facebook.com\/endoca","article_modified_time":"2021-10-15T10:55:47+00:00","og_image":[{"width":700,"height":400,"url":"https:\/\/www.endoca.com\/wp-content\/uploads\/2017\/11\/hemp-oil-food@tablet.jpg","type":"image\/jpeg"}],"twitter_card":"summary_large_image","twitter_image":"https:\/\/www.endoca.com\/wp-content\/uploads\/2017\/11\/hemp-oil-food@tablet.jpg","twitter_site":"@Endocacbdoil","twitter_misc":{"Dur\u00e9e de lecture estim\u00e9e":"1 minute"},"schema":{"@context":"https:\/\/schema.org","@graph":[{"@type":"WebPage","@id":"https:\/\/www.endoca.com\/fr\/a-propos-de-nous\/le-mode-de-vie-endoca","url":"https:\/\/www.endoca.com\/fr\/a-propos-de-nous\/le-mode-de-vie-endoca","name":"D\u00e9couvrez un mode de vie typique avec nos produits de CBD","isPartOf":{"@id":"https:\/\/www.endoca.com\/#website"},"datePublished":"2017-11-08T10:34:53+00:00","dateModified":"2021-10-15T10:55:47+00:00","description":"Nos plantes n'interagissent qu'avec des produits biologiques et durables pour produire la meilleure huile de chanvre CBD.","breadcrumb":{"@id":"https:\/\/www.endoca.com\/fr\/a-propos-de-nous\/le-mode-de-vie-endoca#breadcrumb"},"inLanguage":"fr-FR","potentialAction":[{"@type":"ReadAction","target":["https:\/\/www.endoca.com\/fr\/a-propos-de-nous\/le-mode-de-vie-endoca"]}]},{"@type":"BreadcrumbList","@id":"https:\/\/www.endoca.com\/fr\/a-propos-de-nous\/le-mode-de-vie-endoca#breadcrumb","itemListElement":[{"@type":"ListItem","position":1,"name":"Home","item":"https:\/\/www.endoca.com\/fr"},{"@type":"ListItem","position":2,"name":"A propos de nous","item":"https:\/\/www.endoca.com\/fr\/a-propos-de-nous"},{"@type":"ListItem","position":3,"name":"Le mode de vie chez Endoca"}]},{"@type":"WebSite","@id":"https:\/\/www.endoca.com\/#website","url":"https:\/\/www.endoca.com\/","name":"Endoca\u00a9 CBD","description":"Best CBD Oil 100% organic","publisher":{"@id":"https:\/\/www.endoca.com\/#organization"},"potentialAction":[{"@type":"SearchAction","target":{"@type":"EntryPoint","urlTemplate":"https:\/\/www.endoca.com\/?s={search_term_string}"},"query-input":{"@type":"PropertyValueSpecification","valueRequired":true,"valueName":"search_term_string"}}],"inLanguage":"fr-FR"},{"@type":"Organization","@id":"https:\/\/www.endoca.com\/#organization","name":"Endoca","url":"https:\/\/www.endoca.com\/","logo":{"@type":"ImageObject","inLanguage":"fr-FR","@id":"https:\/\/www.endoca.com\/#\/schema\/logo\/image\/","url":"https:\/\/www.endoca.com\/wp-content\/uploads\/2018\/08\/endoca-logo.png","contentUrl":"https:\/\/www.endoca.com\/wp-content\/uploads\/2018\/08\/endoca-logo.png","width":150,"height":50,"caption":"Endoca"},"image":{"@id":"https:\/\/www.endoca.com\/#\/schema\/logo\/image\/"},"sameAs":["https:\/\/www.facebook.com\/endoca","https:\/\/x.com\/Endocacbdoil","https:\/\/www.instagram.com\/endoca\/","https:\/\/www.youtube.com\/channel\/UCNXwDCTBaa0WPEf1cOUHe9g"]}]}},"_links":{"self":[{"href":"https:\/\/www.endoca.com\/fr\/wp-json\/wp\/v2\/pages\/1642","targetHints":{"allow":["GET"]}}],"collection":[{"href":"https:\/\/www.endoca.com\/fr\/wp-json\/wp\/v2\/pages"}],"about":[{"href":"https:\/\/www.endoca.com\/fr\/wp-json\/wp\/v2\/types\/page"}],"author":[{"embeddable":true,"href":"https:\/\/www.endoca.com\/fr\/wp-json\/wp\/v2\/users\/1"}],"replies":[{"embeddable":true,"href":"https:\/\/www.endoca.com\/fr\/wp-json\/wp\/v2\/comments?post=1642"}],"version-history":[{"count":0,"href":"https:\/\/www.endoca.com\/fr\/wp-json\/wp\/v2\/pages\/1642\/revisions"}],"up":[{"embeddable":true,"href":"https:\/\/www.endoca.com\/fr\/wp-json\/wp\/v2\/pages\/1219"}],"wp:attachment":[{"href":"https:\/\/www.endoca.com\/fr\/wp-json\/wp\/v2\/media?parent=1642"}],"curies":[{"name":"wp","href":"https:\/\/api.w.org\/{rel}","templated":true}]}}