{"id":131372,"date":"2018-09-24T15:40:21","date_gmt":"2018-09-24T15:40:21","guid":{"rendered":"https:\/\/www.endoca.com\/cbd-dosage"},"modified":"2025-03-20T00:18:58","modified_gmt":"2025-03-20T00:18:58","slug":"cbd-dosage","status":"publish","type":"page","link":"https:\/\/www.endoca.com\/fr\/a-propos-du-cbd\/cbd-dosage","title":{"rendered":"CBD dosage"},"content":{"rendered":"<div id=\"pl-131372\"  class=\"panel-layout\" ><div id=\"pg-131372-0\"  class=\"panel-grid panel-no-style\" ><div id=\"pgc-131372-0-0\"  class=\"panel-grid-cell\" ><div id=\"panel-131372-0-0-0\" class=\"so-panel widget widget_mtt-cover-section panel-first-child panel-last-child\" data-index=\"0\" ><div\n\t\t\t\n\t\t\tclass=\"so-widget-mtt-cover-section so-widget-mtt-cover-section-base\"\n\t\t\t\n\t\t><div class=\"cover-wrapper compact\">\n\t<script type=\"application\/ld+json\">\n\t{\n\t\"@context\": \"http:\/\/schema.org\",\n\t\"@type\": \"BreadcrumbList\",\n\t\"itemListElement\": [\n\t\t\t\t{\n\t\t\"@type\": \"ListItem\",\n\t\t\"position\": 1,\n\t\t\"item\": {\n\t\t\t\"@id\": \"https:\/\/www.endoca.com\/fr\",\n\t\t\t\"name\": \"Accueil\"\n\t\t}\n\t\t}\n\t\t\t\t,\n\t\t\t\t\t\t{\n\t\t\"@type\": \"ListItem\",\n\t\t\"position\": 2,\n\t\t\"item\": {\n\t\t\t\"@id\": \"https:\/\/www.endoca.com\/fr\/a-propos-du-cbd\",\n\t\t\t\"name\": \"A propos du CBD\"\n\t\t}\n\t\t}\n\t\t\t\t,\n\t\t\t\t\t\t{\n\t\t\"@type\": \"ListItem\",\n\t\t\"position\": 3,\n\t\t\"item\": {\n\t\t\t\"@id\": \"https:\/\/www.endoca.com\/fr\/a-propos-du-cbd\/cbd-dosage\",\n\t\t\t\"name\": \"CBD dosage\"\n\t\t}\n\t\t}\n\t\t\t\t\t\t]\n\t}\n<\/script>\n\n<div class=\"new-breadcrumb\">\n\t<ol class=\"breadcrumbs\">\n\t\t\t\t\t<li>\n\t\t\t\t\t\t\t\t\t<a href=\"https:\/\/www.endoca.com\/fr\">Accueil<\/a>\n\t\t\t\t\t\t\t<\/li>\n\t\t\t\t\t<li>\n\t\t\t\t\t\t\t\t\t<a href=\"https:\/\/www.endoca.com\/fr\/a-propos-du-cbd\">A propos du CBD<\/a>\n\t\t\t\t\t\t\t<\/li>\n\t\t\t\t\t<li>\n\t\t\t\t\t\t\t\t\tCBD dosage\t\t\t\t\t\t\t<\/li>\n\t\t\t<\/ol>\n<\/div>\n\n\t<!-- Cover content -->\n\t<div class=\"cover-container\">\n\t\t<div class=\"cover-text-wrapper white\">\n\t\t\t<h1>CBD dosage<\/h1>\n\t\t\t\t\t<\/div>\n\t\t\t<\/div>\n<\/div>\n\n<!-- Structured data -->\n<\/div><\/div><\/div><\/div><div id=\"pg-131372-1\"  class=\"panel-grid panel-no-style\" ><div id=\"pgc-131372-1-0\"  class=\"panel-grid-cell\" ><div id=\"panel-131372-1-0-0\" class=\"so-panel widget widget_mtt-text-image panel-first-child\" data-index=\"1\" ><div\n\t\t\t\n\t\t\tclass=\"so-widget-mtt-text-image so-widget-mtt-text-image-base\"\n\t\t\t\n\t\t>\n<div class=\"text-image-wrapper\">\n\t<div class=\"text-image-container\">\n\t\t\n\t\t\t\t<div class=\"text-image-section spacing-bottom--big \">\n\t\t\t\t\t<div class=\"text-image-content-wrap\">\n\t\t\t\t\t\t<div class=\"text-image-content\">\n\t\t\t\t\t\t\t<h2><\/h2>\t\t\t\t\t\t\t<p><span data-sheets-value=\"{&quot;1&quot;:2,&quot;2&quot;:&quot;Le dosage ad\u00e9quat d\u00e9pend souvent de chacun. C'est pourquoi nous recommandons aux personnes de commencer lentement,  et d'\u00e9couter votre corps.&quot;}\" data-sheets-userformat=\"{&quot;2&quot;:4737,&quot;3&quot;:{&quot;1&quot;:0},&quot;10&quot;:2,&quot;12&quot;:0,&quot;15&quot;:&quot;arial,sans,sans-serif&quot;}\">Le dosage ad\u00e9quat d\u00e9pend souvent de chacun. C'est pourquoi nous recommandons aux personnes de commencer lentement, et d'\u00e9couter votre corps.<\/span><\/p>\n<p><span data-sheets-value=\"{&quot;1&quot;:2,&quot;2&quot;:&quot;L'experience de chacun avec le CBD est unique, mais un bon point de d\u00e9part consiste \u00e0 prendre une faible dose et \u00e0 progresser progressivement, en augmentant la dose semaine apr\u00e8s semaine jusqu'\u00e0 obtenir les r\u00e9sultats escompt\u00e9s. (autrement connu sous le nom de m\u00e9thode de titrage ascendant)&quot;}\" data-sheets-userformat=\"{&quot;2&quot;:4737,&quot;3&quot;:{&quot;1&quot;:0},&quot;10&quot;:2,&quot;12&quot;:0,&quot;15&quot;:&quot;arial,sans,sans-serif&quot;}\"><strong>L'experience de chacun avec le CBD est unique<\/strong>, mais un bon point de d\u00e9part consiste \u00e0 prendre une faible dose et \u00e0 progresser progressivement, en augmentant la dose semaine apr\u00e8s semaine jusqu'\u00e0 obtenir les r\u00e9sultats escompt\u00e9s (autrement connu sous le nom de m\u00e9thode de titrage ascendant).<\/span><\/p>\n\t\t\t\t\t\t<\/div>\n\t\t\t\t\t<\/div>\n\t\t\t\t\t<div class=\"text-image-img \">\n\t\t\t\t\t\t\n\t\t<picture>\n\t\t\t\n\t\t\t\n\t\t\t\t\t\t\n\t\t\t\t\t\t\t<source\n\t\t\t\t\tsrcset=\"https:\/\/www.endoca.com\/wp-content\/uploads\/2018\/11\/Table-dose-1-1920x916.jpg,\n                        https:\/\/www.endoca.com\/wp-content\/uploads\/2018\/11\/Table-dose-1.jpg 2x\"\n\t\t\t\t\tmedia=\"(max-width: 1920px)\"\n\t\t\t\t\t\t\t\t\t>\n\t\t\t\n\t\t\t\t\t\t\t\t<img decoding=\"async\" src=\"https:\/\/www.endoca.com\/wp-content\/uploads\/2018\/11\/Table-dose-1-1920x916.jpg\"\n\t\t\t\t\t\t\t\t\t\t\t\t\twidth=\"1920\"\n\t\t\t\t\t\t\theight=\"916\"\n\t\t\t\t\t\t alt='cbd dosage'\t\t\t\t\t>\n\t\t\t\t\t\t<\/picture>\n\n\t\t\t\t\t\t\t<\/div>\n\t\t\t\t<\/div>\n\t\t\t\t<\/div>\n<\/div><\/div><\/div><div id=\"panel-131372-1-0-1\" class=\"so-panel widget widget_mtt-text-paper panel-last-child\" data-index=\"2\" ><div class=\"responsive-images panel-widget-style panel-widget-style-for-131372-1-0-1\" ><div\n\t\t\t\n\t\t\tclass=\"so-widget-mtt-text-paper so-widget-mtt-text-paper-base\"\n\t\t\t\n\t\t><div class=\"text-paper-wrapper\">\n\t<div class=\"text-paper-container\">\n\t\t<div class=\"text-paper\">\n\t\t\t\t\t\t\t\t\t\t<div class=\"text-section intro\">\n\t\t\t\t\t\"\n\nNous vous aidons \u00e0 d\u00e9terminer<strong>la votre dose de CBD ad\u00e9quate<\/strong>, en raison de vos besoins et du type de produits que vous utilisez. Si vous souhaitez augmenter la dose plus rapidement, ou peut-\u00eatre un peu plus lentement, \u00e9coutez simplement votre corps et augmentez la dose de la mani\u00e8re qui vous convient le mieux..\n<h2>Dosage de CBD: Ryan<\/h2>\n<div class=\"dosage-chart\">\n<div class=\"dosage-intro\">\n<div class=\"dosage-intro__image\"><img loading=\"lazy\" decoding=\"async\" class=\"alignnone wp-image-81265 size-full\" src=\"https:\/\/www.endoca.com\/wp-content\/uploads\/2018\/11\/ryan-img.png\" alt=\"cbd dosage - ryan\" width=\"450\" height=\"201\" srcset=\"https:\/\/www.endoca.com\/wp-content\/uploads\/2018\/11\/ryan-img.png 450w, https:\/\/www.endoca.com\/wp-content\/uploads\/2018\/11\/ryan-img-300x134.png 300w\" sizes=\"auto, (max-width: 450px) 100vw, 450px\" \/><\/div>\n<div class=\"dosage-intro__desc\">\n\n<strong>Ryan<\/strong> trouvait que nos gouttes BRUTE le maintiennent trop \u00e9nergique quand elle sont prise juste avant de se coucher, mais lorsqu'elles sont pris le matin, elle l'aide \u00e0 rester calme et concentr\u00e9 au travail\n\n<\/div>\n<\/div>\n<div class=\"dosage-table\">\n<table>\n<thead>\n<tr>\n<th>Semaine<\/th>\n<th>1<\/th>\n<th>2<\/th>\n<th>3<\/th>\n<th>4<\/th>\n<th>5<\/th>\n<\/tr>\n<\/thead>\n<tbody>\n<tr>\n<td>Matin<\/td>\n<td>1 goutte<\/td>\n<td>2 gouttes<\/td>\n<td>3 gouttes<\/td>\n<td>5 gouttes<\/td>\n<td>5 gouttes<\/td>\n<\/tr>\n<tr>\n<td>Apr\u00e8s-midi<\/td>\n<td>1 goutte<\/td>\n<td>2 gouttes<\/td>\n<td>3 gouttes<\/td>\n<td>5 gouttes<\/td>\n<td>5 gouttes<\/td>\n<\/tr>\n<tr>\n<td>Soir<\/td>\n<td>1 goutte<\/td>\n<td>2 gouttes<\/td>\n<td>3 gouttes<\/td>\n<td>2 gouttes<\/td>\n<td>0 goutte<\/td>\n<\/tr>\n<\/tbody>\n<\/table>\n<h2><\/h2>\n<h2>Dosage CBD: Marta<\/h2>\n<\/div>\n<\/div>\n<div class=\"dosage-chart\">\n<div class=\"dosage-intro\">\n<div class=\"dosage-intro__image\"><img loading=\"lazy\" decoding=\"async\" class=\"alignnone wp-image-81250 size-full\" src=\"https:\/\/www.endoca.com\/wp-content\/uploads\/2018\/11\/marta.png\" alt=\"cbd dosage Marta\" width=\"450\" height=\"201\" srcset=\"https:\/\/www.endoca.com\/wp-content\/uploads\/2018\/11\/marta.png 450w, https:\/\/www.endoca.com\/wp-content\/uploads\/2018\/11\/marta-300x134.png 300w\" sizes=\"auto, (max-width: 450px) 100vw, 450px\" \/><\/div>\n<div class=\"dosage-intro__desc\" style=\"background: #fc5742;\"><strong>Marta<\/strong> found our decarb drops helped her to have a more restful sleep, but made her feel too drowsy at work if she takes too many drops in the morning, so only increases her dosage just before dinner.<\/div>\n.\n\n<\/div>\n<\/div>\n<div class=\"dosage-table\">\n<table>\n<thead>\n<tr>\n<th>Semaine<\/th>\n<th>1<\/th>\n<th>2<\/th>\n<th>3<\/th>\n<th>4<\/th>\n<th>5<\/th>\n<\/tr>\n<\/thead>\n<tbody>\n<tr>\n<td>Matin<\/td>\n<td>1 goutte<\/td>\n<td>2 gouttes<\/td>\n<td>3 gouttes<\/td>\n<td>2 gouttes<\/td>\n<td>2 gouttes<\/td>\n<\/tr>\n<tr>\n<td>Apr\u00e8s-midi<\/td>\n<td>1 goutte<\/td>\n<td>2 gouttes<\/td>\n<td>3 gouttes<\/td>\n<td>3 gouttes<\/td>\n<td>3 gouttes<\/td>\n<\/tr>\n<tr>\n<td>Soir<\/td>\n<td>1 goutte<\/td>\n<td>2 gouttes<\/td>\n<td>3 gouttes<\/td>\n<td>5 gouttes<\/td>\n<td>7 gouttes<\/td>\n<\/tr>\n<\/tbody>\n<\/table>\n<h2><\/h2>\n<h2>Dosage CBD: Jonathan<\/h2>\n<\/div>\n<div class=\"dosage-chart\">\n<div class=\"dosage-intro\">\n<div class=\"dosage-intro__image\"><img loading=\"lazy\" decoding=\"async\" class=\"alignnone wp-image-81235 size-full\" src=\"https:\/\/www.endoca.com\/wp-content\/uploads\/2018\/11\/jonathan.png\" alt=\"cbd dosage Jonathan\" width=\"450\" height=\"201\" srcset=\"https:\/\/www.endoca.com\/wp-content\/uploads\/2018\/11\/jonathan.png 450w, https:\/\/www.endoca.com\/wp-content\/uploads\/2018\/11\/jonathan-300x134.png 300w\" sizes=\"auto, (max-width: 450px) 100vw, 450px\" \/><\/div>\n<div class=\"dosage-intro__desc\" style=\"background: #8eca3f;\">\n\n<strong>Jonathan<\/strong> utilise nos suppositoires, 1 avant de se coucher et trouve que la dose du soir de 50 mg signifie qu'il n'aura pas besoin de gouttes pendant la journ\u00e9e.\n\n<\/div>\n<\/div>\n<div class=\"dosage-table\">\n<table>\n<thead>\n<tr>\n<th>Semaine<\/th>\n<th>1<\/th>\n<th>2<\/th>\n<th>3<\/th>\n<th>4<\/th>\n<th>5<\/th>\n<\/tr>\n<\/thead>\n<tbody>\n<tr>\n<td>Matin<\/td>\n<td>0 dose<\/td>\n<td>0 dose<\/td>\n<td>0 dose<\/td>\n<td>0 dose<\/td>\n<td>0 dose<\/td>\n<\/tr>\n<tr>\n<td>Apr\u00e8s-midi<\/td>\n<td>0 dose<\/td>\n<td>0 dose<\/td>\n<td>0 dose<\/td>\n<td>0 dose<\/td>\n<td>0 dose<\/td>\n<\/tr>\n<tr>\n<td>Soir<\/td>\n<td>1 dose<\/td>\n<td>1 dose<\/td>\n<td>1 dose<\/td>\n<td>1 dose<\/td>\n<td>1 dose<\/td>\n<\/tr>\n<\/tbody>\n<\/table>\n<h2><\/h2>\n<h2>Dosage CBD: Janni<\/h2>\n<\/div>\n<\/div>\n<div class=\"dosage-chart\">\n<div class=\"dosage-intro\">\n<div class=\"dosage-intro__image\"><img loading=\"lazy\" decoding=\"async\" class=\"alignnone wp-image-81220 size-full\" src=\"https:\/\/www.endoca.com\/wp-content\/uploads\/2018\/11\/janni.png\" alt=\"CBD Dosage: Janni\" width=\"450\" height=\"201\" srcset=\"https:\/\/www.endoca.com\/wp-content\/uploads\/2018\/11\/janni.png 450w, https:\/\/www.endoca.com\/wp-content\/uploads\/2018\/11\/janni-300x134.png 300w\" sizes=\"auto, (max-width: 450px) 100vw, 450px\" \/><\/div>\n<div class=\"dosage-intro__desc\" style=\"background: #403d4e;\">\n\n<strong>Janni<\/strong> utilise nos capsules de 300 mg de decarb pour son bien-\u00eatre g\u00e9n\u00e9ral et le maintien de son syst\u00e8me d'endocannabino\u00efdes. Pour le moment elle n'a jamais ressenti le besoin d'augmenter sa dose.\n\n<\/div>\n<\/div>\n<div class=\"dosage-table\">\n<table>\n<thead>\n<tr>\n<th>Semaine<\/th>\n<th>1<\/th>\n<th>2<\/th>\n<th>3<\/th>\n<th>4<\/th>\n<th>5<\/th>\n<\/tr>\n<\/thead>\n<tbody>\n<tr>\n<td>Matin<\/td>\n<td>1 capsule<\/td>\n<td>1 capsule<\/td>\n<td>1 capsule<\/td>\n<td>1 capsule<\/td>\n<td>1 capsule<\/td>\n<\/tr>\n<tr>\n<td>Apr\u00e8s-midi<\/td>\n<td>1 capsule<\/td>\n<td>1 capsule<\/td>\n<td>1 capsule<\/td>\n<td>1 capsule<\/td>\n<td>1 capsule<\/td>\n<\/tr>\n<tr>\n<td>Soir<\/td>\n<td>1 capsule<\/td>\n<td>1 capsule<\/td>\n<td>1 capsule<\/td>\n<td>1 capsule<\/td>\n<td>1 capsule<\/td>\n<\/tr>\n<\/tbody>\n<\/table>\n<\/div>\n<\/div>\nComme vous commencez \u00e0<a href=\"https:\/\/www.endoca.com\/fr\/a-propos-du-cbd\/cbd-effets\"> comprendre le CBD et ses effets<\/a> avec votre corps, il sera possible de d\u00e9cider si votre dose devra peut-\u00eatre \u00eatre modifi\u00e9e tout au long de la journ\u00e9e. Il faut parfois attendre quelques jours avant de ressentir les effets. Nous vous recommandons donc de maintenir votre dose quelques jours avant de la modifier..\n\n<strong>Vous ne savez toujours pas par o\u00f9 commencer? Rejoignez notre <a href=\"https:\/\/www.facebook.com\/groups\/1889681597963676\/\" rel=\"nofollow\">Communaut\u00e9 Endoca sur notre page Facebook <\/a> ici, et parlez de votre experience \u00e0 nos membres.<\/strong>\n\n<style>.dosage-intro{display:flex}@media screen and (max-width:960px){.dosage-intro{flex-direction:column}}.dosage-intro__image{width:50%}@media screen and (max-width:960px){.dosage-intro__image{width:100%}}.dosage-intro__image img{display:block}.dosage-intro__desc{background:#3ba097;color:#fff;padding:30px;width:50%}.dosage-intro__desc p{font-size:1.1rem}@media screen and (max-width:960px){.dosage-intro__desc{width:100%}.dosage-intro__desc p{font-size:.9rem}}.dosage-table{padding:20px 0;width:100%}@media screen and (max-width:960px){.dosage-table{padding:10px 0}}.dosage-table table{width:100%}.dosage-table table td,.dosage-table table th{border-left:2px solid #9cb436;text-align:left;padding:5px 15px}.dosage-table table td:first-child,.dosage-table table th:first-child{border-left:0}@media screen and (max-width:960px){.dosage-table table td,.dosage-table table th{border-left:1px solid rgba(156,180,54,.5);padding:5px 3px}}.dosage-table table th{font-size:1.2rem;font-weight:700;color:#9cb436;text-align:left}@media screen and (max-width:960px){.dosage-table table th{font-size:1rem;text-align:center}.dosage-table table th:first-child{text-align:left}}.dosage-table table td{font-size:1rem;text-align:left}@media screen and (max-width:960px){.dosage-table table td{font-size:.6rem}}<\/style>\t\t\t\t<\/div>\n\t\t\t\t\t\t\t\t<\/div>\n\t<\/div>\n<\/div><\/div><\/div><\/div><\/div><\/div><\/div>","protected":false},"excerpt":{"rendered":"<p>Accueil A propos du CBD CBD dosage CBD dosage Le dosage ad\u00e9quat d\u00e9pend souvent de chacun. C&#8217;est pourquoi nous recommandons&#8230;<\/p>\n","protected":false},"author":1,"featured_media":80785,"parent":695,"menu_order":0,"comment_status":"closed","ping_status":"closed","template":"","meta":{"_acf_changed":false,"footnotes":""},"class_list":["post-131372","page","type-page","status-publish","has-post-thumbnail","hentry"],"acf":[],"yoast_head":"<title>Comment avoir le dosage CBD le plus optimal pour votre corps?<\/title>\n<meta name=\"description\" content=\"Tout le monde a son propre sweet spot. C&#039;est pourquoi nous recommandons aux gens de commencer petit \u00e0 petit, et d&#039;\u00e9couter les signaux de votre corps.\" \/>\n<meta name=\"robots\" content=\"index, follow, max-snippet:-1, max-image-preview:large, max-video-preview:-1\" \/>\n<link rel=\"canonical\" href=\"https:\/\/www.endoca.com\/fr\/wp-json\/wp\/v2\/pages\/131372\" \/>\n<meta property=\"og:locale\" content=\"fr_FR\" \/>\n<meta property=\"og:type\" content=\"article\" \/>\n<meta property=\"og:title\" content=\"Comment avoir le dosage CBD le plus optimal pour votre corps?\" \/>\n<meta property=\"og:description\" content=\"Tout le monde a son propre sweet spot. C&#039;est pourquoi nous recommandons aux gens de commencer petit \u00e0 petit, et d&#039;\u00e9couter les signaux de votre corps.\" \/>\n<meta property=\"og:url\" content=\"https:\/\/www.endoca.com\/fr\/a-propos-du-cbd\/cbd-dosage\" \/>\n<meta property=\"og:site_name\" content=\"Endoca\u00a9 CBD\" \/>\n<meta property=\"article:publisher\" content=\"https:\/\/www.facebook.com\/endoca\" \/>\n<meta property=\"article:modified_time\" content=\"2025-03-20T00:18:58+00:00\" \/>\n<meta property=\"og:image\" content=\"https:\/\/www.endoca.com\/wp-content\/uploads\/2018\/11\/Table-dose-1.jpg\" \/>\n\t<meta property=\"og:image:width\" content=\"2179\" \/>\n\t<meta property=\"og:image:height\" content=\"1039\" \/>\n\t<meta property=\"og:image:type\" content=\"image\/jpeg\" \/>\n<meta name=\"twitter:card\" content=\"summary_large_image\" \/>\n<meta name=\"twitter:site\" content=\"@Endocacbdoil\" \/>\n<meta name=\"twitter:label1\" content=\"Dur\u00e9e de lecture estim\u00e9e\" \/>\n\t<meta name=\"twitter:data1\" content=\"1 minute\" \/>","yoast_head_json":{"title":"Comment avoir le dosage CBD le plus optimal pour votre corps?","description":"Tout le monde a son propre sweet spot. C'est pourquoi nous recommandons aux gens de commencer petit \u00e0 petit, et d'\u00e9couter les signaux de votre corps.","robots":{"index":"index","follow":"follow","max-snippet":"max-snippet:-1","max-image-preview":"max-image-preview:large","max-video-preview":"max-video-preview:-1"},"canonical":"https:\/\/www.endoca.com\/fr\/wp-json\/wp\/v2\/pages\/131372","og_locale":"fr_FR","og_type":"article","og_title":"Comment avoir le dosage CBD le plus optimal pour votre corps?","og_description":"Tout le monde a son propre sweet spot. C'est pourquoi nous recommandons aux gens de commencer petit \u00e0 petit, et d'\u00e9couter les signaux de votre corps.","og_url":"https:\/\/www.endoca.com\/fr\/a-propos-du-cbd\/cbd-dosage","og_site_name":"Endoca\u00a9 CBD","article_publisher":"https:\/\/www.facebook.com\/endoca","article_modified_time":"2025-03-20T00:18:58+00:00","og_image":[{"width":2179,"height":1039,"url":"https:\/\/www.endoca.com\/wp-content\/uploads\/2018\/11\/Table-dose-1.jpg","type":"image\/jpeg"}],"twitter_card":"summary_large_image","twitter_site":"@Endocacbdoil","twitter_misc":{"Dur\u00e9e de lecture estim\u00e9e":"1 minute"},"schema":{"@context":"https:\/\/schema.org","@graph":[{"@type":"WebPage","@id":"https:\/\/www.endoca.com\/fr\/a-propos-du-cbd\/cbd-dosage","url":"https:\/\/www.endoca.com\/fr\/a-propos-du-cbd\/cbd-dosage","name":"Comment avoir le dosage CBD le plus optimal pour votre corps?","isPartOf":{"@id":"https:\/\/www.endoca.com\/#website"},"primaryImageOfPage":{"@id":"https:\/\/www.endoca.com\/fr\/a-propos-du-cbd\/cbd-dosage#primaryimage"},"image":{"@id":"https:\/\/www.endoca.com\/fr\/a-propos-du-cbd\/cbd-dosage#primaryimage"},"thumbnailUrl":"https:\/\/www.endoca.com\/wp-content\/uploads\/2018\/11\/Table-dose-1.jpg","datePublished":"2018-09-24T15:40:21+00:00","dateModified":"2025-03-20T00:18:58+00:00","description":"Tout le monde a son propre sweet spot. C'est pourquoi nous recommandons aux gens de commencer petit \u00e0 petit, et d'\u00e9couter les signaux de votre corps.","breadcrumb":{"@id":"https:\/\/www.endoca.com\/fr\/a-propos-du-cbd\/cbd-dosage#breadcrumb"},"inLanguage":"fr-FR","potentialAction":[{"@type":"ReadAction","target":["https:\/\/www.endoca.com\/fr\/a-propos-du-cbd\/cbd-dosage"]}]},{"@type":"ImageObject","inLanguage":"fr-FR","@id":"https:\/\/www.endoca.com\/fr\/a-propos-du-cbd\/cbd-dosage#primaryimage","url":"https:\/\/www.endoca.com\/wp-content\/uploads\/2018\/11\/Table-dose-1.jpg","contentUrl":"https:\/\/www.endoca.com\/wp-content\/uploads\/2018\/11\/Table-dose-1.jpg","width":2179,"height":1039,"caption":"cbd dosage"},{"@type":"BreadcrumbList","@id":"https:\/\/www.endoca.com\/fr\/a-propos-du-cbd\/cbd-dosage#breadcrumb","itemListElement":[{"@type":"ListItem","position":1,"name":"Home","item":"https:\/\/www.endoca.com\/fr"},{"@type":"ListItem","position":2,"name":"A propos du CBD","item":"https:\/\/www.endoca.com\/fr\/a-propos-du-cbd"},{"@type":"ListItem","position":3,"name":"CBD dosage"}]},{"@type":"WebSite","@id":"https:\/\/www.endoca.com\/#website","url":"https:\/\/www.endoca.com\/","name":"Endoca\u00a9 CBD","description":"Best CBD Oil 100% organic","publisher":{"@id":"https:\/\/www.endoca.com\/#organization"},"potentialAction":[{"@type":"SearchAction","target":{"@type":"EntryPoint","urlTemplate":"https:\/\/www.endoca.com\/?s={search_term_string}"},"query-input":{"@type":"PropertyValueSpecification","valueRequired":true,"valueName":"search_term_string"}}],"inLanguage":"fr-FR"},{"@type":"Organization","@id":"https:\/\/www.endoca.com\/#organization","name":"Endoca","url":"https:\/\/www.endoca.com\/","logo":{"@type":"ImageObject","inLanguage":"fr-FR","@id":"https:\/\/www.endoca.com\/#\/schema\/logo\/image\/","url":"https:\/\/www.endoca.com\/wp-content\/uploads\/2018\/08\/endoca-logo.png","contentUrl":"https:\/\/www.endoca.com\/wp-content\/uploads\/2018\/08\/endoca-logo.png","width":150,"height":50,"caption":"Endoca"},"image":{"@id":"https:\/\/www.endoca.com\/#\/schema\/logo\/image\/"},"sameAs":["https:\/\/www.facebook.com\/endoca","https:\/\/x.com\/Endocacbdoil","https:\/\/www.instagram.com\/endoca\/","https:\/\/www.youtube.com\/channel\/UCNXwDCTBaa0WPEf1cOUHe9g"]}]}},"_links":{"self":[{"href":"https:\/\/www.endoca.com\/fr\/wp-json\/wp\/v2\/pages\/131372","targetHints":{"allow":["GET"]}}],"collection":[{"href":"https:\/\/www.endoca.com\/fr\/wp-json\/wp\/v2\/pages"}],"about":[{"href":"https:\/\/www.endoca.com\/fr\/wp-json\/wp\/v2\/types\/page"}],"author":[{"embeddable":true,"href":"https:\/\/www.endoca.com\/fr\/wp-json\/wp\/v2\/users\/1"}],"replies":[{"embeddable":true,"href":"https:\/\/www.endoca.com\/fr\/wp-json\/wp\/v2\/comments?post=131372"}],"version-history":[{"count":1,"href":"https:\/\/www.endoca.com\/fr\/wp-json\/wp\/v2\/pages\/131372\/revisions"}],"predecessor-version":[{"id":332699,"href":"https:\/\/www.endoca.com\/fr\/wp-json\/wp\/v2\/pages\/131372\/revisions\/332699"}],"up":[{"embeddable":true,"href":"https:\/\/www.endoca.com\/fr\/wp-json\/wp\/v2\/pages\/695"}],"wp:featuredmedia":[{"embeddable":true,"href":"https:\/\/www.endoca.com\/fr\/wp-json\/wp\/v2\/media\/80785"}],"wp:attachment":[{"href":"https:\/\/www.endoca.com\/fr\/wp-json\/wp\/v2\/media?parent=131372"}],"curies":[{"name":"wp","href":"https:\/\/api.w.org\/{rel}","templated":true}]}}