{"id":125829,"date":"2018-09-24T13:45:34","date_gmt":"2018-09-24T13:45:34","guid":{"rendered":"https:\/\/www.endoca.com\/a-propos-du-cbd\/what-is-cbd"},"modified":"2023-02-06T14:58:34","modified_gmt":"2023-02-06T14:58:34","slug":"le-cbd","status":"publish","type":"page","link":"https:\/\/www.endoca.com\/fr\/a-propos-du-cbd\/le-cbd","title":{"rendered":"Qu&#8217;est-ce que le CBD?"},"content":{"rendered":"<div id=\"pl-125829\"  class=\"panel-layout\" ><div id=\"pg-125829-0\"  class=\"panel-grid panel-no-style\" ><div id=\"pgc-125829-0-0\"  class=\"panel-grid-cell\" ><div id=\"panel-125829-0-0-0\" class=\"so-panel widget widget_mtt-cover-section panel-first-child panel-last-child\" data-index=\"0\" ><div\n\t\t\t\n\t\t\tclass=\"so-widget-mtt-cover-section so-widget-mtt-cover-section-base\"\n\t\t\t\n\t\t><div class=\"cover-wrapper compact\">\n\t<script type=\"application\/ld+json\">\n\t{\n\t\"@context\": \"http:\/\/schema.org\",\n\t\"@type\": \"BreadcrumbList\",\n\t\"itemListElement\": [\n\t\t\t\t{\n\t\t\"@type\": \"ListItem\",\n\t\t\"position\": 1,\n\t\t\"item\": {\n\t\t\t\"@id\": \"https:\/\/www.endoca.com\/fr\",\n\t\t\t\"name\": \"Accueil\"\n\t\t}\n\t\t}\n\t\t\t\t,\n\t\t\t\t\t\t{\n\t\t\"@type\": \"ListItem\",\n\t\t\"position\": 2,\n\t\t\"item\": {\n\t\t\t\"@id\": \"https:\/\/www.endoca.com\/fr\/a-propos-du-cbd\",\n\t\t\t\"name\": \"A propos du CBD\"\n\t\t}\n\t\t}\n\t\t\t\t,\n\t\t\t\t\t\t{\n\t\t\"@type\": \"ListItem\",\n\t\t\"position\": 3,\n\t\t\"item\": {\n\t\t\t\"@id\": \"https:\/\/www.endoca.com\/fr\/a-propos-du-cbd\/le-cbd\",\n\t\t\t\"name\": \"Qu&#039;est-ce que le CBD?\"\n\t\t}\n\t\t}\n\t\t\t\t\t\t]\n\t}\n<\/script>\n\n<div class=\"new-breadcrumb\">\n\t<ol class=\"breadcrumbs\">\n\t\t\t\t\t<li>\n\t\t\t\t\t\t\t\t\t<a href=\"https:\/\/www.endoca.com\/fr\">Accueil<\/a>\n\t\t\t\t\t\t\t<\/li>\n\t\t\t\t\t<li>\n\t\t\t\t\t\t\t\t\t<a href=\"https:\/\/www.endoca.com\/fr\/a-propos-du-cbd\">A propos du CBD<\/a>\n\t\t\t\t\t\t\t<\/li>\n\t\t\t\t\t<li>\n\t\t\t\t\t\t\t\t\tQu&#039;est-ce que le CBD?\t\t\t\t\t\t\t<\/li>\n\t\t\t<\/ol>\n<\/div>\n\n\t<!-- Cover content -->\n\t<div class=\"cover-container\">\n\t\t<div class=\"cover-text-wrapper white\">\n\t\t\t<h1>Qu&#8217;est-ce que le CBD?<\/h1>\n\t\t\t\t\t<\/div>\n\t\t\t<\/div>\n<\/div>\n\n<!-- Structured data -->\n<\/div><\/div><\/div><\/div><div id=\"pg-125829-1\"  class=\"panel-grid panel-no-style\" ><div id=\"pgc-125829-1-0\"  class=\"panel-grid-cell\" ><div id=\"panel-125829-1-0-0\" class=\"so-panel widget widget_mtt-text-paper panel-first-child\" data-index=\"1\" ><div class=\"panel-widget-style panel-widget-style-for-125829-1-0-0\" ><div\n\t\t\t\n\t\t\tclass=\"so-widget-mtt-text-paper so-widget-mtt-text-paper-base\"\n\t\t\t\n\t\t><div class=\"text-paper-wrapper\">\n\t<div class=\"text-paper-container\">\n\t\t<div class=\"text-paper\">\n\t\t\t\t\t\t\t\t\t\t<div class=\"text-section intro\">\n\t\t\t\t\t<p>Ici \u00e0 Endoca nous croyons que<strong> le CBD est la mol\u00e9cule naturelle la plus \u00e9tonnante que l'on trouve dans la plante de cannabis<\/strong> - et nous nous engageons \u00e0 ne produire que de l'huile de chanvre au CBD la plus raffin\u00e9 et la plus pure qui soit. Cela dit, nous comprenons que les termes d'huile de chanvre au CBD peut \u00eatre l\u00e9g\u00e8rement d\u00e9routant et soulever des questions telles que:<\/p>\n<ul>\n<li style=\"font-weight: 400;\">Qu'est-ce que le CBD?<\/li>\n<li style=\"font-weight: 400;\">Qu'elle est la difference entre le CBD et l'huile de CBD?<\/li>\n<li style=\"font-weight: 400;\">Est-ce que le CBD vous fera \"planer\"?<\/li>\n<li style=\"font-weight: 400;\">Le CBD est-il un produit l\u00e9gal?<\/li>\n<\/ul>\n<p>Ne vous inqui\u00e9tez pas, nous r\u00e9pondrons \u00e0 tout ce qui pr\u00e9c\u00e8de et plus encore dans notre guide; Qu'est-ce que l'huile de CBD?<\/p>\n\t\t\t\t<\/div>\n\t\t\t\t\t\t\t\t\t\t<div class=\"text-section\">\n\t\t\t\t\t<h2>Alors, qu'est ce que l'huile de chanvre ?<\/h2>\n\t\t\t\t\t<p>Techniquement, l'huile de chanvre fait r\u00e9f\u00e9rence \u00e0 toute huile fabriqu\u00e9e \u00e0 partir de la plante de chanvre. Il est possible d'extraire des huiles pour acc\u00e9der \u00e0 des \u00e9l\u00e9ments autres que le CBD tels que les vitamines essentielles, les min\u00e9raux, les flavono\u00efdes, les acides gras et d'autres compos\u00e9s non-psychoactifs. Deux huiles peuvent \u00eatre fabriqu\u00e9s \u00e0 partir du chanvre :<\/p>\n<p><span style=\"font-weight: 400;\">1) L'huile de graines de chanvre<\/span><\/p>\n<p>Cette huile est extraite des graines et est utilis\u00e9e lors de la cuisson. Il ne contient g\u00e9n\u00e9ralement pas de CBD.<\/p>\n<p>2) L'huile de chanvre<\/p>\n<p>Cette huile a \u00e9t\u00e9 extraite de la <strong>tige de la plante de chanvre uniquement pour sa teneur en CBD<\/strong> (\u00e9galement connue sous le nom d'huile de chanvre en CBD). Pour qu'il soit l\u00e9gal, il ne doit pas contenir plus de 0,2% de THC.<\/p>\n\t\t\t\t<\/div>\n\t\t\t\t\t\t\t<div class=\"text-section\">\n\t\t\t\t\t<h2>A quoi sert l'huile de chanvre au CBD?<\/h2>\n\t\t\t\t\t<p><strong>Le CBD contient une liste exhaustive de vitamines naturelles<\/strong> telles que la vitamine A, la vitamine C et la vitamine E. Pour cette raison, l'huile de chanvre au CBD peut \u00eatre utilis\u00e9e \u00e0 la fois comme compl\u00e9ment m\u00e9dical et comme compl\u00e9ment alimentaire. Elle contient essentiellement tous les bienfaits du CBD sans les effet psychoactifs de la associ\u00e9s au cannabis.<\/p>\n<p>En plus de prendre part au r\u00e9gime alimentaire quotidien, des recherches scientifiques sugg\u00e8rent que l'huile de chanvre au CBD peut \u00e9galement \u00eatre utilis\u00e9e pour traiter diverses conditions telles que l'anxi\u00e9t\u00e9, les douleurs chroniques et diverses condition dermatologique.<\/p>\n\t\t\t\t<\/div>\n\t\t\t\t\t\t\t<div class=\"text-section\">\n\t\t\t\t\t<h2>L'huile de CBD est-elle la m\u00eame chose que l'huile de chanvre au CBD?<\/h2>\n\t\t\t\t\t<p>Notre<strong> huile au cannabidiol<\/strong> (CBD) est un extrait botanique naturel de la plante de chanvre, qui ne contient que des traces l\u00e9gal de THC (moins de 0,2%). L'huile de CBD est souvent d\u00e9riv\u00e9e d'autres vari\u00e9t\u00e9s qui contiennent plus de THC. <strong>Le compos\u00e9 \u00e0 base de CBD est le m\u00eame dans toutes les huiles \u00e0 base de CBD<\/strong>, que ce soit le chanvre ou autrement, le CBD est le CBD. Cependant, c\u2019est d\u2019o\u00f9 leur origine qui fait toute la diff\u00e9rence.<\/p>\n\t\t\t\t<\/div>\n\t\t\t\t\t\t\t<div class=\"text-section\">\n\t\t\t\t\t<h2>De quoi est faite l'huile de chanvre ?<\/h2>\n\t\t\t\t\t<p>Ici, chez Endoca, notre huile de chanvre est d\u00e9riv\u00e9e de la plante de chanvre, qui contient naturellement du CBD - l'un des 100 compos\u00e9s naturels que l'on trouve dans la plante de cannabis. XXX.<\/p>\n<p>La d\u00e9finition du chanvre est couramment utilis\u00e9e pour les vari\u00e9t\u00e9s de cannabis qui contiennent de tr\u00e8s faibles taux de THC (le compos\u00e9 qui vous fera \"planer\"). L'huile de chanvre au CBD est donc parfaitement l\u00e9gale, car elle contient tr\u00e8s peu de THC (environ moins de 0,2% ).<\/p>\n<p>Lorsque le cannabis est cultiv\u00e9 avec des niveaux \u00e9lev\u00e9s de THC, il est commun\u00e9ment appel\u00e9 \"marijuana\" et a des effets psychoactifs, le rendant ill\u00e9gal dans la plupart des pays.<\/p>\n\t\t\t\t<\/div>\n\t\t\t\t\t<\/div>\n\t<\/div>\n<\/div><\/div><\/div><\/div><div id=\"panel-125829-1-0-1\" class=\"so-panel widget widget_mtt-text-image panel-last-child\" data-index=\"2\" ><div\n\t\t\t\n\t\t\tclass=\"so-widget-mtt-text-image so-widget-mtt-text-image-base\"\n\t\t\t\n\t\t>\n<div class=\"text-image-wrapper\">\n\t<div class=\"text-image-container\">\n\t\t\n\t\t\t\t<div class=\"text-image-section reverse fixed-height spacing-bottom wide-text\">\n\t\t\t\t\t<div class=\"text-image-content-wrap\">\n\t\t\t\t\t\t<div class=\"text-image-content\">\n\t\t\t\t\t\t\t<h2>Que fait l&#039;huile de chanvre?<\/h2>\t\t\t\t\t\t\t<p><span data-sheets-value=\"{&quot;1&quot;:2,&quot;2&quot;:&quot;En plus d\u2019affecter positivement le syst\u00e8me endocannabino\u00efde, l\u2019huile de chanvre au CBD pr\u00e9sente de nombreux avantages, notamment:\\n\\nPeut soulager la douleur\\nPeut r\u00e9duire l'inflammation\\nPeut r\u00e9duire l'anxi\u00e9t\u00e9\\nPeut aider \u00e0 lutter contre le cancer\\nPeut traiter certains troubles neurologiques et des convulsions\\nPeut soulager les naus\u00e9es\\nPeut favoriser un bon sommeil \/ aide contre l'insomnie\\nPeut promouvoir la sant\u00e9 cardiovasculaire &quot;}\" data-sheets-userformat=\"{&quot;2&quot;:4737,&quot;3&quot;:{&quot;1&quot;:0},&quot;10&quot;:2,&quot;12&quot;:0,&quot;15&quot;:&quot;arial,sans,sans-serif&quot;}\">En plus d\u2019affecter positivement le syst\u00e8me endocannabino\u00efde, l\u2019huile de chanvre au CBD pr\u00e9sente de nombreux avantages, notamment:<br \/>\n<\/span><\/p>\n<ul>\n<li><span data-sheets-value=\"{&quot;1&quot;:2,&quot;2&quot;:&quot;En plus d\u2019affecter positivement le syst\u00e8me endocannabino\u00efde, l\u2019huile de chanvre au CBD pr\u00e9sente de nombreux avantages, notamment:\\n\\nPeut soulager la douleur\\nPeut r\u00e9duire l'inflammation\\nPeut r\u00e9duire l'anxi\u00e9t\u00e9\\nPeut aider \u00e0 lutter contre le cancer\\nPeut traiter certains troubles neurologiques et des convulsions\\nPeut soulager les naus\u00e9es\\nPeut favoriser un bon sommeil \/ aide contre l'insomnie\\nPeut promouvoir la sant\u00e9 cardiovasculaire &quot;}\" data-sheets-userformat=\"{&quot;2&quot;:4737,&quot;3&quot;:{&quot;1&quot;:0},&quot;10&quot;:2,&quot;12&quot;:0,&quot;15&quot;:&quot;arial,sans,sans-serif&quot;}\">Peut soulager la douleur<\/span><\/li>\n<li><span data-sheets-value=\"{&quot;1&quot;:2,&quot;2&quot;:&quot;En plus d\u2019affecter positivement le syst\u00e8me endocannabino\u00efde, l\u2019huile de chanvre au CBD pr\u00e9sente de nombreux avantages, notamment:\\n\\nPeut soulager la douleur\\nPeut r\u00e9duire l'inflammation\\nPeut r\u00e9duire l'anxi\u00e9t\u00e9\\nPeut aider \u00e0 lutter contre le cancer\\nPeut traiter certains troubles neurologiques et des convulsions\\nPeut soulager les naus\u00e9es\\nPeut favoriser un bon sommeil \/ aide contre l'insomnie\\nPeut promouvoir la sant\u00e9 cardiovasculaire &quot;}\" data-sheets-userformat=\"{&quot;2&quot;:4737,&quot;3&quot;:{&quot;1&quot;:0},&quot;10&quot;:2,&quot;12&quot;:0,&quot;15&quot;:&quot;arial,sans,sans-serif&quot;}\">Peut r\u00e9duire l'inflammation<\/span><\/li>\n<li><span data-sheets-value=\"{&quot;1&quot;:2,&quot;2&quot;:&quot;En plus d\u2019affecter positivement le syst\u00e8me endocannabino\u00efde, l\u2019huile de chanvre au CBD pr\u00e9sente de nombreux avantages, notamment:\\n\\nPeut soulager la douleur\\nPeut r\u00e9duire l'inflammation\\nPeut r\u00e9duire l'anxi\u00e9t\u00e9\\nPeut aider \u00e0 lutter contre le cancer\\nPeut traiter certains troubles neurologiques et des convulsions\\nPeut soulager les naus\u00e9es\\nPeut favoriser un bon sommeil \/ aide contre l'insomnie\\nPeut promouvoir la sant\u00e9 cardiovasculaire &quot;}\" data-sheets-userformat=\"{&quot;2&quot;:4737,&quot;3&quot;:{&quot;1&quot;:0},&quot;10&quot;:2,&quot;12&quot;:0,&quot;15&quot;:&quot;arial,sans,sans-serif&quot;}\">Peut r\u00e9duire l'anxi\u00e9t\u00e9<\/span><\/li>\n<li><span data-sheets-value=\"{&quot;1&quot;:2,&quot;2&quot;:&quot;En plus d\u2019affecter positivement le syst\u00e8me endocannabino\u00efde, l\u2019huile de chanvre au CBD pr\u00e9sente de nombreux avantages, notamment:\\n\\nPeut soulager la douleur\\nPeut r\u00e9duire l'inflammation\\nPeut r\u00e9duire l'anxi\u00e9t\u00e9\\nPeut aider \u00e0 lutter contre le cancer\\nPeut traiter certains troubles neurologiques et des convulsions\\nPeut soulager les naus\u00e9es\\nPeut favoriser un bon sommeil \/ aide contre l'insomnie\\nPeut promouvoir la sant\u00e9 cardiovasculaire &quot;}\" data-sheets-userformat=\"{&quot;2&quot;:4737,&quot;3&quot;:{&quot;1&quot;:0},&quot;10&quot;:2,&quot;12&quot;:0,&quot;15&quot;:&quot;arial,sans,sans-serif&quot;}\">Peut aider \u00e0 lutter contre le cancer<\/span><\/li>\n<li><span data-sheets-value=\"{&quot;1&quot;:2,&quot;2&quot;:&quot;En plus d\u2019affecter positivement le syst\u00e8me endocannabino\u00efde, l\u2019huile de chanvre au CBD pr\u00e9sente de nombreux avantages, notamment:\\n\\nPeut soulager la douleur\\nPeut r\u00e9duire l'inflammation\\nPeut r\u00e9duire l'anxi\u00e9t\u00e9\\nPeut aider \u00e0 lutter contre le cancer\\nPeut traiter certains troubles neurologiques et des convulsions\\nPeut soulager les naus\u00e9es\\nPeut favoriser un bon sommeil \/ aide contre l'insomnie\\nPeut promouvoir la sant\u00e9 cardiovasculaire &quot;}\" data-sheets-userformat=\"{&quot;2&quot;:4737,&quot;3&quot;:{&quot;1&quot;:0},&quot;10&quot;:2,&quot;12&quot;:0,&quot;15&quot;:&quot;arial,sans,sans-serif&quot;}\">Peut traiter certains troubles neurologiques et des convulsions<\/span><\/li>\n<li><span data-sheets-value=\"{&quot;1&quot;:2,&quot;2&quot;:&quot;En plus d\u2019affecter positivement le syst\u00e8me endocannabino\u00efde, l\u2019huile de chanvre au CBD pr\u00e9sente de nombreux avantages, notamment:\\n\\nPeut soulager la douleur\\nPeut r\u00e9duire l'inflammation\\nPeut r\u00e9duire l'anxi\u00e9t\u00e9\\nPeut aider \u00e0 lutter contre le cancer\\nPeut traiter certains troubles neurologiques et des convulsions\\nPeut soulager les naus\u00e9es\\nPeut favoriser un bon sommeil \/ aide contre l'insomnie\\nPeut promouvoir la sant\u00e9 cardiovasculaire &quot;}\" data-sheets-userformat=\"{&quot;2&quot;:4737,&quot;3&quot;:{&quot;1&quot;:0},&quot;10&quot;:2,&quot;12&quot;:0,&quot;15&quot;:&quot;arial,sans,sans-serif&quot;}\">Peut soulager les naus\u00e9es<\/span><\/li>\n<li><span data-sheets-value=\"{&quot;1&quot;:2,&quot;2&quot;:&quot;En plus d\u2019affecter positivement le syst\u00e8me endocannabino\u00efde, l\u2019huile de chanvre au CBD pr\u00e9sente de nombreux avantages, notamment:\\n\\nPeut soulager la douleur\\nPeut r\u00e9duire l'inflammation\\nPeut r\u00e9duire l'anxi\u00e9t\u00e9\\nPeut aider \u00e0 lutter contre le cancer\\nPeut traiter certains troubles neurologiques et des convulsions\\nPeut soulager les naus\u00e9es\\nPeut favoriser un bon sommeil \/ aide contre l'insomnie\\nPeut promouvoir la sant\u00e9 cardiovasculaire &quot;}\" data-sheets-userformat=\"{&quot;2&quot;:4737,&quot;3&quot;:{&quot;1&quot;:0},&quot;10&quot;:2,&quot;12&quot;:0,&quot;15&quot;:&quot;arial,sans,sans-serif&quot;}\">Peut favoriser un bon sommeil \/ aide contre l'insomnie<\/span><\/li>\n<li><span data-sheets-value=\"{&quot;1&quot;:2,&quot;2&quot;:&quot;En plus d\u2019affecter positivement le syst\u00e8me endocannabino\u00efde, l\u2019huile de chanvre au CBD pr\u00e9sente de nombreux avantages, notamment:\\n\\nPeut soulager la douleur\\nPeut r\u00e9duire l'inflammation\\nPeut r\u00e9duire l'anxi\u00e9t\u00e9\\nPeut aider \u00e0 lutter contre le cancer\\nPeut traiter certains troubles neurologiques et des convulsions\\nPeut soulager les naus\u00e9es\\nPeut favoriser un bon sommeil \/ aide contre l'insomnie\\nPeut promouvoir la sant\u00e9 cardiovasculaire &quot;}\" data-sheets-userformat=\"{&quot;2&quot;:4737,&quot;3&quot;:{&quot;1&quot;:0},&quot;10&quot;:2,&quot;12&quot;:0,&quot;15&quot;:&quot;arial,sans,sans-serif&quot;}\">Peut promouvoir la sant\u00e9 cardiovasculaire <\/span><\/li>\n<\/ul>\n\t\t\t\t\t\t<\/div>\n\t\t\t\t\t<\/div>\n\t\t\t\t\t<div class=\"text-image-img \">\n\t\t\t\t\t\t\n\t\t<picture>\n\t\t\t\n\t\t\t\n\t\t\t\t\t\t\t\t<source srcset=\"https:\/\/www.endoca.com\/wp-content\/uploads\/2018\/08\/Cannabinoids-900x544.png,\n\t\t\t\t\t\t\thttps:\/\/www.endoca.com\/wp-content\/uploads\/2018\/08\/Cannabinoids.png 2x\"\n\t\t\t\t\t\tmedia=\"(max-width: 949px)\"\n\t\t\t\t\t\t\t\t\t\t\t>\n\t\t\t\t\t\t\t\n\t\t\t\t\t\t\t<source\n\t\t\t\t\tsrcset=\"https:\/\/www.endoca.com\/wp-content\/uploads\/2018\/08\/Cannabinoids.png,\n                        https:\/\/www.endoca.com\/wp-content\/uploads\/2018\/08\/Cannabinoids.png 2x\"\n\t\t\t\t\tmedia=\"(max-width: 1920px)\"\n\t\t\t\t\t\t\t\t\t>\n\t\t\t\n\t\t\t\t\t\t\t\t<img decoding=\"async\" src=\"https:\/\/www.endoca.com\/wp-content\/uploads\/2018\/08\/Cannabinoids.png\"\n\t\t\t\t\t\t\t\t\t\t\t\t\twidth=\"1529\"\n\t\t\t\t\t\t\theight=\"925\"\n\t\t\t\t\t\t alt='CBD effects'\t\t\t\t\t>\n\t\t\t\t\t\t<\/picture>\n\n\t\t\t\t\t\t\t<\/div>\n\t\t\t\t<\/div>\n\t\t\t\t<\/div>\n<\/div><\/div><\/div><\/div><\/div><\/div>","protected":false},"excerpt":{"rendered":"<p>Accueil A propos du CBD Qu&#039;est-ce que le CBD? Qu&#8217;est-ce que le CBD? Ici \u00e0 Endoca nous croyons que le&#8230;<\/p>\n","protected":false},"author":1,"featured_media":20538,"parent":695,"menu_order":0,"comment_status":"closed","ping_status":"closed","template":"","meta":{"_acf_changed":false,"footnotes":""},"class_list":["post-125829","page","type-page","status-publish","has-post-thumbnail","hentry"],"acf":[],"yoast_head":"<title>L&#039;huile de chanvre CBD - quels en sont les b\u00e9n\u00e9fices ?<\/title>\n<meta name=\"description\" content=\"Le cannabidiol (CBD) est une mol\u00e9cule naturelle pr\u00e9sente dans la plante de cannabis. Lisez notre guide p\u00e9dagogique et d\u00e9couvrez ce qu&#039;est le CBD.\" \/>\n<meta name=\"robots\" content=\"index, follow, max-snippet:-1, max-image-preview:large, max-video-preview:-1\" \/>\n<link rel=\"canonical\" href=\"https:\/\/www.endoca.com\/fr\/wp-json\/wp\/v2\/pages\/125829\" \/>\n<meta property=\"og:locale\" content=\"fr_FR\" \/>\n<meta property=\"og:type\" content=\"article\" \/>\n<meta property=\"og:title\" content=\"L&#039;huile de chanvre CBD - quels en sont les b\u00e9n\u00e9fices ?\" \/>\n<meta property=\"og:description\" content=\"Le cannabidiol (CBD) est une mol\u00e9cule naturelle pr\u00e9sente dans la plante de cannabis. Lisez notre guide p\u00e9dagogique et d\u00e9couvrez ce qu&#039;est le CBD.\" \/>\n<meta property=\"og:url\" content=\"https:\/\/www.endoca.com\/fr\/a-propos-du-cbd\/le-cbd\" \/>\n<meta property=\"og:site_name\" content=\"Endoca\u00a9 CBD\" \/>\n<meta property=\"article:publisher\" content=\"https:\/\/www.facebook.com\/endoca\" \/>\n<meta property=\"article:modified_time\" content=\"2023-02-06T14:58:34+00:00\" \/>\n<meta property=\"og:image\" content=\"https:\/\/www.endoca.com\/wp-content\/uploads\/2018\/01\/cbd-hemp-oil-drop.jpg\" \/>\n\t<meta property=\"og:image:width\" content=\"600\" \/>\n\t<meta property=\"og:image:height\" content=\"600\" \/>\n\t<meta property=\"og:image:type\" content=\"image\/jpeg\" \/>\n<meta name=\"twitter:card\" content=\"summary_large_image\" \/>\n<meta name=\"twitter:site\" content=\"@Endocacbdoil\" \/>","yoast_head_json":{"title":"L'huile de chanvre CBD - quels en sont les b\u00e9n\u00e9fices ?","description":"Le cannabidiol (CBD) est une mol\u00e9cule naturelle pr\u00e9sente dans la plante de cannabis. Lisez notre guide p\u00e9dagogique et d\u00e9couvrez ce qu'est le CBD.","robots":{"index":"index","follow":"follow","max-snippet":"max-snippet:-1","max-image-preview":"max-image-preview:large","max-video-preview":"max-video-preview:-1"},"canonical":"https:\/\/www.endoca.com\/fr\/wp-json\/wp\/v2\/pages\/125829","og_locale":"fr_FR","og_type":"article","og_title":"L'huile de chanvre CBD - quels en sont les b\u00e9n\u00e9fices ?","og_description":"Le cannabidiol (CBD) est une mol\u00e9cule naturelle pr\u00e9sente dans la plante de cannabis. Lisez notre guide p\u00e9dagogique et d\u00e9couvrez ce qu'est le CBD.","og_url":"https:\/\/www.endoca.com\/fr\/a-propos-du-cbd\/le-cbd","og_site_name":"Endoca\u00a9 CBD","article_publisher":"https:\/\/www.facebook.com\/endoca","article_modified_time":"2023-02-06T14:58:34+00:00","og_image":[{"width":600,"height":600,"url":"https:\/\/www.endoca.com\/wp-content\/uploads\/2018\/01\/cbd-hemp-oil-drop.jpg","type":"image\/jpeg"}],"twitter_card":"summary_large_image","twitter_site":"@Endocacbdoil","schema":{"@context":"https:\/\/schema.org","@graph":[{"@type":"WebPage","@id":"https:\/\/www.endoca.com\/fr\/a-propos-du-cbd\/le-cbd","url":"https:\/\/www.endoca.com\/fr\/a-propos-du-cbd\/le-cbd","name":"L'huile de chanvre CBD - quels en sont les b\u00e9n\u00e9fices ?","isPartOf":{"@id":"https:\/\/www.endoca.com\/#website"},"primaryImageOfPage":{"@id":"https:\/\/www.endoca.com\/fr\/a-propos-du-cbd\/le-cbd#primaryimage"},"image":{"@id":"https:\/\/www.endoca.com\/fr\/a-propos-du-cbd\/le-cbd#primaryimage"},"thumbnailUrl":"https:\/\/www.endoca.com\/wp-content\/uploads\/2018\/01\/cbd-hemp-oil-drop.jpg","datePublished":"2018-09-24T13:45:34+00:00","dateModified":"2023-02-06T14:58:34+00:00","description":"Le cannabidiol (CBD) est une mol\u00e9cule naturelle pr\u00e9sente dans la plante de cannabis. Lisez notre guide p\u00e9dagogique et d\u00e9couvrez ce qu'est le CBD.","breadcrumb":{"@id":"https:\/\/www.endoca.com\/fr\/a-propos-du-cbd\/le-cbd#breadcrumb"},"inLanguage":"fr-FR","potentialAction":[{"@type":"ReadAction","target":["https:\/\/www.endoca.com\/fr\/a-propos-du-cbd\/le-cbd"]}]},{"@type":"ImageObject","inLanguage":"fr-FR","@id":"https:\/\/www.endoca.com\/fr\/a-propos-du-cbd\/le-cbd#primaryimage","url":"https:\/\/www.endoca.com\/wp-content\/uploads\/2018\/01\/cbd-hemp-oil-drop.jpg","contentUrl":"https:\/\/www.endoca.com\/wp-content\/uploads\/2018\/01\/cbd-hemp-oil-drop.jpg","width":600,"height":600,"caption":"what is cbd"},{"@type":"BreadcrumbList","@id":"https:\/\/www.endoca.com\/fr\/a-propos-du-cbd\/le-cbd#breadcrumb","itemListElement":[{"@type":"ListItem","position":1,"name":"Home","item":"https:\/\/www.endoca.com\/fr"},{"@type":"ListItem","position":2,"name":"A propos du CBD","item":"https:\/\/www.endoca.com\/fr\/a-propos-du-cbd"},{"@type":"ListItem","position":3,"name":"Qu&#8217;est-ce que le CBD?"}]},{"@type":"WebSite","@id":"https:\/\/www.endoca.com\/#website","url":"https:\/\/www.endoca.com\/","name":"Endoca\u00a9 CBD","description":"Best CBD Oil 100% organic","publisher":{"@id":"https:\/\/www.endoca.com\/#organization"},"potentialAction":[{"@type":"SearchAction","target":{"@type":"EntryPoint","urlTemplate":"https:\/\/www.endoca.com\/?s={search_term_string}"},"query-input":{"@type":"PropertyValueSpecification","valueRequired":true,"valueName":"search_term_string"}}],"inLanguage":"fr-FR"},{"@type":"Organization","@id":"https:\/\/www.endoca.com\/#organization","name":"Endoca","url":"https:\/\/www.endoca.com\/","logo":{"@type":"ImageObject","inLanguage":"fr-FR","@id":"https:\/\/www.endoca.com\/#\/schema\/logo\/image\/","url":"https:\/\/www.endoca.com\/wp-content\/uploads\/2018\/08\/endoca-logo.png","contentUrl":"https:\/\/www.endoca.com\/wp-content\/uploads\/2018\/08\/endoca-logo.png","width":150,"height":50,"caption":"Endoca"},"image":{"@id":"https:\/\/www.endoca.com\/#\/schema\/logo\/image\/"},"sameAs":["https:\/\/www.facebook.com\/endoca","https:\/\/x.com\/Endocacbdoil","https:\/\/www.instagram.com\/endoca\/","https:\/\/www.youtube.com\/channel\/UCNXwDCTBaa0WPEf1cOUHe9g"]}]}},"_links":{"self":[{"href":"https:\/\/www.endoca.com\/fr\/wp-json\/wp\/v2\/pages\/125829","targetHints":{"allow":["GET"]}}],"collection":[{"href":"https:\/\/www.endoca.com\/fr\/wp-json\/wp\/v2\/pages"}],"about":[{"href":"https:\/\/www.endoca.com\/fr\/wp-json\/wp\/v2\/types\/page"}],"author":[{"embeddable":true,"href":"https:\/\/www.endoca.com\/fr\/wp-json\/wp\/v2\/users\/1"}],"replies":[{"embeddable":true,"href":"https:\/\/www.endoca.com\/fr\/wp-json\/wp\/v2\/comments?post=125829"}],"version-history":[{"count":2,"href":"https:\/\/www.endoca.com\/fr\/wp-json\/wp\/v2\/pages\/125829\/revisions"}],"predecessor-version":[{"id":303866,"href":"https:\/\/www.endoca.com\/fr\/wp-json\/wp\/v2\/pages\/125829\/revisions\/303866"}],"up":[{"embeddable":true,"href":"https:\/\/www.endoca.com\/fr\/wp-json\/wp\/v2\/pages\/695"}],"wp:featuredmedia":[{"embeddable":true,"href":"https:\/\/www.endoca.com\/fr\/wp-json\/wp\/v2\/media\/20538"}],"wp:attachment":[{"href":"https:\/\/www.endoca.com\/fr\/wp-json\/wp\/v2\/media?parent=125829"}],"curies":[{"name":"wp","href":"https:\/\/api.w.org\/{rel}","templated":true}]}}