{"id":1219,"date":"2017-11-08T10:12:42","date_gmt":"2017-11-08T10:12:42","guid":{"rendered":"https:\/\/www.endoca.com\/about-us\/"},"modified":"2021-10-15T11:07:22","modified_gmt":"2021-10-15T11:07:22","slug":"a-propos-de-nous","status":"publish","type":"page","link":"https:\/\/www.endoca.com\/fr\/a-propos-de-nous","title":{"rendered":"A propos de nous"},"content":{"rendered":"<div id=\"pl-1219\"  class=\"panel-layout\" ><div id=\"pg-1219-0\"  class=\"panel-grid panel-no-style\" ><div id=\"pgc-1219-0-0\"  class=\"panel-grid-cell\" ><div id=\"panel-1219-0-0-0\" class=\"so-panel widget widget_mtt-cover-section panel-first-child panel-last-child\" data-index=\"0\" ><div\n\t\t\t\n\t\t\tclass=\"so-widget-mtt-cover-section so-widget-mtt-cover-section-base\"\n\t\t\t\n\t\t><div class=\"cover-wrapper compact\">\n\t<script type=\"application\/ld+json\">\n\t{\n\t\"@context\": \"http:\/\/schema.org\",\n\t\"@type\": \"BreadcrumbList\",\n\t\"itemListElement\": [\n\t\t\t\t{\n\t\t\"@type\": \"ListItem\",\n\t\t\"position\": 1,\n\t\t\"item\": {\n\t\t\t\"@id\": \"https:\/\/www.endoca.com\/fr\",\n\t\t\t\"name\": \"Accueil\"\n\t\t}\n\t\t}\n\t\t\t\t,\n\t\t\t\t\t\t{\n\t\t\"@type\": \"ListItem\",\n\t\t\"position\": 2,\n\t\t\"item\": {\n\t\t\t\"@id\": \"https:\/\/www.endoca.com\/fr\/a-propos-de-nous\",\n\t\t\t\"name\": \"A propos de nous\"\n\t\t}\n\t\t}\n\t\t\t\t\t\t]\n\t}\n<\/script>\n\n<div class=\"new-breadcrumb\">\n\t<ol class=\"breadcrumbs\">\n\t\t\t\t\t<li>\n\t\t\t\t\t\t\t\t\t<a href=\"https:\/\/www.endoca.com\/fr\">Accueil<\/a>\n\t\t\t\t\t\t\t<\/li>\n\t\t\t\t\t<li>\n\t\t\t\t\t\t\t\t\tA propos de nous\t\t\t\t\t\t\t<\/li>\n\t\t\t<\/ol>\n<\/div>\n\n\t<!-- Cover content -->\n\t<div class=\"cover-container\">\n\t\t<div class=\"cover-text-wrapper white\">\n\t\t\t<h1>A propos d'Endoca et des extraits d'huiles de CBD<\/h1>\n\t\t\t\t\t<\/div>\n\t\t\t<\/div>\n<\/div>\n\n<!-- Structured data -->\n<\/div><\/div><\/div><\/div><div id=\"pg-1219-1\"  class=\"panel-grid panel-no-style\" ><div id=\"pgc-1219-1-0\"  class=\"panel-grid-cell\" ><div id=\"panel-1219-1-0-0\" class=\"so-panel widget widget_mtt-text-image panel-first-child panel-last-child\" data-index=\"1\" ><div\n\t\t\t\n\t\t\tclass=\"so-widget-mtt-text-image so-widget-mtt-text-image-base\"\n\t\t\t\n\t\t>\n<div class=\"text-image-wrapper\">\n\t<div class=\"text-image-container\">\n\t\t\n\t\t\t\t<div class=\"text-image-section fixed-height spacing-bottom \">\n\t\t\t\t\t<div class=\"text-image-content-wrap\">\n\t\t\t\t\t\t<div class=\"text-image-content\">\n\t\t\t\t\t\t\t<h2>Les experts de l&#039;huile CBD<\/h2>\t\t\t\t\t\t\t<p><span style=\"font-weight: 400;\">Chez Endoca, notre objectif principal est de rechercher et de d\u00e9velopper des extraits innovants de cannabis et des aliments \u00e0 base de chanvre qui peuvent aider \u00e0 \u00e9quilibrer le syst\u00e8me endocannabino\u00efde humain en les rendant accessibles dans le monde entier. Nous sommes convaincus qu'en se concentrant sur le syst\u00e8me endocannabino\u00efde humain, nous pouvons aider beaucoup de gens sur cette plan\u00e8te \u00e0 r\u00e9tablir leur \u00e9quilibre interne.<\/span><span style=\"font-weight: 400;\"><br \/><\/span><\/p>\n<p><span style=\"font-weight: 400;\">Nous apportons toute notre attention \u00e0 la qualit\u00e9 de nos produits de chanvre comme l'huile de CBD. Endoca produit \u00e9galement d'autres cannabino\u00efdes car il en existe plus de 80 diff\u00e9rents.<\/span><\/p>\t\t\t\t\t\t<\/div>\n\t\t\t\t\t<\/div>\n\t\t\t\t\t<div class=\"text-image-img \">\n\t\t\t\t\t\t\n\t\t<picture>\n\t\t\t\n\t\t\t\t\t\t\t\t<source srcset=\"https:\/\/www.endoca.com\/wp-content\/uploads\/2017\/11\/cbd-product-line@mobile.jpg,\n\t\t\t\t\t\t\thttps:\/\/www.endoca.com\/wp-content\/uploads\/2017\/11\/cbd-product-line@mobile.jpg 2x\"\n\t\t\t\t\t\tmedia=\"(max-width: 580px)\"\n\t\t\t\t\t\t\t\t\t\t\t>\n\t\t\t\n\t\t\t\t\t\t\n\t\t\t\t\t\t\t<source\n\t\t\t\t\tsrcset=\"https:\/\/www.endoca.com\/wp-content\/uploads\/2017\/11\/cbd-product-line.jpg,\n                        https:\/\/www.endoca.com\/wp-content\/uploads\/2017\/11\/cbd-product-line.jpg 2x\"\n\t\t\t\t\tmedia=\"(max-width: 1920px)\"\n\t\t\t\t\t\t\t\t\t>\n\t\t\t\n\t\t\t\t\t\t\t\t<img decoding=\"async\" src=\"https:\/\/www.endoca.com\/wp-content\/uploads\/2017\/11\/cbd-product-line.jpg\"\n\t\t\t\t\t\t\t\t\t\t\t\t\twidth=\"700\"\n\t\t\t\t\t\t\theight=\"500\"\n\t\t\t\t\t\t alt='produits de cannabis'\t\t\t\t\t>\n\t\t\t\t\t\t<\/picture>\n\n\t\t\t\t\t\t\t<\/div>\n\t\t\t\t<\/div>\n\t\t\t\n\t\t\t\t<div class=\"text-image-section reverse fixed-height spacing-bottom \">\n\t\t\t\t\t<div class=\"text-image-content-wrap\">\n\t\t\t\t\t\t<div class=\"text-image-content\">\n\t\t\t\t\t\t\t<h2>L&#039;histoire des extraits de l&#039;huile de CBD<\/h2>\t\t\t\t\t\t\t<p><span style=\"font-weight: 400;\">Henry Vincenty a voyag\u00e9 \u00e0 travers le monde depuis des d\u00e9cennies \u00e0 la recherche de m\u00e9dicaments biologiques adapt\u00e9s. Apr\u00e8s des recherches de plusieurs d\u00e9cennies, il a d\u00e9couvert que le chanvre travaillait comme un rem\u00e8de contre de nombreuses maladies courantes. Avec une formation en science, Henry Vincenty, le fondateur d'Endoca, a utilis\u00e9 ses connaissances pour extraire l'huie de la plante de chanvre. La famille Vincenty a une longue tradition dans la culture du chanvre et a produit la meilleure huile de chanvre au monde.<\/span><\/p>\n<p><span style=\"font-weight: 400;\">Le chanvre, \u00e9galement connu sous le nom de chanvre industriel, est une vari\u00e9t\u00e9 de la plante de cannabis contenant de faibles niveaux d'acide t\u00e9trahydrocannabinol (THCa). La plante de chanvre a \u00e9t\u00e9 r\u00e9colt\u00e9e pour ses fibres et ses graines depuis 10 000 ans. C'est l'une des premi\u00e8res plantes \u00e0 \u00eatre cultiv\u00e9es par les hommes.<\/span><\/p>\t\t\t\t\t\t<\/div>\n\t\t\t\t\t<\/div>\n\t\t\t\t\t<div class=\"text-image-img \">\n\t\t\t\t\t\t\n\t\t<picture>\n\t\t\t\n\t\t\t\t\t\t\t\t<source srcset=\"https:\/\/www.endoca.com\/wp-content\/uploads\/2017\/11\/village-portrait-henry@mobile.jpg,\n\t\t\t\t\t\t\thttps:\/\/www.endoca.com\/wp-content\/uploads\/2017\/11\/village-portrait-henry@mobile.jpg 2x\"\n\t\t\t\t\t\tmedia=\"(max-width: 580px)\"\n\t\t\t\t\t\t\t\t\t\t\t>\n\t\t\t\n\t\t\t\t\t\t\t\t<source srcset=\"https:\/\/www.endoca.com\/wp-content\/uploads\/2017\/11\/village-portrait-henry@tablet.jpg,\n\t\t\t\t\t\t\thttps:\/\/www.endoca.com\/wp-content\/uploads\/2017\/11\/village-portrait-henry@tablet.jpg 2x\"\n\t\t\t\t\t\tmedia=\"(max-width: 949px)\"\n\t\t\t\t\t\t\t\t\t\t\t>\n\t\t\t\t\t\t\t\n\t\t\t\t\t\t\t<source\n\t\t\t\t\tsrcset=\"https:\/\/www.endoca.com\/wp-content\/uploads\/2017\/11\/village-portrait-henry.jpg,\n                        https:\/\/www.endoca.com\/wp-content\/uploads\/2017\/11\/village-portrait-henry.jpg 2x\"\n\t\t\t\t\tmedia=\"(max-width: 1920px)\"\n\t\t\t\t\t\t\t\t\t>\n\t\t\t\n\t\t\t\t\t\t\t\t<img decoding=\"async\" src=\"https:\/\/www.endoca.com\/wp-content\/uploads\/2017\/11\/village-portrait-henry.jpg\"\n\t\t\t\t\t\t\t\t\t\t\t\t\twidth=\"700\"\n\t\t\t\t\t\t\theight=\"600\"\n\t\t\t\t\t\t alt='Henry Henry portrait dans le village'\t\t\t\t\t>\n\t\t\t\t\t\t<\/picture>\n\n\t\t\t\t\t\t\t<\/div>\n\t\t\t\t<\/div>\n\t\t\t\t<\/div>\n<\/div><\/div><\/div><\/div><\/div><div id=\"pg-1219-2\"  class=\"panel-grid panel-no-style\" ><div id=\"pgc-1219-2-0\"  class=\"panel-grid-cell\" ><div id=\"panel-1219-2-0-0\" class=\"so-panel widget widget_mtt-text-paper panel-first-child panel-last-child\" data-index=\"2\" ><div\n\t\t\t\n\t\t\tclass=\"so-widget-mtt-text-paper so-widget-mtt-text-paper-base\"\n\t\t\t\n\t\t><div class=\"text-paper-wrapper\">\n\t<div class=\"text-paper-container\">\n\t\t<div class=\"text-paper\">\n\t\t\t\t\t\t\t<h2>Soyez le changement que vous souhaitez voir dans le monde<\/h2>\n\t\t\t\t\t\t\t\t\t\t\t\t\t<div class=\"text-section\">\n\t\t\t\t\t<h2>Nos missions<\/h2>\n\t\t\t\t\t<p>Endoca a toujours \u00e9t\u00e9 convaincu que pour rendre le monde meilleur, nous devons montrer l'exemple. Chez Endoca, notre mission est de prouver que l'humanit\u00e9 peut vivre en \u00e9quilibre dans le respect de nous-m\u00eames et du monde qui nous entoure.<\/p>\t\t\t\t<\/div>\n\t\t\t\t\t\t\t<div class=\"text-section\">\n\t\t\t\t\t<h2>Notre vision<\/h2>\n\t\t\t\t\t<ul>\n<li>Cr\u00e9er la plus grande organisation caritative au monde<\/li>\n<li>R\u00e9tablir l'industrie du chanvre dans la soci\u00e9t\u00e9 car nous sommes convaincus que le chanvre est une solution dans la plupart des probl\u00e8mes dans le monde.<\/li>\n<li>Cr\u00e9er un programme qui aidera les gens \u00e0 changer leur style de vie, \u00e0 apprendre \u00e0 \u00e9quilibrer le corps et \u00e0 vivre en harmonie avec la nature<\/li>\n<li>Montrer\u00a0qu'il est possible de construire une entreprise prosp\u00e8re, 100% durable et en \u00e9quilibre avec la nature<\/li>\n<\/ul>\t\t\t\t<\/div>\n\t\t\t\t\t\t\t<div class=\"text-section\">\n\t\t\t\t\t<h2>En pratique<\/h2>\n\t\t\t\t\t<p>\u00a0<\/p>\n<p><span lang=\"fr\">Endoca fabrique des produits \u00e0 partir de plantes de Cannabis (Chanvre) certifi\u00e9es biologiques et cultiv\u00e9es sans herbicides ni pesticides. Nous avons notre propre banque de semences et notre propre programme de production, nous ne faisons pas que cultiver les plantes nous-m\u00eames, mais nous les r\u00e9coltons et les traitons \u00e9galement dans le cadre de nos programmes de contr\u00f4le de la qualit\u00e9 Endoca tr\u00e8s stricts. <\/span><\/p>\n<p><span lang=\"fr\">\u00catre respectueux de l'environnement est extr\u00eamement important pour nous, donc nos r\u00e9colteurs fonctionnent avec des huiles usag\u00e9es provenant de l'industrie alimentaire. Nos m\u00e9thodes de production sont \u00e9galement propres car nous utilisons le CO2 de l'air que vous respirez et cela ne n\u00e9cessite pas l'utilisation de produits chimiques ou de solvants. Cela nous permet d'atteindre un niveau de puret\u00e9 exceptionnellement \u00e9lev\u00e9 dans nos huiles de chanvre. Votre sant\u00e9 et le respect de l'environnement sont nos premi\u00e8res priorit\u00e9s.Concernant la production, nous utilisons du b\u00e9tail car il contient de petites quantit\u00e9s de CBD et cela r\u00e9duit le besoin d'utiliser des antibiotiques. Tous les d\u00e9chets que nous ne pouvons pas utiliser sont convertis en biogaz, qui peut \u00eatre utilis\u00e9 pour produire de l'\u00e9lectricit\u00e9 ou du chauffage. Nous travaillons dur pour la mise en place d'un village durable autour de notre site de production 100% durable et ind\u00e9pendant. Un endroit o\u00f9 l'on cultive des aliments biologiques et o\u00f9 tout ce dont nous avons besoin est produit dans le village. Nous irons plus loin que d'\u00eatre simplement \u00abbio\u00bb , en effet, de v\u00e9ritables principes de la permaculture sont mis en \u0153uvre pour assurer une durabilit\u00e9 maximale. Nous d\u00e9veloppons actuellement nos propres emballages en utilisant des fibres de chanvre pour r\u00e9duire la pollution caus\u00e9e par le papier et les processus de production de plastique. Les encres et colorants que nous utilisons seront \u00e9galement des produits enti\u00e8rement naturels. Notre prochaine grande \u00e9tape consistera \u00e0 utiliser l'\u00e9nergie solaire comme source durable d'\u00e9lectricit\u00e9 pour notre installation. Nous voulons prouver que les pratiques 100% durables fonctionnent, et nous voulons que vous nous rejoigniez dans notre qu\u00eate pour rendre le monde plus sain.<\/span><\/p>\t\t\t\t<\/div>\n\t\t\t\t\t<\/div>\n\t<\/div>\n<\/div><\/div><\/div><\/div><\/div><\/div>","protected":false},"excerpt":{"rendered":"<p>Accueil A propos de nous A propos d&#8217;Endoca et des extraits d&#8217;huiles de CBD Les experts de l&#039;huile CBD Chez&#8230;<\/p>\n","protected":false},"author":1,"featured_media":194634,"parent":0,"menu_order":0,"comment_status":"closed","ping_status":"closed","template":"","meta":{"_acf_changed":false,"footnotes":""},"class_list":["post-1219","page","type-page","status-publish","has-post-thumbnail","hentry"],"acf":[],"yoast_head":"<title>D\u00e9couvrez tout ce qu&#039;il est possible de savoir sur nous<\/title>\n<meta name=\"description\" content=\"Les conditions g\u00e9n\u00e9rales d&#039;Endoca ont pour but de vous assurer que vous \u00eates satisfait de tous vos achats.\" \/>\n<meta name=\"robots\" content=\"index, follow, max-snippet:-1, max-image-preview:large, max-video-preview:-1\" \/>\n<link rel=\"canonical\" href=\"https:\/\/www.endoca.com\/fr\/wp-json\/wp\/v2\/pages\/1219\" \/>\n<meta property=\"og:locale\" content=\"fr_FR\" \/>\n<meta property=\"og:type\" content=\"article\" \/>\n<meta property=\"og:title\" content=\"D\u00e9couvrez tout ce qu&#039;il est possible de savoir sur nous\" \/>\n<meta property=\"og:description\" content=\"Les conditions g\u00e9n\u00e9rales d&#039;Endoca ont pour but de vous assurer que vous \u00eates satisfait de tous vos achats.\" \/>\n<meta property=\"og:url\" content=\"https:\/\/www.endoca.com\/fr\/a-propos-de-nous\" \/>\n<meta property=\"og:site_name\" content=\"Endoca\u00a9 CBD\" \/>\n<meta property=\"article:publisher\" content=\"https:\/\/www.facebook.com\/endoca\" \/>\n<meta property=\"article:modified_time\" content=\"2021-10-15T11:07:22+00:00\" \/>\n<meta property=\"og:image\" content=\"https:\/\/www.endoca.com\/wp-content\/uploads\/2017\/11\/village-portrait-henry.jpg\" \/>\n\t<meta property=\"og:image:width\" content=\"700\" \/>\n\t<meta property=\"og:image:height\" content=\"600\" \/>\n\t<meta property=\"og:image:type\" content=\"image\/jpeg\" \/>\n<meta name=\"twitter:card\" content=\"summary_large_image\" \/>\n<meta name=\"twitter:image\" content=\"https:\/\/www.endoca.com\/wp-content\/uploads\/2017\/11\/village-portrait-henry.jpg\" \/>\n<meta name=\"twitter:site\" content=\"@Endocacbdoil\" \/>\n<meta name=\"twitter:label1\" content=\"Dur\u00e9e de lecture estim\u00e9e\" \/>\n\t<meta name=\"twitter:data1\" content=\"1 minute\" \/>","yoast_head_json":{"title":"D\u00e9couvrez tout ce qu'il est possible de savoir sur nous","description":"Les conditions g\u00e9n\u00e9rales d'Endoca ont pour but de vous assurer que vous \u00eates satisfait de tous vos achats.","robots":{"index":"index","follow":"follow","max-snippet":"max-snippet:-1","max-image-preview":"max-image-preview:large","max-video-preview":"max-video-preview:-1"},"canonical":"https:\/\/www.endoca.com\/fr\/wp-json\/wp\/v2\/pages\/1219","og_locale":"fr_FR","og_type":"article","og_title":"D\u00e9couvrez tout ce qu'il est possible de savoir sur nous","og_description":"Les conditions g\u00e9n\u00e9rales d'Endoca ont pour but de vous assurer que vous \u00eates satisfait de tous vos achats.","og_url":"https:\/\/www.endoca.com\/fr\/a-propos-de-nous","og_site_name":"Endoca\u00a9 CBD","article_publisher":"https:\/\/www.facebook.com\/endoca","article_modified_time":"2021-10-15T11:07:22+00:00","og_image":[{"width":700,"height":600,"url":"https:\/\/www.endoca.com\/wp-content\/uploads\/2017\/11\/village-portrait-henry.jpg","type":"image\/jpeg"}],"twitter_card":"summary_large_image","twitter_image":"https:\/\/www.endoca.com\/wp-content\/uploads\/2017\/11\/village-portrait-henry.jpg","twitter_site":"@Endocacbdoil","twitter_misc":{"Dur\u00e9e de lecture estim\u00e9e":"1 minute"},"schema":{"@context":"https:\/\/schema.org","@graph":[{"@type":"WebPage","@id":"https:\/\/www.endoca.com\/fr\/a-propos-de-nous","url":"https:\/\/www.endoca.com\/fr\/a-propos-de-nous","name":"D\u00e9couvrez tout ce qu'il est possible de savoir sur nous","isPartOf":{"@id":"https:\/\/www.endoca.com\/#website"},"primaryImageOfPage":{"@id":"https:\/\/www.endoca.com\/fr\/a-propos-de-nous#primaryimage"},"image":{"@id":"https:\/\/www.endoca.com\/fr\/a-propos-de-nous#primaryimage"},"thumbnailUrl":"https:\/\/www.endoca.com\/wp-content\/uploads\/2020\/03\/239A3019.jpg","datePublished":"2017-11-08T10:12:42+00:00","dateModified":"2021-10-15T11:07:22+00:00","description":"Les conditions g\u00e9n\u00e9rales d'Endoca ont pour but de vous assurer que vous \u00eates satisfait de tous vos achats.","breadcrumb":{"@id":"https:\/\/www.endoca.com\/fr\/a-propos-de-nous#breadcrumb"},"inLanguage":"fr-FR","potentialAction":[{"@type":"ReadAction","target":["https:\/\/www.endoca.com\/fr\/a-propos-de-nous"]}]},{"@type":"ImageObject","inLanguage":"fr-FR","@id":"https:\/\/www.endoca.com\/fr\/a-propos-de-nous#primaryimage","url":"https:\/\/www.endoca.com\/wp-content\/uploads\/2020\/03\/239A3019.jpg","contentUrl":"https:\/\/www.endoca.com\/wp-content\/uploads\/2020\/03\/239A3019.jpg","width":1100,"height":1100,"caption":"Endoca CBD oil 3%"},{"@type":"BreadcrumbList","@id":"https:\/\/www.endoca.com\/fr\/a-propos-de-nous#breadcrumb","itemListElement":[{"@type":"ListItem","position":1,"name":"Home","item":"https:\/\/www.endoca.com\/fr"},{"@type":"ListItem","position":2,"name":"A propos de nous"}]},{"@type":"WebSite","@id":"https:\/\/www.endoca.com\/#website","url":"https:\/\/www.endoca.com\/","name":"Endoca\u00a9 CBD","description":"Best CBD Oil 100% organic","publisher":{"@id":"https:\/\/www.endoca.com\/#organization"},"potentialAction":[{"@type":"SearchAction","target":{"@type":"EntryPoint","urlTemplate":"https:\/\/www.endoca.com\/?s={search_term_string}"},"query-input":{"@type":"PropertyValueSpecification","valueRequired":true,"valueName":"search_term_string"}}],"inLanguage":"fr-FR"},{"@type":"Organization","@id":"https:\/\/www.endoca.com\/#organization","name":"Endoca","url":"https:\/\/www.endoca.com\/","logo":{"@type":"ImageObject","inLanguage":"fr-FR","@id":"https:\/\/www.endoca.com\/#\/schema\/logo\/image\/","url":"https:\/\/www.endoca.com\/wp-content\/uploads\/2018\/08\/endoca-logo.png","contentUrl":"https:\/\/www.endoca.com\/wp-content\/uploads\/2018\/08\/endoca-logo.png","width":150,"height":50,"caption":"Endoca"},"image":{"@id":"https:\/\/www.endoca.com\/#\/schema\/logo\/image\/"},"sameAs":["https:\/\/www.facebook.com\/endoca","https:\/\/x.com\/Endocacbdoil","https:\/\/www.instagram.com\/endoca\/","https:\/\/www.youtube.com\/channel\/UCNXwDCTBaa0WPEf1cOUHe9g"]}]}},"_links":{"self":[{"href":"https:\/\/www.endoca.com\/fr\/wp-json\/wp\/v2\/pages\/1219","targetHints":{"allow":["GET"]}}],"collection":[{"href":"https:\/\/www.endoca.com\/fr\/wp-json\/wp\/v2\/pages"}],"about":[{"href":"https:\/\/www.endoca.com\/fr\/wp-json\/wp\/v2\/types\/page"}],"author":[{"embeddable":true,"href":"https:\/\/www.endoca.com\/fr\/wp-json\/wp\/v2\/users\/1"}],"replies":[{"embeddable":true,"href":"https:\/\/www.endoca.com\/fr\/wp-json\/wp\/v2\/comments?post=1219"}],"version-history":[{"count":0,"href":"https:\/\/www.endoca.com\/fr\/wp-json\/wp\/v2\/pages\/1219\/revisions"}],"wp:featuredmedia":[{"embeddable":true,"href":"https:\/\/www.endoca.com\/fr\/wp-json\/wp\/v2\/media\/194634"}],"wp:attachment":[{"href":"https:\/\/www.endoca.com\/fr\/wp-json\/wp\/v2\/media?parent=1219"}],"curies":[{"name":"wp","href":"https:\/\/api.w.org\/{rel}","templated":true}]}}