{"id":11473,"date":"2017-12-19T10:57:01","date_gmt":"2017-12-19T10:57:01","guid":{"rendered":"https:\/\/www.endoca.com\/product\/hemp-oil-drops-300mg-3-percent\/"},"modified":"2021-09-06T12:45:05","modified_gmt":"2021-09-06T12:45:05","slug":"cbd-300-mg-descarboxilados","status":"publish","type":"product","link":"https:\/\/www.endoca.com\/es\/product\/cbd-300-mg-descarboxilados","title":{"rendered":"Gotas de CBD (3%) (300 mg de CBD descarboxilados)"},"content":{"rendered":"<div id=\"pl-11473\"  class=\"panel-layout\" ><div id=\"pg-11473-0\"  class=\"panel-grid panel-no-style\" ><div id=\"pgc-11473-0-0\"  class=\"panel-grid-cell\" ><div id=\"panel-11473-0-0-0\" class=\"so-panel widget widget_mtt-product-text panel-first-child panel-last-child\" data-index=\"0\" ><div\n\t\t\t\n\t\t\tclass=\"so-widget-mtt-product-text so-widget-mtt-product-text-base\"\n\t\t\t\n\t\t><div class=\"product-text\">\n\t<div class=\"product-text-inner\">\n\t\t<div class=\"product-text-wrapper\">\n\t\t\t\t\t\t<h2>Ingredientes:<\/h2>\n<p>Aceite de c\u00e1\u00f1amo con certificado org\u00e1nico, vitamina E, CBD (cannabidiol), omega-3, omega-6, terpenos y otros oligoelementos cannabinoides y cofactores del c\u00e1\u00f1amo.<\/p>\n<p>\u00a0<\/p>\n<h2>Acerca del producto:<\/h2>\n<p>Nuestra cl\u00e1sica versi\u00f3n menos potente de gotas de aceite de c\u00e1\u00f1amo CBD, la perfecta elecci\u00f3n para una vida cotidiana y saludable. Mantener alejado del calor y de la luz natural.<\/p>\n<p>\u00a0<\/p>\n<h2>Informaci\u00f3n adicional:<\/h2>\n<ul>\n<li><span style=\"font-weight: 400;\">Rico en omega-3 y 6.<\/span><\/li>\n<li><span style=\"font-weight: 400;\">Grado alto de absorci\u00f3n.<\/span><\/li>\n<li><span style=\"font-weight: 400;\">Descarboxilado (calentado)<\/span><\/li>\n<li><span style=\"font-weight: 400;\">Gotero f\u00e1cil de usar. <\/span><\/li>\n<li><span style=\"font-weight: 400;\">Certificado BPF.<\/span><\/li>\n<li><span style=\"font-weight: 400;\">Probado en laboratorio de terceros.<\/span><\/li>\n<\/ul>\t\t<\/div>\n\t<\/div>\n<\/div><\/div><\/div><\/div><\/div><\/div>","protected":false},"excerpt":{"rendered":"<p>Ingredientes: Aceite de c\u00e1\u00f1amo con certificado org\u00e1nico, vitamina E, CBD (cannabidiol), omega-3, omega-6, terpenos y otros oligoelementos cannabinoides y cofactores&#8230;<\/p>\n","protected":false},"featured_media":147143,"template":"","meta":{"_acf_changed":false},"product_brand":[],"product_cat":[126],"product_tag":[],"class_list":{"0":"post-11473","1":"product","2":"type-product","3":"status-publish","4":"has-post-thumbnail","6":"product_cat-cbd-oil","7":"","9":"first","10":"instock","11":"taxable","12":"shipping-taxable","13":"purchasable","14":"product-type-variable"},"acf":[],"yoast_head":"<title>Gotas de Aceite de CBD (3%) | C\u00e1\u00f1amo 100% org\u00e1nico<\/title>\n<meta name=\"description\" content=\"Ingredientes: Aceite de c\u00e1\u00f1amo org\u00e1nico, vitamina E, CBD, omega-3, omega-6, terpenos y oligoelementos cannabinoides y cofactores del c\u00e1\u00f1amo.\" \/>\n<meta name=\"robots\" content=\"index, follow, max-snippet:-1, max-image-preview:large, max-video-preview:-1\" \/>\n<link rel=\"canonical\" href=\"https:\/\/www.endoca.com\/es\/wp-json\/wp\/v2\/product\/11473\" \/>\n<meta property=\"og:locale\" content=\"es_ES\" \/>\n<meta property=\"og:type\" content=\"article\" \/>\n<meta property=\"og:title\" content=\"Gotas de Aceite de CBD (3%) | C\u00e1\u00f1amo 100% org\u00e1nico\" \/>\n<meta property=\"og:description\" content=\"Ingredientes: Aceite de c\u00e1\u00f1amo org\u00e1nico, vitamina E, CBD, omega-3, omega-6, terpenos y oligoelementos cannabinoides y cofactores del c\u00e1\u00f1amo.\" \/>\n<meta property=\"og:url\" content=\"https:\/\/www.endoca.com\/es\/product\/cbd-300-mg-descarboxilados\" \/>\n<meta property=\"og:site_name\" content=\"Endoca\u00a9 CBD\" \/>\n<meta property=\"article:publisher\" content=\"https:\/\/www.facebook.com\/endoca\" \/>\n<meta property=\"article:modified_time\" content=\"2021-09-06T12:45:05+00:00\" \/>\n<meta property=\"og:image\" content=\"https:\/\/www.endoca.com\/wp-content\/uploads\/2017\/12\/3cbd.png\" \/>\n\t<meta property=\"og:image:width\" content=\"300\" \/>\n\t<meta property=\"og:image:height\" content=\"300\" \/>\n\t<meta property=\"og:image:type\" content=\"image\/png\" \/>\n<meta name=\"twitter:card\" content=\"summary_large_image\" \/>\n<meta name=\"twitter:image\" content=\"https:\/\/www.endoca.com\/wp-content\/uploads\/2017\/12\/3cbd.png\" \/>\n<meta name=\"twitter:site\" content=\"@Endocacbdoil\" \/>\n<meta name=\"twitter:label1\" content=\"Tiempo de lectura\" \/>\n\t<meta name=\"twitter:data1\" content=\"1 minuto\" \/>","yoast_head_json":{"title":"Gotas de Aceite de CBD (3%) | C\u00e1\u00f1amo 100% org\u00e1nico","description":"Ingredientes: Aceite de c\u00e1\u00f1amo org\u00e1nico, vitamina E, CBD, omega-3, omega-6, terpenos y oligoelementos cannabinoides y cofactores del c\u00e1\u00f1amo.","robots":{"index":"index","follow":"follow","max-snippet":"max-snippet:-1","max-image-preview":"max-image-preview:large","max-video-preview":"max-video-preview:-1"},"canonical":"https:\/\/www.endoca.com\/es\/wp-json\/wp\/v2\/product\/11473","og_locale":"es_ES","og_type":"article","og_title":"Gotas de Aceite de CBD (3%) | C\u00e1\u00f1amo 100% org\u00e1nico","og_description":"Ingredientes: Aceite de c\u00e1\u00f1amo org\u00e1nico, vitamina E, CBD, omega-3, omega-6, terpenos y oligoelementos cannabinoides y cofactores del c\u00e1\u00f1amo.","og_url":"https:\/\/www.endoca.com\/es\/product\/cbd-300-mg-descarboxilados","og_site_name":"Endoca\u00a9 CBD","article_publisher":"https:\/\/www.facebook.com\/endoca","article_modified_time":"2021-09-06T12:45:05+00:00","og_image":[{"width":300,"height":300,"url":"https:\/\/www.endoca.com\/wp-content\/uploads\/2017\/12\/3cbd.png","type":"image\/png"}],"twitter_card":"summary_large_image","twitter_image":"https:\/\/www.endoca.com\/wp-content\/uploads\/2017\/12\/3cbd.png","twitter_site":"@Endocacbdoil","twitter_misc":{"Tiempo de lectura":"1 minuto"},"schema":{"@context":"https:\/\/schema.org","@graph":[{"@type":"WebPage","@id":"https:\/\/www.endoca.com\/es\/product\/cbd-300-mg-descarboxilados","url":"https:\/\/www.endoca.com\/es\/product\/cbd-300-mg-descarboxilados","name":"Gotas de Aceite de CBD (3%) | C\u00e1\u00f1amo 100% org\u00e1nico","isPartOf":{"@id":"https:\/\/www.endoca.com\/#website"},"primaryImageOfPage":{"@id":"https:\/\/www.endoca.com\/es\/product\/cbd-300-mg-descarboxilados#primaryimage"},"image":{"@id":"https:\/\/www.endoca.com\/es\/product\/cbd-300-mg-descarboxilados#primaryimage"},"thumbnailUrl":"https:\/\/www.endoca.com\/wp-content\/uploads\/2017\/12\/hemp-oil-4.jpg","datePublished":"2017-12-19T10:57:01+00:00","dateModified":"2021-09-06T12:45:05+00:00","description":"Ingredientes: Aceite de c\u00e1\u00f1amo org\u00e1nico, vitamina E, CBD, omega-3, omega-6, terpenos y oligoelementos cannabinoides y cofactores del c\u00e1\u00f1amo.","breadcrumb":{"@id":"https:\/\/www.endoca.com\/es\/product\/cbd-300-mg-descarboxilados#breadcrumb"},"inLanguage":"es","potentialAction":[{"@type":"ReadAction","target":["https:\/\/www.endoca.com\/es\/product\/cbd-300-mg-descarboxilados"]}]},{"@type":"ImageObject","inLanguage":"es","@id":"https:\/\/www.endoca.com\/es\/product\/cbd-300-mg-descarboxilados#primaryimage","url":"https:\/\/www.endoca.com\/wp-content\/uploads\/2017\/12\/hemp-oil-4.jpg","contentUrl":"https:\/\/www.endoca.com\/wp-content\/uploads\/2017\/12\/hemp-oil-4.jpg","width":1200,"height":1200,"caption":"what is hemp oil good for"},{"@type":"BreadcrumbList","@id":"https:\/\/www.endoca.com\/es\/product\/cbd-300-mg-descarboxilados#breadcrumb","itemListElement":[{"@type":"ListItem","position":1,"name":"Home","item":"https:\/\/www.endoca.com\/es"},{"@type":"ListItem","position":2,"name":"Productos de CBD alta calidad","item":"https:\/\/www.endoca.com\/es\/tienda"},{"@type":"ListItem","position":3,"name":"Gotas de CBD (3%) (300 mg de CBD descarboxilados)"}]},{"@type":"WebSite","@id":"https:\/\/www.endoca.com\/#website","url":"https:\/\/www.endoca.com\/","name":"Endoca\u00a9 CBD","description":"Best CBD Oil 100% organic","publisher":{"@id":"https:\/\/www.endoca.com\/#organization"},"potentialAction":[{"@type":"SearchAction","target":{"@type":"EntryPoint","urlTemplate":"https:\/\/www.endoca.com\/?s={search_term_string}"},"query-input":{"@type":"PropertyValueSpecification","valueRequired":true,"valueName":"search_term_string"}}],"inLanguage":"es"},{"@type":"Organization","@id":"https:\/\/www.endoca.com\/#organization","name":"Endoca","url":"https:\/\/www.endoca.com\/","logo":{"@type":"ImageObject","inLanguage":"es","@id":"https:\/\/www.endoca.com\/#\/schema\/logo\/image\/","url":"https:\/\/www.endoca.com\/wp-content\/uploads\/2018\/08\/endoca-logo.png","contentUrl":"https:\/\/www.endoca.com\/wp-content\/uploads\/2018\/08\/endoca-logo.png","width":150,"height":50,"caption":"Endoca"},"image":{"@id":"https:\/\/www.endoca.com\/#\/schema\/logo\/image\/"},"sameAs":["https:\/\/www.facebook.com\/endoca","https:\/\/x.com\/Endocacbdoil","https:\/\/www.instagram.com\/endoca\/","https:\/\/www.youtube.com\/channel\/UCNXwDCTBaa0WPEf1cOUHe9g"]}]}},"_links":{"self":[{"href":"https:\/\/www.endoca.com\/es\/wp-json\/wp\/v2\/product\/11473","targetHints":{"allow":["GET"]}}],"collection":[{"href":"https:\/\/www.endoca.com\/es\/wp-json\/wp\/v2\/product"}],"about":[{"href":"https:\/\/www.endoca.com\/es\/wp-json\/wp\/v2\/types\/product"}],"wp:featuredmedia":[{"embeddable":true,"href":"https:\/\/www.endoca.com\/es\/wp-json\/wp\/v2\/media\/147143"}],"wp:attachment":[{"href":"https:\/\/www.endoca.com\/es\/wp-json\/wp\/v2\/media?parent=11473"}],"wp:term":[{"taxonomy":"product_brand","embeddable":true,"href":"https:\/\/www.endoca.com\/es\/wp-json\/wp\/v2\/product_brand?post=11473"},{"taxonomy":"product_cat","embeddable":true,"href":"https:\/\/www.endoca.com\/es\/wp-json\/wp\/v2\/product_cat?post=11473"},{"taxonomy":"product_tag","embeddable":true,"href":"https:\/\/www.endoca.com\/es\/wp-json\/wp\/v2\/product_tag?post=11473"}],"curies":[{"name":"wp","href":"https:\/\/api.w.org\/{rel}","templated":true}]}}