{"id":11472,"date":"2017-12-19T10:57:02","date_gmt":"2017-12-19T10:57:02","guid":{"rendered":"https:\/\/www.endoca.com\/product\/raw-hemp-oil-drops-1500mg\/"},"modified":"2019-10-08T13:57:18","modified_gmt":"2019-10-08T13:57:18","slug":"1500-mg-no-tratados-cbd-cbda","status":"publish","type":"product","link":"https:\/\/www.endoca.com\/es\/product\/1500-mg-no-tratados-cbd-cbda","title":{"rendered":"Gotas de CBD (15%)"},"content":{"rendered":"<div id=\"pl-11472\"  class=\"panel-layout\" ><div id=\"pg-11472-0\"  class=\"panel-grid panel-no-style\" ><div id=\"pgc-11472-0-0\"  class=\"panel-grid-cell\" ><div id=\"panel-11472-0-0-0\" class=\"so-panel widget widget_mtt-product-text panel-first-child panel-last-child\" data-index=\"0\" ><div\n\t\t\t\n\t\t\tclass=\"so-widget-mtt-product-text so-widget-mtt-product-text-base\"\n\t\t\t\n\t\t><div class=\"product-text\">\n\t<div class=\"product-text-inner\">\n\t\t<div class=\"product-text-wrapper\">\n\t\t\t\t\t\t<h2><span style=\"font-weight: 400;\">I<\/span><b>ngredientes:<\/b><\/h2>\n<p><span style=\"font-weight: 400;\">CBD con certificado org\u00e1nico, vitamina E, CBD\u00a0 <\/span><span style=\"font-weight: 400;\">(cannabidiol), CBDa (\u00e1cido cannabidi\u00f3lico), omega-3, omega-6, terpenos, otros cofactores y otros oligoelementos cannabinoides del c\u00e1\u00f1amo.<\/span><\/p>\n<h2><b>Acerca del producto:<\/b><\/h2>\n<p><span style=\"font-weight: 400;\">La versi\u00f3n m\u00e1s potente de nuestro cl\u00e1sicas <strong>gotas de aceite de CBD<\/strong>, perfectas para los que quieran un producto m\u00e1s fuerte con una variedad m\u00e1s amplia de compuestos activos de la planta y cannabinoides. Mantener alejado del calor y de la luz natural.<\/span><\/p>\n<h2><b>Informaci\u00f3n adicional:<\/b><\/h2>\n<ul>\n<li><span style=\"font-weight: 400;\">Sin calentar (bruto)<\/span><\/li>\n<li><span style=\"font-weight: 400;\">Rico en omega-3 y 6<\/span><\/li>\n<li><span style=\"font-weight: 400;\">Alto grado de absorci\u00f3n<\/span><\/li>\n<li><span style=\"font-weight: 400;\">Gotero f\u00e1cil de usar <\/span><\/li>\n<li><span style=\"font-weight: 400;\">Certificado BPF <\/span><\/li>\n<li><span style=\"font-weight: 400;\">Probado por laboratorio de terceros<\/span><\/li>\n<\/ul>\n\t\t<\/div>\n\t<\/div>\n<\/div><\/div><\/div><\/div><\/div><\/div>","protected":false},"excerpt":{"rendered":"<p>Ingredientes: CBD con certificado org\u00e1nico, vitamina E, CBD\u00a0 (cannabidiol), CBDa (\u00e1cido cannabidi\u00f3lico), omega-3, omega-6, terpenos, otros cofactores y otros oligoelementos&#8230;<\/p>\n","protected":false},"featured_media":256820,"template":"","meta":{"_acf_changed":false},"product_brand":[],"product_cat":[126],"product_tag":[],"class_list":{"0":"post-11472","1":"product","2":"type-product","3":"status-publish","4":"has-post-thumbnail","6":"product_cat-cbd-oil","7":"","9":"first","10":"instock","11":"taxable","12":"shipping-taxable","13":"purchasable","14":"product-type-variable","15":"has-default-attributes"},"acf":[],"yoast_head":"<title>Gotas de CBD (15%) (CBD+CBDa) | C\u00e1\u00f1amo org\u00e1nico | Endoca\u00a9 CBD<\/title>\n<meta name=\"description\" content=\"La versi\u00f3n m\u00e1s potente de nuestro cl\u00e1sico gotas de aceite de c\u00e1\u00f1amo CBD, perfecto para los que quieran un producto m\u00e1s fuerte.\" \/>\n<meta name=\"robots\" content=\"index, follow, max-snippet:-1, max-image-preview:large, max-video-preview:-1\" \/>\n<link rel=\"canonical\" href=\"https:\/\/www.endoca.com\/es\/wp-json\/wp\/v2\/product\/11472\" \/>\n<meta property=\"og:locale\" content=\"es_ES\" \/>\n<meta property=\"og:type\" content=\"article\" \/>\n<meta property=\"og:title\" content=\"Gotas de CBD (15%) (CBD+CBDa) | C\u00e1\u00f1amo org\u00e1nico | Endoca\u00a9 CBD\" \/>\n<meta property=\"og:description\" content=\"La versi\u00f3n m\u00e1s potente de nuestro cl\u00e1sico gotas de aceite de c\u00e1\u00f1amo CBD, perfecto para los que quieran un producto m\u00e1s fuerte.\" \/>\n<meta property=\"og:url\" content=\"https:\/\/www.endoca.com\/es\/product\/1500-mg-no-tratados-cbd-cbda\" \/>\n<meta property=\"og:site_name\" content=\"Endoca\u00a9 CBD\" \/>\n<meta property=\"article:publisher\" content=\"https:\/\/www.facebook.com\/endoca\" \/>\n<meta property=\"article:modified_time\" content=\"2019-10-08T13:57:18+00:00\" \/>\n<meta property=\"og:image\" content=\"https:\/\/www.endoca.com\/wp-content\/uploads\/2017\/12\/15-raw-drops-best-seller.jpeg\" \/>\n\t<meta property=\"og:image:width\" content=\"1200\" \/>\n\t<meta property=\"og:image:height\" content=\"1200\" \/>\n\t<meta property=\"og:image:type\" content=\"image\/jpeg\" \/>\n<meta name=\"twitter:card\" content=\"summary_large_image\" \/>\n<meta name=\"twitter:site\" content=\"@Endocacbdoil\" \/>\n<meta name=\"twitter:label1\" content=\"Tiempo de lectura\" \/>\n\t<meta name=\"twitter:data1\" content=\"1 minuto\" \/>","yoast_head_json":{"title":"Gotas de CBD (15%) (CBD+CBDa) | C\u00e1\u00f1amo org\u00e1nico | Endoca\u00a9 CBD","description":"La versi\u00f3n m\u00e1s potente de nuestro cl\u00e1sico gotas de aceite de c\u00e1\u00f1amo CBD, perfecto para los que quieran un producto m\u00e1s fuerte.","robots":{"index":"index","follow":"follow","max-snippet":"max-snippet:-1","max-image-preview":"max-image-preview:large","max-video-preview":"max-video-preview:-1"},"canonical":"https:\/\/www.endoca.com\/es\/wp-json\/wp\/v2\/product\/11472","og_locale":"es_ES","og_type":"article","og_title":"Gotas de CBD (15%) (CBD+CBDa) | C\u00e1\u00f1amo org\u00e1nico | Endoca\u00a9 CBD","og_description":"La versi\u00f3n m\u00e1s potente de nuestro cl\u00e1sico gotas de aceite de c\u00e1\u00f1amo CBD, perfecto para los que quieran un producto m\u00e1s fuerte.","og_url":"https:\/\/www.endoca.com\/es\/product\/1500-mg-no-tratados-cbd-cbda","og_site_name":"Endoca\u00a9 CBD","article_publisher":"https:\/\/www.facebook.com\/endoca","article_modified_time":"2019-10-08T13:57:18+00:00","og_image":[{"width":1200,"height":1200,"url":"https:\/\/www.endoca.com\/wp-content\/uploads\/2017\/12\/15-raw-drops-best-seller.jpeg","type":"image\/jpeg"}],"twitter_card":"summary_large_image","twitter_site":"@Endocacbdoil","twitter_misc":{"Tiempo de lectura":"1 minuto"},"schema":{"@context":"https:\/\/schema.org","@graph":[{"@type":"WebPage","@id":"https:\/\/www.endoca.com\/es\/product\/1500-mg-no-tratados-cbd-cbda","url":"https:\/\/www.endoca.com\/es\/product\/1500-mg-no-tratados-cbd-cbda","name":"Gotas de CBD (15%) (CBD+CBDa) | C\u00e1\u00f1amo org\u00e1nico | Endoca\u00a9 CBD","isPartOf":{"@id":"https:\/\/www.endoca.com\/#website"},"primaryImageOfPage":{"@id":"https:\/\/www.endoca.com\/es\/product\/1500-mg-no-tratados-cbd-cbda#primaryimage"},"image":{"@id":"https:\/\/www.endoca.com\/es\/product\/1500-mg-no-tratados-cbd-cbda#primaryimage"},"thumbnailUrl":"https:\/\/www.endoca.com\/wp-content\/uploads\/2017\/12\/15-raw-drops-best-seller.jpeg","datePublished":"2017-12-19T10:57:02+00:00","dateModified":"2019-10-08T13:57:18+00:00","description":"La versi\u00f3n m\u00e1s potente de nuestro cl\u00e1sico gotas de aceite de c\u00e1\u00f1amo CBD, perfecto para los que quieran un producto m\u00e1s fuerte.","breadcrumb":{"@id":"https:\/\/www.endoca.com\/es\/product\/1500-mg-no-tratados-cbd-cbda#breadcrumb"},"inLanguage":"es","potentialAction":[{"@type":"ReadAction","target":["https:\/\/www.endoca.com\/es\/product\/1500-mg-no-tratados-cbd-cbda"]}]},{"@type":"ImageObject","inLanguage":"es","@id":"https:\/\/www.endoca.com\/es\/product\/1500-mg-no-tratados-cbd-cbda#primaryimage","url":"https:\/\/www.endoca.com\/wp-content\/uploads\/2017\/12\/15-raw-drops-best-seller.jpeg","contentUrl":"https:\/\/www.endoca.com\/wp-content\/uploads\/2017\/12\/15-raw-drops-best-seller.jpeg","width":1200,"height":1200,"caption":"Endoca 15% RAW CBD Oil - Best seller"},{"@type":"BreadcrumbList","@id":"https:\/\/www.endoca.com\/es\/product\/1500-mg-no-tratados-cbd-cbda#breadcrumb","itemListElement":[{"@type":"ListItem","position":1,"name":"Home","item":"https:\/\/www.endoca.com\/es"},{"@type":"ListItem","position":2,"name":"Productos de CBD alta calidad","item":"https:\/\/www.endoca.com\/es\/tienda"},{"@type":"ListItem","position":3,"name":"Gotas de CBD (15%)"}]},{"@type":"WebSite","@id":"https:\/\/www.endoca.com\/#website","url":"https:\/\/www.endoca.com\/","name":"Endoca\u00a9 CBD","description":"Best CBD Oil 100% organic","publisher":{"@id":"https:\/\/www.endoca.com\/#organization"},"potentialAction":[{"@type":"SearchAction","target":{"@type":"EntryPoint","urlTemplate":"https:\/\/www.endoca.com\/?s={search_term_string}"},"query-input":{"@type":"PropertyValueSpecification","valueRequired":true,"valueName":"search_term_string"}}],"inLanguage":"es"},{"@type":"Organization","@id":"https:\/\/www.endoca.com\/#organization","name":"Endoca","url":"https:\/\/www.endoca.com\/","logo":{"@type":"ImageObject","inLanguage":"es","@id":"https:\/\/www.endoca.com\/#\/schema\/logo\/image\/","url":"https:\/\/www.endoca.com\/wp-content\/uploads\/2018\/08\/endoca-logo.png","contentUrl":"https:\/\/www.endoca.com\/wp-content\/uploads\/2018\/08\/endoca-logo.png","width":150,"height":50,"caption":"Endoca"},"image":{"@id":"https:\/\/www.endoca.com\/#\/schema\/logo\/image\/"},"sameAs":["https:\/\/www.facebook.com\/endoca","https:\/\/x.com\/Endocacbdoil","https:\/\/www.instagram.com\/endoca\/","https:\/\/www.youtube.com\/channel\/UCNXwDCTBaa0WPEf1cOUHe9g"]}]}},"_links":{"self":[{"href":"https:\/\/www.endoca.com\/es\/wp-json\/wp\/v2\/product\/11472","targetHints":{"allow":["GET"]}}],"collection":[{"href":"https:\/\/www.endoca.com\/es\/wp-json\/wp\/v2\/product"}],"about":[{"href":"https:\/\/www.endoca.com\/es\/wp-json\/wp\/v2\/types\/product"}],"wp:featuredmedia":[{"embeddable":true,"href":"https:\/\/www.endoca.com\/es\/wp-json\/wp\/v2\/media\/256820"}],"wp:attachment":[{"href":"https:\/\/www.endoca.com\/es\/wp-json\/wp\/v2\/media?parent=11472"}],"wp:term":[{"taxonomy":"product_brand","embeddable":true,"href":"https:\/\/www.endoca.com\/es\/wp-json\/wp\/v2\/product_brand?post=11472"},{"taxonomy":"product_cat","embeddable":true,"href":"https:\/\/www.endoca.com\/es\/wp-json\/wp\/v2\/product_cat?post=11472"},{"taxonomy":"product_tag","embeddable":true,"href":"https:\/\/www.endoca.com\/es\/wp-json\/wp\/v2\/product_tag?post=11472"}],"curies":[{"name":"wp","href":"https:\/\/api.w.org\/{rel}","templated":true}]}}