{"id":11466,"date":"2017-12-19T10:57:04","date_gmt":"2017-12-19T10:57:04","guid":{"rendered":"https:\/\/www.endoca.com\/product\/hemp-oil-2000mg-cannabidiol\/"},"modified":"2019-10-09T09:01:53","modified_gmt":"2019-10-09T09:01:53","slug":"pasta-de-cbd-2000-mg-descarboxilados","status":"publish","type":"product","link":"https:\/\/www.endoca.com\/es\/product\/pasta-de-cbd-2000-mg-descarboxilados","title":{"rendered":"Pasta de aceite de c\u00e1\u00f1amo de CBD (2000 mg descarboxilados de CBD)"},"content":{"rendered":"<div id=\"pl-11466\"  class=\"panel-layout\" ><div id=\"pg-11466-0\"  class=\"panel-grid panel-no-style\" ><div id=\"pgc-11466-0-0\"  class=\"panel-grid-cell\" ><div id=\"panel-11466-0-0-0\" class=\"so-panel widget widget_mtt-product-text panel-first-child panel-last-child\" data-index=\"0\" ><div\n\t\t\t\n\t\t\tclass=\"so-widget-mtt-product-text so-widget-mtt-product-text-base\"\n\t\t\t\n\t\t><div class=\"product-text\">\n\t<div class=\"product-text-inner\">\n\t\t<div class=\"product-text-wrapper\">\n\t\t\t\t\t\t<h2><span style=\"font-weight: 400;\">I<\/span><b>ngredientes:<\/b><\/h2>\n<p><span style=\"font-weight: 400;\">Aceite de c\u00e1\u00f1amo con certificado org\u00e1nico, vitamina E, CBD\u00a0\u00a0<\/span><span style=\"font-weight: 400;\">(cannabidiol), clorofila, terpenos, otros cofactores y otros oligoelementos cannabinoides del c\u00e1\u00f1amo.<\/span><\/p>\n<p>\u00a0<\/p>\n<h2><b>Acerca del producto: <\/b><\/h2>\n<p><span style=\"font-weight: 400;\">Nuestra pasta de CBD del 20% es un excelente producto para aquellos que generalmente toman una mayor cantidad de CBD por dosis. Perfecto para los que quieran un producto m\u00e1s potente, un product con una concentraci\u00f3n alta de CBD. La refrigeraci\u00f3n es ideal, mantener alejado del calor y de la luz natural.<\/span><\/p>\n<p>\u00a0<\/p>\n<h2><b>Informaci\u00f3n adicional:<\/b><\/h2>\n<ul>\n<li><span style=\"font-weight: 400;\">Rico en clorofila<\/span><\/li>\n<li><span style=\"font-weight: 400;\">Decarboxilado<\/span><\/li>\n<li><span style=\"font-weight: 400;\">Ideal para dosis grandes<\/span><\/li>\n<li><span style=\"font-weight: 400;\">10 g de extracto por jeringa<\/span><\/li>\n<li><span style=\"font-weight: 400;\">Certificado BPF <\/span><\/li>\n<li><span style=\"font-weight: 400;\">Testado por laboratorio de terceros<\/span><\/li>\n<\/ul>\t\t<\/div>\n\t<\/div>\n<\/div><\/div><\/div><\/div><\/div><\/div>","protected":false},"excerpt":{"rendered":"<p>Ingredientes: Aceite de c\u00e1\u00f1amo con certificado org\u00e1nico, vitamina E, CBD\u00a0\u00a0(cannabidiol), clorofila, terpenos, otros cofactores y otros oligoelementos cannabinoides del c\u00e1\u00f1amo&#8230;.<\/p>\n","protected":false},"featured_media":29642,"template":"","meta":{"_acf_changed":false},"product_brand":[],"product_cat":[161],"product_tag":[],"class_list":{"0":"post-11466","1":"product","2":"type-product","3":"status-publish","4":"has-post-thumbnail","6":"product_cat-extracto-cbd","7":"","9":"first","10":"instock","11":"taxable","12":"shipping-taxable","13":"purchasable","14":"product-type-simple"},"acf":[],"yoast_head":"<title>Pasta de CBD (2000 mg descarboxilados de CBD) - Endoca\u00a9 CBD<\/title>\n<meta name=\"description\" content=\"Nuestra pasta de CBD del 20% es un excelente producto para aquellos que generalmente toman una mayor cantidad de CBD por dosis. Perfecto para los que quieran un producto m\u00e1s potente, un product con una concentraci\u00f3n alta de CBD.\" \/>\n<meta name=\"robots\" content=\"index, follow, max-snippet:-1, max-image-preview:large, max-video-preview:-1\" \/>\n<link rel=\"canonical\" href=\"https:\/\/www.endoca.com\/es\/wp-json\/wp\/v2\/product\/11466\" \/>\n<meta property=\"og:locale\" content=\"es_ES\" \/>\n<meta property=\"og:type\" content=\"article\" \/>\n<meta property=\"og:title\" content=\"Pasta de CBD (2000 mg descarboxilados de CBD) - Endoca\u00a9 CBD\" \/>\n<meta property=\"og:description\" content=\"Nuestra pasta de CBD del 20% es un excelente producto para aquellos que generalmente toman una mayor cantidad de CBD por dosis. Perfecto para los que quieran un producto m\u00e1s potente, un product con una concentraci\u00f3n alta de CBD.\" \/>\n<meta property=\"og:url\" content=\"https:\/\/www.endoca.com\/es\/product\/pasta-de-cbd-2000-mg-descarboxilados\" \/>\n<meta property=\"og:site_name\" content=\"Endoca\u00a9 CBD\" \/>\n<meta property=\"article:publisher\" content=\"https:\/\/www.facebook.com\/endoca\" \/>\n<meta property=\"article:modified_time\" content=\"2019-10-09T09:01:53+00:00\" \/>\n<meta property=\"og:image\" content=\"https:\/\/www.endoca.com\/wp-content\/uploads\/2018\/02\/Extract-2000-MG-Heated-Open-FrontView.jpg\" \/>\n\t<meta property=\"og:image:width\" content=\"1588\" \/>\n\t<meta property=\"og:image:height\" content=\"1589\" \/>\n\t<meta property=\"og:image:type\" content=\"image\/jpeg\" \/>\n<meta name=\"twitter:card\" content=\"summary_large_image\" \/>\n<meta name=\"twitter:site\" content=\"@Endocacbdoil\" \/>\n<meta name=\"twitter:label1\" content=\"Tiempo de lectura\" \/>\n\t<meta name=\"twitter:data1\" content=\"1 minuto\" \/>","yoast_head_json":{"title":"Pasta de CBD (2000 mg descarboxilados de CBD) - Endoca\u00a9 CBD","description":"Nuestra pasta de CBD del 20% es un excelente producto para aquellos que generalmente toman una mayor cantidad de CBD por dosis. Perfecto para los que quieran un producto m\u00e1s potente, un product con una concentraci\u00f3n alta de CBD.","robots":{"index":"index","follow":"follow","max-snippet":"max-snippet:-1","max-image-preview":"max-image-preview:large","max-video-preview":"max-video-preview:-1"},"canonical":"https:\/\/www.endoca.com\/es\/wp-json\/wp\/v2\/product\/11466","og_locale":"es_ES","og_type":"article","og_title":"Pasta de CBD (2000 mg descarboxilados de CBD) - Endoca\u00a9 CBD","og_description":"Nuestra pasta de CBD del 20% es un excelente producto para aquellos que generalmente toman una mayor cantidad de CBD por dosis. Perfecto para los que quieran un producto m\u00e1s potente, un product con una concentraci\u00f3n alta de CBD.","og_url":"https:\/\/www.endoca.com\/es\/product\/pasta-de-cbd-2000-mg-descarboxilados","og_site_name":"Endoca\u00a9 CBD","article_publisher":"https:\/\/www.facebook.com\/endoca","article_modified_time":"2019-10-09T09:01:53+00:00","og_image":[{"width":1588,"height":1589,"url":"https:\/\/www.endoca.com\/wp-content\/uploads\/2018\/02\/Extract-2000-MG-Heated-Open-FrontView.jpg","type":"image\/jpeg"}],"twitter_card":"summary_large_image","twitter_site":"@Endocacbdoil","twitter_misc":{"Tiempo de lectura":"1 minuto"},"schema":{"@context":"https:\/\/schema.org","@graph":[{"@type":"WebPage","@id":"https:\/\/www.endoca.com\/es\/product\/pasta-de-cbd-2000-mg-descarboxilados","url":"https:\/\/www.endoca.com\/es\/product\/pasta-de-cbd-2000-mg-descarboxilados","name":"Pasta de CBD (2000 mg descarboxilados de CBD) - Endoca\u00a9 CBD","isPartOf":{"@id":"https:\/\/www.endoca.com\/#website"},"primaryImageOfPage":{"@id":"https:\/\/www.endoca.com\/es\/product\/pasta-de-cbd-2000-mg-descarboxilados#primaryimage"},"image":{"@id":"https:\/\/www.endoca.com\/es\/product\/pasta-de-cbd-2000-mg-descarboxilados#primaryimage"},"thumbnailUrl":"https:\/\/www.endoca.com\/wp-content\/uploads\/2018\/02\/Extract-2000-MG-Heated-Open-FrontView.jpg","datePublished":"2017-12-19T10:57:04+00:00","dateModified":"2019-10-09T09:01:53+00:00","description":"Nuestra pasta de CBD del 20% es un excelente producto para aquellos que generalmente toman una mayor cantidad de CBD por dosis. Perfecto para los que quieran un producto m\u00e1s potente, un product con una concentraci\u00f3n alta de CBD.","breadcrumb":{"@id":"https:\/\/www.endoca.com\/es\/product\/pasta-de-cbd-2000-mg-descarboxilados#breadcrumb"},"inLanguage":"es","potentialAction":[{"@type":"ReadAction","target":["https:\/\/www.endoca.com\/es\/product\/pasta-de-cbd-2000-mg-descarboxilados"]}]},{"@type":"ImageObject","inLanguage":"es","@id":"https:\/\/www.endoca.com\/es\/product\/pasta-de-cbd-2000-mg-descarboxilados#primaryimage","url":"https:\/\/www.endoca.com\/wp-content\/uploads\/2018\/02\/Extract-2000-MG-Heated-Open-FrontView.jpg","contentUrl":"https:\/\/www.endoca.com\/wp-content\/uploads\/2018\/02\/Extract-2000-MG-Heated-Open-FrontView.jpg","width":1588,"height":1589,"caption":"hemp extract"},{"@type":"BreadcrumbList","@id":"https:\/\/www.endoca.com\/es\/product\/pasta-de-cbd-2000-mg-descarboxilados#breadcrumb","itemListElement":[{"@type":"ListItem","position":1,"name":"Home","item":"https:\/\/www.endoca.com\/es"},{"@type":"ListItem","position":2,"name":"Productos de CBD alta calidad","item":"https:\/\/www.endoca.com\/es\/tienda"},{"@type":"ListItem","position":3,"name":"Pasta de aceite de c\u00e1\u00f1amo de CBD (2000 mg descarboxilados de CBD)"}]},{"@type":"WebSite","@id":"https:\/\/www.endoca.com\/#website","url":"https:\/\/www.endoca.com\/","name":"Endoca\u00a9 CBD","description":"Best CBD Oil 100% organic","publisher":{"@id":"https:\/\/www.endoca.com\/#organization"},"potentialAction":[{"@type":"SearchAction","target":{"@type":"EntryPoint","urlTemplate":"https:\/\/www.endoca.com\/?s={search_term_string}"},"query-input":{"@type":"PropertyValueSpecification","valueRequired":true,"valueName":"search_term_string"}}],"inLanguage":"es"},{"@type":"Organization","@id":"https:\/\/www.endoca.com\/#organization","name":"Endoca","url":"https:\/\/www.endoca.com\/","logo":{"@type":"ImageObject","inLanguage":"es","@id":"https:\/\/www.endoca.com\/#\/schema\/logo\/image\/","url":"https:\/\/www.endoca.com\/wp-content\/uploads\/2018\/08\/endoca-logo.png","contentUrl":"https:\/\/www.endoca.com\/wp-content\/uploads\/2018\/08\/endoca-logo.png","width":150,"height":50,"caption":"Endoca"},"image":{"@id":"https:\/\/www.endoca.com\/#\/schema\/logo\/image\/"},"sameAs":["https:\/\/www.facebook.com\/endoca","https:\/\/x.com\/Endocacbdoil","https:\/\/www.instagram.com\/endoca\/","https:\/\/www.youtube.com\/channel\/UCNXwDCTBaa0WPEf1cOUHe9g"]}]}},"_links":{"self":[{"href":"https:\/\/www.endoca.com\/es\/wp-json\/wp\/v2\/product\/11466","targetHints":{"allow":["GET"]}}],"collection":[{"href":"https:\/\/www.endoca.com\/es\/wp-json\/wp\/v2\/product"}],"about":[{"href":"https:\/\/www.endoca.com\/es\/wp-json\/wp\/v2\/types\/product"}],"wp:featuredmedia":[{"embeddable":true,"href":"https:\/\/www.endoca.com\/es\/wp-json\/wp\/v2\/media\/29642"}],"wp:attachment":[{"href":"https:\/\/www.endoca.com\/es\/wp-json\/wp\/v2\/media?parent=11466"}],"wp:term":[{"taxonomy":"product_brand","embeddable":true,"href":"https:\/\/www.endoca.com\/es\/wp-json\/wp\/v2\/product_brand?post=11466"},{"taxonomy":"product_cat","embeddable":true,"href":"https:\/\/www.endoca.com\/es\/wp-json\/wp\/v2\/product_cat?post=11466"},{"taxonomy":"product_tag","embeddable":true,"href":"https:\/\/www.endoca.com\/es\/wp-json\/wp\/v2\/product_tag?post=11466"}],"curies":[{"name":"wp","href":"https:\/\/api.w.org\/{rel}","templated":true}]}}