{"id":11463,"date":"2017-12-19T10:57:08","date_gmt":"2017-12-19T10:57:08","guid":{"rendered":"https:\/\/www.endoca.com\/product\/cbd-suppositories-cbd\/"},"modified":"2019-10-08T15:48:40","modified_gmt":"2019-10-08T15:48:40","slug":"supositorios-de-aceite","status":"publish","type":"product","link":"https:\/\/www.endoca.com\/es\/product\/supositorios-de-aceite","title":{"rendered":"Supositorios de CBD (500 mg de CBD bruto)"},"content":{"rendered":"<div id=\"pl-11463\"  class=\"panel-layout\" ><div id=\"pg-11463-0\"  class=\"panel-grid panel-no-style\" ><div id=\"pgc-11463-0-0\"  class=\"panel-grid-cell\" ><div id=\"panel-11463-0-0-0\" class=\"so-panel widget widget_mtt-product-text panel-first-child panel-last-child\" data-index=\"0\" ><div\n\t\t\t\n\t\t\tclass=\"so-widget-mtt-product-text so-widget-mtt-product-text-base\"\n\t\t\t\n\t\t><div class=\"product-text\">\n\t<div class=\"product-text-inner\">\n\t\t<div class=\"product-text-wrapper\">\n\t\t\t\t\t\t<h2><span style=\"font-weight: 400;\">I<\/span><b>ngredientes:<\/b><\/h2>\n<p><span style=\"font-weight: 400;\">Aceite de c\u00e1\u00f1amo org\u00e1nico, CBD (cannabidiol), aceite de coco.<\/span><\/p>\n<p>\u00a0<\/p>\n<h2><b>Acerca del producto:<\/b><\/h2>\n<p><span style=\"font-weight: 400;\">Es un m\u00e9todo alternativo estupendo de uso cuando el consumo oral de los productos de CBD no es apropiado con un alto grado de absorci\u00f3n localizado.<\/span><\/p>\n<p>\u00a0<\/p>\n<h2><b>Informaci\u00f3n adicional:<\/b><\/h2>\n<ul>\n<li><span style=\"font-weight: 400;\">50mg de extracto de CBD por supositorio<\/span><\/li>\n<li><span style=\"font-weight: 400;\">10 supositorios por paquete<\/span><\/li>\n<li><span style=\"font-weight: 400;\">Alto grado de absorci\u00f3n<\/span><\/li>\n<li><span style=\"font-weight: 400;\">Puede ser usado rectalmente o vaginalmente <\/span><\/li>\n<li><span style=\"font-weight: 400;\">Requiere refrigeraci\u00f3n<\/span><\/li>\n<\/ul>\t\t<\/div>\n\t<\/div>\n<\/div><\/div><\/div><\/div><\/div><\/div>","protected":false},"excerpt":{"rendered":"<p>Ingredientes: Aceite de c\u00e1\u00f1amo org\u00e1nico, CBD (cannabidiol), aceite de coco. \u00a0 Acerca del producto: Es un m\u00e9todo alternativo estupendo de&#8230;<\/p>\n","protected":false},"featured_media":235139,"template":"","meta":{"_acf_changed":false},"product_brand":[],"product_cat":[179],"product_tag":[],"class_list":{"0":"post-11463","1":"product","2":"type-product","3":"status-publish","4":"has-post-thumbnail","6":"product_cat-supositorios-cbd","7":"","9":"first","10":"instock","11":"taxable","12":"shipping-taxable","13":"purchasable","14":"product-type-simple"},"acf":[],"yoast_head":"<title>Supositorios de CBD (500 mg de CBD bruto) | 100% org\u00e1nico - Endoca\u00a9 CBD<\/title>\n<meta name=\"description\" content=\"Es un m\u00e9todo alternativo estupendo de uso cuando el consumo oral de los productos de CBD no es apropiado con un alto grado de absorci\u00f3n localizado.\" \/>\n<meta name=\"robots\" content=\"index, follow, max-snippet:-1, max-image-preview:large, max-video-preview:-1\" \/>\n<link rel=\"canonical\" href=\"https:\/\/www.endoca.com\/es\/wp-json\/wp\/v2\/product\/11463\" \/>\n<meta property=\"og:locale\" content=\"es_ES\" \/>\n<meta property=\"og:type\" content=\"article\" \/>\n<meta property=\"og:title\" content=\"Supositorios de CBD (500 mg de CBD bruto) | 100% org\u00e1nico - Endoca\u00a9 CBD\" \/>\n<meta property=\"og:description\" content=\"Es un m\u00e9todo alternativo estupendo de uso cuando el consumo oral de los productos de CBD no es apropiado con un alto grado de absorci\u00f3n localizado.\" \/>\n<meta property=\"og:url\" content=\"https:\/\/www.endoca.com\/es\/product\/supositorios-de-aceite\" \/>\n<meta property=\"og:site_name\" content=\"Endoca\u00a9 CBD\" \/>\n<meta property=\"article:publisher\" content=\"https:\/\/www.facebook.com\/endoca\" \/>\n<meta property=\"article:modified_time\" content=\"2019-10-08T15:48:40+00:00\" \/>\n<meta property=\"og:image\" content=\"https:\/\/www.endoca.com\/wp-content\/uploads\/2017\/12\/cbd-suppositories.jpg\" \/>\n\t<meta property=\"og:image:width\" content=\"1200\" \/>\n\t<meta property=\"og:image:height\" content=\"1200\" \/>\n\t<meta property=\"og:image:type\" content=\"image\/jpeg\" \/>\n<meta name=\"twitter:card\" content=\"summary_large_image\" \/>\n<meta name=\"twitter:site\" content=\"@Endocacbdoil\" \/>","yoast_head_json":{"title":"Supositorios de CBD (500 mg de CBD bruto) | 100% org\u00e1nico - Endoca\u00a9 CBD","description":"Es un m\u00e9todo alternativo estupendo de uso cuando el consumo oral de los productos de CBD no es apropiado con un alto grado de absorci\u00f3n localizado.","robots":{"index":"index","follow":"follow","max-snippet":"max-snippet:-1","max-image-preview":"max-image-preview:large","max-video-preview":"max-video-preview:-1"},"canonical":"https:\/\/www.endoca.com\/es\/wp-json\/wp\/v2\/product\/11463","og_locale":"es_ES","og_type":"article","og_title":"Supositorios de CBD (500 mg de CBD bruto) | 100% org\u00e1nico - Endoca\u00a9 CBD","og_description":"Es un m\u00e9todo alternativo estupendo de uso cuando el consumo oral de los productos de CBD no es apropiado con un alto grado de absorci\u00f3n localizado.","og_url":"https:\/\/www.endoca.com\/es\/product\/supositorios-de-aceite","og_site_name":"Endoca\u00a9 CBD","article_publisher":"https:\/\/www.facebook.com\/endoca","article_modified_time":"2019-10-08T15:48:40+00:00","og_image":[{"width":1200,"height":1200,"url":"https:\/\/www.endoca.com\/wp-content\/uploads\/2017\/12\/cbd-suppositories.jpg","type":"image\/jpeg"}],"twitter_card":"summary_large_image","twitter_site":"@Endocacbdoil","schema":{"@context":"https:\/\/schema.org","@graph":[{"@type":"WebPage","@id":"https:\/\/www.endoca.com\/es\/product\/supositorios-de-aceite","url":"https:\/\/www.endoca.com\/es\/product\/supositorios-de-aceite","name":"Supositorios de CBD (500 mg de CBD bruto) | 100% org\u00e1nico - Endoca\u00a9 CBD","isPartOf":{"@id":"https:\/\/www.endoca.com\/#website"},"primaryImageOfPage":{"@id":"https:\/\/www.endoca.com\/es\/product\/supositorios-de-aceite#primaryimage"},"image":{"@id":"https:\/\/www.endoca.com\/es\/product\/supositorios-de-aceite#primaryimage"},"thumbnailUrl":"https:\/\/www.endoca.com\/wp-content\/uploads\/2017\/12\/cbd-suppositories.jpg","datePublished":"2017-12-19T10:57:08+00:00","dateModified":"2019-10-08T15:48:40+00:00","description":"Es un m\u00e9todo alternativo estupendo de uso cuando el consumo oral de los productos de CBD no es apropiado con un alto grado de absorci\u00f3n localizado.","breadcrumb":{"@id":"https:\/\/www.endoca.com\/es\/product\/supositorios-de-aceite#breadcrumb"},"inLanguage":"es","potentialAction":[{"@type":"ReadAction","target":["https:\/\/www.endoca.com\/es\/product\/supositorios-de-aceite"]}]},{"@type":"ImageObject","inLanguage":"es","@id":"https:\/\/www.endoca.com\/es\/product\/supositorios-de-aceite#primaryimage","url":"https:\/\/www.endoca.com\/wp-content\/uploads\/2017\/12\/cbd-suppositories.jpg","contentUrl":"https:\/\/www.endoca.com\/wp-content\/uploads\/2017\/12\/cbd-suppositories.jpg","width":1200,"height":1200,"caption":"cbd suppositories"},{"@type":"BreadcrumbList","@id":"https:\/\/www.endoca.com\/es\/product\/supositorios-de-aceite#breadcrumb","itemListElement":[{"@type":"ListItem","position":1,"name":"Home","item":"https:\/\/www.endoca.com\/es"},{"@type":"ListItem","position":2,"name":"Productos de CBD alta calidad","item":"https:\/\/www.endoca.com\/es\/tienda"},{"@type":"ListItem","position":3,"name":"Supositorios de CBD (500 mg de CBD bruto)"}]},{"@type":"WebSite","@id":"https:\/\/www.endoca.com\/#website","url":"https:\/\/www.endoca.com\/","name":"Endoca\u00a9 CBD","description":"Best CBD Oil 100% organic","publisher":{"@id":"https:\/\/www.endoca.com\/#organization"},"potentialAction":[{"@type":"SearchAction","target":{"@type":"EntryPoint","urlTemplate":"https:\/\/www.endoca.com\/?s={search_term_string}"},"query-input":{"@type":"PropertyValueSpecification","valueRequired":true,"valueName":"search_term_string"}}],"inLanguage":"es"},{"@type":"Organization","@id":"https:\/\/www.endoca.com\/#organization","name":"Endoca","url":"https:\/\/www.endoca.com\/","logo":{"@type":"ImageObject","inLanguage":"es","@id":"https:\/\/www.endoca.com\/#\/schema\/logo\/image\/","url":"https:\/\/www.endoca.com\/wp-content\/uploads\/2018\/08\/endoca-logo.png","contentUrl":"https:\/\/www.endoca.com\/wp-content\/uploads\/2018\/08\/endoca-logo.png","width":150,"height":50,"caption":"Endoca"},"image":{"@id":"https:\/\/www.endoca.com\/#\/schema\/logo\/image\/"},"sameAs":["https:\/\/www.facebook.com\/endoca","https:\/\/x.com\/Endocacbdoil","https:\/\/www.instagram.com\/endoca\/","https:\/\/www.youtube.com\/channel\/UCNXwDCTBaa0WPEf1cOUHe9g"]}]}},"_links":{"self":[{"href":"https:\/\/www.endoca.com\/es\/wp-json\/wp\/v2\/product\/11463","targetHints":{"allow":["GET"]}}],"collection":[{"href":"https:\/\/www.endoca.com\/es\/wp-json\/wp\/v2\/product"}],"about":[{"href":"https:\/\/www.endoca.com\/es\/wp-json\/wp\/v2\/types\/product"}],"wp:featuredmedia":[{"embeddable":true,"href":"https:\/\/www.endoca.com\/es\/wp-json\/wp\/v2\/media\/235139"}],"wp:attachment":[{"href":"https:\/\/www.endoca.com\/es\/wp-json\/wp\/v2\/media?parent=11463"}],"wp:term":[{"taxonomy":"product_brand","embeddable":true,"href":"https:\/\/www.endoca.com\/es\/wp-json\/wp\/v2\/product_brand?post=11463"},{"taxonomy":"product_cat","embeddable":true,"href":"https:\/\/www.endoca.com\/es\/wp-json\/wp\/v2\/product_cat?post=11463"},{"taxonomy":"product_tag","embeddable":true,"href":"https:\/\/www.endoca.com\/es\/wp-json\/wp\/v2\/product_tag?post=11463"}],"curies":[{"name":"wp","href":"https:\/\/api.w.org\/{rel}","templated":true}]}}