{"id":11461,"date":"2017-12-19T10:57:09","date_gmt":"2017-12-19T10:57:09","guid":{"rendered":"https:\/\/www.endoca.com\/product\/cbd-lips-skin-20mg-cbd\/"},"modified":"2022-09-29T08:50:59","modified_gmt":"2022-09-29T08:50:59","slug":"balsamo-de-labios","status":"publish","type":"product","link":"https:\/\/www.endoca.com\/es\/product\/balsamo-de-labios","title":{"rendered":"B\u00e1lsamo de labios y piel (150 mg de CBD)"},"content":{"rendered":"<div id=\"pl-11461\"  class=\"panel-layout\" ><div id=\"pg-11461-0\"  class=\"panel-grid panel-no-style\" ><div id=\"pgc-11461-0-0\"  class=\"panel-grid-cell\" ><div id=\"panel-11461-0-0-0\" class=\"so-panel widget widget_mtt-product-text panel-first-child panel-last-child\" data-index=\"0\" ><div\n\t\t\t\n\t\t\tclass=\"so-widget-mtt-product-text so-widget-mtt-product-text-base\"\n\t\t\t\n\t\t><div class=\"product-text\">\n\t<div class=\"product-text-inner\">\n\t\t<div class=\"product-text-wrapper\">\n\t\t\t\t\t\t<h2><strong>Ingredientes:<\/strong><\/h2>\n<p>Coconut Oil, Beeswax, Hemp Seed Oil, Lemon Peel Oil, Hemp Extract (CBD), Vanilla Extract, Honey, Cannabidiol, Vitamin E. (20mg CBD)<\/p>\n<h2><b>Acerca del producto:<\/b><\/h2>\n<p><span style=\"font-weight: 400;\">Contiene ingredients naturals para mantener tus labios y tu piel hidratados durante todo el a\u00f1o en un c\u00f3modo tubo apto para viajes. Id\u00f3neo para \u00e1reas secas o irritadas. El b\u00e1lsamo de tama\u00f1o perfecto para poder llev\u00e1rtelo donde quieras.<\/span><\/p>\n<h2><b>Informaci\u00f3n adicional:<\/b><\/h2>\n<ul>\n<li><span style=\"font-weight: 400;\">Org\u00e1nico<\/span><\/li>\n<li><span style=\"font-weight: 400;\">Antioxidante<\/span><\/li>\n<li><span style=\"font-weight: 400;\">Protector cu\u00e1neo<\/span><\/li>\n<li><span style=\"font-weight: 400;\">Antiseborreico<\/span><\/li>\n<li><span style=\"font-weight: 400;\">No testado en animales<\/span><\/li>\n<\/ul>\n\t\t<\/div>\n\t<\/div>\n<\/div><\/div><\/div><\/div><\/div><\/div>","protected":false},"excerpt":{"rendered":"<p>Ingredientes: Coconut Oil, Beeswax, Hemp Seed Oil, Lemon Peel Oil, Hemp Extract (CBD), Vanilla Extract, Honey, Cannabidiol, Vitamin E. (20mg&#8230;<\/p>\n","protected":false},"featured_media":291686,"template":"","meta":{"_acf_changed":false},"product_brand":[],"product_cat":[197],"product_tag":[],"class_list":{"0":"post-11461","1":"product","2":"type-product","3":"status-publish","4":"has-post-thumbnail","6":"product_cat-skin-care-es","7":"","9":"first","10":"instock","11":"taxable","12":"shipping-taxable","13":"purchasable","14":"product-type-simple"},"acf":[],"yoast_head":"<title>B\u00e1lsamo de labios y piel (150 mg de CBD) | Org\u00e1nico<\/title>\n<meta name=\"description\" content=\"Contiene ingredientes naturales y org\u00e1nicos para mantener tus labios y tu piel hidratados durante todo el a\u00f1o. Id\u00f3neo para \u00e1reas secas o irritadas.\" \/>\n<meta name=\"robots\" content=\"index, follow, max-snippet:-1, max-image-preview:large, max-video-preview:-1\" \/>\n<link rel=\"canonical\" href=\"https:\/\/www.endoca.com\/es\/wp-json\/wp\/v2\/product\/11461\" \/>\n<meta property=\"og:locale\" content=\"es_ES\" \/>\n<meta property=\"og:type\" content=\"article\" \/>\n<meta property=\"og:title\" content=\"B\u00e1lsamo de labios y piel (150 mg de CBD) | Org\u00e1nico\" \/>\n<meta property=\"og:description\" content=\"Contiene ingredientes naturales y org\u00e1nicos para mantener tus labios y tu piel hidratados durante todo el a\u00f1o. Id\u00f3neo para \u00e1reas secas o irritadas.\" \/>\n<meta property=\"og:url\" content=\"https:\/\/www.endoca.com\/es\/product\/balsamo-de-labios\" \/>\n<meta property=\"og:site_name\" content=\"Endoca\u00a9 CBD\" \/>\n<meta property=\"article:publisher\" content=\"https:\/\/www.facebook.com\/endoca\" \/>\n<meta property=\"article:modified_time\" content=\"2022-09-29T08:50:59+00:00\" \/>\n<meta property=\"og:image\" content=\"https:\/\/www.endoca.com\/wp-content\/uploads\/2017\/12\/lip-balm-2022-1.jpg\" \/>\n\t<meta property=\"og:image:width\" content=\"1200\" \/>\n\t<meta property=\"og:image:height\" content=\"1200\" \/>\n\t<meta property=\"og:image:type\" content=\"image\/jpeg\" \/>\n<meta name=\"twitter:card\" content=\"summary_large_image\" \/>\n<meta name=\"twitter:site\" content=\"@Endocacbdoil\" \/>\n<meta name=\"twitter:label1\" content=\"Tiempo de lectura\" \/>\n\t<meta name=\"twitter:data1\" content=\"1 minuto\" \/>","yoast_head_json":{"title":"B\u00e1lsamo de labios y piel (150 mg de CBD) | Org\u00e1nico","description":"Contiene ingredientes naturales y org\u00e1nicos para mantener tus labios y tu piel hidratados durante todo el a\u00f1o. Id\u00f3neo para \u00e1reas secas o irritadas.","robots":{"index":"index","follow":"follow","max-snippet":"max-snippet:-1","max-image-preview":"max-image-preview:large","max-video-preview":"max-video-preview:-1"},"canonical":"https:\/\/www.endoca.com\/es\/wp-json\/wp\/v2\/product\/11461","og_locale":"es_ES","og_type":"article","og_title":"B\u00e1lsamo de labios y piel (150 mg de CBD) | Org\u00e1nico","og_description":"Contiene ingredientes naturales y org\u00e1nicos para mantener tus labios y tu piel hidratados durante todo el a\u00f1o. Id\u00f3neo para \u00e1reas secas o irritadas.","og_url":"https:\/\/www.endoca.com\/es\/product\/balsamo-de-labios","og_site_name":"Endoca\u00a9 CBD","article_publisher":"https:\/\/www.facebook.com\/endoca","article_modified_time":"2022-09-29T08:50:59+00:00","og_image":[{"width":1200,"height":1200,"url":"https:\/\/www.endoca.com\/wp-content\/uploads\/2017\/12\/lip-balm-2022-1.jpg","type":"image\/jpeg"}],"twitter_card":"summary_large_image","twitter_site":"@Endocacbdoil","twitter_misc":{"Tiempo de lectura":"1 minuto"},"schema":{"@context":"https:\/\/schema.org","@graph":[{"@type":"WebPage","@id":"https:\/\/www.endoca.com\/es\/product\/balsamo-de-labios","url":"https:\/\/www.endoca.com\/es\/product\/balsamo-de-labios","name":"B\u00e1lsamo de labios y piel (150 mg de CBD) | Org\u00e1nico","isPartOf":{"@id":"https:\/\/www.endoca.com\/#website"},"primaryImageOfPage":{"@id":"https:\/\/www.endoca.com\/es\/product\/balsamo-de-labios#primaryimage"},"image":{"@id":"https:\/\/www.endoca.com\/es\/product\/balsamo-de-labios#primaryimage"},"thumbnailUrl":"https:\/\/www.endoca.com\/wp-content\/uploads\/2017\/12\/lip-balm-2022-1.jpg","datePublished":"2017-12-19T10:57:09+00:00","dateModified":"2022-09-29T08:50:59+00:00","description":"Contiene ingredientes naturales y org\u00e1nicos para mantener tus labios y tu piel hidratados durante todo el a\u00f1o. Id\u00f3neo para \u00e1reas secas o irritadas.","breadcrumb":{"@id":"https:\/\/www.endoca.com\/es\/product\/balsamo-de-labios#breadcrumb"},"inLanguage":"es","potentialAction":[{"@type":"ReadAction","target":["https:\/\/www.endoca.com\/es\/product\/balsamo-de-labios"]}]},{"@type":"ImageObject","inLanguage":"es","@id":"https:\/\/www.endoca.com\/es\/product\/balsamo-de-labios#primaryimage","url":"https:\/\/www.endoca.com\/wp-content\/uploads\/2017\/12\/lip-balm-2022-1.jpg","contentUrl":"https:\/\/www.endoca.com\/wp-content\/uploads\/2017\/12\/lip-balm-2022-1.jpg","width":1200,"height":1200,"caption":"hemp lip balm"},{"@type":"BreadcrumbList","@id":"https:\/\/www.endoca.com\/es\/product\/balsamo-de-labios#breadcrumb","itemListElement":[{"@type":"ListItem","position":1,"name":"Home","item":"https:\/\/www.endoca.com\/es"},{"@type":"ListItem","position":2,"name":"Productos de CBD alta calidad","item":"https:\/\/www.endoca.com\/es\/tienda"},{"@type":"ListItem","position":3,"name":"B\u00e1lsamo de labios y piel (150 mg de CBD)"}]},{"@type":"WebSite","@id":"https:\/\/www.endoca.com\/#website","url":"https:\/\/www.endoca.com\/","name":"Endoca\u00a9 CBD","description":"Best CBD Oil 100% organic","publisher":{"@id":"https:\/\/www.endoca.com\/#organization"},"potentialAction":[{"@type":"SearchAction","target":{"@type":"EntryPoint","urlTemplate":"https:\/\/www.endoca.com\/?s={search_term_string}"},"query-input":{"@type":"PropertyValueSpecification","valueRequired":true,"valueName":"search_term_string"}}],"inLanguage":"es"},{"@type":"Organization","@id":"https:\/\/www.endoca.com\/#organization","name":"Endoca","url":"https:\/\/www.endoca.com\/","logo":{"@type":"ImageObject","inLanguage":"es","@id":"https:\/\/www.endoca.com\/#\/schema\/logo\/image\/","url":"https:\/\/www.endoca.com\/wp-content\/uploads\/2018\/08\/endoca-logo.png","contentUrl":"https:\/\/www.endoca.com\/wp-content\/uploads\/2018\/08\/endoca-logo.png","width":150,"height":50,"caption":"Endoca"},"image":{"@id":"https:\/\/www.endoca.com\/#\/schema\/logo\/image\/"},"sameAs":["https:\/\/www.facebook.com\/endoca","https:\/\/x.com\/Endocacbdoil","https:\/\/www.instagram.com\/endoca\/","https:\/\/www.youtube.com\/channel\/UCNXwDCTBaa0WPEf1cOUHe9g"]}]}},"_links":{"self":[{"href":"https:\/\/www.endoca.com\/es\/wp-json\/wp\/v2\/product\/11461","targetHints":{"allow":["GET"]}}],"collection":[{"href":"https:\/\/www.endoca.com\/es\/wp-json\/wp\/v2\/product"}],"about":[{"href":"https:\/\/www.endoca.com\/es\/wp-json\/wp\/v2\/types\/product"}],"wp:featuredmedia":[{"embeddable":true,"href":"https:\/\/www.endoca.com\/es\/wp-json\/wp\/v2\/media\/291686"}],"wp:attachment":[{"href":"https:\/\/www.endoca.com\/es\/wp-json\/wp\/v2\/media?parent=11461"}],"wp:term":[{"taxonomy":"product_brand","embeddable":true,"href":"https:\/\/www.endoca.com\/es\/wp-json\/wp\/v2\/product_brand?post=11461"},{"taxonomy":"product_cat","embeddable":true,"href":"https:\/\/www.endoca.com\/es\/wp-json\/wp\/v2\/product_cat?post=11461"},{"taxonomy":"product_tag","embeddable":true,"href":"https:\/\/www.endoca.com\/es\/wp-json\/wp\/v2\/product_tag?post=11461"}],"curies":[{"name":"wp","href":"https:\/\/api.w.org\/{rel}","templated":true}]}}