{"id":11460,"date":"2017-12-19T10:57:09","date_gmt":"2017-12-19T10:57:09","guid":{"rendered":"https:\/\/www.endoca.com\/product\/hemp-salve-750mg-cbd\/"},"modified":"2022-09-29T08:47:56","modified_gmt":"2022-09-29T08:47:56","slug":"balsamo-de-canamo-750-mg","status":"publish","type":"product","link":"https:\/\/www.endoca.com\/es\/product\/balsamo-de-canamo-750-mg","title":{"rendered":"B\u00e1lsamo de c\u00e1\u00f1amo (750 mg de CBD)"},"content":{"rendered":"<div id=\"pl-11460\"  class=\"panel-layout\" ><div id=\"pg-11460-0\"  class=\"panel-grid panel-no-style\" ><div id=\"pgc-11460-0-0\"  class=\"panel-grid-cell\" ><div id=\"panel-11460-0-0-0\" class=\"so-panel widget widget_mtt-product-text panel-first-child panel-last-child\" data-index=\"0\" ><div\n\t\t\t\n\t\t\tclass=\"so-widget-mtt-product-text so-widget-mtt-product-text-base\"\n\t\t\t\n\t\t><div class=\"product-text\">\n\t<div class=\"product-text-inner\">\n\t\t<div class=\"product-text-wrapper\">\n\t\t\t\t\t\t<h2><strong>Ingredientes:<\/strong><\/h2>\n<p>Coconut Oil, Hemp Seed Oil, Hemp Extract (CBD), Lemon Peel Oil, Vanilla Extract, Cannabidiol, Vitamin E. (250mg - 750mg CBD)<\/p>\n<h2><b>Acerca del producto:<\/b><\/h2>\n<p><b>\u00a1<\/b><span style=\"font-weight: 400;\">Tan puro que puedes com\u00e9rtelo! Tu b\u00e1lsamo para llevar puede usarse en todo el cuerpo. Un calmante totalmente natural, un producto org\u00e1nico de cuidado de piel para un alivio instant\u00e1neo de la irritaci\u00f3n, sequedad excesiva, erupci\u00f3n del pa\u00f1al y condiciones cut\u00e1neas como la dermatitis y el eccema. No usar en heridas o llagas abiertas. Mantener alejado del calor y de la luz natural.<\/span><\/p>\n<h2><b>Informaci\u00f3n adicional:<\/b><\/h2>\n<ul>\n<li><span style=\"font-weight: 400;\">Org\u00e1nico<\/span><\/li>\n<li><span style=\"font-weight: 400;\">Antioxidante<\/span><\/li>\n<li><span style=\"font-weight: 400;\">Muy hidratante<\/span><\/li>\n<li><span style=\"font-weight: 400;\">Protector cut\u00e1neo<\/span><\/li>\n<li><span style=\"font-weight: 400;\">No testado en animales <\/span><\/li>\n<li><span style=\"font-weight: 400;\">Antiseborreico<\/span><\/li>\n<\/ul>\n\t\t<\/div>\n\t<\/div>\n<\/div><\/div><\/div><\/div><\/div><\/div>","protected":false},"excerpt":{"rendered":"<p>Ingredientes: Coconut Oil, Hemp Seed Oil, Hemp Extract (CBD), Lemon Peel Oil, Vanilla Extract, Cannabidiol, Vitamin E. (250mg &#8211; 750mg&#8230;<\/p>\n","protected":false},"featured_media":291736,"template":"","meta":{"_acf_changed":false},"product_brand":[],"product_cat":[197],"product_tag":[],"class_list":{"0":"post-11460","1":"product","2":"type-product","3":"status-publish","4":"has-post-thumbnail","6":"product_cat-skin-care-es","7":"","9":"first","10":"instock","11":"taxable","12":"shipping-taxable","13":"purchasable","14":"product-type-variable"},"acf":[],"yoast_head":"<title>B\u00e1lsamo de c\u00e1\u00f1amo | 750 mg de CBD org\u00e1nico y natural<\/title>\n<meta name=\"description\" content=\"\u00a1Tan puro que puedes com\u00e9rtelo! Tu b\u00e1lsamo para llevar puede usarse en todo el cuerpo. Un calmante totalmente natural y un producto org\u00e1nico de cuidado.\" \/>\n<meta name=\"robots\" content=\"index, follow, max-snippet:-1, max-image-preview:large, max-video-preview:-1\" \/>\n<link rel=\"canonical\" href=\"https:\/\/www.endoca.com\/es\/wp-json\/wp\/v2\/product\/11460\" \/>\n<meta property=\"og:locale\" content=\"es_ES\" \/>\n<meta property=\"og:type\" content=\"article\" \/>\n<meta property=\"og:title\" content=\"B\u00e1lsamo de c\u00e1\u00f1amo | 750 mg de CBD org\u00e1nico y natural\" \/>\n<meta property=\"og:description\" content=\"\u00a1Tan puro que puedes com\u00e9rtelo! Tu b\u00e1lsamo para llevar puede usarse en todo el cuerpo. Un calmante totalmente natural y un producto org\u00e1nico de cuidado.\" \/>\n<meta property=\"og:url\" content=\"https:\/\/www.endoca.com\/es\/product\/balsamo-de-canamo-750-mg\" \/>\n<meta property=\"og:site_name\" content=\"Endoca\u00a9 CBD\" \/>\n<meta property=\"article:publisher\" content=\"https:\/\/www.facebook.com\/endoca\" \/>\n<meta property=\"article:modified_time\" content=\"2022-09-29T08:47:56+00:00\" \/>\n<meta property=\"og:image\" content=\"https:\/\/www.endoca.com\/wp-content\/uploads\/2017\/12\/salve-750mg-2022-4.jpg\" \/>\n\t<meta property=\"og:image:width\" content=\"1200\" \/>\n\t<meta property=\"og:image:height\" content=\"1200\" \/>\n\t<meta property=\"og:image:type\" content=\"image\/jpeg\" \/>\n<meta name=\"twitter:card\" content=\"summary_large_image\" \/>\n<meta name=\"twitter:site\" content=\"@Endocacbdoil\" \/>\n<meta name=\"twitter:label1\" content=\"Tiempo de lectura\" \/>\n\t<meta name=\"twitter:data1\" content=\"1 minuto\" \/>","yoast_head_json":{"title":"B\u00e1lsamo de c\u00e1\u00f1amo | 750 mg de CBD org\u00e1nico y natural","description":"\u00a1Tan puro que puedes com\u00e9rtelo! Tu b\u00e1lsamo para llevar puede usarse en todo el cuerpo. Un calmante totalmente natural y un producto org\u00e1nico de cuidado.","robots":{"index":"index","follow":"follow","max-snippet":"max-snippet:-1","max-image-preview":"max-image-preview:large","max-video-preview":"max-video-preview:-1"},"canonical":"https:\/\/www.endoca.com\/es\/wp-json\/wp\/v2\/product\/11460","og_locale":"es_ES","og_type":"article","og_title":"B\u00e1lsamo de c\u00e1\u00f1amo | 750 mg de CBD org\u00e1nico y natural","og_description":"\u00a1Tan puro que puedes com\u00e9rtelo! Tu b\u00e1lsamo para llevar puede usarse en todo el cuerpo. Un calmante totalmente natural y un producto org\u00e1nico de cuidado.","og_url":"https:\/\/www.endoca.com\/es\/product\/balsamo-de-canamo-750-mg","og_site_name":"Endoca\u00a9 CBD","article_publisher":"https:\/\/www.facebook.com\/endoca","article_modified_time":"2022-09-29T08:47:56+00:00","og_image":[{"width":1200,"height":1200,"url":"https:\/\/www.endoca.com\/wp-content\/uploads\/2017\/12\/salve-750mg-2022-4.jpg","type":"image\/jpeg"}],"twitter_card":"summary_large_image","twitter_site":"@Endocacbdoil","twitter_misc":{"Tiempo de lectura":"1 minuto"},"schema":{"@context":"https:\/\/schema.org","@graph":[{"@type":"WebPage","@id":"https:\/\/www.endoca.com\/es\/product\/balsamo-de-canamo-750-mg","url":"https:\/\/www.endoca.com\/es\/product\/balsamo-de-canamo-750-mg","name":"B\u00e1lsamo de c\u00e1\u00f1amo | 750 mg de CBD org\u00e1nico y natural","isPartOf":{"@id":"https:\/\/www.endoca.com\/#website"},"primaryImageOfPage":{"@id":"https:\/\/www.endoca.com\/es\/product\/balsamo-de-canamo-750-mg#primaryimage"},"image":{"@id":"https:\/\/www.endoca.com\/es\/product\/balsamo-de-canamo-750-mg#primaryimage"},"thumbnailUrl":"https:\/\/www.endoca.com\/wp-content\/uploads\/2017\/12\/salve-750mg-2022-4.jpg","datePublished":"2017-12-19T10:57:09+00:00","dateModified":"2022-09-29T08:47:56+00:00","description":"\u00a1Tan puro que puedes com\u00e9rtelo! Tu b\u00e1lsamo para llevar puede usarse en todo el cuerpo. Un calmante totalmente natural y un producto org\u00e1nico de cuidado.","breadcrumb":{"@id":"https:\/\/www.endoca.com\/es\/product\/balsamo-de-canamo-750-mg#breadcrumb"},"inLanguage":"es","potentialAction":[{"@type":"ReadAction","target":["https:\/\/www.endoca.com\/es\/product\/balsamo-de-canamo-750-mg"]}]},{"@type":"ImageObject","inLanguage":"es","@id":"https:\/\/www.endoca.com\/es\/product\/balsamo-de-canamo-750-mg#primaryimage","url":"https:\/\/www.endoca.com\/wp-content\/uploads\/2017\/12\/salve-750mg-2022-4.jpg","contentUrl":"https:\/\/www.endoca.com\/wp-content\/uploads\/2017\/12\/salve-750mg-2022-4.jpg","width":1200,"height":1200,"caption":"hemp salve"},{"@type":"BreadcrumbList","@id":"https:\/\/www.endoca.com\/es\/product\/balsamo-de-canamo-750-mg#breadcrumb","itemListElement":[{"@type":"ListItem","position":1,"name":"Home","item":"https:\/\/www.endoca.com\/es"},{"@type":"ListItem","position":2,"name":"Productos de CBD alta calidad","item":"https:\/\/www.endoca.com\/es\/tienda"},{"@type":"ListItem","position":3,"name":"B\u00e1lsamo de c\u00e1\u00f1amo (750 mg de CBD)"}]},{"@type":"WebSite","@id":"https:\/\/www.endoca.com\/#website","url":"https:\/\/www.endoca.com\/","name":"Endoca\u00a9 CBD","description":"Best CBD Oil 100% organic","publisher":{"@id":"https:\/\/www.endoca.com\/#organization"},"potentialAction":[{"@type":"SearchAction","target":{"@type":"EntryPoint","urlTemplate":"https:\/\/www.endoca.com\/?s={search_term_string}"},"query-input":{"@type":"PropertyValueSpecification","valueRequired":true,"valueName":"search_term_string"}}],"inLanguage":"es"},{"@type":"Organization","@id":"https:\/\/www.endoca.com\/#organization","name":"Endoca","url":"https:\/\/www.endoca.com\/","logo":{"@type":"ImageObject","inLanguage":"es","@id":"https:\/\/www.endoca.com\/#\/schema\/logo\/image\/","url":"https:\/\/www.endoca.com\/wp-content\/uploads\/2018\/08\/endoca-logo.png","contentUrl":"https:\/\/www.endoca.com\/wp-content\/uploads\/2018\/08\/endoca-logo.png","width":150,"height":50,"caption":"Endoca"},"image":{"@id":"https:\/\/www.endoca.com\/#\/schema\/logo\/image\/"},"sameAs":["https:\/\/www.facebook.com\/endoca","https:\/\/x.com\/Endocacbdoil","https:\/\/www.instagram.com\/endoca\/","https:\/\/www.youtube.com\/channel\/UCNXwDCTBaa0WPEf1cOUHe9g"]}]}},"_links":{"self":[{"href":"https:\/\/www.endoca.com\/es\/wp-json\/wp\/v2\/product\/11460","targetHints":{"allow":["GET"]}}],"collection":[{"href":"https:\/\/www.endoca.com\/es\/wp-json\/wp\/v2\/product"}],"about":[{"href":"https:\/\/www.endoca.com\/es\/wp-json\/wp\/v2\/types\/product"}],"wp:featuredmedia":[{"embeddable":true,"href":"https:\/\/www.endoca.com\/es\/wp-json\/wp\/v2\/media\/291736"}],"wp:attachment":[{"href":"https:\/\/www.endoca.com\/es\/wp-json\/wp\/v2\/media?parent=11460"}],"wp:term":[{"taxonomy":"product_brand","embeddable":true,"href":"https:\/\/www.endoca.com\/es\/wp-json\/wp\/v2\/product_brand?post=11460"},{"taxonomy":"product_cat","embeddable":true,"href":"https:\/\/www.endoca.com\/es\/wp-json\/wp\/v2\/product_cat?post=11460"},{"taxonomy":"product_tag","embeddable":true,"href":"https:\/\/www.endoca.com\/es\/wp-json\/wp\/v2\/product_tag?post=11460"}],"curies":[{"name":"wp","href":"https:\/\/api.w.org\/{rel}","templated":true}]}}