{"id":11459,"date":"2017-12-19T10:57:10","date_gmt":"2017-12-19T10:57:10","guid":{"rendered":"https:\/\/www.endoca.com\/product\/hemp-whipped-body-butter-1500mg-cbd\/"},"modified":"2022-09-29T08:45:36","modified_gmt":"2022-09-29T08:45:36","slug":"manteca-corporal-batida-de-canama","status":"publish","type":"product","link":"https:\/\/www.endoca.com\/es\/product\/manteca-corporal-batida-de-canama","title":{"rendered":"Crema corporal de CBD (1500 mg de CBD)"},"content":{"rendered":"<div id=\"pl-11459\"  class=\"panel-layout\" ><div id=\"pg-11459-0\"  class=\"panel-grid panel-no-style\" ><div id=\"pgc-11459-0-0\"  class=\"panel-grid-cell\" ><div id=\"panel-11459-0-0-0\" class=\"so-panel widget widget_mtt-product-text panel-first-child panel-last-child\" data-index=\"0\" ><div\n\t\t\t\n\t\t\tclass=\"so-widget-mtt-product-text so-widget-mtt-product-text-base\"\n\t\t\t\n\t\t><div class=\"product-text\">\n\t<div class=\"product-text-inner\">\n\t\t<div class=\"product-text-wrapper\">\n\t\t\t\t\t\t<h2><strong>Ingredientes:<\/strong><\/h2>\n<p>Shea Butter, Cacao Seed Butter, Hemp Extract (CBD), Hemp Seed Oil, Coconut Oil, Tapioca Starch, Vanilla Extract, Cannabidiol, Vitamin E.<br \/>\n(450mg - 1500mg CBD)<\/p>\n<h2><b>Acerca del producto:<\/b><\/h2>\n<p>M\u00edmate con nuestra rica y cremosa manteca corporal batida. Contiene antioxidantes y unos potenciadores naturales como la vitamina E y la manteca de karit\u00e9, dando a tu piel ambas cosas hidrataci\u00f3n y protecci\u00f3n. Mantener alejado del calor y de la luz natural.<\/p>\n<h2><b>Informaci\u00f3n adicional:<\/b><\/h2>\n<ul>\n<li><span style=\"font-weight: 400;\">Org\u00e1nico<\/span><\/li>\n<li><span style=\"font-weight: 400;\">Antioxidante<\/span><\/li>\n<li><span style=\"font-weight: 400;\">Protector cut\u00e1neo<\/span><\/li>\n<li><span style=\"font-weight: 400;\">Antiseborreico<\/span><\/li>\n<li><span style=\"font-weight: 400;\">No testado en animales <\/span><\/li>\n<\/ul>\n\t\t<\/div>\n\t<\/div>\n<\/div><\/div><\/div><\/div><\/div><\/div>","protected":false},"excerpt":{"rendered":"<p>Ingredientes: Shea Butter, Cacao Seed Butter, Hemp Extract (CBD), Hemp Seed Oil, Coconut Oil, Tapioca Starch, Vanilla Extract, Cannabidiol, Vitamin&#8230;<\/p>\n","protected":false},"featured_media":291912,"template":"","meta":{"_acf_changed":false},"product_brand":[],"product_cat":[131],"product_tag":[],"class_list":{"0":"post-11459","1":"product","2":"type-product","3":"status-publish","4":"has-post-thumbnail","6":"product_cat-cbd-cream","7":"","9":"first","10":"instock","11":"taxable","12":"shipping-taxable","13":"purchasable","14":"product-type-variable"},"acf":[],"yoast_head":"<title>Manteca corporal de c\u00e1\u00f1amo (1500 mg de CBD) | c\u00e1\u00f1amo 100% org\u00e1nico - Endoca\u00a9 CBD<\/title>\n<meta name=\"description\" content=\"M\u00edmate con nuestra rica y cremosa manteca corporal batida. Contiene antioxidantes y unos potenciadores naturales como la vitamina E y la manteca de karit\u00e9, dando a tu piel ambas cosas hidrataci\u00f3n y protecci\u00f3n. Mantener alejado del calor y de la luz natural.\" \/>\n<meta name=\"robots\" content=\"index, follow, max-snippet:-1, max-image-preview:large, max-video-preview:-1\" \/>\n<link rel=\"canonical\" href=\"https:\/\/www.endoca.com\/es\/wp-json\/wp\/v2\/product\/11459\" \/>\n<meta property=\"og:locale\" content=\"es_ES\" \/>\n<meta property=\"og:type\" content=\"article\" \/>\n<meta property=\"og:title\" content=\"Manteca corporal de c\u00e1\u00f1amo (1500 mg de CBD) | c\u00e1\u00f1amo 100% org\u00e1nico - Endoca\u00a9 CBD\" \/>\n<meta property=\"og:description\" content=\"M\u00edmate con nuestra rica y cremosa manteca corporal batida. Contiene antioxidantes y unos potenciadores naturales como la vitamina E y la manteca de karit\u00e9, dando a tu piel ambas cosas hidrataci\u00f3n y protecci\u00f3n. Mantener alejado del calor y de la luz natural.\" \/>\n<meta property=\"og:url\" content=\"https:\/\/www.endoca.com\/es\/product\/manteca-corporal-batida-de-canama\" \/>\n<meta property=\"og:site_name\" content=\"Endoca\u00a9 CBD\" \/>\n<meta property=\"article:publisher\" content=\"https:\/\/www.facebook.com\/endoca\" \/>\n<meta property=\"article:modified_time\" content=\"2022-09-29T08:45:36+00:00\" \/>\n<meta property=\"og:image\" content=\"https:\/\/www.endoca.com\/wp-content\/uploads\/2017\/12\/body-butter-1500-2022-4.jpg\" \/>\n\t<meta property=\"og:image:width\" content=\"1200\" \/>\n\t<meta property=\"og:image:height\" content=\"1200\" \/>\n\t<meta property=\"og:image:type\" content=\"image\/jpeg\" \/>\n<meta name=\"twitter:card\" content=\"summary_large_image\" \/>\n<meta name=\"twitter:site\" content=\"@Endocacbdoil\" \/>","yoast_head_json":{"title":"Manteca corporal de c\u00e1\u00f1amo (1500 mg de CBD) | c\u00e1\u00f1amo 100% org\u00e1nico - Endoca\u00a9 CBD","description":"M\u00edmate con nuestra rica y cremosa manteca corporal batida. Contiene antioxidantes y unos potenciadores naturales como la vitamina E y la manteca de karit\u00e9, dando a tu piel ambas cosas hidrataci\u00f3n y protecci\u00f3n. Mantener alejado del calor y de la luz natural.","robots":{"index":"index","follow":"follow","max-snippet":"max-snippet:-1","max-image-preview":"max-image-preview:large","max-video-preview":"max-video-preview:-1"},"canonical":"https:\/\/www.endoca.com\/es\/wp-json\/wp\/v2\/product\/11459","og_locale":"es_ES","og_type":"article","og_title":"Manteca corporal de c\u00e1\u00f1amo (1500 mg de CBD) | c\u00e1\u00f1amo 100% org\u00e1nico - Endoca\u00a9 CBD","og_description":"M\u00edmate con nuestra rica y cremosa manteca corporal batida. Contiene antioxidantes y unos potenciadores naturales como la vitamina E y la manteca de karit\u00e9, dando a tu piel ambas cosas hidrataci\u00f3n y protecci\u00f3n. Mantener alejado del calor y de la luz natural.","og_url":"https:\/\/www.endoca.com\/es\/product\/manteca-corporal-batida-de-canama","og_site_name":"Endoca\u00a9 CBD","article_publisher":"https:\/\/www.facebook.com\/endoca","article_modified_time":"2022-09-29T08:45:36+00:00","og_image":[{"width":1200,"height":1200,"url":"https:\/\/www.endoca.com\/wp-content\/uploads\/2017\/12\/body-butter-1500-2022-4.jpg","type":"image\/jpeg"}],"twitter_card":"summary_large_image","twitter_site":"@Endocacbdoil","schema":{"@context":"https:\/\/schema.org","@graph":[{"@type":"WebPage","@id":"https:\/\/www.endoca.com\/es\/product\/manteca-corporal-batida-de-canama","url":"https:\/\/www.endoca.com\/es\/product\/manteca-corporal-batida-de-canama","name":"Manteca corporal de c\u00e1\u00f1amo (1500 mg de CBD) | c\u00e1\u00f1amo 100% org\u00e1nico - Endoca\u00a9 CBD","isPartOf":{"@id":"https:\/\/www.endoca.com\/#website"},"primaryImageOfPage":{"@id":"https:\/\/www.endoca.com\/es\/product\/manteca-corporal-batida-de-canama#primaryimage"},"image":{"@id":"https:\/\/www.endoca.com\/es\/product\/manteca-corporal-batida-de-canama#primaryimage"},"thumbnailUrl":"https:\/\/www.endoca.com\/wp-content\/uploads\/2017\/12\/body-butter-1500-2022-4.jpg","datePublished":"2017-12-19T10:57:10+00:00","dateModified":"2022-09-29T08:45:36+00:00","description":"M\u00edmate con nuestra rica y cremosa manteca corporal batida. Contiene antioxidantes y unos potenciadores naturales como la vitamina E y la manteca de karit\u00e9, dando a tu piel ambas cosas hidrataci\u00f3n y protecci\u00f3n. Mantener alejado del calor y de la luz natural.","breadcrumb":{"@id":"https:\/\/www.endoca.com\/es\/product\/manteca-corporal-batida-de-canama#breadcrumb"},"inLanguage":"es","potentialAction":[{"@type":"ReadAction","target":["https:\/\/www.endoca.com\/es\/product\/manteca-corporal-batida-de-canama"]}]},{"@type":"ImageObject","inLanguage":"es","@id":"https:\/\/www.endoca.com\/es\/product\/manteca-corporal-batida-de-canama#primaryimage","url":"https:\/\/www.endoca.com\/wp-content\/uploads\/2017\/12\/body-butter-1500-2022-4.jpg","contentUrl":"https:\/\/www.endoca.com\/wp-content\/uploads\/2017\/12\/body-butter-1500-2022-4.jpg","width":1200,"height":1200,"caption":"hemp oil body butter"},{"@type":"BreadcrumbList","@id":"https:\/\/www.endoca.com\/es\/product\/manteca-corporal-batida-de-canama#breadcrumb","itemListElement":[{"@type":"ListItem","position":1,"name":"Home","item":"https:\/\/www.endoca.com\/es"},{"@type":"ListItem","position":2,"name":"Productos de CBD alta calidad","item":"https:\/\/www.endoca.com\/es\/tienda"},{"@type":"ListItem","position":3,"name":"Crema corporal de CBD (1500 mg de CBD)"}]},{"@type":"WebSite","@id":"https:\/\/www.endoca.com\/#website","url":"https:\/\/www.endoca.com\/","name":"Endoca\u00a9 CBD","description":"Best CBD Oil 100% organic","publisher":{"@id":"https:\/\/www.endoca.com\/#organization"},"potentialAction":[{"@type":"SearchAction","target":{"@type":"EntryPoint","urlTemplate":"https:\/\/www.endoca.com\/?s={search_term_string}"},"query-input":{"@type":"PropertyValueSpecification","valueRequired":true,"valueName":"search_term_string"}}],"inLanguage":"es"},{"@type":"Organization","@id":"https:\/\/www.endoca.com\/#organization","name":"Endoca","url":"https:\/\/www.endoca.com\/","logo":{"@type":"ImageObject","inLanguage":"es","@id":"https:\/\/www.endoca.com\/#\/schema\/logo\/image\/","url":"https:\/\/www.endoca.com\/wp-content\/uploads\/2018\/08\/endoca-logo.png","contentUrl":"https:\/\/www.endoca.com\/wp-content\/uploads\/2018\/08\/endoca-logo.png","width":150,"height":50,"caption":"Endoca"},"image":{"@id":"https:\/\/www.endoca.com\/#\/schema\/logo\/image\/"},"sameAs":["https:\/\/www.facebook.com\/endoca","https:\/\/x.com\/Endocacbdoil","https:\/\/www.instagram.com\/endoca\/","https:\/\/www.youtube.com\/channel\/UCNXwDCTBaa0WPEf1cOUHe9g"]}]}},"_links":{"self":[{"href":"https:\/\/www.endoca.com\/es\/wp-json\/wp\/v2\/product\/11459","targetHints":{"allow":["GET"]}}],"collection":[{"href":"https:\/\/www.endoca.com\/es\/wp-json\/wp\/v2\/product"}],"about":[{"href":"https:\/\/www.endoca.com\/es\/wp-json\/wp\/v2\/types\/product"}],"wp:featuredmedia":[{"embeddable":true,"href":"https:\/\/www.endoca.com\/es\/wp-json\/wp\/v2\/media\/291912"}],"wp:attachment":[{"href":"https:\/\/www.endoca.com\/es\/wp-json\/wp\/v2\/media?parent=11459"}],"wp:term":[{"taxonomy":"product_brand","embeddable":true,"href":"https:\/\/www.endoca.com\/es\/wp-json\/wp\/v2\/product_brand?post=11459"},{"taxonomy":"product_cat","embeddable":true,"href":"https:\/\/www.endoca.com\/es\/wp-json\/wp\/v2\/product_cat?post=11459"},{"taxonomy":"product_tag","embeddable":true,"href":"https:\/\/www.endoca.com\/es\/wp-json\/wp\/v2\/product_tag?post=11459"}],"curies":[{"name":"wp","href":"https:\/\/api.w.org\/{rel}","templated":true}]}}