{"id":3101,"date":"2017-11-16T12:44:02","date_gmt":"2017-11-16T12:44:02","guid":{"rendered":"https:\/\/www.endoca.com\/terms-and-conditions\/"},"modified":"2024-04-29T19:29:41","modified_gmt":"2024-04-29T19:29:41","slug":"terminos-y-condiciones","status":"publish","type":"page","link":"https:\/\/www.endoca.com\/es\/terminos-y-condiciones","title":{"rendered":"T\u00e9rminos y condiciones"},"content":{"rendered":"<p>Endoca desea asegurarse de que est\u00e9s satisfecho con tu compra. Endoca no asume ninguna responsabilidad con respecto a situaciones legales espec\u00edficas de un pa\u00eds ni proporciona asesoramiento legal. Inf\u00f3rmate sobre el estado legal en su pa\u00eds, ya que no podemos garantizar la entrega. Ponte en contacto con la autoridad local competente para verificar que podamos hacer env\u00edos a tu pa\u00eds.<\/p>\n<p>Para los pagos por transferencia bancaria, recuerde indicar tu n\u00famero de orden o persona de contacto, de lo contrario, el tiempo de entrega ser\u00e1 prolongado ya que tenemos que encargarnos de los pedidos.<\/p>\n<p>Si deseas devolver un art\u00edculo, puedes hacerlo en un plazo de 14 d\u00edas posteriores a recibirlo. Recibir\u00e1s un reembolso dentro de los 14 d\u00edas posteriores a la recepci\u00f3n del art\u00edculo en Endoca. Debes enviar un correo electr\u00f3nico a info@endoca.com y solo despu\u00e9s de recibir un correo de confirmaci\u00f3n para la devoluci\u00f3n, puedes devolver los productos. La direcci\u00f3n a la que se debe devolver el producto se te comunicar\u00e1 en este correo electr\u00f3nico. Los art\u00edculos deben devolverse nuevos y en las condiciones en las que fueron entregados. Por favor adjunta la informaci\u00f3n relevante, tanto la del banco como la de la cuenta. Y por favor, conserva tu recibo por correo como prueba de env\u00edo. Los costos asociados con el proceso de pago y entrega est\u00e1n cubiertos por el cliente.<\/p>\n<p>Por favor, revisa tu env\u00edo cuidadosamente a su llegada para aseg\u00fararte de que no haya sido da\u00f1ado durante el env\u00edo. Todas las reclamaciones por productos da\u00f1ados deben hacerse como muy tarde 48 horas despu\u00e9s del recibo. Estamos vendiendo nuestros productos que contienen cannabidiol. Estamos comprometidos a cumplir con las regulaciones de la FDA y, como tales, debido a que estos productos no han sido evaluados por la FDA, no hacemos ning\u00fan reclamo sobre los beneficios adicionales para los productos que contienen cannabidiol. Si tienes preguntas sobre este producto, ponte en contacto con nuestro equipo de servicio atenci\u00f3n al cliente antes de la compra.<\/p>\n<p>1) Al realizar un pedido a trav\u00e9s de nuestro p\u00e1gina web, est\u00e1s garantizando que tienes al menos 18 a\u00f1os de edad. Si no estamos seguros de tu edad, nos reservamos el derecho de cancelar tu pedido.<\/p>\n<p>2) Al realizar un pedido en Endoca, est\u00e1s aceptando todas las responsabilidades con respecto a la legalidad de los productos que se te enviar\u00e1n. Todos los productos en la p\u00e1gina web son legales y est\u00e1n permitidos en los Pa\u00edses Bajos. Es tu responsabilidad conocer las reglas y las reglamentaciones aduaneras aplicables que existen en tu pa\u00eds.<\/p>\n<p>3) Endoca.com no garantiza en absoluto que los productos disponibles en esta p\u00e1gina web sean v\u00e1lidos o legales o est\u00e9n permitidos fuera de los Pa\u00edses Bajos.<\/p>\n<p>4) Endoca.com no brinda ning\u00fan tipo de asistencia m\u00e9dica.<\/p>\n<p>5)\u00a0Aceptas que es tu responsabilidad por todos los da\u00f1os, penalidades, p\u00e9rdida de ingresos o propiedad que resulten de la compra, consumo, uso o abuso de un producto de Endoca.com. La Compa\u00f1\u00eda y sus propietarios, representantes y empleados no pueden ser considerados responsables.<\/p>\n<p>6) Si no est\u00e1s satisfecho con el servicio que recibi\u00f3, comun\u00edcate con nosotros a sales@endoca.com<br \/>\nEn Endoca trabajamos duramente para garantizar que nuestros clientes est\u00e9n contentos con nuestros servicios. Sin embargo, si no est\u00e1s satisfecho con nuestros servicios y el asunto no se puede resolver con nuestro servicio de atenci\u00f3n al cliente, env\u00eda tu queja a trav\u00e9s de la plataforma ODR. La plataforma ODR La Comisi\u00f3n Europea proporciona una plataforma para la resoluci\u00f3n extrajudicial de litigios en l\u00ednea (conocida como la plataforma ODR). La plataforma ODR es el \u00fanico punto de entrada para disputas extrajudiciales que resultan de ventas en l\u00ednea y contratos de servicio. Puedes acceder a la plataforma ODR a trav\u00e9s del enlace http:\/\/ec.europa.eu\/consumers\/odr\/. Tu queja ser\u00e1 enviada posteriormente al centro competente de resoluci\u00f3n de quejas.<\/p>\n<h2>Pol\u00edtica de privacidad<\/h2>\n<p>Endoca respeta tu privacidad. Tratamos tu informaci\u00f3n personal de manera respetuosa. Somos responsables de toda la informaci\u00f3n personal que nos proporcionas, entre ellas el nombre, la direcci\u00f3n y otra informaci\u00f3n obligatoria que se necesita al registrarse y al realizar el pedido en Endoca. Endoca no pasar\u00e1 o compartir\u00e1 ninguna de tu informaci\u00f3n personal a terceros.<\/p>\n<h2>Pol\u00edtica de env\u00edos<\/h2>\n<p>La entrega del pedido se realizar\u00e1 a la direcci\u00f3n de entrega que haya especificado el comprador. Si uno o m\u00e1s de los art\u00edculos que has pedido est\u00e1n agotados en el momento del pedido, no podremos aceptar tu pedido. En caso de que sea este el caso te informaremos inmediatamente por correo electr\u00f3nico. Endoca env\u00eda a trav\u00e9s de correo regular y UPS. Los pedidos internacionales tienen cargos adicionales de env\u00edo y deben cumplir con las regulaciones para la venta de estos productos a ese pa\u00eds. Endoca tiene 100% de legalidad para enviar a todos los territorios de EE. UU. Y la UE. Actualmente hay muchos otros pa\u00edses que permiten que los productos con base de c\u00e1\u00f1amo sean comercializados y vendidos. Ponte en contacto con la autoridad local competente para verificar que podamos hacer env\u00edos a tu pa\u00eds. Si vives en Dinamarca, contacta a sundhedsstyrelsen para obtener un permiso para comprar este producto.<\/p>\n<p>Realizamos env\u00edos en EE. UU. Desde California y al resto del mundo desde la UE.<br \/>\nProcesamos y enviamos todos los pedidos 48 horas despu\u00e9s a la recepci\u00f3n (a menos que se indique lo contrario). Los pedidos se procesan y se env\u00edan durante el horario comercial normal (de lunes a viernes de 8:00 a.m. a 5:00 p.m. CST, excepto festivos).<br \/>\nLos pedidos realizados durante promociones especiales o de vacaciones est\u00e1n excluidos. No enviamos en d\u00edas festivos nacionales.<br \/>\nEnviamos usando el m\u00e9todo de env\u00edo est\u00e1ndar de UPS.<\/p>\n<h2>\u00bfCu\u00e1nto tiempo antes de recibir tu paquete?<\/h2>\n<p>Nos tomamos muy en serio la rapidez de la entrega. Normalmente recibir\u00e1s tu producto Endoca en un plazo de 3 a 5 d\u00edas h\u00e1biles. Sin embargo, hay cosas que pueden hacer que se retrase a\u00fan m\u00e1s tu env\u00edo que est\u00e1n fuera de nuestro control. Si pagaste utilizando la opci\u00f3n de transferencia bancaria (+4 d\u00edas). Los fondos estar\u00e1n disponibles en nuestro banco aproximadamente 4 d\u00edas despu\u00e9s de que la transferencia se realice desde parte del cliente. En cuanto recibamos los fondos, te enviaremos tu producto Endoca. EL ENV\u00cdO PUEDE RETRASARSE DEBIDO A LAS ADUANAS.<\/p>\n<h2>Inspecci\u00f3n<\/h2>\n<p>Enviamos a todo el mundo, pero algunos pa\u00edses tienen normas de importaci\u00f3n que retrasan el transporte de productos a base de c\u00e1\u00f1amo. Esperamos que pronto todo el mundo conozca las soluciones de c\u00e1\u00f1amo, mientras tanto, te avisaremos inmediatamente si una inspecci\u00f3n de tu servicio postal o de aduana hace que se retrase tu paquete.<\/p>\n<p>En el caso de Grecia, el producto tarda aproximadamente 10 d\u00edas en llegar. Con env\u00edo expreso &#8211; 2 d\u00edas.<\/p>\n<p>Noruega, Australia, Canad\u00e1, Groenlandia, Nueva Zelanda, Tailandia, Rusia: tendr\u00e1s que esperar entre 3 y 6 semanas adicionales de tiempo de entrega debido al aumento de las medidas de seguridad en los pasos fronterizos.<\/p>\n<h2>Informaci\u00f3n contacto<\/h2>\n<p>Europa\/ consulta global:<br \/>\nTel: +31-235-689-151<br \/>\n<a href=\"mailto:info@endoca.com\">info@endoca.com<\/a><\/p>\n<p>Endoca EE.UU.<\/p>\n<p>Direcci\u00f3n: 2305 Historic Decatur Rd San Diego CA 92106 Suite 100<br \/>\nTel: 1-619-831-0156<br \/>\nE-mail: <a href=\"mailto:infousa@endoca.com\">infousa@endoca.com<\/a><\/p>\n","protected":false},"excerpt":{"rendered":"<p>Endoca desea asegurarse de que est\u00e9s satisfecho con tu compra. Endoca no asume ninguna responsabilidad con respecto a situaciones legales&#8230;<\/p>\n","protected":false},"author":1,"featured_media":0,"parent":0,"menu_order":0,"comment_status":"closed","ping_status":"closed","template":"\/templates\/page-templates\/single-paper.php","meta":{"_acf_changed":false,"footnotes":""},"class_list":["post-3101","page","type-page","status-publish","hentry"],"acf":[],"yoast_head":"<title>T\u00e9rminos y condiciones | Aprende y lee m\u00e1s aqu\u00ed!<\/title>\n<meta name=\"description\" content=\"El extracto de c\u00e1\u00f1amo que creamos puede ser dividido en diferentes categor\u00edas dependiendo del proceso que haya sido sometido. Usamos tres m\u00e9todos.\" \/>\n<meta name=\"robots\" content=\"index, follow, max-snippet:-1, max-image-preview:large, max-video-preview:-1\" \/>\n<link rel=\"canonical\" href=\"https:\/\/www.endoca.com\/es\/wp-json\/wp\/v2\/pages\/3101\" \/>\n<meta property=\"og:locale\" content=\"es_ES\" \/>\n<meta property=\"og:type\" content=\"article\" \/>\n<meta property=\"og:title\" content=\"T\u00e9rminos y condiciones | Aprende y lee m\u00e1s aqu\u00ed!\" \/>\n<meta property=\"og:description\" content=\"El extracto de c\u00e1\u00f1amo que creamos puede ser dividido en diferentes categor\u00edas dependiendo del proceso que haya sido sometido. Usamos tres m\u00e9todos.\" \/>\n<meta property=\"og:url\" content=\"https:\/\/www.endoca.com\/es\/terminos-y-condiciones\" \/>\n<meta property=\"og:site_name\" content=\"Endoca\u00a9 CBD\" \/>\n<meta property=\"article:publisher\" content=\"https:\/\/www.facebook.com\/endoca\" \/>\n<meta property=\"article:modified_time\" content=\"2024-04-29T19:29:41+00:00\" \/>\n<meta property=\"og:image\" content=\"https:\/\/www.endoca.com\/wp-content\/uploads\/2021\/06\/endoca-products.jpg\" \/>\n\t<meta property=\"og:image:width\" content=\"500\" \/>\n\t<meta property=\"og:image:height\" content=\"300\" \/>\n\t<meta property=\"og:image:type\" content=\"image\/jpeg\" \/>\n<meta name=\"twitter:card\" content=\"summary_large_image\" \/>\n<meta name=\"twitter:site\" content=\"@Endocacbdoil\" \/>\n<meta name=\"twitter:label1\" content=\"Tiempo de lectura\" \/>\n\t<meta name=\"twitter:data1\" content=\"6 minutos\" \/>","yoast_head_json":{"title":"T\u00e9rminos y condiciones | Aprende y lee m\u00e1s aqu\u00ed!","description":"El extracto de c\u00e1\u00f1amo que creamos puede ser dividido en diferentes categor\u00edas dependiendo del proceso que haya sido sometido. Usamos tres m\u00e9todos.","robots":{"index":"index","follow":"follow","max-snippet":"max-snippet:-1","max-image-preview":"max-image-preview:large","max-video-preview":"max-video-preview:-1"},"canonical":"https:\/\/www.endoca.com\/es\/wp-json\/wp\/v2\/pages\/3101","og_locale":"es_ES","og_type":"article","og_title":"T\u00e9rminos y condiciones | Aprende y lee m\u00e1s aqu\u00ed!","og_description":"El extracto de c\u00e1\u00f1amo que creamos puede ser dividido en diferentes categor\u00edas dependiendo del proceso que haya sido sometido. Usamos tres m\u00e9todos.","og_url":"https:\/\/www.endoca.com\/es\/terminos-y-condiciones","og_site_name":"Endoca\u00a9 CBD","article_publisher":"https:\/\/www.facebook.com\/endoca","article_modified_time":"2024-04-29T19:29:41+00:00","og_image":[{"width":500,"height":300,"url":"https:\/\/www.endoca.com\/wp-content\/uploads\/2021\/06\/endoca-products.jpg","type":"image\/jpeg"}],"twitter_card":"summary_large_image","twitter_site":"@Endocacbdoil","twitter_misc":{"Tiempo de lectura":"6 minutos"},"schema":{"@context":"https:\/\/schema.org","@graph":[{"@type":"WebPage","@id":"https:\/\/www.endoca.com\/es\/terminos-y-condiciones","url":"https:\/\/www.endoca.com\/es\/terminos-y-condiciones","name":"T\u00e9rminos y condiciones | Aprende y lee m\u00e1s aqu\u00ed!","isPartOf":{"@id":"https:\/\/www.endoca.com\/#website"},"datePublished":"2017-11-16T12:44:02+00:00","dateModified":"2024-04-29T19:29:41+00:00","description":"El extracto de c\u00e1\u00f1amo que creamos puede ser dividido en diferentes categor\u00edas dependiendo del proceso que haya sido sometido. Usamos tres m\u00e9todos.","breadcrumb":{"@id":"https:\/\/www.endoca.com\/es\/terminos-y-condiciones#breadcrumb"},"inLanguage":"es","potentialAction":[{"@type":"ReadAction","target":["https:\/\/www.endoca.com\/es\/terminos-y-condiciones"]}]},{"@type":"BreadcrumbList","@id":"https:\/\/www.endoca.com\/es\/terminos-y-condiciones#breadcrumb","itemListElement":[{"@type":"ListItem","position":1,"name":"Home","item":"https:\/\/www.endoca.com\/es"},{"@type":"ListItem","position":2,"name":"T\u00e9rminos y condiciones"}]},{"@type":"WebSite","@id":"https:\/\/www.endoca.com\/#website","url":"https:\/\/www.endoca.com\/","name":"Endoca\u00a9 CBD","description":"Best CBD Oil 100% organic","publisher":{"@id":"https:\/\/www.endoca.com\/#organization"},"potentialAction":[{"@type":"SearchAction","target":{"@type":"EntryPoint","urlTemplate":"https:\/\/www.endoca.com\/?s={search_term_string}"},"query-input":{"@type":"PropertyValueSpecification","valueRequired":true,"valueName":"search_term_string"}}],"inLanguage":"es"},{"@type":"Organization","@id":"https:\/\/www.endoca.com\/#organization","name":"Endoca","url":"https:\/\/www.endoca.com\/","logo":{"@type":"ImageObject","inLanguage":"es","@id":"https:\/\/www.endoca.com\/#\/schema\/logo\/image\/","url":"https:\/\/www.endoca.com\/wp-content\/uploads\/2018\/08\/endoca-logo.png","contentUrl":"https:\/\/www.endoca.com\/wp-content\/uploads\/2018\/08\/endoca-logo.png","width":150,"height":50,"caption":"Endoca"},"image":{"@id":"https:\/\/www.endoca.com\/#\/schema\/logo\/image\/"},"sameAs":["https:\/\/www.facebook.com\/endoca","https:\/\/x.com\/Endocacbdoil","https:\/\/www.instagram.com\/endoca\/","https:\/\/www.youtube.com\/channel\/UCNXwDCTBaa0WPEf1cOUHe9g"]}]}},"_links":{"self":[{"href":"https:\/\/www.endoca.com\/es\/wp-json\/wp\/v2\/pages\/3101","targetHints":{"allow":["GET"]}}],"collection":[{"href":"https:\/\/www.endoca.com\/es\/wp-json\/wp\/v2\/pages"}],"about":[{"href":"https:\/\/www.endoca.com\/es\/wp-json\/wp\/v2\/types\/page"}],"author":[{"embeddable":true,"href":"https:\/\/www.endoca.com\/es\/wp-json\/wp\/v2\/users\/1"}],"replies":[{"embeddable":true,"href":"https:\/\/www.endoca.com\/es\/wp-json\/wp\/v2\/comments?post=3101"}],"version-history":[{"count":1,"href":"https:\/\/www.endoca.com\/es\/wp-json\/wp\/v2\/pages\/3101\/revisions"}],"predecessor-version":[{"id":323856,"href":"https:\/\/www.endoca.com\/es\/wp-json\/wp\/v2\/pages\/3101\/revisions\/323856"}],"wp:attachment":[{"href":"https:\/\/www.endoca.com\/es\/wp-json\/wp\/v2\/media?parent=3101"}],"curies":[{"name":"wp","href":"https:\/\/api.w.org\/{rel}","templated":true}]}}