{"id":3085,"date":"2017-11-17T13:52:12","date_gmt":"2017-11-17T13:52:12","guid":{"rendered":"https:\/\/www.endoca.com\/quality-reports\/"},"modified":"2025-03-20T00:50:40","modified_gmt":"2025-03-20T00:50:40","slug":"informes-de-calidad","status":"publish","type":"page","link":"https:\/\/www.endoca.com\/es\/acerca-de-nosotros\/informes-de-calidad","title":{"rendered":"Informe de calidad"},"content":{"rendered":"<div id=\"pl-3085\"  class=\"panel-layout\" ><div id=\"pg-3085-0\"  class=\"panel-grid panel-no-style\" ><div id=\"pgc-3085-0-0\"  class=\"panel-grid-cell\" ><div id=\"panel-3085-0-0-0\" class=\"so-panel widget widget_mtt-cover-section panel-first-child panel-last-child\" data-index=\"0\" ><div\n\t\t\t\n\t\t\tclass=\"so-widget-mtt-cover-section so-widget-mtt-cover-section-base\"\n\t\t\t\n\t\t><div class=\"cover-wrapper compact\">\n\t<script type=\"application\/ld+json\">\n\t{\n\t\"@context\": \"http:\/\/schema.org\",\n\t\"@type\": \"BreadcrumbList\",\n\t\"itemListElement\": [\n\t\t\t\t{\n\t\t\"@type\": \"ListItem\",\n\t\t\"position\": 1,\n\t\t\"item\": {\n\t\t\t\"@id\": \"https:\/\/www.endoca.com\/es\",\n\t\t\t\"name\": \"Inicio\"\n\t\t}\n\t\t}\n\t\t\t\t,\n\t\t\t\t\t\t{\n\t\t\"@type\": \"ListItem\",\n\t\t\"position\": 2,\n\t\t\"item\": {\n\t\t\t\"@id\": \"https:\/\/www.endoca.com\/es\/acerca-de-nosotros\",\n\t\t\t\"name\": \"Acerca de nosotros\"\n\t\t}\n\t\t}\n\t\t\t\t,\n\t\t\t\t\t\t{\n\t\t\"@type\": \"ListItem\",\n\t\t\"position\": 3,\n\t\t\"item\": {\n\t\t\t\"@id\": \"https:\/\/www.endoca.com\/es\/acerca-de-nosotros\/informes-de-calidad\",\n\t\t\t\"name\": \"Informe de calidad\"\n\t\t}\n\t\t}\n\t\t\t\t\t\t]\n\t}\n<\/script>\n\n<div class=\"new-breadcrumb\">\n\t<ol class=\"breadcrumbs\">\n\t\t\t\t\t<li>\n\t\t\t\t\t\t\t\t\t<a href=\"https:\/\/www.endoca.com\/es\">Inicio<\/a>\n\t\t\t\t\t\t\t<\/li>\n\t\t\t\t\t<li>\n\t\t\t\t\t\t\t\t\t<a href=\"https:\/\/www.endoca.com\/es\/acerca-de-nosotros\">Acerca de nosotros<\/a>\n\t\t\t\t\t\t\t<\/li>\n\t\t\t\t\t<li>\n\t\t\t\t\t\t\t\t\tInforme de calidad\t\t\t\t\t\t\t<\/li>\n\t\t\t<\/ol>\n<\/div>\n\n\t<!-- Cover content -->\n\t<div class=\"cover-container\">\n\t\t<div class=\"cover-text-wrapper white\">\n\t\t\t<h1>Informe de calidad<\/h1>\n\t\t\t\t\t<\/div>\n\t\t\t<\/div>\n<\/div>\n\n<!-- Structured data -->\n<\/div><\/div><\/div><\/div><div id=\"pg-3085-1\"  class=\"panel-grid panel-no-style\" ><div id=\"pgc-3085-1-0\"  class=\"panel-grid-cell\" ><div id=\"panel-3085-1-0-0\" class=\"so-panel widget widget_mtt-text-paper panel-first-child panel-last-child\" data-index=\"1\" ><div\n\t\t\t\n\t\t\tclass=\"so-widget-mtt-text-paper so-widget-mtt-text-paper-base\"\n\t\t\t\n\t\t><div class=\"text-paper-wrapper\">\n\t<div class=\"text-paper-container\">\n\t\t<div class=\"text-paper\">\n\t\t\t\t\t\t\t\t\t\t<div class=\"text-section intro\">\n\t\t\t\t\t<p>We have moved the quality reports to a separate\u00a0<a href=\"https:\/\/lab.endoca.com\/\" target=\"_blank\" rel=\"noopener\">website<\/a>.<\/p>\n<h2>An\u00e1lisis de cannabinoides<\/h2>\n<p>Se disolvieron 0,01 g (\u00b1 0,0001) de cristales en 1 ml de metanol (calidad HPLC). La soluci\u00f3n se someti\u00f3 a ultrasonido durante 2 minutos y se agit\u00f3 en v\u00f3rtex durante 10 segundos. Las muestras antes del an\u00e1lisis por HPLC se diluyeron adicionalmente con metanol hasta la concentraci\u00f3n final de 0,01 mg \/ ml.<\/p>\n<h3>An\u00e1lisis cromatogr\u00e1fico<\/h3>\n<p>El an\u00e1lisis del contenido de cannabinoides se realiz\u00f3 utilizando el m\u00f3dulo de separaci\u00f3n Waters 2695 (Milford, MA, EE. UU.) Equipado con un inyector autom\u00e1tico, un enfriador de muestra, un desgasificador de vac\u00edo y unidades de calentador de columna. La separaci\u00f3n de todos los cannabinoides se realiz\u00f3 en una columna RP YMC PRO C18 (150 x 4 mm I.D., S-3 \u03bcm) acoplada con precolum C18 mantenida a 30 \u00b0C mediante un horno de columna CTO-20AC. La eluci\u00f3n isocr\u00e1tica consisti\u00f3 en acetonitrilo: agua (FA 0.1%) (4: 1) en 30 minutos. El caudal se mantuvo a 0,8 ml \/ min. El cannabinoide CBD y CBD-A se monitorizaron a una longitud de onda de 225 y 306 nm, respectivamente, usando un detector de absorbancia dual Waters 2487 (Milford, MA, EE. UU.). El volumen de inyecci\u00f3n de 20 \u03bcl se inyect\u00f3 usando una muestra autom\u00e1tica a 10 \u00b0C. La evaluaci\u00f3n de los datos se realiz\u00f3 utilizando el software Empower 2.<\/p>\n<p>La cuantificaci\u00f3n de CBD y CBD-A se obtuvo a partir de la ecuaci\u00f3n de regresi\u00f3n lineal de la curva de calibraci\u00f3n de patrones de referencia individuales mediante el trazado de la concentraci\u00f3n frente a la relaci\u00f3n de \u00e1rea. El rango de calibraci\u00f3n para CBD y CBD-A fue lineal de 5 a 500 \u03bcg \/ ml. Las muestras que contienen CBD o una concentraci\u00f3n de CBD-A superior al 40% se debilitaron diluy\u00e9ndose 10 veces antes de la inyecci\u00f3n. El tiempo de retenci\u00f3n de CBD-A fue de 7.1 min y el CBD de 8.1 min.<\/p>\n<h2>An\u00e1lisis de terpenos<\/h2>\n<p>De la muestra homog\u00e9nea se escalaron 10 mg\u00a0 y se diluyeron con 1 ml de pentano que conten\u00eda 0,04% de decano como patr\u00f3n interno. El tubo que contiene la soluci\u00f3n de muestra se coloc\u00f3 en un ba\u00f1o ultras\u00f3nico durante 5 minutos y luego se mezcl\u00f3. 200 \\ mu l de soluci\u00f3n preparada se diluyeron con 800 \\ mu l de pentano puro mezclado y se analizaron individualmente mediante GC \u2013 FID.<\/p>\n<p>Se utiliz\u00f3 un cromat\u00f3grafo de gases Agilent HP 6890 equipado con FID para el an\u00e1lisis de terpenoides. La separaci\u00f3n se realiz\u00f3 en una columna capilar Rtx-5 con Integra-Guard (30 m de longitud, 0,25 mm i.d. y 0,25 m m df). Las inyecciones se llevaron a cabo divididamente usando un forro dividido \/ dividido de uso general lleno de lana de vidrio. El programa comenz\u00f3 a 50 \u00b0C, aument\u00f3 a 280 \u00b0C (a 15\u00b0 C \/ min) y se mantuvo durante 15 minutos para un total de 31 min. Se inyectaron 2 \u03bcL de cada muestra con helio como gas portador (modo de flujo constante, 1 ml \/ min) usando una relaci\u00f3n de divisi\u00f3n de 1:10. Las temperaturas se aplicaron a 280 \u00b0C para el inyector, 260 \u00b0C para la l\u00ednea de transferencia. Los datos se analizaron usando Chemstation v.D.02.00.275 (Agilent Technologies).<\/p>\n<p>Lista de terpenos objetivo:<\/p>\n<ul>\n<li>Compuesto RT<\/li>\n<li>Decano (IS) 5,165<\/li>\n<li>\u03b1-pinene 4,635<\/li>\n<li>Mirceno 5,095<\/li>\n<li>Limoneno 5,538<\/li>\n<li>Linalool 6,176<\/li>\n<li>E-Cariofileno 9,328<\/li>\n<\/ul>\n<ol>\n<li>La concentraci\u00f3n de decano en pentano 0,04% = 1 ml de pentano contiene 0,292 mg de decano.<\/li>\n<li>0,01 g de muestra disuelta con 1000 \u03bcL de pentano que contiene 0,04% de decano.<\/li>\n<li>Extracto con una concentraci\u00f3n de 10 mg \/ ml disuelto 5 veces. Concentraci\u00f3n final del extracto en soluci\u00f3n 2,5 mg\/ ml (0,0025 g \/ ml).<\/li>\n<li>Final concentration of decane in solution 0.073 mg\/ml.<\/li>\n<li>Concentraci\u00f3n final de decano en soluci\u00f3n 0.073 mg \/ ml.<\/li>\n<li>Calculaciones<\/li>\n<\/ol>\n<p>\u00c1rea m\u00e1xima de decano: extracto de 29.2 mg \/ g<br \/>\n\u00c1rea m\u00e1xima del compuesto objetivo: extracto de x mg \/ g<br \/>\nx = 29.2 \u00d7 \u00c1rea m\u00e1xima del compuesto objetivo \/ \u00e1rea m\u00e1xima del decano = cantidad de extracto del compuesto objetivo mg \/ g.<\/p>\n\t\t\t\t<\/div>\n\t\t\t\t\t\t\t\t<\/div>\n\t<\/div>\n<\/div><\/div><\/div><\/div><\/div><\/div>","protected":false},"excerpt":{"rendered":"<p>Inicio Acerca de nosotros Informe de calidad Informe de calidad We have moved the quality reports to a separate\u00a0website. An\u00e1lisis&#8230;<\/p>\n","protected":false},"author":1,"featured_media":0,"parent":2980,"menu_order":0,"comment_status":"closed","ping_status":"closed","template":"","meta":{"_acf_changed":false,"footnotes":""},"class_list":["post-3085","page","type-page","status-publish","hentry"],"acf":[],"yoast_head":"<title>Informe de calidad | C\u00e1\u00f1amo org\u00e1nico y natural. Ver aqu\u00ed<\/title>\n<meta name=\"description\" content=\"Los informes de calidad los hacemos a trav\u00e9s de varios an\u00e1lisis. El c\u00e1\u00f1amo es org\u00e1nico y natural. Lee sobre nuestra prueba de calidad de productos.\" \/>\n<meta name=\"robots\" content=\"index, follow, max-snippet:-1, max-image-preview:large, max-video-preview:-1\" \/>\n<link rel=\"canonical\" href=\"https:\/\/www.endoca.com\/es\/wp-json\/wp\/v2\/pages\/3085\" \/>\n<meta property=\"og:locale\" content=\"es_ES\" \/>\n<meta property=\"og:type\" content=\"article\" \/>\n<meta property=\"og:title\" content=\"Informe de calidad | C\u00e1\u00f1amo org\u00e1nico y natural. Ver aqu\u00ed\" \/>\n<meta property=\"og:description\" content=\"Los informes de calidad los hacemos a trav\u00e9s de varios an\u00e1lisis. El c\u00e1\u00f1amo es org\u00e1nico y natural. Lee sobre nuestra prueba de calidad de productos.\" \/>\n<meta property=\"og:url\" content=\"https:\/\/www.endoca.com\/es\/acerca-de-nosotros\/informes-de-calidad\" \/>\n<meta property=\"og:site_name\" content=\"Endoca\u00a9 CBD\" \/>\n<meta property=\"article:publisher\" content=\"https:\/\/www.facebook.com\/endoca\" \/>\n<meta property=\"article:modified_time\" content=\"2025-03-20T00:50:40+00:00\" \/>\n<meta property=\"og:image\" content=\"https:\/\/www.endoca.com\/wp-content\/uploads\/2017\/11\/hemp-drone-image@tablet.jpg\" \/>\n\t<meta property=\"og:image:width\" content=\"700\" \/>\n\t<meta property=\"og:image:height\" content=\"393\" \/>\n\t<meta property=\"og:image:type\" content=\"image\/jpeg\" \/>\n<meta name=\"twitter:card\" content=\"summary_large_image\" \/>\n<meta name=\"twitter:image\" content=\"https:\/\/www.endoca.com\/wp-content\/uploads\/2017\/11\/hemp-drone-image@tablet.jpg\" \/>\n<meta name=\"twitter:site\" content=\"@Endocacbdoil\" \/>\n<meta name=\"twitter:label1\" content=\"Tiempo de lectura\" \/>\n\t<meta name=\"twitter:data1\" content=\"1 minuto\" \/>","yoast_head_json":{"title":"Informe de calidad | C\u00e1\u00f1amo org\u00e1nico y natural. Ver aqu\u00ed","description":"Los informes de calidad los hacemos a trav\u00e9s de varios an\u00e1lisis. El c\u00e1\u00f1amo es org\u00e1nico y natural. Lee sobre nuestra prueba de calidad de productos.","robots":{"index":"index","follow":"follow","max-snippet":"max-snippet:-1","max-image-preview":"max-image-preview:large","max-video-preview":"max-video-preview:-1"},"canonical":"https:\/\/www.endoca.com\/es\/wp-json\/wp\/v2\/pages\/3085","og_locale":"es_ES","og_type":"article","og_title":"Informe de calidad | C\u00e1\u00f1amo org\u00e1nico y natural. Ver aqu\u00ed","og_description":"Los informes de calidad los hacemos a trav\u00e9s de varios an\u00e1lisis. El c\u00e1\u00f1amo es org\u00e1nico y natural. Lee sobre nuestra prueba de calidad de productos.","og_url":"https:\/\/www.endoca.com\/es\/acerca-de-nosotros\/informes-de-calidad","og_site_name":"Endoca\u00a9 CBD","article_publisher":"https:\/\/www.facebook.com\/endoca","article_modified_time":"2025-03-20T00:50:40+00:00","og_image":[{"width":700,"height":393,"url":"https:\/\/www.endoca.com\/wp-content\/uploads\/2017\/11\/hemp-drone-image@tablet.jpg","type":"image\/jpeg"}],"twitter_card":"summary_large_image","twitter_image":"https:\/\/www.endoca.com\/wp-content\/uploads\/2017\/11\/hemp-drone-image@tablet.jpg","twitter_site":"@Endocacbdoil","twitter_misc":{"Tiempo de lectura":"1 minuto"},"schema":{"@context":"https:\/\/schema.org","@graph":[{"@type":"WebPage","@id":"https:\/\/www.endoca.com\/es\/acerca-de-nosotros\/informes-de-calidad","url":"https:\/\/www.endoca.com\/es\/acerca-de-nosotros\/informes-de-calidad","name":"Informe de calidad | C\u00e1\u00f1amo org\u00e1nico y natural. Ver aqu\u00ed","isPartOf":{"@id":"https:\/\/www.endoca.com\/#website"},"datePublished":"2017-11-17T13:52:12+00:00","dateModified":"2025-03-20T00:50:40+00:00","description":"Los informes de calidad los hacemos a trav\u00e9s de varios an\u00e1lisis. El c\u00e1\u00f1amo es org\u00e1nico y natural. Lee sobre nuestra prueba de calidad de productos.","breadcrumb":{"@id":"https:\/\/www.endoca.com\/es\/acerca-de-nosotros\/informes-de-calidad#breadcrumb"},"inLanguage":"es","potentialAction":[{"@type":"ReadAction","target":["https:\/\/www.endoca.com\/es\/acerca-de-nosotros\/informes-de-calidad"]}]},{"@type":"BreadcrumbList","@id":"https:\/\/www.endoca.com\/es\/acerca-de-nosotros\/informes-de-calidad#breadcrumb","itemListElement":[{"@type":"ListItem","position":1,"name":"Home","item":"https:\/\/www.endoca.com\/es"},{"@type":"ListItem","position":2,"name":"Acerca de nosotros","item":"https:\/\/www.endoca.com\/es\/acerca-de-nosotros"},{"@type":"ListItem","position":3,"name":"Informe de calidad"}]},{"@type":"WebSite","@id":"https:\/\/www.endoca.com\/#website","url":"https:\/\/www.endoca.com\/","name":"Endoca\u00a9 CBD","description":"Best CBD Oil 100% organic","publisher":{"@id":"https:\/\/www.endoca.com\/#organization"},"potentialAction":[{"@type":"SearchAction","target":{"@type":"EntryPoint","urlTemplate":"https:\/\/www.endoca.com\/?s={search_term_string}"},"query-input":{"@type":"PropertyValueSpecification","valueRequired":true,"valueName":"search_term_string"}}],"inLanguage":"es"},{"@type":"Organization","@id":"https:\/\/www.endoca.com\/#organization","name":"Endoca","url":"https:\/\/www.endoca.com\/","logo":{"@type":"ImageObject","inLanguage":"es","@id":"https:\/\/www.endoca.com\/#\/schema\/logo\/image\/","url":"https:\/\/www.endoca.com\/wp-content\/uploads\/2018\/08\/endoca-logo.png","contentUrl":"https:\/\/www.endoca.com\/wp-content\/uploads\/2018\/08\/endoca-logo.png","width":150,"height":50,"caption":"Endoca"},"image":{"@id":"https:\/\/www.endoca.com\/#\/schema\/logo\/image\/"},"sameAs":["https:\/\/www.facebook.com\/endoca","https:\/\/x.com\/Endocacbdoil","https:\/\/www.instagram.com\/endoca\/","https:\/\/www.youtube.com\/channel\/UCNXwDCTBaa0WPEf1cOUHe9g"]}]}},"_links":{"self":[{"href":"https:\/\/www.endoca.com\/es\/wp-json\/wp\/v2\/pages\/3085","targetHints":{"allow":["GET"]}}],"collection":[{"href":"https:\/\/www.endoca.com\/es\/wp-json\/wp\/v2\/pages"}],"about":[{"href":"https:\/\/www.endoca.com\/es\/wp-json\/wp\/v2\/types\/page"}],"author":[{"embeddable":true,"href":"https:\/\/www.endoca.com\/es\/wp-json\/wp\/v2\/users\/1"}],"replies":[{"embeddable":true,"href":"https:\/\/www.endoca.com\/es\/wp-json\/wp\/v2\/comments?post=3085"}],"version-history":[{"count":1,"href":"https:\/\/www.endoca.com\/es\/wp-json\/wp\/v2\/pages\/3085\/revisions"}],"predecessor-version":[{"id":326430,"href":"https:\/\/www.endoca.com\/es\/wp-json\/wp\/v2\/pages\/3085\/revisions\/326430"}],"up":[{"embeddable":true,"href":"https:\/\/www.endoca.com\/es\/wp-json\/wp\/v2\/pages\/2980"}],"wp:attachment":[{"href":"https:\/\/www.endoca.com\/es\/wp-json\/wp\/v2\/media?parent=3085"}],"curies":[{"name":"wp","href":"https:\/\/api.w.org\/{rel}","templated":true}]}}