{"id":3081,"date":"2017-11-09T15:59:00","date_gmt":"2017-11-09T15:59:00","guid":{"rendered":"https:\/\/www.endoca.com\/quality-control\/"},"modified":"2021-09-06T12:18:37","modified_gmt":"2021-09-06T12:18:37","slug":"garantia-de-calidad","status":"publish","type":"page","link":"https:\/\/www.endoca.com\/es\/acerca-de-nosotros\/garantia-de-calidad","title":{"rendered":"Garant\u00eda de calidad"},"content":{"rendered":"<div id=\"pl-3081\"  class=\"panel-layout\" ><div id=\"pg-3081-0\"  class=\"panel-grid panel-no-style\" ><div id=\"pgc-3081-0-0\"  class=\"panel-grid-cell\" ><div id=\"panel-3081-0-0-0\" class=\"so-panel widget widget_mtt-cover-section panel-first-child panel-last-child\" data-index=\"0\" ><div\n\t\t\t\n\t\t\tclass=\"so-widget-mtt-cover-section so-widget-mtt-cover-section-base\"\n\t\t\t\n\t\t><div class=\"cover-wrapper compact\">\n\t<script type=\"application\/ld+json\">\n\t{\n\t\"@context\": \"http:\/\/schema.org\",\n\t\"@type\": \"BreadcrumbList\",\n\t\"itemListElement\": [\n\t\t\t\t{\n\t\t\"@type\": \"ListItem\",\n\t\t\"position\": 1,\n\t\t\"item\": {\n\t\t\t\"@id\": \"https:\/\/www.endoca.com\/es\",\n\t\t\t\"name\": \"Inicio\"\n\t\t}\n\t\t}\n\t\t\t\t,\n\t\t\t\t\t\t{\n\t\t\"@type\": \"ListItem\",\n\t\t\"position\": 2,\n\t\t\"item\": {\n\t\t\t\"@id\": \"https:\/\/www.endoca.com\/es\/acerca-de-nosotros\",\n\t\t\t\"name\": \"Acerca de nosotros\"\n\t\t}\n\t\t}\n\t\t\t\t,\n\t\t\t\t\t\t{\n\t\t\"@type\": \"ListItem\",\n\t\t\"position\": 3,\n\t\t\"item\": {\n\t\t\t\"@id\": \"https:\/\/www.endoca.com\/es\/acerca-de-nosotros\/garantia-de-calidad\",\n\t\t\t\"name\": \"Garant\u00eda de calidad\"\n\t\t}\n\t\t}\n\t\t\t\t\t\t]\n\t}\n<\/script>\n\n<div class=\"new-breadcrumb\">\n\t<ol class=\"breadcrumbs\">\n\t\t\t\t\t<li>\n\t\t\t\t\t\t\t\t\t<a href=\"https:\/\/www.endoca.com\/es\">Inicio<\/a>\n\t\t\t\t\t\t\t<\/li>\n\t\t\t\t\t<li>\n\t\t\t\t\t\t\t\t\t<a href=\"https:\/\/www.endoca.com\/es\/acerca-de-nosotros\">Acerca de nosotros<\/a>\n\t\t\t\t\t\t\t<\/li>\n\t\t\t\t\t<li>\n\t\t\t\t\t\t\t\t\tGarant\u00eda de calidad\t\t\t\t\t\t\t<\/li>\n\t\t\t<\/ol>\n<\/div>\n\n\t<!-- Cover content -->\n\t<div class=\"cover-container\">\n\t\t<div class=\"cover-text-wrapper white\">\n\t\t\t<h1>Garant\u00eda de calidad<\/h1>\n\t\t\t\t\t<\/div>\n\t\t\t<\/div>\n<\/div>\n\n<!-- Structured data -->\n<\/div><\/div><\/div><\/div><div id=\"pg-3081-1\"  class=\"panel-grid panel-no-style\" ><div id=\"pgc-3081-1-0\"  class=\"panel-grid-cell\" ><div id=\"panel-3081-1-0-0\" class=\"so-panel widget widget_mtt-text-image panel-first-child panel-last-child\" data-index=\"1\" ><div\n\t\t\t\n\t\t\tclass=\"so-widget-mtt-text-image so-widget-mtt-text-image-base\"\n\t\t\t\n\t\t>\n<div class=\"text-image-wrapper\">\n\t<div class=\"text-image-container\">\n\t\t\n\t\t\t\t<div class=\"text-image-section spacing-bottom \">\n\t\t\t\t\t<div class=\"text-image-content-wrap\">\n\t\t\t\t\t\t<div class=\"text-image-content\">\n\t\t\t\t\t\t\t<h2>Todos los productos de CBD Endoca se someten a un control de calidad<\/h2>\t\t\t\t\t\t\t<p>En la <strong>industria del CBD<\/strong>, hay una falta general de est\u00e1ndares para los productores. La mayor\u00eda de los laboratorios p\u00fablicos tienen dificultades para recopilar resultados de pruebas fiables.<\/p>\n<p>Aqu\u00ed, en Endoca\u00a9 nos tomamos las pruebas muy en serio. Por eso gastamos gran cantidad de dinero y recursos haciendo controles de calidad. Nos esforzamos por mejorar constantemente nuestro producto y garantizar que su calidad y consistencia est\u00e9n muy por encima de la media.<\/p>\n<p>Esperamos<strong> elevar el list\u00f3n de la calidad de los productos de la industria del CBD<\/strong> dando ejemplo nosotros mismos.\u00a0 Intentamos asociarnos con otros productores para analizar las t\u00e9cnicas y la experiencia en el cultivo del c\u00e1\u00f1amo. El objetivo es llegar a mejorar los est\u00e1ndares<strong>\u00a0de la industria del CBD<\/strong> y garantizar la calidad y la seguridad del consumidor.<\/p>\n<p>Muchos productos en el mercado contienen pesticidas, herbicidas, moho, hongos y micotoxinas peligrosas. En Endoca sometemos a nuestros productos a pruebas de vanguardia y equipos de primer nivel para garantizar que nuestros productos sean seguros y saludables. Probamos m\u00e1s de 200 plaguicidas, metales pesados y micotoxinas diferentes. Nuestra calidad se verifica mediante nuestra certificaci\u00f3n BPF y pruebas de laboratorio de terceros.<\/p>\n\t\t\t\t\t\t<\/div>\n\t\t\t\t\t<\/div>\n\t\t\t\t\t<div class=\"text-image-img \">\n\t\t\t\t\t\t\n\t\t<picture>\n\t\t\t\n\t\t\t\t\t\t\t\t<source srcset=\"https:\/\/www.endoca.com\/wp-content\/uploads\/2017\/11\/laboratory-hemp@mobile.jpg,\n\t\t\t\t\t\t\thttps:\/\/www.endoca.com\/wp-content\/uploads\/2017\/11\/laboratory-hemp@mobile.jpg 2x\"\n\t\t\t\t\t\tmedia=\"(max-width: 580px)\"\n\t\t\t\t\t\t\t\t\t\t\t>\n\t\t\t\n\t\t\t\t\t\t\n\t\t\t\t\t\t\t<source\n\t\t\t\t\tsrcset=\"https:\/\/www.endoca.com\/wp-content\/uploads\/2017\/11\/laboratory-hemp.jpg,\n                        https:\/\/www.endoca.com\/wp-content\/uploads\/2017\/11\/laboratory-hemp.jpg 2x\"\n\t\t\t\t\tmedia=\"(max-width: 1920px)\"\n\t\t\t\t\t\t\t\t\t>\n\t\t\t\n\t\t\t\t\t\t\t\t<img decoding=\"async\" src=\"https:\/\/www.endoca.com\/wp-content\/uploads\/2017\/11\/laboratory-hemp.jpg\"\n\t\t\t\t\t\t\t\t\t\t\t\t\twidth=\"560\"\n\t\t\t\t\t\t\theight=\"500\"\n\t\t\t\t\t\t alt='productos de laboratorio'\t\t\t\t\t>\n\t\t\t\t\t\t<\/picture>\n\n\t\t\t\t\t\t\t<\/div>\n\t\t\t\t<\/div>\n\t\t\t\n\t\t\t\t<div class=\"text-image-section reverse spacing-bottom \">\n\t\t\t\t\t<div class=\"text-image-content-wrap\">\n\t\t\t\t\t\t<div class=\"text-image-content\">\n\t\t\t\t\t\t\t<h2>Herramientas de alta tecnolog\u00eda y la pasi\u00f3n de la vieja escuela<\/h2>\t\t\t\t\t\t\t<p>Endoca utiliza solo la mejor tecnolog\u00eda de \u00faltima generaci\u00f3n para <strong>crear productos de c\u00e1\u00f1amo rico en CBD<\/strong>. El control de calidad es fundamental en nuestra b\u00fasqueda para ofrecerle al cliente los mejores productos de CBD que la naturaleza y la ciencia pueden ofrecer.<\/p>\n<p>Nuestro proceso de producci\u00f3n sigue estrictamente los est\u00e1ndares BPF. Nuestros cultivos org\u00e1nicos de c\u00e1\u00f1amo sin OMG son especialmente seleccionados por nuestro personal m\u00e1s comprometido y dedicado y cosechados con nuestras herramientas de \u00faltima generaci\u00f3n. Probamos cada lote de productos minuciosamente utilizando tecnolog\u00eda de laboratorio de vanguardia para garantizar que est\u00e9 libre de toxinas, libre de contaminaci\u00f3n y de una calidad consistentemente alta. Hacemos uso de t\u00e9cnicas y tecnolog\u00edas cient\u00edficas como HPLC y RMN para probar la composici\u00f3n de nuestros productos y garantizar que nuestros clientes obtengan los mejores productos de calidad disponibles en la actualidad.<\/p>\n\t\t\t\t\t\t<\/div>\n\t\t\t\t\t<\/div>\n\t\t\t\t\t<div class=\"text-image-img \">\n\t\t\t\t\t\t\n\t\t<picture>\n\t\t\t\n\t\t\t\t\t\t\t\t<source srcset=\"https:\/\/www.endoca.com\/wp-content\/uploads\/2017\/11\/cannabis-field@mobile.jpg,\n\t\t\t\t\t\t\thttps:\/\/www.endoca.com\/wp-content\/uploads\/2017\/11\/cannabis-field@mobile.jpg 2x\"\n\t\t\t\t\t\tmedia=\"(max-width: 580px)\"\n\t\t\t\t\t\t\t\t\t\t\t>\n\t\t\t\n\t\t\t\t\t\t\n\t\t\t\t\t\t\t<source\n\t\t\t\t\tsrcset=\"https:\/\/www.endoca.com\/wp-content\/uploads\/2017\/11\/cannabis-field.jpg,\n                        https:\/\/www.endoca.com\/wp-content\/uploads\/2017\/11\/cannabis-field.jpg 2x\"\n\t\t\t\t\tmedia=\"(max-width: 1920px)\"\n\t\t\t\t\t\t\t\t\t>\n\t\t\t\n\t\t\t\t\t\t\t\t<img decoding=\"async\" src=\"https:\/\/www.endoca.com\/wp-content\/uploads\/2017\/11\/cannabis-field.jpg\"\n\t\t\t\t\t\t\t\t\t\t\t\t\twidth=\"700\"\n\t\t\t\t\t\t\theight=\"500\"\n\t\t\t\t\t\t alt='campo de cannabis'\t\t\t\t\t>\n\t\t\t\t\t\t<\/picture>\n\n\t\t\t\t\t\t\t<\/div>\n\t\t\t\t<\/div>\n\t\t\t\t<\/div>\n<\/div><\/div><\/div><\/div><\/div><div id=\"pg-3081-2\"  class=\"panel-grid panel-no-style\" ><div id=\"pgc-3081-2-0\"  class=\"panel-grid-cell\" ><div id=\"panel-3081-2-0-0\" class=\"so-panel widget widget_mtt-image-textbox panel-first-child panel-last-child\" data-index=\"2\" ><div\n\t\t\t\n\t\t\tclass=\"so-widget-mtt-image-textbox so-widget-mtt-image-textbox-base\"\n\t\t\t\n\t\t><div class=\"image-textbox-wrapper\">\n\t<div class=\"image-textbox-background object-fit\">\n\t\t<img loading=\"lazy\" decoding=\"async\" width=\"1550\" height=\"737\" src=\"https:\/\/www.endoca.com\/wp-content\/uploads\/2017\/10\/cbd-good-health-bg.jpg\" class=\"attachment-full size-full\" alt=\"endoca bd oil raw hemp oil capsules\" srcset=\"https:\/\/www.endoca.com\/wp-content\/uploads\/2017\/10\/cbd-good-health-bg.jpg 1550w, https:\/\/www.endoca.com\/wp-content\/uploads\/2017\/10\/cbd-good-health-bg-1200x571.jpg 1200w, https:\/\/www.endoca.com\/wp-content\/uploads\/2017\/10\/cbd-good-health-bg-300x143.jpg 300w, https:\/\/www.endoca.com\/wp-content\/uploads\/2017\/10\/cbd-good-health-bg-1024x487.jpg 1024w\" sizes=\"auto, (max-width: 1550px) 100vw, 1550px\" \/>\t<\/div>\n\t<div class=\"image-textbox-container\">\n\t\t<div class=\"image-textbox-content\">\n\t\t\t<h2>Control de calidad del aceite de CBD<\/h2>\t\t\t<p>Nuestros productos est\u00e1n estandarizados para contener <strong>cantidades espec\u00edficas de cannabinoides<\/strong>. Realizamos pruebas de laboratorio de todos nuestros productos para garantizar la calidad y consistencia y fabricamos conforme a las normas BPF (Buenas Pr\u00e1cticas de Fabricaci\u00f3n).<\/p>\n<p>Garantizamos incondicionalmente que <strong>nuestros productos son 100% org\u00e1nicos y sin ingredientes sint\u00e9ticos<\/strong>.<\/p>\n\t\t<\/div>\n\t<\/div>\n<\/div><\/div><\/div><\/div><\/div><div id=\"pg-3081-3\"  class=\"panel-grid panel-no-style\" ><div id=\"pgc-3081-3-0\"  class=\"panel-grid-cell\" ><div id=\"panel-3081-3-0-0\" class=\"so-panel widget widget_mtt-text-image panel-first-child panel-last-child\" data-index=\"3\" ><div\n\t\t\t\n\t\t\tclass=\"so-widget-mtt-text-image so-widget-mtt-text-image-base\"\n\t\t\t\n\t\t>\n<div class=\"text-image-wrapper\">\n\t<div class=\"text-image-container\">\n\t\t\n\t\t\t\t<div class=\"text-image-section spacing-bottom \">\n\t\t\t\t\t<div class=\"text-image-content-wrap\">\n\t\t\t\t\t\t<div class=\"text-image-content\">\n\t\t\t\t\t\t\t<h2>Productos BPF certificados<\/h2>\t\t\t\t\t\t\t<p>Todos nuestros productos BPF certificados est\u00e1n muy por encima de lo normal para la industria. Utilizamos equipos y tecnolog\u00edas de \u00faltima generaci\u00f3n y un estricto control de calidad para garantizar que nuestros productos est\u00e9n libres de contaminantes y de la m\u00e1s alta calidad posible.<\/p>\n<p>Comenzamos seleccionando las materias primas de m\u00e1s alta calidad disponibles. Elegimos utilizar <strong>el mejor c\u00e1\u00f1amo cultivado org\u00e1nicamente en condiciones naturales y puras<\/strong> en Escandinavia. Esto nos permite lograr productos CBD de la m\u00e1s alta calidad.<\/p>\n\t\t\t\t\t\t<\/div>\n\t\t\t\t\t<\/div>\n\t\t\t\t\t<div class=\"text-image-img \">\n\t\t\t\t\t\t\n\t\t<picture>\n\t\t\t\n\t\t\t\t\t\t\t\t<source srcset=\"https:\/\/www.endoca.com\/wp-content\/uploads\/2017\/11\/hemp-field-heart@mobile.jpg,\n\t\t\t\t\t\t\thttps:\/\/www.endoca.com\/wp-content\/uploads\/2017\/11\/hemp-field-heart@mobile.jpg 2x\"\n\t\t\t\t\t\tmedia=\"(max-width: 580px)\"\n\t\t\t\t\t\t\t\t\t\t\t>\n\t\t\t\n\t\t\t\t\t\t\t\t<source srcset=\"https:\/\/www.endoca.com\/wp-content\/uploads\/2017\/11\/hemp-field-heart@tablet.jpg,\n\t\t\t\t\t\t\thttps:\/\/www.endoca.com\/wp-content\/uploads\/2017\/11\/hemp-field-heart@tablet.jpg 2x\"\n\t\t\t\t\t\tmedia=\"(max-width: 949px)\"\n\t\t\t\t\t\t\t\t\t\t\t>\n\t\t\t\t\t\t\t\n\t\t\t\t\t\t\t<source\n\t\t\t\t\tsrcset=\"https:\/\/www.endoca.com\/wp-content\/uploads\/2017\/11\/hemp-field-heart.jpg,\n                        https:\/\/www.endoca.com\/wp-content\/uploads\/2017\/11\/hemp-field-heart.jpg 2x\"\n\t\t\t\t\tmedia=\"(max-width: 1920px)\"\n\t\t\t\t\t\t\t\t\t>\n\t\t\t\n\t\t\t\t\t\t\t\t<img decoding=\"async\" src=\"https:\/\/www.endoca.com\/wp-content\/uploads\/2017\/11\/hemp-field-heart.jpg\"\n\t\t\t\t\t\t\t\t\t\t\t\t\twidth=\"560\"\n\t\t\t\t\t\t\theight=\"500\"\n\t\t\t\t\t\t alt='campo de c\u00e1\u00f1amo en forma de coraz\u00f3n'\t\t\t\t\t>\n\t\t\t\t\t\t<\/picture>\n\n\t\t\t\t\t\t\t<\/div>\n\t\t\t\t<\/div>\n\t\t\t\n\t\t\t\t<div class=\"text-image-section reverse spacing-bottom \">\n\t\t\t\t\t<div class=\"text-image-content-wrap\">\n\t\t\t\t\t\t<div class=\"text-image-content\">\n\t\t\t\t\t\t\t<h2>Descubre m\u00e1s sobre nuestros productos de c\u00e1\u00f1amo org\u00e1nico<\/h2>\t\t\t\t\t\t\t<p>Realizamos pruebas de laboratorio de todas nuestras materias primas para garantizar la calidad y solo utilizamos materiales que cumplen con los m\u00e1s altos est\u00e1ndares. Nuestro comprometido personal hace uso de equipos de \u00faltima generaci\u00f3n para probar y extraer aceite de c\u00e1\u00f1amo CBD en nuestros laboratorios. Colaboramos con bioqu\u00edmicos y neurocient\u00edficos de primer nivel a escala internacional para ayudar a mejorar y refinar nuestro producto mediante arduas investigaciones y pruebas.<\/p>\n<p><strong>Las pruebas de terceros son realizadas por laboratorios farmac\u00e9uticos y anal\u00edticos.<\/strong> Desde la ciencia molecular hasta la metodolog\u00eda, creemos firmemente en la transparencia aqu\u00ed en Endoca y creemos en proporcionar a nuestros clientes solo productos de primera calidad y ricos en CBD.<\/p>\n\t\t\t\t\t\t<\/div>\n\t\t\t\t\t<\/div>\n\t\t\t\t\t<div class=\"text-image-img \">\n\t\t\t\t\t\t\n\t\t<picture>\n\t\t\t\n\t\t\t\t\t\t\t\t<source srcset=\"https:\/\/www.endoca.com\/wp-content\/uploads\/2017\/11\/cbd-oil-extract@mobile.jpg,\n\t\t\t\t\t\t\thttps:\/\/www.endoca.com\/wp-content\/uploads\/2017\/11\/cbd-oil-extract@mobile.jpg 2x\"\n\t\t\t\t\t\tmedia=\"(max-width: 580px)\"\n\t\t\t\t\t\t\t\t\t\t\t>\n\t\t\t\n\t\t\t\t\t\t\t\t<source srcset=\"https:\/\/www.endoca.com\/wp-content\/uploads\/2017\/11\/cbd-oil-extract@tablet.jpg,\n\t\t\t\t\t\t\thttps:\/\/www.endoca.com\/wp-content\/uploads\/2017\/11\/cbd-oil-extract@tablet.jpg 2x\"\n\t\t\t\t\t\tmedia=\"(max-width: 949px)\"\n\t\t\t\t\t\t\t\t\t\t\t>\n\t\t\t\t\t\t\t\n\t\t\t\t\t\t\t<source\n\t\t\t\t\tsrcset=\"https:\/\/www.endoca.com\/wp-content\/uploads\/2017\/11\/cbd-oil-extract.jpg,\n                        https:\/\/www.endoca.com\/wp-content\/uploads\/2017\/11\/cbd-oil-extract.jpg 2x\"\n\t\t\t\t\tmedia=\"(max-width: 1920px)\"\n\t\t\t\t\t\t\t\t\t>\n\t\t\t\n\t\t\t\t\t\t\t\t<img decoding=\"async\" src=\"https:\/\/www.endoca.com\/wp-content\/uploads\/2017\/11\/cbd-oil-extract.jpg\"\n\t\t\t\t\t\t\t\t\t\t\t\t\twidth=\"540\"\n\t\t\t\t\t\t\theight=\"677\"\n\t\t\t\t\t\t alt='extracto de aceite de cbd'\t\t\t\t\t>\n\t\t\t\t\t\t<\/picture>\n\n\t\t\t\t\t\t\t<\/div>\n\t\t\t\t<\/div>\n\t\t\t\t<\/div>\n<\/div><\/div><\/div><\/div><\/div><\/div>","protected":false},"excerpt":{"rendered":"<p>Inicio Acerca de nosotros Garant\u00eda de calidad Garant\u00eda de calidad Todos los productos de CBD Endoca se someten a un&#8230;<\/p>\n","protected":false},"author":1,"featured_media":0,"parent":2980,"menu_order":0,"comment_status":"closed","ping_status":"closed","template":"","meta":{"_acf_changed":false,"footnotes":""},"class_list":["post-3081","page","type-page","status-publish","hentry"],"acf":[],"yoast_head":"<title>Aceite de CBD con Garant\u00eda de calidad y efectos buenos<\/title>\n<meta name=\"description\" content=\"Nos esforzamos por mejorar constantemente nuestro producto y garantizar que la calidad de nuestro producto est\u00e9n muy por encima de la media. Lee aqu\u00ed.\" \/>\n<meta name=\"robots\" content=\"index, follow, max-snippet:-1, max-image-preview:large, max-video-preview:-1\" \/>\n<link rel=\"canonical\" href=\"https:\/\/www.endoca.com\/es\/wp-json\/wp\/v2\/pages\/3081\" \/>\n<meta property=\"og:locale\" content=\"es_ES\" \/>\n<meta property=\"og:type\" content=\"article\" \/>\n<meta property=\"og:title\" content=\"Aceite de CBD con Garant\u00eda de calidad y efectos buenos\" \/>\n<meta property=\"og:description\" content=\"Nos esforzamos por mejorar constantemente nuestro producto y garantizar que la calidad de nuestro producto est\u00e9n muy por encima de la media. Lee aqu\u00ed.\" \/>\n<meta property=\"og:url\" content=\"https:\/\/www.endoca.com\/es\/acerca-de-nosotros\/garantia-de-calidad\" \/>\n<meta property=\"og:site_name\" content=\"Endoca\u00a9 CBD\" \/>\n<meta property=\"article:publisher\" content=\"https:\/\/www.facebook.com\/endoca\" \/>\n<meta property=\"article:modified_time\" content=\"2021-09-06T12:18:37+00:00\" \/>\n<meta property=\"og:image\" content=\"https:\/\/www.endoca.com\/wp-content\/uploads\/2017\/11\/hemp-products-cbd@tablet.jpg\" \/>\n\t<meta property=\"og:image:width\" content=\"700\" \/>\n\t<meta property=\"og:image:height\" content=\"400\" \/>\n\t<meta property=\"og:image:type\" content=\"image\/jpeg\" \/>\n<meta name=\"twitter:card\" content=\"summary_large_image\" \/>\n<meta name=\"twitter:image\" content=\"https:\/\/www.endoca.com\/wp-content\/uploads\/2017\/11\/hemp-products-cbd@tablet.jpg\" \/>\n<meta name=\"twitter:site\" content=\"@Endocacbdoil\" \/>\n<meta name=\"twitter:label1\" content=\"Tiempo de lectura\" \/>\n\t<meta name=\"twitter:data1\" content=\"1 minuto\" \/>","yoast_head_json":{"title":"Aceite de CBD con Garant\u00eda de calidad y efectos buenos","description":"Nos esforzamos por mejorar constantemente nuestro producto y garantizar que la calidad de nuestro producto est\u00e9n muy por encima de la media. Lee aqu\u00ed.","robots":{"index":"index","follow":"follow","max-snippet":"max-snippet:-1","max-image-preview":"max-image-preview:large","max-video-preview":"max-video-preview:-1"},"canonical":"https:\/\/www.endoca.com\/es\/wp-json\/wp\/v2\/pages\/3081","og_locale":"es_ES","og_type":"article","og_title":"Aceite de CBD con Garant\u00eda de calidad y efectos buenos","og_description":"Nos esforzamos por mejorar constantemente nuestro producto y garantizar que la calidad de nuestro producto est\u00e9n muy por encima de la media. Lee aqu\u00ed.","og_url":"https:\/\/www.endoca.com\/es\/acerca-de-nosotros\/garantia-de-calidad","og_site_name":"Endoca\u00a9 CBD","article_publisher":"https:\/\/www.facebook.com\/endoca","article_modified_time":"2021-09-06T12:18:37+00:00","og_image":[{"width":700,"height":400,"url":"https:\/\/www.endoca.com\/wp-content\/uploads\/2017\/11\/hemp-products-cbd@tablet.jpg","type":"image\/jpeg"}],"twitter_card":"summary_large_image","twitter_image":"https:\/\/www.endoca.com\/wp-content\/uploads\/2017\/11\/hemp-products-cbd@tablet.jpg","twitter_site":"@Endocacbdoil","twitter_misc":{"Tiempo de lectura":"1 minuto"},"schema":{"@context":"https:\/\/schema.org","@graph":[{"@type":"WebPage","@id":"https:\/\/www.endoca.com\/es\/acerca-de-nosotros\/garantia-de-calidad","url":"https:\/\/www.endoca.com\/es\/acerca-de-nosotros\/garantia-de-calidad","name":"Aceite de CBD con Garant\u00eda de calidad y efectos buenos","isPartOf":{"@id":"https:\/\/www.endoca.com\/#website"},"datePublished":"2017-11-09T15:59:00+00:00","dateModified":"2021-09-06T12:18:37+00:00","description":"Nos esforzamos por mejorar constantemente nuestro producto y garantizar que la calidad de nuestro producto est\u00e9n muy por encima de la media. Lee aqu\u00ed.","breadcrumb":{"@id":"https:\/\/www.endoca.com\/es\/acerca-de-nosotros\/garantia-de-calidad#breadcrumb"},"inLanguage":"es","potentialAction":[{"@type":"ReadAction","target":["https:\/\/www.endoca.com\/es\/acerca-de-nosotros\/garantia-de-calidad"]}]},{"@type":"BreadcrumbList","@id":"https:\/\/www.endoca.com\/es\/acerca-de-nosotros\/garantia-de-calidad#breadcrumb","itemListElement":[{"@type":"ListItem","position":1,"name":"Home","item":"https:\/\/www.endoca.com\/es"},{"@type":"ListItem","position":2,"name":"Acerca de nosotros","item":"https:\/\/www.endoca.com\/es\/acerca-de-nosotros"},{"@type":"ListItem","position":3,"name":"Garant\u00eda de calidad"}]},{"@type":"WebSite","@id":"https:\/\/www.endoca.com\/#website","url":"https:\/\/www.endoca.com\/","name":"Endoca\u00a9 CBD","description":"Best CBD Oil 100% organic","publisher":{"@id":"https:\/\/www.endoca.com\/#organization"},"potentialAction":[{"@type":"SearchAction","target":{"@type":"EntryPoint","urlTemplate":"https:\/\/www.endoca.com\/?s={search_term_string}"},"query-input":{"@type":"PropertyValueSpecification","valueRequired":true,"valueName":"search_term_string"}}],"inLanguage":"es"},{"@type":"Organization","@id":"https:\/\/www.endoca.com\/#organization","name":"Endoca","url":"https:\/\/www.endoca.com\/","logo":{"@type":"ImageObject","inLanguage":"es","@id":"https:\/\/www.endoca.com\/#\/schema\/logo\/image\/","url":"https:\/\/www.endoca.com\/wp-content\/uploads\/2018\/08\/endoca-logo.png","contentUrl":"https:\/\/www.endoca.com\/wp-content\/uploads\/2018\/08\/endoca-logo.png","width":150,"height":50,"caption":"Endoca"},"image":{"@id":"https:\/\/www.endoca.com\/#\/schema\/logo\/image\/"},"sameAs":["https:\/\/www.facebook.com\/endoca","https:\/\/x.com\/Endocacbdoil","https:\/\/www.instagram.com\/endoca\/","https:\/\/www.youtube.com\/channel\/UCNXwDCTBaa0WPEf1cOUHe9g"]}]}},"_links":{"self":[{"href":"https:\/\/www.endoca.com\/es\/wp-json\/wp\/v2\/pages\/3081","targetHints":{"allow":["GET"]}}],"collection":[{"href":"https:\/\/www.endoca.com\/es\/wp-json\/wp\/v2\/pages"}],"about":[{"href":"https:\/\/www.endoca.com\/es\/wp-json\/wp\/v2\/types\/page"}],"author":[{"embeddable":true,"href":"https:\/\/www.endoca.com\/es\/wp-json\/wp\/v2\/users\/1"}],"replies":[{"embeddable":true,"href":"https:\/\/www.endoca.com\/es\/wp-json\/wp\/v2\/comments?post=3081"}],"version-history":[{"count":0,"href":"https:\/\/www.endoca.com\/es\/wp-json\/wp\/v2\/pages\/3081\/revisions"}],"up":[{"embeddable":true,"href":"https:\/\/www.endoca.com\/es\/wp-json\/wp\/v2\/pages\/2980"}],"wp:attachment":[{"href":"https:\/\/www.endoca.com\/es\/wp-json\/wp\/v2\/media?parent=3081"}],"curies":[{"name":"wp","href":"https:\/\/api.w.org\/{rel}","templated":true}]}}