{"id":3005,"date":"2017-11-08T10:14:59","date_gmt":"2017-11-08T10:14:59","guid":{"rendered":"https:\/\/www.endoca.com\/cbd-wholesale\/"},"modified":"2021-09-06T12:09:43","modified_gmt":"2021-09-06T12:09:43","slug":"cbd-al-por-mayor","status":"publish","type":"page","link":"https:\/\/www.endoca.com\/es\/cbd-al-por-mayor","title":{"rendered":"CBD al por mayor"},"content":{"rendered":"<div id=\"pl-3005\"  class=\"panel-layout\" ><div id=\"pg-3005-0\"  class=\"panel-grid panel-no-style\" ><div id=\"pgc-3005-0-0\"  class=\"panel-grid-cell\" ><div id=\"panel-3005-0-0-0\" class=\"so-panel widget widget_mtt-cover-section panel-first-child panel-last-child\" data-index=\"0\" ><div\n\t\t\t\n\t\t\tclass=\"so-widget-mtt-cover-section so-widget-mtt-cover-section-base\"\n\t\t\t\n\t\t><div class=\"cover-wrapper compact\">\n\t<script type=\"application\/ld+json\">\n\t{\n\t\"@context\": \"http:\/\/schema.org\",\n\t\"@type\": \"BreadcrumbList\",\n\t\"itemListElement\": [\n\t\t\t\t{\n\t\t\"@type\": \"ListItem\",\n\t\t\"position\": 1,\n\t\t\"item\": {\n\t\t\t\"@id\": \"https:\/\/www.endoca.com\/es\",\n\t\t\t\"name\": \"Inicio\"\n\t\t}\n\t\t}\n\t\t\t\t,\n\t\t\t\t\t\t{\n\t\t\"@type\": \"ListItem\",\n\t\t\"position\": 2,\n\t\t\"item\": {\n\t\t\t\"@id\": \"https:\/\/www.endoca.com\/es\/cbd-al-por-mayor\",\n\t\t\t\"name\": \"CBD al por mayor\"\n\t\t}\n\t\t}\n\t\t\t\t\t\t]\n\t}\n<\/script>\n\n<div class=\"new-breadcrumb\">\n\t<ol class=\"breadcrumbs\">\n\t\t\t\t\t<li>\n\t\t\t\t\t\t\t\t\t<a href=\"https:\/\/www.endoca.com\/es\">Inicio<\/a>\n\t\t\t\t\t\t\t<\/li>\n\t\t\t\t\t<li>\n\t\t\t\t\t\t\t\t\tCBD al por mayor\t\t\t\t\t\t\t<\/li>\n\t\t\t<\/ol>\n<\/div>\n\n\t<!-- Cover content -->\n\t<div class=\"cover-container\">\n\t\t<div class=\"cover-text-wrapper white\">\n\t\t\t<h1>CBD al por mayor<\/h1>\n\t\t\t\t\t<\/div>\n\t\t\t<\/div>\n<\/div>\n\n<!-- Structured data -->\n<\/div><\/div><\/div><\/div><div id=\"pg-3005-1\"  class=\"panel-grid panel-no-style\" ><div id=\"pgc-3005-1-0\"  class=\"panel-grid-cell\" ><div id=\"panel-3005-1-0-0\" class=\"so-panel widget widget_mtt-text-island panel-first-child panel-last-child\" data-index=\"1\" ><div\n\t\t\t\n\t\t\tclass=\"so-widget-mtt-text-island so-widget-mtt-text-island-base\"\n\t\t\t\n\t\t><div class=\"text-island-wrapper\">\n\t<div class=\"text-island-container\">\n\t\t<div class=\"text-island\">\n\t\t\t<h2>Endoca al por mayor<\/h2>\n\t\t\t<p>El extracto de c\u00e1\u00f1amo que creamos puede ser dividido en diferentes categor\u00edas dependiendo del proceso al que haya sido sometido. Asimismo, dependiendo del producto que quieras formular, los diferentes tipos de extractos tienen diferentes ventajas.<\/p>\n\t\t<\/div>\n\t<\/div>\n<\/div><\/div><\/div><\/div><\/div><div id=\"pg-3005-2\"  class=\"panel-grid panel-no-style\" ><div id=\"pgc-3005-2-0\"  class=\"panel-grid-cell\" ><div id=\"panel-3005-2-0-0\" class=\"so-panel widget widget_mtt-text-image-products panel-first-child panel-last-child\" data-index=\"2\" ><div\n\t\t\t\n\t\t\tclass=\"so-widget-mtt-text-image-products so-widget-mtt-text-image-products-base\"\n\t\t\t\n\t\t>\n<div class=\"text-image-wrapper\">\n\t<div class=\"text-image-container\">\n\t\t\t\t\t\n\t\t\t<div class=\"text-image-section spacing-bottom\">\n\t\t\t\t<div class=\"text-image-content-wrap\">\n\t\t\t\t\t<div class=\"text-image-content\">\n\t\t\t\t\t\t<h2>Extracci\u00f3n de CO2 (Primer extracto)<\/h2>\t\t\t\t\t\t<p><strong>Extraemos c\u00e1\u00f1amo usando el CO2<\/strong> y esto da como resultado <strong>un extracto que es s\u00f3lido como una pasta<\/strong>. El extracto de la primera extracci\u00f3n es una pasta espesa de color marr\u00f3n dorado. La extracci\u00f3n puede variar en % de CBD y CBDa desde el 3% (CBD) hasta un 30% de (CBD). Lo que te ofrecemos como est\u00e1ndar es el 7% (CBD) o 7% de (CBD + CBDa) no tratado.<\/p>\n<p>La raz\u00f3n por la que utilizamos un 7% como est\u00e1ndar es que el contenido de THC es inferior al 0.2% y es posible fabricar un producto est\u00e1ndar en grandes cantidades muy f\u00e1cilmente. Si tienes necesidades especiales para este tipo de producto, inf\u00f3rmanos porque hay posibilidades de aumentar el % de CBD o CBDa.<\/p>\n\t\t\t\t\t\t\t\t\t\t\t\t\t\t\t\t\t\t\t\t\t\t\t\t\t\t\t<a class=\"button secondary\"\n\t\t\t\t\t\t\t   href=\"https:\/\/docs.google.com\/forms\/d\/e\/1FAIpQLSdcqaJU1r0oR-rlgnxvsS0UzpLs1WENiXKR5mW8-X2V8lFkqw\/viewform\" target=\"_blank\" rel=\"noopener noreferrer\">\n\t\t\t\t\t\t\t\tCont\u00e1ctanos\t\t\t\t\t\t\t<\/a>\n\t\t\t\t\t\t\t\t\t\t\t<\/div>\n\t\t\t\t<\/div>\n\t\t\t\t<div class=\"text-image-img products\">\n\t\t\t\t\t<div class=\"img-wrapper\">\n\t\t\t\t\t\t\t\t\t\t\t\t\t\t\t\t\t\t\t\t\t\t\t\t\t\t\t\t\t\t\t\t\t\t\t\t\t\t\t\t<div class=\"product-image full\">\n\t\t\t\t\t\t\t\t\t\t\t\t\t\t\t\t\t\t\t\t\t\t\t\t\t\t\t\t\t\t\t\t\t\t\t<div class=\"play-button\" data-youtubemodal=\"Vg8oed3KNNU\">\n\t\t\t\t\t\t\t\t\t\t<span><img decoding=\"async\"  src=\"https:\/\/www.endoca.com\/wp-content\/themes\/mtt-wordpress-theme\/assets\/img\/icons\/play-arrow.svg\" alt=\"video play arrow\"><\/span>\n\t\t\t\t\t\t\t\t\t\t<span><\/span>\n\t\t\t\t\t\t\t\t\t\t<span><\/span>\n\t\t\t\t\t\t\t\t\t<\/div>\n\t\t\t\t\t\t\t\t\t\t\t\t\t\t\t\t<img decoding=\"async\" src=\"https:\/\/www.endoca.com\/wp-content\/uploads\/2017\/11\/co2-extraction-first-extract.png\" alt=\"co2 extraction first extract\">\n\t\t\t\t\t\t\t<\/div>\n\t\t\t\t\t\t\t\t\t\t\t<\/div>\n\t\t\t\t<\/div>\n\t\t\t<\/div>\n\t\t\t\t\t\n\t\t\t<div class=\"text-image-section reverse spacing-bottom\">\n\t\t\t\t<div class=\"text-image-content-wrap\">\n\t\t\t\t\t<div class=\"text-image-content\">\n\t\t\t\t\t\t<h2>Extracto filtrado en fr\u00edo<\/h2>\t\t\t\t\t\t<p>El extracto contiene muchas ceras que hacen que el producto sea como una pasta. Para eliminar las ceras tenemos dos m\u00e9todos diferentes que llamamos filtraci\u00f3n:<\/p>\n<p>1. Filtraci\u00f3n en fr\u00edo<\/p>\n<p>&amp;<\/p>\n<p>2. Filtraci\u00f3n en caliente<\/p>\n<p>En la <strong>filtraci\u00f3n en fr\u00edo<\/strong>, trabajamos con bajas temperaturas y eliminamos 1 tipo de cera del primer extracto. El resultado de esto es un extracto m\u00e1s suelto con una viscosidad m\u00e1s baja a la que llamamos extracto de CBD filtrado en fr\u00edo.<\/p>\n<p>Debido a que la viscosidad es menor, el producto es m\u00e1s l\u00edquido y permite as\u00ed mezclarlo f\u00e1cilmente con otros productos y mantener el producto final m\u00e1s l\u00edquido. El extracto de CBD filtrado en fr\u00edo puede variar en % de CBD y CBDa del 10% al 50%. Te ofrecemos como est\u00e1ndar un 20% (CBD) o un 20% de (CBD + CBDa) no tratado. Si tienes necesidades especiales para este tipo de producto, av\u00edsanos ya que hay posibilidades de aumentar el % de CBD o CBDa<\/p>\n\t\t\t\t\t\t\t\t\t\t\t\t\t\t\t\t\t\t\t\t\t\t\t\t\t\t\t<a class=\"button secondary\"\n\t\t\t\t\t\t\t   href=\"https:\/\/docs.google.com\/forms\/d\/e\/1FAIpQLSdcqaJU1r0oR-rlgnxvsS0UzpLs1WENiXKR5mW8-X2V8lFkqw\/viewform\" target=\"_blank\" rel=\"noopener noreferrer\">\n\t\t\t\t\t\t\t\tCont\u00e1ctanos\t\t\t\t\t\t\t<\/a>\n\t\t\t\t\t\t\t\t\t\t\t<\/div>\n\t\t\t\t<\/div>\n\t\t\t\t<div class=\"text-image-img products\">\n\t\t\t\t\t<div class=\"img-wrapper\">\n\t\t\t\t\t\t\t\t\t\t\t\t\t\t\t\t\t\t\t\t\t\t\t\t\t\t\t\t\t\t\t\t\t\t\t\t\t\t\t\t<div class=\"product-image\">\n\t\t\t\t\t\t\t\t\t\t\t\t\t\t\t\t\t\t\t\t\t\t\t\t\t\t\t\t\t\t\t\t\t\t\t<div class=\"play-button\" data-youtubemodal=\"QrQE4Dl3-0I\">\n\t\t\t\t\t\t\t\t\t\t<span><img decoding=\"async\"  src=\"https:\/\/www.endoca.com\/wp-content\/themes\/mtt-wordpress-theme\/assets\/img\/icons\/play-arrow.svg\" alt=\"video play arrow\"><\/span>\n\t\t\t\t\t\t\t\t\t\t<span><\/span>\n\t\t\t\t\t\t\t\t\t\t<span><\/span>\n\t\t\t\t\t\t\t\t\t<\/div>\n\t\t\t\t\t\t\t\t\t\t\t\t\t\t\t\t<img decoding=\"async\" src=\"https:\/\/www.endoca.com\/wp-content\/uploads\/2017\/11\/cold-filtered-extract-liquid.png\" alt=\"cold filtered extract liquid\">\n\t\t\t\t\t\t\t<\/div>\n\t\t\t\t\t\t\t\t\t\t\t\t\t\t\t\t\t\t\t\t\t\t\t\t\t\t\t\t\t\t\t\t\t\t<div class=\"product-image\">\n\t\t\t\t\t\t\t\t\t\t\t\t\t\t\t\t\t\t\t\t\t\t\t\t\t\t\t\t\t\t\t\t\t\t\t<div class=\"play-button\" data-youtubemodal=\"qqy_AgcGuSs\">\n\t\t\t\t\t\t\t\t\t\t<span><img decoding=\"async\"  src=\"https:\/\/www.endoca.com\/wp-content\/themes\/mtt-wordpress-theme\/assets\/img\/icons\/play-arrow.svg\" alt=\"video play arrow\"><\/span>\n\t\t\t\t\t\t\t\t\t\t<span><\/span>\n\t\t\t\t\t\t\t\t\t\t<span><\/span>\n\t\t\t\t\t\t\t\t\t<\/div>\n\t\t\t\t\t\t\t\t\t\t\t\t\t\t\t\t<img decoding=\"async\" src=\"https:\/\/www.endoca.com\/wp-content\/uploads\/2017\/11\/cold-filtered-extract-extraliquid.png\" alt=\"cold filtered extract liquid\">\n\t\t\t\t\t\t\t<\/div>\n\t\t\t\t\t\t\t\t\t\t\t<\/div>\n\t\t\t\t<\/div>\n\t\t\t<\/div>\n\t\t\t\t\t\n\t\t\t<div class=\"text-image-section spacing-bottom\">\n\t\t\t\t<div class=\"text-image-content-wrap\">\n\t\t\t\t\t<div class=\"text-image-content\">\n\t\t\t\t\t\t<h2>Extractos filtrados en caliente \u201caceite de CBD dorado\u201d<\/h2>\t\t\t\t\t\t<p>Trabajamos con temperaturas m\u00e1s altas y eliminamos otro tipo de cera del extracto del CBD filtrado en fr\u00edo, el resultado de esto es un extracto con menor viscosidad y m\u00e1s suelto al que llamamos extracto de CBD filtrado en caliente o \u201cel aceite dorado\u201d.<\/p>\n<p>La viscosidad es menor que en la primera extracci\u00f3n de CBD, pero m\u00e1s alta que en el extracto de CBD filtrado en fr\u00edo. La textura es m\u00e1s parecida al aceite de coco, ya que se vuelve l\u00edquido cuando la temperatura es alta y s\u00f3lida cuando la temperatura es inferior a los 20 \u00b0 C.<\/p>\n<p>El extracto de CBD filtrado en caliente puede variar en % de CBD y CBDa del 10% al 50%, lo que te ofrecemos como est\u00e1ndar es un 20% (CBD) o un 20% de (CBD + CBDa) no tratado. Si tienes necesidades especiales para este tipo de producto, av\u00edsanos ya que hay posibilidades de aumentar el % de CBD o CBDa.<\/p>\n\t\t\t\t\t\t\t\t\t\t\t\t\t\t\t\t\t\t\t\t\t\t\t\t\t\t\t<a class=\"button secondary\"\n\t\t\t\t\t\t\t   href=\"https:\/\/docs.google.com\/forms\/d\/e\/1FAIpQLSdcqaJU1r0oR-rlgnxvsS0UzpLs1WENiXKR5mW8-X2V8lFkqw\/viewform\" target=\"_blank\" rel=\"noopener noreferrer\">\n\t\t\t\t\t\t\t\tCont\u00e1ctanos\t\t\t\t\t\t\t<\/a>\n\t\t\t\t\t\t\t\t\t\t\t<\/div>\n\t\t\t\t<\/div>\n\t\t\t\t<div class=\"text-image-img products\">\n\t\t\t\t\t<div class=\"img-wrapper\">\n\t\t\t\t\t\t\t\t\t\t\t\t\t\t\t\t\t\t\t\t\t\t\t\t\t\t\t\t\t\t\t\t\t\t\t\t\t\t\t\t<div class=\"product-image\">\n\t\t\t\t\t\t\t\t\t\t\t\t\t\t\t\t\t\t\t\t\t\t\t\t\t\t\t\t\t\t\t\t\t\t\t<div class=\"play-button\" data-youtubemodal=\"rpuMnk2_xD4\">\n\t\t\t\t\t\t\t\t\t\t<span><img decoding=\"async\"  src=\"https:\/\/www.endoca.com\/wp-content\/themes\/mtt-wordpress-theme\/assets\/img\/icons\/play-arrow.svg\" alt=\"video play arrow\"><\/span>\n\t\t\t\t\t\t\t\t\t\t<span><\/span>\n\t\t\t\t\t\t\t\t\t\t<span><\/span>\n\t\t\t\t\t\t\t\t\t<\/div>\n\t\t\t\t\t\t\t\t\t\t\t\t\t\t\t\t<img decoding=\"async\" src=\"https:\/\/www.endoca.com\/wp-content\/uploads\/2017\/11\/hot-filtered-extract-solid.png\" alt=\"hot filtered extract solid\">\n\t\t\t\t\t\t\t<\/div>\n\t\t\t\t\t\t\t\t\t\t\t\t\t\t\t\t\t\t\t\t\t\t\t\t\t\t\t\t\t\t\t\t\t\t<div class=\"product-image\">\n\t\t\t\t\t\t\t\t\t\t\t\t\t\t\t\t\t\t\t\t\t\t\t\t\t\t\t\t\t\t\t\t\t\t\t<div class=\"play-button\" data-youtubemodal=\"FBN-GUkTo8w\">\n\t\t\t\t\t\t\t\t\t\t<span><img decoding=\"async\"  src=\"https:\/\/www.endoca.com\/wp-content\/themes\/mtt-wordpress-theme\/assets\/img\/icons\/play-arrow.svg\" alt=\"video play arrow\"><\/span>\n\t\t\t\t\t\t\t\t\t\t<span><\/span>\n\t\t\t\t\t\t\t\t\t\t<span><\/span>\n\t\t\t\t\t\t\t\t\t<\/div>\n\t\t\t\t\t\t\t\t\t\t\t\t\t\t\t\t<img decoding=\"async\" src=\"https:\/\/www.endoca.com\/wp-content\/uploads\/2017\/11\/hot-filtered-extract-liquid.png\" alt=\"hot filtered extract liquid\">\n\t\t\t\t\t\t\t<\/div>\n\t\t\t\t\t\t\t\t\t\t\t\t\t\t\t\t\t\t\t\t\t\t\t\t\t\t\t\t\t\t\t\t\t\t<div class=\"product-image\">\n\t\t\t\t\t\t\t\t\t\t\t\t\t\t\t\t\t\t\t\t\t\t\t\t\t\t\t\t\t\t\t\t\t\t\t<div class=\"play-button\" data-youtubemodal=\"6eaxAAFHn70\">\n\t\t\t\t\t\t\t\t\t\t<span><img decoding=\"async\"  src=\"https:\/\/www.endoca.com\/wp-content\/themes\/mtt-wordpress-theme\/assets\/img\/icons\/play-arrow.svg\" alt=\"video play arrow\"><\/span>\n\t\t\t\t\t\t\t\t\t\t<span><\/span>\n\t\t\t\t\t\t\t\t\t\t<span><\/span>\n\t\t\t\t\t\t\t\t\t<\/div>\n\t\t\t\t\t\t\t\t\t\t\t\t\t\t\t\t<img decoding=\"async\" src=\"https:\/\/www.endoca.com\/wp-content\/uploads\/2017\/11\/hot-filtered-extract-extraliquid.png\" alt=\"hot filtered extract\">\n\t\t\t\t\t\t\t<\/div>\n\t\t\t\t\t\t\t\t\t\t\t<\/div>\n\t\t\t\t<\/div>\n\t\t\t<\/div>\n\t\t\t\t\t\n\t\t\t<div class=\"text-image-section reverse spacing-bottom\">\n\t\t\t\t<div class=\"text-image-content-wrap\">\n\t\t\t\t\t<div class=\"text-image-content\">\n\t\t\t\t\t\t<h2>99% de CBD (CBD puro)<\/h2>\t\t\t\t\t\t<p>Mediante la continuaci\u00f3n del proceso de filtraci\u00f3n de nuestros extractos, <strong>producimos nuestro CBD puro del 99%<\/strong>, que puede utilizarse en diversas aplicaciones de producci\u00f3n. Como ejemplo, normalmente mezclamos nuestros extractos con aceite de semilla de c\u00e1\u00f1amo org\u00e1nico para aflojar el material. Para usar con un vaporizador, te recomendamos que uses el 99% de CBD.<\/p>\n\t\t\t\t\t\t\t\t\t\t\t\t\t\t\t\t\t\t\t\t\t\t\t\t\t\t\t<a class=\"button secondary\"\n\t\t\t\t\t\t\t   href=\"https:\/\/docs.google.com\/forms\/d\/e\/1FAIpQLSdcqaJU1r0oR-rlgnxvsS0UzpLs1WENiXKR5mW8-X2V8lFkqw\/viewform\" target=\"_blank\" rel=\"noopener noreferrer\">\n\t\t\t\t\t\t\t\tCont\u00e1ctanos\t\t\t\t\t\t\t<\/a>\n\t\t\t\t\t\t\t\t\t\t\t<\/div>\n\t\t\t\t<\/div>\n\t\t\t\t<div class=\"text-image-img products\">\n\t\t\t\t\t<div class=\"img-wrapper\">\n\t\t\t\t\t\t\t\t\t\t\t\t\t\t\t\t\t\t\t\t\t\t\t\t\t\t\t\t\t\t\t\t\t\t\t\t\t\t\t\t<div class=\"product-image full\">\n\t\t\t\t\t\t\t\t\t\t\t\t\t\t\t\t<img decoding=\"async\" src=\"https:\/\/www.endoca.com\/wp-content\/uploads\/2017\/11\/pure-cbd-crystals.png\" alt=\"99% pure cbd crystals\">\n\t\t\t\t\t\t\t<\/div>\n\t\t\t\t\t\t\t\t\t\t\t<\/div>\n\t\t\t\t<\/div>\n\t\t\t<\/div>\n\t\t\t<\/div>\n<\/div><\/div><\/div><\/div><\/div><\/div>","protected":false},"excerpt":{"rendered":"<p>Inicio CBD al por mayor CBD al por mayor Endoca al por mayor El extracto de c\u00e1\u00f1amo que creamos puede&#8230;<\/p>\n","protected":false},"author":1,"featured_media":0,"parent":0,"menu_order":0,"comment_status":"closed","ping_status":"closed","template":"","meta":{"_acf_changed":false,"footnotes":""},"class_list":["post-3005","page","type-page","status-publish","hentry"],"acf":[],"yoast_head":"<title>CBD al por mayor | Lee sobre de metodos de extracci\u00f3n<\/title>\n<meta name=\"description\" content=\"El extracto de c\u00e1\u00f1amo que creamos puede ser dividido en diferentes categor\u00edas dependiendo del proceso que haya sido sometido. Usamos tres m\u00e9todos.\" \/>\n<meta name=\"robots\" content=\"index, follow, max-snippet:-1, max-image-preview:large, max-video-preview:-1\" \/>\n<link rel=\"canonical\" href=\"https:\/\/www.endoca.com\/es\/wp-json\/wp\/v2\/pages\/3005\" \/>\n<meta property=\"og:locale\" content=\"es_ES\" \/>\n<meta property=\"og:type\" content=\"article\" \/>\n<meta property=\"og:title\" content=\"CBD al por mayor | Lee sobre de metodos de extracci\u00f3n\" \/>\n<meta property=\"og:description\" content=\"El extracto de c\u00e1\u00f1amo que creamos puede ser dividido en diferentes categor\u00edas dependiendo del proceso que haya sido sometido. Usamos tres m\u00e9todos.\" \/>\n<meta property=\"og:url\" content=\"https:\/\/www.endoca.com\/es\/cbd-al-por-mayor\" \/>\n<meta property=\"og:site_name\" content=\"Endoca\u00a9 CBD\" \/>\n<meta property=\"article:publisher\" content=\"https:\/\/www.facebook.com\/endoca\" \/>\n<meta property=\"article:modified_time\" content=\"2021-09-06T12:09:43+00:00\" \/>\n<meta property=\"og:image\" content=\"https:\/\/www.endoca.com\/wp-content\/uploads\/2017\/11\/hemp-product-display.jpg\" \/>\n\t<meta property=\"og:image:width\" content=\"1530\" \/>\n\t<meta property=\"og:image:height\" content=\"723\" \/>\n\t<meta property=\"og:image:type\" content=\"image\/jpeg\" \/>\n<meta name=\"twitter:card\" content=\"summary_large_image\" \/>\n<meta name=\"twitter:image\" content=\"https:\/\/www.endoca.com\/wp-content\/uploads\/2017\/11\/hemp-product-display.jpg\" \/>\n<meta name=\"twitter:site\" content=\"@Endocacbdoil\" \/>\n<meta name=\"twitter:label1\" content=\"Tiempo de lectura\" \/>\n\t<meta name=\"twitter:data1\" content=\"1 minuto\" \/>","yoast_head_json":{"title":"CBD al por mayor | Lee sobre de metodos de extracci\u00f3n","description":"El extracto de c\u00e1\u00f1amo que creamos puede ser dividido en diferentes categor\u00edas dependiendo del proceso que haya sido sometido. Usamos tres m\u00e9todos.","robots":{"index":"index","follow":"follow","max-snippet":"max-snippet:-1","max-image-preview":"max-image-preview:large","max-video-preview":"max-video-preview:-1"},"canonical":"https:\/\/www.endoca.com\/es\/wp-json\/wp\/v2\/pages\/3005","og_locale":"es_ES","og_type":"article","og_title":"CBD al por mayor | Lee sobre de metodos de extracci\u00f3n","og_description":"El extracto de c\u00e1\u00f1amo que creamos puede ser dividido en diferentes categor\u00edas dependiendo del proceso que haya sido sometido. Usamos tres m\u00e9todos.","og_url":"https:\/\/www.endoca.com\/es\/cbd-al-por-mayor","og_site_name":"Endoca\u00a9 CBD","article_publisher":"https:\/\/www.facebook.com\/endoca","article_modified_time":"2021-09-06T12:09:43+00:00","og_image":[{"width":1530,"height":723,"url":"https:\/\/www.endoca.com\/wp-content\/uploads\/2017\/11\/hemp-product-display.jpg","type":"image\/jpeg"}],"twitter_card":"summary_large_image","twitter_image":"https:\/\/www.endoca.com\/wp-content\/uploads\/2017\/11\/hemp-product-display.jpg","twitter_site":"@Endocacbdoil","twitter_misc":{"Tiempo de lectura":"1 minuto"},"schema":{"@context":"https:\/\/schema.org","@graph":[{"@type":"WebPage","@id":"https:\/\/www.endoca.com\/es\/cbd-al-por-mayor","url":"https:\/\/www.endoca.com\/es\/cbd-al-por-mayor","name":"CBD al por mayor | Lee sobre de metodos de extracci\u00f3n","isPartOf":{"@id":"https:\/\/www.endoca.com\/#website"},"datePublished":"2017-11-08T10:14:59+00:00","dateModified":"2021-09-06T12:09:43+00:00","description":"El extracto de c\u00e1\u00f1amo que creamos puede ser dividido en diferentes categor\u00edas dependiendo del proceso que haya sido sometido. Usamos tres m\u00e9todos.","breadcrumb":{"@id":"https:\/\/www.endoca.com\/es\/cbd-al-por-mayor#breadcrumb"},"inLanguage":"es","potentialAction":[{"@type":"ReadAction","target":["https:\/\/www.endoca.com\/es\/cbd-al-por-mayor"]}]},{"@type":"BreadcrumbList","@id":"https:\/\/www.endoca.com\/es\/cbd-al-por-mayor#breadcrumb","itemListElement":[{"@type":"ListItem","position":1,"name":"Home","item":"https:\/\/www.endoca.com\/es"},{"@type":"ListItem","position":2,"name":"CBD al por mayor"}]},{"@type":"WebSite","@id":"https:\/\/www.endoca.com\/#website","url":"https:\/\/www.endoca.com\/","name":"Endoca\u00a9 CBD","description":"Best CBD Oil 100% organic","publisher":{"@id":"https:\/\/www.endoca.com\/#organization"},"potentialAction":[{"@type":"SearchAction","target":{"@type":"EntryPoint","urlTemplate":"https:\/\/www.endoca.com\/?s={search_term_string}"},"query-input":{"@type":"PropertyValueSpecification","valueRequired":true,"valueName":"search_term_string"}}],"inLanguage":"es"},{"@type":"Organization","@id":"https:\/\/www.endoca.com\/#organization","name":"Endoca","url":"https:\/\/www.endoca.com\/","logo":{"@type":"ImageObject","inLanguage":"es","@id":"https:\/\/www.endoca.com\/#\/schema\/logo\/image\/","url":"https:\/\/www.endoca.com\/wp-content\/uploads\/2018\/08\/endoca-logo.png","contentUrl":"https:\/\/www.endoca.com\/wp-content\/uploads\/2018\/08\/endoca-logo.png","width":150,"height":50,"caption":"Endoca"},"image":{"@id":"https:\/\/www.endoca.com\/#\/schema\/logo\/image\/"},"sameAs":["https:\/\/www.facebook.com\/endoca","https:\/\/x.com\/Endocacbdoil","https:\/\/www.instagram.com\/endoca\/","https:\/\/www.youtube.com\/channel\/UCNXwDCTBaa0WPEf1cOUHe9g"]}]}},"_links":{"self":[{"href":"https:\/\/www.endoca.com\/es\/wp-json\/wp\/v2\/pages\/3005","targetHints":{"allow":["GET"]}}],"collection":[{"href":"https:\/\/www.endoca.com\/es\/wp-json\/wp\/v2\/pages"}],"about":[{"href":"https:\/\/www.endoca.com\/es\/wp-json\/wp\/v2\/types\/page"}],"author":[{"embeddable":true,"href":"https:\/\/www.endoca.com\/es\/wp-json\/wp\/v2\/users\/1"}],"replies":[{"embeddable":true,"href":"https:\/\/www.endoca.com\/es\/wp-json\/wp\/v2\/comments?post=3005"}],"version-history":[{"count":0,"href":"https:\/\/www.endoca.com\/es\/wp-json\/wp\/v2\/pages\/3005\/revisions"}],"wp:attachment":[{"href":"https:\/\/www.endoca.com\/es\/wp-json\/wp\/v2\/media?parent=3005"}],"curies":[{"name":"wp","href":"https:\/\/api.w.org\/{rel}","templated":true}]}}