{"id":2991,"date":"2017-11-08T10:35:45","date_gmt":"2017-11-08T10:35:45","guid":{"rendered":"https:\/\/www.endoca.com\/acerca-de-nosotros\/join-our-community\/"},"modified":"2021-09-06T12:35:50","modified_gmt":"2021-09-06T12:35:50","slug":"unete-a-nuestra-comunidad","status":"publish","type":"page","link":"https:\/\/www.endoca.com\/es\/acerca-de-nosotros\/unete-a-nuestra-comunidad","title":{"rendered":"\u00danete a nuestra comunidad"},"content":{"rendered":"<div id=\"pl-2991\"  class=\"panel-layout\" ><div id=\"pg-2991-0\"  class=\"panel-grid panel-no-style\" ><div id=\"pgc-2991-0-0\"  class=\"panel-grid-cell\" ><div id=\"panel-2991-0-0-0\" class=\"so-panel widget widget_mtt-cover-section panel-first-child panel-last-child\" data-index=\"0\" ><div\n\t\t\t\n\t\t\tclass=\"so-widget-mtt-cover-section so-widget-mtt-cover-section-base\"\n\t\t\t\n\t\t><div class=\"cover-wrapper compact\">\n\t<script type=\"application\/ld+json\">\n\t{\n\t\"@context\": \"http:\/\/schema.org\",\n\t\"@type\": \"BreadcrumbList\",\n\t\"itemListElement\": [\n\t\t\t\t{\n\t\t\"@type\": \"ListItem\",\n\t\t\"position\": 1,\n\t\t\"item\": {\n\t\t\t\"@id\": \"https:\/\/www.endoca.com\/es\",\n\t\t\t\"name\": \"Inicio\"\n\t\t}\n\t\t}\n\t\t\t\t,\n\t\t\t\t\t\t{\n\t\t\"@type\": \"ListItem\",\n\t\t\"position\": 2,\n\t\t\"item\": {\n\t\t\t\"@id\": \"https:\/\/www.endoca.com\/es\/acerca-de-nosotros\",\n\t\t\t\"name\": \"Acerca de nosotros\"\n\t\t}\n\t\t}\n\t\t\t\t,\n\t\t\t\t\t\t{\n\t\t\"@type\": \"ListItem\",\n\t\t\"position\": 3,\n\t\t\"item\": {\n\t\t\t\"@id\": \"https:\/\/www.endoca.com\/es\/acerca-de-nosotros\/unete-a-nuestra-comunidad\",\n\t\t\t\"name\": \"\u00danete a nuestra comunidad\"\n\t\t}\n\t\t}\n\t\t\t\t\t\t]\n\t}\n<\/script>\n\n<div class=\"new-breadcrumb\">\n\t<ol class=\"breadcrumbs\">\n\t\t\t\t\t<li>\n\t\t\t\t\t\t\t\t\t<a href=\"https:\/\/www.endoca.com\/es\">Inicio<\/a>\n\t\t\t\t\t\t\t<\/li>\n\t\t\t\t\t<li>\n\t\t\t\t\t\t\t\t\t<a href=\"https:\/\/www.endoca.com\/es\/acerca-de-nosotros\">Acerca de nosotros<\/a>\n\t\t\t\t\t\t\t<\/li>\n\t\t\t\t\t<li>\n\t\t\t\t\t\t\t\t\t\u00danete a nuestra comunidad\t\t\t\t\t\t\t<\/li>\n\t\t\t<\/ol>\n<\/div>\n\n\t<!-- Cover content -->\n\t<div class=\"cover-container\">\n\t\t<div class=\"cover-text-wrapper white\">\n\t\t\t<h1>\u00danete a nuestra comunidad<\/h1>\n\t\t\t\t\t<\/div>\n\t\t\t<\/div>\n<\/div>\n\n<!-- Structured data -->\n<\/div><\/div><\/div><\/div><div id=\"pg-2991-1\"  class=\"panel-grid panel-no-style\" ><div id=\"pgc-2991-1-0\"  class=\"panel-grid-cell\" ><div id=\"panel-2991-1-0-0\" class=\"so-panel widget widget_mtt-text-image panel-first-child panel-last-child\" data-index=\"1\" ><div\n\t\t\t\n\t\t\tclass=\"so-widget-mtt-text-image so-widget-mtt-text-image-base\"\n\t\t\t\n\t\t>\n<div class=\"text-image-wrapper\">\n\t<div class=\"text-image-container\">\n\t\t\n\t\t\t\t<div class=\"text-image-section \">\n\t\t\t\t\t<div class=\"text-image-content-wrap\">\n\t\t\t\t\t\t<div class=\"text-image-content\">\n\t\t\t\t\t\t\t<h2>\u00bfQuieres unirte a nosotros en nuestra misi\u00f3n?<\/h2>\t\t\t\t\t\t\t<p>Aqu\u00ed en Endoca, valoramos a nuestra comunidad por encima de todo, y siempre nos sentimos abrumados por la cantidad de personas incre\u00edbles que quieren sumarse a nuestra misi\u00f3n.<\/p>\n<p>Endoca simplemente no ser\u00eda posible sin estas personas dedicadas y apasionadas personas que creen en unirse por una causa com\u00fan.<\/p>\n<p>Entonces, si eres:<\/p>\n<ul>\n<li>Un escritor aut\u00f3nomo motivado<\/li>\n<li>Un blogger o influenciador creativo<\/li>\n<li>Un representante de los medios<\/li>\n<li>Un cliente con una historia incre\u00edble que le gustar\u00eda compartir<\/li>\n<\/ul>\n<p>O simplemente una persona apasionada que quiere conectarse con nosotros, env\u00ede un correo electr\u00f3nico a <a href=\"mailto:community@endoca.com\">community@endoca.com<\/a> para ponerse en contacto con nuestro Equipo de Desarrollo Comunitario.<\/p>\t\t\t\t\t\t<\/div>\n\t\t\t\t\t<\/div>\n\t\t\t\t\t<div class=\"text-image-img \">\n\t\t\t\t\t\t\n\t\t<picture>\n\t\t\t\n\t\t\t\t\t\t\t\t<source srcset=\"https:\/\/www.endoca.com\/wp-content\/uploads\/2017\/11\/endoca-value@mobile.jpg,\n\t\t\t\t\t\t\thttps:\/\/www.endoca.com\/wp-content\/uploads\/2017\/11\/endoca-value@mobile.jpg 2x\"\n\t\t\t\t\t\tmedia=\"(max-width: 580px)\"\n\t\t\t\t\t\t\t\t\t\t\t>\n\t\t\t\n\t\t\t\t\t\t\n\t\t\t\t\t\t\t<source\n\t\t\t\t\tsrcset=\"https:\/\/www.endoca.com\/wp-content\/uploads\/2017\/11\/endoca-value.jpg,\n                        https:\/\/www.endoca.com\/wp-content\/uploads\/2017\/11\/endoca-value.jpg 2x\"\n\t\t\t\t\tmedia=\"(max-width: 1920px)\"\n\t\t\t\t\t\t\t\t\t>\n\t\t\t\n\t\t\t\t\t\t\t\t<img decoding=\"async\" src=\"https:\/\/www.endoca.com\/wp-content\/uploads\/2017\/11\/endoca-value.jpg\"\n\t\t\t\t\t\t\t\t\t\t\t\t\twidth=\"700\"\n\t\t\t\t\t\t\theight=\"500\"\n\t\t\t\t\t\t alt='endoca values'\t\t\t\t\t>\n\t\t\t\t\t\t<\/picture>\n\n\t\t\t\t\t\t\t<\/div>\n\t\t\t\t<\/div>\n\t\t\t\t<\/div>\n<\/div><\/div><\/div><\/div><\/div><\/div>","protected":false},"excerpt":{"rendered":"<p>Inicio Acerca de nosotros \u00danete a nuestra comunidad \u00danete a nuestra comunidad \u00bfQuieres unirte a nosotros en nuestra misi\u00f3n? Aqu\u00ed&#8230;<\/p>\n","protected":false},"author":1,"featured_media":0,"parent":2980,"menu_order":0,"comment_status":"closed","ping_status":"closed","template":"","meta":{"_acf_changed":false,"footnotes":""},"class_list":["post-2991","page","type-page","status-publish","hentry"],"acf":[],"yoast_head":"<title>\u00danete a nuestra comunidad dedicada | Lee m\u00e1s aqu\u00ed!<\/title>\n<meta name=\"description\" content=\"Valoramos a nuestra comunidad por encima de todo, y siempre nos sentimos abrumados por la cantidad de personas que quieren sumarse a nosotros.\" \/>\n<meta name=\"robots\" content=\"index, follow, max-snippet:-1, max-image-preview:large, max-video-preview:-1\" \/>\n<link rel=\"canonical\" href=\"https:\/\/www.endoca.com\/es\/wp-json\/wp\/v2\/pages\/2991\" \/>\n<meta property=\"og:locale\" content=\"es_ES\" \/>\n<meta property=\"og:type\" content=\"article\" \/>\n<meta property=\"og:title\" content=\"\u00danete a nuestra comunidad dedicada | Lee m\u00e1s aqu\u00ed!\" \/>\n<meta property=\"og:description\" content=\"Valoramos a nuestra comunidad por encima de todo, y siempre nos sentimos abrumados por la cantidad de personas que quieren sumarse a nosotros.\" \/>\n<meta property=\"og:url\" content=\"https:\/\/www.endoca.com\/es\/acerca-de-nosotros\/unete-a-nuestra-comunidad\" \/>\n<meta property=\"og:site_name\" content=\"Endoca\u00a9 CBD\" \/>\n<meta property=\"article:publisher\" content=\"https:\/\/www.facebook.com\/endoca\" \/>\n<meta property=\"article:modified_time\" content=\"2021-09-06T12:35:50+00:00\" \/>\n<meta property=\"og:image\" content=\"https:\/\/www.endoca.com\/wp-content\/uploads\/2021\/06\/endoca-products.jpg\" \/>\n\t<meta property=\"og:image:width\" content=\"500\" \/>\n\t<meta property=\"og:image:height\" content=\"300\" \/>\n\t<meta property=\"og:image:type\" content=\"image\/jpeg\" \/>\n<meta name=\"twitter:card\" content=\"summary_large_image\" \/>\n<meta name=\"twitter:site\" content=\"@Endocacbdoil\" \/>\n<meta name=\"twitter:label1\" content=\"Tiempo de lectura\" \/>\n\t<meta name=\"twitter:data1\" content=\"1 minuto\" \/>","yoast_head_json":{"title":"\u00danete a nuestra comunidad dedicada | Lee m\u00e1s aqu\u00ed!","description":"Valoramos a nuestra comunidad por encima de todo, y siempre nos sentimos abrumados por la cantidad de personas que quieren sumarse a nosotros.","robots":{"index":"index","follow":"follow","max-snippet":"max-snippet:-1","max-image-preview":"max-image-preview:large","max-video-preview":"max-video-preview:-1"},"canonical":"https:\/\/www.endoca.com\/es\/wp-json\/wp\/v2\/pages\/2991","og_locale":"es_ES","og_type":"article","og_title":"\u00danete a nuestra comunidad dedicada | Lee m\u00e1s aqu\u00ed!","og_description":"Valoramos a nuestra comunidad por encima de todo, y siempre nos sentimos abrumados por la cantidad de personas que quieren sumarse a nosotros.","og_url":"https:\/\/www.endoca.com\/es\/acerca-de-nosotros\/unete-a-nuestra-comunidad","og_site_name":"Endoca\u00a9 CBD","article_publisher":"https:\/\/www.facebook.com\/endoca","article_modified_time":"2021-09-06T12:35:50+00:00","og_image":[{"width":500,"height":300,"url":"https:\/\/www.endoca.com\/wp-content\/uploads\/2021\/06\/endoca-products.jpg","type":"image\/jpeg"}],"twitter_card":"summary_large_image","twitter_site":"@Endocacbdoil","twitter_misc":{"Tiempo de lectura":"1 minuto"},"schema":{"@context":"https:\/\/schema.org","@graph":[{"@type":"WebPage","@id":"https:\/\/www.endoca.com\/es\/acerca-de-nosotros\/unete-a-nuestra-comunidad","url":"https:\/\/www.endoca.com\/es\/acerca-de-nosotros\/unete-a-nuestra-comunidad","name":"\u00danete a nuestra comunidad dedicada | Lee m\u00e1s aqu\u00ed!","isPartOf":{"@id":"https:\/\/www.endoca.com\/#website"},"datePublished":"2017-11-08T10:35:45+00:00","dateModified":"2021-09-06T12:35:50+00:00","description":"Valoramos a nuestra comunidad por encima de todo, y siempre nos sentimos abrumados por la cantidad de personas que quieren sumarse a nosotros.","breadcrumb":{"@id":"https:\/\/www.endoca.com\/es\/acerca-de-nosotros\/unete-a-nuestra-comunidad#breadcrumb"},"inLanguage":"es","potentialAction":[{"@type":"ReadAction","target":["https:\/\/www.endoca.com\/es\/acerca-de-nosotros\/unete-a-nuestra-comunidad"]}]},{"@type":"BreadcrumbList","@id":"https:\/\/www.endoca.com\/es\/acerca-de-nosotros\/unete-a-nuestra-comunidad#breadcrumb","itemListElement":[{"@type":"ListItem","position":1,"name":"Home","item":"https:\/\/www.endoca.com\/es"},{"@type":"ListItem","position":2,"name":"Acerca de nosotros","item":"https:\/\/www.endoca.com\/es\/acerca-de-nosotros"},{"@type":"ListItem","position":3,"name":"\u00danete a nuestra comunidad"}]},{"@type":"WebSite","@id":"https:\/\/www.endoca.com\/#website","url":"https:\/\/www.endoca.com\/","name":"Endoca\u00a9 CBD","description":"Best CBD Oil 100% organic","publisher":{"@id":"https:\/\/www.endoca.com\/#organization"},"potentialAction":[{"@type":"SearchAction","target":{"@type":"EntryPoint","urlTemplate":"https:\/\/www.endoca.com\/?s={search_term_string}"},"query-input":{"@type":"PropertyValueSpecification","valueRequired":true,"valueName":"search_term_string"}}],"inLanguage":"es"},{"@type":"Organization","@id":"https:\/\/www.endoca.com\/#organization","name":"Endoca","url":"https:\/\/www.endoca.com\/","logo":{"@type":"ImageObject","inLanguage":"es","@id":"https:\/\/www.endoca.com\/#\/schema\/logo\/image\/","url":"https:\/\/www.endoca.com\/wp-content\/uploads\/2018\/08\/endoca-logo.png","contentUrl":"https:\/\/www.endoca.com\/wp-content\/uploads\/2018\/08\/endoca-logo.png","width":150,"height":50,"caption":"Endoca"},"image":{"@id":"https:\/\/www.endoca.com\/#\/schema\/logo\/image\/"},"sameAs":["https:\/\/www.facebook.com\/endoca","https:\/\/x.com\/Endocacbdoil","https:\/\/www.instagram.com\/endoca\/","https:\/\/www.youtube.com\/channel\/UCNXwDCTBaa0WPEf1cOUHe9g"]}]}},"_links":{"self":[{"href":"https:\/\/www.endoca.com\/es\/wp-json\/wp\/v2\/pages\/2991","targetHints":{"allow":["GET"]}}],"collection":[{"href":"https:\/\/www.endoca.com\/es\/wp-json\/wp\/v2\/pages"}],"about":[{"href":"https:\/\/www.endoca.com\/es\/wp-json\/wp\/v2\/types\/page"}],"author":[{"embeddable":true,"href":"https:\/\/www.endoca.com\/es\/wp-json\/wp\/v2\/users\/1"}],"replies":[{"embeddable":true,"href":"https:\/\/www.endoca.com\/es\/wp-json\/wp\/v2\/comments?post=2991"}],"version-history":[{"count":0,"href":"https:\/\/www.endoca.com\/es\/wp-json\/wp\/v2\/pages\/2991\/revisions"}],"up":[{"embeddable":true,"href":"https:\/\/www.endoca.com\/es\/wp-json\/wp\/v2\/pages\/2980"}],"wp:attachment":[{"href":"https:\/\/www.endoca.com\/es\/wp-json\/wp\/v2\/media?parent=2991"}],"curies":[{"name":"wp","href":"https:\/\/api.w.org\/{rel}","templated":true}]}}