{"id":2985,"date":"2017-11-08T10:34:53","date_gmt":"2017-11-08T10:34:53","guid":{"rendered":"https:\/\/www.endoca.com\/acerca-de-nosotros\/endoca-lifestyle\/"},"modified":"2021-09-06T12:30:48","modified_gmt":"2021-09-06T12:30:48","slug":"estilo-de-vida-endoca","status":"publish","type":"page","link":"https:\/\/www.endoca.com\/es\/acerca-de-nosotros\/estilo-de-vida-endoca","title":{"rendered":"Estilo de vida Endoca"},"content":{"rendered":"<div id=\"pl-2985\"  class=\"panel-layout\" ><div id=\"pg-2985-0\"  class=\"panel-grid panel-no-style\" ><div id=\"pgc-2985-0-0\"  class=\"panel-grid-cell\" ><div id=\"panel-2985-0-0-0\" class=\"so-panel widget widget_mtt-cover-section panel-first-child panel-last-child\" data-index=\"0\" ><div\n\t\t\t\n\t\t\tclass=\"so-widget-mtt-cover-section so-widget-mtt-cover-section-base\"\n\t\t\t\n\t\t><div class=\"cover-wrapper compact\">\n\t<script type=\"application\/ld+json\">\n\t{\n\t\"@context\": \"http:\/\/schema.org\",\n\t\"@type\": \"BreadcrumbList\",\n\t\"itemListElement\": [\n\t\t\t\t{\n\t\t\"@type\": \"ListItem\",\n\t\t\"position\": 1,\n\t\t\"item\": {\n\t\t\t\"@id\": \"https:\/\/www.endoca.com\/es\",\n\t\t\t\"name\": \"Inicio\"\n\t\t}\n\t\t}\n\t\t\t\t,\n\t\t\t\t\t\t{\n\t\t\"@type\": \"ListItem\",\n\t\t\"position\": 2,\n\t\t\"item\": {\n\t\t\t\"@id\": \"https:\/\/www.endoca.com\/es\/acerca-de-nosotros\",\n\t\t\t\"name\": \"Acerca de nosotros\"\n\t\t}\n\t\t}\n\t\t\t\t,\n\t\t\t\t\t\t{\n\t\t\"@type\": \"ListItem\",\n\t\t\"position\": 3,\n\t\t\"item\": {\n\t\t\t\"@id\": \"https:\/\/www.endoca.com\/es\/acerca-de-nosotros\/estilo-de-vida-endoca\",\n\t\t\t\"name\": \"Estilo de vida Endoca\"\n\t\t}\n\t\t}\n\t\t\t\t\t\t]\n\t}\n<\/script>\n\n<div class=\"new-breadcrumb\">\n\t<ol class=\"breadcrumbs\">\n\t\t\t\t\t<li>\n\t\t\t\t\t\t\t\t\t<a href=\"https:\/\/www.endoca.com\/es\">Inicio<\/a>\n\t\t\t\t\t\t\t<\/li>\n\t\t\t\t\t<li>\n\t\t\t\t\t\t\t\t\t<a href=\"https:\/\/www.endoca.com\/es\/acerca-de-nosotros\">Acerca de nosotros<\/a>\n\t\t\t\t\t\t\t<\/li>\n\t\t\t\t\t<li>\n\t\t\t\t\t\t\t\t\tEstilo de vida Endoca\t\t\t\t\t\t\t<\/li>\n\t\t\t<\/ol>\n<\/div>\n\n\t<!-- Cover content -->\n\t<div class=\"cover-container\">\n\t\t<div class=\"cover-text-wrapper white\">\n\t\t\t<h1>Estilo de vida CBD Endoca<\/h1>\n\t\t\t\t\t<\/div>\n\t\t\t<\/div>\n<\/div>\n\n<!-- Structured data -->\n<\/div><\/div><\/div><\/div><div id=\"pg-2985-1\"  class=\"panel-grid panel-no-style\" ><div id=\"pgc-2985-1-0\"  class=\"panel-grid-cell\" ><div id=\"panel-2985-1-0-0\" class=\"so-panel widget widget_mtt-text-image panel-first-child panel-last-child\" data-index=\"1\" ><div\n\t\t\t\n\t\t\tclass=\"so-widget-mtt-text-image so-widget-mtt-text-image-base\"\n\t\t\t\n\t\t>\n<div class=\"text-image-wrapper\">\n\t<div class=\"text-image-container\">\n\t\t\n\t\t\t\t<div class=\"text-image-section spacing-bottom--big wide-text\">\n\t\t\t\t\t<div class=\"text-image-content-wrap\">\n\t\t\t\t\t\t<div class=\"text-image-content\">\n\t\t\t\t\t\t\t<h2>El aceite de c\u00e1\u00f1amo CBD nos ense\u00f1a c\u00f3mo ser libres y sanos<\/h2>\t\t\t\t\t\t\t<p>La revoluci\u00f3n industrial cambi\u00f3 todo en lo referente a la forma en que vivimos nuestras vidas, desde nuestra medicina hasta nuestra agricultura. Pero la revoluci\u00f3n industrial solo fue el comienzo. S\u00ed, descubrimos c\u00f3mo convertir una monta\u00f1a de carb\u00f3n en electricidad. Pero lo que a\u00fan no hab\u00edamos descubierto era c\u00f3mo evitar que el humo de carb\u00f3n estrangulara las ciudades y las minas para que no mataran a sus mineros. Ahora, tenemos un nuevo desaf\u00edo y una nueva revoluci\u00f3n. El desaf\u00edo es el siguiente, \u00bfc\u00f3mo lidiamos con las consecuencias de nuestras acciones? Por eso, miramos hacia un futuro sostenible, tanto en producci\u00f3n como en consumo. Y as\u00ed como la revoluci\u00f3n industrial transform\u00f3 el mundo, tambi\u00e9n lo har\u00e1 la revoluci\u00f3n verde.<\/p>\n<p>Aqu\u00ed en Endoca, hemos estado a bordo de una revoluci\u00f3n sostenible desde el primer d\u00eda. No estamos interesados en los procesos insostenibles del pasado. Todo lo contrario, queremos avanzar hacia un futuro 100% sostenible.<\/p>\n<p>En las circunstancias actuales, nuestras plantas de c\u00e1\u00f1amo ya son 100% org\u00e1nicas, evitando cualquier producto gen\u00e9ticamente modificado o qu\u00edmico no natural. Tambi\u00e9n hemos comenzado a avanzar hacia nuestro objetivo de sostenibilidad: ya hemos implementado el proceso de captura de part\u00edculas de CO2 ambiente y su reciclaje en un lavado de plantas completamente natural. El lavado con CO2 es una tecnolog\u00eda relativamente nueva, pero la hemos adoptado tanto por su eficacia como por su total falta de contaminantes. Nuestras plantas solo interact\u00faan con lo org\u00e1nico y sostenible para producir el mejor aceite de c\u00e1\u00f1amo de CBD.<\/p>\n<p>Y eso es v\u00e1lido para todo el proceso, no s\u00f3lo para el crecimiento. Desde las semillas que van a la tierra hasta el producto final envasado, nos mantenemos firmes en nuestras ideas. Cortar esquinas en la producci\u00f3n org\u00e1nica puede ahorrar un poco de dinero y un poco de tiempo, pero al final del d\u00eda, es contraproducente. \u00bfPor qu\u00e9 destruir un buen inicio org\u00e1nico s\u00f3lo para usar productos qu\u00edmicos c\u00e1usticos y rellenos artificiales al final? Estamos dedicados a producir un producto completamente org\u00e1nico. Y, por ejemplo, si est\u00e1 tomando extracto de cannabidiol (CBD) para fines m\u00e9dicos, lo \u00faltimo que quiere hacer es poner productos qu\u00edmicos innecesarios en su cuerpo.<\/p>\t\t\t\t\t\t<\/div>\n\t\t\t\t\t<\/div>\n\t\t\t\t\t<div class=\"text-image-img \">\n\t\t\t\t\t\t\n\t\t<picture>\n\t\t\t\n\t\t\t\t\t\t\t\t<source srcset=\"https:\/\/www.endoca.com\/wp-content\/uploads\/2017\/11\/henry-nature@mobile.jpg,\n\t\t\t\t\t\t\thttps:\/\/www.endoca.com\/wp-content\/uploads\/2017\/11\/henry-nature@mobile.jpg 2x\"\n\t\t\t\t\t\tmedia=\"(max-width: 580px)\"\n\t\t\t\t\t\t\t\t\t\t\t>\n\t\t\t\n\t\t\t\t\t\t\t\t<source srcset=\"https:\/\/www.endoca.com\/wp-content\/uploads\/2017\/11\/henry-nature@tablet.jpg,\n\t\t\t\t\t\t\thttps:\/\/www.endoca.com\/wp-content\/uploads\/2017\/11\/henry-nature@tablet.jpg 2x\"\n\t\t\t\t\t\tmedia=\"(max-width: 949px)\"\n\t\t\t\t\t\t\t\t\t\t\t>\n\t\t\t\t\t\t\t\n\t\t\t\t\t\t\t<source\n\t\t\t\t\tsrcset=\"https:\/\/www.endoca.com\/wp-content\/uploads\/2017\/11\/henry-nature.jpg,\n                        https:\/\/www.endoca.com\/wp-content\/uploads\/2017\/11\/henry-nature.jpg 2x\"\n\t\t\t\t\tmedia=\"(max-width: 1920px)\"\n\t\t\t\t\t\t\t\t\t>\n\t\t\t\n\t\t\t\t\t\t\t\t<img decoding=\"async\" src=\"https:\/\/www.endoca.com\/wp-content\/uploads\/2017\/11\/henry-nature.jpg\"\n\t\t\t\t\t\t\t\t\t\t\t\t\twidth=\"600\"\n\t\t\t\t\t\t\theight=\"900\"\n\t\t\t\t\t\t alt='henry with hemp plants'\t\t\t\t\t>\n\t\t\t\t\t\t<\/picture>\n\n\t\t\t\t\t\t\t<\/div>\n\t\t\t\t<\/div>\n\t\t\t\n\t\t\t\t<div class=\"text-image-section reverse spacing-bottom--big wide-text\">\n\t\t\t\t\t<div class=\"text-image-content-wrap\">\n\t\t\t\t\t\t<div class=\"text-image-content\">\n\t\t\t\t\t\t\t<h2>We want to make CBD accessible<\/h2>\t\t\t\t\t\t\t<p>Endoca se esfuerza por ser m\u00e1s que un simple fabricante, sin embargo, nuestro verdadero objetivo es brindar a las personas acceso a una variedad de productos cannabinoides que te ayudar\u00e1n a obtener, o a recuperar, un sentido de equilibrio en tu vida y en tu cuerpo.<br \/> Y en cuanto a nuestros objetivos a largo plazo son igualmente importantes para nosotros, incluso si es necesario que miremos hacia adelante y planeemos por varios a\u00f1os m\u00e1s adelante en el futuro.<\/p>\n<p>Tal vez lo m\u00e1s importante que cualquier tratamiento m\u00e9dico es tu estilo de vida: la forma en la que vives, comes, haces ejercicio e incluso te cepilla los dientes. La mejor manera de efectuar cambios positivos en el estilo de vida es a trav\u00e9s de la educaci\u00f3n. Por eso, en Endoca, nos dedicamos a crear un centro educativo que nos permita compartir todo lo que hemos aprendido sobre el CBD, el cannabis y sus derivados.<\/p>\n<p>M\u00e1s que s\u00f3lo nuestro conocimiento de los productos de cannabis, tambi\u00e9n buscamos educar a nuestros usuarios, clientes y comunidad con las mejores formas de promover un estilo de vida saludable. Muchas cosas, tanto las grandes como las peque\u00f1as, pueden tener profundos efectos en nuestra salud y bienestar general.<\/p>\t\t\t\t\t\t<\/div>\n\t\t\t\t\t<\/div>\n\t\t\t\t\t<div class=\"text-image-img \">\n\t\t\t\t\t\t\n\t\t<picture>\n\t\t\t\n\t\t\t\t\t\t\t\t<source srcset=\"https:\/\/www.endoca.com\/wp-content\/uploads\/2017\/11\/hemp-extract-lady@mobile.jpg,\n\t\t\t\t\t\t\thttps:\/\/www.endoca.com\/wp-content\/uploads\/2017\/11\/hemp-extract-lady@mobile.jpg 2x\"\n\t\t\t\t\t\tmedia=\"(max-width: 580px)\"\n\t\t\t\t\t\t\t\t\t\t\t>\n\t\t\t\n\t\t\t\t\t\t\t\t<source srcset=\"https:\/\/www.endoca.com\/wp-content\/uploads\/2017\/11\/hemp-extract-lady@tablet.jpg,\n\t\t\t\t\t\t\thttps:\/\/www.endoca.com\/wp-content\/uploads\/2017\/11\/hemp-extract-lady@tablet.jpg 2x\"\n\t\t\t\t\t\tmedia=\"(max-width: 949px)\"\n\t\t\t\t\t\t\t\t\t\t\t>\n\t\t\t\t\t\t\t\n\t\t\t\t\t\t\t<source\n\t\t\t\t\tsrcset=\"https:\/\/www.endoca.com\/wp-content\/uploads\/2017\/11\/hemp-extract-lady.jpg,\n                        https:\/\/www.endoca.com\/wp-content\/uploads\/2017\/11\/hemp-extract-lady.jpg 2x\"\n\t\t\t\t\tmedia=\"(max-width: 1920px)\"\n\t\t\t\t\t\t\t\t\t>\n\t\t\t\n\t\t\t\t\t\t\t\t<img decoding=\"async\" src=\"https:\/\/www.endoca.com\/wp-content\/uploads\/2017\/11\/hemp-extract-lady.jpg\"\n\t\t\t\t\t\t\t\t\t\t\t\t\twidth=\"560\"\n\t\t\t\t\t\t\theight=\"650\"\n\t\t\t\t\t\t alt='hemp extract lady'\t\t\t\t\t>\n\t\t\t\t\t\t<\/picture>\n\n\t\t\t\t\t\t\t<\/div>\n\t\t\t\t<\/div>\n\t\t\t\n\t\t\t\t<div class=\"text-image-section spacing-bottom--big wide-text\">\n\t\t\t\t\t<div class=\"text-image-content-wrap\">\n\t\t\t\t\t\t<div class=\"text-image-content\">\n\t\t\t\t\t\t\t<h2>CBD como herramienta para mejorar tu salud<\/h2>\t\t\t\t\t\t\t<p>Adoptar un estilo de vida m\u00e1s saludable requiere un esfuerzo y compromiso a largo plazo: al fin y al cabo, cambiar tu estilo de vida significa, de una forma u otra, cambiar tu vida. Los cannabinoides, espec\u00edficamente el CBD son una herramienta fant\u00e1stica para mejorar tu salud y bienestar, pero no es la panacea. Ninguna cosa cambiar\u00e1 completamente tu estilo de vida: se necesita un gran impulso en todos los aspectos. Hay algunas cosas que puedes hacer hoy que mejorar\u00e1n notablemente:<\/p>\n<p>Come solo alimentos org\u00e1nicos. Los productos preenvasados suelen ser m\u00e1s qu\u00edmicos que los alimentos en la actualidad, e incluso en las frutas y verduras no org\u00e1nicas se han empapado en pesticidas y tratamientos de crecimiento.<\/p>\n<p>C\u00e1mbiate a una pasta de dientes libre de fluoruro: la mayor\u00eda de las pastas dentales hoy en d\u00eda contienen muchos productos qu\u00edmicos extra\u00f1os, colorantes y saborizantes.<br \/>No uses perfume o spray para el cuerpo.<\/p>\n<p>Usa limpiadores naturales para tu ropa. Empapar tu ropa con limpiadores qu\u00edmicos y luego usarlos contra tu piel todo el d\u00eda puede tener un efecto negativo en tu salud.<br \/>No fr\u00edas tu comida. No importa cu\u00e1les sean tus ingredientes: importa c\u00f3mo los prepares.<\/p>\n<p>Probablemente hayas notado que todos los consejos anteriores tienen, en el fondo, el mismo prop\u00f3sito: evitar que qu\u00edmicos extra\u00f1os ingresen en tu cuerpo, ya sea a trav\u00e9s de tus pulmones, a trav\u00e9s de tu est\u00f3mago o a trav\u00e9s de tu piel. Al final del d\u00eda, eso es tal vez lo que sea m\u00e1s importante que debe tomar tu tiempo de Endoca: ten cuidado con lo que le pones a tu cuerpo.<\/p>\t\t\t\t\t\t<\/div>\n\t\t\t\t\t<\/div>\n\t\t\t\t\t<div class=\"text-image-img \">\n\t\t\t\t\t\t\n\t\t<picture>\n\t\t\t\n\t\t\t\t\t\t\t\t<source srcset=\"https:\/\/www.endoca.com\/wp-content\/uploads\/2017\/11\/hemp-oil-food@mobile.jpg,\n\t\t\t\t\t\t\thttps:\/\/www.endoca.com\/wp-content\/uploads\/2017\/11\/hemp-oil-food@mobile.jpg 2x\"\n\t\t\t\t\t\tmedia=\"(max-width: 580px)\"\n\t\t\t\t\t\t\t\t\t\t\t>\n\t\t\t\n\t\t\t\t\t\t\t\t<source srcset=\"https:\/\/www.endoca.com\/wp-content\/uploads\/2017\/11\/hemp-oil-food@tablet.jpg,\n\t\t\t\t\t\t\thttps:\/\/www.endoca.com\/wp-content\/uploads\/2017\/11\/hemp-oil-food@tablet.jpg 2x\"\n\t\t\t\t\t\tmedia=\"(max-width: 949px)\"\n\t\t\t\t\t\t\t\t\t\t\t>\n\t\t\t\t\t\t\t\n\t\t\t\t\t\t\t<source\n\t\t\t\t\tsrcset=\"https:\/\/www.endoca.com\/wp-content\/uploads\/2017\/11\/hemp-oil-food.jpg,\n                        https:\/\/www.endoca.com\/wp-content\/uploads\/2017\/11\/hemp-oil-food.jpg 2x\"\n\t\t\t\t\tmedia=\"(max-width: 1920px)\"\n\t\t\t\t\t\t\t\t\t>\n\t\t\t\n\t\t\t\t\t\t\t\t<img decoding=\"async\" src=\"https:\/\/www.endoca.com\/wp-content\/uploads\/2017\/11\/hemp-oil-food.jpg\"\n\t\t\t\t\t\t\t\t\t\t\t\t\twidth=\"560\"\n\t\t\t\t\t\t\theight=\"800\"\n\t\t\t\t\t\t alt='hemp oil and food'\t\t\t\t\t>\n\t\t\t\t\t\t<\/picture>\n\n\t\t\t\t\t\t\t<\/div>\n\t\t\t\t<\/div>\n\t\t\t\t<\/div>\n<\/div><\/div><\/div><\/div><\/div><\/div>","protected":false},"excerpt":{"rendered":"<p>Inicio Acerca de nosotros Estilo de vida Endoca Estilo de vida CBD Endoca El aceite de c\u00e1\u00f1amo CBD nos ense\u00f1a&#8230;<\/p>\n","protected":false},"author":1,"featured_media":0,"parent":2980,"menu_order":0,"comment_status":"closed","ping_status":"closed","template":"","meta":{"_acf_changed":false,"footnotes":""},"class_list":["post-2985","page","type-page","status-publish","hentry"],"acf":[],"yoast_head":"<title>Estilo de vida Endoca | Una vida m\u00e1s libre y saludable<\/title>\n<meta name=\"description\" content=\"No estamos interesados en los procesos insostenibles del pasado. Todo lo contrario, queremos avanzar hacia un futuro 100% sostenible con nuestros aceites.\" \/>\n<meta name=\"robots\" content=\"index, follow, max-snippet:-1, max-image-preview:large, max-video-preview:-1\" \/>\n<link rel=\"canonical\" href=\"https:\/\/www.endoca.com\/es\/wp-json\/wp\/v2\/pages\/2985\" \/>\n<meta property=\"og:locale\" content=\"es_ES\" \/>\n<meta property=\"og:type\" content=\"article\" \/>\n<meta property=\"og:title\" content=\"Estilo de vida Endoca | Una vida m\u00e1s libre y saludable\" \/>\n<meta property=\"og:description\" content=\"No estamos interesados en los procesos insostenibles del pasado. Todo lo contrario, queremos avanzar hacia un futuro 100% sostenible con nuestros aceites.\" \/>\n<meta property=\"og:url\" content=\"https:\/\/www.endoca.com\/es\/acerca-de-nosotros\/estilo-de-vida-endoca\" \/>\n<meta property=\"og:site_name\" content=\"Endoca\u00a9 CBD\" \/>\n<meta property=\"article:publisher\" content=\"https:\/\/www.facebook.com\/endoca\" \/>\n<meta property=\"article:modified_time\" content=\"2021-09-06T12:30:48+00:00\" \/>\n<meta property=\"og:image\" content=\"https:\/\/www.endoca.com\/wp-content\/uploads\/2017\/11\/hemp-oil-food@tablet.jpg\" \/>\n\t<meta property=\"og:image:width\" content=\"700\" \/>\n\t<meta property=\"og:image:height\" content=\"400\" \/>\n\t<meta property=\"og:image:type\" content=\"image\/jpeg\" \/>\n<meta name=\"twitter:card\" content=\"summary_large_image\" \/>\n<meta name=\"twitter:image\" content=\"https:\/\/www.endoca.com\/wp-content\/uploads\/2017\/11\/hemp-oil-food@tablet.jpg\" \/>\n<meta name=\"twitter:site\" content=\"@Endocacbdoil\" \/>\n<meta name=\"twitter:label1\" content=\"Tiempo de lectura\" \/>\n\t<meta name=\"twitter:data1\" content=\"1 minuto\" \/>","yoast_head_json":{"title":"Estilo de vida Endoca | Una vida m\u00e1s libre y saludable","description":"No estamos interesados en los procesos insostenibles del pasado. Todo lo contrario, queremos avanzar hacia un futuro 100% sostenible con nuestros aceites.","robots":{"index":"index","follow":"follow","max-snippet":"max-snippet:-1","max-image-preview":"max-image-preview:large","max-video-preview":"max-video-preview:-1"},"canonical":"https:\/\/www.endoca.com\/es\/wp-json\/wp\/v2\/pages\/2985","og_locale":"es_ES","og_type":"article","og_title":"Estilo de vida Endoca | Una vida m\u00e1s libre y saludable","og_description":"No estamos interesados en los procesos insostenibles del pasado. Todo lo contrario, queremos avanzar hacia un futuro 100% sostenible con nuestros aceites.","og_url":"https:\/\/www.endoca.com\/es\/acerca-de-nosotros\/estilo-de-vida-endoca","og_site_name":"Endoca\u00a9 CBD","article_publisher":"https:\/\/www.facebook.com\/endoca","article_modified_time":"2021-09-06T12:30:48+00:00","og_image":[{"width":700,"height":400,"url":"https:\/\/www.endoca.com\/wp-content\/uploads\/2017\/11\/hemp-oil-food@tablet.jpg","type":"image\/jpeg"}],"twitter_card":"summary_large_image","twitter_image":"https:\/\/www.endoca.com\/wp-content\/uploads\/2017\/11\/hemp-oil-food@tablet.jpg","twitter_site":"@Endocacbdoil","twitter_misc":{"Tiempo de lectura":"1 minuto"},"schema":{"@context":"https:\/\/schema.org","@graph":[{"@type":"WebPage","@id":"https:\/\/www.endoca.com\/es\/acerca-de-nosotros\/estilo-de-vida-endoca","url":"https:\/\/www.endoca.com\/es\/acerca-de-nosotros\/estilo-de-vida-endoca","name":"Estilo de vida Endoca | Una vida m\u00e1s libre y saludable","isPartOf":{"@id":"https:\/\/www.endoca.com\/#website"},"datePublished":"2017-11-08T10:34:53+00:00","dateModified":"2021-09-06T12:30:48+00:00","description":"No estamos interesados en los procesos insostenibles del pasado. Todo lo contrario, queremos avanzar hacia un futuro 100% sostenible con nuestros aceites.","breadcrumb":{"@id":"https:\/\/www.endoca.com\/es\/acerca-de-nosotros\/estilo-de-vida-endoca#breadcrumb"},"inLanguage":"es","potentialAction":[{"@type":"ReadAction","target":["https:\/\/www.endoca.com\/es\/acerca-de-nosotros\/estilo-de-vida-endoca"]}]},{"@type":"BreadcrumbList","@id":"https:\/\/www.endoca.com\/es\/acerca-de-nosotros\/estilo-de-vida-endoca#breadcrumb","itemListElement":[{"@type":"ListItem","position":1,"name":"Home","item":"https:\/\/www.endoca.com\/es"},{"@type":"ListItem","position":2,"name":"Acerca de nosotros","item":"https:\/\/www.endoca.com\/es\/acerca-de-nosotros"},{"@type":"ListItem","position":3,"name":"Estilo de vida Endoca"}]},{"@type":"WebSite","@id":"https:\/\/www.endoca.com\/#website","url":"https:\/\/www.endoca.com\/","name":"Endoca\u00a9 CBD","description":"Best CBD Oil 100% organic","publisher":{"@id":"https:\/\/www.endoca.com\/#organization"},"potentialAction":[{"@type":"SearchAction","target":{"@type":"EntryPoint","urlTemplate":"https:\/\/www.endoca.com\/?s={search_term_string}"},"query-input":{"@type":"PropertyValueSpecification","valueRequired":true,"valueName":"search_term_string"}}],"inLanguage":"es"},{"@type":"Organization","@id":"https:\/\/www.endoca.com\/#organization","name":"Endoca","url":"https:\/\/www.endoca.com\/","logo":{"@type":"ImageObject","inLanguage":"es","@id":"https:\/\/www.endoca.com\/#\/schema\/logo\/image\/","url":"https:\/\/www.endoca.com\/wp-content\/uploads\/2018\/08\/endoca-logo.png","contentUrl":"https:\/\/www.endoca.com\/wp-content\/uploads\/2018\/08\/endoca-logo.png","width":150,"height":50,"caption":"Endoca"},"image":{"@id":"https:\/\/www.endoca.com\/#\/schema\/logo\/image\/"},"sameAs":["https:\/\/www.facebook.com\/endoca","https:\/\/x.com\/Endocacbdoil","https:\/\/www.instagram.com\/endoca\/","https:\/\/www.youtube.com\/channel\/UCNXwDCTBaa0WPEf1cOUHe9g"]}]}},"_links":{"self":[{"href":"https:\/\/www.endoca.com\/es\/wp-json\/wp\/v2\/pages\/2985","targetHints":{"allow":["GET"]}}],"collection":[{"href":"https:\/\/www.endoca.com\/es\/wp-json\/wp\/v2\/pages"}],"about":[{"href":"https:\/\/www.endoca.com\/es\/wp-json\/wp\/v2\/types\/page"}],"author":[{"embeddable":true,"href":"https:\/\/www.endoca.com\/es\/wp-json\/wp\/v2\/users\/1"}],"replies":[{"embeddable":true,"href":"https:\/\/www.endoca.com\/es\/wp-json\/wp\/v2\/comments?post=2985"}],"version-history":[{"count":0,"href":"https:\/\/www.endoca.com\/es\/wp-json\/wp\/v2\/pages\/2985\/revisions"}],"up":[{"embeddable":true,"href":"https:\/\/www.endoca.com\/es\/wp-json\/wp\/v2\/pages\/2980"}],"wp:attachment":[{"href":"https:\/\/www.endoca.com\/es\/wp-json\/wp\/v2\/media?parent=2985"}],"curies":[{"name":"wp","href":"https:\/\/api.w.org\/{rel}","templated":true}]}}