{"id":2980,"date":"2017-11-08T10:12:42","date_gmt":"2017-11-08T10:12:42","guid":{"rendered":"https:\/\/www.endoca.com\/about-us\/"},"modified":"2023-01-03T11:31:19","modified_gmt":"2023-01-03T11:31:19","slug":"acerca-de-nosotros","status":"publish","type":"page","link":"https:\/\/www.endoca.com\/es\/acerca-de-nosotros","title":{"rendered":"Acerca de nosotros"},"content":{"rendered":"<div id=\"pl-2980\"  class=\"panel-layout\" ><div id=\"pg-2980-0\"  class=\"panel-grid panel-no-style\" ><div id=\"pgc-2980-0-0\"  class=\"panel-grid-cell\" ><div id=\"panel-2980-0-0-0\" class=\"so-panel widget widget_mtt-cover-section panel-first-child panel-last-child\" data-index=\"0\" ><div\n\t\t\t\n\t\t\tclass=\"so-widget-mtt-cover-section so-widget-mtt-cover-section-base\"\n\t\t\t\n\t\t><div class=\"cover-wrapper compact\">\n\t<script type=\"application\/ld+json\">\n\t{\n\t\"@context\": \"http:\/\/schema.org\",\n\t\"@type\": \"BreadcrumbList\",\n\t\"itemListElement\": [\n\t\t\t\t{\n\t\t\"@type\": \"ListItem\",\n\t\t\"position\": 1,\n\t\t\"item\": {\n\t\t\t\"@id\": \"https:\/\/www.endoca.com\/es\",\n\t\t\t\"name\": \"Inicio\"\n\t\t}\n\t\t}\n\t\t\t\t,\n\t\t\t\t\t\t{\n\t\t\"@type\": \"ListItem\",\n\t\t\"position\": 2,\n\t\t\"item\": {\n\t\t\t\"@id\": \"https:\/\/www.endoca.com\/es\/acerca-de-nosotros\",\n\t\t\t\"name\": \"Acerca de nosotros\"\n\t\t}\n\t\t}\n\t\t\t\t\t\t]\n\t}\n<\/script>\n\n<div class=\"new-breadcrumb\">\n\t<ol class=\"breadcrumbs\">\n\t\t\t\t\t<li>\n\t\t\t\t\t\t\t\t\t<a href=\"https:\/\/www.endoca.com\/es\">Inicio<\/a>\n\t\t\t\t\t\t\t<\/li>\n\t\t\t\t\t<li>\n\t\t\t\t\t\t\t\t\tAcerca de nosotros\t\t\t\t\t\t\t<\/li>\n\t\t\t<\/ol>\n<\/div>\n\n\t<!-- Cover content -->\n\t<div class=\"cover-container\">\n\t\t<div class=\"cover-text-wrapper white\">\n\t\t\t<h1>Acerca de Endoca &amp; el aceite de CBD<\/h1>\n\t\t\t\t\t<\/div>\n\t\t\t<\/div>\n<\/div>\n\n<!-- Structured data -->\n<\/div><\/div><\/div><\/div><div id=\"pg-2980-1\"  class=\"panel-grid panel-no-style\" ><div id=\"pgc-2980-1-0\"  class=\"panel-grid-cell\" ><div id=\"panel-2980-1-0-0\" class=\"so-panel widget widget_mtt-text-image panel-first-child panel-last-child\" data-index=\"1\" ><div\n\t\t\t\n\t\t\tclass=\"so-widget-mtt-text-image so-widget-mtt-text-image-base\"\n\t\t\t\n\t\t>\n<div class=\"text-image-wrapper\">\n\t<div class=\"text-image-container\">\n\t\t\n\t\t\t\t<div class=\"text-image-section fixed-height spacing-bottom \">\n\t\t\t\t\t<div class=\"text-image-content-wrap\">\n\t\t\t\t\t\t<div class=\"text-image-content\">\n\t\t\t\t\t\t\t<h2>Expertos de aceite de CBD<\/h2>\t\t\t\t\t\t\t<p>En Endoca\u00a9, nuestro objetivo principal es investigar y desarrollar extractos innovadores de cannabis y alimentos basados en el c\u00e1\u00f1amo que pueden ayudar a equilibrar el sistema endocannabinoide humano haci\u00e9ndolos accesibles para todo el mundo. Creemos que al dirigirnos al sistema endocannabinoide humano podemos ayudar a muchas personas en este planeta a restablecer su equilibrio interno.<\/p>\n<p>Nos dedicamos a producir <strong>productos de c\u00e1\u00f1amo de la pureza y calidad m\u00e1s altas<\/strong>, como el <strong>aceite de CBD<\/strong>, sin poner en peligro la calidad. Endoca tambi\u00e9n produce otros cannabinoides, ya que existen m\u00e1s de 80 tipos diferentes en la naturaleza.<\/p>\n\t\t\t\t\t\t<\/div>\n\t\t\t\t\t<\/div>\n\t\t\t\t\t<div class=\"text-image-img \">\n\t\t\t\t\t\t\n\t\t<picture>\n\t\t\t\n\t\t\t\t\t\t\t\t<source srcset=\"https:\/\/www.endoca.com\/wp-content\/uploads\/2017\/11\/cbd-product-line@mobile.jpg,\n\t\t\t\t\t\t\thttps:\/\/www.endoca.com\/wp-content\/uploads\/2017\/11\/cbd-product-line@mobile.jpg 2x\"\n\t\t\t\t\t\tmedia=\"(max-width: 580px)\"\n\t\t\t\t\t\t\t\t\t\t\t>\n\t\t\t\n\t\t\t\t\t\t\n\t\t\t\t\t\t\t<source\n\t\t\t\t\tsrcset=\"https:\/\/www.endoca.com\/wp-content\/uploads\/2017\/11\/cbd-product-line.jpg,\n                        https:\/\/www.endoca.com\/wp-content\/uploads\/2017\/11\/cbd-product-line.jpg 2x\"\n\t\t\t\t\tmedia=\"(max-width: 1920px)\"\n\t\t\t\t\t\t\t\t\t>\n\t\t\t\n\t\t\t\t\t\t\t\t<img decoding=\"async\" src=\"https:\/\/www.endoca.com\/wp-content\/uploads\/2017\/11\/cbd-product-line.jpg\"\n\t\t\t\t\t\t\t\t\t\t\t\t\twidth=\"700\"\n\t\t\t\t\t\t\theight=\"500\"\n\t\t\t\t\t\t alt='productos de cannabis'\t\t\t\t\t>\n\t\t\t\t\t\t<\/picture>\n\n\t\t\t\t\t\t\t<\/div>\n\t\t\t\t<\/div>\n\t\t\t\n\t\t\t\t<div class=\"text-image-section reverse fixed-height spacing-bottom \">\n\t\t\t\t\t<div class=\"text-image-content-wrap\">\n\t\t\t\t\t\t<div class=\"text-image-content\">\n\t\t\t\t\t\t\t<h2>Historia de los extractos de aceite de CBD<\/h2>\t\t\t\t\t\t\t<p>Henry Vincenty ha viajando por el mundo durante d\u00e9cadas en busca de medicamentos org\u00e1nicos adecuados. Despu\u00e9s de d\u00e9cadas de investigaci\u00f3n, descubri\u00f3 que <strong>el c\u00e1\u00f1amo funcionaba como una cura para muchas dolencias comunes<\/strong>. Con una formaci\u00f3n en ciencias, Henry Vincenty, el fundador de Endoca, utiliz\u00f3 sus conocimientos para extraer el aceite de la planta de c\u00e1\u00f1amo.<\/p>\n<p>La familia Vincenty tiene una larga tradici\u00f3n en el cultivo del c\u00e1\u00f1amo y ha producido el mejor aceite de c\u00e1\u00f1amo del mundo.<\/p>\n<p>El c\u00e1\u00f1amo, tambi\u00e9n conocido como c\u00e1\u00f1amo industrial, es <strong>una cepa de la planta del cannabis que contiene bajos niveles de <a href=\"https:\/\/www.endoca.com\/es\/acerca-del-cbd\/cbd-thc\">\u00e1cido tetrahidrocannabin\u00f3lico (THCa)<\/a><\/strong>. La planta de c\u00e1\u00f1amo ha sido cosechada por sus fibras y semillas, ya que fue domesticada como cultivo hace 10.000 a\u00f1os. Es una de las primeras plantas cultivadas por el hombre.<\/p>\n\t\t\t\t\t\t<\/div>\n\t\t\t\t\t<\/div>\n\t\t\t\t\t<div class=\"text-image-img \">\n\t\t\t\t\t\t\n\t\t<picture>\n\t\t\t\n\t\t\t\t\t\t\t\t<source srcset=\"https:\/\/www.endoca.com\/wp-content\/uploads\/2017\/11\/village-portrait-henry@mobile.jpg,\n\t\t\t\t\t\t\thttps:\/\/www.endoca.com\/wp-content\/uploads\/2017\/11\/village-portrait-henry@mobile.jpg 2x\"\n\t\t\t\t\t\tmedia=\"(max-width: 580px)\"\n\t\t\t\t\t\t\t\t\t\t\t>\n\t\t\t\n\t\t\t\t\t\t\t\t<source srcset=\"https:\/\/www.endoca.com\/wp-content\/uploads\/2017\/11\/village-portrait-henry@tablet.jpg,\n\t\t\t\t\t\t\thttps:\/\/www.endoca.com\/wp-content\/uploads\/2017\/11\/village-portrait-henry@tablet.jpg 2x\"\n\t\t\t\t\t\tmedia=\"(max-width: 949px)\"\n\t\t\t\t\t\t\t\t\t\t\t>\n\t\t\t\t\t\t\t\n\t\t\t\t\t\t\t<source\n\t\t\t\t\tsrcset=\"https:\/\/www.endoca.com\/wp-content\/uploads\/2017\/11\/village-portrait-henry.jpg,\n                        https:\/\/www.endoca.com\/wp-content\/uploads\/2017\/11\/village-portrait-henry.jpg 2x\"\n\t\t\t\t\tmedia=\"(max-width: 1920px)\"\n\t\t\t\t\t\t\t\t\t>\n\t\t\t\n\t\t\t\t\t\t\t\t<img decoding=\"async\" src=\"https:\/\/www.endoca.com\/wp-content\/uploads\/2017\/11\/village-portrait-henry.jpg\"\n\t\t\t\t\t\t\t\t\t\t\t\t\twidth=\"700\"\n\t\t\t\t\t\t\theight=\"600\"\n\t\t\t\t\t\t alt='henry portrait in village'\t\t\t\t\t>\n\t\t\t\t\t\t<\/picture>\n\n\t\t\t\t\t\t\t<\/div>\n\t\t\t\t<\/div>\n\t\t\t\t<\/div>\n<\/div><\/div><\/div><\/div><\/div><div id=\"pg-2980-2\"  class=\"panel-grid panel-no-style\" ><div id=\"pgc-2980-2-0\"  class=\"panel-grid-cell\" ><div id=\"panel-2980-2-0-0\" class=\"so-panel widget widget_mtt-text-paper panel-first-child panel-last-child\" data-index=\"2\" ><div\n\t\t\t\n\t\t\tclass=\"so-widget-mtt-text-paper so-widget-mtt-text-paper-base\"\n\t\t\t\n\t\t><div class=\"text-paper-wrapper\">\n\t<div class=\"text-paper-container\">\n\t\t<div class=\"text-paper\">\n\t\t\t\t\t\t\t<h2>S\u00e9 el cambio que deseas ver en este mundo<\/h2>\n\t\t\t\t\t\t\t\t\t\t\t\t\t<div class=\"text-section\">\n\t\t\t\t\t<h2>Misi\u00f3n<\/h2>\n\t\t\t\t\t<p>Endoca siempre ha cre\u00eddo que para hacer del mundo un lugar mejor, tenemos que predicar con el ejemplo. En Endoca, nuestra misi\u00f3n es demostrar que la humanidad puede vivir en equilibrio sin tener que envenenarnos a nosotros mismos y al mundo que nos rodea.<\/p>\n\t\t\t\t<\/div>\n\t\t\t\t\t\t\t<div class=\"text-section\">\n\t\t\t\t\t<h2>En la pr\u00e1ctica<\/h2>\n\t\t\t\t\t<p>Endoca fabrica <strong>productos de plantas de cannabis org\u00e1nico<\/strong> (c\u00e1\u00f1amo) certificadas y cultivadas sin herbicidas ni pesticidas. Tenemos nuestro propio banco de semillas y nuestro programa de reproducci\u00f3n y cultivo, no solo cultivamos las plantas nosotros mismos sino que tambi\u00e9n <strong>cosechamos y procesamos nuestro c\u00e1\u00f1amo bajo los estrictos programas de control de calidad de Endoca<\/strong>. Adem\u00e1s de eso, usamos equipos que hemos construido nosotros mismos, ya que el c\u00e1\u00f1amo ha sido olvidado durante mucho tiempo y todo ha tenido que reinventarse.<\/p>\n<p>Ser muy amable con el medio ambiente es extremadamente importante para nosotros, por consiguiente, nuestros recolectores utilizan aceite residual de la industria alimentaria. Nuestros m\u00e9todos de producci\u00f3n tambi\u00e9n son limpios ya que usamos el CO2 del aire que respiramos y no requerimos el uso de productos qu\u00edmicos o disolventes.<\/p>\n<p>Esto nos permite alcanzar un nivel excepcionalmente alto de pureza en nuestros aceites de c\u00e1\u00f1amo.<\/p>\n<p>Tu salud y la salud del medio ambiente son nuestras primeras prioridades. Todo lo que sobra de la producci\u00f3n lo usamos como alimento para el ganado, ya que contiene<strong> peque\u00f1as cantidades de CBD<\/strong> y reduce la necesidad del uso de antibi\u00f3ticos. Cualquier residuo que no podamos utilizar se convierte en biog\u00e1s, que puede usarse para producir electricidad o calefacci\u00f3n.<\/p>\n<p>Estamos trabajando arduamente en el establecimiento de un pueblo sostenible que rodee nuestro sitio de fabricaci\u00f3n que sea 100% sostenible e independiente, un lugar donde se cultiven alimentos org\u00e1nicos y todo lo que necesitemos se produzca en el pueblo. Vamos m\u00e1s all\u00e1 de simplemente ser \u201corg\u00e1nicos\u201d: se est\u00e1n implementando principios reales de permacultura para garantizar la m\u00e1xima sostenibilidad.<\/p>\n<p>Actualmente estamos desarrollando nuestro propio empaquetado utilizando fibras de c\u00e1\u00f1amo para reducir la contaminaci\u00f3n causada por el papel y los procesos de producci\u00f3n de pl\u00e1stico. Las tintas y los tintes que utilizamos ser\u00e1n asimismo productos completamente naturales.<\/p>\n<p>Nuestro siguiente gran paso ser\u00e1 el uso de la energ\u00eda solar como fuente sostenible de electricidad para nuestras instalaciones. Queremos demostrar que las pr\u00e1cticas 100% sostenibles funcionan, y queremos que te unas a nosotros en nuestra b\u00fasqueda para hacer del mundo un lugar m\u00e1s saludable.<\/p>\n\t\t\t\t<\/div>\n\t\t\t\t\t<\/div>\n\t<\/div>\n<\/div><\/div><\/div><\/div><\/div><\/div>","protected":false},"excerpt":{"rendered":"<p>Inicio Acerca de nosotros Acerca de Endoca &amp; el aceite de CBD Expertos de aceite de CBD En Endoca\u00a9, nuestro&#8230;<\/p>\n","protected":false},"author":1,"featured_media":194643,"parent":0,"menu_order":0,"comment_status":"closed","ping_status":"closed","template":"","meta":{"_acf_changed":false,"footnotes":""},"class_list":["post-2980","page","type-page","status-publish","has-post-thumbnail","hentry"],"acf":[],"yoast_head":"<title>Acerca de nosotros | Somos expertos en Aceite de CBD<\/title>\n<meta name=\"description\" content=\"Creemos que al dirigirnos al sistema endocannabinoide humano podemos ayudar a muchas personas en este planeta a restablecer su equilibrio interno.\" \/>\n<meta name=\"robots\" content=\"index, follow, max-snippet:-1, max-image-preview:large, max-video-preview:-1\" \/>\n<link rel=\"canonical\" href=\"https:\/\/www.endoca.com\/es\/wp-json\/wp\/v2\/pages\/2980\" \/>\n<meta property=\"og:locale\" content=\"es_ES\" \/>\n<meta property=\"og:type\" content=\"article\" \/>\n<meta property=\"og:title\" content=\"Acerca de nosotros | Somos expertos en Aceite de CBD\" \/>\n<meta property=\"og:description\" content=\"Creemos que al dirigirnos al sistema endocannabinoide humano podemos ayudar a muchas personas en este planeta a restablecer su equilibrio interno.\" \/>\n<meta property=\"og:url\" content=\"https:\/\/www.endoca.com\/es\/acerca-de-nosotros\" \/>\n<meta property=\"og:site_name\" content=\"Endoca\u00a9 CBD\" \/>\n<meta property=\"article:publisher\" content=\"https:\/\/www.facebook.com\/endoca\" \/>\n<meta property=\"article:modified_time\" content=\"2023-01-03T11:31:19+00:00\" \/>\n<meta property=\"og:image\" content=\"https:\/\/www.endoca.com\/wp-content\/uploads\/2017\/11\/village-portrait-henry.jpg\" \/>\n\t<meta property=\"og:image:width\" content=\"700\" \/>\n\t<meta property=\"og:image:height\" content=\"600\" \/>\n\t<meta property=\"og:image:type\" content=\"image\/jpeg\" \/>\n<meta name=\"twitter:card\" content=\"summary_large_image\" \/>\n<meta name=\"twitter:image\" content=\"https:\/\/www.endoca.com\/wp-content\/uploads\/2017\/11\/village-portrait-henry@mobile.jpg\" \/>\n<meta name=\"twitter:site\" content=\"@Endocacbdoil\" \/>\n<meta name=\"twitter:label1\" content=\"Tiempo de lectura\" \/>\n\t<meta name=\"twitter:data1\" content=\"1 minuto\" \/>","yoast_head_json":{"title":"Acerca de nosotros | Somos expertos en Aceite de CBD","description":"Creemos que al dirigirnos al sistema endocannabinoide humano podemos ayudar a muchas personas en este planeta a restablecer su equilibrio interno.","robots":{"index":"index","follow":"follow","max-snippet":"max-snippet:-1","max-image-preview":"max-image-preview:large","max-video-preview":"max-video-preview:-1"},"canonical":"https:\/\/www.endoca.com\/es\/wp-json\/wp\/v2\/pages\/2980","og_locale":"es_ES","og_type":"article","og_title":"Acerca de nosotros | Somos expertos en Aceite de CBD","og_description":"Creemos que al dirigirnos al sistema endocannabinoide humano podemos ayudar a muchas personas en este planeta a restablecer su equilibrio interno.","og_url":"https:\/\/www.endoca.com\/es\/acerca-de-nosotros","og_site_name":"Endoca\u00a9 CBD","article_publisher":"https:\/\/www.facebook.com\/endoca","article_modified_time":"2023-01-03T11:31:19+00:00","og_image":[{"width":700,"height":600,"url":"https:\/\/www.endoca.com\/wp-content\/uploads\/2017\/11\/village-portrait-henry.jpg","type":"image\/jpeg"}],"twitter_card":"summary_large_image","twitter_image":"https:\/\/www.endoca.com\/wp-content\/uploads\/2017\/11\/village-portrait-henry@mobile.jpg","twitter_site":"@Endocacbdoil","twitter_misc":{"Tiempo de lectura":"1 minuto"},"schema":{"@context":"https:\/\/schema.org","@graph":[{"@type":"WebPage","@id":"https:\/\/www.endoca.com\/es\/acerca-de-nosotros","url":"https:\/\/www.endoca.com\/es\/acerca-de-nosotros","name":"Acerca de nosotros | Somos expertos en Aceite de CBD","isPartOf":{"@id":"https:\/\/www.endoca.com\/#website"},"primaryImageOfPage":{"@id":"https:\/\/www.endoca.com\/es\/acerca-de-nosotros#primaryimage"},"image":{"@id":"https:\/\/www.endoca.com\/es\/acerca-de-nosotros#primaryimage"},"thumbnailUrl":"https:\/\/www.endoca.com\/wp-content\/uploads\/2020\/03\/239A3019.jpg","datePublished":"2017-11-08T10:12:42+00:00","dateModified":"2023-01-03T11:31:19+00:00","description":"Creemos que al dirigirnos al sistema endocannabinoide humano podemos ayudar a muchas personas en este planeta a restablecer su equilibrio interno.","breadcrumb":{"@id":"https:\/\/www.endoca.com\/es\/acerca-de-nosotros#breadcrumb"},"inLanguage":"es","potentialAction":[{"@type":"ReadAction","target":["https:\/\/www.endoca.com\/es\/acerca-de-nosotros"]}]},{"@type":"ImageObject","inLanguage":"es","@id":"https:\/\/www.endoca.com\/es\/acerca-de-nosotros#primaryimage","url":"https:\/\/www.endoca.com\/wp-content\/uploads\/2020\/03\/239A3019.jpg","contentUrl":"https:\/\/www.endoca.com\/wp-content\/uploads\/2020\/03\/239A3019.jpg","width":1100,"height":1100,"caption":"Endoca CBD oil 3%"},{"@type":"BreadcrumbList","@id":"https:\/\/www.endoca.com\/es\/acerca-de-nosotros#breadcrumb","itemListElement":[{"@type":"ListItem","position":1,"name":"Home","item":"https:\/\/www.endoca.com\/es"},{"@type":"ListItem","position":2,"name":"Acerca de nosotros"}]},{"@type":"WebSite","@id":"https:\/\/www.endoca.com\/#website","url":"https:\/\/www.endoca.com\/","name":"Endoca\u00a9 CBD","description":"Best CBD Oil 100% organic","publisher":{"@id":"https:\/\/www.endoca.com\/#organization"},"potentialAction":[{"@type":"SearchAction","target":{"@type":"EntryPoint","urlTemplate":"https:\/\/www.endoca.com\/?s={search_term_string}"},"query-input":{"@type":"PropertyValueSpecification","valueRequired":true,"valueName":"search_term_string"}}],"inLanguage":"es"},{"@type":"Organization","@id":"https:\/\/www.endoca.com\/#organization","name":"Endoca","url":"https:\/\/www.endoca.com\/","logo":{"@type":"ImageObject","inLanguage":"es","@id":"https:\/\/www.endoca.com\/#\/schema\/logo\/image\/","url":"https:\/\/www.endoca.com\/wp-content\/uploads\/2018\/08\/endoca-logo.png","contentUrl":"https:\/\/www.endoca.com\/wp-content\/uploads\/2018\/08\/endoca-logo.png","width":150,"height":50,"caption":"Endoca"},"image":{"@id":"https:\/\/www.endoca.com\/#\/schema\/logo\/image\/"},"sameAs":["https:\/\/www.facebook.com\/endoca","https:\/\/x.com\/Endocacbdoil","https:\/\/www.instagram.com\/endoca\/","https:\/\/www.youtube.com\/channel\/UCNXwDCTBaa0WPEf1cOUHe9g"]}]}},"_links":{"self":[{"href":"https:\/\/www.endoca.com\/es\/wp-json\/wp\/v2\/pages\/2980","targetHints":{"allow":["GET"]}}],"collection":[{"href":"https:\/\/www.endoca.com\/es\/wp-json\/wp\/v2\/pages"}],"about":[{"href":"https:\/\/www.endoca.com\/es\/wp-json\/wp\/v2\/types\/page"}],"author":[{"embeddable":true,"href":"https:\/\/www.endoca.com\/es\/wp-json\/wp\/v2\/users\/1"}],"replies":[{"embeddable":true,"href":"https:\/\/www.endoca.com\/es\/wp-json\/wp\/v2\/comments?post=2980"}],"version-history":[{"count":0,"href":"https:\/\/www.endoca.com\/es\/wp-json\/wp\/v2\/pages\/2980\/revisions"}],"wp:featuredmedia":[{"embeddable":true,"href":"https:\/\/www.endoca.com\/es\/wp-json\/wp\/v2\/media\/194643"}],"wp:attachment":[{"href":"https:\/\/www.endoca.com\/es\/wp-json\/wp\/v2\/media?parent=2980"}],"curies":[{"name":"wp","href":"https:\/\/api.w.org\/{rel}","templated":true}]}}