{"id":2093,"date":"2017-11-16T13:41:16","date_gmt":"2017-11-16T13:41:16","guid":{"rendered":"https:\/\/www.endoca.com\/about-cbd\/cbd-oil-production\/"},"modified":"2021-09-06T12:15:54","modified_gmt":"2021-09-06T12:15:54","slug":"la-produccion-del-aceite-de-cbd","status":"publish","type":"page","link":"https:\/\/www.endoca.com\/es\/acerca-del-cbd\/la-produccion-del-aceite-de-cbd","title":{"rendered":"La producci\u00f3n del CBD"},"content":{"rendered":"<div id=\"pl-2093\"  class=\"panel-layout\" ><div id=\"pg-2093-0\"  class=\"panel-grid panel-no-style\" ><div id=\"pgc-2093-0-0\"  class=\"panel-grid-cell\" ><div id=\"panel-2093-0-0-0\" class=\"so-panel widget widget_mtt-cover-section panel-first-child panel-last-child\" data-index=\"0\" ><div\n\t\t\t\n\t\t\tclass=\"so-widget-mtt-cover-section so-widget-mtt-cover-section-base\"\n\t\t\t\n\t\t><div class=\"cover-wrapper compact\">\n\t<script type=\"application\/ld+json\">\n\t{\n\t\"@context\": \"http:\/\/schema.org\",\n\t\"@type\": \"BreadcrumbList\",\n\t\"itemListElement\": [\n\t\t\t\t{\n\t\t\"@type\": \"ListItem\",\n\t\t\"position\": 1,\n\t\t\"item\": {\n\t\t\t\"@id\": \"https:\/\/www.endoca.com\/es\",\n\t\t\t\"name\": \"Inicio\"\n\t\t}\n\t\t}\n\t\t\t\t,\n\t\t\t\t\t\t{\n\t\t\"@type\": \"ListItem\",\n\t\t\"position\": 2,\n\t\t\"item\": {\n\t\t\t\"@id\": \"https:\/\/www.endoca.com\/es\/acerca-del-cbd\",\n\t\t\t\"name\": \"Acerca del CBD\"\n\t\t}\n\t\t}\n\t\t\t\t,\n\t\t\t\t\t\t{\n\t\t\"@type\": \"ListItem\",\n\t\t\"position\": 3,\n\t\t\"item\": {\n\t\t\t\"@id\": \"https:\/\/www.endoca.com\/es\/acerca-del-cbd\/la-produccion-del-aceite-de-cbd\",\n\t\t\t\"name\": \"La producci\u00f3n del CBD\"\n\t\t}\n\t\t}\n\t\t\t\t\t\t]\n\t}\n<\/script>\n\n<div class=\"new-breadcrumb\">\n\t<ol class=\"breadcrumbs\">\n\t\t\t\t\t<li>\n\t\t\t\t\t\t\t\t\t<a href=\"https:\/\/www.endoca.com\/es\">Inicio<\/a>\n\t\t\t\t\t\t\t<\/li>\n\t\t\t\t\t<li>\n\t\t\t\t\t\t\t\t\t<a href=\"https:\/\/www.endoca.com\/es\/acerca-del-cbd\">Acerca del CBD<\/a>\n\t\t\t\t\t\t\t<\/li>\n\t\t\t\t\t<li>\n\t\t\t\t\t\t\t\t\tLa producci\u00f3n del CBD\t\t\t\t\t\t\t<\/li>\n\t\t\t<\/ol>\n<\/div>\n\n\t<!-- Cover content -->\n\t<div class=\"cover-container\">\n\t\t<div class=\"cover-text-wrapper white\">\n\t\t\t<h1>La producci\u00f3n del aceite de CBD<\/h1>\n\t\t\t\t\t<\/div>\n\t\t\t<\/div>\n<\/div>\n\n<!-- Structured data -->\n<\/div><\/div><\/div><\/div><div id=\"pg-2093-1\"  class=\"panel-grid panel-no-style\" ><div id=\"pgc-2093-1-0\"  class=\"panel-grid-cell\" ><div id=\"panel-2093-1-0-0\" class=\"so-panel widget widget_mtt-text-image panel-first-child panel-last-child\" data-index=\"1\" ><div\n\t\t\t\n\t\t\tclass=\"so-widget-mtt-text-image so-widget-mtt-text-image-base\"\n\t\t\t\n\t\t>\n<div class=\"text-image-wrapper\">\n\t<div class=\"text-image-container\">\n\t\t\n\t\t\t\t<div class=\"text-image-section spacing-bottom--big wide-text\">\n\t\t\t\t\t<div class=\"text-image-content-wrap\">\n\t\t\t\t\t\t<div class=\"text-image-content\">\n\t\t\t\t\t\t\t<h2>S\u00f3lo el mejor aceite de CBD en la Tierra<\/h2>\t\t\t\t\t\t\t<p>Endoca hace uso de un proceso de fabricaci\u00f3n en fr\u00edo para reproducir una composici\u00f3n qu\u00edmica similar en nuestros aceites los cuales se encuentran en la planta de c\u00e1\u00f1amo original. A lo largo del tiempo, este equilibrio ha demostrado ser eficaz en la curaci\u00f3n del cuerpo humano y en el mantenimiento de una buena salud.<\/p>\n<p>Despu\u00e9s de cosechar las plantas, se utiliza un proceso de extracci\u00f3n supercr\u00edtica de CO2 para producir la m\u00e1s alta calidad de aceite de c\u00e1\u00f1amo disponible en el mercado. Nuestra experiencia en el proceso de extracci\u00f3n nos permite utilizar los m\u00e9todos m\u00e1s puros y eficientes para producir aceite de c\u00e1\u00f1amo de calidad extremadamente alta.<\/p>\n<p>Ventajas de la extracci\u00f3n supercr\u00edtica de CO2:<\/p>\n<ul>\n<li>Las bajas temperaturas de extracci\u00f3n aseguran que se preserve todo el espectro de mol\u00e9culas beneficiosas.<\/li>\n<li>Seguro, delicado y respetuoso con el medio ambiente.<\/li>\n<li>La extracci\u00f3n de CO2 es sostenible.<br \/>Solo el mejor aceite de CBD en la Tierra:<\/li>\n<\/ul>\n<p>El c\u00e1\u00f1amo contiene bajos niveles de THC y se ha cosechado durante siglos en Escandinavia por su gran cantidad de usos. Se puede usar para muchas cosas, desde la producci\u00f3n de cuerdas hasta materiales de construcci\u00f3n. Como tal, el c\u00e1\u00f1amo escandinavo contiene las mayores concentraciones de CBD disponibles.<\/p>\t\t\t\t\t\t<\/div>\n\t\t\t\t\t<\/div>\n\t\t\t\t\t<div class=\"text-image-img \">\n\t\t\t\t\t\t\n\t\t<picture>\n\t\t\t\n\t\t\t\t\t\t\t\t<source srcset=\"https:\/\/www.endoca.com\/wp-content\/uploads\/2017\/11\/cbd-oil-product@mobile-1.jpg,\n\t\t\t\t\t\t\thttps:\/\/www.endoca.com\/wp-content\/uploads\/2017\/11\/cbd-oil-product@mobile-1.jpg 2x\"\n\t\t\t\t\t\tmedia=\"(max-width: 580px)\"\n\t\t\t\t\t\t\t\t\t\t\t>\n\t\t\t\n\t\t\t\t\t\t\t\t<source srcset=\"https:\/\/www.endoca.com\/wp-content\/uploads\/2017\/11\/cbd-oil-product@tablet-1.jpg,\n\t\t\t\t\t\t\thttps:\/\/www.endoca.com\/wp-content\/uploads\/2017\/11\/cbd-oil-product@tablet-1.jpg 2x\"\n\t\t\t\t\t\tmedia=\"(max-width: 949px)\"\n\t\t\t\t\t\t\t\t\t\t\t>\n\t\t\t\t\t\t\t\n\t\t\t\t\t\t\t<source\n\t\t\t\t\tsrcset=\"https:\/\/www.endoca.com\/wp-content\/uploads\/2017\/11\/cbd-oil-product-1.jpg,\n                        https:\/\/www.endoca.com\/wp-content\/uploads\/2017\/11\/cbd-oil-product-1.jpg 2x\"\n\t\t\t\t\tmedia=\"(max-width: 1920px)\"\n\t\t\t\t\t\t\t\t\t>\n\t\t\t\n\t\t\t\t\t\t\t\t<img decoding=\"async\" src=\"https:\/\/www.endoca.com\/wp-content\/uploads\/2017\/11\/cbd-oil-product-1.jpg\"\n\t\t\t\t\t\t\t\t\t\t\t\t\twidth=\"560\"\n\t\t\t\t\t\t\theight=\"706\"\n\t\t\t\t\t\t alt='producto de aceite de cbd'\t\t\t\t\t>\n\t\t\t\t\t\t<\/picture>\n\n\t\t\t\t\t\t\t<\/div>\n\t\t\t\t<\/div>\n\t\t\t\n\t\t\t\t<div class=\"text-image-section reverse spacing-bottom--big wide-text\">\n\t\t\t\t\t<div class=\"text-image-content-wrap\">\n\t\t\t\t\t\t<div class=\"text-image-content\">\n\t\t\t\t\t\t\t<h2>Producci\u00f3n del CBD de Endoca<\/h2>\t\t\t\t\t\t\t<p>El clima escandinavo y las condiciones naturales son perfectas para el crecimiento y el cultivo de plantas de c\u00e1\u00f1amo. Por lo tanto, la calidad del c\u00e1\u00f1amo cultivado en esta regi\u00f3n es la mejor del mundo. Endoca moderniza la convencional tradici\u00f3n de cultivo de c\u00e1\u00f1amo escandinavo para las necesidades del mundo moderno. Brindamos las condiciones \u00f3ptimas para que el crecimiento del c\u00e1\u00f1amo alcance los niveles m\u00e1s altos de pureza y calidad en nuestros productos.<\/p>\t\t\t\t\t\t<\/div>\n\t\t\t\t\t<\/div>\n\t\t\t\t\t<div class=\"text-image-img \">\n\t\t\t\t\t\t\n\t\t<picture>\n\t\t\t\n\t\t\t\t\t\t\t\t<source srcset=\"https:\/\/www.endoca.com\/wp-content\/uploads\/2017\/11\/hemp-drone-image@mobile.jpg,\n\t\t\t\t\t\t\thttps:\/\/www.endoca.com\/wp-content\/uploads\/2017\/11\/hemp-drone-image@mobile.jpg 2x\"\n\t\t\t\t\t\tmedia=\"(max-width: 580px)\"\n\t\t\t\t\t\t\t\t\t\t\t>\n\t\t\t\n\t\t\t\t\t\t\t\t<source srcset=\"https:\/\/www.endoca.com\/wp-content\/uploads\/2017\/11\/hemp-drone-image@tablet.jpg,\n\t\t\t\t\t\t\thttps:\/\/www.endoca.com\/wp-content\/uploads\/2017\/11\/hemp-drone-image@tablet.jpg 2x\"\n\t\t\t\t\t\tmedia=\"(max-width: 949px)\"\n\t\t\t\t\t\t\t\t\t\t\t>\n\t\t\t\t\t\t\t\n\t\t\t\t\t\t\t<source\n\t\t\t\t\tsrcset=\"https:\/\/www.endoca.com\/wp-content\/uploads\/2017\/11\/hemp-drone-image.jpg,\n                        https:\/\/www.endoca.com\/wp-content\/uploads\/2017\/11\/hemp-drone-image.jpg 2x\"\n\t\t\t\t\tmedia=\"(max-width: 1920px)\"\n\t\t\t\t\t\t\t\t\t>\n\t\t\t\n\t\t\t\t\t\t\t\t<img decoding=\"async\" src=\"https:\/\/www.endoca.com\/wp-content\/uploads\/2017\/11\/hemp-drone-image.jpg\"\n\t\t\t\t\t\t\t\t\t\t\t\t\twidth=\"560\"\n\t\t\t\t\t\t\theight=\"538\"\n\t\t\t\t\t\t alt='drone de campo de c\u00e1\u00f1amo'\t\t\t\t\t>\n\t\t\t\t\t\t<\/picture>\n\n\t\t\t\t\t\t\t<\/div>\n\t\t\t\t<\/div>\n\t\t\t\t<\/div>\n<\/div><\/div><\/div><\/div><\/div><\/div>","protected":false},"excerpt":{"rendered":"<p>Inicio Acerca del CBD La producci\u00f3n del CBD La producci\u00f3n del aceite de CBD S\u00f3lo el mejor aceite de CBD&#8230;<\/p>\n","protected":false},"author":1,"featured_media":194682,"parent":1934,"menu_order":0,"comment_status":"closed","ping_status":"closed","template":"","meta":{"_acf_changed":false,"footnotes":""},"class_list":["post-2093","page","type-page","status-publish","has-post-thumbnail","hentry"],"acf":[],"yoast_head":"<title>La producci\u00f3n del aceite de CBD | La calidad mejor<\/title>\n<meta name=\"description\" content=\"Endoca fabrica en fr\u00edo para reproducir una composici\u00f3n qu\u00edmica similar en nuestros aceites los cuales se encuentran en la planta de c\u00e1\u00f1amo original.\" \/>\n<meta name=\"robots\" content=\"index, follow, max-snippet:-1, max-image-preview:large, max-video-preview:-1\" \/>\n<link rel=\"canonical\" href=\"https:\/\/www.endoca.com\/es\/wp-json\/wp\/v2\/pages\/2093\" \/>\n<meta property=\"og:locale\" content=\"es_ES\" \/>\n<meta property=\"og:type\" content=\"article\" \/>\n<meta property=\"og:title\" content=\"La producci\u00f3n del aceite de CBD | La calidad mejor\" \/>\n<meta property=\"og:description\" content=\"Endoca fabrica en fr\u00edo para reproducir una composici\u00f3n qu\u00edmica similar en nuestros aceites los cuales se encuentran en la planta de c\u00e1\u00f1amo original.\" \/>\n<meta property=\"og:url\" content=\"https:\/\/www.endoca.com\/es\/acerca-del-cbd\/la-produccion-del-aceite-de-cbd\" \/>\n<meta property=\"og:site_name\" content=\"Endoca\u00a9 CBD\" \/>\n<meta property=\"article:publisher\" content=\"https:\/\/www.facebook.com\/endoca\" \/>\n<meta property=\"article:modified_time\" content=\"2021-09-06T12:15:54+00:00\" \/>\n<meta property=\"og:image\" content=\"https:\/\/www.endoca.com\/wp-content\/uploads\/2017\/11\/hemp-drone-image@tablet.jpg\" \/>\n\t<meta property=\"og:image:width\" content=\"700\" \/>\n\t<meta property=\"og:image:height\" content=\"393\" \/>\n\t<meta property=\"og:image:type\" content=\"image\/jpeg\" \/>\n<meta name=\"twitter:card\" content=\"summary_large_image\" \/>\n<meta name=\"twitter:image\" content=\"https:\/\/www.endoca.com\/wp-content\/uploads\/2017\/11\/hemp-drone-image@tablet.jpg\" \/>\n<meta name=\"twitter:site\" content=\"@Endocacbdoil\" \/>\n<meta name=\"twitter:label1\" content=\"Tiempo de lectura\" \/>\n\t<meta name=\"twitter:data1\" content=\"1 minuto\" \/>","yoast_head_json":{"title":"La producci\u00f3n del aceite de CBD | La calidad mejor","description":"Endoca fabrica en fr\u00edo para reproducir una composici\u00f3n qu\u00edmica similar en nuestros aceites los cuales se encuentran en la planta de c\u00e1\u00f1amo original.","robots":{"index":"index","follow":"follow","max-snippet":"max-snippet:-1","max-image-preview":"max-image-preview:large","max-video-preview":"max-video-preview:-1"},"canonical":"https:\/\/www.endoca.com\/es\/wp-json\/wp\/v2\/pages\/2093","og_locale":"es_ES","og_type":"article","og_title":"La producci\u00f3n del aceite de CBD | La calidad mejor","og_description":"Endoca fabrica en fr\u00edo para reproducir una composici\u00f3n qu\u00edmica similar en nuestros aceites los cuales se encuentran en la planta de c\u00e1\u00f1amo original.","og_url":"https:\/\/www.endoca.com\/es\/acerca-del-cbd\/la-produccion-del-aceite-de-cbd","og_site_name":"Endoca\u00a9 CBD","article_publisher":"https:\/\/www.facebook.com\/endoca","article_modified_time":"2021-09-06T12:15:54+00:00","og_image":[{"width":700,"height":393,"url":"https:\/\/www.endoca.com\/wp-content\/uploads\/2017\/11\/hemp-drone-image@tablet.jpg","type":"image\/jpeg"}],"twitter_card":"summary_large_image","twitter_image":"https:\/\/www.endoca.com\/wp-content\/uploads\/2017\/11\/hemp-drone-image@tablet.jpg","twitter_site":"@Endocacbdoil","twitter_misc":{"Tiempo de lectura":"1 minuto"},"schema":{"@context":"https:\/\/schema.org","@graph":[{"@type":"WebPage","@id":"https:\/\/www.endoca.com\/es\/acerca-del-cbd\/la-produccion-del-aceite-de-cbd","url":"https:\/\/www.endoca.com\/es\/acerca-del-cbd\/la-produccion-del-aceite-de-cbd","name":"La producci\u00f3n del aceite de CBD | La calidad mejor","isPartOf":{"@id":"https:\/\/www.endoca.com\/#website"},"primaryImageOfPage":{"@id":"https:\/\/www.endoca.com\/es\/acerca-del-cbd\/la-produccion-del-aceite-de-cbd#primaryimage"},"image":{"@id":"https:\/\/www.endoca.com\/es\/acerca-del-cbd\/la-produccion-del-aceite-de-cbd#primaryimage"},"thumbnailUrl":"https:\/\/www.endoca.com\/wp-content\/uploads\/2020\/03\/239A2993-1.jpg","datePublished":"2017-11-16T13:41:16+00:00","dateModified":"2021-09-06T12:15:54+00:00","description":"Endoca fabrica en fr\u00edo para reproducir una composici\u00f3n qu\u00edmica similar en nuestros aceites los cuales se encuentran en la planta de c\u00e1\u00f1amo original.","breadcrumb":{"@id":"https:\/\/www.endoca.com\/es\/acerca-del-cbd\/la-produccion-del-aceite-de-cbd#breadcrumb"},"inLanguage":"es","potentialAction":[{"@type":"ReadAction","target":["https:\/\/www.endoca.com\/es\/acerca-del-cbd\/la-produccion-del-aceite-de-cbd"]}]},{"@type":"ImageObject","inLanguage":"es","@id":"https:\/\/www.endoca.com\/es\/acerca-del-cbd\/la-produccion-del-aceite-de-cbd#primaryimage","url":"https:\/\/www.endoca.com\/wp-content\/uploads\/2020\/03\/239A2993-1.jpg","contentUrl":"https:\/\/www.endoca.com\/wp-content\/uploads\/2020\/03\/239A2993-1.jpg","width":1100,"height":1100,"caption":"Endoca full spectrum CBD"},{"@type":"BreadcrumbList","@id":"https:\/\/www.endoca.com\/es\/acerca-del-cbd\/la-produccion-del-aceite-de-cbd#breadcrumb","itemListElement":[{"@type":"ListItem","position":1,"name":"Home","item":"https:\/\/www.endoca.com\/es"},{"@type":"ListItem","position":2,"name":"Acerca del CBD","item":"https:\/\/www.endoca.com\/es\/acerca-del-cbd"},{"@type":"ListItem","position":3,"name":"La producci\u00f3n del CBD"}]},{"@type":"WebSite","@id":"https:\/\/www.endoca.com\/#website","url":"https:\/\/www.endoca.com\/","name":"Endoca\u00a9 CBD","description":"Best CBD Oil 100% organic","publisher":{"@id":"https:\/\/www.endoca.com\/#organization"},"potentialAction":[{"@type":"SearchAction","target":{"@type":"EntryPoint","urlTemplate":"https:\/\/www.endoca.com\/?s={search_term_string}"},"query-input":{"@type":"PropertyValueSpecification","valueRequired":true,"valueName":"search_term_string"}}],"inLanguage":"es"},{"@type":"Organization","@id":"https:\/\/www.endoca.com\/#organization","name":"Endoca","url":"https:\/\/www.endoca.com\/","logo":{"@type":"ImageObject","inLanguage":"es","@id":"https:\/\/www.endoca.com\/#\/schema\/logo\/image\/","url":"https:\/\/www.endoca.com\/wp-content\/uploads\/2018\/08\/endoca-logo.png","contentUrl":"https:\/\/www.endoca.com\/wp-content\/uploads\/2018\/08\/endoca-logo.png","width":150,"height":50,"caption":"Endoca"},"image":{"@id":"https:\/\/www.endoca.com\/#\/schema\/logo\/image\/"},"sameAs":["https:\/\/www.facebook.com\/endoca","https:\/\/x.com\/Endocacbdoil","https:\/\/www.instagram.com\/endoca\/","https:\/\/www.youtube.com\/channel\/UCNXwDCTBaa0WPEf1cOUHe9g"]}]}},"_links":{"self":[{"href":"https:\/\/www.endoca.com\/es\/wp-json\/wp\/v2\/pages\/2093","targetHints":{"allow":["GET"]}}],"collection":[{"href":"https:\/\/www.endoca.com\/es\/wp-json\/wp\/v2\/pages"}],"about":[{"href":"https:\/\/www.endoca.com\/es\/wp-json\/wp\/v2\/types\/page"}],"author":[{"embeddable":true,"href":"https:\/\/www.endoca.com\/es\/wp-json\/wp\/v2\/users\/1"}],"replies":[{"embeddable":true,"href":"https:\/\/www.endoca.com\/es\/wp-json\/wp\/v2\/comments?post=2093"}],"version-history":[{"count":0,"href":"https:\/\/www.endoca.com\/es\/wp-json\/wp\/v2\/pages\/2093\/revisions"}],"up":[{"embeddable":true,"href":"https:\/\/www.endoca.com\/es\/wp-json\/wp\/v2\/pages\/1934"}],"wp:featuredmedia":[{"embeddable":true,"href":"https:\/\/www.endoca.com\/es\/wp-json\/wp\/v2\/media\/194682"}],"wp:attachment":[{"href":"https:\/\/www.endoca.com\/es\/wp-json\/wp\/v2\/media?parent=2093"}],"curies":[{"name":"wp","href":"https:\/\/api.w.org\/{rel}","templated":true}]}}