{"id":1934,"date":"2017-11-08T10:13:52","date_gmt":"2017-11-08T10:13:52","guid":{"rendered":"https:\/\/www.endoca.com\/about-cbd\/"},"modified":"2021-09-06T12:20:13","modified_gmt":"2021-09-06T12:20:13","slug":"acerca-del-cbd","status":"publish","type":"page","link":"https:\/\/www.endoca.com\/es\/acerca-del-cbd","title":{"rendered":"Acerca del CBD"},"content":{"rendered":"<div id=\"pl-1934\"  class=\"panel-layout\" ><div id=\"pg-1934-0\"  class=\"panel-grid panel-no-style\" ><div id=\"pgc-1934-0-0\"  class=\"panel-grid-cell\" ><div id=\"panel-1934-0-0-0\" class=\"so-panel widget widget_mtt-cover-section panel-first-child panel-last-child\" data-index=\"0\" ><div\n\t\t\t\n\t\t\tclass=\"so-widget-mtt-cover-section so-widget-mtt-cover-section-base\"\n\t\t\t\n\t\t><div class=\"cover-wrapper compact\">\n\t<script type=\"application\/ld+json\">\n\t{\n\t\"@context\": \"http:\/\/schema.org\",\n\t\"@type\": \"BreadcrumbList\",\n\t\"itemListElement\": [\n\t\t\t\t{\n\t\t\"@type\": \"ListItem\",\n\t\t\"position\": 1,\n\t\t\"item\": {\n\t\t\t\"@id\": \"https:\/\/www.endoca.com\/es\",\n\t\t\t\"name\": \"Inicio\"\n\t\t}\n\t\t}\n\t\t\t\t,\n\t\t\t\t\t\t{\n\t\t\"@type\": \"ListItem\",\n\t\t\"position\": 2,\n\t\t\"item\": {\n\t\t\t\"@id\": \"https:\/\/www.endoca.com\/es\/acerca-del-cbd\",\n\t\t\t\"name\": \"Acerca del CBD\"\n\t\t}\n\t\t}\n\t\t\t\t\t\t]\n\t}\n<\/script>\n\n<div class=\"new-breadcrumb\">\n\t<ol class=\"breadcrumbs\">\n\t\t\t\t\t<li>\n\t\t\t\t\t\t\t\t\t<a href=\"https:\/\/www.endoca.com\/es\">Inicio<\/a>\n\t\t\t\t\t\t\t<\/li>\n\t\t\t\t\t<li>\n\t\t\t\t\t\t\t\t\tAcerca del CBD\t\t\t\t\t\t\t<\/li>\n\t\t\t<\/ol>\n<\/div>\n\n\t<!-- Cover content -->\n\t<div class=\"cover-container\">\n\t\t<div class=\"cover-text-wrapper white\">\n\t\t\t<h1>\u00bfQu\u00e9 sabes del CBD?<\/h1>\n\t\t\t\t\t<\/div>\n\t\t\t<\/div>\n<\/div>\n\n<!-- Structured data -->\n<\/div><\/div><\/div><\/div><div id=\"pg-1934-1\"  class=\"panel-grid panel-no-style\" ><div id=\"pgc-1934-1-0\"  class=\"panel-grid-cell\" ><div id=\"panel-1934-1-0-0\" class=\"so-panel widget widget_mtt-text-image panel-first-child panel-last-child\" data-index=\"1\" ><div\n\t\t\t\n\t\t\tclass=\"so-widget-mtt-text-image so-widget-mtt-text-image-base\"\n\t\t\t\n\t\t>\n<div class=\"text-image-wrapper\">\n\t<div class=\"text-image-container\">\n\t\t\n\t\t\t\t<div class=\"text-image-section fixed-height spacing-bottom \">\n\t\t\t\t\t<div class=\"text-image-content-wrap\">\n\t\t\t\t\t\t<div class=\"text-image-content\">\n\t\t\t\t\t\t\t<h2>Acerca del CBD (cannabidiol)<\/h2>\t\t\t\t\t\t\t<p><strong>El CBD es el segundo compuesto m\u00e1s prominente en el cannabis<\/strong>. La planta de cannabis contiene una gran cantidad de cannabinoides diferentes. Hasta ahora se han identificado m\u00e1s de 80 y parece ser que hay muchos m\u00e1s. De todos estos, hay un especialmente famoso. Mucha gente, quiz\u00e1s t\u00fa tambi\u00e9n, ha o\u00eddo hablar de un cannabinoide llamado THC. El THC es un componente presente en el cannabis que es el que da a los usuarios el famoso \"coloc\u00f3n\". Es decir, es el componente que hace que muchos usuarios encuentren un inter\u00e9s l\u00fadico en el cannabis.<\/p>\n<p>AEl CBD (cannabidiol), por su parte, tambi\u00e9n es un cannabinoide y tambi\u00e9n est\u00e1 presente en el cannabis. Pero, a diferencia del THC el <strong>CBD es un cannabinoide no psicoactivo y no causa coloc\u00f3n<\/strong>. Es m\u00e1s, el CBD tiene efectos antipsic\u00f3ticos, lo que significa que funciona de forma completamente opuesta al THC. Incluso existen numerosos estudios que sugieren que el CBD tambi\u00e9n act\u00faa reduciendo los efectos intoxicadores del THC.<\/p>\n\t\t\t\t\t\t<\/div>\n\t\t\t\t\t<\/div>\n\t\t\t\t\t<div class=\"text-image-img \">\n\t\t\t\t\t\t\n\t\t<picture>\n\t\t\t\n\t\t\t\t\t\t\t\t<source srcset=\"https:\/\/www.endoca.com\/wp-content\/uploads\/2017\/11\/hemp-oil-15-percent@mobile.jpg,\n\t\t\t\t\t\t\thttps:\/\/www.endoca.com\/wp-content\/uploads\/2017\/11\/hemp-oil-15-percent@mobile.jpg 2x\"\n\t\t\t\t\t\tmedia=\"(max-width: 580px)\"\n\t\t\t\t\t\t\t\t\t\t\t>\n\t\t\t\n\t\t\t\t\t\t\n\t\t\t\t\t\t\t<source\n\t\t\t\t\tsrcset=\"https:\/\/www.endoca.com\/wp-content\/uploads\/2017\/11\/hemp-oil-15-percent.jpg,\n                        https:\/\/www.endoca.com\/wp-content\/uploads\/2017\/11\/hemp-oil-15-percent.jpg 2x\"\n\t\t\t\t\tmedia=\"(max-width: 1920px)\"\n\t\t\t\t\t\t\t\t\t>\n\t\t\t\n\t\t\t\t\t\t\t\t<img decoding=\"async\" src=\"https:\/\/www.endoca.com\/wp-content\/uploads\/2017\/11\/hemp-oil-15-percent.jpg\"\n\t\t\t\t\t\t\t\t\t\t\t\t\twidth=\"700\"\n\t\t\t\t\t\t\theight=\"500\"\n\t\t\t\t\t\t alt='hemp oil 15%'\t\t\t\t\t>\n\t\t\t\t\t\t<\/picture>\n\n\t\t\t\t\t\t\t<\/div>\n\t\t\t\t<\/div>\n\t\t\t\n\t\t\t\t<div class=\"text-image-section reverse fixed-height spacing-bottom \">\n\t\t\t\t\t<div class=\"text-image-content-wrap\">\n\t\t\t\t\t\t<div class=\"text-image-content\">\n\t\t\t\t\t\t\t<h2>Acerca del CBDa (\u00e1cido cannabidi\u00f3lico)<\/h2>\t\t\t\t\t\t\t<p>Las formas naturales m\u00e1s comunes del CBD y THC son sus formas \u00e1cidas, CBDa y THCa. El THCa no tratado no es psicoactivo. Debe calentarse para formar THC con el fin de volverse psicoactivo. De hecho, el cannabis no tratado es un componente utilizado hist\u00f3ricamente en la dieta humana. Aqu\u00ed en Endoca, creemos que <strong>los aceites de c\u00e1\u00f1amo que contienen CBDa son m\u00e1s efectivos que aquellos que contienen CBD solamente<\/strong>.<\/p>\n\t\t\t\t\t\t<\/div>\n\t\t\t\t\t<\/div>\n\t\t\t\t\t<div class=\"text-image-img \">\n\t\t\t\t\t\t\n\t\t<picture>\n\t\t\t\n\t\t\t\t\t\t\t\t<source srcset=\"https:\/\/www.endoca.com\/wp-content\/uploads\/2017\/11\/hemp-oil-cbd-cbda@mobile.jpg,\n\t\t\t\t\t\t\thttps:\/\/www.endoca.com\/wp-content\/uploads\/2017\/11\/hemp-oil-cbd-cbda@mobile.jpg 2x\"\n\t\t\t\t\t\tmedia=\"(max-width: 580px)\"\n\t\t\t\t\t\t\t\t\t\t\t>\n\t\t\t\n\t\t\t\t\t\t\n\t\t\t\t\t\t\t<source\n\t\t\t\t\tsrcset=\"https:\/\/www.endoca.com\/wp-content\/uploads\/2017\/11\/hemp-oil-cbd-cbda.jpg,\n                        https:\/\/www.endoca.com\/wp-content\/uploads\/2017\/11\/hemp-oil-cbd-cbda.jpg 2x\"\n\t\t\t\t\tmedia=\"(max-width: 1920px)\"\n\t\t\t\t\t\t\t\t\t>\n\t\t\t\n\t\t\t\t\t\t\t\t<img decoding=\"async\" src=\"https:\/\/www.endoca.com\/wp-content\/uploads\/2017\/11\/hemp-oil-cbd-cbda.jpg\"\n\t\t\t\t\t\t\t\t\t\t\t\t\twidth=\"700\"\n\t\t\t\t\t\t\theight=\"500\"\n\t\t\t\t\t\t alt='hemp oil cbda'\t\t\t\t\t>\n\t\t\t\t\t\t<\/picture>\n\n\t\t\t\t\t\t\t<\/div>\n\t\t\t\t<\/div>\n\t\t\t\t<\/div>\n<\/div><\/div><\/div><\/div><\/div><\/div>","protected":false},"excerpt":{"rendered":"<p>Inicio Acerca del CBD \u00bfQu\u00e9 sabes del CBD? Acerca del CBD (cannabidiol) El CBD es el segundo compuesto m\u00e1s prominente&#8230;<\/p>\n","protected":false},"author":1,"featured_media":0,"parent":0,"menu_order":0,"comment_status":"closed","ping_status":"closed","template":"","meta":{"_acf_changed":false,"footnotes":""},"class_list":["post-1934","page","type-page","status-publish","hentry"],"acf":[],"yoast_head":"<title>Descubre las propiedades y efectos del CBD | Lee aqu\u00ed<\/title>\n<meta name=\"description\" content=\"A diferencia del THC, el CBD (cannabidiol) es un cannabinoide no psicoactivo y no causa coloc\u00f3n. Lee la explicaci\u00f3n de nuestros products aqu\u00ed.\" \/>\n<meta name=\"robots\" content=\"index, follow, max-snippet:-1, max-image-preview:large, max-video-preview:-1\" \/>\n<link rel=\"canonical\" href=\"https:\/\/www.endoca.com\/es\/wp-json\/wp\/v2\/pages\/1934\" \/>\n<meta property=\"og:locale\" content=\"es_ES\" \/>\n<meta property=\"og:type\" content=\"article\" \/>\n<meta property=\"og:title\" content=\"Descubre las propiedades y efectos del CBD | Lee aqu\u00ed\" \/>\n<meta property=\"og:description\" content=\"A diferencia del THC, el CBD (cannabidiol) es un cannabinoide no psicoactivo y no causa coloc\u00f3n. Lee la explicaci\u00f3n de nuestros products aqu\u00ed.\" \/>\n<meta property=\"og:url\" content=\"https:\/\/www.endoca.com\/es\/acerca-del-cbd\" \/>\n<meta property=\"og:site_name\" content=\"Endoca\u00a9 CBD\" \/>\n<meta property=\"article:publisher\" content=\"https:\/\/www.facebook.com\/endoca\" \/>\n<meta property=\"article:modified_time\" content=\"2021-09-06T12:20:13+00:00\" \/>\n<meta property=\"og:image\" content=\"https:\/\/www.endoca.com\/wp-content\/uploads\/2017\/11\/hemp-oil-cbd-cbda.jpg\" \/>\n\t<meta property=\"og:image:width\" content=\"700\" \/>\n\t<meta property=\"og:image:height\" content=\"500\" \/>\n\t<meta property=\"og:image:type\" content=\"image\/jpeg\" \/>\n<meta name=\"twitter:card\" content=\"summary_large_image\" \/>\n<meta name=\"twitter:image\" content=\"https:\/\/www.endoca.com\/wp-content\/uploads\/2017\/11\/hemp-oil-15-percent.jpg\" \/>\n<meta name=\"twitter:site\" content=\"@Endocacbdoil\" \/>\n<meta name=\"twitter:label1\" content=\"Tiempo de lectura\" \/>\n\t<meta name=\"twitter:data1\" content=\"1 minuto\" \/>","yoast_head_json":{"title":"Descubre las propiedades y efectos del CBD | Lee aqu\u00ed","description":"A diferencia del THC, el CBD (cannabidiol) es un cannabinoide no psicoactivo y no causa coloc\u00f3n. Lee la explicaci\u00f3n de nuestros products aqu\u00ed.","robots":{"index":"index","follow":"follow","max-snippet":"max-snippet:-1","max-image-preview":"max-image-preview:large","max-video-preview":"max-video-preview:-1"},"canonical":"https:\/\/www.endoca.com\/es\/wp-json\/wp\/v2\/pages\/1934","og_locale":"es_ES","og_type":"article","og_title":"Descubre las propiedades y efectos del CBD | Lee aqu\u00ed","og_description":"A diferencia del THC, el CBD (cannabidiol) es un cannabinoide no psicoactivo y no causa coloc\u00f3n. Lee la explicaci\u00f3n de nuestros products aqu\u00ed.","og_url":"https:\/\/www.endoca.com\/es\/acerca-del-cbd","og_site_name":"Endoca\u00a9 CBD","article_publisher":"https:\/\/www.facebook.com\/endoca","article_modified_time":"2021-09-06T12:20:13+00:00","og_image":[{"width":700,"height":500,"url":"https:\/\/www.endoca.com\/wp-content\/uploads\/2017\/11\/hemp-oil-cbd-cbda.jpg","type":"image\/jpeg"}],"twitter_card":"summary_large_image","twitter_image":"https:\/\/www.endoca.com\/wp-content\/uploads\/2017\/11\/hemp-oil-15-percent.jpg","twitter_site":"@Endocacbdoil","twitter_misc":{"Tiempo de lectura":"1 minuto"},"schema":{"@context":"https:\/\/schema.org","@graph":[{"@type":"WebPage","@id":"https:\/\/www.endoca.com\/es\/acerca-del-cbd","url":"https:\/\/www.endoca.com\/es\/acerca-del-cbd","name":"Descubre las propiedades y efectos del CBD | Lee aqu\u00ed","isPartOf":{"@id":"https:\/\/www.endoca.com\/#website"},"datePublished":"2017-11-08T10:13:52+00:00","dateModified":"2021-09-06T12:20:13+00:00","description":"A diferencia del THC, el CBD (cannabidiol) es un cannabinoide no psicoactivo y no causa coloc\u00f3n. Lee la explicaci\u00f3n de nuestros products aqu\u00ed.","breadcrumb":{"@id":"https:\/\/www.endoca.com\/es\/acerca-del-cbd#breadcrumb"},"inLanguage":"es","potentialAction":[{"@type":"ReadAction","target":["https:\/\/www.endoca.com\/es\/acerca-del-cbd"]}]},{"@type":"BreadcrumbList","@id":"https:\/\/www.endoca.com\/es\/acerca-del-cbd#breadcrumb","itemListElement":[{"@type":"ListItem","position":1,"name":"Home","item":"https:\/\/www.endoca.com\/es"},{"@type":"ListItem","position":2,"name":"Acerca del CBD"}]},{"@type":"WebSite","@id":"https:\/\/www.endoca.com\/#website","url":"https:\/\/www.endoca.com\/","name":"Endoca\u00a9 CBD","description":"Best CBD Oil 100% organic","publisher":{"@id":"https:\/\/www.endoca.com\/#organization"},"potentialAction":[{"@type":"SearchAction","target":{"@type":"EntryPoint","urlTemplate":"https:\/\/www.endoca.com\/?s={search_term_string}"},"query-input":{"@type":"PropertyValueSpecification","valueRequired":true,"valueName":"search_term_string"}}],"inLanguage":"es"},{"@type":"Organization","@id":"https:\/\/www.endoca.com\/#organization","name":"Endoca","url":"https:\/\/www.endoca.com\/","logo":{"@type":"ImageObject","inLanguage":"es","@id":"https:\/\/www.endoca.com\/#\/schema\/logo\/image\/","url":"https:\/\/www.endoca.com\/wp-content\/uploads\/2018\/08\/endoca-logo.png","contentUrl":"https:\/\/www.endoca.com\/wp-content\/uploads\/2018\/08\/endoca-logo.png","width":150,"height":50,"caption":"Endoca"},"image":{"@id":"https:\/\/www.endoca.com\/#\/schema\/logo\/image\/"},"sameAs":["https:\/\/www.facebook.com\/endoca","https:\/\/x.com\/Endocacbdoil","https:\/\/www.instagram.com\/endoca\/","https:\/\/www.youtube.com\/channel\/UCNXwDCTBaa0WPEf1cOUHe9g"]}]}},"_links":{"self":[{"href":"https:\/\/www.endoca.com\/es\/wp-json\/wp\/v2\/pages\/1934","targetHints":{"allow":["GET"]}}],"collection":[{"href":"https:\/\/www.endoca.com\/es\/wp-json\/wp\/v2\/pages"}],"about":[{"href":"https:\/\/www.endoca.com\/es\/wp-json\/wp\/v2\/types\/page"}],"author":[{"embeddable":true,"href":"https:\/\/www.endoca.com\/es\/wp-json\/wp\/v2\/users\/1"}],"replies":[{"embeddable":true,"href":"https:\/\/www.endoca.com\/es\/wp-json\/wp\/v2\/comments?post=1934"}],"version-history":[{"count":0,"href":"https:\/\/www.endoca.com\/es\/wp-json\/wp\/v2\/pages\/1934\/revisions"}],"wp:attachment":[{"href":"https:\/\/www.endoca.com\/es\/wp-json\/wp\/v2\/media?parent=1934"}],"curies":[{"name":"wp","href":"https:\/\/api.w.org\/{rel}","templated":true}]}}