{"id":149652,"date":"2018-09-26T16:26:10","date_gmt":"2018-09-26T16:26:10","guid":{"rendered":"https:\/\/www.endoca.com\/calculadora-de-cbd"},"modified":"2021-09-06T12:22:00","modified_gmt":"2021-09-06T12:22:00","slug":"calculadora-de-cbd","status":"publish","type":"page","link":"https:\/\/www.endoca.com\/es\/calculadora-de-cbd","title":{"rendered":"CBD Calculator"},"content":{"rendered":"<div id=\"pl-149652\"  class=\"panel-layout\" ><div id=\"pg-149652-0\"  class=\"panel-grid panel-no-style\" ><div id=\"pgc-149652-0-0\"  class=\"panel-grid-cell\" ><div id=\"panel-149652-0-0-0\" class=\"so-panel widget widget_mtt-cbd-calculator panel-first-child panel-last-child\" data-index=\"0\" ><div\n\t\t\t\n\t\t\tclass=\"so-widget-mtt-cbd-calculator so-widget-mtt-cbd-calculator-base\"\n\t\t\t\n\t\t>\n<div class=\"affwp-main-wrapper\">\n\t<div class=\"page_container\">\n\t\t<div class=\"calculator-wrapper\">\n\t\t\t<div class=\"calculator-wrapper__title\">\n\t\t\t\t<h3 class=\"calculator-title\">\n\t\t\t\t\t\t\t\t\t<\/h3>\n\t\t\t\t<div class=\"calculator-description\"><h1>C\u00f3mo calcular el precio del CBD<\/h1>\n<div class=\"calculator-description\">\n<p>Los productos en el <a href=\"https:\/\/www.endoca.com\/es\/tienda\">mercado del CBD<\/a> no est\u00e1n estandarizados. Esto puede hacer que la cantidad de CBD incluida en cada producto pueda ser dif\u00edcil de entender. Por eso utilizar una calculadora de CBD como esta te permite tener una visi\u00f3n concreta de la cantidad de CBD por Mg que se incluye en tu producto. As\u00ed es m\u00e1s f\u00e1cil comparar el coste verdadero del CBD y te asegura que obtienen el m\u00e1ximo rendimiento por tu dinero.<\/p>\n<\/div>\n<\/div>\n\t\t\t\t<ul class=\"calculator-steps\">\n\t\t\t\t\t<li class=\"calculator__step\">\n\t\t\t\t\t\t<span class=\"calculator__step-number\">1<\/span>\n\t\t\t\t\t\t<span class=\"calculator__step-text\">Escribe aqu\u00ed la capacidad (en ml) de tu producto<\/span>\n\t\t\t\t\t<\/li>\n\t\t\t\t\t<li class=\"calculator__step\">\n\t\t\t\t\t\t<span class=\"calculator__step-number\">2<\/span>\n\t\t\t\t\t\t<span class=\"calculator__step-text\">Escribe la cantidad total de CBD (expresada en mg) que hay en tu producto.<\/span>\n\t\t\t\t\t<\/li>\n\t\t\t\t\t<li class=\"calculator__step\">\n\t\t\t\t\t\t<span class=\"calculator__step-number\">3<\/span>\n\t\t\t\t\t\t<span class=\"calculator__step-text\">Haz clic en el precio del producto<\/span>\n\t\t\t\t\t<\/li>\n\t\t\t\t<\/ul>\n\t\t\t<\/div>\n\t\t\t<div class=\"calculator-wrapper__form\" id=\"calculator-form\">\n\t\t\t\t<div class=\"calculator-fields\">\n\t\t\t\t\t<div class=\"calculator__title\">\n\t\t\t\t\t\t<span class=\"title\">CBD price calculator<\/span>\n\t\t\t\t\t<\/div>\n\t\t\t\t\t<div class=\"calculator__field calculator__field-double\">\n\t\t\t\t\t\t<input id=\"calculator-ml\" type=\"text\" name=\"calculator-ml\"\n\t\t\t\t\t\t\t   placeholder=\"Capacity (ML\/OZ)\">\n\t\t\t\t\t\t<select id=\"measure-capacity\">\n\t\t\t\t\t\t\t<option value=\"ML\">ML<\/option>\n\t\t\t\t\t\t\t<option value=\"OZ\">OZ<\/option>\n\t\t\t\t\t\t<\/select>\n\t\t\t\t\t<\/div>\n\t\t\t\t\t<div class=\"calculator__field\">\n\t\t\t\t\t\t<input id=\"calculator-cbd\" type=\"text\" name=\"calculator-cbd\"\n\t\t\t\t\t\t\t   placeholder=\"CBD (Mg)\">\n\t\t\t\t\t<\/div>\n\t\t\t\t\t<div class=\"calculator__field\">\n\t\t\t\t\t\t<input id=\"calculator-price\" type=\"text\" name=\"calculator-price\"\n\t\t\t\t\t\t\t   placeholder=\"Price ($)\">\n\t\t\t\t\t<\/div>\n\t\t\t\t\t<div class=\"calculator__field\">\n\t\t\t\t\t\t<a href=\"#\" id=\"calculate__form-submit\">Calculate<\/a>\n\t\t\t\t\t<\/div>\n\t\t\t\t\t<div class=\"calculator__field calculated-price\">\n\t\t\t\t\t\t<span class=\"calculated__price-text\">1 mg cbd price is:<\/span>\n\t\t\t\t\t\t<div class=\"calculated__price-insert\"><span class=\"calculator__price-total\"><\/span><span\n\t\t\t\t\t\t\t\t\tclass=\"calculator-currency\">$<\/span><\/div>\n\t\t\t\t\t<\/div>\n\t\t\t\t\t<div class=\"calculator__field error\">The field can't be empty and must be a number<\/div>\n\t\t\t\t<\/div>\n\t\t\t<\/div>\n\t\t<\/div>\n\t<\/div>\n<\/div>\n<\/div><\/div><\/div><\/div><\/div>","protected":false},"excerpt":{"rendered":"<p>C\u00f3mo calcular el precio del CBD Los productos en el mercado del CBD no est\u00e1n estandarizados. Esto puede hacer que&#8230;<\/p>\n","protected":false},"author":1,"featured_media":0,"parent":0,"menu_order":0,"comment_status":"closed","ping_status":"closed","template":"","meta":{"_acf_changed":false,"footnotes":""},"class_list":["post-149652","page","type-page","status-publish","hentry"],"acf":[],"yoast_head":"<title>CBD Calculator | Calcular el precio exacto por Aceite de CBD<\/title>\n<meta name=\"description\" content=\"Una calculadora de CBD como este le brinda la lectura m\u00e1s precisa de cu\u00e1nto por MG tu compa\u00f1ia de CBD est\u00e1 cobrando. Calcular el precio aqu\u00ed.\" \/>\n<meta name=\"robots\" content=\"index, follow, max-snippet:-1, max-image-preview:large, max-video-preview:-1\" \/>\n<link rel=\"canonical\" href=\"https:\/\/www.endoca.com\/es\/wp-json\/wp\/v2\/pages\/149652\" \/>\n<meta property=\"og:locale\" content=\"es_ES\" \/>\n<meta property=\"og:type\" content=\"article\" \/>\n<meta property=\"og:title\" content=\"CBD Calculator | Calcular el precio exacto por Aceite de CBD\" \/>\n<meta property=\"og:description\" content=\"Una calculadora de CBD como este le brinda la lectura m\u00e1s precisa de cu\u00e1nto por MG tu compa\u00f1ia de CBD est\u00e1 cobrando. Calcular el precio aqu\u00ed.\" \/>\n<meta property=\"og:url\" content=\"https:\/\/www.endoca.com\/es\/calculadora-de-cbd\" \/>\n<meta property=\"og:site_name\" content=\"Endoca\u00a9 CBD\" \/>\n<meta property=\"article:publisher\" content=\"https:\/\/www.facebook.com\/endoca\" \/>\n<meta property=\"article:modified_time\" content=\"2021-09-06T12:22:00+00:00\" \/>\n<meta property=\"og:image\" content=\"https:\/\/www.endoca.com\/wp-content\/uploads\/2021\/06\/endoca-products.jpg\" \/>\n\t<meta property=\"og:image:width\" content=\"500\" \/>\n\t<meta property=\"og:image:height\" content=\"300\" \/>\n\t<meta property=\"og:image:type\" content=\"image\/jpeg\" \/>\n<meta name=\"twitter:card\" content=\"summary_large_image\" \/>\n<meta name=\"twitter:site\" content=\"@Endocacbdoil\" \/>\n<meta name=\"twitter:label1\" content=\"Tiempo de lectura\" \/>\n\t<meta name=\"twitter:data1\" content=\"1 minuto\" \/>","yoast_head_json":{"title":"CBD Calculator | Calcular el precio exacto por Aceite de CBD","description":"Una calculadora de CBD como este le brinda la lectura m\u00e1s precisa de cu\u00e1nto por MG tu compa\u00f1ia de CBD est\u00e1 cobrando. Calcular el precio aqu\u00ed.","robots":{"index":"index","follow":"follow","max-snippet":"max-snippet:-1","max-image-preview":"max-image-preview:large","max-video-preview":"max-video-preview:-1"},"canonical":"https:\/\/www.endoca.com\/es\/wp-json\/wp\/v2\/pages\/149652","og_locale":"es_ES","og_type":"article","og_title":"CBD Calculator | Calcular el precio exacto por Aceite de CBD","og_description":"Una calculadora de CBD como este le brinda la lectura m\u00e1s precisa de cu\u00e1nto por MG tu compa\u00f1ia de CBD est\u00e1 cobrando. Calcular el precio aqu\u00ed.","og_url":"https:\/\/www.endoca.com\/es\/calculadora-de-cbd","og_site_name":"Endoca\u00a9 CBD","article_publisher":"https:\/\/www.facebook.com\/endoca","article_modified_time":"2021-09-06T12:22:00+00:00","og_image":[{"width":500,"height":300,"url":"https:\/\/www.endoca.com\/wp-content\/uploads\/2021\/06\/endoca-products.jpg","type":"image\/jpeg"}],"twitter_card":"summary_large_image","twitter_site":"@Endocacbdoil","twitter_misc":{"Tiempo de lectura":"1 minuto"},"schema":{"@context":"https:\/\/schema.org","@graph":[{"@type":"WebPage","@id":"https:\/\/www.endoca.com\/es\/calculadora-de-cbd","url":"https:\/\/www.endoca.com\/es\/calculadora-de-cbd","name":"CBD Calculator | Calcular el precio exacto por Aceite de CBD","isPartOf":{"@id":"https:\/\/www.endoca.com\/#website"},"datePublished":"2018-09-26T16:26:10+00:00","dateModified":"2021-09-06T12:22:00+00:00","description":"Una calculadora de CBD como este le brinda la lectura m\u00e1s precisa de cu\u00e1nto por MG tu compa\u00f1ia de CBD est\u00e1 cobrando. Calcular el precio aqu\u00ed.","breadcrumb":{"@id":"https:\/\/www.endoca.com\/es\/calculadora-de-cbd#breadcrumb"},"inLanguage":"es","potentialAction":[{"@type":"ReadAction","target":["https:\/\/www.endoca.com\/es\/calculadora-de-cbd"]}]},{"@type":"BreadcrumbList","@id":"https:\/\/www.endoca.com\/es\/calculadora-de-cbd#breadcrumb","itemListElement":[{"@type":"ListItem","position":1,"name":"Home","item":"https:\/\/www.endoca.com\/es"},{"@type":"ListItem","position":2,"name":"CBD Calculator"}]},{"@type":"WebSite","@id":"https:\/\/www.endoca.com\/#website","url":"https:\/\/www.endoca.com\/","name":"Endoca\u00a9 CBD","description":"Best CBD Oil 100% organic","publisher":{"@id":"https:\/\/www.endoca.com\/#organization"},"potentialAction":[{"@type":"SearchAction","target":{"@type":"EntryPoint","urlTemplate":"https:\/\/www.endoca.com\/?s={search_term_string}"},"query-input":{"@type":"PropertyValueSpecification","valueRequired":true,"valueName":"search_term_string"}}],"inLanguage":"es"},{"@type":"Organization","@id":"https:\/\/www.endoca.com\/#organization","name":"Endoca","url":"https:\/\/www.endoca.com\/","logo":{"@type":"ImageObject","inLanguage":"es","@id":"https:\/\/www.endoca.com\/#\/schema\/logo\/image\/","url":"https:\/\/www.endoca.com\/wp-content\/uploads\/2018\/08\/endoca-logo.png","contentUrl":"https:\/\/www.endoca.com\/wp-content\/uploads\/2018\/08\/endoca-logo.png","width":150,"height":50,"caption":"Endoca"},"image":{"@id":"https:\/\/www.endoca.com\/#\/schema\/logo\/image\/"},"sameAs":["https:\/\/www.facebook.com\/endoca","https:\/\/x.com\/Endocacbdoil","https:\/\/www.instagram.com\/endoca\/","https:\/\/www.youtube.com\/channel\/UCNXwDCTBaa0WPEf1cOUHe9g"]}]}},"_links":{"self":[{"href":"https:\/\/www.endoca.com\/es\/wp-json\/wp\/v2\/pages\/149652","targetHints":{"allow":["GET"]}}],"collection":[{"href":"https:\/\/www.endoca.com\/es\/wp-json\/wp\/v2\/pages"}],"about":[{"href":"https:\/\/www.endoca.com\/es\/wp-json\/wp\/v2\/types\/page"}],"author":[{"embeddable":true,"href":"https:\/\/www.endoca.com\/es\/wp-json\/wp\/v2\/users\/1"}],"replies":[{"embeddable":true,"href":"https:\/\/www.endoca.com\/es\/wp-json\/wp\/v2\/comments?post=149652"}],"version-history":[{"count":0,"href":"https:\/\/www.endoca.com\/es\/wp-json\/wp\/v2\/pages\/149652\/revisions"}],"wp:attachment":[{"href":"https:\/\/www.endoca.com\/es\/wp-json\/wp\/v2\/media?parent=149652"}],"curies":[{"name":"wp","href":"https:\/\/api.w.org\/{rel}","templated":true}]}}