{"id":141638,"date":"2019-07-03T21:29:38","date_gmt":"2019-07-03T21:29:38","guid":{"rendered":"https:\/\/www.endoca.com\/shipping-list"},"modified":"2021-09-06T12:11:46","modified_gmt":"2021-09-06T12:11:46","slug":"shipping-list","status":"publish","type":"page","link":"https:\/\/www.endoca.com\/es\/shipping-list","title":{"rendered":"Precio de env\u00edos"},"content":{"rendered":"","protected":false},"excerpt":{"rendered":"","protected":false},"author":1,"featured_media":0,"parent":0,"menu_order":0,"comment_status":"closed","ping_status":"closed","template":"\/templates\/page-templates\/shipping_list_template.php","meta":{"_acf_changed":false,"footnotes":""},"class_list":["post-141638","page","type-page","status-publish","hentry"],"acf":[],"yoast_head":"<title>Precio de env\u00edos | Lista de pa\u00edses a los que enviamos<\/title>\n<meta name=\"description\" content=\"Listado de precios para los env\u00edos a las distintas partes del mundo. Enviamos nuestros productos a todos partes del mundo. Lee y aprender m\u00e1s aqu\u00ed.\" \/>\n<meta name=\"robots\" content=\"index, follow, max-snippet:-1, max-image-preview:large, max-video-preview:-1\" \/>\n<link rel=\"canonical\" href=\"https:\/\/www.endoca.com\/es\/wp-json\/wp\/v2\/pages\/141638\" \/>\n<meta property=\"og:locale\" content=\"es_ES\" \/>\n<meta property=\"og:type\" content=\"article\" \/>\n<meta property=\"og:title\" content=\"Precio de env\u00edos | Lista de pa\u00edses a los que enviamos\" \/>\n<meta property=\"og:description\" content=\"Listado de precios para los env\u00edos a las distintas partes del mundo. Enviamos nuestros productos a todos partes del mundo. Lee y aprender m\u00e1s aqu\u00ed.\" \/>\n<meta property=\"og:url\" content=\"https:\/\/www.endoca.com\/es\/shipping-list\" \/>\n<meta property=\"og:site_name\" content=\"Endoca\u00a9 CBD\" \/>\n<meta property=\"article:publisher\" content=\"https:\/\/www.facebook.com\/endoca\" \/>\n<meta property=\"article:modified_time\" content=\"2021-09-06T12:11:46+00:00\" \/>\n<meta property=\"og:image\" content=\"https:\/\/www.endoca.com\/wp-content\/uploads\/2021\/06\/endoca-products.jpg\" \/>\n\t<meta property=\"og:image:width\" content=\"500\" \/>\n\t<meta property=\"og:image:height\" content=\"300\" \/>\n\t<meta property=\"og:image:type\" content=\"image\/jpeg\" \/>\n<meta name=\"twitter:card\" content=\"summary_large_image\" \/>\n<meta name=\"twitter:site\" content=\"@Endocacbdoil\" \/>","yoast_head_json":{"title":"Precio de env\u00edos | Lista de pa\u00edses a los que enviamos","description":"Listado de precios para los env\u00edos a las distintas partes del mundo. Enviamos nuestros productos a todos partes del mundo. Lee y aprender m\u00e1s aqu\u00ed.","robots":{"index":"index","follow":"follow","max-snippet":"max-snippet:-1","max-image-preview":"max-image-preview:large","max-video-preview":"max-video-preview:-1"},"canonical":"https:\/\/www.endoca.com\/es\/wp-json\/wp\/v2\/pages\/141638","og_locale":"es_ES","og_type":"article","og_title":"Precio de env\u00edos | Lista de pa\u00edses a los que enviamos","og_description":"Listado de precios para los env\u00edos a las distintas partes del mundo. Enviamos nuestros productos a todos partes del mundo. Lee y aprender m\u00e1s aqu\u00ed.","og_url":"https:\/\/www.endoca.com\/es\/shipping-list","og_site_name":"Endoca\u00a9 CBD","article_publisher":"https:\/\/www.facebook.com\/endoca","article_modified_time":"2021-09-06T12:11:46+00:00","og_image":[{"width":500,"height":300,"url":"https:\/\/www.endoca.com\/wp-content\/uploads\/2021\/06\/endoca-products.jpg","type":"image\/jpeg"}],"twitter_card":"summary_large_image","twitter_site":"@Endocacbdoil","schema":{"@context":"https:\/\/schema.org","@graph":[{"@type":"WebPage","@id":"https:\/\/www.endoca.com\/es\/shipping-list","url":"https:\/\/www.endoca.com\/es\/shipping-list","name":"Precio de env\u00edos | Lista de pa\u00edses a los que enviamos","isPartOf":{"@id":"https:\/\/www.endoca.com\/#website"},"datePublished":"2019-07-03T21:29:38+00:00","dateModified":"2021-09-06T12:11:46+00:00","description":"Listado de precios para los env\u00edos a las distintas partes del mundo. Enviamos nuestros productos a todos partes del mundo. Lee y aprender m\u00e1s aqu\u00ed.","breadcrumb":{"@id":"https:\/\/www.endoca.com\/es\/shipping-list#breadcrumb"},"inLanguage":"es","potentialAction":[{"@type":"ReadAction","target":["https:\/\/www.endoca.com\/es\/shipping-list"]}]},{"@type":"BreadcrumbList","@id":"https:\/\/www.endoca.com\/es\/shipping-list#breadcrumb","itemListElement":[{"@type":"ListItem","position":1,"name":"Home","item":"https:\/\/www.endoca.com\/es"},{"@type":"ListItem","position":2,"name":"Precio de env\u00edos"}]},{"@type":"WebSite","@id":"https:\/\/www.endoca.com\/#website","url":"https:\/\/www.endoca.com\/","name":"Endoca\u00a9 CBD","description":"Best CBD Oil 100% organic","publisher":{"@id":"https:\/\/www.endoca.com\/#organization"},"potentialAction":[{"@type":"SearchAction","target":{"@type":"EntryPoint","urlTemplate":"https:\/\/www.endoca.com\/?s={search_term_string}"},"query-input":{"@type":"PropertyValueSpecification","valueRequired":true,"valueName":"search_term_string"}}],"inLanguage":"es"},{"@type":"Organization","@id":"https:\/\/www.endoca.com\/#organization","name":"Endoca","url":"https:\/\/www.endoca.com\/","logo":{"@type":"ImageObject","inLanguage":"es","@id":"https:\/\/www.endoca.com\/#\/schema\/logo\/image\/","url":"https:\/\/www.endoca.com\/wp-content\/uploads\/2018\/08\/endoca-logo.png","contentUrl":"https:\/\/www.endoca.com\/wp-content\/uploads\/2018\/08\/endoca-logo.png","width":150,"height":50,"caption":"Endoca"},"image":{"@id":"https:\/\/www.endoca.com\/#\/schema\/logo\/image\/"},"sameAs":["https:\/\/www.facebook.com\/endoca","https:\/\/x.com\/Endocacbdoil","https:\/\/www.instagram.com\/endoca\/","https:\/\/www.youtube.com\/channel\/UCNXwDCTBaa0WPEf1cOUHe9g"]}]}},"_links":{"self":[{"href":"https:\/\/www.endoca.com\/es\/wp-json\/wp\/v2\/pages\/141638","targetHints":{"allow":["GET"]}}],"collection":[{"href":"https:\/\/www.endoca.com\/es\/wp-json\/wp\/v2\/pages"}],"about":[{"href":"https:\/\/www.endoca.com\/es\/wp-json\/wp\/v2\/types\/page"}],"author":[{"embeddable":true,"href":"https:\/\/www.endoca.com\/es\/wp-json\/wp\/v2\/users\/1"}],"replies":[{"embeddable":true,"href":"https:\/\/www.endoca.com\/es\/wp-json\/wp\/v2\/comments?post=141638"}],"version-history":[{"count":0,"href":"https:\/\/www.endoca.com\/es\/wp-json\/wp\/v2\/pages\/141638\/revisions"}],"wp:attachment":[{"href":"https:\/\/www.endoca.com\/es\/wp-json\/wp\/v2\/media?parent=141638"}],"curies":[{"name":"wp","href":"https:\/\/api.w.org\/{rel}","templated":true}]}}