{"id":119017,"date":"2018-06-13T15:54:18","date_gmt":"2018-06-13T15:54:18","guid":{"rendered":"https:\/\/www.endoca.com\/cookie-policy"},"modified":"2020-05-24T07:14:14","modified_gmt":"2020-05-24T07:14:14","slug":"cookie-policy","status":"publish","type":"page","link":"https:\/\/www.endoca.com\/es\/cookie-policy","title":{"rendered":"Cookie Policy"},"content":{"rendered":"<div id=\"pl-119017\">\n<div id=\"pg-119017-0\">\n<div id=\"pgc-119017-0-0\" data-weight=\"1\">\n<div id=\"panel-119017-0-0-0\" data-index=\"0\" data-style=\"{&quot;background_image_attachment&quot;:false,&quot;background_display&quot;:&quot;tile&quot;}\">\n<div>\n<div>\n<div>\n<div>\n<div id=\"pl-119017\">\n<div id=\"pg-119017-0\">\n<div id=\"pgc-119017-0-0\" data-weight=\"1\">\n<div id=\"panel-119017-0-0-0\" data-index=\"0\" data-style=\"{&quot;background_image_attachment&quot;:false,&quot;background_display&quot;:&quot;tile&quot;}\">\n<div>\n<div>\n<div>\n<div>\n<p>Nos preocupamos por su privacidad y seguridad de los datos personales. El objetivo de esta Pol\u00edtica de privacidad (&#8220;la Pol\u00edtica&#8221;) es proporcionar garant\u00edas adecuadas y coherentes para el tratamiento de datos personales de conformidad con la Directiva 95\/46 \/ CE del Parlamento Europeo y del Consejo, de 24 de octubre de 1995, sobre la protecci\u00f3n de individuos en relaci\u00f3n con el procesamiento de datos personales y la libre circulaci\u00f3n de dichos datos (&#8220;la Directiva&#8221;) y toda la legislaci\u00f3n de transposici\u00f3n relevante de la Directiva en la Uni\u00f3n Europea \/ Espacio Econ\u00f3mico Europeo (&#8220;UE \/ EEE&#8221;), la La Ley Federal de Protecci\u00f3n de Datos, ya que dichas leyes pueden ser modificadas y v\u00e1lidas de vez en cuando durante la aplicaci\u00f3n de esta Pol\u00edtica, el marco de Protecci\u00f3n de la Privacidad de la UE y los EE. UU y cualquier otra ley, normativa y principios de privacidad relacionados con la recopilaci\u00f3n, almacenamiento, uso, transferencia y otro tratamiento de los Datos Personales transferidos desde el Espacio Econ\u00f3mico Europeo (&#8220;EEE&#8221;) o Suiza a los Estados Unidos, incluido, entre otros, el Reglamento (UE) 2016\/679 del Parlamento Europeo y del Consejo, de 27 de abril de 2016, sobre la protecci\u00f3n de las personas f\u00edsicas en relaci\u00f3n con el tratamiento de datos personales y sobre la libre circulaci\u00f3n de dichos datos, y por la que se deroga la Directiva 95\/46 \/ CE (el &#8220;Reglamento general de protecci\u00f3n de datos&#8221; y el &#8220;GDPR&#8221;) a partir de su entrada en vigor el 24 de mayo de 2018.<\/p>\n<p>A continuaci\u00f3n encontrar\u00e1 informaci\u00f3n detallada sobre c\u00f3mo Endoca maneja sus datos. Suponemos que todos los visitantes de nuestro sitio web y los usuarios de la plataforma de Endoca han le\u00eddo cuidadosamente este documento y est\u00e1n de acuerdo con su contenido. Si alguien no est\u00e1 de acuerdo con esta pol\u00edtica de privacidad, debe abstenerse de utilizar nuestro sitio web y nuestra plataforma. Nos reservamos el derecho de cambiar nuestra pol\u00edtica de privacidad seg\u00fan lo exija la necesidad. El uso continuado del sitio web y la plataforma de Endoca despu\u00e9s de haber sido informado de dichos cambios a estas condiciones implica la aceptaci\u00f3n de la pol\u00edtica de privacidad revisada.<\/p>\n<h2>DATOS DE ACCESO Y ALOJAMIENTO<\/h2>\n<p>Puede visitar nuestro sitio web sin revelar informaci\u00f3n personal. Con cada visita al sitio web, el servidor web almacena autom\u00e1ticamente solo el denominado archivo de registro del servidor que contiene, por ejemplo, el nombre del archivo solicitado, su direcci\u00f3n IP, la fecha y la hora de la solicitud, el volumen de datos transferidos y el proveedor solicitante (datos de acceso), y documenta la solicitud. Estos datos de acceso se analizan exclusivamente con el fin de garantizar el buen funcionamiento del sitio web y mejorar nuestra oferta.<\/p>\n<p>El procesamiento de datos se lleva a cabo de conformidad con el art. 6 (1) punto f GDPR sobre la base de nuestro inter\u00e9s leg\u00edtimo en mejorar la estabilidad y la funcionalidad de nuestro sitio web. Los datos no ser\u00e1n pasados \u200b\u200bo utilizados de ninguna otra manera. Sin embargo, nos reservamos el derecho de verificar los archivos de registro del servidor posteriormente, si hay indicaciones concretas de uso ilegal. Todos los datos recopilados por Endoca se almacenar\u00e1n exclusivamente en instalaciones de alojamiento seguro. Endoca tiene un acuerdo de procesamiento de datos con su proveedor, que garantiza el cumplimiento de la Directiva. Todo el alojamiento se realiza de acuerdo con las normas de seguridad m\u00e1s estrictas.<\/p>\n<p>\u00bfQU\u00c9 DATOS RECOPILAMOS SOBRE USTED Y DE QU\u00c9 FUENTES?<\/p>\n<p>Recibimos casi todos sus datos personales directamente de usted. Es usted quien, si as\u00ed lo desea, nos proporciona informaci\u00f3n de muestra directamente, por ejemplo, rellenando formularios de registro y datos de compra. Tambi\u00e9n recibimos sus datos directamente de su parte cuando env\u00eda una consulta en cualquiera de las formas que elija: envi\u00e1ndonos un correo electr\u00f3nico, envi\u00e1ndonos una solicitud por escrito, llamando a nuestra l\u00ednea de atenci\u00f3n al cliente, etc. Procesamos sus datos personales con su consentimiento, expresados \u200b\u200ben el momento de registrarse en el sitio web y en el momento de confirmar una transacci\u00f3n realizada en el sitio web. Su consentimiento para el procesamiento de sus datos personales es completamente voluntario, pero la falta de consentimiento hace que sea imposible registrarse y comprar a trav\u00e9s del sitio web. Utilizamos los datos que nos revela para realizar el contrato y procesar sus consultas de acuerdo con el art. 6 (1) 1 de la GDPR.<\/p>\n<p>Si no nos proporciona los datos solicitados, es posible que tengamos que cancelar un producto o servicio que haya solicitado, pero si lo hacemos, se lo notificaremos en el momento. Podemos recopilar las siguientes categor\u00edas de datos personales sobre usted:<\/p>\n<p>Comunicaci\u00f3n: Datos que incluyen cualquier comunicaci\u00f3n que nos env\u00ede, ya sea a trav\u00e9s del formulario de contacto en nuestro sitio web, a trav\u00e9s de correo electr\u00f3nico, mensajes de texto, mensajes de redes sociales, publicaciones en redes sociales o cualquier otra comunicaci\u00f3n que nos env\u00ede. Procesamos estos datos con el prop\u00f3sito de comunicarnos con usted, para el mantenimiento de registros y para el establecimiento, cumplimiento o defensa de reclamos legales. Nuestro fundamento legal para este procesamiento son nuestros intereses leg\u00edtimos, que en este caso son responder a las comunicaciones que nos env\u00edan, mantener registros y establecer, perseguir o defender reclamaciones legales. Datos de clientes que incluyen datos relacionados con cualquier compra de bienes y \/ o servicios como su nombre, t\u00edtulo, direcci\u00f3n de facturaci\u00f3n, direcci\u00f3n de correo electr\u00f3nico de entrega, n\u00famero de tel\u00e9fono, detalles de contacto, detalles de compra y detalles de su tarjeta.<\/p>\n<p>Datos del cliente que incluyen datos relacionados con cualquier compra de bienes y \/ o servicios, como su nombre, t\u00edtulo, direcci\u00f3n de facturaci\u00f3n, direcci\u00f3n de correo electr\u00f3nico de entrega, n\u00famero de tel\u00e9fono, detalles de contacto, detalles de compra y detalles de su tarjeta. Procesamos estos datos para suministrar los bienes y \/ o servicios que ha comprado y para mantener registros de dichas transacciones. Nuestro fundamento legal para este procesamiento es el cumplimiento de un contrato entre usted y nosotros y \/ o tomar los pasos que usted solicite para celebrar dicho contrato.<\/p>\n<p>Datos de usuario que incluyen datos sobre c\u00f3mo utiliza nuestro sitio web y cualquier servicio en l\u00ednea junto con cualquier informaci\u00f3n que publique para su publicaci\u00f3n en nuestro sitio web o a trav\u00e9s de otros servicios en l\u00ednea. Procesamos estos datos para operar nuestro sitio web y garantizar que se le proporcione contenido relevante, para garantizar la seguridad de nuestro sitio web, para mantener copias de seguridad de nuestro sitio web y \/ o bases de datos y para permitir la publicaci\u00f3n y administraci\u00f3n de nuestro sitio web, otros servicios en l\u00ednea y negocios. Nuestro fundamento legal para este procesamiento son nuestros intereses leg\u00edtimos que, en este caso, nos permiten administrar adecuadamente nuestro sitio web y nuestro negocio.<\/p>\n<p>Datos t\u00e9cnicos que incluyen datos sobre su uso de nuestro sitio web y servicios en l\u00ednea como su direcci\u00f3n IP, sus datos de inicio de sesi\u00f3n, detalles sobre su navegador, tiempo de visita a las p\u00e1ginas de nuestro sitio web, p\u00e1ginas vistas y rutas de navegaci\u00f3n, detalles sobre el n\u00famero de veces utiliza nuestro sitio web, la configuraci\u00f3n de zona horaria y otra tecnolog\u00eda en los dispositivos que utiliza para acceder a nuestro sitio web. La fuente de estos datos es de nuestro sistema de seguimiento anal\u00edtico. Procesamos estos datos para analizar su uso de nuestro sitio web y otros servicios en l\u00ednea, para administrar y proteger nuestro negocio y nuestro sitio web, para enviarle contenido relevante y anuncios, y para comprender la efectividad de nuestra publicidad. Nuestro fundamento legal para este procesamiento son nuestros intereses leg\u00edtimos, que en este caso nos permiten administrar adecuadamente nuestro sitio web y nuestro negocio y hacer crecer nuestro negocio y decidir nuestra estrategia de marketing.<\/p>\n<p>Datos de marketing que incluyen datos sobre sus preferencias para recibir nuestro marketing y el de nuestros terceros y sus preferencias de comunicaci\u00f3n. Procesamos estos datos para permitirle participar en nuestras promociones como concursos, sorteos y obsequios gratuitos, para entregarle contenido relevante de sitios web y anuncios, y medir o comprender la efectividad de este anuncio. Nuestro fundamento legal para este procesamiento son nuestros intereses leg\u00edtimos, que en este caso son estudiar c\u00f3mo los clientes utilizan nuestros productos \/ servicios, desarrollarlos, hacer crecer nuestro negocio y decidir nuestra estrategia de marketing.<\/p>\n<h2>\u00bfQU\u00c9 DERECHOS TIENE USTED PARA LA LEY DE PROTECCI\u00d3N DE DATOS Y C\u00d3MO PUEDE USARLOS?<\/h2>\n<p>La ley de protecci\u00f3n de datos aplicable le otorga derechos completos de los interesados \u200b\u200b(derechos de informaci\u00f3n e intervenci\u00f3n) con respecto al controlador de datos con respecto al procesamiento de sus datos personales, sobre los cuales le informamos a continuaci\u00f3n:<\/p>\n<p>Derecho de acceso por parte del sujeto de los datos conforme al art. 15 GDPR<br \/>\nDerecho de rectificaci\u00f3n en virtud del art. 16 GDPR<br \/>\nDerecho a borrar (&#8220;derecho a ser olvidado&#8221;) de conformidad con el art. 17 GDPR<br \/>\nDerecho a la restricci\u00f3n de tramitaci\u00f3n conforme al art. 18 GDPR<br \/>\nDerecho a ser informado en virtud del art. 19 GDPR<br \/>\nDerecho a la portabilidad de datos conforme al art. 20 GDPR<br \/>\nDerecho a retirar un consentimiento dado de conformidad con el art. 7 (3) GDPR<br \/>\nDerecho a presentar una reclamaci\u00f3n en virtud del art. 77 GDPR<br \/>\nAPLICACI\u00d3N Y RESOLUCI\u00d3N DE CONFLICTOS<br \/>\nDe conformidad con los Principios del Escudo de Privacidad de la UE, los EE. UU. Y Suiza y los EE. UU., Endoca se compromete a resolver las quejas sobre su privacidad y nuestra recopilaci\u00f3n o uso de su informaci\u00f3n personal. Los sujetos de datos de la UE y Suiza que tengan preguntas o inquietudes sobre el uso de sus Datos personales deben comunicarse con nosotros a: info@endoca.com.<\/p>\n<h2>DERECHO A OBJETAR<\/h2>\n<p>Usted tiene el derecho de objetar el procesamiento de sus datos por parte de Endoca, incluso si se basa en nuestros intereses leg\u00edtimos, el ejercicio de la autoridad oficial, el marketing directo y las estad\u00edsticas. Si desea que restringamos el procesamiento de sus datos, cont\u00e1ctenos en: info@endoca.com. Si ejerce su derecho a objetar, dejaremos de procesar los datos en cuesti\u00f3n; sin embargo, nos reservamos el derecho de continuar con el procesamiento si podemos demostrar razones convincentes dignas de protecci\u00f3n para el procesamiento que superan sus intereses, derechos fundamentales y libertades, o si el procesamiento Sirve para hacer valer, ejercer o defender reclamaciones legales.<\/p>\n<h2>Cookies<\/h2>\n<p>Para que su visita a nuestro sitio web sea atractiva y para permitir el uso de ciertas funciones, utilizamos las llamadas cookies en varias p\u00e1ginas. Estos son peque\u00f1os archivos de texto que se almacenan en su dispositivo final. Algunas de las cookies que utilizamos se eliminan despu\u00e9s del final de la sesi\u00f3n del navegador, es decir, despu\u00e9s de cerrar su navegador (las llamadas cookies de sesi\u00f3n). Otras cookies permanecen en su terminal y nos permiten a nosotros o a nuestras empresas asociadas (cookies de terceros) reconocer su navegador en su pr\u00f3xima visita (cookies persistentes). Si se configuran las cookies, recopilan y procesan informaci\u00f3n espec\u00edfica del usuario, como los datos de ubicaci\u00f3n y del navegador, as\u00ed como los valores de la direcci\u00f3n IP de acuerdo con los requisitos individuales. Las cookies persistentes se eliminan autom\u00e1ticamente despu\u00e9s de un per\u00edodo espec\u00edfico, que puede variar seg\u00fan la cookie. En algunos casos, las cookies se utilizan para simplificar el proceso de pedido al guardar la configuraci\u00f3n (por ejemplo, recordar el contenido de una cesta de la compra virtual para una visita posterior al sitio web). Si los datos personales tambi\u00e9n son procesados \u200b\u200bpor cookies individuales establecidas por nosotros, el procesamiento se lleva a cabo de conformidad con el art. 6 (1) punto b GDPR, ya sea para la ejecuci\u00f3n del contrato o de conformidad con el art. 6 (1) punto f GDPR para salvaguardar nuestros intereses leg\u00edtimos en la mejor funcionalidad posible del sitio web y un dise\u00f1o eficaz y amigable para el cliente de la visita de la p\u00e1gina. Tenga en cuenta que puede configurar su navegador de tal manera que se le informe sobre la configuraci\u00f3n de las cookies y que pueda decidir individualmente sobre su aceptaci\u00f3n o excluir la aceptaci\u00f3n de cookies para ciertos casos o en general. Cada navegador difiere en la forma en que administra la configuraci\u00f3n de las cookies. Esto se describe en el men\u00fa de ayuda de cada navegador, que explica c\u00f3mo puede cambiar la configuraci\u00f3n de sus cookies. Si deshabilita o rechaza las cookies, tenga en cuenta que algunas partes de este sitio web pueden volverse inaccesibles o no funcionar correctamente.<\/p>\n<h2>ENLACES DE TERCEROS<\/h2>\n<p>Este sitio web puede incluir enlaces a sitios web de terceros, complementos y aplicaciones. Hacer clic en esos enlaces o habilitar esas conexiones puede permitir que terceros recopilen o compartan datos sobre usted. No controlamos estos sitios web de terceros y no somos responsables de sus declaraciones de privacidad. Cuando abandone nuestro sitio web, le recomendamos que lea el aviso de privacidad de cada sitio web que visite.<\/p>\n<h2>VALIDEZ Y CAMBIOS DE LA POLITICA<\/h2>\n<p>Esta Pol\u00edtica se aplica desde el 24 de mayo de 2018. Si cambiamos esta Pol\u00edtica, anunciaremos su versi\u00f3n actualizada en esta p\u00e1gina.<\/p>\n<\/div>\n<\/div>\n<\/div>\n<\/div>\n<\/div>\n<\/div>\n<\/div>\n<\/div>\n<\/div>\n<\/div>\n<\/div>\n<\/div>\n<\/div>\n<\/div>\n<\/div>\n<\/div>\n","protected":false},"excerpt":{"rendered":"<p>Nos preocupamos por su privacidad y seguridad de los datos personales. El objetivo de esta Pol\u00edtica de privacidad (&#8220;la Pol\u00edtica&#8221;)&#8230;<\/p>\n","protected":false},"author":1,"featured_media":0,"parent":0,"menu_order":0,"comment_status":"closed","ping_status":"closed","template":"\/templates\/page-templates\/single-paper.php","meta":{"_acf_changed":false,"footnotes":""},"class_list":["post-119017","page","type-page","status-publish","hentry"],"acf":[],"yoast_head":"<title>Cookie Policy - Endoca\u00a9 CBD<\/title>\n<meta name=\"description\" content=\"Accede aqu\u00ed a nuestra pol\u00edtica de cookies. La informaci\u00f3n que recogemos sobre nuestros visitantes y el uso que le damos.\" \/>\n<meta name=\"robots\" content=\"index, follow, max-snippet:-1, max-image-preview:large, max-video-preview:-1\" \/>\n<link rel=\"canonical\" href=\"https:\/\/www.endoca.com\/es\/wp-json\/wp\/v2\/pages\/119017\" \/>\n<meta property=\"og:locale\" content=\"es_ES\" \/>\n<meta property=\"og:type\" content=\"article\" \/>\n<meta property=\"og:title\" content=\"Cookie Policy - Endoca\u00a9 CBD\" \/>\n<meta property=\"og:description\" content=\"Accede aqu\u00ed a nuestra pol\u00edtica de cookies. La informaci\u00f3n que recogemos sobre nuestros visitantes y el uso que le damos.\" \/>\n<meta property=\"og:url\" content=\"https:\/\/www.endoca.com\/es\/cookie-policy\" \/>\n<meta property=\"og:site_name\" content=\"Endoca\u00a9 CBD\" \/>\n<meta property=\"article:publisher\" content=\"https:\/\/www.facebook.com\/endoca\" \/>\n<meta property=\"article:modified_time\" content=\"2020-05-24T07:14:14+00:00\" \/>\n<meta property=\"og:image\" content=\"https:\/\/www.endoca.com\/wp-content\/uploads\/2021\/06\/endoca-products.jpg\" \/>\n\t<meta property=\"og:image:width\" content=\"500\" \/>\n\t<meta property=\"og:image:height\" content=\"300\" \/>\n\t<meta property=\"og:image:type\" content=\"image\/jpeg\" \/>\n<meta name=\"twitter:card\" content=\"summary_large_image\" \/>\n<meta name=\"twitter:site\" content=\"@Endocacbdoil\" \/>\n<meta name=\"twitter:label1\" content=\"Tiempo de lectura\" \/>\n\t<meta name=\"twitter:data1\" content=\"11 minutos\" \/>","yoast_head_json":{"title":"Cookie Policy - Endoca\u00a9 CBD","description":"Accede aqu\u00ed a nuestra pol\u00edtica de cookies. La informaci\u00f3n que recogemos sobre nuestros visitantes y el uso que le damos.","robots":{"index":"index","follow":"follow","max-snippet":"max-snippet:-1","max-image-preview":"max-image-preview:large","max-video-preview":"max-video-preview:-1"},"canonical":"https:\/\/www.endoca.com\/es\/wp-json\/wp\/v2\/pages\/119017","og_locale":"es_ES","og_type":"article","og_title":"Cookie Policy - Endoca\u00a9 CBD","og_description":"Accede aqu\u00ed a nuestra pol\u00edtica de cookies. La informaci\u00f3n que recogemos sobre nuestros visitantes y el uso que le damos.","og_url":"https:\/\/www.endoca.com\/es\/cookie-policy","og_site_name":"Endoca\u00a9 CBD","article_publisher":"https:\/\/www.facebook.com\/endoca","article_modified_time":"2020-05-24T07:14:14+00:00","og_image":[{"width":500,"height":300,"url":"https:\/\/www.endoca.com\/wp-content\/uploads\/2021\/06\/endoca-products.jpg","type":"image\/jpeg"}],"twitter_card":"summary_large_image","twitter_site":"@Endocacbdoil","twitter_misc":{"Tiempo de lectura":"11 minutos"},"schema":{"@context":"https:\/\/schema.org","@graph":[{"@type":"WebPage","@id":"https:\/\/www.endoca.com\/es\/cookie-policy","url":"https:\/\/www.endoca.com\/es\/cookie-policy","name":"Cookie Policy - Endoca\u00a9 CBD","isPartOf":{"@id":"https:\/\/www.endoca.com\/#website"},"datePublished":"2018-06-13T15:54:18+00:00","dateModified":"2020-05-24T07:14:14+00:00","description":"Accede aqu\u00ed a nuestra pol\u00edtica de cookies. La informaci\u00f3n que recogemos sobre nuestros visitantes y el uso que le damos.","breadcrumb":{"@id":"https:\/\/www.endoca.com\/es\/cookie-policy#breadcrumb"},"inLanguage":"es","potentialAction":[{"@type":"ReadAction","target":["https:\/\/www.endoca.com\/es\/cookie-policy"]}]},{"@type":"BreadcrumbList","@id":"https:\/\/www.endoca.com\/es\/cookie-policy#breadcrumb","itemListElement":[{"@type":"ListItem","position":1,"name":"Home","item":"https:\/\/www.endoca.com\/es"},{"@type":"ListItem","position":2,"name":"Cookie Policy"}]},{"@type":"WebSite","@id":"https:\/\/www.endoca.com\/#website","url":"https:\/\/www.endoca.com\/","name":"Endoca\u00a9 CBD","description":"Best CBD Oil 100% organic","publisher":{"@id":"https:\/\/www.endoca.com\/#organization"},"potentialAction":[{"@type":"SearchAction","target":{"@type":"EntryPoint","urlTemplate":"https:\/\/www.endoca.com\/?s={search_term_string}"},"query-input":{"@type":"PropertyValueSpecification","valueRequired":true,"valueName":"search_term_string"}}],"inLanguage":"es"},{"@type":"Organization","@id":"https:\/\/www.endoca.com\/#organization","name":"Endoca","url":"https:\/\/www.endoca.com\/","logo":{"@type":"ImageObject","inLanguage":"es","@id":"https:\/\/www.endoca.com\/#\/schema\/logo\/image\/","url":"https:\/\/www.endoca.com\/wp-content\/uploads\/2018\/08\/endoca-logo.png","contentUrl":"https:\/\/www.endoca.com\/wp-content\/uploads\/2018\/08\/endoca-logo.png","width":150,"height":50,"caption":"Endoca"},"image":{"@id":"https:\/\/www.endoca.com\/#\/schema\/logo\/image\/"},"sameAs":["https:\/\/www.facebook.com\/endoca","https:\/\/x.com\/Endocacbdoil","https:\/\/www.instagram.com\/endoca\/","https:\/\/www.youtube.com\/channel\/UCNXwDCTBaa0WPEf1cOUHe9g"]}]}},"_links":{"self":[{"href":"https:\/\/www.endoca.com\/es\/wp-json\/wp\/v2\/pages\/119017","targetHints":{"allow":["GET"]}}],"collection":[{"href":"https:\/\/www.endoca.com\/es\/wp-json\/wp\/v2\/pages"}],"about":[{"href":"https:\/\/www.endoca.com\/es\/wp-json\/wp\/v2\/types\/page"}],"author":[{"embeddable":true,"href":"https:\/\/www.endoca.com\/es\/wp-json\/wp\/v2\/users\/1"}],"replies":[{"embeddable":true,"href":"https:\/\/www.endoca.com\/es\/wp-json\/wp\/v2\/comments?post=119017"}],"version-history":[{"count":0,"href":"https:\/\/www.endoca.com\/es\/wp-json\/wp\/v2\/pages\/119017\/revisions"}],"wp:attachment":[{"href":"https:\/\/www.endoca.com\/es\/wp-json\/wp\/v2\/media?parent=119017"}],"curies":[{"name":"wp","href":"https:\/\/api.w.org\/{rel}","templated":true}]}}