{"id":118882,"date":"2019-04-17T11:07:04","date_gmt":"2019-04-17T11:07:04","guid":{"rendered":"https:\/\/www.endoca.com\/?page_id=118882"},"modified":"2023-01-03T11:21:03","modified_gmt":"2023-01-03T11:21:03","slug":"resenas-endoca","status":"publish","type":"page","link":"https:\/\/www.endoca.com\/es\/acerca-de-nosotros\/resenas-endoca","title":{"rendered":"Rese\u00f1as sobre Endoca"},"content":{"rendered":"<div id=\"pl-118882\"  class=\"panel-layout\" ><div id=\"pg-118882-0\"  class=\"panel-grid panel-no-style\" ><div id=\"pgc-118882-0-0\"  class=\"panel-grid-cell\" ><div id=\"panel-118882-0-0-0\" class=\"so-panel widget widget_mtt-cover-section panel-first-child panel-last-child\" data-index=\"0\" ><div\n\t\t\t\n\t\t\tclass=\"so-widget-mtt-cover-section so-widget-mtt-cover-section-base\"\n\t\t\t\n\t\t><div class=\"cover-wrapper compact\">\n\t<script type=\"application\/ld+json\">\n\t{\n\t\"@context\": \"http:\/\/schema.org\",\n\t\"@type\": \"BreadcrumbList\",\n\t\"itemListElement\": [\n\t\t\t\t{\n\t\t\"@type\": \"ListItem\",\n\t\t\"position\": 1,\n\t\t\"item\": {\n\t\t\t\"@id\": \"https:\/\/www.endoca.com\/es\",\n\t\t\t\"name\": \"Inicio\"\n\t\t}\n\t\t}\n\t\t\t\t,\n\t\t\t\t\t\t{\n\t\t\"@type\": \"ListItem\",\n\t\t\"position\": 2,\n\t\t\"item\": {\n\t\t\t\"@id\": \"https:\/\/www.endoca.com\/es\/acerca-de-nosotros\",\n\t\t\t\"name\": \"Acerca de nosotros\"\n\t\t}\n\t\t}\n\t\t\t\t,\n\t\t\t\t\t\t{\n\t\t\"@type\": \"ListItem\",\n\t\t\"position\": 3,\n\t\t\"item\": {\n\t\t\t\"@id\": \"https:\/\/www.endoca.com\/es\/acerca-de-nosotros\/resenas-endoca\",\n\t\t\t\"name\": \"Rese\u00f1as sobre Endoca\"\n\t\t}\n\t\t}\n\t\t\t\t\t\t]\n\t}\n<\/script>\n\n<div class=\"new-breadcrumb\">\n\t<ol class=\"breadcrumbs\">\n\t\t\t\t\t<li>\n\t\t\t\t\t\t\t\t\t<a href=\"https:\/\/www.endoca.com\/es\">Inicio<\/a>\n\t\t\t\t\t\t\t<\/li>\n\t\t\t\t\t<li>\n\t\t\t\t\t\t\t\t\t<a href=\"https:\/\/www.endoca.com\/es\/acerca-de-nosotros\">Acerca de nosotros<\/a>\n\t\t\t\t\t\t\t<\/li>\n\t\t\t\t\t<li>\n\t\t\t\t\t\t\t\t\tRese\u00f1as sobre Endoca\t\t\t\t\t\t\t<\/li>\n\t\t\t<\/ol>\n<\/div>\n\n\t<!-- Cover content -->\n\t<div class=\"cover-container\">\n\t\t<div class=\"cover-text-wrapper white\">\n\t\t\t<h1>Rese\u00f1as sobre Endoca<\/h1>\n\t\t\t\t\t<\/div>\n\t\t\t<\/div>\n<\/div>\n\n<!-- Structured data -->\n<\/div><\/div><\/div><\/div><div id=\"pg-118882-1\"  class=\"panel-grid panel-no-style\" ><div id=\"pgc-118882-1-0\"  class=\"panel-grid-cell\" ><div id=\"panel-118882-1-0-0\" class=\"so-panel widget widget_mtt-text-paper panel-first-child\" data-index=\"1\" ><div\n\t\t\t\n\t\t\tclass=\"so-widget-mtt-text-paper so-widget-mtt-text-paper-base\"\n\t\t\t\n\t\t><div class=\"text-paper-wrapper\">\n\t<div class=\"text-paper-container\">\n\t\t<div class=\"text-paper\">\n\t\t\t\t\t\t\t\t\t\t<div class=\"text-section intro\">\n\t\t\t\t\t<p>Puedes confiar\u00a0 en que los productos Endoca son adecuados para ti.\u00a0 Llevamos m\u00e1s de 10 a\u00f1os perfeccionando y siendo pioneros en la extracci\u00f3n y purificaci\u00f3n de CBD, haciendo de tu bienestar nuestra prioridad m\u00e1s elevada. Todos nuestros productos est\u00e1n certificados por GMP y producidos org\u00e1nicamente en el norte de Europa, en terrenos reconocidos por sus altos est\u00e1ndares en el cuidado del suelo y por sus bajos niveles de contaminaci\u00f3n.<\/p>\n<p>Aqu\u00ed en Endoca controlamos todo el proceso: desde la semilla hasta la venta. Por eso puedes confiar en que nuestro CBD es de la m\u00e1s alta calidad que puedas conseguir. Lee las rese\u00f1as de nuestros usuarios sobre nuestro aceite de c\u00e1\u00f1amo. Desde nuestro <a href=\"https:\/\/www.endoca.com\/es\/product\/1500-mg-no-tratados-cbd-cbda\">aceite de c\u00e1\u00f1amo crudo (RAW)<\/a> hasta nuestras<a href=\"https:\/\/www.endoca.com\/es\/shop\/capsulas-i-cbd\"> c\u00e1psulas de CBD.<\/a> Vea lo que nuestros clientes tienen que decir acerca de nuestros productos.<\/p>\n<p>Los productos de Endoca siempre son testados por laboratorios independientes de terceros. Puede acceder a los resultados en nuestros <a href=\"https:\/\/www.endoca.com\/es\/informes-de-calidad\">informes de calidad.<\/a> Aqu\u00ed, en Endoca, solo entregamos exactamente lo que est\u00e1 en la etiqueta. Nos enorgullecemos de nuestras formas innovadoras de trabajo, excelente servicio al cliente, transparencia y altos est\u00e1ndares para que pueda confiar plenamente en nosotros y experimentar los mejores productos de CBD.<\/p>\n<p>Puedes comprar los productos de Endoca en nuestra tienda online y obtener descuentos <a href=\"#eo-new-subscribe-box\">suscribi\u00e9ndote a nuestra newsletter<\/a><\/p>\n\t\t\t\t<\/div>\n\t\t\t\t\t\t\t\t<\/div>\n\t<\/div>\n<\/div><\/div><\/div><div id=\"panel-118882-1-0-1\" class=\"so-panel widget widget_mtt-trustpilot panel-last-child\" data-index=\"2\" ><div\n\t\t\t\n\t\t\tclass=\"so-widget-mtt-trustpilot so-widget-mtt-trustpilot-base\"\n\t\t\t\n\t\t>\n<div class=\"mtt-trustpilot-wrapper\">\n\t\t\t<div class=\"mtt-trustpilot-bg object-fit\">\n\t\t\t<img decoding=\"async\" nopin=\"nopin\" src=\"https:\/\/www.endoca.com\/wp-content\/uploads\/2017\/10\/trustpilot-background.jpg\" alt=\"Endoca CBD trustpilot background\">\n\t\t<\/div>\n\t\t<div class=\"mtt-trustpilot-container\">\n\t\t<div class=\"trustpilot-title-container\">\n\t\t\t<h2><\/h2>\n\t\t\t<div class=\"trustpilot-score\">\n\t\t\t<\/div>\n\t\t<\/div>\n\t\t<div class=\"trustpilot-grid\">\n\t\t\t<img decoding=\"async\" src=\"https:\/\/www.endoca.com\/wp-content\/themes\/mtt-wordpress-theme\/assets\/img\/loaders\/Ellipsis.svg\"\n\t\t\t\t alt=\"loading reviews\" class=\"trustpilot-preloader\">\n\t\t<\/div>\n\t<\/div>\n<\/div><\/div><\/div><\/div><\/div><\/div>","protected":false},"excerpt":{"rendered":"<p>Inicio Acerca de nosotros Rese\u00f1as sobre Endoca Rese\u00f1as sobre Endoca Puedes confiar\u00a0 en que los productos Endoca son adecuados para&#8230;<\/p>\n","protected":false},"author":42475,"featured_media":0,"parent":2980,"menu_order":0,"comment_status":"closed","ping_status":"closed","template":"","meta":{"_acf_changed":false,"footnotes":""},"class_list":["post-118882","page","type-page","status-publish","hentry"],"acf":[],"yoast_head":"<title>Rese\u00f1as sobre Endoca | Las oponiones de nuestros clientes<\/title>\n<meta name=\"description\" content=\"En Endoca levamos m\u00e1s de 10 a\u00f1os perfeccionando y siendo pioneros en la extracci\u00f3n y purificaci\u00f3n de CBD. Tu bienestar nuestros prioridad m\u00e1s elevada.\" \/>\n<meta name=\"robots\" content=\"index, follow, max-snippet:-1, max-image-preview:large, max-video-preview:-1\" \/>\n<link rel=\"canonical\" href=\"https:\/\/www.endoca.com\/es\/wp-json\/wp\/v2\/pages\/118882\" \/>\n<meta property=\"og:locale\" content=\"es_ES\" \/>\n<meta property=\"og:type\" content=\"article\" \/>\n<meta property=\"og:title\" content=\"Rese\u00f1as sobre Endoca | Las oponiones de nuestros clientes\" \/>\n<meta property=\"og:description\" content=\"En Endoca levamos m\u00e1s de 10 a\u00f1os perfeccionando y siendo pioneros en la extracci\u00f3n y purificaci\u00f3n de CBD. Tu bienestar nuestros prioridad m\u00e1s elevada.\" \/>\n<meta property=\"og:url\" content=\"https:\/\/www.endoca.com\/es\/acerca-de-nosotros\/resenas-endoca\" \/>\n<meta property=\"og:site_name\" content=\"Endoca\u00a9 CBD\" \/>\n<meta property=\"article:publisher\" content=\"https:\/\/www.facebook.com\/endoca\" \/>\n<meta property=\"article:modified_time\" content=\"2023-01-03T11:21:03+00:00\" \/>\n<meta property=\"og:image\" content=\"https:\/\/www.endoca.com\/wp-content\/uploads\/2021\/06\/endoca-products.jpg\" \/>\n\t<meta property=\"og:image:width\" content=\"500\" \/>\n\t<meta property=\"og:image:height\" content=\"300\" \/>\n\t<meta property=\"og:image:type\" content=\"image\/jpeg\" \/>\n<meta name=\"twitter:card\" content=\"summary_large_image\" \/>\n<meta name=\"twitter:site\" content=\"@Endocacbdoil\" \/>\n<meta name=\"twitter:label1\" content=\"Tiempo de lectura\" \/>\n\t<meta name=\"twitter:data1\" content=\"1 minuto\" \/>","yoast_head_json":{"title":"Rese\u00f1as sobre Endoca | Las oponiones de nuestros clientes","description":"En Endoca levamos m\u00e1s de 10 a\u00f1os perfeccionando y siendo pioneros en la extracci\u00f3n y purificaci\u00f3n de CBD. Tu bienestar nuestros prioridad m\u00e1s elevada.","robots":{"index":"index","follow":"follow","max-snippet":"max-snippet:-1","max-image-preview":"max-image-preview:large","max-video-preview":"max-video-preview:-1"},"canonical":"https:\/\/www.endoca.com\/es\/wp-json\/wp\/v2\/pages\/118882","og_locale":"es_ES","og_type":"article","og_title":"Rese\u00f1as sobre Endoca | Las oponiones de nuestros clientes","og_description":"En Endoca levamos m\u00e1s de 10 a\u00f1os perfeccionando y siendo pioneros en la extracci\u00f3n y purificaci\u00f3n de CBD. Tu bienestar nuestros prioridad m\u00e1s elevada.","og_url":"https:\/\/www.endoca.com\/es\/acerca-de-nosotros\/resenas-endoca","og_site_name":"Endoca\u00a9 CBD","article_publisher":"https:\/\/www.facebook.com\/endoca","article_modified_time":"2023-01-03T11:21:03+00:00","og_image":[{"width":500,"height":300,"url":"https:\/\/www.endoca.com\/wp-content\/uploads\/2021\/06\/endoca-products.jpg","type":"image\/jpeg"}],"twitter_card":"summary_large_image","twitter_site":"@Endocacbdoil","twitter_misc":{"Tiempo de lectura":"1 minuto"},"schema":{"@context":"https:\/\/schema.org","@graph":[{"@type":"WebPage","@id":"https:\/\/www.endoca.com\/es\/acerca-de-nosotros\/resenas-endoca","url":"https:\/\/www.endoca.com\/es\/acerca-de-nosotros\/resenas-endoca","name":"Rese\u00f1as sobre Endoca | Las oponiones de nuestros clientes","isPartOf":{"@id":"https:\/\/www.endoca.com\/#website"},"datePublished":"2019-04-17T11:07:04+00:00","dateModified":"2023-01-03T11:21:03+00:00","description":"En Endoca levamos m\u00e1s de 10 a\u00f1os perfeccionando y siendo pioneros en la extracci\u00f3n y purificaci\u00f3n de CBD. Tu bienestar nuestros prioridad m\u00e1s elevada.","breadcrumb":{"@id":"https:\/\/www.endoca.com\/es\/acerca-de-nosotros\/resenas-endoca#breadcrumb"},"inLanguage":"es","potentialAction":[{"@type":"ReadAction","target":["https:\/\/www.endoca.com\/es\/acerca-de-nosotros\/resenas-endoca"]}]},{"@type":"BreadcrumbList","@id":"https:\/\/www.endoca.com\/es\/acerca-de-nosotros\/resenas-endoca#breadcrumb","itemListElement":[{"@type":"ListItem","position":1,"name":"Home","item":"https:\/\/www.endoca.com\/es"},{"@type":"ListItem","position":2,"name":"Acerca de nosotros","item":"https:\/\/www.endoca.com\/es\/acerca-de-nosotros"},{"@type":"ListItem","position":3,"name":"Rese\u00f1as sobre Endoca"}]},{"@type":"WebSite","@id":"https:\/\/www.endoca.com\/#website","url":"https:\/\/www.endoca.com\/","name":"Endoca\u00a9 CBD","description":"Best CBD Oil 100% organic","publisher":{"@id":"https:\/\/www.endoca.com\/#organization"},"potentialAction":[{"@type":"SearchAction","target":{"@type":"EntryPoint","urlTemplate":"https:\/\/www.endoca.com\/?s={search_term_string}"},"query-input":{"@type":"PropertyValueSpecification","valueRequired":true,"valueName":"search_term_string"}}],"inLanguage":"es"},{"@type":"Organization","@id":"https:\/\/www.endoca.com\/#organization","name":"Endoca","url":"https:\/\/www.endoca.com\/","logo":{"@type":"ImageObject","inLanguage":"es","@id":"https:\/\/www.endoca.com\/#\/schema\/logo\/image\/","url":"https:\/\/www.endoca.com\/wp-content\/uploads\/2018\/08\/endoca-logo.png","contentUrl":"https:\/\/www.endoca.com\/wp-content\/uploads\/2018\/08\/endoca-logo.png","width":150,"height":50,"caption":"Endoca"},"image":{"@id":"https:\/\/www.endoca.com\/#\/schema\/logo\/image\/"},"sameAs":["https:\/\/www.facebook.com\/endoca","https:\/\/x.com\/Endocacbdoil","https:\/\/www.instagram.com\/endoca\/","https:\/\/www.youtube.com\/channel\/UCNXwDCTBaa0WPEf1cOUHe9g"]}]}},"_links":{"self":[{"href":"https:\/\/www.endoca.com\/es\/wp-json\/wp\/v2\/pages\/118882","targetHints":{"allow":["GET"]}}],"collection":[{"href":"https:\/\/www.endoca.com\/es\/wp-json\/wp\/v2\/pages"}],"about":[{"href":"https:\/\/www.endoca.com\/es\/wp-json\/wp\/v2\/types\/page"}],"author":[{"embeddable":true,"href":"https:\/\/www.endoca.com\/es\/wp-json\/wp\/v2\/users\/42475"}],"replies":[{"embeddable":true,"href":"https:\/\/www.endoca.com\/es\/wp-json\/wp\/v2\/comments?post=118882"}],"version-history":[{"count":0,"href":"https:\/\/www.endoca.com\/es\/wp-json\/wp\/v2\/pages\/118882\/revisions"}],"up":[{"embeddable":true,"href":"https:\/\/www.endoca.com\/es\/wp-json\/wp\/v2\/pages\/2980"}],"wp:attachment":[{"href":"https:\/\/www.endoca.com\/es\/wp-json\/wp\/v2\/media?parent=118882"}],"curies":[{"name":"wp","href":"https:\/\/api.w.org\/{rel}","templated":true}]}}