{"id":116135,"date":"2019-04-05T14:44:10","date_gmt":"2019-04-05T14:44:10","guid":{"rendered":"https:\/\/www.endoca.com\/?page_id=116135"},"modified":"2023-01-03T12:23:28","modified_gmt":"2023-01-03T12:23:28","slug":"donde-comprar-cbd","status":"publish","type":"page","link":"https:\/\/www.endoca.com\/es\/acerca-del-cbd\/donde-comprar-cbd","title":{"rendered":"D\u00f3nde comprar CBD"},"content":{"rendered":"<div id=\"pl-116135\"  class=\"panel-layout\" ><div id=\"pg-116135-0\"  class=\"panel-grid panel-no-style\" ><div id=\"pgc-116135-0-0\"  class=\"panel-grid-cell\" ><div id=\"panel-116135-0-0-0\" class=\"so-panel widget widget_mtt-cover-section panel-first-child\" data-index=\"0\" ><div\n\t\t\t\n\t\t\tclass=\"so-widget-mtt-cover-section so-widget-mtt-cover-section-base\"\n\t\t\t\n\t\t><div class=\"cover-wrapper compact\">\n\t<script type=\"application\/ld+json\">\n\t{\n\t\"@context\": \"http:\/\/schema.org\",\n\t\"@type\": \"BreadcrumbList\",\n\t\"itemListElement\": [\n\t\t\t\t{\n\t\t\"@type\": \"ListItem\",\n\t\t\"position\": 1,\n\t\t\"item\": {\n\t\t\t\"@id\": \"https:\/\/www.endoca.com\/es\",\n\t\t\t\"name\": \"Inicio\"\n\t\t}\n\t\t}\n\t\t\t\t,\n\t\t\t\t\t\t{\n\t\t\"@type\": \"ListItem\",\n\t\t\"position\": 2,\n\t\t\"item\": {\n\t\t\t\"@id\": \"https:\/\/www.endoca.com\/es\/acerca-del-cbd\",\n\t\t\t\"name\": \"Acerca del CBD\"\n\t\t}\n\t\t}\n\t\t\t\t,\n\t\t\t\t\t\t{\n\t\t\"@type\": \"ListItem\",\n\t\t\"position\": 3,\n\t\t\"item\": {\n\t\t\t\"@id\": \"https:\/\/www.endoca.com\/es\/acerca-del-cbd\/donde-comprar-cbd\",\n\t\t\t\"name\": \"D\u00f3nde comprar CBD\"\n\t\t}\n\t\t}\n\t\t\t\t\t\t]\n\t}\n<\/script>\n\n<div class=\"new-breadcrumb\">\n\t<ol class=\"breadcrumbs\">\n\t\t\t\t\t<li>\n\t\t\t\t\t\t\t\t\t<a href=\"https:\/\/www.endoca.com\/es\">Inicio<\/a>\n\t\t\t\t\t\t\t<\/li>\n\t\t\t\t\t<li>\n\t\t\t\t\t\t\t\t\t<a href=\"https:\/\/www.endoca.com\/es\/acerca-del-cbd\">Acerca del CBD<\/a>\n\t\t\t\t\t\t\t<\/li>\n\t\t\t\t\t<li>\n\t\t\t\t\t\t\t\t\tD\u00f3nde comprar CBD\t\t\t\t\t\t\t<\/li>\n\t\t\t<\/ol>\n<\/div>\n\n\t<!-- Cover content -->\n\t<div class=\"cover-container\">\n\t\t<div class=\"cover-text-wrapper white\">\n\t\t\t<h1>D\u00f3nde comprar CBD<\/h1>\n\t\t\t\t\t<\/div>\n\t\t\t<\/div>\n<\/div>\n\n<!-- Structured data -->\n<\/div><\/div><div id=\"panel-116135-0-0-1\" class=\"so-panel widget widget_mtt-text-paper panel-last-child\" data-index=\"1\" ><div\n\t\t\t\n\t\t\tclass=\"so-widget-mtt-text-paper so-widget-mtt-text-paper-base\"\n\t\t\t\n\t\t><div class=\"text-paper-wrapper\">\n\t<div class=\"text-paper-container\">\n\t\t<div class=\"text-paper\">\n\t\t\t\t\t\t\t\t\t\t<div class=\"text-section intro\">\n\t\t\t\t\t<p><span style=\"font-weight: 400;\">\u00bfEst\u00e1s buscando <strong>d\u00f3nde comprar CBD<\/strong> pero no sabes por d\u00f3nde empezar<\/span><span style=\"font-weight: 400;\">? Es un problema habitual en la gente interesada en el CBD. Mientras, por un lado, crece la expectaci\u00f3n y el inter\u00e9s por los <a href=\"https:\/\/www.endoca.com\/es\/acerca-del-cbd\">beneficios del CBD<\/a>, por otra parte resulta dificil saber d\u00f3nde se puede llegar a comprar y entender qu\u00e9 factores priman a la hora de decidirse por una u otra opci\u00f3n. Probablemente haya diferentes factores que quieras tener en cuenta a la hora de hacer tu compra: la calidad del producto, el grado de concentraci\u00f3n del producto e incluso si es <a href=\"https:\/\/www.endoca.com\/es\/acerca-del-cbd\/cbd-legal\">legal<\/a> o <a href=\"https:\/\/www.endoca.com\/es\/acerca-del-cbd\/efectos-cbd\">si es seguro para ti<\/a> el utilizarlo.<\/span><\/p>\n\t\t\t\t<\/div>\n\t\t\t\t\t\t\t\t\t\t<div class=\"text-section\">\n\t\t\t\t\t<h2>D\u00f3nde comprar aceite de CBD<\/h2>\n\t\t\t\t\t<p>Al<strong> buscar CBD online <\/strong>puede llegar a ser frustrante el navegar por un laberinto de tiendas en l\u00ednea y compa\u00f1\u00edas. Sin embargo, es importante investigar a fondo su compra para garantizar que las empresas sean leg\u00edtimas, seguras y transparentes en sus m\u00e9todos de producci\u00f3n. Puede comprar directamente a un productor de CBD, como <a href=\"https:\/\/www.endoca.com\/es\"><strong>Endoca<\/strong><\/a>, o puede encontrar un distribuidor que venda la marca que deseas.<\/p>\n<p>Comprar directamente a un productor a veces puede resultar m\u00e1s barato, pero no siempre es as\u00ed. Un revendedor puede ser una mejor opci\u00f3n <strong>en los casos en los que la legalidad del CDB no est\u00e1 clara<\/strong> o cuando se quiere evitar el importar el CBD a trav\u00e9s de aduanas o a trav\u00e9s de l\u00edneas estatales (en el caso de Espa\u00f1a nuestro almac\u00e9n est\u00e1 en Alemania, as\u00ed que el env\u00edo se realiza dentro de la UE).<\/p>\n<p>En caso de duda siempre es una buena idea ponerse en contacto con el productor o revendedor y verificar d\u00f3nde est\u00e1n ubicadas sus instalaciones de env\u00edo.<\/p>\n<p>Ten cuidado con las compa\u00f1\u00edas que realizan afirmaciones m\u00e9dicas o intentan dar a entender que tienen un respaldo m\u00e9dico tras su producto; esto va directamente contra las directrices actuales de la FDA. A pesar de que el CBD tiene muchos beneficios para la salud, en la mayor\u00eda de los pa\u00edses hacer reclamaciones m\u00e9dicas es ilegal.<\/p>\n<p>Comprar aceite de CBD de Endoca brinda acceso a una amplia gama de productos derivados del cannabis y el c\u00e1\u00f1amo: desde gotas de aceite de CBD y pasta hasta c\u00e1psulas y cristales. El aceite de CBD es una sustancia natural saludable y extremadamente vers\u00e1til que se puede consumir de muchas formas diferentes. Aqu\u00ed te dejamos un peque\u00f1o art\u00edculo acerca de c\u00f3mo puedes utilizar el CBD en funci\u00f3n de tus necesidades o del tipo de producto que est\u00e9s buscando. Si no est\u00e1s seguro de d\u00f3nde comprar CBD, es mejor comenzar con un minorista certificado con pr\u00e1cticas transparentes.<\/p>\n<p>Nosotros, en Endoca, ofrecemos una <a href=\"https:\/\/www.endoca.com\/es\/tienda\">gama de productos org\u00e1nicos de CBD<\/a> y aceite de c\u00e1\u00f1amo con certificaci\u00f3n GMP (buenas pr\u00e1cticas de fabricaci\u00f3n), por lo que est\u00e1s en buenas manos.<\/p>\n<h2>\u00bfEs seguro comprar aceite de CBD en l\u00ednea?<\/h2>\n<p><strong>El aceite de CBD derivado del c\u00e1\u00f1amo no es un medicamento<\/strong>. y por lo tanto no es ilegal comprarlo o poseerlo. Sin embargo, cuando se compra CBD online, los usuarios deben tener cuidado al comprar el producto de productores que no son claros sobre la fuente de su cannabis y sobre su proceso de extracci\u00f3n. Aqu\u00ed, en Endoca, siempre hemos sido defensores de la transparencia y queremos ayudarte a entender cada paso del proceso de producci\u00f3n para darte una imagen real acerca de d\u00f3nde proviene tu aceite de CBD y c\u00f3mo se fabrica.<\/p>\n<p>Si desea comprar un aceite de CBD reconocido como producto de alta calidad con certificaci\u00f3n de terceros, explore nuestra gama en Endoca. \u00bfTiene alguna pregunta? \u00bfNecesita informaci\u00f3n o consejo? No dude en hablar con nuestro equipo de atenci\u00f3n al cliente, que estar\u00e1 encantado de ayudarle.<\/p>\n<h3>Qu\u00e9 hay que tener en cuenta a la hora de comprar aceite de CBD.<\/h3>\n<p>Hemos creado una breve <strong>lista de verificaci\u00f3n de factores importantes a la hora de comprar aceite de CBD<\/strong>. Estos pasos son importantes para garantizarte que elijas un producto que sea adecuado para tus necesidades y que provenga de una fuente segura y fiable:<\/p>\n<ul>\n<li>Investiga sobre las compa\u00f1\u00edas y productos en los que est\u00e1s interesado.<\/li>\n<li>Elije <strong>una marca fiable de aceite de CBD<\/strong>.<\/li>\n<li>Busca siempre la calidad, no precios bajos.<\/li>\n<li>Elije el tipo de producto de CBD que deseas comprar en funci\u00f3n de tus necesidades: aceite, extracto, c\u00e1psulas, vape, supositorios.<\/li>\n<\/ul>\n<h2>\u00bfQu\u00e9 aceite de CBD deber\u00eda comprar?<\/h2>\n<p>\u00bfQuieres comprar aceite de CBD pero est\u00e1s confundido sobre qu\u00e9 tipo de producto comprar? Es importante que informarse antes de comprar el aceite de CBD adecuado para ti. Hay tres tipos principales de aceite de c\u00e1\u00f1amo que puedes comprar:<\/p>\n<ul>\n<li>CBD prensado en fr\u00edo,<\/li>\n<li>CBD refinado utilizado en productos de belleza<\/li>\n<li>Flores y tallos de la planta de c\u00e1\u00f1amo industrial que contienen altos niveles de cannabinoides.<\/li>\n<\/ul>\n<p>Los diferentes tipos de CDB ofrecen distintos beneficios.<\/p>\n<h2>Tipos de CDB disponibles en l\u00ednea<\/h2>\n<p>Adem\u00e1s del <strong>cl\u00e1sico aceite de CBD<\/strong>, aqu\u00ed en Endoca tambi\u00e9n ofrecemos el CBD en diferentes formatos: c\u00e1psulas, pastillas, pasta, cristales, shish (para vaporizar), supositorios, goma de mascar, crema de c\u00e1\u00f1amo, aceite de semilla de c\u00e1\u00f1amo...<\/p>\n<h2>\u00bfPor qu\u00e9 necesito saber d\u00f3nde comprar aceite de CBD?<\/h2>\n<p>Debido al bajo nivel de regulaci\u00f3n dentro de la industria de CBD, el aceite de c\u00e1\u00f1amo barato obtenido en China como un subproducto de la fibra de c\u00e1\u00f1amo est\u00e1 disponible para comprar. Si compra aceite de c\u00e1\u00f1amo de fuentes no reguladas, su salud est\u00e1 en riesgo. Muchos de estos aceites no se han probado correctamente y con frecuencia contienen contaminantes peligrosos, ya que son restos de m\u00e9todos agr\u00edcolas; no creado para el consumo humano.<\/p>\n<h2>Aceite de CDB org\u00e1nico versus aceite de CDB no org\u00e1nico<\/h2>\n<p><strong>El c\u00e1\u00f1amo es famoso por su capacidad para extraer nutrientes del suelo<\/strong>, por lo que<strong> si ese suelo no est\u00e1 certificado como org\u00e1nico puede contener residuos de sustancias qu\u00edmicas nocivas<\/strong>, micotoxinas y hongos. El aceite de c\u00e1\u00f1amo medicinal de buena calidad se someter\u00e1 a pruebas de laboratorio para que sepa exactamente <strong>qu\u00e9 porcentaje de CBD contien <\/strong>y para que no incluya pesticidas, metales pesados \u200b\u200by otras impurezas.<\/p>\n<h2>Extracci\u00f3n de aceite de CBD<\/h2>\n<p>El m\u00e9todo para la <strong>extracci\u00f3n de aceite de c\u00e1\u00f1amo (o CBD)<\/strong>\u00a0es muy importante. La mejor manera es mediante la extracci\u00f3n de CO2 supercr\u00edtico, que es la forma en que, en Endoca, fabricamos y procesamos nuestro aceite de CBD.<\/p>\n<p>Esto produce un aceite muy puro que tiene un alto contenido de cannabinoides como el CBD y el CBDa. Otros m\u00e9todos de extracci\u00f3n utilizan un disolvente como el alcohol isoprop\u00edlico para eliminar los aceites del material vegetal y luego evaporar el l\u00edquido, dejando atr\u00e1s el aceite de c\u00e1\u00f1amo. Aqu\u00ed en Endoca, publicamos todas nuestras pruebas de laboratorio en nuestra p\u00e1gina web para que pueda ver exactamente lo que est\u00e1 comprando y <strong>los procesos detr\u00e1s de la producci\u00f3n y fabricaci\u00f3n de nuestro CBD<\/strong>. Tambi\u00e9n realizamos pruebas de pesticidas y metales pesados, organismos microbianos, hongos, moho y otras impurezas.<\/p>\n\t\t\t\t<\/div>\n\t\t\t\t\t<\/div>\n\t<\/div>\n<\/div><\/div><\/div><\/div><\/div><\/div>","protected":false},"excerpt":{"rendered":"<p>Inicio Acerca del CBD D\u00f3nde comprar CBD D\u00f3nde comprar CBD \u00bfEst\u00e1s buscando d\u00f3nde comprar CBD pero no sabes por d\u00f3nde&#8230;<\/p>\n","protected":false},"author":42475,"featured_media":16816,"parent":1934,"menu_order":0,"comment_status":"closed","ping_status":"closed","template":"","meta":{"_acf_changed":false,"footnotes":""},"class_list":["post-116135","page","type-page","status-publish","has-post-thumbnail","hentry"],"acf":[],"yoast_head":"<title>D\u00f3nde comprar CBD | Lee los informaci\u00f3nes importantes<\/title>\n<meta name=\"description\" content=\"\u00bfEst\u00e1s interesado en comprar CBD pero no sabes por d\u00f3nde empezar a buscar? Te ayudamos a encontrar tu punto de venta. Todos los informaci\u00f3nes aqu\u00ed.\" \/>\n<meta name=\"robots\" content=\"index, follow, max-snippet:-1, max-image-preview:large, max-video-preview:-1\" \/>\n<link rel=\"canonical\" href=\"https:\/\/www.endoca.com\/es\/wp-json\/wp\/v2\/pages\/116135\" \/>\n<meta property=\"og:locale\" content=\"es_ES\" \/>\n<meta property=\"og:type\" content=\"article\" \/>\n<meta property=\"og:title\" content=\"D\u00f3nde comprar CBD | Lee los informaci\u00f3nes importantes\" \/>\n<meta property=\"og:description\" content=\"\u00bfEst\u00e1s interesado en comprar CBD pero no sabes por d\u00f3nde empezar a buscar? Te ayudamos a encontrar tu punto de venta. Todos los informaci\u00f3nes aqu\u00ed.\" \/>\n<meta property=\"og:url\" content=\"https:\/\/www.endoca.com\/es\/acerca-del-cbd\/donde-comprar-cbd\" \/>\n<meta property=\"og:site_name\" content=\"Endoca\u00a9 CBD\" \/>\n<meta property=\"article:publisher\" content=\"https:\/\/www.facebook.com\/endoca\" \/>\n<meta property=\"article:modified_time\" content=\"2023-01-03T12:23:28+00:00\" \/>\n<meta property=\"og:image\" content=\"https:\/\/www.endoca.com\/wp-content\/uploads\/2018\/01\/239A9998.jpg\" \/>\n\t<meta property=\"og:image:width\" content=\"1200\" \/>\n\t<meta property=\"og:image:height\" content=\"800\" \/>\n\t<meta property=\"og:image:type\" content=\"image\/jpeg\" \/>\n<meta name=\"twitter:card\" content=\"summary_large_image\" \/>\n<meta name=\"twitter:site\" content=\"@Endocacbdoil\" \/>\n<meta name=\"twitter:label1\" content=\"Tiempo de lectura\" \/>\n\t<meta name=\"twitter:data1\" content=\"1 minuto\" \/>","yoast_head_json":{"title":"D\u00f3nde comprar CBD | Lee los informaci\u00f3nes importantes","description":"\u00bfEst\u00e1s interesado en comprar CBD pero no sabes por d\u00f3nde empezar a buscar? Te ayudamos a encontrar tu punto de venta. Todos los informaci\u00f3nes aqu\u00ed.","robots":{"index":"index","follow":"follow","max-snippet":"max-snippet:-1","max-image-preview":"max-image-preview:large","max-video-preview":"max-video-preview:-1"},"canonical":"https:\/\/www.endoca.com\/es\/wp-json\/wp\/v2\/pages\/116135","og_locale":"es_ES","og_type":"article","og_title":"D\u00f3nde comprar CBD | Lee los informaci\u00f3nes importantes","og_description":"\u00bfEst\u00e1s interesado en comprar CBD pero no sabes por d\u00f3nde empezar a buscar? Te ayudamos a encontrar tu punto de venta. Todos los informaci\u00f3nes aqu\u00ed.","og_url":"https:\/\/www.endoca.com\/es\/acerca-del-cbd\/donde-comprar-cbd","og_site_name":"Endoca\u00a9 CBD","article_publisher":"https:\/\/www.facebook.com\/endoca","article_modified_time":"2023-01-03T12:23:28+00:00","og_image":[{"width":1200,"height":800,"url":"https:\/\/www.endoca.com\/wp-content\/uploads\/2018\/01\/239A9998.jpg","type":"image\/jpeg"}],"twitter_card":"summary_large_image","twitter_site":"@Endocacbdoil","twitter_misc":{"Tiempo de lectura":"1 minuto"},"schema":{"@context":"https:\/\/schema.org","@graph":[{"@type":"WebPage","@id":"https:\/\/www.endoca.com\/es\/acerca-del-cbd\/donde-comprar-cbd","url":"https:\/\/www.endoca.com\/es\/acerca-del-cbd\/donde-comprar-cbd","name":"D\u00f3nde comprar CBD | Lee los informaci\u00f3nes importantes","isPartOf":{"@id":"https:\/\/www.endoca.com\/#website"},"primaryImageOfPage":{"@id":"https:\/\/www.endoca.com\/es\/acerca-del-cbd\/donde-comprar-cbd#primaryimage"},"image":{"@id":"https:\/\/www.endoca.com\/es\/acerca-del-cbd\/donde-comprar-cbd#primaryimage"},"thumbnailUrl":"https:\/\/www.endoca.com\/wp-content\/uploads\/2018\/01\/239A9998.jpg","datePublished":"2019-04-05T14:44:10+00:00","dateModified":"2023-01-03T12:23:28+00:00","description":"\u00bfEst\u00e1s interesado en comprar CBD pero no sabes por d\u00f3nde empezar a buscar? Te ayudamos a encontrar tu punto de venta. Todos los informaci\u00f3nes aqu\u00ed.","breadcrumb":{"@id":"https:\/\/www.endoca.com\/es\/acerca-del-cbd\/donde-comprar-cbd#breadcrumb"},"inLanguage":"es","potentialAction":[{"@type":"ReadAction","target":["https:\/\/www.endoca.com\/es\/acerca-del-cbd\/donde-comprar-cbd"]}]},{"@type":"ImageObject","inLanguage":"es","@id":"https:\/\/www.endoca.com\/es\/acerca-del-cbd\/donde-comprar-cbd#primaryimage","url":"https:\/\/www.endoca.com\/wp-content\/uploads\/2018\/01\/239A9998.jpg","contentUrl":"https:\/\/www.endoca.com\/wp-content\/uploads\/2018\/01\/239A9998.jpg","width":1200,"height":800,"caption":"where to buy cbd oil"},{"@type":"BreadcrumbList","@id":"https:\/\/www.endoca.com\/es\/acerca-del-cbd\/donde-comprar-cbd#breadcrumb","itemListElement":[{"@type":"ListItem","position":1,"name":"Home","item":"https:\/\/www.endoca.com\/es"},{"@type":"ListItem","position":2,"name":"Acerca del CBD","item":"https:\/\/www.endoca.com\/es\/acerca-del-cbd"},{"@type":"ListItem","position":3,"name":"D\u00f3nde comprar CBD"}]},{"@type":"WebSite","@id":"https:\/\/www.endoca.com\/#website","url":"https:\/\/www.endoca.com\/","name":"Endoca\u00a9 CBD","description":"Best CBD Oil 100% organic","publisher":{"@id":"https:\/\/www.endoca.com\/#organization"},"potentialAction":[{"@type":"SearchAction","target":{"@type":"EntryPoint","urlTemplate":"https:\/\/www.endoca.com\/?s={search_term_string}"},"query-input":{"@type":"PropertyValueSpecification","valueRequired":true,"valueName":"search_term_string"}}],"inLanguage":"es"},{"@type":"Organization","@id":"https:\/\/www.endoca.com\/#organization","name":"Endoca","url":"https:\/\/www.endoca.com\/","logo":{"@type":"ImageObject","inLanguage":"es","@id":"https:\/\/www.endoca.com\/#\/schema\/logo\/image\/","url":"https:\/\/www.endoca.com\/wp-content\/uploads\/2018\/08\/endoca-logo.png","contentUrl":"https:\/\/www.endoca.com\/wp-content\/uploads\/2018\/08\/endoca-logo.png","width":150,"height":50,"caption":"Endoca"},"image":{"@id":"https:\/\/www.endoca.com\/#\/schema\/logo\/image\/"},"sameAs":["https:\/\/www.facebook.com\/endoca","https:\/\/x.com\/Endocacbdoil","https:\/\/www.instagram.com\/endoca\/","https:\/\/www.youtube.com\/channel\/UCNXwDCTBaa0WPEf1cOUHe9g"]}]}},"_links":{"self":[{"href":"https:\/\/www.endoca.com\/es\/wp-json\/wp\/v2\/pages\/116135","targetHints":{"allow":["GET"]}}],"collection":[{"href":"https:\/\/www.endoca.com\/es\/wp-json\/wp\/v2\/pages"}],"about":[{"href":"https:\/\/www.endoca.com\/es\/wp-json\/wp\/v2\/types\/page"}],"author":[{"embeddable":true,"href":"https:\/\/www.endoca.com\/es\/wp-json\/wp\/v2\/users\/42475"}],"replies":[{"embeddable":true,"href":"https:\/\/www.endoca.com\/es\/wp-json\/wp\/v2\/comments?post=116135"}],"version-history":[{"count":0,"href":"https:\/\/www.endoca.com\/es\/wp-json\/wp\/v2\/pages\/116135\/revisions"}],"up":[{"embeddable":true,"href":"https:\/\/www.endoca.com\/es\/wp-json\/wp\/v2\/pages\/1934"}],"wp:featuredmedia":[{"embeddable":true,"href":"https:\/\/www.endoca.com\/es\/wp-json\/wp\/v2\/media\/16816"}],"wp:attachment":[{"href":"https:\/\/www.endoca.com\/es\/wp-json\/wp\/v2\/media?parent=116135"}],"curies":[{"name":"wp","href":"https:\/\/api.w.org\/{rel}","templated":true}]}}