{"id":115618,"date":"2019-04-03T16:06:22","date_gmt":"2019-04-03T16:06:22","guid":{"rendered":"https:\/\/www.endoca.com\/?page_id=115618"},"modified":"2023-02-06T15:15:37","modified_gmt":"2023-02-06T15:15:37","slug":"efectos-cbd","status":"publish","type":"page","link":"https:\/\/www.endoca.com\/es\/acerca-del-cbd\/efectos-cbd","title":{"rendered":"Cu\u00e1les son los efectos del CBD"},"content":{"rendered":"<div id=\"pl-115618\"  class=\"panel-layout\" ><div id=\"pg-115618-0\"  class=\"panel-grid panel-no-style\" ><div id=\"pgc-115618-0-0\"  class=\"panel-grid-cell\" ><div id=\"panel-115618-0-0-0\" class=\"so-panel widget widget_mtt-cover-section panel-first-child panel-last-child\" data-index=\"0\" ><div\n\t\t\t\n\t\t\tclass=\"so-widget-mtt-cover-section so-widget-mtt-cover-section-base\"\n\t\t\t\n\t\t><div class=\"cover-wrapper compact\">\n\t<script type=\"application\/ld+json\">\n\t{\n\t\"@context\": \"http:\/\/schema.org\",\n\t\"@type\": \"BreadcrumbList\",\n\t\"itemListElement\": [\n\t\t\t\t{\n\t\t\"@type\": \"ListItem\",\n\t\t\"position\": 1,\n\t\t\"item\": {\n\t\t\t\"@id\": \"https:\/\/www.endoca.com\/es\",\n\t\t\t\"name\": \"Inicio\"\n\t\t}\n\t\t}\n\t\t\t\t,\n\t\t\t\t\t\t{\n\t\t\"@type\": \"ListItem\",\n\t\t\"position\": 2,\n\t\t\"item\": {\n\t\t\t\"@id\": \"https:\/\/www.endoca.com\/es\/acerca-del-cbd\",\n\t\t\t\"name\": \"Acerca del CBD\"\n\t\t}\n\t\t}\n\t\t\t\t,\n\t\t\t\t\t\t{\n\t\t\"@type\": \"ListItem\",\n\t\t\"position\": 3,\n\t\t\"item\": {\n\t\t\t\"@id\": \"https:\/\/www.endoca.com\/es\/acerca-del-cbd\/efectos-cbd\",\n\t\t\t\"name\": \"Cu\u00e1les son los efectos del CBD\"\n\t\t}\n\t\t}\n\t\t\t\t\t\t]\n\t}\n<\/script>\n\n<div class=\"new-breadcrumb\">\n\t<ol class=\"breadcrumbs\">\n\t\t\t\t\t<li>\n\t\t\t\t\t\t\t\t\t<a href=\"https:\/\/www.endoca.com\/es\">Inicio<\/a>\n\t\t\t\t\t\t\t<\/li>\n\t\t\t\t\t<li>\n\t\t\t\t\t\t\t\t\t<a href=\"https:\/\/www.endoca.com\/es\/acerca-del-cbd\">Acerca del CBD<\/a>\n\t\t\t\t\t\t\t<\/li>\n\t\t\t\t\t<li>\n\t\t\t\t\t\t\t\t\tCu\u00e1les son los efectos del CBD\t\t\t\t\t\t\t<\/li>\n\t\t\t<\/ol>\n<\/div>\n\n\t<!-- Cover content -->\n\t<div class=\"cover-container\">\n\t\t<div class=\"cover-text-wrapper white\">\n\t\t\t<h1>Cu\u00e1les son los efectos del CBD<\/h1>\n\t\t\t\t\t<\/div>\n\t\t\t<\/div>\n<\/div>\n\n<!-- Structured data -->\n<\/div><\/div><\/div><\/div><div id=\"pg-115618-1\"  class=\"panel-grid panel-no-style\" ><div id=\"pgc-115618-1-0\"  class=\"panel-grid-cell\" ><div id=\"panel-115618-1-0-0\" class=\"so-panel widget widget_mtt-text-paper panel-first-child\" data-index=\"1\" ><div\n\t\t\t\n\t\t\tclass=\"so-widget-mtt-text-paper so-widget-mtt-text-paper-base\"\n\t\t\t\n\t\t><div class=\"text-paper-wrapper\">\n\t<div class=\"text-paper-container\">\n\t\t<div class=\"text-paper\">\n\t\t\t\t\t\t\t\t\t\t<div class=\"text-section intro\">\n\t\t\t\t\t<p>Es sorprendente c\u00f3mo el extracto de una planta tiene el potencial de hacer tantas cosas. Los beneficios de la CDB superan con creces sus efectos secundarios. Pero, antes de entrar en los posibles efectos del CDB, record\u00e9monos qu\u00e9 y de d\u00f3nde proviene.<\/p>\n<p>El CDB es un compuesto natural que se encuentra en la planta de cannabis. De hecho, el CBD es uno de los m\u00e1s de 100 compuestos que se derivan de las plantas de cannabis. Otro de ellos es el THC.<\/p>\n\t\t\t\t<\/div>\n\t\t\t\t\t\t\t\t\t\t<div class=\"text-section\">\n\t\t\t\t\t<h2>\u00bfC\u00f3mo te hace sentir el CBD?<\/h2>\n\t\t\t\t\t<p>Es una pregunta l\u00f3gica el preguntarse <strong>c\u00f3mo te har\u00e1 sentir el CBD<\/strong>. Un error muy com\u00fan es pensar que CBD te dar\u00e1 un \"coloc\u00f3n\", como hace el THC. Sin embargo, el CBD es completamente no psicoactivo, lo que significa que no te dar\u00e1 ese sentimiento asociado con otras cepas del cannabis.<\/p>\n<p>Cuando el CBD se deriva de cierta variedad del cannabis llamada <strong>c\u00e1\u00f1amo<\/strong>, tiene menos del 0,2% de THC y se considera legal. En los resultados de nuestra encuesta en curso a personas que actualmente usan productos de CBD, muchos afirmaron que el CBD lo hace sentir m\u00e1s tranquilos y relajados, y que incluso puede ayudarles a lidiar con los problemas de la vida diaria.<\/p>\n\t\t\t\t<\/div>\n\t\t\t\t\t<\/div>\n\t<\/div>\n<\/div><\/div><\/div><div id=\"panel-115618-1-0-1\" class=\"so-panel widget widget_mtt-text-image\" data-index=\"2\" ><div\n\t\t\t\n\t\t\tclass=\"so-widget-mtt-text-image so-widget-mtt-text-image-base\"\n\t\t\t\n\t\t>\n<div class=\"text-image-wrapper\">\n\t<div class=\"text-image-container\">\n\t\t\n\t\t\t\t<div class=\"text-image-section reverse spacing-bottom--big \">\n\t\t\t\t\t<div class=\"text-image-content-wrap\">\n\t\t\t\t\t\t<div class=\"text-image-content\">\n\t\t\t\t\t\t\t<h2>\u00bfQu\u00e9 es lo que hace el CBD?<\/h2>\t\t\t\t\t\t\t<p>El CBD trabaja directamente con el sistema endocannabinoide (ECS). Si te est\u00e1s rascando la cabeza pregunt\u00e1ndote qu\u00e9 es eso no te preocupes. El sistema endocannabinoide (ECS por sus siglas en ingl\u00e9s) fue descubierto en la d\u00e9cada de 1990. Es una compleja red de receptores especiales y productos qu\u00edmicos similares llamados cannabinoides que colaboran para equilibrar nuestro cuerpo y nuestra mente. <strong>Se cree que el CDB estimula el sistema endocannabinoide<\/strong> si se ha agotado, o si su cuerpo est\u00e1 generalmente fuera de equilibrio, y aqu\u00ed es donde los efectos del aceite de c\u00e1\u00f1amo del CDB entran en la conversaci\u00f3n.<\/p>\n\t\t\t\t\t\t<\/div>\n\t\t\t\t\t<\/div>\n\t\t\t\t\t<div class=\"text-image-img \">\n\t\t\t\t\t\t\n\t\t<picture>\n\t\t\t\n\t\t\t\n\t\t\t\t\t\t\t\t<source srcset=\"https:\/\/www.endoca.com\/wp-content\/uploads\/2018\/08\/Cannabinoids-900x544.png,\n\t\t\t\t\t\t\thttps:\/\/www.endoca.com\/wp-content\/uploads\/2018\/08\/Cannabinoids.png 2x\"\n\t\t\t\t\t\tmedia=\"(max-width: 949px)\"\n\t\t\t\t\t\t\t\t\t\t\t>\n\t\t\t\t\t\t\t\n\t\t\t\t\t\t\t<source\n\t\t\t\t\tsrcset=\"https:\/\/www.endoca.com\/wp-content\/uploads\/2018\/08\/Cannabinoids.png,\n                        https:\/\/www.endoca.com\/wp-content\/uploads\/2018\/08\/Cannabinoids.png 2x\"\n\t\t\t\t\tmedia=\"(max-width: 1920px)\"\n\t\t\t\t\t\t\t\t\t>\n\t\t\t\n\t\t\t\t\t\t\t\t<img decoding=\"async\" src=\"https:\/\/www.endoca.com\/wp-content\/uploads\/2018\/08\/Cannabinoids.png\"\n\t\t\t\t\t\t\t\t\t\t\t\t\twidth=\"1529\"\n\t\t\t\t\t\t\theight=\"925\"\n\t\t\t\t\t\t alt='CBD effects'\t\t\t\t\t>\n\t\t\t\t\t\t<\/picture>\n\n\t\t\t\t\t\t\t<\/div>\n\t\t\t\t<\/div>\n\t\t\t\t<\/div>\n<\/div><\/div><\/div><div id=\"panel-115618-1-0-2\" class=\"so-panel widget widget_mtt-text-paper panel-last-child\" data-index=\"3\" ><div\n\t\t\t\n\t\t\tclass=\"so-widget-mtt-text-paper so-widget-mtt-text-paper-base\"\n\t\t\t\n\t\t><div class=\"text-paper-wrapper\">\n\t<div class=\"text-paper-container\">\n\t\t<div class=\"text-paper\">\n\t\t\t\t\t\t\t\t\t\t<div class=\"text-section intro\">\n\t\t\t\t\t<p>El NCBI realiz\u00f3 una revisi\u00f3n sobre la <em>Seguridad y efectos secundarios del cannabidiol<\/em>. Su veredicto fue que la administraci\u00f3n controlada es completamente no t\u00f3xica y segura tanto en humanos como en animales con efectos secundarios m\u00ednimos. Adem\u00e1s, argumentaron que no afecta los par\u00e1metros fisiol\u00f3gicos como la frecuencia card\u00edaca y la temperatura corporal de una persona. La Organizaci\u00f3n Mundial de la Salud tambi\u00e9n ha reconocido que <strong>el CBD es un producto seguro y no t\u00f3xico<\/strong>.<\/p>\n\t\t\t\t<\/div>\n\t\t\t\t\t\t\t\t\t\t<div class=\"text-section\">\n\t\t\t\t\t<h2>Cu\u00e1nto tiempo permanece el CBD en el sistema<\/h2>\n\t\t\t\t\t<p>El CDB derivado del c\u00e1\u00f1amo es un producto legal en todos los estados de EE. UU y en la mayor\u00eda de los pa\u00edses europeos.\u00a0 Aqu\u00ed puedes encontrar m\u00e1s informaci\u00f3n acerca de la<a href=\"https:\/\/www.endoca.com\/es\/acerca-del-cbd\/cbd-legal\"> legalidad del CBD<\/a>. No hay que preocuparse de que el CBD pueda pasar o no una prueba de Cannabis. De hecho, la mayor parte de las pruebas de detecci\u00f3n de orina ni siquiera contemplan la detecci\u00f3n de CDB.<\/p>\n<p>El CBD permanece en el sistema aproximadamente de dos a cinco d\u00edas (seg\u00fan estudios cl\u00ednicos realizados en pacientes afectados por la enfermedad de Huntington). Sin embargo, el tiempo necesario para que la mol\u00e9cula abandone completamente el cuerpo humano depende de cada persona, as\u00ed como de la cantidad de CDB ingerido.<\/p>\n\t\t\t\t<\/div>\n\t\t\t\t\t\t\t<div class=\"text-section\">\n\t\t\t\t\t<h2>Efectos secundarios del CBD<\/h2>\n\t\t\t\t\t<p>Es importante estar informado acerca de los <a href=\"https:\/\/www.endoca.com\/es\/acerca-del-cbd\/efectos-cbd\">posibles efectos del CDB<\/a> antes de incorporarlo a su rutina. Tambi\u00e9n es importante recordar que <strong>el CDB puede afectar a todos de manera diferente<\/strong> y los efectos que puede tener en una persona podr\u00edan no ser iguales para ti. Por lo tanto, no hay que volverse loco al empezar a utilizar CDB. Lo que nosotros te recomendamos es empezar con una dosis baja e irla aumentando gradualmente.<\/p>\n<p>Si notas alg\u00fan efecto secundario, simplemente baja la dosis otra vez.<\/p>\n\t\t\t\t<\/div>\n\t\t\t\t\t\t\t<div class=\"text-section\">\n\t\t\t\t\t<h2><\/h2>\n\t\t\t\t\t<h3>Boca seca<\/h3>\n<p>Aunque la boca seca es una consecuencia leve, <strong>el CBD puede hacer que tengas m\u00e1s sed de la normal<\/strong>. La sequedad de la boca o \"boca de algod\u00f3n\" es un efecto secundario potencial del aceite de c\u00e1\u00f1amo. Esto se debe a que, seg\u00fan sugiere un estudio de 2006, los receptores de cannabinoides est\u00e1n presentes en las gl\u00e1ndulas submandibulares, que son responsables de producir saliva. El resultado es que, cuando el CBD se involucra con el proceso del sistema endocannabinoide, no se puede producir saliva.<\/p>\n\t\t\t\t<\/div>\n\t\t\t\t\t\t\t<div class=\"text-section\">\n\t\t\t\t\t<h2><\/h2>\n\t\t\t\t\t<h3>Una peque\u00f1a ca\u00edda en la presi\u00f3n arterial<\/h3>\n<p>Cuando el aceite de CBD se toma en dosis m\u00e1s altas uno de sus efectos secundarios es una peque\u00f1a ca\u00edda en la presi\u00f3n arterial. Por lo general, esto sucede unos minutos despu\u00e9s del consumo, cuando el CBD entra en el sistema. No es un efecto permanente. Sin embargo, te recomendamos que consultes a tu m\u00e9dico antes de tomar CBD si est\u00e1s tomando medicamentos para la presi\u00f3n arterial.<\/p>\n\t\t\t\t<\/div>\n\t\t\t\t\t\t\t<div class=\"text-section\">\n\t\t\t\t\t<h2><\/h2>\n\t\t\t\t\t<h2>Mareos<\/h2>\n<p>Esto suele ser causado por una ca\u00edda en la presi\u00f3n arterial cuando se toman dosis altas. Sin embargo, el efecto es solo temporal, por lo general, puede resolverse tomando caf\u00e9 o t\u00e9.<\/p>\n\t\t\t\t<\/div>\n\t\t\t\t\t\t\t<div class=\"text-section\">\n\t\t\t\t\t<h2><\/h2>\n\t\t\t\t\t<h3>Aumento del temblor en la enfermedad de Parkinson (solo con una dosis alta de CDB)<\/h3>\n<p>La investigaci\u00f3n inicial en torno al CDB inicialmente sugiri\u00f3 que las personas con enfermedad de Parkinson pueden experimentar temblores empeorados y movimiento muscular cuando toman CDB en dosis muy altas. Sin embargo, estudios m\u00e1s recientes tambi\u00e9n afirman que el cannabidiol es seguro para el uso en pacientes con enfermedad de Parkinson. De cualquier manera, como siempre, <strong>recomendamos consultar con su m\u00e9dico antes de tomar CBD y comenzar a tomarlo en peque\u00f1as dosis<\/strong>. Si se produce este efecto secundario, la dosis puede reducirse para disminuir la posibilidad de este potencial efecto secundario.<\/p>\n\t\t\t\t<\/div>\n\t\t\t\t\t\t\t<div class=\"text-section\">\n\t\t\t\t\t<h2><\/h2>\n\t\t\t\t\t<h2>Somnolencia<\/h2>\n<p>Se ha sugerido que el CDB es un agente que despierta la energ\u00eda. Sin embargo, en dosis m\u00e1s altas, el CBD puede afectar a las personas de manera diferente y causar somnolencia. Si experimenta este efecto secundario, no conduzcas ni operes maquinaria pesada, y reduce la dosis que est\u00e9s tomando.<\/p>\n\t\t\t\t<\/div>\n\t\t\t\t\t<\/div>\n\t<\/div>\n<\/div><\/div><\/div><\/div><\/div><\/div>","protected":false},"excerpt":{"rendered":"<p>Inicio Acerca del CBD Cu\u00e1les son los efectos del CBD Cu\u00e1les son los efectos del CBD Es sorprendente c\u00f3mo el&#8230;<\/p>\n","protected":false},"author":42475,"featured_media":56375,"parent":1934,"menu_order":0,"comment_status":"closed","ping_status":"closed","template":"","meta":{"_acf_changed":false,"footnotes":""},"class_list":["post-115618","page","type-page","status-publish","has-post-thumbnail","hentry"],"acf":[],"yoast_head":"<title>Cu\u00e1les son los efectos del CBD | Los apsectos positivos<\/title>\n<meta name=\"description\" content=\"Probablemente ya hayas o\u00eddo hablar sobre los efectos del CBD. Si quieres profundizar m\u00e1s aqu\u00ed te lo contamos en detalle. Aprender sobre los efectos.\" \/>\n<meta name=\"robots\" content=\"index, follow, max-snippet:-1, max-image-preview:large, max-video-preview:-1\" \/>\n<link rel=\"canonical\" href=\"https:\/\/www.endoca.com\/es\/wp-json\/wp\/v2\/pages\/115618\" \/>\n<meta property=\"og:locale\" content=\"es_ES\" \/>\n<meta property=\"og:type\" content=\"article\" \/>\n<meta property=\"og:title\" content=\"Cu\u00e1les son los efectos del CBD | Los apsectos positivos\" \/>\n<meta property=\"og:description\" content=\"Probablemente ya hayas o\u00eddo hablar sobre los efectos del CBD. Si quieres profundizar m\u00e1s aqu\u00ed te lo contamos en detalle. Aprender sobre los efectos.\" \/>\n<meta property=\"og:url\" content=\"https:\/\/www.endoca.com\/es\/acerca-del-cbd\/efectos-cbd\" \/>\n<meta property=\"og:site_name\" content=\"Endoca\u00a9 CBD\" \/>\n<meta property=\"article:publisher\" content=\"https:\/\/www.facebook.com\/endoca\" \/>\n<meta property=\"article:modified_time\" content=\"2023-02-06T15:15:37+00:00\" \/>\n<meta property=\"og:image\" content=\"https:\/\/www.endoca.com\/wp-content\/uploads\/2018\/07\/rawpixel-191152-unsplash.jpg\" \/>\n\t<meta property=\"og:image:width\" content=\"2592\" \/>\n\t<meta property=\"og:image:height\" content=\"2592\" \/>\n\t<meta property=\"og:image:type\" content=\"image\/jpeg\" \/>\n<meta name=\"twitter:card\" content=\"summary_large_image\" \/>\n<meta name=\"twitter:site\" content=\"@Endocacbdoil\" \/>\n<meta name=\"twitter:label1\" content=\"Tiempo de lectura\" \/>\n\t<meta name=\"twitter:data1\" content=\"1 minuto\" \/>","yoast_head_json":{"title":"Cu\u00e1les son los efectos del CBD | Los apsectos positivos","description":"Probablemente ya hayas o\u00eddo hablar sobre los efectos del CBD. Si quieres profundizar m\u00e1s aqu\u00ed te lo contamos en detalle. Aprender sobre los efectos.","robots":{"index":"index","follow":"follow","max-snippet":"max-snippet:-1","max-image-preview":"max-image-preview:large","max-video-preview":"max-video-preview:-1"},"canonical":"https:\/\/www.endoca.com\/es\/wp-json\/wp\/v2\/pages\/115618","og_locale":"es_ES","og_type":"article","og_title":"Cu\u00e1les son los efectos del CBD | Los apsectos positivos","og_description":"Probablemente ya hayas o\u00eddo hablar sobre los efectos del CBD. Si quieres profundizar m\u00e1s aqu\u00ed te lo contamos en detalle. Aprender sobre los efectos.","og_url":"https:\/\/www.endoca.com\/es\/acerca-del-cbd\/efectos-cbd","og_site_name":"Endoca\u00a9 CBD","article_publisher":"https:\/\/www.facebook.com\/endoca","article_modified_time":"2023-02-06T15:15:37+00:00","og_image":[{"width":2592,"height":2592,"url":"https:\/\/www.endoca.com\/wp-content\/uploads\/2018\/07\/rawpixel-191152-unsplash.jpg","type":"image\/jpeg"}],"twitter_card":"summary_large_image","twitter_site":"@Endocacbdoil","twitter_misc":{"Tiempo de lectura":"1 minuto"},"schema":{"@context":"https:\/\/schema.org","@graph":[{"@type":"WebPage","@id":"https:\/\/www.endoca.com\/es\/acerca-del-cbd\/efectos-cbd","url":"https:\/\/www.endoca.com\/es\/acerca-del-cbd\/efectos-cbd","name":"Cu\u00e1les son los efectos del CBD | Los apsectos positivos","isPartOf":{"@id":"https:\/\/www.endoca.com\/#website"},"primaryImageOfPage":{"@id":"https:\/\/www.endoca.com\/es\/acerca-del-cbd\/efectos-cbd#primaryimage"},"image":{"@id":"https:\/\/www.endoca.com\/es\/acerca-del-cbd\/efectos-cbd#primaryimage"},"thumbnailUrl":"https:\/\/www.endoca.com\/wp-content\/uploads\/2018\/07\/rawpixel-191152-unsplash.jpg","datePublished":"2019-04-03T16:06:22+00:00","dateModified":"2023-02-06T15:15:37+00:00","description":"Probablemente ya hayas o\u00eddo hablar sobre los efectos del CBD. Si quieres profundizar m\u00e1s aqu\u00ed te lo contamos en detalle. Aprender sobre los efectos.","breadcrumb":{"@id":"https:\/\/www.endoca.com\/es\/acerca-del-cbd\/efectos-cbd#breadcrumb"},"inLanguage":"es","potentialAction":[{"@type":"ReadAction","target":["https:\/\/www.endoca.com\/es\/acerca-del-cbd\/efectos-cbd"]}]},{"@type":"ImageObject","inLanguage":"es","@id":"https:\/\/www.endoca.com\/es\/acerca-del-cbd\/efectos-cbd#primaryimage","url":"https:\/\/www.endoca.com\/wp-content\/uploads\/2018\/07\/rawpixel-191152-unsplash.jpg","contentUrl":"https:\/\/www.endoca.com\/wp-content\/uploads\/2018\/07\/rawpixel-191152-unsplash.jpg","width":2592,"height":2592,"caption":"Sun care"},{"@type":"BreadcrumbList","@id":"https:\/\/www.endoca.com\/es\/acerca-del-cbd\/efectos-cbd#breadcrumb","itemListElement":[{"@type":"ListItem","position":1,"name":"Home","item":"https:\/\/www.endoca.com\/es"},{"@type":"ListItem","position":2,"name":"Acerca del CBD","item":"https:\/\/www.endoca.com\/es\/acerca-del-cbd"},{"@type":"ListItem","position":3,"name":"Cu\u00e1les son los efectos del CBD"}]},{"@type":"WebSite","@id":"https:\/\/www.endoca.com\/#website","url":"https:\/\/www.endoca.com\/","name":"Endoca\u00a9 CBD","description":"Best CBD Oil 100% organic","publisher":{"@id":"https:\/\/www.endoca.com\/#organization"},"potentialAction":[{"@type":"SearchAction","target":{"@type":"EntryPoint","urlTemplate":"https:\/\/www.endoca.com\/?s={search_term_string}"},"query-input":{"@type":"PropertyValueSpecification","valueRequired":true,"valueName":"search_term_string"}}],"inLanguage":"es"},{"@type":"Organization","@id":"https:\/\/www.endoca.com\/#organization","name":"Endoca","url":"https:\/\/www.endoca.com\/","logo":{"@type":"ImageObject","inLanguage":"es","@id":"https:\/\/www.endoca.com\/#\/schema\/logo\/image\/","url":"https:\/\/www.endoca.com\/wp-content\/uploads\/2018\/08\/endoca-logo.png","contentUrl":"https:\/\/www.endoca.com\/wp-content\/uploads\/2018\/08\/endoca-logo.png","width":150,"height":50,"caption":"Endoca"},"image":{"@id":"https:\/\/www.endoca.com\/#\/schema\/logo\/image\/"},"sameAs":["https:\/\/www.facebook.com\/endoca","https:\/\/x.com\/Endocacbdoil","https:\/\/www.instagram.com\/endoca\/","https:\/\/www.youtube.com\/channel\/UCNXwDCTBaa0WPEf1cOUHe9g"]}]}},"_links":{"self":[{"href":"https:\/\/www.endoca.com\/es\/wp-json\/wp\/v2\/pages\/115618","targetHints":{"allow":["GET"]}}],"collection":[{"href":"https:\/\/www.endoca.com\/es\/wp-json\/wp\/v2\/pages"}],"about":[{"href":"https:\/\/www.endoca.com\/es\/wp-json\/wp\/v2\/types\/page"}],"author":[{"embeddable":true,"href":"https:\/\/www.endoca.com\/es\/wp-json\/wp\/v2\/users\/42475"}],"replies":[{"embeddable":true,"href":"https:\/\/www.endoca.com\/es\/wp-json\/wp\/v2\/comments?post=115618"}],"version-history":[{"count":2,"href":"https:\/\/www.endoca.com\/es\/wp-json\/wp\/v2\/pages\/115618\/revisions"}],"predecessor-version":[{"id":303878,"href":"https:\/\/www.endoca.com\/es\/wp-json\/wp\/v2\/pages\/115618\/revisions\/303878"}],"up":[{"embeddable":true,"href":"https:\/\/www.endoca.com\/es\/wp-json\/wp\/v2\/pages\/1934"}],"wp:featuredmedia":[{"embeddable":true,"href":"https:\/\/www.endoca.com\/es\/wp-json\/wp\/v2\/media\/56375"}],"wp:attachment":[{"href":"https:\/\/www.endoca.com\/es\/wp-json\/wp\/v2\/media?parent=115618"}],"curies":[{"name":"wp","href":"https:\/\/api.w.org\/{rel}","templated":true}]}}