{"id":115570,"date":"2019-04-03T15:08:32","date_gmt":"2019-04-03T15:08:32","guid":{"rendered":"https:\/\/www.endoca.com\/?page_id=115570"},"modified":"2023-02-06T15:17:11","modified_gmt":"2023-02-06T15:17:11","slug":"cbd-legal","status":"publish","type":"page","link":"https:\/\/www.endoca.com\/es\/acerca-del-cbd\/cbd-legal","title":{"rendered":"Es legal el aceite de CBD?"},"content":{"rendered":"<div id=\"pl-115570\"  class=\"panel-layout\" ><div id=\"pg-115570-0\"  class=\"panel-grid panel-no-style\" ><div id=\"pgc-115570-0-0\"  class=\"panel-grid-cell\" ><div id=\"panel-115570-0-0-0\" class=\"so-panel widget widget_mtt-cover-section panel-first-child panel-last-child\" data-index=\"0\" ><div\n\t\t\t\n\t\t\tclass=\"so-widget-mtt-cover-section so-widget-mtt-cover-section-base\"\n\t\t\t\n\t\t><div class=\"cover-wrapper compact\">\n\t<script type=\"application\/ld+json\">\n\t{\n\t\"@context\": \"http:\/\/schema.org\",\n\t\"@type\": \"BreadcrumbList\",\n\t\"itemListElement\": [\n\t\t\t\t{\n\t\t\"@type\": \"ListItem\",\n\t\t\"position\": 1,\n\t\t\"item\": {\n\t\t\t\"@id\": \"https:\/\/www.endoca.com\/es\",\n\t\t\t\"name\": \"Inicio\"\n\t\t}\n\t\t}\n\t\t\t\t,\n\t\t\t\t\t\t{\n\t\t\"@type\": \"ListItem\",\n\t\t\"position\": 2,\n\t\t\"item\": {\n\t\t\t\"@id\": \"https:\/\/www.endoca.com\/es\/acerca-del-cbd\",\n\t\t\t\"name\": \"Acerca del CBD\"\n\t\t}\n\t\t}\n\t\t\t\t,\n\t\t\t\t\t\t{\n\t\t\"@type\": \"ListItem\",\n\t\t\"position\": 3,\n\t\t\"item\": {\n\t\t\t\"@id\": \"https:\/\/www.endoca.com\/es\/acerca-del-cbd\/cbd-legal\",\n\t\t\t\"name\": \"Es legal el aceite de CBD?\"\n\t\t}\n\t\t}\n\t\t\t\t\t\t]\n\t}\n<\/script>\n\n<div class=\"new-breadcrumb\">\n\t<ol class=\"breadcrumbs\">\n\t\t\t\t\t<li>\n\t\t\t\t\t\t\t\t\t<a href=\"https:\/\/www.endoca.com\/es\">Inicio<\/a>\n\t\t\t\t\t\t\t<\/li>\n\t\t\t\t\t<li>\n\t\t\t\t\t\t\t\t\t<a href=\"https:\/\/www.endoca.com\/es\/acerca-del-cbd\">Acerca del CBD<\/a>\n\t\t\t\t\t\t\t<\/li>\n\t\t\t\t\t<li>\n\t\t\t\t\t\t\t\t\tEs legal el aceite de CBD?\t\t\t\t\t\t\t<\/li>\n\t\t\t<\/ol>\n<\/div>\n\n\t<!-- Cover content -->\n\t<div class=\"cover-container\">\n\t\t<div class=\"cover-text-wrapper white\">\n\t\t\t<h1>Es legal el aceite de CBD?<\/h1>\n\t\t\t\t\t<\/div>\n\t\t\t<\/div>\n<\/div>\n\n<!-- Structured data -->\n<\/div><\/div><\/div><\/div><div id=\"pg-115570-1\"  class=\"panel-grid panel-no-style\" ><div id=\"pgc-115570-1-0\"  class=\"panel-grid-cell\" ><div id=\"panel-115570-1-0-0\" class=\"so-panel widget widget_mtt-text-paper panel-first-child panel-last-child\" data-index=\"1\" ><div\n\t\t\t\n\t\t\tclass=\"so-widget-mtt-text-paper so-widget-mtt-text-paper-base\"\n\t\t\t\n\t\t><div class=\"text-paper-wrapper\">\n\t<div class=\"text-paper-container\">\n\t\t<div class=\"text-paper\">\n\t\t\t\t\t\t\t\t\t\t<div class=\"text-section intro\">\n\t\t\t\t\t<p>En 2018, <strong>el aceite de CBD es legal en la mayor\u00eda de los pa\u00edses del mundo<\/strong> siempre y cuando contenga bajos niveles de THC (el compuesto natural que se encuentra en las plantas de cannabis que lo hace \"alto\"). Sin embargo, responder a la pregunta de si el aceite de c\u00e1\u00f1amo de CBD es legal no es tan sencillo. Al final todo depende de los or\u00edgenes y depende de si el CBD proviene de una de dos fuentes: el c\u00e1\u00f1amo con niveles bajos de THC u otras formas de cannabis con niveles altos de THC.<\/p>\n<p><strong>S\u00ed el aceite de CBD se hace con el c\u00e1\u00f1amo<\/strong>. Sin embargo, si proviene de otras variedades de cannabis con niveles m\u00e1s altos de THC por encima (0,2%), algunos pa\u00edses lo consideran ilegal. Fundamentalmente, <strong>todo depende de la cantidad de THC<\/strong> que se encuentra dentro del producto de la CDB. Cuando se usa la palabra cannabis, la gente piensa de inmediato que es una sustancia ilegal. Sin embargo, la planta de cannabis de c\u00e1\u00f1amo es rica en CBD, que no es psicoactiva y solo tiene cantidades m\u00ednimas de THC (0,2%). El CBD es un compuesto totalmente diferente al THC en todos los aspectos.<\/p>\n\t\t\t\t<\/div>\n\t\t\t\t\t\t\t\t\t\t<div class=\"text-section\">\n\t\t\t\t\t<h2>\u00bfQu\u00e9 es el CBD y de d\u00f3nde viene?<\/h2>\n\t\t\t\t\t<p>Aqu\u00ed en Endoca, <strong>nuestro CBD (o cannabidiol) proviene del c\u00e1\u00f1amo<\/strong>, un tipo de planta de cannabis (cannabis sativa). Dentro de las plantas de cannabis hay cientos de compuestos naturales, conocidos como cannabinoides. Y el CBD es uno de ellos. Creemos que cuando el CBD se extrae del c\u00e1\u00f1amo, tiene muchos grandes beneficios. Es completamente no psicotr\u00f3pico, por lo que es imposible sentirse \"alto\" al tomarlo.<\/p>\n\t\t\t\t<\/div>\n\t\t\t\t\t\t\t<div class=\"text-section\">\n\t\t\t\t\t<h2>CBD del c\u00e1\u00f1amo vs CBD del canabis<\/h2>\n\t\t\t\t\t<h3>\u00bfEs legal el aceite de c\u00e1\u00f1amo?<\/h3>\n<p>El aceite de c\u00e1\u00f1amo (CBD) no contiene m\u00e1s del 0,2% de THC, por lo que no puede tener efecto psicoactivo. El c\u00e1\u00f1amo no se considera una sustancia controlada y se puede usar en productos de belleza natural y cuidado de la piel, de la ropa e incluso como ingrediente para cocinar. Los proveedores de cannabis CBSome usan plantas de cannabis con altos niveles de THC para elaborar sus productos de CBD y, en esta situaci\u00f3n, los niveles de THC pueden aumentar. al 30%, que es donde entra la legalidad. Cuando el CBD se produce con altos niveles de THC, se vuelve m\u00e1s dif\u00edcil definirlo como legal, especialmente en lugares donde el cannabis es ilegal. THC sin duda puede ponerte alto. Y como el THC se considera una sustancia controlada, es ilegal en la mayor\u00eda de los pa\u00edses.<\/p>\n\t\t\t\t<\/div>\n\t\t\t\t\t\t\t<div class=\"text-section\">\n\t\t\t\t\t<h2>Es el CBD legal en todos los estados?<\/h2>\n\t\t\t\t\t<p>El aceite de c\u00e1\u00f1amo CBD no contiene m\u00e1s del 0,2% de THC, por lo que no puede hacerte subir. El c\u00e1\u00f1amo no se considera una sustancia controlada y se puede usar en productos de belleza natural y cuidado de la piel, ropa e incluso en ingredientes para cocinar. Los proveedores de cannabis CBSome usan plantas de cannabis con altos niveles de THC para elaborar sus productos de CBD y, en esta situaci\u00f3n, los niveles de THC pueden aumentar. al 30%, que es donde entra la legalidad. Cuando el CBD se produce con altos niveles de THC, se vuelve m\u00e1s dif\u00edcil definirlo como legal, especialmente en lugares donde el cannabis es ilegal. THC sin duda puede ponerte alto. Y como el THC se considera una sustancia controlada, es ilegal en la mayor\u00eda de los pa\u00edses.<\/p>\n\t\t\t\t<\/div>\n\t\t\t\t\t\t\t<div class=\"text-section\">\n\t\t\t\t\t<h2>Es legal el CBD en mi pa\u00eds<\/h2>\n\t\t\t\t\t<p>En general, el aceite de c\u00e1\u00f1amo de CDB es legal en pa\u00edses fuera de los Estados Unidos si se extrae del c\u00e1\u00f1amo industrial. Las leyes en los siguientes pa\u00edses coinciden en que el CBD derivado de c\u00e1\u00f1amo con una baja concentraci\u00f3n de THC CDB \/ baja es legal: Alemania, Argentina, Austria, Belgica, Belize, Bulgaria, Canada, Chile, China, Colombia, Costa Rica, Croatia, Chipre, Rep\u00fablica Checa, Dinamarca, Estonia,Finlandia,\u00a0 Francia, Georgia, Grecia, Guatemala, Hong Kong, Hungr\u00eda, Islandia, India, Irlanda, Italia, Latvia, Lituania, Luxemburgo, Malta, Holanda, Antillas, Noruega, Paraguai, Per\u00fa, Polonia, Portugal, Puerto Rico, Reino Unido Ruman\u00eda, Rusia, Eslovaquia, Eslovenia, Sud\u00e1frica, Suecia, Suiza, Islas V\u00edrgenes y Uruguay<\/p>\n\t\t\t\t<\/div>\n\t\t\t\t\t<\/div>\n\t<\/div>\n<\/div><\/div><\/div><\/div><\/div><\/div>","protected":false},"excerpt":{"rendered":"<p>Inicio Acerca del CBD Es legal el aceite de CBD? Es legal el aceite de CBD? En 2018, el aceite&#8230;<\/p>\n","protected":false},"author":42475,"featured_media":127079,"parent":1934,"menu_order":0,"comment_status":"closed","ping_status":"closed","template":"","meta":{"_acf_changed":false,"footnotes":""},"class_list":["post-115570","page","type-page","status-publish","has-post-thumbnail","hentry"],"acf":[],"yoast_head":"<title>Es legal el aceite de CBD? | Lee y aprender m\u00e1s aqu\u00ed<\/title>\n<meta name=\"description\" content=\"Quiz\u00e1s te hayas preguntando si el aceite de CBD es legal en tu pa\u00eds. Si es aqu\u00ed aqu\u00ed te damos la informaci\u00f3n que necesitas. Ver m\u00e1s en la categor\u00eda de Q&amp;A.\" \/>\n<meta name=\"robots\" content=\"index, follow, max-snippet:-1, max-image-preview:large, max-video-preview:-1\" \/>\n<link rel=\"canonical\" href=\"https:\/\/www.endoca.com\/es\/wp-json\/wp\/v2\/pages\/115570\" \/>\n<meta property=\"og:locale\" content=\"es_ES\" \/>\n<meta property=\"og:type\" content=\"article\" \/>\n<meta property=\"og:title\" content=\"Es legal el aceite de CBD? | Lee y aprender m\u00e1s aqu\u00ed\" \/>\n<meta property=\"og:description\" content=\"Quiz\u00e1s te hayas preguntando si el aceite de CBD es legal en tu pa\u00eds. Si es aqu\u00ed aqu\u00ed te damos la informaci\u00f3n que necesitas. Ver m\u00e1s en la categor\u00eda de Q&amp;A.\" \/>\n<meta property=\"og:url\" content=\"https:\/\/www.endoca.com\/es\/acerca-del-cbd\/cbd-legal\" \/>\n<meta property=\"og:site_name\" content=\"Endoca\u00a9 CBD\" \/>\n<meta property=\"article:publisher\" content=\"https:\/\/www.facebook.com\/endoca\" \/>\n<meta property=\"article:modified_time\" content=\"2023-02-06T15:17:11+00:00\" \/>\n<meta property=\"og:image\" content=\"https:\/\/www.endoca.com\/wp-content\/uploads\/2019\/05\/cbd-legal.jpg\" \/>\n\t<meta property=\"og:image:width\" content=\"1200\" \/>\n\t<meta property=\"og:image:height\" content=\"800\" \/>\n\t<meta property=\"og:image:type\" content=\"image\/jpeg\" \/>\n<meta name=\"twitter:card\" content=\"summary_large_image\" \/>\n<meta name=\"twitter:site\" content=\"@Endocacbdoil\" \/>\n<meta name=\"twitter:label1\" content=\"Tiempo de lectura\" \/>\n\t<meta name=\"twitter:data1\" content=\"1 minuto\" \/>","yoast_head_json":{"title":"Es legal el aceite de CBD? | Lee y aprender m\u00e1s aqu\u00ed","description":"Quiz\u00e1s te hayas preguntando si el aceite de CBD es legal en tu pa\u00eds. Si es aqu\u00ed aqu\u00ed te damos la informaci\u00f3n que necesitas. Ver m\u00e1s en la categor\u00eda de Q&A.","robots":{"index":"index","follow":"follow","max-snippet":"max-snippet:-1","max-image-preview":"max-image-preview:large","max-video-preview":"max-video-preview:-1"},"canonical":"https:\/\/www.endoca.com\/es\/wp-json\/wp\/v2\/pages\/115570","og_locale":"es_ES","og_type":"article","og_title":"Es legal el aceite de CBD? | Lee y aprender m\u00e1s aqu\u00ed","og_description":"Quiz\u00e1s te hayas preguntando si el aceite de CBD es legal en tu pa\u00eds. Si es aqu\u00ed aqu\u00ed te damos la informaci\u00f3n que necesitas. Ver m\u00e1s en la categor\u00eda de Q&A.","og_url":"https:\/\/www.endoca.com\/es\/acerca-del-cbd\/cbd-legal","og_site_name":"Endoca\u00a9 CBD","article_publisher":"https:\/\/www.facebook.com\/endoca","article_modified_time":"2023-02-06T15:17:11+00:00","og_image":[{"width":1200,"height":800,"url":"https:\/\/www.endoca.com\/wp-content\/uploads\/2019\/05\/cbd-legal.jpg","type":"image\/jpeg"}],"twitter_card":"summary_large_image","twitter_site":"@Endocacbdoil","twitter_misc":{"Tiempo de lectura":"1 minuto"},"schema":{"@context":"https:\/\/schema.org","@graph":[{"@type":"WebPage","@id":"https:\/\/www.endoca.com\/es\/acerca-del-cbd\/cbd-legal","url":"https:\/\/www.endoca.com\/es\/acerca-del-cbd\/cbd-legal","name":"Es legal el aceite de CBD? | Lee y aprender m\u00e1s aqu\u00ed","isPartOf":{"@id":"https:\/\/www.endoca.com\/#website"},"primaryImageOfPage":{"@id":"https:\/\/www.endoca.com\/es\/acerca-del-cbd\/cbd-legal#primaryimage"},"image":{"@id":"https:\/\/www.endoca.com\/es\/acerca-del-cbd\/cbd-legal#primaryimage"},"thumbnailUrl":"https:\/\/www.endoca.com\/wp-content\/uploads\/2019\/05\/cbd-legal.jpg","datePublished":"2019-04-03T15:08:32+00:00","dateModified":"2023-02-06T15:17:11+00:00","description":"Quiz\u00e1s te hayas preguntando si el aceite de CBD es legal en tu pa\u00eds. Si es aqu\u00ed aqu\u00ed te damos la informaci\u00f3n que necesitas. Ver m\u00e1s en la categor\u00eda de Q&A.","breadcrumb":{"@id":"https:\/\/www.endoca.com\/es\/acerca-del-cbd\/cbd-legal#breadcrumb"},"inLanguage":"es","potentialAction":[{"@type":"ReadAction","target":["https:\/\/www.endoca.com\/es\/acerca-del-cbd\/cbd-legal"]}]},{"@type":"ImageObject","inLanguage":"es","@id":"https:\/\/www.endoca.com\/es\/acerca-del-cbd\/cbd-legal#primaryimage","url":"https:\/\/www.endoca.com\/wp-content\/uploads\/2019\/05\/cbd-legal.jpg","contentUrl":"https:\/\/www.endoca.com\/wp-content\/uploads\/2019\/05\/cbd-legal.jpg","width":1200,"height":800,"caption":"cbd legal"},{"@type":"BreadcrumbList","@id":"https:\/\/www.endoca.com\/es\/acerca-del-cbd\/cbd-legal#breadcrumb","itemListElement":[{"@type":"ListItem","position":1,"name":"Home","item":"https:\/\/www.endoca.com\/es"},{"@type":"ListItem","position":2,"name":"Acerca del CBD","item":"https:\/\/www.endoca.com\/es\/acerca-del-cbd"},{"@type":"ListItem","position":3,"name":"Es legal el aceite de CBD?"}]},{"@type":"WebSite","@id":"https:\/\/www.endoca.com\/#website","url":"https:\/\/www.endoca.com\/","name":"Endoca\u00a9 CBD","description":"Best CBD Oil 100% organic","publisher":{"@id":"https:\/\/www.endoca.com\/#organization"},"potentialAction":[{"@type":"SearchAction","target":{"@type":"EntryPoint","urlTemplate":"https:\/\/www.endoca.com\/?s={search_term_string}"},"query-input":{"@type":"PropertyValueSpecification","valueRequired":true,"valueName":"search_term_string"}}],"inLanguage":"es"},{"@type":"Organization","@id":"https:\/\/www.endoca.com\/#organization","name":"Endoca","url":"https:\/\/www.endoca.com\/","logo":{"@type":"ImageObject","inLanguage":"es","@id":"https:\/\/www.endoca.com\/#\/schema\/logo\/image\/","url":"https:\/\/www.endoca.com\/wp-content\/uploads\/2018\/08\/endoca-logo.png","contentUrl":"https:\/\/www.endoca.com\/wp-content\/uploads\/2018\/08\/endoca-logo.png","width":150,"height":50,"caption":"Endoca"},"image":{"@id":"https:\/\/www.endoca.com\/#\/schema\/logo\/image\/"},"sameAs":["https:\/\/www.facebook.com\/endoca","https:\/\/x.com\/Endocacbdoil","https:\/\/www.instagram.com\/endoca\/","https:\/\/www.youtube.com\/channel\/UCNXwDCTBaa0WPEf1cOUHe9g"]}]}},"_links":{"self":[{"href":"https:\/\/www.endoca.com\/es\/wp-json\/wp\/v2\/pages\/115570","targetHints":{"allow":["GET"]}}],"collection":[{"href":"https:\/\/www.endoca.com\/es\/wp-json\/wp\/v2\/pages"}],"about":[{"href":"https:\/\/www.endoca.com\/es\/wp-json\/wp\/v2\/types\/page"}],"author":[{"embeddable":true,"href":"https:\/\/www.endoca.com\/es\/wp-json\/wp\/v2\/users\/42475"}],"replies":[{"embeddable":true,"href":"https:\/\/www.endoca.com\/es\/wp-json\/wp\/v2\/comments?post=115570"}],"version-history":[{"count":2,"href":"https:\/\/www.endoca.com\/es\/wp-json\/wp\/v2\/pages\/115570\/revisions"}],"predecessor-version":[{"id":303880,"href":"https:\/\/www.endoca.com\/es\/wp-json\/wp\/v2\/pages\/115570\/revisions\/303880"}],"up":[{"embeddable":true,"href":"https:\/\/www.endoca.com\/es\/wp-json\/wp\/v2\/pages\/1934"}],"wp:featuredmedia":[{"embeddable":true,"href":"https:\/\/www.endoca.com\/es\/wp-json\/wp\/v2\/media\/127079"}],"wp:attachment":[{"href":"https:\/\/www.endoca.com\/es\/wp-json\/wp\/v2\/media?parent=115570"}],"curies":[{"name":"wp","href":"https:\/\/api.w.org\/{rel}","templated":true}]}}