{"id":111161,"date":"2019-03-27T14:02:07","date_gmt":"2019-03-27T14:02:07","guid":{"rendered":"https:\/\/www.endoca.com\/?page_id=111161"},"modified":"2023-01-03T12:16:53","modified_gmt":"2023-01-03T12:16:53","slug":"que-es-cbd","status":"publish","type":"page","link":"https:\/\/www.endoca.com\/es\/acerca-del-cbd\/que-es-cbd","title":{"rendered":"Qu\u00e9 es el CBD"},"content":{"rendered":"<div id=\"pl-111161\"  class=\"panel-layout\" ><div id=\"pg-111161-0\"  class=\"panel-grid panel-no-style\" ><div id=\"pgc-111161-0-0\"  class=\"panel-grid-cell\" ><div id=\"panel-111161-0-0-0\" class=\"so-panel widget widget_mtt-cover-section panel-first-child panel-last-child\" data-index=\"0\" ><div\n\t\t\t\n\t\t\tclass=\"so-widget-mtt-cover-section so-widget-mtt-cover-section-base\"\n\t\t\t\n\t\t><div class=\"cover-wrapper compact\">\n\t<script type=\"application\/ld+json\">\n\t{\n\t\"@context\": \"http:\/\/schema.org\",\n\t\"@type\": \"BreadcrumbList\",\n\t\"itemListElement\": [\n\t\t\t\t{\n\t\t\"@type\": \"ListItem\",\n\t\t\"position\": 1,\n\t\t\"item\": {\n\t\t\t\"@id\": \"https:\/\/www.endoca.com\/es\",\n\t\t\t\"name\": \"Inicio\"\n\t\t}\n\t\t}\n\t\t\t\t,\n\t\t\t\t\t\t{\n\t\t\"@type\": \"ListItem\",\n\t\t\"position\": 2,\n\t\t\"item\": {\n\t\t\t\"@id\": \"https:\/\/www.endoca.com\/es\/acerca-del-cbd\",\n\t\t\t\"name\": \"Acerca del CBD\"\n\t\t}\n\t\t}\n\t\t\t\t,\n\t\t\t\t\t\t{\n\t\t\"@type\": \"ListItem\",\n\t\t\"position\": 3,\n\t\t\"item\": {\n\t\t\t\"@id\": \"https:\/\/www.endoca.com\/es\/acerca-del-cbd\/que-es-cbd\",\n\t\t\t\"name\": \"Qu\u00e9 es el CBD\"\n\t\t}\n\t\t}\n\t\t\t\t\t\t]\n\t}\n<\/script>\n\n<div class=\"new-breadcrumb\">\n\t<ol class=\"breadcrumbs\">\n\t\t\t\t\t<li>\n\t\t\t\t\t\t\t\t\t<a href=\"https:\/\/www.endoca.com\/es\">Inicio<\/a>\n\t\t\t\t\t\t\t<\/li>\n\t\t\t\t\t<li>\n\t\t\t\t\t\t\t\t\t<a href=\"https:\/\/www.endoca.com\/es\/acerca-del-cbd\">Acerca del CBD<\/a>\n\t\t\t\t\t\t\t<\/li>\n\t\t\t\t\t<li>\n\t\t\t\t\t\t\t\t\tQu\u00e9 es el CBD\t\t\t\t\t\t\t<\/li>\n\t\t\t<\/ol>\n<\/div>\n\n\t<!-- Cover content -->\n\t<div class=\"cover-container\">\n\t\t<div class=\"cover-text-wrapper white\">\n\t\t\t<h1>Qu\u00e9 es el CBD<\/h1>\n\t\t\t\t\t<\/div>\n\t\t\t<\/div>\n<\/div>\n\n<!-- Structured data -->\n<\/div><\/div><\/div><\/div><div id=\"pg-111161-1\"  class=\"panel-grid panel-no-style\" ><div id=\"pgc-111161-1-0\"  class=\"panel-grid-cell\" ><div id=\"panel-111161-1-0-0\" class=\"so-panel widget widget_mtt-text-image panel-first-child panel-last-child\" data-index=\"1\" ><div\n\t\t\t\n\t\t\tclass=\"so-widget-mtt-text-image so-widget-mtt-text-image-base\"\n\t\t\t\n\t\t>\n<div class=\"text-image-wrapper\">\n\t<div class=\"text-image-container\">\n\t\t\n\t\t\t\t<div class=\"text-image-section wide-text\">\n\t\t\t\t\t<div class=\"text-image-content-wrap\">\n\t\t\t\t\t\t<div class=\"text-image-content\">\n\t\t\t\t\t\t\t<h2>\u00bfQu\u00e9 es el cannabidiol (CBD)?<\/h2>\t\t\t\t\t\t\t<p>En el laboratorio qu\u00edmico Noyes de la Universidad de Illinois los qu\u00edmicos Roger Adams, Madison Hunt y J.H. Clark\u00a0<strong>aislaron por primera vez\u00a0el cannabidiol (CBD)<\/strong> en 1940.\u00a0Antes de sus experimentos, el cannabinol (CBN) era el \u00fanico cannabinoide que se hab\u00eda logrado\u00a0distinguir\u00a0a partir de la planta de cannabis. Los cient\u00edficos caracterizaron el CBN a partir de muestras de hach\u00eds procedentes de la India, y este era el compuesto que estaban buscando en el c\u00e1\u00f1amo silvestre cultivado en Minnesota.<\/p>\n<p>Las copas de las flores de c\u00e1\u00f1amo se extrajeron con etanol y se destilaron en el laboratorio para as\u00ed obtener un aceite que era aparentemente rojo. Los cient\u00edficos se sorprendieron cuando no encontraron ning\u00fan CBN, sin embargo, las pruebas cualitativas indicaron que hab\u00eda otros compuestos similares (fenoles) en ese aceite rojo. Asimismo, se realiz\u00f3 una larga lista de pruebas cualitativas para<strong> definir la estructura del CBD<\/strong>, ya que la qu\u00edmica anal\u00edtica por aquel entonces, en 1940, no estaba tan avanzada hoy en d\u00eda.<\/p>\n<p>Adams y otros teorizaron que habr\u00eda muchos compuestos <strong>estructuralmente relacionados con el CBN y el CBD<\/strong> presentes en el cannabis. Esto result\u00f3 ser cierto ya que muchos otros compuestos, incluido el THC, fueron posteriormente extra\u00eddos y\u00a0distinguidos\u00a0a partir de la planta del cannabis. De acuerdo con la nomenclatura de qu\u00edmica org\u00e1nica de la Uni\u00f3n Internacional de Qu\u00edmica Pura y Aplicada (<a href=\"https:\/\/iupac.org\/\">IUPAC<\/a>), el nombre qu\u00edmico de cannabidiol es 2 \u2013 [(1R, 6R) -3-metil-6-prop-1-en-2-ylciclohex-2 -en-1-il] -5-pentilbenceno-1,3-diol. Este nombre (aunque sea un largo trabalenguas) describe la estructura qu\u00edmica exacta del cannabidiol, nombrando todos los grupos funcionales que est\u00e1n presentes en la estructura del cannabidiol.<\/p>\n\t\t\t\t\t\t<\/div>\n\t\t\t\t\t<\/div>\n\t\t\t\t\t<div class=\"text-image-img \">\n\t\t\t\t\t\t\n\t\t<picture>\n\t\t\t\n\t\t\t\t\t\t\t\t<source srcset=\"https:\/\/www.endoca.com\/wp-content\/uploads\/2018\/04\/Hemp-Oil-Drops-1500mg-Open-FrontView-thumb-580x580.jpg,\n\t\t\t\t\t\t\thttps:\/\/www.endoca.com\/wp-content\/uploads\/2018\/04\/Hemp-Oil-Drops-1500mg-Open-FrontView-thumb.jpg 2x\"\n\t\t\t\t\t\tmedia=\"(max-width: 580px)\"\n\t\t\t\t\t\t\t\t\t\t\t>\n\t\t\t\n\t\t\t\t\t\t\n\t\t\t\t\t\t\t<source\n\t\t\t\t\tsrcset=\"https:\/\/www.endoca.com\/wp-content\/uploads\/2018\/04\/Hemp-Oil-Drops-1500mg-Open-FrontView-thumb.jpg,\n                        https:\/\/www.endoca.com\/wp-content\/uploads\/2018\/04\/Hemp-Oil-Drops-1500mg-Open-FrontView-thumb.jpg 2x\"\n\t\t\t\t\tmedia=\"(max-width: 1920px)\"\n\t\t\t\t\t\t\t\t\t>\n\t\t\t\n\t\t\t\t\t\t\t\t<img decoding=\"async\" src=\"https:\/\/www.endoca.com\/wp-content\/uploads\/2018\/04\/Hemp-Oil-Drops-1500mg-Open-FrontView-thumb.jpg\"\n\t\t\t\t\t\t\t\t\t\t\t\t\twidth=\"776\"\n\t\t\t\t\t\t\theight=\"776\"\n\t\t\t\t\t\t alt='best hemp oil'\t\t\t\t\t>\n\t\t\t\t\t\t<\/picture>\n\n\t\t\t\t\t\t\t<\/div>\n\t\t\t\t<\/div>\n\t\t\t\n\t\t\t\t<div class=\"text-image-section reverse wide-text\">\n\t\t\t\t\t<div class=\"text-image-content-wrap\">\n\t\t\t\t\t\t<div class=\"text-image-content\">\n\t\t\t\t\t\t\t<h2>Bios\u00edntesis del CBD<\/h2>\t\t\t\t\t\t\t<p>Los cannabinoides se producen a partir de la convergencia de dos v\u00edas; la <em>v\u00eda policet\u00eddica<\/em> (el origen del \u00e1cido olivet\u00f3lico) y la <em>v\u00eda plast\u00eddica MEP<\/em> (el origen del pirofosfato de geranilo). Una enzima llamada geranilpirofosfato: geraniltransferasa de gelatina de oliva cataliza la reacci\u00f3n entre el pirofosfato de geranilo y el \u00e1cido acet\u00e1lico para dar lugar al \u00e1cido cannabiger\u00f3lico (CBGA). Una oxidociclasa llamada CBDA sintasa realiza una ciclaci\u00f3n oxidativa estereoespec\u00edfica en CBGA para formar CBDA.<strong> El CBDA luego se descarboxila para formar CBD<\/strong>. Esto ocurre parcialmente en la planta, as\u00ed como parte de la etapa de fabricaci\u00f3n<strong> en la producci\u00f3n de CBD<\/strong>.<\/p>\n\t\t\t\t\t\t<\/div>\n\t\t\t\t\t<\/div>\n\t\t\t\t\t<div class=\"text-image-img \">\n\t\t\t\t\t\t\n\t\t<picture>\n\t\t\t\n\t\t\t\t\t\t\t\t<source srcset=\"https:\/\/www.endoca.com\/wp-content\/uploads\/2017\/11\/hemp-field-heart@tablet-580x331.jpg,\n\t\t\t\t\t\t\thttps:\/\/www.endoca.com\/wp-content\/uploads\/2017\/11\/hemp-field-heart@tablet.jpg 2x\"\n\t\t\t\t\t\tmedia=\"(max-width: 580px)\"\n\t\t\t\t\t\t\t\t\t\t\t>\n\t\t\t\n\t\t\t\t\t\t\n\t\t\t\t\t\t\t<source\n\t\t\t\t\tsrcset=\"https:\/\/www.endoca.com\/wp-content\/uploads\/2017\/11\/hemp-field-heart@tablet.jpg,\n                        https:\/\/www.endoca.com\/wp-content\/uploads\/2017\/11\/hemp-field-heart@tablet.jpg 2x\"\n\t\t\t\t\tmedia=\"(max-width: 1920px)\"\n\t\t\t\t\t\t\t\t\t>\n\t\t\t\n\t\t\t\t\t\t\t\t<img decoding=\"async\" src=\"https:\/\/www.endoca.com\/wp-content\/uploads\/2017\/11\/hemp-field-heart@tablet.jpg\"\n\t\t\t\t\t\t\t\t\t\t\t\t\twidth=\"700\"\n\t\t\t\t\t\t\theight=\"400\"\n\t\t\t\t\t\t alt='campo de c\u00e1\u00f1amo en forma de coraz\u00f3n'\t\t\t\t\t>\n\t\t\t\t\t\t<\/picture>\n\n\t\t\t\t\t\t\t<\/div>\n\t\t\t\t<\/div>\n\t\t\t\t<\/div>\n<\/div><\/div><\/div><\/div><\/div><div id=\"pg-111161-2\"  class=\"panel-grid panel-no-style\" ><div id=\"pgc-111161-2-0\"  class=\"panel-grid-cell\" ><div id=\"panel-111161-2-0-0\" class=\"so-panel widget widget_mtt-image-textbox panel-first-child panel-last-child\" data-index=\"2\" ><div\n\t\t\t\n\t\t\tclass=\"so-widget-mtt-image-textbox so-widget-mtt-image-textbox-base\"\n\t\t\t\n\t\t><div class=\"image-textbox-wrapper\">\n\t<div class=\"image-textbox-background object-fit\">\n\t\t<img loading=\"lazy\" decoding=\"async\" width=\"1525\" height=\"750\" src=\"https:\/\/www.endoca.com\/wp-content\/uploads\/2017\/11\/cannabis-products.jpg\" class=\"attachment-full size-full\" alt=\"productos de cannabis\" srcset=\"https:\/\/www.endoca.com\/wp-content\/uploads\/2017\/11\/cannabis-products.jpg 1525w, https:\/\/www.endoca.com\/wp-content\/uploads\/2017\/11\/cannabis-products-1200x590.jpg 1200w, https:\/\/www.endoca.com\/wp-content\/uploads\/2017\/11\/cannabis-products-300x148.jpg 300w, https:\/\/www.endoca.com\/wp-content\/uploads\/2017\/11\/cannabis-products-1024x504.jpg 1024w\" sizes=\"auto, (max-width: 1525px) 100vw, 1525px\" \/>\t<\/div>\n\t<div class=\"image-textbox-container\">\n\t\t<div class=\"image-textbox-content\">\n\t\t\t<h2>La actividad antibacteriana en el cannabis alerta a los cient\u00edficos sobre una mol\u00e9cula misteriosa<\/h2>\t\t\t<p>Krej\u010d\u00ed y \u0160antav\u00fd, de la Universidad Palacky\u2019 de Olomouc en Checoslovaquia, descubrieron que un extracto de alcohol de una planta del cannabis ten\u00eda\u00a0actividad antibacteriana. Asimismo, demostraron que la mol\u00e9cula responsable de esta actividad antibacteriana era el \u00e1cido cannabidi\u00f3lico (CBDA), <strong>el precursor del CBD<\/strong>. Este fue el primer cannabinoide \u00e1cido descubierto en la planta del cannabis, y allan\u00f3 el camino para la comprensi\u00f3n de la v\u00eda biosint\u00e9tica de los cannabinoides de los cuales tenemos conocimiento hoy en d\u00eda.<\/p>\n\t\t<\/div>\n\t<\/div>\n<\/div><\/div><\/div><\/div><\/div><div id=\"pg-111161-3\"  class=\"panel-grid panel-no-style\" ><div id=\"pgc-111161-3-0\"  class=\"panel-grid-cell\" ><div id=\"panel-111161-3-0-0\" class=\"so-panel widget widget_mtt-text-image panel-first-child panel-last-child\" data-index=\"3\" ><div\n\t\t\t\n\t\t\tclass=\"so-widget-mtt-text-image so-widget-mtt-text-image-base\"\n\t\t\t\n\t\t>\n<div class=\"text-image-wrapper\">\n\t<div class=\"text-image-container\">\n\t\t\n\t\t\t\t<div class=\"text-image-section wide-text\">\n\t\t\t\t\t<div class=\"text-image-content-wrap\">\n\t\t\t\t\t\t<div class=\"text-image-content\">\n\t\t\t\t\t\t\t<h2>Propiedades qu\u00edmicas clave<\/h2>\t\t\t\t\t\t\t<p>Los dos<strong> grupos hidroxilo en el CBD<\/strong> le otorgan la capacidad de actuar como donador y aceptor de enlaces de hidr\u00f3geno. No obstante, no hay suficiente polaridad en la mol\u00e9cula para disolverse en disolventes polares como el agua. El CBD es soluble en solventes org\u00e1nicos como el etanol, metanol, dimetilsulf\u00f3xido y dimetilformamida.<\/p>\n<p>Oportunamente,<strong> el CBD tambi\u00e9n es soluble en di\u00f3xido de carbono<\/strong> l\u00edquido, que es un solvente amigable con el medio ambiente com\u00fanmente utilizado en la fabricaci\u00f3n de CBD. El punto de fusi\u00f3n del CBD es de 66\u00baC. <strong>En lo sucesivo el CBD es un s\u00f3lido cristalino a temperatura ambiente<\/strong>. El punto de ebullici\u00f3n es de 180\u00baC (mientras que el punto de ebullici\u00f3n del THC es de 157\u00baC). En consecuencia, la temperatura de vaporizaci\u00f3n debe mantenerse a una temperatura alta (m\u00e1s de 180 grados cent\u00edgrados) para aquellos que usan la vaporizaci\u00f3n como una opci\u00f3n de medicamento, para que el CBD se transforme en estado gaseoso y entre en los pulmones.<\/p>\n<p>El cannabidiol absorbe la luz en la regi\u00f3n ultravioleta y tiene\u00a0<a href=\"http:\/\/www.sciencedirect.com\/science\/div\/pii\/003991407180111X\" rel=\"nofollow\">picos de absorci\u00f3n<\/a>\u00a0a 209 y 275 nm, respectivamente. Los dos picos son una caracter\u00edstica de los compuestos fen\u00f3licos, y como el CBD es un compuesto terpenofen\u00f3lico, en consecuencia tiene una absorci\u00f3n m\u00e1xima de la luz en esos dos picos. Cuando el CBD se expone a la luz, se promueve un electr\u00f3n con el orbital molecular ocupado m\u00e1s alto (HOMO) al orbital molecular desocupado m\u00e1s bajo (LUMO). Como el CBD muestra dos picos en su espectro UV, se est\u00e1n produciendo dos transiciones de electrones. La energ\u00eda de las dos transiciones electr\u00f3nicas es proporcional a la longitud de onda de la luz, de acuerdo con la ecuaci\u00f3n derivada del fundador de la f\u00edsica te\u00f3rica Max Planck.<\/p>\n<p>El color de cualquier objeto es determinante en la longitud de onda de la luz que el objeto absorbe, transmite y, lo que es m\u00e1s importante todav\u00eda, refleja. Al ser los cristales de CBD puro de color blanco, se puede deducir que refleja todos los colores del espectro de luz visible (400 nm a 700 nm), ya que la luz blanca es la combinaci\u00f3n de todas las diferentes longitudes de onda de la luz.<\/p>\n\t\t\t\t\t\t<\/div>\n\t\t\t\t\t<\/div>\n\t\t\t\t\t<div class=\"text-image-img \">\n\t\t\t\t\t\t\n\t\t<picture>\n\t\t\t\n\t\t\t\t\t\t\t\t<source srcset=\"https:\/\/www.endoca.com\/wp-content\/uploads\/2017\/11\/cannabis-plant@mobile.jpg,\n\t\t\t\t\t\t\thttps:\/\/www.endoca.com\/wp-content\/uploads\/2017\/11\/cannabis-plant@mobile.jpg 2x\"\n\t\t\t\t\t\tmedia=\"(max-width: 580px)\"\n\t\t\t\t\t\t\t\t\t\t\t>\n\t\t\t\n\t\t\t\t\t\t\t\t<source srcset=\"https:\/\/www.endoca.com\/wp-content\/uploads\/2017\/11\/cannabis-plant@tablet.jpg,\n\t\t\t\t\t\t\thttps:\/\/www.endoca.com\/wp-content\/uploads\/2017\/11\/cannabis-plant@tablet.jpg 2x\"\n\t\t\t\t\t\tmedia=\"(max-width: 949px)\"\n\t\t\t\t\t\t\t\t\t\t\t>\n\t\t\t\t\t\t\t\n\t\t\t\t\t\t\t<source\n\t\t\t\t\tsrcset=\"https:\/\/www.endoca.com\/wp-content\/uploads\/2017\/11\/cannabis-plant.jpg,\n                        https:\/\/www.endoca.com\/wp-content\/uploads\/2017\/11\/cannabis-plant.jpg 2x\"\n\t\t\t\t\tmedia=\"(max-width: 1920px)\"\n\t\t\t\t\t\t\t\t\t>\n\t\t\t\n\t\t\t\t\t\t\t\t<img decoding=\"async\" src=\"https:\/\/www.endoca.com\/wp-content\/uploads\/2017\/11\/cannabis-plant.jpg\"\n\t\t\t\t\t\t\t\t\t\t\t\t\twidth=\"560\"\n\t\t\t\t\t\t\theight=\"800\"\n\t\t\t\t\t\t alt='planta de cannabis'\t\t\t\t\t>\n\t\t\t\t\t\t<\/picture>\n\n\t\t\t\t\t\t\t<\/div>\n\t\t\t\t<\/div>\n\t\t\t\t<\/div>\n<\/div><\/div><\/div><\/div><\/div><\/div>","protected":false},"excerpt":{"rendered":"<p>Inicio Acerca del CBD Qu\u00e9 es el CBD Qu\u00e9 es el CBD \u00bfQu\u00e9 es el cannabidiol (CBD)? En el laboratorio&#8230;<\/p>\n","protected":false},"author":42475,"featured_media":20544,"parent":1934,"menu_order":0,"comment_status":"closed","ping_status":"closed","template":"","meta":{"_acf_changed":false,"footnotes":""},"class_list":["post-111161","page","type-page","status-publish","has-post-thumbnail","hentry"],"acf":[],"yoast_head":"<title>Qu\u00e9 es el CBD | La explicaci\u00f3n de nustros productos<\/title>\n<meta name=\"description\" content=\"\u00bfSabes lo que es el CBD? \u00bfSabes de d\u00f3nde proviene y cu\u00e1les son los beneficios que puedes esperar de \u00e9l? Haz clic y te lo contamos de nuestros productos.\" \/>\n<meta name=\"robots\" content=\"index, follow, max-snippet:-1, max-image-preview:large, max-video-preview:-1\" \/>\n<link rel=\"canonical\" href=\"https:\/\/www.endoca.com\/es\/wp-json\/wp\/v2\/pages\/111161\" \/>\n<meta property=\"og:locale\" content=\"es_ES\" \/>\n<meta property=\"og:type\" content=\"article\" \/>\n<meta property=\"og:title\" content=\"Qu\u00e9 es el CBD | La explicaci\u00f3n de nustros productos\" \/>\n<meta property=\"og:description\" content=\"\u00bfSabes lo que es el CBD? \u00bfSabes de d\u00f3nde proviene y cu\u00e1les son los beneficios que puedes esperar de \u00e9l? Haz clic y te lo contamos de nuestros productos.\" \/>\n<meta property=\"og:url\" content=\"https:\/\/www.endoca.com\/es\/acerca-del-cbd\/que-es-cbd\" \/>\n<meta property=\"og:site_name\" content=\"Endoca\u00a9 CBD\" \/>\n<meta property=\"article:publisher\" content=\"https:\/\/www.facebook.com\/endoca\" \/>\n<meta property=\"article:modified_time\" content=\"2023-01-03T12:16:53+00:00\" \/>\n<meta property=\"og:image\" content=\"https:\/\/www.endoca.com\/wp-content\/uploads\/2018\/01\/cbd-hemp-oil-drop.jpg\" \/>\n\t<meta property=\"og:image:width\" content=\"600\" \/>\n\t<meta property=\"og:image:height\" content=\"600\" \/>\n\t<meta property=\"og:image:type\" content=\"image\/jpeg\" \/>\n<meta name=\"twitter:card\" content=\"summary_large_image\" \/>\n<meta name=\"twitter:site\" content=\"@Endocacbdoil\" \/>\n<meta name=\"twitter:label1\" content=\"Tiempo de lectura\" \/>\n\t<meta name=\"twitter:data1\" content=\"1 minuto\" \/>","yoast_head_json":{"title":"Qu\u00e9 es el CBD | La explicaci\u00f3n de nustros productos","description":"\u00bfSabes lo que es el CBD? \u00bfSabes de d\u00f3nde proviene y cu\u00e1les son los beneficios que puedes esperar de \u00e9l? Haz clic y te lo contamos de nuestros productos.","robots":{"index":"index","follow":"follow","max-snippet":"max-snippet:-1","max-image-preview":"max-image-preview:large","max-video-preview":"max-video-preview:-1"},"canonical":"https:\/\/www.endoca.com\/es\/wp-json\/wp\/v2\/pages\/111161","og_locale":"es_ES","og_type":"article","og_title":"Qu\u00e9 es el CBD | La explicaci\u00f3n de nustros productos","og_description":"\u00bfSabes lo que es el CBD? \u00bfSabes de d\u00f3nde proviene y cu\u00e1les son los beneficios que puedes esperar de \u00e9l? Haz clic y te lo contamos de nuestros productos.","og_url":"https:\/\/www.endoca.com\/es\/acerca-del-cbd\/que-es-cbd","og_site_name":"Endoca\u00a9 CBD","article_publisher":"https:\/\/www.facebook.com\/endoca","article_modified_time":"2023-01-03T12:16:53+00:00","og_image":[{"width":600,"height":600,"url":"https:\/\/www.endoca.com\/wp-content\/uploads\/2018\/01\/cbd-hemp-oil-drop.jpg","type":"image\/jpeg"}],"twitter_card":"summary_large_image","twitter_site":"@Endocacbdoil","twitter_misc":{"Tiempo de lectura":"1 minuto"},"schema":{"@context":"https:\/\/schema.org","@graph":[{"@type":"WebPage","@id":"https:\/\/www.endoca.com\/es\/acerca-del-cbd\/que-es-cbd","url":"https:\/\/www.endoca.com\/es\/acerca-del-cbd\/que-es-cbd","name":"Qu\u00e9 es el CBD | La explicaci\u00f3n de nustros productos","isPartOf":{"@id":"https:\/\/www.endoca.com\/#website"},"primaryImageOfPage":{"@id":"https:\/\/www.endoca.com\/es\/acerca-del-cbd\/que-es-cbd#primaryimage"},"image":{"@id":"https:\/\/www.endoca.com\/es\/acerca-del-cbd\/que-es-cbd#primaryimage"},"thumbnailUrl":"https:\/\/www.endoca.com\/wp-content\/uploads\/2018\/01\/cbd-hemp-oil-drop.jpg","datePublished":"2019-03-27T14:02:07+00:00","dateModified":"2023-01-03T12:16:53+00:00","description":"\u00bfSabes lo que es el CBD? \u00bfSabes de d\u00f3nde proviene y cu\u00e1les son los beneficios que puedes esperar de \u00e9l? Haz clic y te lo contamos de nuestros productos.","breadcrumb":{"@id":"https:\/\/www.endoca.com\/es\/acerca-del-cbd\/que-es-cbd#breadcrumb"},"inLanguage":"es","potentialAction":[{"@type":"ReadAction","target":["https:\/\/www.endoca.com\/es\/acerca-del-cbd\/que-es-cbd"]}]},{"@type":"ImageObject","inLanguage":"es","@id":"https:\/\/www.endoca.com\/es\/acerca-del-cbd\/que-es-cbd#primaryimage","url":"https:\/\/www.endoca.com\/wp-content\/uploads\/2018\/01\/cbd-hemp-oil-drop.jpg","contentUrl":"https:\/\/www.endoca.com\/wp-content\/uploads\/2018\/01\/cbd-hemp-oil-drop.jpg","width":600,"height":600,"caption":"what is cbd"},{"@type":"BreadcrumbList","@id":"https:\/\/www.endoca.com\/es\/acerca-del-cbd\/que-es-cbd#breadcrumb","itemListElement":[{"@type":"ListItem","position":1,"name":"Home","item":"https:\/\/www.endoca.com\/es"},{"@type":"ListItem","position":2,"name":"Acerca del CBD","item":"https:\/\/www.endoca.com\/es\/acerca-del-cbd"},{"@type":"ListItem","position":3,"name":"Qu\u00e9 es el CBD"}]},{"@type":"WebSite","@id":"https:\/\/www.endoca.com\/#website","url":"https:\/\/www.endoca.com\/","name":"Endoca\u00a9 CBD","description":"Best CBD Oil 100% organic","publisher":{"@id":"https:\/\/www.endoca.com\/#organization"},"potentialAction":[{"@type":"SearchAction","target":{"@type":"EntryPoint","urlTemplate":"https:\/\/www.endoca.com\/?s={search_term_string}"},"query-input":{"@type":"PropertyValueSpecification","valueRequired":true,"valueName":"search_term_string"}}],"inLanguage":"es"},{"@type":"Organization","@id":"https:\/\/www.endoca.com\/#organization","name":"Endoca","url":"https:\/\/www.endoca.com\/","logo":{"@type":"ImageObject","inLanguage":"es","@id":"https:\/\/www.endoca.com\/#\/schema\/logo\/image\/","url":"https:\/\/www.endoca.com\/wp-content\/uploads\/2018\/08\/endoca-logo.png","contentUrl":"https:\/\/www.endoca.com\/wp-content\/uploads\/2018\/08\/endoca-logo.png","width":150,"height":50,"caption":"Endoca"},"image":{"@id":"https:\/\/www.endoca.com\/#\/schema\/logo\/image\/"},"sameAs":["https:\/\/www.facebook.com\/endoca","https:\/\/x.com\/Endocacbdoil","https:\/\/www.instagram.com\/endoca\/","https:\/\/www.youtube.com\/channel\/UCNXwDCTBaa0WPEf1cOUHe9g"]}]}},"_links":{"self":[{"href":"https:\/\/www.endoca.com\/es\/wp-json\/wp\/v2\/pages\/111161","targetHints":{"allow":["GET"]}}],"collection":[{"href":"https:\/\/www.endoca.com\/es\/wp-json\/wp\/v2\/pages"}],"about":[{"href":"https:\/\/www.endoca.com\/es\/wp-json\/wp\/v2\/types\/page"}],"author":[{"embeddable":true,"href":"https:\/\/www.endoca.com\/es\/wp-json\/wp\/v2\/users\/42475"}],"replies":[{"embeddable":true,"href":"https:\/\/www.endoca.com\/es\/wp-json\/wp\/v2\/comments?post=111161"}],"version-history":[{"count":0,"href":"https:\/\/www.endoca.com\/es\/wp-json\/wp\/v2\/pages\/111161\/revisions"}],"up":[{"embeddable":true,"href":"https:\/\/www.endoca.com\/es\/wp-json\/wp\/v2\/pages\/1934"}],"wp:featuredmedia":[{"embeddable":true,"href":"https:\/\/www.endoca.com\/es\/wp-json\/wp\/v2\/media\/20544"}],"wp:attachment":[{"href":"https:\/\/www.endoca.com\/es\/wp-json\/wp\/v2\/media?parent=111161"}],"curies":[{"name":"wp","href":"https:\/\/api.w.org\/{rel}","templated":true}]}}