{"id":106737,"date":"2019-02-04T15:45:54","date_gmt":"2019-02-04T15:45:54","guid":{"rendered":"https:\/\/www.endoca.com\/reward-program"},"modified":"2021-09-06T12:22:59","modified_gmt":"2021-09-06T12:22:59","slug":"reward-program","status":"publish","type":"page","link":"https:\/\/www.endoca.com\/es\/reward-program","title":{"rendered":"Endoca Programa de Puntos"},"content":{"rendered":"<div id=\"pl-106737\"  class=\"panel-layout\" ><div id=\"pg-106737-0\"  class=\"panel-grid panel-no-style\" ><div id=\"pgc-106737-0-0\"  class=\"panel-grid-cell\" ><div id=\"panel-106737-0-0-0\" class=\"so-panel widget widget_mtt-cover-section-new panel-first-child\" data-index=\"0\" ><div class=\"white-front-page-head-image panel-widget-style panel-widget-style-for-106737-0-0-0\" ><div\n\t\t\t\n\t\t\tclass=\"so-widget-mtt-cover-section-new so-widget-mtt-cover-section-new-base\"\n\t\t\t\n\t\t>\n<div class=\"cover-wrapper default min-height-mobile\">\n\n\t<div class=\"object-fit cover-bg-image\">\n\t\t\n\t\t<picture>\n\t\t\t\n\t\t\t\n\t\t\t\t\t\t\t\t<source srcset=\"https:\/\/www.endoca.com\/wp-content\/uploads\/2019\/02\/loyalty-banner-900x421.jpg,\n\t\t\t\t\t\t\thttps:\/\/www.endoca.com\/wp-content\/uploads\/2019\/02\/loyalty-banner.jpg 2x\"\n\t\t\t\t\t\tmedia=\"(max-width: 949px)\"\n\t\t\t\t\t\t data-no-lazy='1'\t\t\t\t\t>\n\t\t\t\t\t\t\t\n\t\t\t\t\t\t\t<source\n\t\t\t\t\tsrcset=\"https:\/\/www.endoca.com\/wp-content\/uploads\/2019\/02\/loyalty-banner.jpg,\n                        https:\/\/www.endoca.com\/wp-content\/uploads\/2019\/02\/loyalty-banner.jpg 2x\"\n\t\t\t\t\tmedia=\"(max-width: 1920px)\"\n\t\t\t\t\t data-no-lazy='1'\t\t\t\t>\n\t\t\t\n\t\t\t\t\t\t\t\t<img decoding=\"async\" src=\"https:\/\/www.endoca.com\/wp-content\/uploads\/2019\/02\/loyalty-banner.jpg\"\n\t\t\t\t\t\t\t\t\t\t\t\t\twidth=\"1600\"\n\t\t\t\t\t\t\theight=\"748\"\n\t\t\t\t\t\t alt='Endoca cbd loyalty program' data-no-lazy='1'\t\t\t\t\t>\n\t\t\t\t\t\t<\/picture>\n\n\t\t\n\t<\/div>\n\n\t<!-- Cover content -->\n\t<div class=\"cover-container\">\n\t\t\t\t\t<div class=\"cover-text-wrapper\">\n\t\t\t\t<h1>Canjea tus puntos<\/h1>\n\t\t\t\t\t\t\t\t\t<p>Obt\u00e9n tu regalo y gana puntos con cada pedido. \u00a1Por cada 1\u20ac que gastes en <a href=\"https:\/\/www.endoca.com\/es\/tienda\">Endoca<\/a> recibir\u00e1s 1 punto de recompensa!<\/p>\n<p>\u00a1Cambia tus puntos ganados en tu pr\u00f3ximo pedido cuando vayas a pagar y recibir\u00e1s descuentos en tu compra!<\/p>\n\n\t\t\t\t\t\n\t\t\t\t\t\t\t\t\t\t\t<div class=\"cover-button-wrapper\">\n\t\t\t\t\t\t\t\t\t\t\t\t\t\t\t<a href=\"https:\/\/www.endoca.com\/my-account\"\n\t\t\t\t\t\t\t\t   class=\"button\">\n\t\t\t\t\t\t\t\t\t\t\t\t\t\t\t\t\t\t\tCREA UNA CUENTA\t\t\t\t\t\t\t\t\t\t\t\t\t\t\t\t\t<\/a>\n\t\t\t\t\t\t\t\t\t\t\t\t\t\t\t<a href=\"https:\/\/www.endoca.com\/my-account\"\n\t\t\t\t\t\t\t\t   class=\"button\">\n\t\t\t\t\t\t\t\t\t\t\t\t\t\t\t\t\t\t\tINICIA SESI\u00d3N\t\t\t\t\t\t\t\t\t\t\t\t\t\t\t\t\t<\/a>\n\t\t\t\t\t\t\t\t\t\t\t\t\t<\/div>\n\t\t\t\t\t\t\t\t\t\t\t\t<\/div>\n\t\t\t<\/div>\n<\/div>\n\n<\/div><\/div><\/div><div id=\"panel-106737-0-0-1\" class=\"so-panel widget widget_text\" data-index=\"1\" >\t\t\t<div class=\"textwidget\"><h2 style=\"text-align: center;\">Bienvenido al programa de puntos de Endoca<\/h2>\n<\/div>\n\t\t<\/div><div id=\"panel-106737-0-0-2\" class=\"widget_text so-panel widget widget_custom_html\" data-index=\"2\" ><div class=\"textwidget custom-html-widget\"><div class=\"so-widget-mtt-mobilepay so-widget-mtt-mobilepay-base\">\n<div class=\"mobile-pay-bar\">\n\t<div class=\"mobile-pay-bar-container\">\n\t\t<div class=\"mobile-pay-boxes\">\n\n\t\t\t\t\t\t\t\t\t\t\t\t<h2 class=\"\">C\u00f3mo funciona<\/h2>\n\t\t\t\t\t\t\t\t\t\t\t\t\t\t\t\t\t\t\t<div class=\"mobilepage-image\">\n\t\t\t\t\t\t<img loading=\"lazy\" decoding=\"async\" width=\"854\" height=\"272\" src=\"https:\/\/www.endoca.com\/wp-content\/uploads\/2019\/03\/RPA-spanish-web.png\" class=\"attachment-full size-full\" alt=\"cbd rpa RPA netherlands web (1)\" srcset=\"https:\/\/www.endoca.com\/wp-content\/uploads\/2019\/03\/RPA-spanish-web.png 854w, https:\/\/www.endoca.com\/wp-content\/uploads\/2019\/03\/RPA-spanish-web-300x96.png 300w\" sizes=\"auto, (max-width: 854px) 100vw, 854px\">\t\t\t\t\t<\/div>\n\t\t\t\t\t\t\t\t\t\t\t\t\t\t<div class=\"mobil-pay-desc\"><a class=\"button\" style=\"margin-top: 20px;\" href=\"https:\/\/www.endoca.com\/my-account\/my-points\">Revisa tus puntos aqu\u00ed<\/a><\/div>\n\t\t\t\n\t\t\t\t\t<\/div>\n\t<\/div>\n<\/div>\n<\/div><\/div><\/div><div id=\"panel-106737-0-0-3\" class=\"so-panel widget widget_mtt-table\" data-index=\"3\" ><div\n\t\t\t\n\t\t\tclass=\"so-widget-mtt-table so-widget-mtt-table-base\"\n\t\t\t\n\t\t>\n<div class=\"mtt-table\">\n\t<div class=\"mtt-table-container\">\n\t\t<div class=\"mtt-table-title\">\n\t\t\t\t\t<\/div>\n\n\t\t<div class=\"mtt-table-content\">\n\t\t\t\t\t\t\t<table>\n\t\t\t\t\t<tbody>\n\t\t\t\t\t\t\t\t\t\t\t<tr>\n\t\t\t\t\t\t\t<td>Gasta 1 \u20ac<\/td>\n\t\t\t\t\t\t\t<td>Gana 1 punto<\/td>\n\t\t\t\t\t\t<\/tr>\n\t\t\t\t\t\t\t\t\t\t\t<tr>\n\t\t\t\t\t\t\t<td>20 puntos valen<\/td>\n\t\t\t\t\t\t\t<td>1 \u20ac de cr\u00e9dito al momento de pagar<\/td>\n\t\t\t\t\t\t<\/tr>\n\t\t\t\t\t\t\t\t\t\t\t<tr>\n\t\t\t\t\t\t\t<td>Crea una cuenta de Endoca y recibe<\/td>\n\t\t\t\t\t\t\t<td>50 puntos de recompensa<\/td>\n\t\t\t\t\t\t<\/tr>\n\t\t\t\t\t\t\t\t\t\t<\/tbody>\n\t\t\t\t<\/table>\n\t\t\t\t\t<\/div>\n\t<\/div>\n<\/div><\/div><\/div><div id=\"panel-106737-0-0-4\" class=\"widget_text so-panel widget widget_custom_html\" data-index=\"4\" ><div class=\"textwidget custom-html-widget\"><div class=\"so-widget-mtt-mobilepay so-widget-mtt-mobilepay-base\">\n<div class=\"mobile-pay-bar\">\n\t<div class=\"mobile-pay-bar-container\">\n\t\t<div class=\"mobile-pay-boxes\">\n\n\t\t\t\t\t\t\t\t\t\t\t\t<h2 class=\"\">Crea una cuenta de ENDOCA ahora y recibe 50 puntos de recompensa hoy<\/h2>\n\t\t\t\t\t\t\t\t\t\t\t\t\t\t\t\t\t\t\t\t\t\t\t\t<div class=\"mobil-pay-desc\"><a class=\"button\" style=\"margin-top: 40px;\" href=\"https:\/\/www.endoca.com\/my-account\">REG\u00cdSTRATE AHORA<\/a><\/div>\n\t\t\t\n\t\t\t\t\t<\/div>\n\t<\/div>\n<\/div>\n<\/div>\n<style>\n.mobile-pay-bar .mobile-pay-boxes{margin:0 auto;text-align:center}.mobile-pay-bar .mobile-pay-boxes .light-green{color:#73BA9B}.mobile-pay-bar .mobile-pay-boxes h2{font-size:24px}.mobile-pay-bar .mobilepage-image{display:block;width:100%;margin:40px auto 40px auto}.mobile-pay-bar .mobilepage-image img{transition:all 0.4s ease}@media screen and (max-width: 760px){.mobile-pay-bar .mobilepage-image img{width:100%;height:100%}}.mobile-pay-bar .mobil-pay-desc{padding:10px 0;font-size:18px;color:#2A4634}.mobile-pay-bar .mobil-pay-desc.link{text-transform:uppercase}<\/style><\/div><\/div><div id=\"panel-106737-0-0-5\" class=\"so-panel widget widget_mtt-point-products\" data-index=\"5\" ><div\n\t\t\t\n\t\t\tclass=\"so-widget-mtt-point-products so-widget-mtt-point-products-base\"\n\t\t\t\n\t\t><div class=\"popular-products-wrapper point-popular-products-wrapper\">\n\t<div class=\"popular-products-container\">\n\t\t<div class=\"popular-products-title\">\n\t\t\t<h2>UTILIZA PUNTOS PARA COMPRAR<\/h2>\n\t\t\t<a href=\"\"><\/a>\n\t\t<\/div>\n\t\t<ul class=\"popular-products-content\">\n\t\t\t\t\t\t\t\t\t<li>\n\t\t\t\t\t\t\t<a href=\"https:\/\/www.endoca.com\/es\/product\/gotas-de-aceote-cbd-300-mg\">\n\t\t\t\t\t\t\t\t<img loading=\"lazy\" decoding=\"async\" width=\"300\" height=\"300\" src=\"https:\/\/www.endoca.com\/wp-content\/uploads\/2017\/12\/raw-drops1-300x300.jpg\" class=\"attachment-medium size-medium\" alt=\"raw hemp oil\" srcset=\"https:\/\/www.endoca.com\/wp-content\/uploads\/2017\/12\/raw-drops1-300x300.jpg 300w, https:\/\/www.endoca.com\/wp-content\/uploads\/2017\/12\/raw-drops1-600x600.jpg 600w, https:\/\/www.endoca.com\/wp-content\/uploads\/2017\/12\/raw-drops1-100x100.jpg 100w, https:\/\/www.endoca.com\/wp-content\/uploads\/2017\/12\/raw-drops1.jpg 1200w\" sizes=\"auto, (max-width: 300px) 100vw, 300px\" \/>\t\t\t\t\t\t\t\t<div class=\"product-title\"><h2>520 Puntos de recompensa <\/h2><\/div>\n\t\t\t\t\t\t\t\t<span class=\"mtt-point-product-equal\">=<\/span>\n\t\t\t\t\t\t\t\t<div class=\"product-subtitle\"><h3>= Aceite de c\u00e1\u00f1amo crudo 300 mg gratis<\/h3><\/div>\n\t\t\t\t\t\t\t<\/a>\n\t\t\t\t\t\t<\/li>\n\t\t\t\t\t\t\t\t\t\t\t\t<li>\n\t\t\t\t\t\t\t<a href=\"https:\/\/www.endoca.com\/es\/product\/balsamo-de-canamo-750-mg\">\n\t\t\t\t\t\t\t\t<img loading=\"lazy\" decoding=\"async\" width=\"300\" height=\"300\" src=\"https:\/\/www.endoca.com\/wp-content\/uploads\/2017\/12\/salve-750mg-2022-4-300x300.jpg\" class=\"attachment-medium size-medium\" alt=\"hemp salve\" srcset=\"https:\/\/www.endoca.com\/wp-content\/uploads\/2017\/12\/salve-750mg-2022-4-300x300.jpg 300w, https:\/\/www.endoca.com\/wp-content\/uploads\/2017\/12\/salve-750mg-2022-4-1024x1024.jpg 1024w, https:\/\/www.endoca.com\/wp-content\/uploads\/2017\/12\/salve-750mg-2022-4-150x150.jpg 150w, https:\/\/www.endoca.com\/wp-content\/uploads\/2017\/12\/salve-750mg-2022-4-768x768.jpg 768w, https:\/\/www.endoca.com\/wp-content\/uploads\/2017\/12\/salve-750mg-2022-4-600x600.jpg 600w, https:\/\/www.endoca.com\/wp-content\/uploads\/2017\/12\/salve-750mg-2022-4-100x100.jpg 100w, https:\/\/www.endoca.com\/wp-content\/uploads\/2017\/12\/salve-750mg-2022-4.jpg 1200w\" sizes=\"auto, (max-width: 300px) 100vw, 300px\" \/>\t\t\t\t\t\t\t\t<div class=\"product-title\"><h2>1280 puntos de recompensa <\/h2><\/div>\n\t\t\t\t\t\t\t\t<span class=\"mtt-point-product-equal\">=<\/span>\n\t\t\t\t\t\t\t\t<div class=\"product-subtitle\"><h3>= Ung\u00fcento de c\u00e1\u00f1amo gratis<\/h3><\/div>\n\t\t\t\t\t\t\t<\/a>\n\t\t\t\t\t\t<\/li>\n\t\t\t\t\t\t\t\t\t\t\t\t<li>\n\t\t\t\t\t\t\t<a href=\"https:\/\/www.endoca.com\/es\/product\/capsulas-de-ceite-1500-mg-cbd-cbda\">\n\t\t\t\t\t\t\t\t<img loading=\"lazy\" decoding=\"async\" width=\"300\" height=\"300\" src=\"https:\/\/www.endoca.com\/wp-content\/uploads\/2018\/01\/150-raw-capsules1-300x300.jpg\" class=\"attachment-medium size-medium\" alt=\"raw hemp\" srcset=\"https:\/\/www.endoca.com\/wp-content\/uploads\/2018\/01\/150-raw-capsules1-300x300.jpg 300w, https:\/\/www.endoca.com\/wp-content\/uploads\/2018\/01\/150-raw-capsules1-600x600.jpg 600w, https:\/\/www.endoca.com\/wp-content\/uploads\/2018\/01\/150-raw-capsules1-100x100.jpg 100w, https:\/\/www.endoca.com\/wp-content\/uploads\/2018\/01\/150-raw-capsules1.jpg 1200w\" sizes=\"auto, (max-width: 300px) 100vw, 300px\" \/>\t\t\t\t\t\t\t\t<div class=\"product-title\"><h2>2580 Puntos de recompensa <\/h2><\/div>\n\t\t\t\t\t\t\t\t<span class=\"mtt-point-product-equal\">=<\/span>\n\t\t\t\t\t\t\t\t<div class=\"product-subtitle\"><h3>= C\u00e1psulas de aceite de c\u00e1\u00f1amo 1500 mg gratis<\/h3><\/div>\n\t\t\t\t\t\t\t<\/a>\n\t\t\t\t\t\t<\/li>\n\t\t\t\t\t\t\t\t<\/ul>\n\t<\/div>\n<\/div><\/div><\/div><div id=\"panel-106737-0-0-6\" class=\"so-panel widget widget_mtt-product-faq panel-last-child\" data-index=\"6\" ><div\n\t\t\t\n\t\t\tclass=\"so-widget-mtt-product-faq so-widget-mtt-product-faq-base\"\n\t\t\t\n\t\t>\n<script type=\"application\/ld+json\">\n\t\t{\n\t\t\t\"@context\": \"https:\/\/schema.org\/\",\n\t\t\t\"@type\": \"FAQPage\",\n\t\t\t\"mainEntity\": [\n\t\t\t\t\t\t\t\t    {\n\t\t\t\t\t\t\"@type\": \"Question\",\n\t\t\t\t\t\t\"name\": \"\u00bfC\u00f3mo ganar puntos de recompensa?\",\n\t\t\t\t\t\t\"acceptedAnswer\": {\n\t\t\t\t\t\t\t\"@type\": \"Answer\",\n\t\t\t\t\t\t\t\"text\": \"<span style='font-weight: 400;'>Puedes ganar puntos de recompensa con cada pedido. Por cada \u20ac que gastas, ganar\u00e1s 1 punto. Cada punto vale <\/span><span style='font-weight: 400;'>0.05\u20ac de cr\u00e9dito<\/span><span style='font-weight: 400;'> en tu pr\u00f3ximo pedido.<\/span>\n\n  \"\n\t\t\t\t\t\t}\n\t\t\t\t\t}\n\t\t\t\t\t,\t\t\t\t    {\n\t\t\t\t\t\t\"@type\": \"Question\",\n\t\t\t\t\t\t\"name\": \"\u00bfEn qu\u00e9 puedo gastar mis puntos?\",\n\t\t\t\t\t\t\"acceptedAnswer\": {\n\t\t\t\t\t\t\t\"@type\": \"Answer\",\n\t\t\t\t\t\t\t\"text\": \"<span style='font-weight: 400;'>Puedes gastar tus puntos en cualquier cosa que compres dentro de <a href='https:\/\/www.endoca.com\/es\/tienda'>Endoca.com<\/a>.<\/span>\"\n\t\t\t\t\t\t}\n\t\t\t\t\t}\n\t\t\t\t\t,\t\t\t\t    {\n\t\t\t\t\t\t\"@type\": \"Question\",\n\t\t\t\t\t\t\"name\": \"\u00bfCu\u00e1ntos puntos necesito ganar antes de poder usarlos?\",\n\t\t\t\t\t\t\"acceptedAnswer\": {\n\t\t\t\t\t\t\t\"@type\": \"Answer\",\n\t\t\t\t\t\t\t\"text\": \"<span style='font-weight: 400;'>Debes tener un m\u00ednimo de 200 puntos antes de poder usar tu recompensa. As\u00ed es como funciona, si tienes 200 puntos, recibir\u00e1 10\u20ac de descuento. Cada 20 puntos adicionales ganados, valdr\u00e1 1\u20ac. Todos los puntos se deben utilizar en un solo pedido. <\/span>\"\n\t\t\t\t\t\t}\n\t\t\t\t\t}\n\t\t\t\t\t,\t\t\t\t    {\n\t\t\t\t\t\t\"@type\": \"Question\",\n\t\t\t\t\t\t\"name\": \"\u00bfC\u00f3mo puedo canjear mis puntos?\",\n\t\t\t\t\t\t\"acceptedAnswer\": {\n\t\t\t\t\t\t\t\"@type\": \"Answer\",\n\t\t\t\t\t\t\t\"text\": \"<span style='font-weight: 400;'>Tus puntos se pueden agregar a cualquiera de tus pedidos. Los puntos se deducen del subtotal de tu pedido en al momento de pagar. No puede ganar puntos extra en pedidos que usen sus puntos de recompensa.<\/span>\"\n\t\t\t\t\t\t}\n\t\t\t\t\t}\n\t\t\t\t\t,\t\t\t\t    {\n\t\t\t\t\t\t\"@type\": \"Question\",\n\t\t\t\t\t\t\"name\": \"\u00bfC\u00f3mo verifico mi saldo de puntos?\",\n\t\t\t\t\t\t\"acceptedAnswer\": {\n\t\t\t\t\t\t\t\"@type\": \"Answer\",\n\t\t\t\t\t\t\t\"text\": \"<span style='font-weight: 400;'>Para verificar tu saldo de puntos, puedes visitar tu cuenta de Endoca y seleccionar la p\u00e1gina de puntos de recompensa. Tambi\u00e9n puedes ver tu saldo de puntos en la caja. Marca la casilla de verificaci\u00f3n en la secci\u00f3n de puntos de recompensa en el momento de pagar para agregar tus puntos al pedido. Debes iniciar sesi\u00f3n en tu cuenta de Endoca para que el saldo de puntos aparezca en tu pedido.<\/span>\"\n\t\t\t\t\t\t}\n\t\t\t\t\t}\n\t\t\t\t\t,\t\t\t\t    {\n\t\t\t\t\t\t\"@type\": \"Question\",\n\t\t\t\t\t\t\"name\": \"\u00bfPuedo elegir c\u00f3mo gasto mis puntos?\",\n\t\t\t\t\t\t\"acceptedAnswer\": {\n\t\t\t\t\t\t\t\"@type\": \"Answer\",\n\t\t\t\t\t\t\t\"text\": \"<span style='font-weight: 400;'>S\u00ed y no. Puedes elegir cu\u00e1ndo gastar sus puntos seleccionando el bot\u00f3n de la casilla de verificaci\u00f3n de puntos de recompensa en el momento de pagar. <\/span>\n\n<span style='font-weight: 400;'>Tu saldo total de puntos debe usarse en su totalidad si eliges usar tus puntos de recompensa en el momento de pagar en un solo pedido. Los saldos de puntos de recompensa no se pueden dividir o usar en diferentes \u00f3rdenes. Los puntos de recompensa tampoco se pueden usar en combinaci\u00f3n con descuentos adicionales u ofertas promocionales.<\/span>\n\"\n\t\t\t\t\t\t}\n\t\t\t\t\t}\n\t\t\t\t\t,\t\t\t\t    {\n\t\t\t\t\t\t\"@type\": \"Question\",\n\t\t\t\t\t\t\"name\": \"\u00bfCu\u00e1ndo expiran mis puntos?\",\n\t\t\t\t\t\t\"acceptedAnswer\": {\n\t\t\t\t\t\t\t\"@type\": \"Answer\",\n\t\t\t\t\t\t\t\"text\": \"<span style='font-weight: 400;'>\u00a1Tienes un a\u00f1o completo para gastar tus puntos! Los puntos de recompensa expiran despu\u00e9s de 365 d\u00edas de haberlos adquirido. Los puntos de recompensa solo se pueden ganar y gastar en <a href='https:\/\/www.endoca.com\/es\/tienda'>Endoca.com<\/a>.<\/span>\"\n\t\t\t\t\t\t}\n\t\t\t\t\t}\n\t\t\t\t\t\t\t\t]\n\t\t}\n<\/script><div class=\"product-faq\">\n\t<div class=\"product-faq-inner\">\n\t\t<div class=\"top-bar\">\n\t\t\t<h3>Preguntas frecuentes del programa de puntos<\/h3>\n\t\t<\/div>\n\t\t\t\t\t<div class=\"faq-col\">\n\t\t\t\t\t\t\t\t\t<div class=\"faq-item\">\n\t\t\t\t\t\t<div class=\"faq-title\">\n\t\t\t\t\t\t\t<h4>\u00bfC\u00f3mo ganar puntos de recompensa?<\/h4>\n\t\t\t\t\t\t<\/div>\n\t\t\t\t\t\t<div class=\"faq-content\" style=\"display: none;\">\n\t\t\t\t\t\t\t<div class=\"faq-content-inner\">\n\t\t\t\t\t\t\t\t<span style=\"font-weight: 400;\">Puedes ganar puntos de recompensa con cada pedido. Por cada \u20ac que gastas, ganar\u00e1s 1 punto. Cada punto vale <\/span><span style=\"font-weight: 400;\">0.05\u20ac de cr\u00e9dito<\/span><span style=\"font-weight: 400;\"> en tu pr\u00f3ximo pedido.<\/span>\n\n  \t\t\t\t\t\t\t<\/div>\n\t\t\t\t\t\t<\/div>\n\t\t\t\t\t<\/div>\n\t\t\t\t\t\t\t\t\t\t<div class=\"faq-item\">\n\t\t\t\t\t\t<div class=\"faq-title\">\n\t\t\t\t\t\t\t<h4>\u00bfEn qu\u00e9 puedo gastar mis puntos?<\/h4>\n\t\t\t\t\t\t<\/div>\n\t\t\t\t\t\t<div class=\"faq-content\" style=\"display: none;\">\n\t\t\t\t\t\t\t<div class=\"faq-content-inner\">\n\t\t\t\t\t\t\t\t<span style=\"font-weight: 400;\">Puedes gastar tus puntos en cualquier cosa que compres dentro de <a href=\"https:\/\/www.endoca.com\/es\/tienda\">Endoca.com<\/a>.<\/span>\t\t\t\t\t\t\t<\/div>\n\t\t\t\t\t\t<\/div>\n\t\t\t\t\t<\/div>\n\t\t\t\t\t\t\t\t\t\t<div class=\"faq-item\">\n\t\t\t\t\t\t<div class=\"faq-title\">\n\t\t\t\t\t\t\t<h4>\u00bfCu\u00e1ntos puntos necesito ganar antes de poder usarlos?<\/h4>\n\t\t\t\t\t\t<\/div>\n\t\t\t\t\t\t<div class=\"faq-content\" style=\"display: none;\">\n\t\t\t\t\t\t\t<div class=\"faq-content-inner\">\n\t\t\t\t\t\t\t\t<span style=\"font-weight: 400;\">Debes tener un m\u00ednimo de 200 puntos antes de poder usar tu recompensa. As\u00ed es como funciona, si tienes 200 puntos, recibir\u00e1 10\u20ac de descuento. Cada 20 puntos adicionales ganados, valdr\u00e1 1\u20ac. Todos los puntos se deben utilizar en un solo pedido. <\/span>\t\t\t\t\t\t\t<\/div>\n\t\t\t\t\t\t<\/div>\n\t\t\t\t\t<\/div>\n\t\t\t\t\t\t\t\t\t\t<div class=\"faq-item\">\n\t\t\t\t\t\t<div class=\"faq-title\">\n\t\t\t\t\t\t\t<h4>\u00bfC\u00f3mo puedo canjear mis puntos?<\/h4>\n\t\t\t\t\t\t<\/div>\n\t\t\t\t\t\t<div class=\"faq-content\" style=\"display: none;\">\n\t\t\t\t\t\t\t<div class=\"faq-content-inner\">\n\t\t\t\t\t\t\t\t<span style=\"font-weight: 400;\">Tus puntos se pueden agregar a cualquiera de tus pedidos. Los puntos se deducen del subtotal de tu pedido en al momento de pagar. No puede ganar puntos extra en pedidos que usen sus puntos de recompensa.<\/span>\t\t\t\t\t\t\t<\/div>\n\t\t\t\t\t\t<\/div>\n\t\t\t\t\t<\/div>\n\t\t\t\t\t<\/div><div class=\"faq-col\">\t\t\t\t\t<div class=\"faq-item\">\n\t\t\t\t\t\t<div class=\"faq-title\">\n\t\t\t\t\t\t\t<h4>\u00bfC\u00f3mo verifico mi saldo de puntos?<\/h4>\n\t\t\t\t\t\t<\/div>\n\t\t\t\t\t\t<div class=\"faq-content\" style=\"display: none;\">\n\t\t\t\t\t\t\t<div class=\"faq-content-inner\">\n\t\t\t\t\t\t\t\t<span style=\"font-weight: 400;\">Para verificar tu saldo de puntos, puedes visitar tu cuenta de Endoca y seleccionar la p\u00e1gina de puntos de recompensa. Tambi\u00e9n puedes ver tu saldo de puntos en la caja. Marca la casilla de verificaci\u00f3n en la secci\u00f3n de puntos de recompensa en el momento de pagar para agregar tus puntos al pedido. Debes iniciar sesi\u00f3n en tu cuenta de Endoca para que el saldo de puntos aparezca en tu pedido.<\/span>\t\t\t\t\t\t\t<\/div>\n\t\t\t\t\t\t<\/div>\n\t\t\t\t\t<\/div>\n\t\t\t\t\t\t\t\t\t\t<div class=\"faq-item\">\n\t\t\t\t\t\t<div class=\"faq-title\">\n\t\t\t\t\t\t\t<h4>\u00bfPuedo elegir c\u00f3mo gasto mis puntos?<\/h4>\n\t\t\t\t\t\t<\/div>\n\t\t\t\t\t\t<div class=\"faq-content\" style=\"display: none;\">\n\t\t\t\t\t\t\t<div class=\"faq-content-inner\">\n\t\t\t\t\t\t\t\t<span style=\"font-weight: 400;\">S\u00ed y no. Puedes elegir cu\u00e1ndo gastar sus puntos seleccionando el bot\u00f3n de la casilla de verificaci\u00f3n de puntos de recompensa en el momento de pagar. <\/span>\n\n<span style=\"font-weight: 400;\">Tu saldo total de puntos debe usarse en su totalidad si eliges usar tus puntos de recompensa en el momento de pagar en un solo pedido. Los saldos de puntos de recompensa no se pueden dividir o usar en diferentes \u00f3rdenes. Los puntos de recompensa tampoco se pueden usar en combinaci\u00f3n con descuentos adicionales u ofertas promocionales.<\/span>\n\t\t\t\t\t\t\t<\/div>\n\t\t\t\t\t\t<\/div>\n\t\t\t\t\t<\/div>\n\t\t\t\t\t\t\t\t\t\t<div class=\"faq-item\">\n\t\t\t\t\t\t<div class=\"faq-title\">\n\t\t\t\t\t\t\t<h4>\u00bfCu\u00e1ndo expiran mis puntos?<\/h4>\n\t\t\t\t\t\t<\/div>\n\t\t\t\t\t\t<div class=\"faq-content\" style=\"display: none;\">\n\t\t\t\t\t\t\t<div class=\"faq-content-inner\">\n\t\t\t\t\t\t\t\t<span style=\"font-weight: 400;\">\u00a1Tienes un a\u00f1o completo para gastar tus puntos! Los puntos de recompensa expiran despu\u00e9s de 365 d\u00edas de haberlos adquirido. Los puntos de recompensa solo se pueden ganar y gastar en <a href=\"https:\/\/www.endoca.com\/es\/tienda\">Endoca.com<\/a>.<\/span>\t\t\t\t\t\t\t<\/div>\n\t\t\t\t\t\t<\/div>\n\t\t\t\t\t<\/div>\n\t\t\t\t\t\t\t\t<\/div>\n\t\t\t<\/div>\n<\/div><\/div><\/div><\/div><\/div><\/div>","protected":false},"excerpt":{"rendered":"<p>Bienvenido al programa de puntos de Endoca<\/p>\n","protected":false},"author":1,"featured_media":0,"parent":0,"menu_order":0,"comment_status":"closed","ping_status":"closed","template":"","meta":{"_acf_changed":false,"footnotes":""},"class_list":["post-106737","page","type-page","status-publish","hentry"],"acf":[],"yoast_head":"<title>Endoca Programa de Puntos | Canjea tus bonificaciones<\/title>\n<meta name=\"description\" content=\"Bienvenido al programa de puntos de Endoca. Haz clic aqu\u00ed para beneficiarte de \u00e9l y conseguir descuentos en tu CBD. Vea nuestros beneficios aqu\u00ed.\" \/>\n<meta name=\"robots\" content=\"index, follow, max-snippet:-1, max-image-preview:large, max-video-preview:-1\" \/>\n<link rel=\"canonical\" href=\"https:\/\/www.endoca.com\/es\/wp-json\/wp\/v2\/pages\/106737\" \/>\n<meta property=\"og:locale\" content=\"es_ES\" \/>\n<meta property=\"og:type\" content=\"article\" \/>\n<meta property=\"og:title\" content=\"Endoca Programa de Puntos | Canjea tus bonificaciones\" \/>\n<meta property=\"og:description\" content=\"Bienvenido al programa de puntos de Endoca. Haz clic aqu\u00ed para beneficiarte de \u00e9l y conseguir descuentos en tu CBD. Vea nuestros beneficios aqu\u00ed.\" \/>\n<meta property=\"og:url\" content=\"https:\/\/www.endoca.com\/es\/reward-program\" \/>\n<meta property=\"og:site_name\" content=\"Endoca\u00a9 CBD\" \/>\n<meta property=\"article:publisher\" content=\"https:\/\/www.facebook.com\/endoca\" \/>\n<meta property=\"article:modified_time\" content=\"2021-09-06T12:22:59+00:00\" \/>\n<meta property=\"og:image\" content=\"https:\/\/www.endoca.com\/wp-content\/uploads\/2021\/06\/endoca-products.jpg\" \/>\n\t<meta property=\"og:image:width\" content=\"500\" \/>\n\t<meta property=\"og:image:height\" content=\"300\" \/>\n\t<meta property=\"og:image:type\" content=\"image\/jpeg\" \/>\n<meta name=\"twitter:card\" content=\"summary_large_image\" \/>\n<meta name=\"twitter:site\" content=\"@Endocacbdoil\" \/>\n<meta name=\"twitter:label1\" content=\"Tiempo de lectura\" \/>\n\t<meta name=\"twitter:data1\" content=\"1 minuto\" \/>","yoast_head_json":{"title":"Endoca Programa de Puntos | Canjea tus bonificaciones","description":"Bienvenido al programa de puntos de Endoca. Haz clic aqu\u00ed para beneficiarte de \u00e9l y conseguir descuentos en tu CBD. Vea nuestros beneficios aqu\u00ed.","robots":{"index":"index","follow":"follow","max-snippet":"max-snippet:-1","max-image-preview":"max-image-preview:large","max-video-preview":"max-video-preview:-1"},"canonical":"https:\/\/www.endoca.com\/es\/wp-json\/wp\/v2\/pages\/106737","og_locale":"es_ES","og_type":"article","og_title":"Endoca Programa de Puntos | Canjea tus bonificaciones","og_description":"Bienvenido al programa de puntos de Endoca. Haz clic aqu\u00ed para beneficiarte de \u00e9l y conseguir descuentos en tu CBD. Vea nuestros beneficios aqu\u00ed.","og_url":"https:\/\/www.endoca.com\/es\/reward-program","og_site_name":"Endoca\u00a9 CBD","article_publisher":"https:\/\/www.facebook.com\/endoca","article_modified_time":"2021-09-06T12:22:59+00:00","og_image":[{"width":500,"height":300,"url":"https:\/\/www.endoca.com\/wp-content\/uploads\/2021\/06\/endoca-products.jpg","type":"image\/jpeg"}],"twitter_card":"summary_large_image","twitter_site":"@Endocacbdoil","twitter_misc":{"Tiempo de lectura":"1 minuto"},"schema":{"@context":"https:\/\/schema.org","@graph":[{"@type":"WebPage","@id":"https:\/\/www.endoca.com\/es\/reward-program","url":"https:\/\/www.endoca.com\/es\/reward-program","name":"Endoca Programa de Puntos | Canjea tus bonificaciones","isPartOf":{"@id":"https:\/\/www.endoca.com\/#website"},"datePublished":"2019-02-04T15:45:54+00:00","dateModified":"2021-09-06T12:22:59+00:00","description":"Bienvenido al programa de puntos de Endoca. Haz clic aqu\u00ed para beneficiarte de \u00e9l y conseguir descuentos en tu CBD. Vea nuestros beneficios aqu\u00ed.","breadcrumb":{"@id":"https:\/\/www.endoca.com\/es\/reward-program#breadcrumb"},"inLanguage":"es","potentialAction":[{"@type":"ReadAction","target":["https:\/\/www.endoca.com\/es\/reward-program"]}]},{"@type":"BreadcrumbList","@id":"https:\/\/www.endoca.com\/es\/reward-program#breadcrumb","itemListElement":[{"@type":"ListItem","position":1,"name":"Home","item":"https:\/\/www.endoca.com\/es"},{"@type":"ListItem","position":2,"name":"Endoca Programa de Puntos"}]},{"@type":"WebSite","@id":"https:\/\/www.endoca.com\/#website","url":"https:\/\/www.endoca.com\/","name":"Endoca\u00a9 CBD","description":"Best CBD Oil 100% organic","publisher":{"@id":"https:\/\/www.endoca.com\/#organization"},"potentialAction":[{"@type":"SearchAction","target":{"@type":"EntryPoint","urlTemplate":"https:\/\/www.endoca.com\/?s={search_term_string}"},"query-input":{"@type":"PropertyValueSpecification","valueRequired":true,"valueName":"search_term_string"}}],"inLanguage":"es"},{"@type":"Organization","@id":"https:\/\/www.endoca.com\/#organization","name":"Endoca","url":"https:\/\/www.endoca.com\/","logo":{"@type":"ImageObject","inLanguage":"es","@id":"https:\/\/www.endoca.com\/#\/schema\/logo\/image\/","url":"https:\/\/www.endoca.com\/wp-content\/uploads\/2018\/08\/endoca-logo.png","contentUrl":"https:\/\/www.endoca.com\/wp-content\/uploads\/2018\/08\/endoca-logo.png","width":150,"height":50,"caption":"Endoca"},"image":{"@id":"https:\/\/www.endoca.com\/#\/schema\/logo\/image\/"},"sameAs":["https:\/\/www.facebook.com\/endoca","https:\/\/x.com\/Endocacbdoil","https:\/\/www.instagram.com\/endoca\/","https:\/\/www.youtube.com\/channel\/UCNXwDCTBaa0WPEf1cOUHe9g"]}]}},"_links":{"self":[{"href":"https:\/\/www.endoca.com\/es\/wp-json\/wp\/v2\/pages\/106737","targetHints":{"allow":["GET"]}}],"collection":[{"href":"https:\/\/www.endoca.com\/es\/wp-json\/wp\/v2\/pages"}],"about":[{"href":"https:\/\/www.endoca.com\/es\/wp-json\/wp\/v2\/types\/page"}],"author":[{"embeddable":true,"href":"https:\/\/www.endoca.com\/es\/wp-json\/wp\/v2\/users\/1"}],"replies":[{"embeddable":true,"href":"https:\/\/www.endoca.com\/es\/wp-json\/wp\/v2\/comments?post=106737"}],"version-history":[{"count":0,"href":"https:\/\/www.endoca.com\/es\/wp-json\/wp\/v2\/pages\/106737\/revisions"}],"wp:attachment":[{"href":"https:\/\/www.endoca.com\/es\/wp-json\/wp\/v2\/media?parent=106737"}],"curies":[{"name":"wp","href":"https:\/\/api.w.org\/{rel}","templated":true}]}}