{"id":2959,"date":"2024-07-16T19:44:23","date_gmt":"2024-07-16T17:44:23","guid":{"rendered":"https:\/\/endoca.dk\/?post_type=product&#038;p=2959"},"modified":"2025-12-03T11:04:39","modified_gmt":"2025-12-03T10:04:39","slug":"starting-pack","status":"publish","type":"product","link":"https:\/\/www.endoca.com\/en-gb\/product\/starting-pack\/","title":{"rendered":"CBD starter pack"},"content":{"rendered":"<p><strong>Start Your CBD Journey with Our Starter Kit<\/strong><\/p>\n<p>When considering trying CBD oil for the first time, you might wonder which product is right for you. Our CBD Starter Kit is perfect for those who need a helping hand with their first CBD experience.<\/p>\n<p>The CBD Starter Kit allows you to try both our <a href=\"https:\/\/www.endoca.com\/product\/raw-cbd-oil-30mg-ml-medium\/\"><strong>RAW CBD oil capsules<\/strong><\/a> and <a href=\"https:\/\/www.endoca.com\/product\/raw-cbd-oil-30mg-ml-medium\/\"><strong>RAW CBD oil in medium strength<\/strong><\/a>, along with our <a href=\"https:\/\/www.endoca.com\/product\/lip-balm-with-20mg-cbd\/\"><strong>CBD lip and skin balm<\/strong><\/a>. Each product offers unique benefits, with differences between our RAW hemp oil and hemp oil capsules. We understand that it all comes down to personal preference, which is why we created the <strong>Endoca Starter Kit<\/strong> to help you find the perfect fit for your needs.<\/p>\n","protected":false},"excerpt":{"rendered":"<div class=\"woocommerce-product-details__short-description extended-design\">\n<p>If you\u2019re trying CBD for the first time, our medium strength starter kit is just what you need to get started. This all-in-one pack is comprised of our medium concentration bottle of (3%) Raw CBD Oil, 30 of our tasteless Raw CBD oil capsules and one CBD lips and skin balm. As oil and capsule ingestion differ in their benefits, we\u2019ve combined both in one kit for you to try for yourself!<\/p>\n<\/div>\n<form class=\"cart\" action=\"https:\/\/www.endoca.com\/en-gb\/product\/starter-pack\" enctype=\"multipart\/form-data\" method=\"post\">\n<div class=\"quantity\"><\/div>\n<\/form>\n","protected":false},"featured_media":2960,"comment_status":"closed","ping_status":"closed","template":"","meta":{"_acf_changed":false},"etheme_brands":[],"product_brand":[],"product_cat":[114],"product_tag":[],"class_list":{"0":"post-2959","1":"product","2":"type-product","3":"status-publish","4":"has-post-thumbnail","6":"product_cat-cbd-rituals","8":"first","9":"instock","10":"taxable","11":"shipping-taxable","12":"purchasable","13":"product-type-simple"},"acf":[],"yoast_head":"<!-- This site is optimized with the Yoast SEO plugin v25.9 - https:\/\/yoast.com\/wordpress\/plugins\/seo\/ -->\n<title>Raw CBD starting pack - 10 ml oil, 30 capsules and lip balm<\/title>\n<meta name=\"description\" content=\"Hvis du vil pr\u00f8ve CBD for f\u00f8rste gang, er vores mediumstyrke startpakke lige det, du mangler for at komme i gang. \u00d8kologisk, vegansk og glutenfri.\" \/>\n<meta name=\"robots\" content=\"index, follow, max-snippet:-1, max-image-preview:large, max-video-preview:-1\" \/>\n<link rel=\"canonical\" href=\"https:\/\/www.endoca.com\/en-gb\/product\/starting-pack\/\" \/>\n<meta property=\"og:locale\" content=\"en_US\" \/>\n<meta property=\"og:type\" content=\"article\" \/>\n<meta property=\"og:title\" content=\"Raw CBD starting pack - 10 ml oil, 30 capsules and lip balm\" \/>\n<meta property=\"og:description\" content=\"Hvis du vil pr\u00f8ve CBD for f\u00f8rste gang, er vores mediumstyrke startpakke lige det, du mangler for at komme i gang. \u00d8kologisk, vegansk og glutenfri.\" \/>\n<meta property=\"og:url\" content=\"https:\/\/www.endoca.com\/en-gb\/product\/starting-pack\/\" \/>\n<meta property=\"og:site_name\" content=\"Endoca\" \/>\n<meta property=\"article:modified_time\" content=\"2025-12-03T10:04:39+00:00\" \/>\n<meta property=\"og:image\" content=\"https:\/\/www.endoca.com\/en-gb\/wp-content\/uploads\/2024\/07\/STARTER-PACK-1-3.webp\" \/>\n\t<meta property=\"og:image:width\" content=\"1200\" \/>\n\t<meta property=\"og:image:height\" content=\"1200\" \/>\n\t<meta property=\"og:image:type\" content=\"image\/webp\" \/>\n<meta name=\"twitter:card\" content=\"summary_large_image\" \/>\n<meta name=\"twitter:label1\" content=\"Est. reading time\" \/>\n\t<meta name=\"twitter:data1\" content=\"1 minute\" \/>\n<script type=\"application\/ld+json\" class=\"yoast-schema-graph\">{\"@context\":\"https:\/\/schema.org\",\"@graph\":[{\"@type\":\"WebPage\",\"@id\":\"https:\/\/www.endoca.com\/en-gb\/product\/starting-pack\/\",\"url\":\"https:\/\/www.endoca.com\/en-gb\/product\/starting-pack\/\",\"name\":\"Raw CBD starting pack - 10 ml oil, 30 capsules and lip balm\",\"isPartOf\":{\"@id\":\"https:\/\/www.endoca.com\/en-gb\/#website\"},\"primaryImageOfPage\":{\"@id\":\"https:\/\/www.endoca.com\/en-gb\/product\/starting-pack\/#primaryimage\"},\"image\":{\"@id\":\"https:\/\/www.endoca.com\/en-gb\/product\/starting-pack\/#primaryimage\"},\"thumbnailUrl\":\"https:\/\/www.endoca.com\/en-gb\/wp-content\/uploads\/2024\/07\/STARTER-PACK-1-3.webp\",\"datePublished\":\"2024-07-16T17:44:23+00:00\",\"dateModified\":\"2025-12-03T10:04:39+00:00\",\"description\":\"Hvis du vil pr\u00f8ve CBD for f\u00f8rste gang, er vores mediumstyrke startpakke lige det, du mangler for at komme i gang. \u00d8kologisk, vegansk og glutenfri.\",\"breadcrumb\":{\"@id\":\"https:\/\/www.endoca.com\/en-gb\/product\/starting-pack\/#breadcrumb\"},\"inLanguage\":\"en-US\",\"potentialAction\":[{\"@type\":\"ReadAction\",\"target\":[\"https:\/\/www.endoca.com\/en-gb\/product\/starting-pack\/\"]}]},{\"@type\":\"ImageObject\",\"inLanguage\":\"en-US\",\"@id\":\"https:\/\/www.endoca.com\/en-gb\/product\/starting-pack\/#primaryimage\",\"url\":\"https:\/\/www.endoca.com\/en-gb\/wp-content\/uploads\/2024\/07\/STARTER-PACK-1-3.webp\",\"contentUrl\":\"https:\/\/www.endoca.com\/en-gb\/wp-content\/uploads\/2024\/07\/STARTER-PACK-1-3.webp\",\"width\":1200,\"height\":1200,\"caption\":\"Endoca startpakke\"},{\"@type\":\"BreadcrumbList\",\"@id\":\"https:\/\/www.endoca.com\/en-gb\/product\/starting-pack\/#breadcrumb\",\"itemListElement\":[{\"@type\":\"ListItem\",\"position\":1,\"name\":\"Hjem\",\"item\":\"https:\/\/www.endoca.com\/en-gb\/\"},{\"@type\":\"ListItem\",\"position\":2,\"name\":\"Shop\",\"item\":\"https:\/\/www.endoca.com\/en-gb\/shop\/\"},{\"@type\":\"ListItem\",\"position\":3,\"name\":\"CBD starter pack\"}]},{\"@type\":\"WebSite\",\"@id\":\"https:\/\/www.endoca.com\/en-gb\/#website\",\"url\":\"https:\/\/www.endoca.com\/en-gb\/\",\"name\":\"Endoca\",\"description\":\"Best CBD Oil 100% organic\",\"publisher\":{\"@id\":\"https:\/\/www.endoca.com\/en-gb\/#organization\"},\"potentialAction\":[{\"@type\":\"SearchAction\",\"target\":{\"@type\":\"EntryPoint\",\"urlTemplate\":\"https:\/\/www.endoca.com\/en-gb\/?s={search_term_string}\"},\"query-input\":{\"@type\":\"PropertyValueSpecification\",\"valueRequired\":true,\"valueName\":\"search_term_string\"}}],\"inLanguage\":\"en-US\"},{\"@type\":\"Organization\",\"@id\":\"https:\/\/www.endoca.com\/en-gb\/#organization\",\"name\":\"Endoca\",\"url\":\"https:\/\/www.endoca.com\/en-gb\/\",\"logo\":{\"@type\":\"ImageObject\",\"inLanguage\":\"en-US\",\"@id\":\"https:\/\/www.endoca.com\/en-gb\/#\/schema\/logo\/image\/\",\"url\":\"https:\/\/www.endoca.com\/en-gb\/wp-content\/uploads\/2023\/12\/logo-inverse.svg\",\"contentUrl\":\"https:\/\/www.endoca.com\/en-gb\/wp-content\/uploads\/2023\/12\/logo-inverse.svg\",\"width\":225,\"height\":36,\"caption\":\"Endoca\"},\"image\":{\"@id\":\"https:\/\/www.endoca.com\/en-gb\/#\/schema\/logo\/image\/\"}}]}<\/script>\n<!-- \/ Yoast SEO plugin. -->","yoast_head_json":{"title":"Raw CBD starting pack - 10 ml oil, 30 capsules and lip balm","description":"Hvis du vil pr\u00f8ve CBD for f\u00f8rste gang, er vores mediumstyrke startpakke lige det, du mangler for at komme i gang. \u00d8kologisk, vegansk og glutenfri.","robots":{"index":"index","follow":"follow","max-snippet":"max-snippet:-1","max-image-preview":"max-image-preview:large","max-video-preview":"max-video-preview:-1"},"canonical":"https:\/\/www.endoca.com\/en-gb\/product\/starting-pack\/","og_locale":"en_US","og_type":"article","og_title":"Raw CBD starting pack - 10 ml oil, 30 capsules and lip balm","og_description":"Hvis du vil pr\u00f8ve CBD for f\u00f8rste gang, er vores mediumstyrke startpakke lige det, du mangler for at komme i gang. \u00d8kologisk, vegansk og glutenfri.","og_url":"https:\/\/www.endoca.com\/en-gb\/product\/starting-pack\/","og_site_name":"Endoca","article_modified_time":"2025-12-03T10:04:39+00:00","og_image":[{"width":1200,"height":1200,"url":"https:\/\/www.endoca.com\/en-gb\/wp-content\/uploads\/2024\/07\/STARTER-PACK-1-3.webp","type":"image\/webp"}],"twitter_card":"summary_large_image","twitter_misc":{"Est. reading time":"1 minute"},"schema":{"@context":"https:\/\/schema.org","@graph":[{"@type":"WebPage","@id":"https:\/\/www.endoca.com\/en-gb\/product\/starting-pack\/","url":"https:\/\/www.endoca.com\/en-gb\/product\/starting-pack\/","name":"Raw CBD starting pack - 10 ml oil, 30 capsules and lip balm","isPartOf":{"@id":"https:\/\/www.endoca.com\/en-gb\/#website"},"primaryImageOfPage":{"@id":"https:\/\/www.endoca.com\/en-gb\/product\/starting-pack\/#primaryimage"},"image":{"@id":"https:\/\/www.endoca.com\/en-gb\/product\/starting-pack\/#primaryimage"},"thumbnailUrl":"https:\/\/www.endoca.com\/en-gb\/wp-content\/uploads\/2024\/07\/STARTER-PACK-1-3.webp","datePublished":"2024-07-16T17:44:23+00:00","dateModified":"2025-12-03T10:04:39+00:00","description":"Hvis du vil pr\u00f8ve CBD for f\u00f8rste gang, er vores mediumstyrke startpakke lige det, du mangler for at komme i gang. \u00d8kologisk, vegansk og glutenfri.","breadcrumb":{"@id":"https:\/\/www.endoca.com\/en-gb\/product\/starting-pack\/#breadcrumb"},"inLanguage":"en-US","potentialAction":[{"@type":"ReadAction","target":["https:\/\/www.endoca.com\/en-gb\/product\/starting-pack\/"]}]},{"@type":"ImageObject","inLanguage":"en-US","@id":"https:\/\/www.endoca.com\/en-gb\/product\/starting-pack\/#primaryimage","url":"https:\/\/www.endoca.com\/en-gb\/wp-content\/uploads\/2024\/07\/STARTER-PACK-1-3.webp","contentUrl":"https:\/\/www.endoca.com\/en-gb\/wp-content\/uploads\/2024\/07\/STARTER-PACK-1-3.webp","width":1200,"height":1200,"caption":"Endoca startpakke"},{"@type":"BreadcrumbList","@id":"https:\/\/www.endoca.com\/en-gb\/product\/starting-pack\/#breadcrumb","itemListElement":[{"@type":"ListItem","position":1,"name":"Hjem","item":"https:\/\/www.endoca.com\/en-gb\/"},{"@type":"ListItem","position":2,"name":"Shop","item":"https:\/\/www.endoca.com\/en-gb\/shop\/"},{"@type":"ListItem","position":3,"name":"CBD starter pack"}]},{"@type":"WebSite","@id":"https:\/\/www.endoca.com\/en-gb\/#website","url":"https:\/\/www.endoca.com\/en-gb\/","name":"Endoca","description":"Best CBD Oil 100% organic","publisher":{"@id":"https:\/\/www.endoca.com\/en-gb\/#organization"},"potentialAction":[{"@type":"SearchAction","target":{"@type":"EntryPoint","urlTemplate":"https:\/\/www.endoca.com\/en-gb\/?s={search_term_string}"},"query-input":{"@type":"PropertyValueSpecification","valueRequired":true,"valueName":"search_term_string"}}],"inLanguage":"en-US"},{"@type":"Organization","@id":"https:\/\/www.endoca.com\/en-gb\/#organization","name":"Endoca","url":"https:\/\/www.endoca.com\/en-gb\/","logo":{"@type":"ImageObject","inLanguage":"en-US","@id":"https:\/\/www.endoca.com\/en-gb\/#\/schema\/logo\/image\/","url":"https:\/\/www.endoca.com\/en-gb\/wp-content\/uploads\/2023\/12\/logo-inverse.svg","contentUrl":"https:\/\/www.endoca.com\/en-gb\/wp-content\/uploads\/2023\/12\/logo-inverse.svg","width":225,"height":36,"caption":"Endoca"},"image":{"@id":"https:\/\/www.endoca.com\/en-gb\/#\/schema\/logo\/image\/"}}]}},"_links":{"self":[{"href":"https:\/\/www.endoca.com\/en-gb\/wp-json\/wp\/v2\/product\/2959","targetHints":{"allow":["GET"]}}],"collection":[{"href":"https:\/\/www.endoca.com\/en-gb\/wp-json\/wp\/v2\/product"}],"about":[{"href":"https:\/\/www.endoca.com\/en-gb\/wp-json\/wp\/v2\/types\/product"}],"replies":[{"embeddable":true,"href":"https:\/\/www.endoca.com\/en-gb\/wp-json\/wp\/v2\/comments?post=2959"}],"version-history":[{"count":8,"href":"https:\/\/www.endoca.com\/en-gb\/wp-json\/wp\/v2\/product\/2959\/revisions"}],"predecessor-version":[{"id":9444,"href":"https:\/\/www.endoca.com\/en-gb\/wp-json\/wp\/v2\/product\/2959\/revisions\/9444"}],"wp:featuredmedia":[{"embeddable":true,"href":"https:\/\/www.endoca.com\/en-gb\/wp-json\/wp\/v2\/media\/2960"}],"wp:attachment":[{"href":"https:\/\/www.endoca.com\/en-gb\/wp-json\/wp\/v2\/media?parent=2959"}],"wp:term":[{"taxonomy":"brand","embeddable":true,"href":"https:\/\/www.endoca.com\/en-gb\/wp-json\/wp\/v2\/etheme_brands?post=2959"},{"taxonomy":"product_brand","embeddable":true,"href":"https:\/\/www.endoca.com\/en-gb\/wp-json\/wp\/v2\/product_brand?post=2959"},{"taxonomy":"product_cat","embeddable":true,"href":"https:\/\/www.endoca.com\/en-gb\/wp-json\/wp\/v2\/product_cat?post=2959"},{"taxonomy":"product_tag","embeddable":true,"href":"https:\/\/www.endoca.com\/en-gb\/wp-json\/wp\/v2\/product_tag?post=2959"}],"curies":[{"name":"wp","href":"https:\/\/api.w.org\/{rel}","templated":true}]}}