{"id":12436,"date":"2025-11-25T09:29:48","date_gmt":"2025-11-25T08:29:48","guid":{"rendered":"https:\/\/www.endoca.com\/en-gb\/?post_type=product&#038;p=12436"},"modified":"2026-03-30T14:10:49","modified_gmt":"2026-03-30T12:10:49","slug":"cbd-oil-3000-mg-30","status":"publish","type":"product","link":"https:\/\/www.endoca.com\/en-gb\/product\/cbd-oil-3000-mg-30\/","title":{"rendered":"CBD Oil 3000 mg &#8211; 30%"},"content":{"rendered":"\t\t<div data-elementor-type=\"product-post\" data-elementor-id=\"12436\" class=\"elementor elementor-12436\" data-elementor-settings=\"{&quot;ha_cmc_init_switcher&quot;:&quot;no&quot;}\" data-elementor-post-type=\"product\">\n\t\t\t\t<div class=\"elementor-element elementor-element-f716824 e-con-full e-flex e-con e-parent\" data-id=\"f716824\" data-element_type=\"container\" data-e-type=\"container\" data-settings=\"{&quot;_ha_eqh_enable&quot;:false}\">\n\t\t<div class=\"elementor-element elementor-element-062f5d5 e-con-full e-flex e-con e-child\" data-id=\"062f5d5\" data-element_type=\"container\" data-e-type=\"container\" data-settings=\"{&quot;_ha_eqh_enable&quot;:false}\">\n\t\t\t\t<div class=\"elementor-element elementor-element-77c89b0 e-n-tabs-mobile elementor-widget elementor-widget-n-tabs\" data-id=\"77c89b0\" data-element_type=\"widget\" data-e-type=\"widget\" data-settings=\"{&quot;tabs_justify_horizontal&quot;:&quot;start&quot;,&quot;tabs_justify_horizontal_mobile&quot;:&quot;start&quot;,&quot;horizontal_scroll&quot;:&quot;disable&quot;}\" data-widget_type=\"nested-tabs.default\">\n\t\t\t\t<div class=\"elementor-widget-container\">\n\t\t\t\t\t\t\t<div class=\"e-n-tabs\" data-widget-number=\"125602224\" aria-label=\"Tabs. Open items with Enter or Space, close with Escape and navigate using the Arrow keys.\">\n\t\t\t<div class=\"e-n-tabs-heading\" role=\"tablist\">\n\t\t\t\t\t<button id=\"e-n-tab-title-1256022241\" data-tab-title-id=\"e-n-tab-title-1256022241\" class=\"e-n-tab-title\" aria-selected=\"true\" data-tab-index=\"1\" role=\"tab\" tabindex=\"0\" aria-controls=\"e-n-tab-content-1256022241\" style=\"--n-tabs-title-order: 1;\">\n\t\t\t\t\t\t<span class=\"e-n-tab-title-text\">\n\t\t\t\tDescription\t\t\t<\/span>\n\t\t<\/button>\n\t\t\t\t<button id=\"e-n-tab-title-1256022242\" data-tab-title-id=\"e-n-tab-title-1256022242\" class=\"e-n-tab-title\" aria-selected=\"false\" data-tab-index=\"2\" role=\"tab\" tabindex=\"-1\" aria-controls=\"e-n-tab-content-1256022242\" style=\"--n-tabs-title-order: 2;\">\n\t\t\t\t\t\t<span class=\"e-n-tab-title-text\">\n\t\t\t\tUsage\t\t\t<\/span>\n\t\t<\/button>\n\t\t\t\t<button id=\"e-n-tab-title-1256022243\" data-tab-title-id=\"e-n-tab-title-1256022243\" class=\"e-n-tab-title\" aria-selected=\"false\" data-tab-index=\"3\" role=\"tab\" tabindex=\"-1\" aria-controls=\"e-n-tab-content-1256022243\" style=\"--n-tabs-title-order: 3;\">\n\t\t\t\t\t\t<span class=\"e-n-tab-title-text\">\n\t\t\t\tIngredients\t\t\t<\/span>\n\t\t<\/button>\n\t\t\t\t<button id=\"e-n-tab-title-1256022244\" data-tab-title-id=\"e-n-tab-title-1256022244\" class=\"e-n-tab-title\" aria-selected=\"false\" data-tab-index=\"4\" role=\"tab\" tabindex=\"-1\" aria-controls=\"e-n-tab-content-1256022244\" style=\"--n-tabs-title-order: 4;\">\n\t\t\t\t\t\t<span class=\"e-n-tab-title-text\">\n\t\t\t\tReviews\t\t\t<\/span>\n\t\t<\/button>\n\t\t\t\t\t<\/div>\n\t\t\t<div class=\"e-n-tabs-content\">\n\t\t\t\t<div id=\"e-n-tab-content-1256022241\" role=\"tabpanel\" aria-labelledby=\"e-n-tab-title-1256022241\" data-tab-index=\"1\" style=\"--n-tabs-title-order: 1;\" class=\"e-active elementor-element elementor-element-a6d737a e-con-full e-flex e-con e-child\" data-id=\"a6d737a\" data-element_type=\"container\" data-e-type=\"container\" data-settings=\"{&quot;_ha_eqh_enable&quot;:false}\">\n\t\t<div class=\"elementor-element elementor-element-d80e161 e-con-full e-flex e-con e-child\" data-id=\"d80e161\" data-element_type=\"container\" data-e-type=\"container\" data-settings=\"{&quot;_ha_eqh_enable&quot;:false}\">\n\t\t\t\t<div class=\"elementor-element elementor-element-311b3e9 elementor-widget elementor-widget-text-editor\" data-id=\"311b3e9\" data-element_type=\"widget\" data-e-type=\"widget\" data-widget_type=\"text-editor.default\">\n\t\t\t\t<div class=\"elementor-widget-container\">\n\t\t\t\t\t\t\t\t\t<h2>CBD Oil 3000mg (Strong)<\/h2><p><span style=\"font-weight: normal;\">This 3000mg CBD Oil is made from certified organic hemp using a gentle, cold-process extraction method designed to preserve the plant\u2019s natural profile. The oil contains naturally occurring cannabinoids, terpenes, waxes, and other botanical compounds found in full-spectrum hemp. The formulation is simple and clean, with no artificial colors, flavors, or preservatives \u2014 only natural plant-based ingredients. Packaged in an amber glass bottle with a precision dropper, it is easy to apply externally and integrate into a daily botanical routine.<\/span><\/p><p><span style=\"font-weight: normal;\">Created in the EU in accordance with strict quality controls, this oil is intended for those who appreciate high-quality plant extracts with full transparency of origin and production.<\/span><\/p>\t\t\t\t\t\t\t\t<\/div>\n\t\t\t\t<\/div>\n\t\t\t\t<\/div>\n\t\t\t\t<\/div>\n\t\t<div id=\"e-n-tab-content-1256022242\" role=\"tabpanel\" aria-labelledby=\"e-n-tab-title-1256022242\" data-tab-index=\"2\" style=\"--n-tabs-title-order: 2;\" class=\" elementor-element elementor-element-5bf1cb6 e-con-full e-flex e-con e-child\" data-id=\"5bf1cb6\" data-element_type=\"container\" data-e-type=\"container\" data-settings=\"{&quot;_ha_eqh_enable&quot;:false}\">\n\t\t<div class=\"elementor-element elementor-element-2192a89 e-flex e-con-boxed e-con e-child\" data-id=\"2192a89\" data-element_type=\"container\" data-e-type=\"container\" data-settings=\"{&quot;_ha_eqh_enable&quot;:false}\">\n\t\t\t\t\t<div class=\"e-con-inner\">\n\t\t\t\t<div class=\"elementor-element elementor-element-78e0860 elementor-widget elementor-widget-text-editor\" data-id=\"78e0860\" data-element_type=\"widget\" data-e-type=\"widget\" data-widget_type=\"text-editor.default\">\n\t\t\t\t<div class=\"elementor-widget-container\">\n\t\t\t\t\t\t\t\t\t<p>\u2022 Apply externally as needed<br \/>\u2022 Avoid contact with eyes and mucous membranes<br \/>\u2022 Store refrigerated after opening for optimal preservation<br \/>\u2022 Keep out of reach of children<\/p>\t\t\t\t\t\t\t\t<\/div>\n\t\t\t\t<\/div>\n\t\t\t\t\t<\/div>\n\t\t\t\t<\/div>\n\t\t\t\t<\/div>\n\t\t<div id=\"e-n-tab-content-1256022243\" role=\"tabpanel\" aria-labelledby=\"e-n-tab-title-1256022243\" data-tab-index=\"3\" style=\"--n-tabs-title-order: 3;\" class=\" elementor-element elementor-element-dae42f0 e-flex e-con-boxed e-con e-child\" data-id=\"dae42f0\" data-element_type=\"container\" data-e-type=\"container\" data-settings=\"{&quot;_ha_eqh_enable&quot;:false}\">\n\t\t\t\t\t<div class=\"e-con-inner\">\n\t\t\t\t<div class=\"elementor-element elementor-element-6ad5c59 elementor-widget elementor-widget-text-editor\" data-id=\"6ad5c59\" data-element_type=\"widget\" data-e-type=\"widget\" data-widget_type=\"text-editor.default\">\n\t\t\t\t<div class=\"elementor-widget-container\">\n\t\t\t\t\t\t\t\t\t<p>Ingredients:<\/p><p><span style=\"font-weight: normal;\">Organic full-spectrum hemp extract<\/span><\/p><p><span style=\"font-weight: normal;\">Organic hemp seed oil (carrier)<\/span><\/p><p><span style=\"font-weight: normal;\">Naturally occurring cannabinoids &amp; terpenes<\/span><\/p><p><span style=\"font-weight: normal;\">Vitamin E (tocopherol)<\/span><\/p><p>No artificial preservatives, colors, or fragrances.<\/p><p><span style=\"font-weight: normal;\">Vegetable cellulose capsule<\/span><\/p>\t\t\t\t\t\t\t\t<\/div>\n\t\t\t\t<\/div>\n\t\t\t\t\t<\/div>\n\t\t\t\t<\/div>\n\t\t<div id=\"e-n-tab-content-1256022244\" role=\"tabpanel\" aria-labelledby=\"e-n-tab-title-1256022244\" data-tab-index=\"4\" style=\"--n-tabs-title-order: 4;\" class=\" elementor-element elementor-element-754ebf8 e-flex e-con-boxed e-con e-child\" data-id=\"754ebf8\" data-element_type=\"container\" data-e-type=\"container\" data-settings=\"{&quot;_ha_eqh_enable&quot;:false}\">\n\t\t\t\t\t<div class=\"e-con-inner\">\n\t\t\t\t<div class=\"elementor-element elementor-element-28e3206 elementor-widget elementor-widget-html\" data-id=\"28e3206\" data-element_type=\"widget\" data-e-type=\"widget\" data-widget_type=\"html.default\">\n\t\t\t\t<div class=\"elementor-widget-container\">\n\t\t\t\t\t<!-- TrustBox script -->\n<script type=\"text\/javascript\" src=\"\/\/widget.trustpilot.com\/bootstrap\/v5\/tp.widget.bootstrap.min.js\" async><\/script>\n<!-- End TrustBox script -->\n\n\n<!-- TrustBox widget - Carousel -->\n<div class=\"trustpilot-widget\" data-locale=\"en-GB\" data-template-id=\"53aa8912dec7e10d38f59f36\" data-businessunit-id=\"55e30b570000ff000582beae\" data-style-height=\"140px\" data-style-width=\"100%\" data-token=\"39ab4f46-81bb-4c83-bb34-32fcf7271818\" data-stars=\"4,5\" data-review-languages=\"en\">\n  <a href=\"https:\/\/uk.trustpilot.com\/review\/endocaus.kinsta.cloud\" target=\"_blank\" rel=\"noopener\">Trustpilot<\/a>\n<\/div>\n<!-- End TrustBox widget -->\n\t\t\t\t<\/div>\n\t\t\t\t<\/div>\n\t\t\t\t\t<\/div>\n\t\t\t\t<\/div>\n\t\t\t\t\t<\/div>\n\t\t<\/div>\n\t\t\t\t\t\t<\/div>\n\t\t\t\t<\/div>\n\t\t\t\t<\/div>\n\t\t<div class=\"elementor-element elementor-element-874583b e-con-full e-flex e-con e-child\" data-id=\"874583b\" data-element_type=\"container\" data-e-type=\"container\" data-settings=\"{&quot;_ha_eqh_enable&quot;:false}\">\n\t\t\t\t<div class=\"elementor-element elementor-element-2574e91 elementor-widget elementor-widget-video\" data-id=\"2574e91\" data-element_type=\"widget\" data-e-type=\"widget\" data-settings=\"{&quot;youtube_url&quot;:&quot;https:\\\/\\\/www.youtube.com\\\/watch?v=DC7SLoz43_M&quot;,&quot;video_type&quot;:&quot;youtube&quot;,&quot;controls&quot;:&quot;yes&quot;}\" data-widget_type=\"video.default\">\n\t\t\t\t<div class=\"elementor-widget-container\">\n\t\t\t\t\t\t\t<div class=\"elementor-wrapper elementor-open-inline\">\n\t\t\t<div class=\"elementor-video\"><\/div>\t\t<\/div>\n\t\t\t\t\t\t<\/div>\n\t\t\t\t<\/div>\n\t\t\t\t<\/div>\n\t\t<div class=\"elementor-element elementor-element-05ae254 e-flex e-con-boxed e-con e-child\" data-id=\"05ae254\" data-element_type=\"container\" data-e-type=\"container\" data-settings=\"{&quot;_ha_eqh_enable&quot;:false}\">\n\t\t\t\t\t<div class=\"e-con-inner\">\n\t\t<div class=\"elementor-element elementor-element-5dc6d6f e-con-full e-flex e-con e-child\" data-id=\"5dc6d6f\" data-element_type=\"container\" data-e-type=\"container\" data-settings=\"{&quot;background_background&quot;:&quot;classic&quot;,&quot;_ha_eqh_enable&quot;:false}\">\n\t\t<div class=\"elementor-element elementor-element-26db34f e-flex e-con-boxed e-con e-child\" data-id=\"26db34f\" data-element_type=\"container\" data-e-type=\"container\" data-settings=\"{&quot;_ha_eqh_enable&quot;:false}\">\n\t\t\t\t\t<div class=\"e-con-inner\">\n\t\t\t\t<div class=\"elementor-element elementor-element-27fd38b elementor-widget__width-initial elementor-widget elementor-widget-heading\" data-id=\"27fd38b\" data-element_type=\"widget\" data-e-type=\"widget\" data-widget_type=\"heading.default\">\n\t\t\t\t<div class=\"elementor-widget-container\">\n\t\t\t\t\t<h2 class=\"elementor-heading-title elementor-size-default\">SUPPORT A NATURAL AND PLANT-BASED LIFESTYLE<\/h2>\t\t\t\t<\/div>\n\t\t\t\t<\/div>\n\t\t\t\t<div class=\"elementor-element elementor-element-072ed00 elementor-widget elementor-widget-text-editor\" data-id=\"072ed00\" data-element_type=\"widget\" data-e-type=\"widget\" data-widget_type=\"text-editor.default\">\n\t\t\t\t<div class=\"elementor-widget-container\">\n\t\t\t\t\t\t\t\t\t<p><span style=\"font-weight: normal;\">Plants and mushrooms have long been a part of everyday human life and are still used today as a simple, down-to-earth addition to a modern lifestyle. By integrating pure, organic plant extracts into your daily routine, you choose products that come directly from nature and are made with respect for both raw materials and the environment.<\/span><\/p>\n<p><span style=\"font-weight: normal;\">Our mushroom, CBD oils and plant-based products are developed with a focus on quality, purity, and sustainability. Each variant contains carefully selected botanical ingredients that offer a natural and authentic experience, completely free from artificial colors, preservatives, or added sugar.<\/span><\/p>\t\t\t\t\t\t\t\t<\/div>\n\t\t\t\t<\/div>\n\t\t\t\t\t<\/div>\n\t\t\t\t<\/div>\n\t\t<div class=\"elementor-element elementor-element-07d06e4 e-flex e-con-boxed e-con e-child\" data-id=\"07d06e4\" data-element_type=\"container\" data-e-type=\"container\" data-settings=\"{&quot;_ha_eqh_enable&quot;:false}\">\n\t\t\t\t\t<div class=\"e-con-inner\">\n\t\t\t\t<div class=\"elementor-element elementor-element-4d25369 elementor-widget elementor-widget-image\" data-id=\"4d25369\" data-element_type=\"widget\" data-e-type=\"widget\" data-widget_type=\"image.default\">\n\t\t\t\t<div class=\"elementor-widget-container\">\n\t\t\t\t\t\t\t\t\t\t\t\t\t\t\t<img loading=\"lazy\" decoding=\"async\" width=\"960\" height=\"540\" src=\"https:\/\/www.endoca.com\/en-gb\/wp-content\/uploads\/2025\/11\/image1.png\" class=\"attachment-large size-large wp-image-12455\" alt=\"\" srcset=\"https:\/\/www.endoca.com\/en-gb\/wp-content\/uploads\/2025\/11\/image1.png 960w, https:\/\/www.endoca.com\/en-gb\/wp-content\/uploads\/2025\/11\/image1-300x169.png 300w, https:\/\/www.endoca.com\/en-gb\/wp-content\/uploads\/2025\/11\/image1-768x432.png 768w, https:\/\/www.endoca.com\/en-gb\/wp-content\/uploads\/2025\/11\/image1-100x56.png 100w, https:\/\/www.endoca.com\/en-gb\/wp-content\/uploads\/2025\/11\/image1-600x338.png 600w, https:\/\/www.endoca.com\/en-gb\/wp-content\/uploads\/2025\/11\/image1-1x1.png 1w, https:\/\/www.endoca.com\/en-gb\/wp-content\/uploads\/2025\/11\/image1-10x6.png 10w\" sizes=\"auto, (max-width: 960px) 100vw, 960px\" \/>\t\t\t\t\t\t\t\t\t\t\t\t\t\t\t<\/div>\n\t\t\t\t<\/div>\n\t\t\t\t\t<\/div>\n\t\t\t\t<\/div>\n\t\t\t\t<\/div>\n\t\t\t\t\t<\/div>\n\t\t\t\t<\/div>\n\t\t\t\t<\/div>\n\t\t\t\t<\/div>\n\t\t","protected":false},"excerpt":{"rendered":"<p>\u2713 Contains organic full-spectrum hemp extract<br \/>\n\u2713 High-strength: 3000mg CBD per bottle<br \/>\n\u2713 Naturally occurring cannabinoids, terpenes &amp; waxes<br \/>\n\u2713 100% natural formulation with no artificial additives<\/p>\n","protected":false},"featured_media":12487,"comment_status":"open","ping_status":"closed","template":"","meta":{"_acf_changed":false},"etheme_brands":[],"product_brand":[],"product_cat":[87],"product_tag":[],"class_list":{"0":"post-12436","1":"product","2":"type-product","3":"status-publish","4":"has-post-thumbnail","6":"product_cat-cbd-oil","8":"first","9":"instock","10":"taxable","11":"shipping-taxable","12":"purchasable","13":"product-type-simple"},"acf":[],"yoast_head":"<!-- This site is optimized with the Yoast SEO plugin v25.9 - https:\/\/yoast.com\/wordpress\/plugins\/seo\/ -->\n<title>CBD Oil 3000 mg - 30% - Endoca<\/title>\n<meta name=\"description\" content=\"St\u00e6rk 3000 mg fuldspektret CBD olie fremstillet af \u00f8kologisk hamp. Naturlig og ren aromaolie uden kunstige tils\u00e6tningsstoffer.\" \/>\n<meta name=\"robots\" content=\"index, follow, max-snippet:-1, max-image-preview:large, max-video-preview:-1\" \/>\n<link rel=\"canonical\" href=\"https:\/\/www.endoca.com\/en-gb\/product\/cbd-oil-3000-mg-30\/\" \/>\n<meta property=\"og:locale\" content=\"en_US\" \/>\n<meta property=\"og:type\" content=\"article\" \/>\n<meta property=\"og:title\" content=\"CBD Oil 3000 mg - 30% - Endoca\" \/>\n<meta property=\"og:description\" content=\"St\u00e6rk 3000 mg fuldspektret CBD olie fremstillet af \u00f8kologisk hamp. Naturlig og ren aromaolie uden kunstige tils\u00e6tningsstoffer.\" \/>\n<meta property=\"og:url\" content=\"https:\/\/www.endoca.com\/en-gb\/product\/cbd-oil-3000-mg-30\/\" \/>\n<meta property=\"og:site_name\" content=\"Endoca\" \/>\n<meta property=\"article:modified_time\" content=\"2026-03-30T12:10:49+00:00\" \/>\n<meta property=\"og:image\" content=\"https:\/\/www.endoca.com\/en-gb\/wp-content\/uploads\/2025\/11\/30_Front_1200x1200.jpg\" \/>\n\t<meta property=\"og:image:width\" content=\"1200\" \/>\n\t<meta property=\"og:image:height\" content=\"1200\" \/>\n\t<meta property=\"og:image:type\" content=\"image\/jpeg\" \/>\n<meta name=\"twitter:card\" content=\"summary_large_image\" \/>\n<meta name=\"twitter:label1\" content=\"Est. reading time\" \/>\n\t<meta name=\"twitter:data1\" content=\"3 minutes\" \/>\n<script type=\"application\/ld+json\" class=\"yoast-schema-graph\">{\"@context\":\"https:\/\/schema.org\",\"@graph\":[{\"@type\":\"WebPage\",\"@id\":\"https:\/\/www.endoca.com\/en-gb\/product\/cbd-oil-3000-mg-30\/\",\"url\":\"https:\/\/www.endoca.com\/en-gb\/product\/cbd-oil-3000-mg-30\/\",\"name\":\"CBD Oil 3000 mg - 30% - Endoca\",\"isPartOf\":{\"@id\":\"https:\/\/www.endoca.com\/en-gb\/#website\"},\"primaryImageOfPage\":{\"@id\":\"https:\/\/www.endoca.com\/en-gb\/product\/cbd-oil-3000-mg-30\/#primaryimage\"},\"image\":{\"@id\":\"https:\/\/www.endoca.com\/en-gb\/product\/cbd-oil-3000-mg-30\/#primaryimage\"},\"thumbnailUrl\":\"https:\/\/www.endoca.com\/en-gb\/wp-content\/uploads\/2025\/11\/30_Front_1200x1200.jpg\",\"datePublished\":\"2025-11-25T08:29:48+00:00\",\"dateModified\":\"2026-03-30T12:10:49+00:00\",\"description\":\"St\u00e6rk 3000 mg fuldspektret CBD olie fremstillet af \u00f8kologisk hamp. Naturlig og ren aromaolie uden kunstige tils\u00e6tningsstoffer.\",\"breadcrumb\":{\"@id\":\"https:\/\/www.endoca.com\/en-gb\/product\/cbd-oil-3000-mg-30\/#breadcrumb\"},\"inLanguage\":\"en-US\",\"potentialAction\":[{\"@type\":\"ReadAction\",\"target\":[\"https:\/\/www.endoca.com\/en-gb\/product\/cbd-oil-3000-mg-30\/\"]}]},{\"@type\":\"ImageObject\",\"inLanguage\":\"en-US\",\"@id\":\"https:\/\/www.endoca.com\/en-gb\/product\/cbd-oil-3000-mg-30\/#primaryimage\",\"url\":\"https:\/\/www.endoca.com\/en-gb\/wp-content\/uploads\/2025\/11\/30_Front_1200x1200.jpg\",\"contentUrl\":\"https:\/\/www.endoca.com\/en-gb\/wp-content\/uploads\/2025\/11\/30_Front_1200x1200.jpg\",\"width\":1200,\"height\":1200},{\"@type\":\"BreadcrumbList\",\"@id\":\"https:\/\/www.endoca.com\/en-gb\/product\/cbd-oil-3000-mg-30\/#breadcrumb\",\"itemListElement\":[{\"@type\":\"ListItem\",\"position\":1,\"name\":\"Hjem\",\"item\":\"https:\/\/www.endoca.com\/en-gb\/\"},{\"@type\":\"ListItem\",\"position\":2,\"name\":\"Shop\",\"item\":\"https:\/\/www.endoca.com\/en-gb\/shop\/\"},{\"@type\":\"ListItem\",\"position\":3,\"name\":\"CBD Oil 3000 mg &#8211; 30%\"}]},{\"@type\":\"WebSite\",\"@id\":\"https:\/\/www.endoca.com\/en-gb\/#website\",\"url\":\"https:\/\/www.endoca.com\/en-gb\/\",\"name\":\"Endoca\",\"description\":\"Best CBD Oil 100% organic\",\"publisher\":{\"@id\":\"https:\/\/www.endoca.com\/en-gb\/#organization\"},\"potentialAction\":[{\"@type\":\"SearchAction\",\"target\":{\"@type\":\"EntryPoint\",\"urlTemplate\":\"https:\/\/www.endoca.com\/en-gb\/?s={search_term_string}\"},\"query-input\":{\"@type\":\"PropertyValueSpecification\",\"valueRequired\":true,\"valueName\":\"search_term_string\"}}],\"inLanguage\":\"en-US\"},{\"@type\":\"Organization\",\"@id\":\"https:\/\/www.endoca.com\/en-gb\/#organization\",\"name\":\"Endoca\",\"url\":\"https:\/\/www.endoca.com\/en-gb\/\",\"logo\":{\"@type\":\"ImageObject\",\"inLanguage\":\"en-US\",\"@id\":\"https:\/\/www.endoca.com\/en-gb\/#\/schema\/logo\/image\/\",\"url\":\"https:\/\/www.endoca.com\/en-gb\/wp-content\/uploads\/2023\/12\/logo-inverse.svg\",\"contentUrl\":\"https:\/\/www.endoca.com\/en-gb\/wp-content\/uploads\/2023\/12\/logo-inverse.svg\",\"width\":225,\"height\":36,\"caption\":\"Endoca\"},\"image\":{\"@id\":\"https:\/\/www.endoca.com\/en-gb\/#\/schema\/logo\/image\/\"}}]}<\/script>\n<!-- \/ Yoast SEO plugin. -->","yoast_head_json":{"title":"CBD Oil 3000 mg - 30% - Endoca","description":"St\u00e6rk 3000 mg fuldspektret CBD olie fremstillet af \u00f8kologisk hamp. Naturlig og ren aromaolie uden kunstige tils\u00e6tningsstoffer.","robots":{"index":"index","follow":"follow","max-snippet":"max-snippet:-1","max-image-preview":"max-image-preview:large","max-video-preview":"max-video-preview:-1"},"canonical":"https:\/\/www.endoca.com\/en-gb\/product\/cbd-oil-3000-mg-30\/","og_locale":"en_US","og_type":"article","og_title":"CBD Oil 3000 mg - 30% - Endoca","og_description":"St\u00e6rk 3000 mg fuldspektret CBD olie fremstillet af \u00f8kologisk hamp. Naturlig og ren aromaolie uden kunstige tils\u00e6tningsstoffer.","og_url":"https:\/\/www.endoca.com\/en-gb\/product\/cbd-oil-3000-mg-30\/","og_site_name":"Endoca","article_modified_time":"2026-03-30T12:10:49+00:00","og_image":[{"width":1200,"height":1200,"url":"https:\/\/www.endoca.com\/en-gb\/wp-content\/uploads\/2025\/11\/30_Front_1200x1200.jpg","type":"image\/jpeg"}],"twitter_card":"summary_large_image","twitter_misc":{"Est. reading time":"3 minutes"},"schema":{"@context":"https:\/\/schema.org","@graph":[{"@type":"WebPage","@id":"https:\/\/www.endoca.com\/en-gb\/product\/cbd-oil-3000-mg-30\/","url":"https:\/\/www.endoca.com\/en-gb\/product\/cbd-oil-3000-mg-30\/","name":"CBD Oil 3000 mg - 30% - Endoca","isPartOf":{"@id":"https:\/\/www.endoca.com\/en-gb\/#website"},"primaryImageOfPage":{"@id":"https:\/\/www.endoca.com\/en-gb\/product\/cbd-oil-3000-mg-30\/#primaryimage"},"image":{"@id":"https:\/\/www.endoca.com\/en-gb\/product\/cbd-oil-3000-mg-30\/#primaryimage"},"thumbnailUrl":"https:\/\/www.endoca.com\/en-gb\/wp-content\/uploads\/2025\/11\/30_Front_1200x1200.jpg","datePublished":"2025-11-25T08:29:48+00:00","dateModified":"2026-03-30T12:10:49+00:00","description":"St\u00e6rk 3000 mg fuldspektret CBD olie fremstillet af \u00f8kologisk hamp. Naturlig og ren aromaolie uden kunstige tils\u00e6tningsstoffer.","breadcrumb":{"@id":"https:\/\/www.endoca.com\/en-gb\/product\/cbd-oil-3000-mg-30\/#breadcrumb"},"inLanguage":"en-US","potentialAction":[{"@type":"ReadAction","target":["https:\/\/www.endoca.com\/en-gb\/product\/cbd-oil-3000-mg-30\/"]}]},{"@type":"ImageObject","inLanguage":"en-US","@id":"https:\/\/www.endoca.com\/en-gb\/product\/cbd-oil-3000-mg-30\/#primaryimage","url":"https:\/\/www.endoca.com\/en-gb\/wp-content\/uploads\/2025\/11\/30_Front_1200x1200.jpg","contentUrl":"https:\/\/www.endoca.com\/en-gb\/wp-content\/uploads\/2025\/11\/30_Front_1200x1200.jpg","width":1200,"height":1200},{"@type":"BreadcrumbList","@id":"https:\/\/www.endoca.com\/en-gb\/product\/cbd-oil-3000-mg-30\/#breadcrumb","itemListElement":[{"@type":"ListItem","position":1,"name":"Hjem","item":"https:\/\/www.endoca.com\/en-gb\/"},{"@type":"ListItem","position":2,"name":"Shop","item":"https:\/\/www.endoca.com\/en-gb\/shop\/"},{"@type":"ListItem","position":3,"name":"CBD Oil 3000 mg &#8211; 30%"}]},{"@type":"WebSite","@id":"https:\/\/www.endoca.com\/en-gb\/#website","url":"https:\/\/www.endoca.com\/en-gb\/","name":"Endoca","description":"Best CBD Oil 100% organic","publisher":{"@id":"https:\/\/www.endoca.com\/en-gb\/#organization"},"potentialAction":[{"@type":"SearchAction","target":{"@type":"EntryPoint","urlTemplate":"https:\/\/www.endoca.com\/en-gb\/?s={search_term_string}"},"query-input":{"@type":"PropertyValueSpecification","valueRequired":true,"valueName":"search_term_string"}}],"inLanguage":"en-US"},{"@type":"Organization","@id":"https:\/\/www.endoca.com\/en-gb\/#organization","name":"Endoca","url":"https:\/\/www.endoca.com\/en-gb\/","logo":{"@type":"ImageObject","inLanguage":"en-US","@id":"https:\/\/www.endoca.com\/en-gb\/#\/schema\/logo\/image\/","url":"https:\/\/www.endoca.com\/en-gb\/wp-content\/uploads\/2023\/12\/logo-inverse.svg","contentUrl":"https:\/\/www.endoca.com\/en-gb\/wp-content\/uploads\/2023\/12\/logo-inverse.svg","width":225,"height":36,"caption":"Endoca"},"image":{"@id":"https:\/\/www.endoca.com\/en-gb\/#\/schema\/logo\/image\/"}}]}},"_links":{"self":[{"href":"https:\/\/www.endoca.com\/en-gb\/wp-json\/wp\/v2\/product\/12436","targetHints":{"allow":["GET"]}}],"collection":[{"href":"https:\/\/www.endoca.com\/en-gb\/wp-json\/wp\/v2\/product"}],"about":[{"href":"https:\/\/www.endoca.com\/en-gb\/wp-json\/wp\/v2\/types\/product"}],"replies":[{"embeddable":true,"href":"https:\/\/www.endoca.com\/en-gb\/wp-json\/wp\/v2\/comments?post=12436"}],"version-history":[{"count":7,"href":"https:\/\/www.endoca.com\/en-gb\/wp-json\/wp\/v2\/product\/12436\/revisions"}],"predecessor-version":[{"id":12832,"href":"https:\/\/www.endoca.com\/en-gb\/wp-json\/wp\/v2\/product\/12436\/revisions\/12832"}],"wp:featuredmedia":[{"embeddable":true,"href":"https:\/\/www.endoca.com\/en-gb\/wp-json\/wp\/v2\/media\/12487"}],"wp:attachment":[{"href":"https:\/\/www.endoca.com\/en-gb\/wp-json\/wp\/v2\/media?parent=12436"}],"wp:term":[{"taxonomy":"brand","embeddable":true,"href":"https:\/\/www.endoca.com\/en-gb\/wp-json\/wp\/v2\/etheme_brands?post=12436"},{"taxonomy":"product_brand","embeddable":true,"href":"https:\/\/www.endoca.com\/en-gb\/wp-json\/wp\/v2\/product_brand?post=12436"},{"taxonomy":"product_cat","embeddable":true,"href":"https:\/\/www.endoca.com\/en-gb\/wp-json\/wp\/v2\/product_cat?post=12436"},{"taxonomy":"product_tag","embeddable":true,"href":"https:\/\/www.endoca.com\/en-gb\/wp-json\/wp\/v2\/product_tag?post=12436"}],"curies":[{"name":"wp","href":"https:\/\/api.w.org\/{rel}","templated":true}]}}