{"id":11496,"date":"2017-12-19T10:57:08","date_gmt":"2017-12-19T10:57:08","guid":{"rendered":"https:\/\/www.endoca.com\/?post_type=product&#038;p=11496"},"modified":"2021-12-02T20:30:38","modified_gmt":"2021-12-02T20:30:38","slug":"cannabis-kristalle","status":"publish","type":"product","link":"https:\/\/www.endoca.com\/de\/product\/cannabis-kristalle","title":{"rendered":"CBD-KRISTALL 1000MG 99% PUR"},"content":{"rendered":"<div id=\"pl-11496\"  class=\"panel-layout\" ><div id=\"pg-11496-0\"  class=\"panel-grid panel-has-style\" ><div id=\"ingredients\" class=\"panel-row-style panel-row-style-for-11496-0\" ><div id=\"pgc-11496-0-0\"  class=\"panel-grid-cell\" ><div id=\"panel-11496-0-0-0\" class=\"so-panel widget widget_mtt-product-information panel-first-child\" data-index=\"0\" ><div\n\t\t\t\n\t\t\tclass=\"so-widget-mtt-product-information so-widget-mtt-product-information-base\"\n\t\t\t\n\t\t><div id=\"product_information\">\n\t<h3 class=\"widget-title\">Produktinformation<\/h3>\n<div class=\"product-information-wrapper\">\n\t\t\t<div class=\"col-third\">\n\t\t\t\t\t<\/div>\n\t\n\t\t\t<div class=\"col-third\">\n\t\t\t\t<div><h2>Zutaten<\/h2>\n<p>Phytocannabinoid Cannabidiol (CBD 1000mg) 99% rein<\/p>\n<p><strong>Kleine Mengen an Terpenen\u00a0<\/strong>Myrcen, Limonen, Alpha &amp; Beta-Pinen, Linalool, B-Caryophyllen, Caryophyllenoxid, Terpinolen und Humulen.<\/p>\n<p>*Cannabidiol (CBD) ist ein nat\u00fcrlicher Bestandteil der Hanfpflanze.<br \/>\nKeine Konservierungsstoffe, keine k\u00fcnstlichen Farbstoffe, vegan, glutenfrei, gentechnikfrei.<\/p>\n<\/div>\n\t\t\t<\/div>\n\t\t\t\t\t\t<div class=\"col-third\">\n\t\t\t\t<div><h2>Empfohlene anwendung<\/h2>\n<ul>\n<li><strong>Mit einem Tr\u00e4ger\u00f6l mischen<\/strong>\u00a0Stellen Sie Ihre eigene ma\u00dfgeschneiderte CBD-Tinktur mit einem reinen Tr\u00e4ger\u00f6l Ihrer Wahl her<\/li>\n<li>CBD-Kristalle sind nicht dazu bestimmt, Krankheiten zu diagnostizieren, zu behandeln, zu heilen oder zu verhindern. Konsultieren Sie immer einen Arzt, bevor Sie ein neues Produkt ver\u00e4ndern oder verwenden.<\/li>\n<li>Schwangere und stillende M\u00fctter sollten dieses Produkt nicht verwenden.<\/li>\n<\/ul>\n<\/div>\n\t\t\t<\/div>\n\t\t\t<\/div>\n<\/div><\/div><\/div><div id=\"panel-11496-0-0-1\" class=\"so-panel widget widget_mtt-product-title\" data-index=\"1\" ><div\n\t\t\t\n\t\t\tclass=\"so-widget-mtt-product-title so-widget-mtt-product-title-base\"\n\t\t\t\n\t\t><h2 id=\"cbd_benefits\">CBD-VORTEILE<\/h2><\/div><\/div><div id=\"panel-11496-0-0-2\" class=\"so-panel widget widget_mtt-text-image panel-last-child\" data-index=\"2\" ><div\n\t\t\t\n\t\t\tclass=\"so-widget-mtt-text-image so-widget-mtt-text-image-base\"\n\t\t\t\n\t\t>\n<div class=\"text-image-wrapper\">\n\t<div class=\"text-image-container\">\n\t\t\n\t\t\t\t<div class=\"text-image-section \">\n\t\t\t\t\t<div class=\"text-image-content-wrap\">\n\t\t\t\t\t\t<div class=\"text-image-content\">\n\t\t\t\t\t\t\t<h2>CBD-kristalle - 99% reines CBD<\/h2>\t\t\t\t\t\t\t<p>Wir leben in einer Welt, in der Reinheit gesch\u00e4tzt wird und wenn es um CBD geht, ist dies keine Ausnahme. Aus diesem Grund bieten wir unseren Kunden, die auf der Suche nach einer maximalen Reinheit von CBD sind, unsere 99% reinen CBD-Kristalle an.<\/p>\n<p>Warum ist ein hochreines CBD-Produkt w\u00fcnschenswert? Viele Menschen suchen nach reinem CBD, um sie anderen Produkten wie Kosmetika hinzuzuf\u00fcgen. CBD-Kristalle eignen sich perfekt zum Anpassen Ihrer eigenen CBD-Kreationen und werden leicht unter der Zunge aufgenommen.<\/p>\n\t\t\t\t\t\t<\/div>\n\t\t\t\t\t<\/div>\n\t\t\t\t\t<div class=\"text-image-img \">\n\t\t\t\t\t\t\n\t\t<picture>\n\t\t\t\n\t\t\t\t\t\t\t\t<source srcset=\"https:\/\/www.endoca.com\/wp-content\/uploads\/2017\/12\/cbd-crystals-pure-580x435.jpg,\n\t\t\t\t\t\t\thttps:\/\/www.endoca.com\/wp-content\/uploads\/2017\/12\/cbd-crystals-pure-1160x870.jpg 2x\"\n\t\t\t\t\t\tmedia=\"(max-width: 580px)\"\n\t\t\t\t\t\t\t\t\t\t\t>\n\t\t\t\n\t\t\t\t\t\t\t\t<source srcset=\"https:\/\/www.endoca.com\/wp-content\/uploads\/2017\/12\/cbd-crystals-pure-900x675.jpg,\n\t\t\t\t\t\t\thttps:\/\/www.endoca.com\/wp-content\/uploads\/2017\/12\/cbd-crystals-pure.jpg 2x\"\n\t\t\t\t\t\tmedia=\"(max-width: 949px)\"\n\t\t\t\t\t\t\t\t\t\t\t>\n\t\t\t\t\t\t\t\n\t\t\t\t\t\t\t<source\n\t\t\t\t\tsrcset=\"https:\/\/www.endoca.com\/wp-content\/uploads\/2017\/12\/cbd-crystals-pure.jpg,\n                        https:\/\/www.endoca.com\/wp-content\/uploads\/2017\/12\/cbd-crystals-pure.jpg 2x\"\n\t\t\t\t\tmedia=\"(max-width: 1920px)\"\n\t\t\t\t\t\t\t\t\t>\n\t\t\t\n\t\t\t\t\t\t\t\t<img decoding=\"async\" src=\"https:\/\/www.endoca.com\/wp-content\/uploads\/2017\/12\/cbd-crystals-pure.jpg\"\n\t\t\t\t\t\t\t\t\t\t\t\t\twidth=\"1200\"\n\t\t\t\t\t\t\theight=\"900\"\n\t\t\t\t\t\t alt='cbd crystals'\t\t\t\t\t>\n\t\t\t\t\t\t<\/picture>\n\n\t\t\t\t\t\t\t<\/div>\n\t\t\t\t<\/div>\n\t\t\t\n\t\t\t\t<div class=\"text-image-section reverse \">\n\t\t\t\t\t<div class=\"text-image-content-wrap\">\n\t\t\t\t\t\t<div class=\"text-image-content\">\n\t\t\t\t\t\t\t<h2>Was sind CBD-kristalle?<\/h2>\t\t\t\t\t\t\t<p>CBD-Kristalle, manchmal auch als CBD-Isolat bekannt, werden aus der Cannabis-Sativa-Pflanze gewonnen, weshalb sie auch als Cannabis-Kristalle bekannt sind. Wie alle unsere CBD-Produkte stammt das in unseren Kristallen verwendete CBD aus EU-zertifiziertem Bio-Hanf unter Verwendung der hochmodernen \u00fcberkritischen CO2-Methode. Anschlie\u00dfend findet eine zweite Reinigung statt, bei der das CBD von den anderen verbleibenden Phyton\u00e4hrstoffen getrennt wird, bis die gew\u00fcnschte Reinheit erreicht ist.<\/p>\n\t\t\t\t\t\t<\/div>\n\t\t\t\t\t<\/div>\n\t\t\t\t\t<div class=\"text-image-img \">\n\t\t\t\t\t\t\n\t\t<picture>\n\t\t\t\n\t\t\t\t\t\t\t\t<source srcset=\"https:\/\/www.endoca.com\/wp-content\/uploads\/2017\/12\/endoca-isolated-cbd-580x580.jpg,\n\t\t\t\t\t\t\thttps:\/\/www.endoca.com\/wp-content\/uploads\/2017\/12\/endoca-isolated-cbd-1160x1160.jpg 2x\"\n\t\t\t\t\t\tmedia=\"(max-width: 580px)\"\n\t\t\t\t\t\t\t\t\t\t\t>\n\t\t\t\n\t\t\t\t\t\t\t\t<source srcset=\"https:\/\/www.endoca.com\/wp-content\/uploads\/2017\/12\/endoca-isolated-cbd-900x900.jpg,\n\t\t\t\t\t\t\thttps:\/\/www.endoca.com\/wp-content\/uploads\/2017\/12\/endoca-isolated-cbd.jpg 2x\"\n\t\t\t\t\t\tmedia=\"(max-width: 949px)\"\n\t\t\t\t\t\t\t\t\t\t\t>\n\t\t\t\t\t\t\t\n\t\t\t\t\t\t\t<source\n\t\t\t\t\tsrcset=\"https:\/\/www.endoca.com\/wp-content\/uploads\/2017\/12\/endoca-isolated-cbd.jpg,\n                        https:\/\/www.endoca.com\/wp-content\/uploads\/2017\/12\/endoca-isolated-cbd.jpg 2x\"\n\t\t\t\t\tmedia=\"(max-width: 1920px)\"\n\t\t\t\t\t\t\t\t\t>\n\t\t\t\n\t\t\t\t\t\t\t\t<img decoding=\"async\" src=\"https:\/\/www.endoca.com\/wp-content\/uploads\/2017\/12\/endoca-isolated-cbd.jpg\"\n\t\t\t\t\t\t\t\t\t\t\t\t\twidth=\"1200\"\n\t\t\t\t\t\t\theight=\"1200\"\n\t\t\t\t\t\t alt='endoca isolated cbd'\t\t\t\t\t>\n\t\t\t\t\t\t<\/picture>\n\n\t\t\t\t\t\t\t<\/div>\n\t\t\t\t<\/div>\n\t\t\t\n\t\t\t\t<div class=\"text-image-section \">\n\t\t\t\t\t<div class=\"text-image-content-wrap\">\n\t\t\t\t\t\t<div class=\"text-image-content\">\n\t\t\t\t\t\t\t<h2>Was enthalten reine CBD-kristalle?<\/h2>\t\t\t\t\t\t\t<p>Wenn es sich um 99% reine CBD-Kristall handelt, was ist dann in den verbleibenden 1%? Was wir mit Sicherheit sagen k\u00f6nnen, ist, dass es absolut kein THC, den psychoaktiven Teil der Pflanze, gibt.<\/p>\n<p>Es gibt jedoch geringe Mengen der Terpene Myrcen, Limonen, Alpha &amp; Beta-Pinen, Linalool, B-Caryophyllen, Caryophyllenoxid, Terpinolen und Humulen. Dies ist aufgrund des sogenannten Entourage-Effekts wichtig \u2013 der besonderen Synergie zwischen den verschiedenen botanischen Substanzen in der Pflanze, die die Wirkung von CBD verst\u00e4rken k\u00f6nnen.<\/p>\n<p>Die Konzentrationen sind jedoch niedrig genug, um CBD-Kristalle zu einer attraktiven L\u00f6sung f\u00fcr jemanden mit einer Empfindlichkeit gegen\u00fcber Terpenen zu machen.<\/p>\n\t\t\t\t\t\t<\/div>\n\t\t\t\t\t<\/div>\n\t\t\t\t\t<div class=\"text-image-img \">\n\t\t\t\t\t\t\n\t\t<picture>\n\t\t\t\n\t\t\t\t\t\t\t\t<source srcset=\"https:\/\/www.endoca.com\/wp-content\/uploads\/2017\/12\/endoca-cbd-benefit-6-12-580x371.jpg,\n\t\t\t\t\t\t\thttps:\/\/www.endoca.com\/wp-content\/uploads\/2017\/12\/endoca-cbd-benefit-6-12-1160x742.jpg 2x\"\n\t\t\t\t\t\tmedia=\"(max-width: 580px)\"\n\t\t\t\t\t\t\t\t\t\t\t>\n\t\t\t\n\t\t\t\t\t\t\t\t<source srcset=\"https:\/\/www.endoca.com\/wp-content\/uploads\/2017\/12\/endoca-cbd-benefit-6-12-900x576.jpg,\n\t\t\t\t\t\t\thttps:\/\/www.endoca.com\/wp-content\/uploads\/2017\/12\/endoca-cbd-benefit-6-12-1800x1152.jpg 2x\"\n\t\t\t\t\t\tmedia=\"(max-width: 949px)\"\n\t\t\t\t\t\t\t\t\t\t\t>\n\t\t\t\t\t\t\t\n\t\t\t\t\t\t\t<source\n\t\t\t\t\tsrcset=\"https:\/\/www.endoca.com\/wp-content\/uploads\/2017\/12\/endoca-cbd-benefit-6-12.jpg,\n                        https:\/\/www.endoca.com\/wp-content\/uploads\/2017\/12\/endoca-cbd-benefit-6-12.jpg 2x\"\n\t\t\t\t\tmedia=\"(max-width: 1920px)\"\n\t\t\t\t\t\t\t\t\t>\n\t\t\t\n\t\t\t\t\t\t\t\t<img decoding=\"async\" src=\"https:\/\/www.endoca.com\/wp-content\/uploads\/2017\/12\/endoca-cbd-benefit-6-12.jpg\"\n\t\t\t\t\t\t\t\t\t\t\t\t\twidth=\"1900\"\n\t\t\t\t\t\t\theight=\"1216\"\n\t\t\t\t\t\t alt='buy cbd crystals at Endoca.com'\t\t\t\t\t>\n\t\t\t\t\t\t<\/picture>\n\n\t\t\t\t\t\t\t<\/div>\n\t\t\t\t<\/div>\n\t\t\t\n\t\t\t\t<div class=\"text-image-section reverse \">\n\t\t\t\t\t<div class=\"text-image-content-wrap\">\n\t\t\t\t\t\t<div class=\"text-image-content\">\n\t\t\t\t\t\t\t<h2>Das auftragen von CBD-kristalle:<\/h2>\t\t\t\t\t\t\t<p>Mit einem Tr\u00e4ger\u00f6l mischen: Stellen Sie Ihr eigenes ma\u00dfgeschneidertes CBD-\u00d6l mit einem reinen Tr\u00e4ger\u00f6l Ihrer Wahl her.<\/p>\n<p>Diese Aussage wurde nicht von der FDA bewertet. Schwangere und stillende M\u00fctter sollten dieses Produkt nicht verwenden. Suchen Sie immer einen Arzt auf, bevor Sie Ihre Ern\u00e4hrung umstellen oder ein neues Produkt verwenden. Dieses Produkt ist nicht dazu bestimmt, Krankheiten zu diagnostizieren, zu behandeln, zu heilen oder zu verhindern.<\/p>\n\t\t\t\t\t\t<\/div>\n\t\t\t\t\t<\/div>\n\t\t\t\t\t<div class=\"text-image-img \">\n\t\t\t\t\t\t\n\t\t<picture>\n\t\t\t\n\t\t\t\t\t\t\t\t<source srcset=\"https:\/\/www.endoca.com\/wp-content\/uploads\/2017\/12\/CANNABIS-CRYSTAL-99-500mg-PER-JAR-580x580.jpg,\n\t\t\t\t\t\t\thttps:\/\/www.endoca.com\/wp-content\/uploads\/2017\/12\/CANNABIS-CRYSTAL-99-500mg-PER-JAR-1160x1160.jpg 2x\"\n\t\t\t\t\t\tmedia=\"(max-width: 580px)\"\n\t\t\t\t\t\t\t\t\t\t\t>\n\t\t\t\n\t\t\t\t\t\t\t\t<source srcset=\"https:\/\/www.endoca.com\/wp-content\/uploads\/2017\/12\/CANNABIS-CRYSTAL-99-500mg-PER-JAR-900x900.jpg,\n\t\t\t\t\t\t\thttps:\/\/www.endoca.com\/wp-content\/uploads\/2017\/12\/CANNABIS-CRYSTAL-99-500mg-PER-JAR.jpg 2x\"\n\t\t\t\t\t\tmedia=\"(max-width: 949px)\"\n\t\t\t\t\t\t\t\t\t\t\t>\n\t\t\t\t\t\t\t\n\t\t\t\t\t\t\t<source\n\t\t\t\t\tsrcset=\"https:\/\/www.endoca.com\/wp-content\/uploads\/2017\/12\/CANNABIS-CRYSTAL-99-500mg-PER-JAR.jpg,\n                        https:\/\/www.endoca.com\/wp-content\/uploads\/2017\/12\/CANNABIS-CRYSTAL-99-500mg-PER-JAR.jpg 2x\"\n\t\t\t\t\tmedia=\"(max-width: 1920px)\"\n\t\t\t\t\t\t\t\t\t>\n\t\t\t\n\t\t\t\t\t\t\t\t<img decoding=\"async\" src=\"https:\/\/www.endoca.com\/wp-content\/uploads\/2017\/12\/CANNABIS-CRYSTAL-99-500mg-PER-JAR.jpg\"\n\t\t\t\t\t\t\t\t\t\t\t\t\twidth=\"1200\"\n\t\t\t\t\t\t\theight=\"1200\"\n\t\t\t\t\t\t alt='CANNABIS-CRYSTAL-99%-500mg-PER-JAR'\t\t\t\t\t>\n\t\t\t\t\t\t<\/picture>\n\n\t\t\t\t\t\t\t<\/div>\n\t\t\t\t<\/div>\n\t\t\t\n\t\t\t\t<div class=\"text-image-section \">\n\t\t\t\t\t<div class=\"text-image-content-wrap\">\n\t\t\t\t\t\t<div class=\"text-image-content\">\n\t\t\t\t\t\t\t<h2>Sollte ich cbd-kristalle kaufen?<\/h2>\t\t\t\t\t\t\t<p>Wenn Sie in Erw\u00e4gung ziehen Ihre eigenen ma\u00dfgeschneiderten CBD-Produkte herzustellen, k\u00f6nnen Sie mit CBD-Kristallen Ihre eigenen reinen CBD-Kreationen kreieren. Sie k\u00f6nnen sogar Ihre eigenen reinen CBD-Tinkturen herstellen, indem Sie CBD-Kristalle in einem Tr\u00e4ger\u00f6l wie Kokos\u00f6l aufl\u00f6sen. Wenn Sie sich jedoch letztendlich f\u00fcr den Kauf von CBD-Kristallen entscheiden, stellen Sie sicher, dass sie aus biologischem Hanf gewonnen wurden, Labortests zum Nachweis des Cannabinoidgehalts unterzogen wurden und nach den Standards der Good Manufacturing Practice (GMP) hergestellt wurden.<\/p>\n<p>Endoca CBD-Kristalle enthalten 1 g 1000 mg GMP-Grad 99% reines CBD und werden aus den hochwertigsten CBD-reichen Cannabis-Sativa-Sorten aus der EU gewonnen. Wir sind stolz auf unsere CBD-Kristalle und glauben, dass sie der reinste CBD-Extrakt auf dem Markt sind, da sie l\u00f6sungsmittelfrei und im Labor getestet wurden.<\/p>\n\t\t\t\t\t\t<\/div>\n\t\t\t\t\t<\/div>\n\t\t\t\t\t<div class=\"text-image-img \">\n\t\t\t\t\t\t\n\t\t<picture>\n\t\t\t\n\t\t\t\t\t\t\t\t<source srcset=\"https:\/\/www.endoca.com\/wp-content\/uploads\/2017\/12\/endoca-cbd-benefit-4-2-1-580x371.jpg,\n\t\t\t\t\t\t\thttps:\/\/www.endoca.com\/wp-content\/uploads\/2017\/12\/endoca-cbd-benefit-4-2-1-1160x742.jpg 2x\"\n\t\t\t\t\t\tmedia=\"(max-width: 580px)\"\n\t\t\t\t\t\t\t\t\t\t\t>\n\t\t\t\n\t\t\t\t\t\t\t\t<source srcset=\"https:\/\/www.endoca.com\/wp-content\/uploads\/2017\/12\/endoca-cbd-benefit-4-2-1-900x576.jpg,\n\t\t\t\t\t\t\thttps:\/\/www.endoca.com\/wp-content\/uploads\/2017\/12\/endoca-cbd-benefit-4-2-1-1800x1152.jpg 2x\"\n\t\t\t\t\t\tmedia=\"(max-width: 949px)\"\n\t\t\t\t\t\t\t\t\t\t\t>\n\t\t\t\t\t\t\t\n\t\t\t\t\t\t\t<source\n\t\t\t\t\tsrcset=\"https:\/\/www.endoca.com\/wp-content\/uploads\/2017\/12\/endoca-cbd-benefit-4-2-1.jpg,\n                        https:\/\/www.endoca.com\/wp-content\/uploads\/2017\/12\/endoca-cbd-benefit-4-2-1.jpg 2x\"\n\t\t\t\t\tmedia=\"(max-width: 1920px)\"\n\t\t\t\t\t\t\t\t\t>\n\t\t\t\n\t\t\t\t\t\t\t\t<img decoding=\"async\" src=\"https:\/\/www.endoca.com\/wp-content\/uploads\/2017\/12\/endoca-cbd-benefit-4-2-1.jpg\"\n\t\t\t\t\t\t\t\t\t\t\t\t\twidth=\"1900\"\n\t\t\t\t\t\t\theight=\"1216\"\n\t\t\t\t\t\t alt='health benefits of cbd'\t\t\t\t\t>\n\t\t\t\t\t\t<\/picture>\n\n\t\t\t\t\t\t\t<\/div>\n\t\t\t\t<\/div>\n\t\t\t\t<\/div>\n<\/div><\/div><\/div><\/div><\/div><\/div><div id=\"pg-11496-1\"  class=\"panel-grid panel-has-style\" ><div id=\"reviewsfaqs\" class=\"panel-row-style panel-row-style-for-11496-1\" ><div id=\"pgc-11496-1-0\"  class=\"panel-grid-cell\" ><div id=\"panel-11496-1-0-0\" class=\"so-panel widget widget_mtt-trustpilot panel-first-child\" data-index=\"3\" ><div\n\t\t\t\n\t\t\tclass=\"so-widget-mtt-trustpilot so-widget-mtt-trustpilot-base\"\n\t\t\t\n\t\t>\n<div class=\"mtt-trustpilot-wrapper\">\n\t\t\t<div class=\"mtt-trustpilot-bg object-fit\">\n\t\t\t<img decoding=\"async\" nopin=\"nopin\" src=\"https:\/\/www.endoca.com\/wp-content\/uploads\/2018\/02\/pexels-photo-697243.jpeg\" alt=\"community\">\n\t\t<\/div>\n\t\t<div class=\"mtt-trustpilot-container\">\n\t\t<div class=\"trustpilot-title-container\">\n\t\t\t<h2>What do our customers say about this product on Trustpilot?<\/h2>\n\t\t\t<div class=\"trustpilot-score\">\n\t\t\t<\/div>\n\t\t<\/div>\n\t\t<div class=\"trustpilot-grid\">\n\t\t\t<img decoding=\"async\" src=\"https:\/\/www.endoca.com\/wp-content\/themes\/mtt-wordpress-theme\/assets\/img\/loaders\/Ellipsis.svg\"\n\t\t\t\t alt=\"loading reviews\" class=\"trustpilot-preloader\">\n\t\t<\/div>\n\t<\/div>\n<\/div><\/div><\/div><div id=\"panel-11496-1-0-1\" class=\"so-panel widget widget_mtt-product-image-text-line panel-last-child\" data-index=\"4\" ><div\n\t\t\t\n\t\t\tclass=\"so-widget-mtt-product-image-text-line so-widget-mtt-product-image-text-line-base\"\n\t\t\t\n\t\t><div id=\"\"\n\t class=\"product-image-text-line  \">\n\t<div class=\"product-image-text-line-inner\">\n\n\t\t\t\t\t<h3>Why choose Endoca?<\/h3>\t\t\t\t<ul>\n\t\t\t\t\t\t\t\t<li>\n\t\t\t\t\t\t<img loading=\"lazy\" decoding=\"async\" width=\"128\" height=\"128\" src=\"https:\/\/www.endoca.com\/wp-content\/uploads\/2017\/12\/gmp-1.png\" class=\"attachment-full size-full\" alt=\"certified cbd\" srcset=\"https:\/\/www.endoca.com\/wp-content\/uploads\/2017\/12\/gmp-1.png 128w, https:\/\/www.endoca.com\/wp-content\/uploads\/2017\/12\/gmp-1-100x100.png 100w\" sizes=\"auto, (max-width: 128px) 100vw, 128px\" \/>\n\t\t\t\t\t\t<h4>100% certified<\/h4>\n\n\t\t\t\t\t\t<p>We control the entire process from seed to shelf.<\/p>\t\t\t\t\t<\/li>\n\t\t\t\t\t\t\t\t\t\t<li>\n\t\t\t\t\t\t<img loading=\"lazy\" decoding=\"async\" width=\"128\" height=\"128\" src=\"https:\/\/www.endoca.com\/wp-content\/uploads\/2017\/12\/guaranteed-1.png\" class=\"attachment-full size-full\" alt=\"cbd percentage guarantee\" srcset=\"https:\/\/www.endoca.com\/wp-content\/uploads\/2017\/12\/guaranteed-1.png 128w, https:\/\/www.endoca.com\/wp-content\/uploads\/2017\/12\/guaranteed-1-100x100.png 100w\" sizes=\"auto, (max-width: 128px) 100vw, 128px\" \/>\n\t\t\t\t\t\t<h4>Guarantee % of CBD<\/h4>\n\n\t\t\t\t\t\t<p>We deliver what is on the label.<\/p>\t\t\t\t\t<\/li>\n\t\t\t\t\t\t\t\t\t\t<li>\n\t\t\t\t\t\t<img loading=\"lazy\" decoding=\"async\" width=\"128\" height=\"128\" src=\"https:\/\/www.endoca.com\/wp-content\/uploads\/2017\/12\/lab-tested-1.png\" class=\"attachment-full size-full\" alt=\"Endoca CBD lab tested\" srcset=\"https:\/\/www.endoca.com\/wp-content\/uploads\/2017\/12\/lab-tested-1.png 128w, https:\/\/www.endoca.com\/wp-content\/uploads\/2017\/12\/lab-tested-1-100x100.png 100w\" sizes=\"auto, (max-width: 128px) 100vw, 128px\" \/>\n\t\t\t\t\t\t<h4>Lab tested<\/h4>\n\n\t\t\t\t\t\t<p>All Endoca extracts are quality tested by a third party laboratory.<\/p>\t\t\t\t\t<\/li>\n\t\t\t\t\t\t\t\t\t\t<li>\n\t\t\t\t\t\t<img loading=\"lazy\" decoding=\"async\" width=\"128\" height=\"128\" src=\"https:\/\/www.endoca.com\/wp-content\/uploads\/2017\/12\/customer-care-1.png\" class=\"attachment-full size-full\" alt=\"cbd customer care\" srcset=\"https:\/\/www.endoca.com\/wp-content\/uploads\/2017\/12\/customer-care-1.png 128w, https:\/\/www.endoca.com\/wp-content\/uploads\/2017\/12\/customer-care-1-100x100.png 100w\" sizes=\"auto, (max-width: 128px) 100vw, 128px\" \/>\n\t\t\t\t\t\t<h4>Dedicated Customer Care<\/h4>\n\n\t\t\t\t\t\t<p>Our team is here to help and guide your buying decision.<\/p>\t\t\t\t\t<\/li>\n\t\t\t\t\t\t\t\t\t\t<li>\n\t\t\t\t\t\t<img loading=\"lazy\" decoding=\"async\" width=\"128\" height=\"128\" src=\"https:\/\/www.endoca.com\/wp-content\/uploads\/2017\/12\/world-delivery-1.png\" class=\"attachment-full size-full\" alt=\"worldwide delivery\" srcset=\"https:\/\/www.endoca.com\/wp-content\/uploads\/2017\/12\/world-delivery-1.png 128w, https:\/\/www.endoca.com\/wp-content\/uploads\/2017\/12\/world-delivery-1-100x100.png 100w\" sizes=\"auto, (max-width: 128px) 100vw, 128px\" \/>\n\t\t\t\t\t\t<h4>Worldwide delivery<\/h4>\n\n\t\t\t\t\t\t<p>No long delays, no forms to fill out, no waiting for customs clearance.<\/p>\t\t\t\t\t<\/li>\n\t\t\t\t\t\t\t<\/ul>\n\t<\/div>\n<\/div><\/div><\/div><\/div><\/div><\/div><\/div>","protected":false},"excerpt":{"rendered":"<p>F\u00fcr maximale CBD-Reinheit m\u00fcssen Sie nicht weitersuchen, hier sind unsere 99% reinen CBD-Kristalle. Reines CBD ohne THC oder Hanfgeschmack. Unsere fein gemahlene Kristallformel ist vielseitig einsetzbar und kann problemlos in Ihre t\u00e4gliche Wellness-Routine eingehen. Hergestellt aus den feinsten Bio-Hanfextrakten.<\/p>\n","protected":false},"featured_media":216359,"template":"","meta":{"_acf_changed":false},"product_brand":[],"product_cat":[130],"product_tag":[],"class_list":{"0":"post-11496","1":"product","2":"type-product","3":"status-publish","4":"has-post-thumbnail","6":"product_cat-cbd-crystals","7":"","9":"first","10":"instock","11":"taxable","12":"shipping-taxable","13":"purchasable","14":"product-type-simple"},"acf":[],"yoast_head":"<title>CBD-Kristalle \u2013 1000mg (99% Reines CBD) | Kaufen Sie hier<\/title>\n<meta name=\"description\" content=\"CBD-Kristalle bieten CBD von h\u00f6chster Reinheit. Reines CBD kann als Zutat in Lebensmitteln, Kosmetika oder f\u00fcr E-Zigaretten verwendet werden.\" \/>\n<meta name=\"robots\" content=\"index, follow, max-snippet:-1, max-image-preview:large, max-video-preview:-1\" \/>\n<link rel=\"canonical\" href=\"https:\/\/www.endoca.com\/de\/wp-json\/wp\/v2\/product\/11496\" \/>\n<meta property=\"og:locale\" content=\"de_DE\" \/>\n<meta property=\"og:type\" content=\"article\" \/>\n<meta property=\"og:title\" content=\"CBD-Kristalle \u2013 1000mg (99% Reines CBD) | Kaufen Sie hier\" \/>\n<meta property=\"og:description\" content=\"CBD-Kristalle bieten CBD von h\u00f6chster Reinheit. Reines CBD kann als Zutat in Lebensmitteln, Kosmetika oder f\u00fcr E-Zigaretten verwendet werden.\" \/>\n<meta property=\"og:url\" content=\"https:\/\/www.endoca.com\/de\/product\/cannabis-kristalle\" \/>\n<meta property=\"og:site_name\" content=\"Endoca\u00a9 CBD\" \/>\n<meta property=\"article:publisher\" content=\"https:\/\/www.facebook.com\/endoca\" \/>\n<meta property=\"article:modified_time\" content=\"2021-12-02T20:30:38+00:00\" \/>\n<meta property=\"og:image\" content=\"https:\/\/www.endoca.com\/wp-content\/uploads\/2017\/12\/CRYSTALS-8.jpg\" \/>\n\t<meta property=\"og:image:width\" content=\"1200\" \/>\n\t<meta property=\"og:image:height\" content=\"1200\" \/>\n\t<meta property=\"og:image:type\" content=\"image\/jpeg\" \/>\n<meta name=\"twitter:card\" content=\"summary_large_image\" \/>\n<meta name=\"twitter:site\" content=\"@Endocacbdoil\" \/>\n<meta name=\"twitter:label1\" content=\"Gesch\u00e4tzte Lesezeit\" \/>\n\t<meta name=\"twitter:data1\" content=\"1\u00a0Minute\" \/>","yoast_head_json":{"title":"CBD-Kristalle \u2013 1000mg (99% Reines CBD) | Kaufen Sie hier","description":"CBD-Kristalle bieten CBD von h\u00f6chster Reinheit. Reines CBD kann als Zutat in Lebensmitteln, Kosmetika oder f\u00fcr E-Zigaretten verwendet werden.","robots":{"index":"index","follow":"follow","max-snippet":"max-snippet:-1","max-image-preview":"max-image-preview:large","max-video-preview":"max-video-preview:-1"},"canonical":"https:\/\/www.endoca.com\/de\/wp-json\/wp\/v2\/product\/11496","og_locale":"de_DE","og_type":"article","og_title":"CBD-Kristalle \u2013 1000mg (99% Reines CBD) | Kaufen Sie hier","og_description":"CBD-Kristalle bieten CBD von h\u00f6chster Reinheit. Reines CBD kann als Zutat in Lebensmitteln, Kosmetika oder f\u00fcr E-Zigaretten verwendet werden.","og_url":"https:\/\/www.endoca.com\/de\/product\/cannabis-kristalle","og_site_name":"Endoca\u00a9 CBD","article_publisher":"https:\/\/www.facebook.com\/endoca","article_modified_time":"2021-12-02T20:30:38+00:00","og_image":[{"width":1200,"height":1200,"url":"https:\/\/www.endoca.com\/wp-content\/uploads\/2017\/12\/CRYSTALS-8.jpg","type":"image\/jpeg"}],"twitter_card":"summary_large_image","twitter_site":"@Endocacbdoil","twitter_misc":{"Gesch\u00e4tzte Lesezeit":"1\u00a0Minute"},"schema":{"@context":"https:\/\/schema.org","@graph":[{"@type":"WebPage","@id":"https:\/\/www.endoca.com\/de\/product\/cannabis-kristalle","url":"https:\/\/www.endoca.com\/de\/product\/cannabis-kristalle","name":"CBD-Kristalle \u2013 1000mg (99% Reines CBD) | Kaufen Sie hier","isPartOf":{"@id":"https:\/\/www.endoca.com\/#website"},"primaryImageOfPage":{"@id":"https:\/\/www.endoca.com\/de\/product\/cannabis-kristalle#primaryimage"},"image":{"@id":"https:\/\/www.endoca.com\/de\/product\/cannabis-kristalle#primaryimage"},"thumbnailUrl":"https:\/\/www.endoca.com\/wp-content\/uploads\/2017\/12\/CRYSTALS-8.jpg","datePublished":"2017-12-19T10:57:08+00:00","dateModified":"2021-12-02T20:30:38+00:00","description":"CBD-Kristalle bieten CBD von h\u00f6chster Reinheit. Reines CBD kann als Zutat in Lebensmitteln, Kosmetika oder f\u00fcr E-Zigaretten verwendet werden.","breadcrumb":{"@id":"https:\/\/www.endoca.com\/de\/product\/cannabis-kristalle#breadcrumb"},"inLanguage":"de","potentialAction":[{"@type":"ReadAction","target":["https:\/\/www.endoca.com\/de\/product\/cannabis-kristalle"]}]},{"@type":"ImageObject","inLanguage":"de","@id":"https:\/\/www.endoca.com\/de\/product\/cannabis-kristalle#primaryimage","url":"https:\/\/www.endoca.com\/wp-content\/uploads\/2017\/12\/CRYSTALS-8.jpg","contentUrl":"https:\/\/www.endoca.com\/wp-content\/uploads\/2017\/12\/CRYSTALS-8.jpg","width":1200,"height":1200,"caption":"CBD Crystals"},{"@type":"BreadcrumbList","@id":"https:\/\/www.endoca.com\/de\/product\/cannabis-kristalle#breadcrumb","itemListElement":[{"@type":"ListItem","position":1,"name":"Home","item":"https:\/\/www.endoca.com\/de?page_id=2636"},{"@type":"ListItem","position":2,"name":"CBD PRODUKTE","item":"https:\/\/www.endoca.com\/de?page_id=10446"},{"@type":"ListItem","position":3,"name":"CBD-KRISTALL 1000MG 99% PUR"}]},{"@type":"WebSite","@id":"https:\/\/www.endoca.com\/#website","url":"https:\/\/www.endoca.com\/","name":"Endoca\u00a9 CBD","description":"Best CBD Oil 100% organic","publisher":{"@id":"https:\/\/www.endoca.com\/#organization"},"potentialAction":[{"@type":"SearchAction","target":{"@type":"EntryPoint","urlTemplate":"https:\/\/www.endoca.com\/?s={search_term_string}"},"query-input":{"@type":"PropertyValueSpecification","valueRequired":true,"valueName":"search_term_string"}}],"inLanguage":"de"},{"@type":"Organization","@id":"https:\/\/www.endoca.com\/#organization","name":"Endoca","url":"https:\/\/www.endoca.com\/","logo":{"@type":"ImageObject","inLanguage":"de","@id":"https:\/\/www.endoca.com\/#\/schema\/logo\/image\/","url":"https:\/\/www.endoca.com\/wp-content\/uploads\/2018\/08\/endoca-logo.png","contentUrl":"https:\/\/www.endoca.com\/wp-content\/uploads\/2018\/08\/endoca-logo.png","width":150,"height":50,"caption":"Endoca"},"image":{"@id":"https:\/\/www.endoca.com\/#\/schema\/logo\/image\/"},"sameAs":["https:\/\/www.facebook.com\/endoca","https:\/\/x.com\/Endocacbdoil","https:\/\/www.instagram.com\/endoca\/","https:\/\/www.youtube.com\/channel\/UCNXwDCTBaa0WPEf1cOUHe9g"]}]}},"_links":{"self":[{"href":"https:\/\/www.endoca.com\/de\/wp-json\/wp\/v2\/product\/11496","targetHints":{"allow":["GET"]}}],"collection":[{"href":"https:\/\/www.endoca.com\/de\/wp-json\/wp\/v2\/product"}],"about":[{"href":"https:\/\/www.endoca.com\/de\/wp-json\/wp\/v2\/types\/product"}],"wp:featuredmedia":[{"embeddable":true,"href":"https:\/\/www.endoca.com\/de\/wp-json\/wp\/v2\/media\/216359"}],"wp:attachment":[{"href":"https:\/\/www.endoca.com\/de\/wp-json\/wp\/v2\/media?parent=11496"}],"wp:term":[{"taxonomy":"product_brand","embeddable":true,"href":"https:\/\/www.endoca.com\/de\/wp-json\/wp\/v2\/product_brand?post=11496"},{"taxonomy":"product_cat","embeddable":true,"href":"https:\/\/www.endoca.com\/de\/wp-json\/wp\/v2\/product_cat?post=11496"},{"taxonomy":"product_tag","embeddable":true,"href":"https:\/\/www.endoca.com\/de\/wp-json\/wp\/v2\/product_tag?post=11496"}],"curies":[{"name":"wp","href":"https:\/\/api.w.org\/{rel}","templated":true}]}}